{"id":66207,"date":"2026-01-14T07:15:47","date_gmt":"2026-01-14T06:15:47","guid":{"rendered":"https:\/\/pureprogress-logistics.com\/solicitare-vama\/"},"modified":"2026-01-22T12:14:44","modified_gmt":"2026-01-22T11:14:44","slug":"solicitare-vama","status":"publish","type":"page","link":"https:\/\/pureprogress-logistics.com\/ro\/solicitare-vama\/","title":{"rendered":"Solicitare Vam\u0103"},"content":{"rendered":"\t\t<div data-elementor-type=\"wp-page\" data-elementor-id=\"66207\" class=\"elementor elementor-66207 elementor-65913\" data-elementor-post-type=\"page\">\n\t\t\t\t<div class=\"elementor-element elementor-element-0cefe1f e-flex e-con-boxed e-con e-parent\" data-id=\"0cefe1f\" data-element_type=\"container\" data-e-type=\"container\" data-settings=\"{&quot;jet_parallax_layout_list&quot;:[]}\">\n\t\t\t\t\t<div class=\"e-con-inner\">\n\t\t<div class=\"elementor-element elementor-element-79d7017 e-con-full e-flex e-con e-child\" data-id=\"79d7017\" data-element_type=\"container\" data-e-type=\"container\" data-settings=\"{&quot;jet_parallax_layout_list&quot;:[]}\">\n\t\t\t\t<div class=\"elementor-element elementor-element-51b3204 elementor-widget elementor-widget-heading\" data-id=\"51b3204\" data-element_type=\"widget\" data-e-type=\"widget\" data-settings=\"{&quot;_animation&quot;:&quot;none&quot;}\" data-widget_type=\"heading.default\">\n\t\t\t\t<div class=\"elementor-widget-container\">\n\t\t\t\t\t<h1 class=\"elementor-heading-title elementor-size-default\">Solicitare Vam\u0103<\/h1>\t\t\t\t<\/div>\n\t\t\t\t<\/div>\n\t\t\t\t<div class=\"elementor-element elementor-element-300bec3 elementor-widget-divider--separator-type-pattern elementor-widget-divider--view-line elementor-widget elementor-widget-divider\" data-id=\"300bec3\" data-element_type=\"widget\" data-e-type=\"widget\" data-settings=\"{&quot;_animation&quot;:&quot;none&quot;}\" data-widget_type=\"divider.default\">\n\t\t\t\t<div class=\"elementor-widget-container\">\n\t\t\t\t\t\t\t<div class=\"elementor-divider\" style=\"--divider-pattern-url: url(&quot;data:image\/svg+xml,%3Csvg xmlns=&#039;http:\/\/www.w3.org\/2000\/svg&#039; preserveAspectRatio=&#039;none&#039; overflow=&#039;visible&#039; height=&#039;100%&#039; viewBox=&#039;0 0 24 24&#039; fill=&#039;black&#039; stroke=&#039;none&#039;%3E%3Cpolygon points=&#039;9.4,2 24,2 14.6,21.6 0,21.6&#039;\/%3E%3C\/svg%3E&quot;);\">\n\t\t\t<span class=\"elementor-divider-separator\">\n\t\t\t\t\t\t<\/span>\n\t\t<\/div>\n\t\t\t\t\t\t<\/div>\n\t\t\t\t<\/div>\n\t\t\t\t<div class=\"elementor-element elementor-element-701e082 elementor-widget elementor-widget-heading\" data-id=\"701e082\" data-element_type=\"widget\" data-e-type=\"widget\" data-settings=\"{&quot;_animation&quot;:&quot;none&quot;}\" data-widget_type=\"heading.default\">\n\t\t\t\t<div class=\"elementor-widget-container\">\n\t\t\t\t\t<div class=\"elementor-heading-title elementor-size-default\"><i>Ce trebuie s\u0103 \u0219ti\u021bi<\/i><\/div>\t\t\t\t<\/div>\n\t\t\t\t<\/div>\n\t\t\t\t<\/div>\n\t\t\t\t\t<\/div>\n\t\t\t\t<\/div>\n\t\t<div class=\"elementor-element elementor-element-f471dde e-flex e-con-boxed e-con e-parent\" data-id=\"f471dde\" data-element_type=\"container\" data-e-type=\"container\" data-settings=\"{&quot;jet_parallax_layout_list&quot;:[]}\">\n\t\t\t\t\t<div class=\"e-con-inner\">\n\t\t\t\t<div class=\"elementor-element elementor-element-0e857a2 elementor-widget elementor-widget-spacer\" data-id=\"0e857a2\" data-element_type=\"widget\" data-e-type=\"widget\" data-widget_type=\"spacer.default\">\n\t\t\t\t<div class=\"elementor-widget-container\">\n\t\t\t\t\t\t\t<div class=\"elementor-spacer\">\n\t\t\t<div class=\"elementor-spacer-inner\"><\/div>\n\t\t<\/div>\n\t\t\t\t\t\t<\/div>\n\t\t\t\t<\/div>\n\t\t\t\t<div class=\"elementor-element elementor-element-633e962 elementor-widget elementor-widget-text-editor\" data-id=\"633e962\" data-element_type=\"widget\" data-e-type=\"widget\" data-widget_type=\"text-editor.default\">\n\t\t\t\t<div class=\"elementor-widget-container\">\n\t\t\t\t\t\t\t\t\t<p>Gata s\u0103 expediezi? Ob\u021bine oferta ta gratuit\u0103 \u00een c\u00e2teva minute \u2013 sau \u00eentreab\u0103-ne orice!<\/p>\t\t\t\t\t\t\t\t<\/div>\n\t\t\t\t<\/div>\n\t\t\t\t\t<\/div>\n\t\t\t\t<\/div>\n\t\t<div class=\"elementor-element elementor-element-003b6f3 e-grid e-con-boxed e-con e-parent\" data-id=\"003b6f3\" data-element_type=\"container\" data-e-type=\"container\" data-settings=\"{&quot;jet_parallax_layout_list&quot;:[]}\">\n\t\t\t\t\t<div class=\"e-con-inner\">\n\t\t<div class=\"elementor-element elementor-element-c8628b0 e-con-full e-flex e-con e-child\" data-id=\"c8628b0\" data-element_type=\"container\" data-e-type=\"container\" data-settings=\"{&quot;jet_parallax_layout_list&quot;:[]}\">\n\t\t\t\t<div class=\"elementor-element elementor-element-62172b7 elementor-widget elementor-widget-image\" data-id=\"62172b7\" data-element_type=\"widget\" data-e-type=\"widget\" data-widget_type=\"image.default\">\n\t\t\t\t<div class=\"elementor-widget-container\">\n\t\t\t\t\t\t\t\t\t\t\t\t\t\t\t\t<a href=\"https:\/\/pureprogress-logistics.com\/ro\/cautator-de-produse-vamuire-vehicule\/\">\n\t\t\t\t\t\t\t<img fetchpriority=\"high\" decoding=\"async\" width=\"800\" height=\"600\" src=\"https:\/\/pureprogress-logistics.com\/wp-content\/uploads\/2025\/09\/20220307_114805-1024x768.jpg\" class=\"attachment-large size-large wp-image-59186\" alt=\"\" srcset=\"https:\/\/pureprogress-logistics.com\/wp-content\/uploads\/2025\/09\/20220307_114805-1024x768.jpg 1024w, https:\/\/pureprogress-logistics.com\/wp-content\/uploads\/2025\/09\/20220307_114805-300x225.jpg 300w, https:\/\/pureprogress-logistics.com\/wp-content\/uploads\/2025\/09\/20220307_114805-295x222.jpg 295w, https:\/\/pureprogress-logistics.com\/wp-content\/uploads\/2025\/09\/20220307_114805-768x576.jpg 768w, https:\/\/pureprogress-logistics.com\/wp-content\/uploads\/2025\/09\/20220307_114805-1536x1152.jpg 1536w, https:\/\/pureprogress-logistics.com\/wp-content\/uploads\/2025\/09\/20220307_114805-2048x1536.jpg 2048w\" sizes=\"(max-width: 800px) 100vw, 800px\" \/>\t\t\t\t\t\t\t\t<\/a>\n\t\t\t\t\t\t\t\t\t\t\t\t\t\t\t<\/div>\n\t\t\t\t<\/div>\n\t\t\t\t<\/div>\n\t\t<div class=\"elementor-element elementor-element-c9590af e-con-full e-flex e-con e-child\" data-id=\"c9590af\" data-element_type=\"container\" data-e-type=\"container\" data-settings=\"{&quot;jet_parallax_layout_list&quot;:[]}\">\n\t\t\t\t<div class=\"elementor-element elementor-element-b3bc794 elementor-widget elementor-widget-image\" data-id=\"b3bc794\" data-element_type=\"widget\" data-e-type=\"widget\" data-widget_type=\"image.default\">\n\t\t\t\t<div class=\"elementor-widget-container\">\n\t\t\t\t\t\t\t\t\t\t\t\t\t\t\t\t<a href=\"https:\/\/pureprogress-logistics.com\/ro\/cautator-de-produse-vamuire\/\">\n\t\t\t\t\t\t\t<img decoding=\"async\" width=\"800\" height=\"534\" src=\"https:\/\/pureprogress-logistics.com\/wp-content\/uploads\/2025\/10\/iStock-1177117400-1024x683.jpg\" class=\"attachment-large size-large wp-image-63062\" alt=\"\" srcset=\"https:\/\/pureprogress-logistics.com\/wp-content\/uploads\/2025\/10\/iStock-1177117400-1024x683.jpg 1024w, https:\/\/pureprogress-logistics.com\/wp-content\/uploads\/2025\/10\/iStock-1177117400-300x200.jpg 300w, https:\/\/pureprogress-logistics.com\/wp-content\/uploads\/2025\/10\/iStock-1177117400-768x512.jpg 768w, https:\/\/pureprogress-logistics.com\/wp-content\/uploads\/2025\/10\/iStock-1177117400-1536x1025.jpg 1536w, https:\/\/pureprogress-logistics.com\/wp-content\/uploads\/2025\/10\/iStock-1177117400-2048x1367.jpg 2048w\" sizes=\"(max-width: 800px) 100vw, 800px\" \/>\t\t\t\t\t\t\t\t<\/a>\n\t\t\t\t\t\t\t\t\t\t\t\t\t\t\t<\/div>\n\t\t\t\t<\/div>\n\t\t\t\t<\/div>\n\t\t<div class=\"elementor-element elementor-element-236a8f2 e-con-full e-flex e-con e-child\" data-id=\"236a8f2\" data-element_type=\"container\" data-e-type=\"container\" data-settings=\"{&quot;jet_parallax_layout_list&quot;:[]}\">\n\t\t\t\t<div class=\"elementor-element elementor-element-e7b04de elementor-widget elementor-widget-image\" data-id=\"e7b04de\" data-element_type=\"widget\" data-e-type=\"widget\" data-widget_type=\"image.default\">\n\t\t\t\t<div class=\"elementor-widget-container\">\n\t\t\t\t\t\t\t\t\t\t\t\t\t\t\t\t<a href=\"https:\/\/pureprogress-logistics.com\/ro\/product-finder-vamuire-animale\/\">\n\t\t\t\t\t\t\t<img decoding=\"async\" width=\"800\" height=\"532\" src=\"https:\/\/pureprogress-logistics.com\/wp-content\/uploads\/2025\/07\/animal-transport-horse-picture-extended.png\" class=\"attachment-large size-large wp-image-57581\" alt=\"Animal Transport Customs Clearance\" srcset=\"https:\/\/pureprogress-logistics.com\/wp-content\/uploads\/2025\/07\/animal-transport-horse-picture-extended.png 986w, https:\/\/pureprogress-logistics.com\/wp-content\/uploads\/2025\/07\/animal-transport-horse-picture-extended-300x200.png 300w, https:\/\/pureprogress-logistics.com\/wp-content\/uploads\/2025\/07\/animal-transport-horse-picture-extended-768x511.png 768w\" sizes=\"(max-width: 800px) 100vw, 800px\" \/>\t\t\t\t\t\t\t\t<\/a>\n\t\t\t\t\t\t\t\t\t\t\t\t\t\t\t<\/div>\n\t\t\t\t<\/div>\n\t\t\t\t<\/div>\n\t\t\t\t\t<\/div>\n\t\t\t\t<\/div>\n\t\t<div class=\"elementor-element elementor-element-8548424 e-grid e-con-boxed e-con e-parent\" data-id=\"8548424\" data-element_type=\"container\" data-e-type=\"container\" data-settings=\"{&quot;jet_parallax_layout_list&quot;:[]}\">\n\t\t\t\t\t<div class=\"e-con-inner\">\n\t\t\t\t<div class=\"elementor-element elementor-element-0cc0f0d elementor-widget elementor-widget-text-editor\" data-id=\"0cc0f0d\" data-element_type=\"widget\" data-e-type=\"widget\" data-widget_type=\"text-editor.default\">\n\t\t\t\t<div class=\"elementor-widget-container\">\n\t\t\t\t\t\t\t\t\t<p><a href=\"https:\/\/pureprogress-logistics.com\/ro\/cautator-de-produse-vamuire-vehicule\/\"><strong>V\u0103muire Vehicule<\/strong><\/a><\/p>\t\t\t\t\t\t\t\t<\/div>\n\t\t\t\t<\/div>\n\t\t\t\t<div class=\"elementor-element elementor-element-a3b2197 elementor-widget elementor-widget-text-editor\" data-id=\"a3b2197\" data-element_type=\"widget\" data-e-type=\"widget\" data-widget_type=\"text-editor.default\">\n\t\t\t\t<div class=\"elementor-widget-container\">\n\t\t\t\t\t\t\t\t\t<p><a href=\"https:\/\/pureprogress-logistics.com\/ro\/cautator-de-produse-vamuire\/\"><strong>V\u0103muire M\u0103rfuri<\/strong><\/a><\/p>\t\t\t\t\t\t\t\t<\/div>\n\t\t\t\t<\/div>\n\t\t\t\t<div class=\"elementor-element elementor-element-6eb0ebd elementor-widget elementor-widget-text-editor\" data-id=\"6eb0ebd\" data-element_type=\"widget\" data-e-type=\"widget\" data-widget_type=\"text-editor.default\">\n\t\t\t\t<div class=\"elementor-widget-container\">\n\t\t\t\t\t\t\t\t\t<p><a href=\"https:\/\/pureprogress-logistics.com\/ro\/product-finder-vamuire-animale\/\"><strong>V\u0103muire Animale<\/strong><\/a><\/p>\t\t\t\t\t\t\t\t<\/div>\n\t\t\t\t<\/div>\n\t\t\t\t\t<\/div>\n\t\t\t\t<\/div>\n\t\t\t\t<\/div>\n\t\t","protected":false},"excerpt":{"rendered":"<p>Solicitare Vam\u0103 Ce trebuie s\u0103 \u0219ti\u021bi Gata s\u0103 expediezi? Ob\u021bine oferta ta gratuit\u0103 \u00een c\u00e2teva minute \u2013 sau \u00eentreab\u0103-ne orice! V\u0103muire Vehicule V\u0103muire M\u0103rfuri V\u0103muire Animale<\/p>\n","protected":false},"author":3,"featured_media":62970,"parent":0,"menu_order":0,"comment_status":"closed","ping_status":"closed","template":"","meta":{"_monsterinsights_skip_tracking":false,"_monsterinsights_sitenote_active":false,"_monsterinsights_sitenote_note":"","_monsterinsights_sitenote_category":0,"footnotes":""},"class_list":["post-66207","page","type-page","status-publish","has-post-thumbnail","hentry"],"yoast_head":"<!-- This site is optimized with the Yoast SEO plugin v27.2 - https:\/\/yoast.com\/product\/yoast-seo-wordpress\/ -->\n<title>Solicitare Vam\u0103 - Spedition &amp; Zollagentur | PUREPROGRESS<\/title>\n<meta name=\"description\" content=\"Solicit\u0103 servicii de v\u0103muire pentru expediera ta cu PUREPROGRESS. Expedi\u021bie de marf\u0103 expert\u0103 cu suport complet de documenta\u021bie.\" \/>\n<meta name=\"robots\" content=\"index, follow, max-snippet:-1, max-image-preview:large, max-video-preview:-1\" \/>\n<link rel=\"canonical\" href=\"https:\/\/pureprogress-logistics.com\/ro\/solicitare-vama\/\" \/>\n<meta property=\"og:locale\" content=\"ro_RO\" \/>\n<meta property=\"og:type\" content=\"article\" \/>\n<meta property=\"og:title\" content=\"Solicitare Vam\u0103 - Spedition &amp; Zollagentur | PUREPROGRESS\" \/>\n<meta property=\"og:description\" content=\"Solicit\u0103 servicii de v\u0103muire pentru expediera ta cu PUREPROGRESS. Expedi\u021bie de marf\u0103 expert\u0103 cu suport complet de documenta\u021bie.\" \/>\n<meta property=\"og:url\" content=\"https:\/\/pureprogress-logistics.com\/ro\/solicitare-vama\/\" \/>\n<meta property=\"og:site_name\" content=\"Spedition &amp; Zollagentur | PUREPROGRESS\" \/>\n<meta property=\"article:modified_time\" content=\"2026-01-22T11:14:44+00:00\" \/>\n<meta property=\"og:image\" content=\"https:\/\/pureprogress-logistics.com\/wp-content\/uploads\/2025\/10\/OFFICE-OUTSIDE-W-LOGO.jpg\" \/>\n\t<meta property=\"og:image:width\" content=\"1600\" \/>\n\t<meta property=\"og:image:height\" content=\"1200\" \/>\n\t<meta property=\"og:image:type\" content=\"image\/jpeg\" \/>\n<meta name=\"twitter:card\" content=\"summary_large_image\" \/>\n<script type=\"application\/ld+json\" class=\"yoast-schema-graph\">{\"@context\":\"https:\/\/schema.org\",\"@graph\":[{\"@type\":\"WebPage\",\"@id\":\"https:\/\/pureprogress-logistics.com\/ro\/solicitare-vama\/\",\"url\":\"https:\/\/pureprogress-logistics.com\/ro\/solicitare-vama\/\",\"name\":\"Solicitare Vam\u0103 - Spedition &amp; Zollagentur | PUREPROGRESS\",\"isPartOf\":{\"@id\":\"https:\/\/pureprogress-logistics.com\/#website\"},\"primaryImageOfPage\":{\"@id\":\"https:\/\/pureprogress-logistics.com\/ro\/solicitare-vama\/#primaryimage\"},\"image\":{\"@id\":\"https:\/\/pureprogress-logistics.com\/ro\/solicitare-vama\/#primaryimage\"},\"thumbnailUrl\":\"https:\/\/pureprogress-logistics.com\/wp-content\/uploads\/2025\/10\/OFFICE-OUTSIDE-W-LOGO.jpg\",\"datePublished\":\"2026-01-14T06:15:47+00:00\",\"dateModified\":\"2026-01-22T11:14:44+00:00\",\"description\":\"Solicit\u0103 servicii de v\u0103muire pentru expediera ta cu PUREPROGRESS. Expedi\u021bie de marf\u0103 expert\u0103 cu suport complet de documenta\u021bie.\",\"breadcrumb\":{\"@id\":\"https:\/\/pureprogress-logistics.com\/ro\/solicitare-vama\/#breadcrumb\"},\"inLanguage\":\"ro-RO\",\"potentialAction\":[{\"@type\":\"ReadAction\",\"target\":[\"https:\/\/pureprogress-logistics.com\/ro\/solicitare-vama\/\"]}]},{\"@type\":\"ImageObject\",\"inLanguage\":\"ro-RO\",\"@id\":\"https:\/\/pureprogress-logistics.com\/ro\/solicitare-vama\/#primaryimage\",\"url\":\"https:\/\/pureprogress-logistics.com\/wp-content\/uploads\/2025\/10\/OFFICE-OUTSIDE-W-LOGO.jpg\",\"contentUrl\":\"https:\/\/pureprogress-logistics.com\/wp-content\/uploads\/2025\/10\/OFFICE-OUTSIDE-W-LOGO.jpg\",\"width\":1600,\"height\":1200},{\"@type\":\"BreadcrumbList\",\"@id\":\"https:\/\/pureprogress-logistics.com\/ro\/solicitare-vama\/#breadcrumb\",\"itemListElement\":[{\"@type\":\"ListItem\",\"position\":1,\"name\":\"Startseite\",\"item\":\"https:\/\/pureprogress-logistics.com\/\"},{\"@type\":\"ListItem\",\"position\":2,\"name\":\"Solicitare Vam\u0103\"}]},{\"@type\":\"WebSite\",\"@id\":\"https:\/\/pureprogress-logistics.com\/#website\",\"url\":\"https:\/\/pureprogress-logistics.com\/\",\"name\":\"Ausfuhrbegleitdokument.com - MRN \/ ABD Erstellung\",\"description\":\"\",\"publisher\":{\"@id\":\"https:\/\/pureprogress-logistics.com\/#organization\"},\"potentialAction\":[{\"@type\":\"SearchAction\",\"target\":{\"@type\":\"EntryPoint\",\"urlTemplate\":\"https:\/\/pureprogress-logistics.com\/?s={search_term_string}\"},\"query-input\":{\"@type\":\"PropertyValueSpecification\",\"valueRequired\":true,\"valueName\":\"search_term_string\"}}],\"inLanguage\":\"ro-RO\"},{\"@type\":\"Organization\",\"@id\":\"https:\/\/pureprogress-logistics.com\/#organization\",\"name\":\"PUREPROGRESS GmbH\",\"url\":\"https:\/\/pureprogress-logistics.com\/\",\"logo\":{\"@type\":\"ImageObject\",\"inLanguage\":\"ro-RO\",\"@id\":\"https:\/\/pureprogress-logistics.com\/#\/schema\/logo\/image\/\",\"url\":\"https:\/\/ausfuhrbegleitdokument.com\/wp-content\/uploads\/2019\/10\/preloader-image.png\",\"contentUrl\":\"https:\/\/ausfuhrbegleitdokument.com\/wp-content\/uploads\/2019\/10\/preloader-image.png\",\"width\":224,\"height\":31,\"caption\":\"PUREPROGRESS GmbH\"},\"image\":{\"@id\":\"https:\/\/pureprogress-logistics.com\/#\/schema\/logo\/image\/\"}}]}<\/script>\n<!-- \/ Yoast SEO plugin. -->","yoast_head_json":{"title":"Solicitare Vam\u0103 - Spedition &amp; Zollagentur | PUREPROGRESS","description":"Solicit\u0103 servicii de v\u0103muire pentru expediera ta cu PUREPROGRESS. Expedi\u021bie de marf\u0103 expert\u0103 cu suport complet de documenta\u021bie.","robots":{"index":"index","follow":"follow","max-snippet":"max-snippet:-1","max-image-preview":"max-image-preview:large","max-video-preview":"max-video-preview:-1"},"canonical":"https:\/\/pureprogress-logistics.com\/ro\/solicitare-vama\/","og_locale":"ro_RO","og_type":"article","og_title":"Solicitare Vam\u0103 - Spedition &amp; Zollagentur | PUREPROGRESS","og_description":"Solicit\u0103 servicii de v\u0103muire pentru expediera ta cu PUREPROGRESS. Expedi\u021bie de marf\u0103 expert\u0103 cu suport complet de documenta\u021bie.","og_url":"https:\/\/pureprogress-logistics.com\/ro\/solicitare-vama\/","og_site_name":"Spedition &amp; Zollagentur | PUREPROGRESS","article_modified_time":"2026-01-22T11:14:44+00:00","og_image":[{"width":1600,"height":1200,"url":"https:\/\/pureprogress-logistics.com\/wp-content\/uploads\/2025\/10\/OFFICE-OUTSIDE-W-LOGO.jpg","type":"image\/jpeg"}],"twitter_card":"summary_large_image","schema":{"@context":"https:\/\/schema.org","@graph":[{"@type":"WebPage","@id":"https:\/\/pureprogress-logistics.com\/ro\/solicitare-vama\/","url":"https:\/\/pureprogress-logistics.com\/ro\/solicitare-vama\/","name":"Solicitare Vam\u0103 - Spedition &amp; Zollagentur | PUREPROGRESS","isPartOf":{"@id":"https:\/\/pureprogress-logistics.com\/#website"},"primaryImageOfPage":{"@id":"https:\/\/pureprogress-logistics.com\/ro\/solicitare-vama\/#primaryimage"},"image":{"@id":"https:\/\/pureprogress-logistics.com\/ro\/solicitare-vama\/#primaryimage"},"thumbnailUrl":"https:\/\/pureprogress-logistics.com\/wp-content\/uploads\/2025\/10\/OFFICE-OUTSIDE-W-LOGO.jpg","datePublished":"2026-01-14T06:15:47+00:00","dateModified":"2026-01-22T11:14:44+00:00","description":"Solicit\u0103 servicii de v\u0103muire pentru expediera ta cu PUREPROGRESS. Expedi\u021bie de marf\u0103 expert\u0103 cu suport complet de documenta\u021bie.","breadcrumb":{"@id":"https:\/\/pureprogress-logistics.com\/ro\/solicitare-vama\/#breadcrumb"},"inLanguage":"ro-RO","potentialAction":[{"@type":"ReadAction","target":["https:\/\/pureprogress-logistics.com\/ro\/solicitare-vama\/"]}]},{"@type":"ImageObject","inLanguage":"ro-RO","@id":"https:\/\/pureprogress-logistics.com\/ro\/solicitare-vama\/#primaryimage","url":"https:\/\/pureprogress-logistics.com\/wp-content\/uploads\/2025\/10\/OFFICE-OUTSIDE-W-LOGO.jpg","contentUrl":"https:\/\/pureprogress-logistics.com\/wp-content\/uploads\/2025\/10\/OFFICE-OUTSIDE-W-LOGO.jpg","width":1600,"height":1200},{"@type":"BreadcrumbList","@id":"https:\/\/pureprogress-logistics.com\/ro\/solicitare-vama\/#breadcrumb","itemListElement":[{"@type":"ListItem","position":1,"name":"Startseite","item":"https:\/\/pureprogress-logistics.com\/"},{"@type":"ListItem","position":2,"name":"Solicitare Vam\u0103"}]},{"@type":"WebSite","@id":"https:\/\/pureprogress-logistics.com\/#website","url":"https:\/\/pureprogress-logistics.com\/","name":"Ausfuhrbegleitdokument.com - MRN \/ ABD Erstellung","description":"","publisher":{"@id":"https:\/\/pureprogress-logistics.com\/#organization"},"potentialAction":[{"@type":"SearchAction","target":{"@type":"EntryPoint","urlTemplate":"https:\/\/pureprogress-logistics.com\/?s={search_term_string}"},"query-input":{"@type":"PropertyValueSpecification","valueRequired":true,"valueName":"search_term_string"}}],"inLanguage":"ro-RO"},{"@type":"Organization","@id":"https:\/\/pureprogress-logistics.com\/#organization","name":"PUREPROGRESS GmbH","url":"https:\/\/pureprogress-logistics.com\/","logo":{"@type":"ImageObject","inLanguage":"ro-RO","@id":"https:\/\/pureprogress-logistics.com\/#\/schema\/logo\/image\/","url":"https:\/\/ausfuhrbegleitdokument.com\/wp-content\/uploads\/2019\/10\/preloader-image.png","contentUrl":"https:\/\/ausfuhrbegleitdokument.com\/wp-content\/uploads\/2019\/10\/preloader-image.png","width":224,"height":31,"caption":"PUREPROGRESS GmbH"},"image":{"@id":"https:\/\/pureprogress-logistics.com\/#\/schema\/logo\/image\/"}}]}},"_links":{"self":[{"href":"https:\/\/pureprogress-logistics.com\/ro\/wp-json\/wp\/v2\/pages\/66207","targetHints":{"allow":["GET"]}}],"collection":[{"href":"https:\/\/pureprogress-logistics.com\/ro\/wp-json\/wp\/v2\/pages"}],"about":[{"href":"https:\/\/pureprogress-logistics.com\/ro\/wp-json\/wp\/v2\/types\/page"}],"author":[{"embeddable":true,"href":"https:\/\/pureprogress-logistics.com\/ro\/wp-json\/wp\/v2\/users\/3"}],"replies":[{"embeddable":true,"href":"https:\/\/pureprogress-logistics.com\/ro\/wp-json\/wp\/v2\/comments?post=66207"}],"version-history":[{"count":1,"href":"https:\/\/pureprogress-logistics.com\/ro\/wp-json\/wp\/v2\/pages\/66207\/revisions"}],"predecessor-version":[{"id":66209,"href":"https:\/\/pureprogress-logistics.com\/ro\/wp-json\/wp\/v2\/pages\/66207\/revisions\/66209"}],"wp:featuredmedia":[{"embeddable":true,"href":"https:\/\/pureprogress-logistics.com\/ro\/wp-json\/wp\/v2\/media\/62970"}],"wp:attachment":[{"href":"https:\/\/pureprogress-logistics.com\/ro\/wp-json\/wp\/v2\/media?parent=66207"}],"curies":[{"name":"wp","href":"https:\/\/api.w.org\/{rel}","templated":true}]}}