{"id":53328,"date":"2024-10-30T11:03:01","date_gmt":"2024-10-30T10:03:01","guid":{"rendered":"https:\/\/pureprogress-logistics.com\/specialist-servicii-clienti-republica-ceha\/"},"modified":"2025-11-25T15:34:45","modified_gmt":"2025-11-25T14:34:45","slug":"specialist-servicii-clienti-republica-ceha","status":"publish","type":"page","link":"https:\/\/pureprogress-logistics.com\/ro\/pagina-de-cariera\/republica-ceha-pagina-de-cariera\/specialist-servicii-clienti-republica-ceha\/","title":{"rendered":"Specialist servicii clien\u021bi Republica Ceh\u0103"},"content":{"rendered":"\t\t<div data-elementor-type=\"wp-page\" data-elementor-id=\"53328\" class=\"elementor elementor-53328 elementor-40560\" data-elementor-post-type=\"page\">\n\t\t\t\t<div class=\"elementor-element elementor-element-076ecd8 e-flex e-con-boxed e-con e-parent\" data-id=\"076ecd8\" data-element_type=\"container\" data-e-type=\"container\" data-settings=\"{&quot;jet_parallax_layout_list&quot;:[]}\">\n\t\t\t\t\t<div class=\"e-con-inner\">\n\t\t<div class=\"elementor-element elementor-element-087524d e-con-full e-flex e-con e-child\" data-id=\"087524d\" data-element_type=\"container\" data-e-type=\"container\" data-settings=\"{&quot;jet_parallax_layout_list&quot;:[]}\">\n\t\t<div class=\"elementor-element elementor-element-d7ca4db e-con-full e-flex e-con e-child\" data-id=\"d7ca4db\" data-element_type=\"container\" data-e-type=\"container\" data-settings=\"{&quot;jet_parallax_layout_list&quot;:[]}\">\n\t\t\t\t<div class=\"elementor-element elementor-element-852cc6b elementor-widget elementor-widget-heading\" data-id=\"852cc6b\" data-element_type=\"widget\" data-e-type=\"widget\" data-widget_type=\"heading.default\">\n\t\t\t\t<div class=\"elementor-widget-container\">\n\t\t\t\t\t<h2 class=\"elementor-heading-title elementor-size-default\"><b>Specialist \u00een servicii pentru clien\u021bi vorbitor de limb\u0103 german\u0103<\/b><br><b>(Republica Ceh\u0103)<\/b><\/h2>\t\t\t\t<\/div>\n\t\t\t\t<\/div>\n\t\t\t\t<div class=\"elementor-element elementor-element-69b48c7 elementor-widget-divider--separator-type-pattern elementor-widget-divider--view-line elementor-widget elementor-widget-divider\" data-id=\"69b48c7\" data-element_type=\"widget\" data-e-type=\"widget\" data-widget_type=\"divider.default\">\n\t\t\t\t<div class=\"elementor-widget-container\">\n\t\t\t\t\t\t\t<div class=\"elementor-divider\" style=\"--divider-pattern-url: url(&quot;data:image\/svg+xml,%3Csvg xmlns=&#039;http:\/\/www.w3.org\/2000\/svg&#039; preserveAspectRatio=&#039;none&#039; overflow=&#039;visible&#039; height=&#039;100%&#039; viewBox=&#039;0 0 24 24&#039; fill=&#039;black&#039; stroke=&#039;none&#039;%3E%3Cpolygon points=&#039;9.4,2 24,2 14.6,21.6 0,21.6&#039;\/%3E%3C\/svg%3E&quot;);\">\n\t\t\t<span class=\"elementor-divider-separator\">\n\t\t\t\t\t\t<\/span>\n\t\t<\/div>\n\t\t\t\t\t\t<\/div>\n\t\t\t\t<\/div>\n\t\t\t\t<div class=\"elementor-element elementor-element-d59aa67 elementor-widget__width-initial elementor-widget elementor-widget-text-editor\" data-id=\"d59aa67\" data-element_type=\"widget\" data-e-type=\"widget\" data-widget_type=\"text-editor.default\">\n\t\t\t\t<div class=\"elementor-widget-container\">\n\t\t\t\t\t\t\t\t\t<p><strong>Despre Noi<\/strong>: PUREPROGRESS este o companie t\u00e2n\u0103r\u0103 \u0219i interna\u021bional\u0103 de logistic\u0103 \u0219i broker vamal cu sediul \u00een Elve\u021bia. Ne m\u00e2ndrim cu abordarea noastr\u0103 inovatoare \u00een logistic\u0103, oferind solu\u021bii complete pentru a r\u0103spunde nevoilor diverse ale clien\u021bilor no\u0219tri din \u00eentreaga lume. <\/p><p>\u00cen prezent, c\u0103ut\u0103m o persoan\u0103 motivat\u0103 \u0219i atent\u0103 la detalii care s\u0103 se al\u0103ture echipei noastre \u00een calitate de<b> specialist \u00een servicii pentru clien\u021bi<\/b>.<\/p>\t\t\t\t\t\t\t\t<\/div>\n\t\t\t\t<\/div>\n\t\t\t\t<\/div>\n\t\t\t\t<\/div>\n\t\t<div class=\"elementor-element elementor-element-742d1d9 e-con-full e-flex e-con e-child\" data-id=\"742d1d9\" data-element_type=\"container\" data-e-type=\"container\" data-settings=\"{&quot;jet_parallax_layout_list&quot;:[]}\">\n\t\t\t\t<div class=\"elementor-element elementor-element-dde832f elementor-align-center elementor-widget elementor-widget-button\" data-id=\"dde832f\" data-element_type=\"widget\" data-e-type=\"widget\" data-widget_type=\"button.default\">\n\t\t\t\t<div class=\"elementor-widget-container\">\n\t\t\t\t\t\t\t\t\t<div class=\"elementor-button-wrapper\">\n\t\t\t\t\t<a class=\"elementor-button elementor-button-link elementor-size-sm elementor-animation-grow\" href=\"mailto:info@pureprogress.ch%20%20\">\n\t\t\t\t\t\t<span class=\"elementor-button-content-wrapper\">\n\t\t\t\t\t\t\t\t\t<span class=\"elementor-button-text\">Aplica\u021bi acum<\/span>\n\t\t\t\t\t<\/span>\n\t\t\t\t\t<\/a>\n\t\t\t\t<\/div>\n\t\t\t\t\t\t\t\t<\/div>\n\t\t\t\t<\/div>\n\t\t\t\t<\/div>\n\t\t\t\t\t<\/div>\n\t\t\t\t<\/div>\n\t\t<div class=\"elementor-element elementor-element-c16a110 e-con-full e-flex e-con e-child\" data-id=\"c16a110\" data-element_type=\"container\" data-e-type=\"container\" data-settings=\"{&quot;jet_parallax_layout_list&quot;:[]}\">\n\t\t\t\t<div class=\"elementor-element elementor-element-8576200 elementor-widget elementor-widget-text-editor\" data-id=\"8576200\" data-element_type=\"widget\" data-e-type=\"widget\" data-widget_type=\"text-editor.default\">\n\t\t\t\t<div class=\"elementor-widget-container\">\n\t\t\t\t\t\t\t\t\t<p><strong>Specialist \u00een servicii pentru clien\u021bi vorbitori de limb\u0103 german\u0103<\/strong><\/p>\t\t\t\t\t\t\t\t<\/div>\n\t\t\t\t<\/div>\n\t\t\t\t<div class=\"elementor-element elementor-element-d9018f3 elementor-widget-divider--view-line elementor-widget elementor-widget-divider\" data-id=\"d9018f3\" data-element_type=\"widget\" data-e-type=\"widget\" data-widget_type=\"divider.default\">\n\t\t\t\t<div class=\"elementor-widget-container\">\n\t\t\t\t\t\t\t<div class=\"elementor-divider\">\n\t\t\t<span class=\"elementor-divider-separator\">\n\t\t\t\t\t\t<\/span>\n\t\t<\/div>\n\t\t\t\t\t\t<\/div>\n\t\t\t\t<\/div>\n\t\t\t\t<div class=\"elementor-element elementor-element-1947f08 elementor-icon-list--layout-inline elementor-list-item-link-full_width elementor-widget elementor-widget-icon-list\" data-id=\"1947f08\" data-element_type=\"widget\" data-e-type=\"widget\" data-widget_type=\"icon-list.default\">\n\t\t\t\t<div class=\"elementor-widget-container\">\n\t\t\t\t\t\t\t<ul class=\"elementor-icon-list-items elementor-inline-items\">\n\t\t\t\t\t\t\t<li class=\"elementor-icon-list-item elementor-inline-item\">\n\t\t\t\t\t\t\t\t\t\t\t<span class=\"elementor-icon-list-icon\">\n\t\t\t\t\t\t\t<i aria-hidden=\"true\" class=\"fas fa-map-marker-alt\"><\/i>\t\t\t\t\t\t<\/span>\n\t\t\t\t\t\t\t\t\t\t<span class=\"elementor-icon-list-text\">Praga, Republica Ceh\u0103<\/span>\n\t\t\t\t\t\t\t\t\t<\/li>\n\t\t\t\t\t\t\t\t<li class=\"elementor-icon-list-item elementor-inline-item\">\n\t\t\t\t\t\t\t\t\t\t\t<span class=\"elementor-icon-list-icon\">\n\t\t\t\t\t\t\t<i aria-hidden=\"true\" class=\"fas fa-building\"><\/i>\t\t\t\t\t\t<\/span>\n\t\t\t\t\t\t\t\t\t\t<span class=\"elementor-icon-list-text\">Lucru de la Birou<\/span>\n\t\t\t\t\t\t\t\t\t<\/li>\n\t\t\t\t\t\t\t\t<li class=\"elementor-icon-list-item elementor-inline-item\">\n\t\t\t\t\t\t\t\t\t\t\t<span class=\"elementor-icon-list-icon\">\n\t\t\t\t\t\t\t<i aria-hidden=\"true\" class=\"fas fa-briefcase\"><\/i>\t\t\t\t\t\t<\/span>\n\t\t\t\t\t\t\t\t\t\t<span class=\"elementor-icon-list-text\">Cu norm\u0103 \u00eentreag\u0103<\/span>\n\t\t\t\t\t\t\t\t\t<\/li>\n\t\t\t\t\t\t<\/ul>\n\t\t\t\t\t\t<\/div>\n\t\t\t\t<\/div>\n\t\t\t\t<div class=\"elementor-element elementor-element-7434a96 elementor-widget elementor-widget-text-editor\" data-id=\"7434a96\" data-element_type=\"widget\" data-e-type=\"widget\" data-widget_type=\"text-editor.default\">\n\t\t\t\t<div class=\"elementor-widget-container\">\n\t\t\t\t\t\t\t\t\t<p>Responsabilit\u0103\u021bi :<\/p><ul><li>Preluarea apelurilor primite \u0219i consultarea clien\u021bilor no\u0219tri.<\/li><li>Solicitarea de informa\u021bii \u0219i documente de la clien\u021bi prin telefon \u0219i e-mail.<\/li><li>Introducerea comenzilor \u00een programele noastre software de servicii pentru clien\u021bi.<\/li><li>Emiterea de cota\u021bii \/ oferte de pre\u021b pentru clien\u021bii no\u0219tri.<\/li><li>Scrierea \u0219i r\u0103spunsul la e-mailuri de la clien\u021bi.<\/li><li>Asigurarea c\u0103 documentele primite de la clien\u021bi sunt complete \u0219i corecte.<\/li><\/ul><div> <\/div><p>Calific\u0103ri minime :<\/p><ul><li>Diplom\u0103 de licen\u021b\u0103 (domeniu conex).<\/li><li>Experien\u021b\u0103 anterioar\u0103 ca agent de servicii pentru clien\u021bi, func\u021bionar \u00een serviciile de expediere a m\u0103rfurilor \u0219i logistic\u0103 sau \u00een brokerajul vamal.<\/li><li>Fluent \u00een limba englez\u0103.<\/li><li>Fluent \u00een limba german\u0103.<\/li><li>Minim 1 an \u00een serviciul clien\u021bi.<\/li><li>Minim 1 an \u00een domeniul logisticii.<\/li><\/ul><div> <\/div><p>\u00centrebare(e) de aplicare:<\/p><ul><li>Care este salariul brut lunar estimat pentru acest loc de munc\u0103?<\/li><\/ul><p>Ore de lucru :<\/p><ul><li>40 de ore\/s\u0103pt\u0103m\u00e2n\u0103<\/li><li>Luni &#8211; Vineri  <\/li><\/ul>\t\t\t\t\t\t\t\t<\/div>\n\t\t\t\t<\/div>\n\t\t\t\t<div class=\"elementor-element elementor-element-3c08aca elementor-widget elementor-widget-spacer\" data-id=\"3c08aca\" data-element_type=\"widget\" data-e-type=\"widget\" data-widget_type=\"spacer.default\">\n\t\t\t\t<div class=\"elementor-widget-container\">\n\t\t\t\t\t\t\t<div class=\"elementor-spacer\">\n\t\t\t<div class=\"elementor-spacer-inner\"><\/div>\n\t\t<\/div>\n\t\t\t\t\t\t<\/div>\n\t\t\t\t<\/div>\n\t\t\t\t<div class=\"elementor-element elementor-element-9eff4b9 elementor-shape-rounded elementor-grid-0 e-grid-align-center elementor-widget elementor-widget-social-icons\" data-id=\"9eff4b9\" data-element_type=\"widget\" data-e-type=\"widget\" data-widget_type=\"social-icons.default\">\n\t\t\t\t<div class=\"elementor-widget-container\">\n\t\t\t\t\t\t\t<div class=\"elementor-social-icons-wrapper elementor-grid\" role=\"list\">\n\t\t\t\t\t\t\t<span class=\"elementor-grid-item\" role=\"listitem\">\n\t\t\t\t\t<a class=\"elementor-icon elementor-social-icon elementor-social-icon-linkedin elementor-repeater-item-66561b1\" href=\"https:\/\/www.linkedin.com\/company\/pureprogress-gmbh\/\" target=\"_blank\">\n\t\t\t\t\t\t<span class=\"elementor-screen-only\">Linkedin<\/span>\n\t\t\t\t\t\t<i aria-hidden=\"true\" class=\"fab fa-linkedin\"><\/i>\t\t\t\t\t<\/a>\n\t\t\t\t<\/span>\n\t\t\t\t\t\t\t<span class=\"elementor-grid-item\" role=\"listitem\">\n\t\t\t\t\t<a class=\"elementor-icon elementor-social-icon elementor-social-icon-envelope elementor-repeater-item-74d563c\" href=\"mailto:info@pureprogress.ch%20%20\" target=\"_blank\">\n\t\t\t\t\t\t<span class=\"elementor-screen-only\">Envelope<\/span>\n\t\t\t\t\t\t<i aria-hidden=\"true\" class=\"fas fa-envelope\"><\/i>\t\t\t\t\t<\/a>\n\t\t\t\t<\/span>\n\t\t\t\t\t<\/div>\n\t\t\t\t\t\t<\/div>\n\t\t\t\t<\/div>\n\t\t\t\t<\/div>\n\t\t<div class=\"elementor-element elementor-element-18af463 e-flex e-con-boxed e-con e-parent\" data-id=\"18af463\" data-element_type=\"container\" data-e-type=\"container\" data-settings=\"{&quot;jet_parallax_layout_list&quot;:[]}\">\n\t\t\t\t\t<div class=\"e-con-inner\">\n\t\t<div class=\"elementor-element elementor-element-4b77790 e-con-full e-flex e-con e-child\" data-id=\"4b77790\" data-element_type=\"container\" data-e-type=\"container\" data-settings=\"{&quot;jet_parallax_layout_list&quot;:[]}\">\n\t\t\t\t<div class=\"elementor-element elementor-element-7957894 elementor-widget elementor-widget-spacer\" data-id=\"7957894\" data-element_type=\"widget\" data-e-type=\"widget\" data-widget_type=\"spacer.default\">\n\t\t\t\t<div class=\"elementor-widget-container\">\n\t\t\t\t\t\t\t<div class=\"elementor-spacer\">\n\t\t\t<div class=\"elementor-spacer-inner\"><\/div>\n\t\t<\/div>\n\t\t\t\t\t\t<\/div>\n\t\t\t\t<\/div>\n\t\t\t\t<\/div>\n\t\t\t\t\t<\/div>\n\t\t\t\t<\/div>\n\t\t\t\t<\/div>\n\t\t","protected":false},"excerpt":{"rendered":"<p>Specialist \u00een servicii pentru clien\u021bi vorbitor de limb\u0103 german\u0103(Republica Ceh\u0103) Despre Noi: PUREPROGRESS este o companie t\u00e2n\u0103r\u0103 \u0219i interna\u021bional\u0103 de logistic\u0103 \u0219i broker vamal cu sediul \u00een Elve\u021bia. Ne m\u00e2ndrim cu abordarea noastr\u0103 inovatoare \u00een logistic\u0103, oferind solu\u021bii complete pentru a r\u0103spunde nevoilor diverse ale clien\u021bilor no\u0219tri din \u00eentreaga lume. \u00cen prezent, c\u0103ut\u0103m o persoan\u0103 [&hellip;]<\/p>\n","protected":false},"author":3,"featured_media":0,"parent":53457,"menu_order":0,"comment_status":"closed","ping_status":"closed","template":"","meta":{"_monsterinsights_skip_tracking":false,"_monsterinsights_sitenote_active":false,"_monsterinsights_sitenote_note":"","_monsterinsights_sitenote_category":0,"footnotes":""},"class_list":["post-53328","page","type-page","status-publish","hentry"],"yoast_head":"<!-- This site is optimized with the Yoast SEO plugin v27.2 - https:\/\/yoast.com\/product\/yoast-seo-wordpress\/ -->\n<title>Specialist servicii clien\u021bi - PUREPROGRESS Republica Ceh\u0103<\/title>\n<meta name=\"description\" content=\"Aplica\u021bi pentru rolul de specialist \u00een servicii pentru clien\u021bi la PUREPROGRESS Republica Ceh\u0103! Dezvolt\u0103-\u021bi cariera \u00een logistic\u0103 \u0219i v\u0103muire!\" \/>\n<meta name=\"robots\" content=\"index, follow, max-snippet:-1, max-image-preview:large, max-video-preview:-1\" \/>\n<link rel=\"canonical\" href=\"https:\/\/pureprogress-logistics.com\/ro\/pagina-de-cariera\/republica-ceha-pagina-de-cariera\/specialist-servicii-clienti-republica-ceha\/\" \/>\n<meta property=\"og:locale\" content=\"ro_RO\" \/>\n<meta property=\"og:type\" content=\"article\" \/>\n<meta property=\"og:title\" content=\"Specialist servicii clien\u021bi - PUREPROGRESS Republica Ceh\u0103\" \/>\n<meta property=\"og:description\" content=\"Aplica\u021bi pentru rolul de specialist \u00een servicii pentru clien\u021bi la PUREPROGRESS Republica Ceh\u0103! Dezvolt\u0103-\u021bi cariera \u00een logistic\u0103 \u0219i v\u0103muire!\" \/>\n<meta property=\"og:url\" content=\"https:\/\/pureprogress-logistics.com\/ro\/pagina-de-cariera\/republica-ceha-pagina-de-cariera\/specialist-servicii-clienti-republica-ceha\/\" \/>\n<meta property=\"og:site_name\" content=\"Spedition &amp; Zollagentur | PUREPROGRESS\" \/>\n<meta property=\"article:modified_time\" content=\"2025-11-25T14:34:45+00:00\" \/>\n<meta name=\"twitter:card\" content=\"summary_large_image\" \/>\n<meta name=\"twitter:label1\" content=\"Timp estimat pentru citire\" \/>\n\t<meta name=\"twitter:data1\" content=\"1 minut\" \/>\n<script type=\"application\/ld+json\" class=\"yoast-schema-graph\">{\"@context\":\"https:\/\/schema.org\",\"@graph\":[{\"@type\":\"WebPage\",\"@id\":\"https:\/\/pureprogress-logistics.com\/ro\/pagina-de-cariera\/republica-ceha-pagina-de-cariera\/specialist-servicii-clienti-republica-ceha\/\",\"url\":\"https:\/\/pureprogress-logistics.com\/ro\/pagina-de-cariera\/republica-ceha-pagina-de-cariera\/specialist-servicii-clienti-republica-ceha\/\",\"name\":\"Specialist servicii clien\u021bi - PUREPROGRESS Republica Ceh\u0103\",\"isPartOf\":{\"@id\":\"https:\/\/pureprogress-logistics.com\/#website\"},\"datePublished\":\"2024-10-30T10:03:01+00:00\",\"dateModified\":\"2025-11-25T14:34:45+00:00\",\"description\":\"Aplica\u021bi pentru rolul de specialist \u00een servicii pentru clien\u021bi la PUREPROGRESS Republica Ceh\u0103! Dezvolt\u0103-\u021bi cariera \u00een logistic\u0103 \u0219i v\u0103muire!\",\"breadcrumb\":{\"@id\":\"https:\/\/pureprogress-logistics.com\/ro\/pagina-de-cariera\/republica-ceha-pagina-de-cariera\/specialist-servicii-clienti-republica-ceha\/#breadcrumb\"},\"inLanguage\":\"ro-RO\",\"potentialAction\":[{\"@type\":\"ReadAction\",\"target\":[\"https:\/\/pureprogress-logistics.com\/ro\/pagina-de-cariera\/republica-ceha-pagina-de-cariera\/specialist-servicii-clienti-republica-ceha\/\"]}]},{\"@type\":\"BreadcrumbList\",\"@id\":\"https:\/\/pureprogress-logistics.com\/ro\/pagina-de-cariera\/republica-ceha-pagina-de-cariera\/specialist-servicii-clienti-republica-ceha\/#breadcrumb\",\"itemListElement\":[{\"@type\":\"ListItem\",\"position\":1,\"name\":\"Startseite\",\"item\":\"https:\/\/pureprogress-logistics.com\/\"},{\"@type\":\"ListItem\",\"position\":2,\"name\":\"Pagina de Carier\u0103\",\"item\":\"https:\/\/pureprogress-logistics.com\/ro\/pagina-de-cariera\/\"},{\"@type\":\"ListItem\",\"position\":3,\"name\":\"Pagina de Carier\u0103 Republica Ceh\u0103\",\"item\":\"https:\/\/pureprogress-logistics.com\/ro\/pagina-de-cariera\/republica-ceha-pagina-de-cariera\/\"},{\"@type\":\"ListItem\",\"position\":4,\"name\":\"Specialist servicii clien\u021bi Republica Ceh\u0103\"}]},{\"@type\":\"WebSite\",\"@id\":\"https:\/\/pureprogress-logistics.com\/#website\",\"url\":\"https:\/\/pureprogress-logistics.com\/\",\"name\":\"Ausfuhrbegleitdokument.com - MRN \/ ABD Erstellung\",\"description\":\"\",\"publisher\":{\"@id\":\"https:\/\/pureprogress-logistics.com\/#organization\"},\"potentialAction\":[{\"@type\":\"SearchAction\",\"target\":{\"@type\":\"EntryPoint\",\"urlTemplate\":\"https:\/\/pureprogress-logistics.com\/?s={search_term_string}\"},\"query-input\":{\"@type\":\"PropertyValueSpecification\",\"valueRequired\":true,\"valueName\":\"search_term_string\"}}],\"inLanguage\":\"ro-RO\"},{\"@type\":\"Organization\",\"@id\":\"https:\/\/pureprogress-logistics.com\/#organization\",\"name\":\"PUREPROGRESS GmbH\",\"url\":\"https:\/\/pureprogress-logistics.com\/\",\"logo\":{\"@type\":\"ImageObject\",\"inLanguage\":\"ro-RO\",\"@id\":\"https:\/\/pureprogress-logistics.com\/#\/schema\/logo\/image\/\",\"url\":\"https:\/\/ausfuhrbegleitdokument.com\/wp-content\/uploads\/2019\/10\/preloader-image.png\",\"contentUrl\":\"https:\/\/ausfuhrbegleitdokument.com\/wp-content\/uploads\/2019\/10\/preloader-image.png\",\"width\":224,\"height\":31,\"caption\":\"PUREPROGRESS GmbH\"},\"image\":{\"@id\":\"https:\/\/pureprogress-logistics.com\/#\/schema\/logo\/image\/\"}}]}<\/script>\n<!-- \/ Yoast SEO plugin. -->","yoast_head_json":{"title":"Specialist servicii clien\u021bi - PUREPROGRESS Republica Ceh\u0103","description":"Aplica\u021bi pentru rolul de specialist \u00een servicii pentru clien\u021bi la PUREPROGRESS Republica Ceh\u0103! Dezvolt\u0103-\u021bi cariera \u00een logistic\u0103 \u0219i v\u0103muire!","robots":{"index":"index","follow":"follow","max-snippet":"max-snippet:-1","max-image-preview":"max-image-preview:large","max-video-preview":"max-video-preview:-1"},"canonical":"https:\/\/pureprogress-logistics.com\/ro\/pagina-de-cariera\/republica-ceha-pagina-de-cariera\/specialist-servicii-clienti-republica-ceha\/","og_locale":"ro_RO","og_type":"article","og_title":"Specialist servicii clien\u021bi - PUREPROGRESS Republica Ceh\u0103","og_description":"Aplica\u021bi pentru rolul de specialist \u00een servicii pentru clien\u021bi la PUREPROGRESS Republica Ceh\u0103! Dezvolt\u0103-\u021bi cariera \u00een logistic\u0103 \u0219i v\u0103muire!","og_url":"https:\/\/pureprogress-logistics.com\/ro\/pagina-de-cariera\/republica-ceha-pagina-de-cariera\/specialist-servicii-clienti-republica-ceha\/","og_site_name":"Spedition &amp; Zollagentur | PUREPROGRESS","article_modified_time":"2025-11-25T14:34:45+00:00","twitter_card":"summary_large_image","twitter_misc":{"Timp estimat pentru citire":"1 minut"},"schema":{"@context":"https:\/\/schema.org","@graph":[{"@type":"WebPage","@id":"https:\/\/pureprogress-logistics.com\/ro\/pagina-de-cariera\/republica-ceha-pagina-de-cariera\/specialist-servicii-clienti-republica-ceha\/","url":"https:\/\/pureprogress-logistics.com\/ro\/pagina-de-cariera\/republica-ceha-pagina-de-cariera\/specialist-servicii-clienti-republica-ceha\/","name":"Specialist servicii clien\u021bi - PUREPROGRESS Republica Ceh\u0103","isPartOf":{"@id":"https:\/\/pureprogress-logistics.com\/#website"},"datePublished":"2024-10-30T10:03:01+00:00","dateModified":"2025-11-25T14:34:45+00:00","description":"Aplica\u021bi pentru rolul de specialist \u00een servicii pentru clien\u021bi la PUREPROGRESS Republica Ceh\u0103! Dezvolt\u0103-\u021bi cariera \u00een logistic\u0103 \u0219i v\u0103muire!","breadcrumb":{"@id":"https:\/\/pureprogress-logistics.com\/ro\/pagina-de-cariera\/republica-ceha-pagina-de-cariera\/specialist-servicii-clienti-republica-ceha\/#breadcrumb"},"inLanguage":"ro-RO","potentialAction":[{"@type":"ReadAction","target":["https:\/\/pureprogress-logistics.com\/ro\/pagina-de-cariera\/republica-ceha-pagina-de-cariera\/specialist-servicii-clienti-republica-ceha\/"]}]},{"@type":"BreadcrumbList","@id":"https:\/\/pureprogress-logistics.com\/ro\/pagina-de-cariera\/republica-ceha-pagina-de-cariera\/specialist-servicii-clienti-republica-ceha\/#breadcrumb","itemListElement":[{"@type":"ListItem","position":1,"name":"Startseite","item":"https:\/\/pureprogress-logistics.com\/"},{"@type":"ListItem","position":2,"name":"Pagina de Carier\u0103","item":"https:\/\/pureprogress-logistics.com\/ro\/pagina-de-cariera\/"},{"@type":"ListItem","position":3,"name":"Pagina de Carier\u0103 Republica Ceh\u0103","item":"https:\/\/pureprogress-logistics.com\/ro\/pagina-de-cariera\/republica-ceha-pagina-de-cariera\/"},{"@type":"ListItem","position":4,"name":"Specialist servicii clien\u021bi Republica Ceh\u0103"}]},{"@type":"WebSite","@id":"https:\/\/pureprogress-logistics.com\/#website","url":"https:\/\/pureprogress-logistics.com\/","name":"Ausfuhrbegleitdokument.com - MRN \/ ABD Erstellung","description":"","publisher":{"@id":"https:\/\/pureprogress-logistics.com\/#organization"},"potentialAction":[{"@type":"SearchAction","target":{"@type":"EntryPoint","urlTemplate":"https:\/\/pureprogress-logistics.com\/?s={search_term_string}"},"query-input":{"@type":"PropertyValueSpecification","valueRequired":true,"valueName":"search_term_string"}}],"inLanguage":"ro-RO"},{"@type":"Organization","@id":"https:\/\/pureprogress-logistics.com\/#organization","name":"PUREPROGRESS GmbH","url":"https:\/\/pureprogress-logistics.com\/","logo":{"@type":"ImageObject","inLanguage":"ro-RO","@id":"https:\/\/pureprogress-logistics.com\/#\/schema\/logo\/image\/","url":"https:\/\/ausfuhrbegleitdokument.com\/wp-content\/uploads\/2019\/10\/preloader-image.png","contentUrl":"https:\/\/ausfuhrbegleitdokument.com\/wp-content\/uploads\/2019\/10\/preloader-image.png","width":224,"height":31,"caption":"PUREPROGRESS GmbH"},"image":{"@id":"https:\/\/pureprogress-logistics.com\/#\/schema\/logo\/image\/"}}]}},"_links":{"self":[{"href":"https:\/\/pureprogress-logistics.com\/ro\/wp-json\/wp\/v2\/pages\/53328","targetHints":{"allow":["GET"]}}],"collection":[{"href":"https:\/\/pureprogress-logistics.com\/ro\/wp-json\/wp\/v2\/pages"}],"about":[{"href":"https:\/\/pureprogress-logistics.com\/ro\/wp-json\/wp\/v2\/types\/page"}],"author":[{"embeddable":true,"href":"https:\/\/pureprogress-logistics.com\/ro\/wp-json\/wp\/v2\/users\/3"}],"replies":[{"embeddable":true,"href":"https:\/\/pureprogress-logistics.com\/ro\/wp-json\/wp\/v2\/comments?post=53328"}],"version-history":[{"count":2,"href":"https:\/\/pureprogress-logistics.com\/ro\/wp-json\/wp\/v2\/pages\/53328\/revisions"}],"predecessor-version":[{"id":64459,"href":"https:\/\/pureprogress-logistics.com\/ro\/wp-json\/wp\/v2\/pages\/53328\/revisions\/64459"}],"up":[{"embeddable":true,"href":"https:\/\/pureprogress-logistics.com\/ro\/wp-json\/wp\/v2\/pages\/53457"}],"wp:attachment":[{"href":"https:\/\/pureprogress-logistics.com\/ro\/wp-json\/wp\/v2\/media?parent=53328"}],"curies":[{"name":"wp","href":"https:\/\/api.w.org\/{rel}","templated":true}]}}