{"id":37489,"date":"2021-08-16T16:47:42","date_gmt":"2021-08-16T15:47:42","guid":{"rendered":"https:\/\/pureprogress-logistics.com\/cautator-de-produse-transport-de-vehicule\/"},"modified":"2024-12-29T17:53:35","modified_gmt":"2024-12-29T16:53:35","slug":"cautator-de-produse-transport-de-vehicule","status":"publish","type":"page","link":"https:\/\/pureprogress-logistics.com\/ro\/cautator-de-produse-transport-de-vehicule\/","title":{"rendered":"C\u0103utator de produse: Transport de vehicule"},"content":{"rendered":"\t\t<div data-elementor-type=\"wp-page\" data-elementor-id=\"37489\" class=\"elementor elementor-37489 elementor-4163\" data-elementor-post-type=\"page\">\n\t\t\t\t\t\t<section class=\"elementor-section elementor-top-section elementor-element elementor-element-ddd8889 elementor-section-boxed elementor-section-height-default elementor-section-height-default\" data-id=\"ddd8889\" data-element_type=\"section\" data-e-type=\"section\" data-settings=\"{&quot;jet_parallax_layout_list&quot;:[{&quot;jet_parallax_layout_image&quot;:{&quot;url&quot;:&quot;&quot;,&quot;id&quot;:&quot;&quot;,&quot;size&quot;:&quot;&quot;},&quot;_id&quot;:&quot;d401351&quot;,&quot;jet_parallax_layout_image_tablet&quot;:{&quot;url&quot;:&quot;&quot;,&quot;id&quot;:&quot;&quot;,&quot;size&quot;:&quot;&quot;},&quot;jet_parallax_layout_image_mobile&quot;:{&quot;url&quot;:&quot;&quot;,&quot;id&quot;:&quot;&quot;,&quot;size&quot;:&quot;&quot;},&quot;jet_parallax_layout_speed&quot;:{&quot;unit&quot;:&quot;%&quot;,&quot;size&quot;:50,&quot;sizes&quot;:[]},&quot;jet_parallax_layout_type&quot;:&quot;scroll&quot;,&quot;jet_parallax_layout_direction&quot;:&quot;1&quot;,&quot;jet_parallax_layout_fx_direction&quot;:null,&quot;jet_parallax_layout_z_index&quot;:&quot;&quot;,&quot;jet_parallax_layout_bg_x&quot;:50,&quot;jet_parallax_layout_bg_x_tablet&quot;:&quot;&quot;,&quot;jet_parallax_layout_bg_x_mobile&quot;:&quot;&quot;,&quot;jet_parallax_layout_bg_y&quot;:50,&quot;jet_parallax_layout_bg_y_tablet&quot;:&quot;&quot;,&quot;jet_parallax_layout_bg_y_mobile&quot;:&quot;&quot;,&quot;jet_parallax_layout_bg_size&quot;:&quot;auto&quot;,&quot;jet_parallax_layout_bg_size_tablet&quot;:&quot;&quot;,&quot;jet_parallax_layout_bg_size_mobile&quot;:&quot;&quot;,&quot;jet_parallax_layout_animation_prop&quot;:&quot;transform&quot;,&quot;jet_parallax_layout_on&quot;:[&quot;desktop&quot;,&quot;tablet&quot;]}]}\">\n\t\t\t\t\t\t<div class=\"elementor-container elementor-column-gap-default\">\n\t\t\t\t\t<div class=\"elementor-column elementor-col-100 elementor-top-column elementor-element elementor-element-324ca25\" data-id=\"324ca25\" data-element_type=\"column\" data-e-type=\"column\">\n\t\t\t<div class=\"elementor-widget-wrap\">\n\t\t\t\t\t\t\t<\/div>\n\t\t<\/div>\n\t\t\t\t\t<\/div>\n\t\t<\/section>\n\t\t\t\t<section class=\"elementor-section elementor-top-section elementor-element elementor-element-0c29c0e elementor-section-boxed elementor-section-height-default elementor-section-height-default\" data-id=\"0c29c0e\" data-element_type=\"section\" data-e-type=\"section\" data-settings=\"{&quot;jet_parallax_layout_list&quot;:[{&quot;jet_parallax_layout_image&quot;:{&quot;url&quot;:&quot;&quot;,&quot;id&quot;:&quot;&quot;,&quot;size&quot;:&quot;&quot;},&quot;_id&quot;:&quot;677b93d&quot;,&quot;jet_parallax_layout_image_tablet&quot;:{&quot;url&quot;:&quot;&quot;,&quot;id&quot;:&quot;&quot;,&quot;size&quot;:&quot;&quot;},&quot;jet_parallax_layout_image_mobile&quot;:{&quot;url&quot;:&quot;&quot;,&quot;id&quot;:&quot;&quot;,&quot;size&quot;:&quot;&quot;},&quot;jet_parallax_layout_speed&quot;:{&quot;unit&quot;:&quot;%&quot;,&quot;size&quot;:50,&quot;sizes&quot;:[]},&quot;jet_parallax_layout_type&quot;:&quot;scroll&quot;,&quot;jet_parallax_layout_direction&quot;:&quot;1&quot;,&quot;jet_parallax_layout_fx_direction&quot;:null,&quot;jet_parallax_layout_z_index&quot;:&quot;&quot;,&quot;jet_parallax_layout_bg_x&quot;:50,&quot;jet_parallax_layout_bg_x_tablet&quot;:&quot;&quot;,&quot;jet_parallax_layout_bg_x_mobile&quot;:&quot;&quot;,&quot;jet_parallax_layout_bg_y&quot;:50,&quot;jet_parallax_layout_bg_y_tablet&quot;:&quot;&quot;,&quot;jet_parallax_layout_bg_y_mobile&quot;:&quot;&quot;,&quot;jet_parallax_layout_bg_size&quot;:&quot;auto&quot;,&quot;jet_parallax_layout_bg_size_tablet&quot;:&quot;&quot;,&quot;jet_parallax_layout_bg_size_mobile&quot;:&quot;&quot;,&quot;jet_parallax_layout_animation_prop&quot;:&quot;transform&quot;,&quot;jet_parallax_layout_on&quot;:[&quot;desktop&quot;,&quot;tablet&quot;]}]}\">\n\t\t\t\t\t\t<div class=\"elementor-container elementor-column-gap-default\">\n\t\t\t\t\t<div class=\"elementor-column elementor-col-100 elementor-top-column elementor-element elementor-element-3533d42\" data-id=\"3533d42\" data-element_type=\"column\" data-e-type=\"column\">\n\t\t\t<div class=\"elementor-widget-wrap elementor-element-populated\">\n\t\t\t\t\t\t<div class=\"elementor-element elementor-element-9773fde elementor-widget elementor-widget-heading\" data-id=\"9773fde\" data-element_type=\"widget\" data-e-type=\"widget\" data-widget_type=\"heading.default\">\n\t\t\t\t<div class=\"elementor-widget-container\">\n\t\t\t\t\t<h1 class=\"elementor-heading-title elementor-size-default\">Cerere de transport de vehicule<\/h1>\t\t\t\t<\/div>\n\t\t\t\t<\/div>\n\t\t\t\t<div class=\"elementor-element elementor-element-fc6a6d6 elementor-widget elementor-widget-text-editor\" data-id=\"fc6a6d6\" data-element_type=\"widget\" data-e-type=\"widget\" data-widget_type=\"text-editor.default\">\n\t\t\t\t<div class=\"elementor-widget-container\">\n\t\t\t\t\t\t\t\t\t<p>\u00cen cazul \u00een care sunt necesare documente vamale pentru transport, ne vom ocupa \u0219i de acestea, astfel \u00eenc\u00e2t s\u0103 primi\u021bi un serviciu complet dintr-o singur\u0103 surs\u0103.<\/p>\n<p>Plasa\u021bi comanda aici sau trimite\u021bi-ne o solicitare neangajant\u0103.<\/p>\n\t\t\t\t\t\t\t\t<\/div>\n\t\t\t\t<\/div>\n\t\t\t\t<div class=\"elementor-element elementor-element-5dd9c74 elementor-widget elementor-widget-text-editor\" data-id=\"5dd9c74\" data-element_type=\"widget\" data-e-type=\"widget\" data-widget_type=\"text-editor.default\">\n\t\t\t\t<div class=\"elementor-widget-container\">\n\t\t\t\t\t\t\t\t\t<p style=\"text-align: center;\"><strong>De ce serviciu ave\u021bi nevoie?<\/strong><\/p>\t\t\t\t\t\t\t\t<\/div>\n\t\t\t\t<\/div>\n\t\t\t\t\t<\/div>\n\t\t<\/div>\n\t\t\t\t\t<\/div>\n\t\t<\/section>\n\t\t\t\t<section class=\"elementor-section elementor-top-section elementor-element elementor-element-bfea42e elementor-section-boxed elementor-section-height-default elementor-section-height-default\" data-id=\"bfea42e\" data-element_type=\"section\" data-e-type=\"section\" data-settings=\"{&quot;jet_parallax_layout_list&quot;:[{&quot;jet_parallax_layout_image&quot;:{&quot;url&quot;:&quot;&quot;,&quot;id&quot;:&quot;&quot;,&quot;size&quot;:&quot;&quot;},&quot;_id&quot;:&quot;fad78bb&quot;,&quot;jet_parallax_layout_image_tablet&quot;:{&quot;url&quot;:&quot;&quot;,&quot;id&quot;:&quot;&quot;,&quot;size&quot;:&quot;&quot;},&quot;jet_parallax_layout_image_mobile&quot;:{&quot;url&quot;:&quot;&quot;,&quot;id&quot;:&quot;&quot;,&quot;size&quot;:&quot;&quot;},&quot;jet_parallax_layout_speed&quot;:{&quot;unit&quot;:&quot;%&quot;,&quot;size&quot;:50,&quot;sizes&quot;:[]},&quot;jet_parallax_layout_type&quot;:&quot;scroll&quot;,&quot;jet_parallax_layout_direction&quot;:&quot;1&quot;,&quot;jet_parallax_layout_fx_direction&quot;:null,&quot;jet_parallax_layout_z_index&quot;:&quot;&quot;,&quot;jet_parallax_layout_bg_x&quot;:50,&quot;jet_parallax_layout_bg_x_tablet&quot;:&quot;&quot;,&quot;jet_parallax_layout_bg_x_mobile&quot;:&quot;&quot;,&quot;jet_parallax_layout_bg_y&quot;:50,&quot;jet_parallax_layout_bg_y_tablet&quot;:&quot;&quot;,&quot;jet_parallax_layout_bg_y_mobile&quot;:&quot;&quot;,&quot;jet_parallax_layout_bg_size&quot;:&quot;auto&quot;,&quot;jet_parallax_layout_bg_size_tablet&quot;:&quot;&quot;,&quot;jet_parallax_layout_bg_size_mobile&quot;:&quot;&quot;,&quot;jet_parallax_layout_animation_prop&quot;:&quot;transform&quot;,&quot;jet_parallax_layout_on&quot;:[&quot;desktop&quot;,&quot;tablet&quot;]}]}\">\n\t\t\t\t\t\t<div class=\"elementor-container elementor-column-gap-default\">\n\t\t\t\t\t<div class=\"elementor-column elementor-col-25 elementor-top-column elementor-element elementor-element-a50b174\" data-id=\"a50b174\" data-element_type=\"column\" data-e-type=\"column\">\n\t\t\t<div class=\"elementor-widget-wrap elementor-element-populated\">\n\t\t\t\t\t\t<div class=\"elementor-element elementor-element-56e1a5f elementor-widget elementor-widget-image\" data-id=\"56e1a5f\" data-element_type=\"widget\" data-e-type=\"widget\" data-widget_type=\"image.default\">\n\t\t\t\t<div class=\"elementor-widget-container\">\n\t\t\t\t\t\t\t\t\t\t\t\t\t\t\t\t<a href=\"https:\/\/pureprogress-logistics.com\/ro\/cautator-de-produse-transport-auto\/\">\n\t\t\t\t\t\t\t<img decoding=\"async\" width=\"264\" height=\"177\" src=\"https:\/\/pureprogress-logistics.com\/wp-content\/uploads\/2023\/10\/Autoverzollung.jpg\" class=\"attachment-medium_large size-medium_large wp-image-37494\" alt=\"\" \/>\t\t\t\t\t\t\t\t<\/a>\n\t\t\t\t\t\t\t\t\t\t\t\t\t\t\t<\/div>\n\t\t\t\t<\/div>\n\t\t\t\t<div class=\"elementor-element elementor-element-4a5207d elementor-widget elementor-widget-text-editor\" data-id=\"4a5207d\" data-element_type=\"widget\" data-e-type=\"widget\" data-widget_type=\"text-editor.default\">\n\t\t\t\t<div class=\"elementor-widget-container\">\n\t\t\t\t\t\t\t\t\t<p><a href=\"https:\/\/pureprogress-logistics.com\/produktfinder-autotransport\/\" data-wplink-edit=\"true\"><strong>Transportul ma\u0219inii dvs.<\/strong><\/a><\/p>\t\t\t\t\t\t\t\t<\/div>\n\t\t\t\t<\/div>\n\t\t\t\t<div class=\"elementor-element elementor-element-b21022a elementor-widget elementor-widget-text-editor\" data-id=\"b21022a\" data-element_type=\"widget\" data-e-type=\"widget\" data-widget_type=\"text-editor.default\">\n\t\t\t\t<div class=\"elementor-widget-container\">\n\t\t\t\t\t\t\t\t\t<p>V\u0103 rug\u0103m s\u0103 selecta\u021bi pentru autoturisme <span style=\"color: #ff0000;\">(ATEN\u021aIE numai p\u00e2n\u0103 la 2,20 m \u00een\u0103l\u021bime; p\u00e2n\u0103 la 5,00 m lungime; p\u00e2n\u0103 la 2,40 m l\u0103\u021bime \u0219i maximum 2600 kg greutate)<\/span><\/p>\n\t\t\t\t\t\t\t\t<\/div>\n\t\t\t\t<\/div>\n\t\t\t\t\t<\/div>\n\t\t<\/div>\n\t\t\t\t<div class=\"elementor-column elementor-col-25 elementor-top-column elementor-element elementor-element-f24c4ed\" data-id=\"f24c4ed\" data-element_type=\"column\" data-e-type=\"column\">\n\t\t\t<div class=\"elementor-widget-wrap elementor-element-populated\">\n\t\t\t\t\t\t<div class=\"elementor-element elementor-element-961ec71 elementor-widget elementor-widget-image\" data-id=\"961ec71\" data-element_type=\"widget\" data-e-type=\"widget\" data-widget_type=\"image.default\">\n\t\t\t\t<div class=\"elementor-widget-container\">\n\t\t\t\t\t\t\t\t\t\t\t\t\t\t\t\t<a href=\"https:\/\/pureprogress-logistics.com\/ro\/cautator-de-produse-transport-motociclete\/\">\n\t\t\t\t\t\t\t<img fetchpriority=\"high\" decoding=\"async\" width=\"724\" height=\"483\" src=\"https:\/\/pureprogress-logistics.com\/wp-content\/uploads\/2024\/01\/BildMotorrad-1.jpg\" class=\"attachment-large size-large wp-image-37009\" alt=\"\" srcset=\"https:\/\/pureprogress-logistics.com\/wp-content\/uploads\/2024\/01\/BildMotorrad-1.jpg 724w, https:\/\/pureprogress-logistics.com\/wp-content\/uploads\/2024\/01\/BildMotorrad-1-300x200.jpg 300w\" sizes=\"(max-width: 724px) 100vw, 724px\" \/>\t\t\t\t\t\t\t\t<\/a>\n\t\t\t\t\t\t\t\t\t\t\t\t\t\t\t<\/div>\n\t\t\t\t<\/div>\n\t\t\t\t<div class=\"elementor-element elementor-element-113f8dd elementor-widget elementor-widget-text-editor\" data-id=\"113f8dd\" data-element_type=\"widget\" data-e-type=\"widget\" data-widget_type=\"text-editor.default\">\n\t\t\t\t<div class=\"elementor-widget-container\">\n\t\t\t\t\t\t\t\t\t<p><a href=\"https:\/\/pureprogress-logistics.com\/ro\/cautator-de-produse-transport-motociclete\/\"><strong>Transportul motocicletei<\/strong><\/a><\/p>\t\t\t\t\t\t\t\t<\/div>\n\t\t\t\t<\/div>\n\t\t\t\t\t<\/div>\n\t\t<\/div>\n\t\t\t\t<div class=\"elementor-column elementor-col-25 elementor-top-column elementor-element elementor-element-08f60c1\" data-id=\"08f60c1\" data-element_type=\"column\" data-e-type=\"column\">\n\t\t\t<div class=\"elementor-widget-wrap elementor-element-populated\">\n\t\t\t\t\t\t<div class=\"elementor-element elementor-element-ea42bc6 elementor-widget elementor-widget-image\" data-id=\"ea42bc6\" data-element_type=\"widget\" data-e-type=\"widget\" data-widget_type=\"image.default\">\n\t\t\t\t<div class=\"elementor-widget-container\">\n\t\t\t\t\t\t\t\t\t\t\t\t\t\t\t\t<a href=\"https:\/\/pureprogress-logistics.com\/ro\/cautator-de-produse-transport-cu-remorca-sau-alt-vehicul\/\">\n\t\t\t\t\t\t\t<img decoding=\"async\" width=\"264\" height=\"177\" src=\"https:\/\/pureprogress-logistics.com\/wp-content\/uploads\/2023\/09\/Anhaengerverzollung.jpg\" class=\"attachment-large size-large wp-image-37493\" alt=\"\" \/>\t\t\t\t\t\t\t\t<\/a>\n\t\t\t\t\t\t\t\t\t\t\t\t\t\t\t<\/div>\n\t\t\t\t<\/div>\n\t\t\t\t<div class=\"elementor-element elementor-element-b55df2b elementor-widget elementor-widget-text-editor\" data-id=\"b55df2b\" data-element_type=\"widget\" data-e-type=\"widget\" data-widget_type=\"text-editor.default\">\n\t\t\t\t<div class=\"elementor-widget-container\">\n\t\t\t\t\t\t\t\t\t<p><a href=\"https:\/\/pureprogress-logistics.com\/ro\/cautator-de-produse-transport-cu-remorca-sau-alt-vehicul\/\"><strong>Transportul remorcii dvs.<\/strong><\/a><\/p>\t\t\t\t\t\t\t\t<\/div>\n\t\t\t\t<\/div>\n\t\t\t\t\t<\/div>\n\t\t<\/div>\n\t\t\t\t<div class=\"elementor-column elementor-col-25 elementor-top-column elementor-element elementor-element-f17b79f\" data-id=\"f17b79f\" data-element_type=\"column\" data-e-type=\"column\">\n\t\t\t<div class=\"elementor-widget-wrap elementor-element-populated\">\n\t\t\t\t\t\t<div class=\"elementor-element elementor-element-c4962e6 elementor-widget elementor-widget-image\" data-id=\"c4962e6\" data-element_type=\"widget\" data-e-type=\"widget\" data-widget_type=\"image.default\">\n\t\t\t\t<div class=\"elementor-widget-container\">\n\t\t\t\t\t\t\t\t\t\t\t\t\t\t\t\t<a href=\"https:\/\/pureprogress-logistics.com\/ro\/cautator-de-produse-transport-cu-remorca-sau-alt-vehicul\/\">\n\t\t\t\t\t\t\t<img loading=\"lazy\" decoding=\"async\" width=\"264\" height=\"177\" src=\"https:\/\/pureprogress-logistics.com\/wp-content\/uploads\/2023\/09\/andereFahrzeugverzollung.jpg\" class=\"attachment-large size-large wp-image-37491\" alt=\"\" \/>\t\t\t\t\t\t\t\t<\/a>\n\t\t\t\t\t\t\t\t\t\t\t\t\t\t\t<\/div>\n\t\t\t\t<\/div>\n\t\t\t\t<div class=\"elementor-element elementor-element-d11c609 elementor-widget elementor-widget-text-editor\" data-id=\"d11c609\" data-element_type=\"widget\" data-e-type=\"widget\" data-widget_type=\"text-editor.default\">\n\t\t\t\t<div class=\"elementor-widget-container\">\n\t\t\t\t\t\t\t\t\t<p><a href=\"https:\/\/pureprogress-logistics.com\/ro\/cautator-de-produse-transport-cu-remorca-sau-alt-vehicul\/\"><strong>Transportul camionului sau al utilajelor agricole \/ utilajelor de construc\u021bii \/ camionetei \/ furgonetei<\/strong><\/a><\/p>\t\t\t\t\t\t\t\t<\/div>\n\t\t\t\t<\/div>\n\t\t\t\t<div class=\"elementor-element elementor-element-4eccb0b elementor-widget elementor-widget-text-editor\" data-id=\"4eccb0b\" data-element_type=\"widget\" data-e-type=\"widget\" data-widget_type=\"text-editor.default\">\n\t\t\t\t<div class=\"elementor-widget-container\">\n\t\t\t\t\t\t\t\t\t<p><span style=\"color: #ff0000;\">V\u0103 rug\u0103m s\u0103 selecta\u021bi pentru toate vehiculele cu o lungime mai mare de 5,00 m sau o l\u0103\u021bime mai mare de 2,40 m sau o \u00een\u0103l\u021bime mai mare de 2,20 m sau o greutate mai mare de 2600 kg<\/span><\/p>\n\t\t\t\t\t\t\t\t<\/div>\n\t\t\t\t<\/div>\n\t\t\t\t\t<\/div>\n\t\t<\/div>\n\t\t\t\t\t<\/div>\n\t\t<\/section>\n\t\t\t\t<\/div>\n\t\t","protected":false},"excerpt":{"rendered":"<p>Cerere de transport de vehicule \u00cen cazul \u00een care sunt necesare documente vamale pentru transport, ne vom ocupa \u0219i de acestea, astfel \u00eenc\u00e2t s\u0103 primi\u021bi un serviciu complet dintr-o singur\u0103 surs\u0103. Plasa\u021bi comanda aici sau trimite\u021bi-ne o solicitare neangajant\u0103. De ce serviciu ave\u021bi nevoie? Transportul ma\u0219inii dvs. V\u0103 rug\u0103m s\u0103 selecta\u021bi pentru autoturisme (ATEN\u021aIE numai [&hellip;]<\/p>\n","protected":false},"author":1,"featured_media":0,"parent":0,"menu_order":0,"comment_status":"closed","ping_status":"closed","template":"","meta":{"_monsterinsights_skip_tracking":false,"_monsterinsights_sitenote_active":false,"_monsterinsights_sitenote_note":"","_monsterinsights_sitenote_category":0,"footnotes":""},"class_list":["post-37489","page","type-page","status-publish","hentry"],"yoast_head":"<!-- This site is optimized with the Yoast SEO plugin v27.2 - https:\/\/yoast.com\/product\/yoast-seo-wordpress\/ -->\n<title>Transport vehicule - Forwarding &amp; Customs Agency | PUREPROGRESS<\/title>\n<meta name=\"description\" content=\"Cerere de informa\u021bii pentru transportul vehiculelor. PureProgress Spedition ofer\u0103 servicii de transport de vehicule deschise \u0219i \u00eenchise\" \/>\n<meta name=\"robots\" content=\"index, follow, max-snippet:-1, max-image-preview:large, max-video-preview:-1\" \/>\n<link rel=\"canonical\" href=\"https:\/\/pureprogress-logistics.com\/produktfinder-fahrzeug-transport\/\" \/>\n<meta property=\"og:locale\" content=\"ro_RO\" \/>\n<meta property=\"og:type\" content=\"article\" \/>\n<meta property=\"og:title\" content=\"Transport vehicule - Forwarding &amp; Customs Agency | PUREPROGRESS\" \/>\n<meta property=\"og:description\" content=\"Cerere de informa\u021bii pentru transportul vehiculelor. PureProgress Spedition ofer\u0103 servicii de transport de vehicule deschise \u0219i \u00eenchise\" \/>\n<meta property=\"og:url\" content=\"https:\/\/pureprogress-logistics.com\/produktfinder-fahrzeug-transport\/\" \/>\n<meta property=\"og:site_name\" content=\"Spedition &amp; Zollagentur | PUREPROGRESS\" \/>\n<meta property=\"article:modified_time\" content=\"2024-12-29T16:53:35+00:00\" \/>\n<meta property=\"og:image\" content=\"https:\/\/pureprogress-logistics.com\/wp-content\/uploads\/2023\/10\/Autoverzollung.jpg\" \/>\n\t<meta property=\"og:image:width\" content=\"264\" \/>\n\t<meta property=\"og:image:height\" content=\"177\" \/>\n\t<meta property=\"og:image:type\" content=\"image\/jpeg\" \/>\n<meta name=\"twitter:card\" content=\"summary_large_image\" \/>\n<meta name=\"twitter:label1\" content=\"Timp estimat pentru citire\" \/>\n\t<meta name=\"twitter:data1\" content=\"2 minute\" \/>\n<script type=\"application\/ld+json\" class=\"yoast-schema-graph\">{\"@context\":\"https:\/\/schema.org\",\"@graph\":[{\"@type\":\"WebPage\",\"@id\":\"https:\/\/pureprogress-logistics.com\/produktfinder-fahrzeug-transport\/\",\"url\":\"https:\/\/pureprogress-logistics.com\/produktfinder-fahrzeug-transport\/\",\"name\":\"Transport vehicule - Forwarding & Customs Agency | PUREPROGRESS\",\"isPartOf\":{\"@id\":\"https:\/\/pureprogress-logistics.com\/#website\"},\"primaryImageOfPage\":{\"@id\":\"https:\/\/pureprogress-logistics.com\/produktfinder-fahrzeug-transport\/#primaryimage\"},\"image\":{\"@id\":\"https:\/\/pureprogress-logistics.com\/produktfinder-fahrzeug-transport\/#primaryimage\"},\"thumbnailUrl\":\"https:\/\/pureprogress-logistics.com\/wp-content\/uploads\/2023\/10\/Autoverzollung.jpg\",\"datePublished\":\"2021-08-16T15:47:42+00:00\",\"dateModified\":\"2024-12-29T16:53:35+00:00\",\"description\":\"Cerere de informa\u021bii pentru transportul vehiculelor. PureProgress Spedition ofer\u0103 servicii de transport de vehicule deschise \u0219i \u00eenchise\",\"breadcrumb\":{\"@id\":\"https:\/\/pureprogress-logistics.com\/produktfinder-fahrzeug-transport\/#breadcrumb\"},\"inLanguage\":\"ro-RO\",\"potentialAction\":[{\"@type\":\"ReadAction\",\"target\":[\"https:\/\/pureprogress-logistics.com\/produktfinder-fahrzeug-transport\/\"]}]},{\"@type\":\"ImageObject\",\"inLanguage\":\"ro-RO\",\"@id\":\"https:\/\/pureprogress-logistics.com\/produktfinder-fahrzeug-transport\/#primaryimage\",\"url\":\"https:\/\/pureprogress-logistics.com\/wp-content\/uploads\/2023\/10\/Autoverzollung.jpg\",\"contentUrl\":\"https:\/\/pureprogress-logistics.com\/wp-content\/uploads\/2023\/10\/Autoverzollung.jpg\"},{\"@type\":\"BreadcrumbList\",\"@id\":\"https:\/\/pureprogress-logistics.com\/produktfinder-fahrzeug-transport\/#breadcrumb\",\"itemListElement\":[{\"@type\":\"ListItem\",\"position\":1,\"name\":\"Startseite\",\"item\":\"https:\/\/pureprogress-logistics.com\/\"},{\"@type\":\"ListItem\",\"position\":2,\"name\":\"C\u0103utator de produse: Transport de vehicule\"}]},{\"@type\":\"WebSite\",\"@id\":\"https:\/\/pureprogress-logistics.com\/#website\",\"url\":\"https:\/\/pureprogress-logistics.com\/\",\"name\":\"Ausfuhrbegleitdokument.com - MRN \/ ABD Erstellung\",\"description\":\"\",\"publisher\":{\"@id\":\"https:\/\/pureprogress-logistics.com\/#organization\"},\"potentialAction\":[{\"@type\":\"SearchAction\",\"target\":{\"@type\":\"EntryPoint\",\"urlTemplate\":\"https:\/\/pureprogress-logistics.com\/?s={search_term_string}\"},\"query-input\":{\"@type\":\"PropertyValueSpecification\",\"valueRequired\":true,\"valueName\":\"search_term_string\"}}],\"inLanguage\":\"ro-RO\"},{\"@type\":\"Organization\",\"@id\":\"https:\/\/pureprogress-logistics.com\/#organization\",\"name\":\"PUREPROGRESS GmbH\",\"url\":\"https:\/\/pureprogress-logistics.com\/\",\"logo\":{\"@type\":\"ImageObject\",\"inLanguage\":\"ro-RO\",\"@id\":\"https:\/\/pureprogress-logistics.com\/#\/schema\/logo\/image\/\",\"url\":\"https:\/\/ausfuhrbegleitdokument.com\/wp-content\/uploads\/2019\/10\/preloader-image.png\",\"contentUrl\":\"https:\/\/ausfuhrbegleitdokument.com\/wp-content\/uploads\/2019\/10\/preloader-image.png\",\"width\":224,\"height\":31,\"caption\":\"PUREPROGRESS GmbH\"},\"image\":{\"@id\":\"https:\/\/pureprogress-logistics.com\/#\/schema\/logo\/image\/\"}}]}<\/script>\n<!-- \/ Yoast SEO plugin. -->","yoast_head_json":{"title":"Transport vehicule - Forwarding & Customs Agency | PUREPROGRESS","description":"Cerere de informa\u021bii pentru transportul vehiculelor. PureProgress Spedition ofer\u0103 servicii de transport de vehicule deschise \u0219i \u00eenchise","robots":{"index":"index","follow":"follow","max-snippet":"max-snippet:-1","max-image-preview":"max-image-preview:large","max-video-preview":"max-video-preview:-1"},"canonical":"https:\/\/pureprogress-logistics.com\/produktfinder-fahrzeug-transport\/","og_locale":"ro_RO","og_type":"article","og_title":"Transport vehicule - Forwarding & Customs Agency | PUREPROGRESS","og_description":"Cerere de informa\u021bii pentru transportul vehiculelor. PureProgress Spedition ofer\u0103 servicii de transport de vehicule deschise \u0219i \u00eenchise","og_url":"https:\/\/pureprogress-logistics.com\/produktfinder-fahrzeug-transport\/","og_site_name":"Spedition &amp; Zollagentur | PUREPROGRESS","article_modified_time":"2024-12-29T16:53:35+00:00","og_image":[{"width":264,"height":177,"url":"https:\/\/pureprogress-logistics.com\/wp-content\/uploads\/2023\/10\/Autoverzollung.jpg","type":"image\/jpeg"}],"twitter_card":"summary_large_image","twitter_misc":{"Timp estimat pentru citire":"2 minute"},"schema":{"@context":"https:\/\/schema.org","@graph":[{"@type":"WebPage","@id":"https:\/\/pureprogress-logistics.com\/produktfinder-fahrzeug-transport\/","url":"https:\/\/pureprogress-logistics.com\/produktfinder-fahrzeug-transport\/","name":"Transport vehicule - Forwarding & Customs Agency | PUREPROGRESS","isPartOf":{"@id":"https:\/\/pureprogress-logistics.com\/#website"},"primaryImageOfPage":{"@id":"https:\/\/pureprogress-logistics.com\/produktfinder-fahrzeug-transport\/#primaryimage"},"image":{"@id":"https:\/\/pureprogress-logistics.com\/produktfinder-fahrzeug-transport\/#primaryimage"},"thumbnailUrl":"https:\/\/pureprogress-logistics.com\/wp-content\/uploads\/2023\/10\/Autoverzollung.jpg","datePublished":"2021-08-16T15:47:42+00:00","dateModified":"2024-12-29T16:53:35+00:00","description":"Cerere de informa\u021bii pentru transportul vehiculelor. PureProgress Spedition ofer\u0103 servicii de transport de vehicule deschise \u0219i \u00eenchise","breadcrumb":{"@id":"https:\/\/pureprogress-logistics.com\/produktfinder-fahrzeug-transport\/#breadcrumb"},"inLanguage":"ro-RO","potentialAction":[{"@type":"ReadAction","target":["https:\/\/pureprogress-logistics.com\/produktfinder-fahrzeug-transport\/"]}]},{"@type":"ImageObject","inLanguage":"ro-RO","@id":"https:\/\/pureprogress-logistics.com\/produktfinder-fahrzeug-transport\/#primaryimage","url":"https:\/\/pureprogress-logistics.com\/wp-content\/uploads\/2023\/10\/Autoverzollung.jpg","contentUrl":"https:\/\/pureprogress-logistics.com\/wp-content\/uploads\/2023\/10\/Autoverzollung.jpg"},{"@type":"BreadcrumbList","@id":"https:\/\/pureprogress-logistics.com\/produktfinder-fahrzeug-transport\/#breadcrumb","itemListElement":[{"@type":"ListItem","position":1,"name":"Startseite","item":"https:\/\/pureprogress-logistics.com\/"},{"@type":"ListItem","position":2,"name":"C\u0103utator de produse: Transport de vehicule"}]},{"@type":"WebSite","@id":"https:\/\/pureprogress-logistics.com\/#website","url":"https:\/\/pureprogress-logistics.com\/","name":"Ausfuhrbegleitdokument.com - MRN \/ ABD Erstellung","description":"","publisher":{"@id":"https:\/\/pureprogress-logistics.com\/#organization"},"potentialAction":[{"@type":"SearchAction","target":{"@type":"EntryPoint","urlTemplate":"https:\/\/pureprogress-logistics.com\/?s={search_term_string}"},"query-input":{"@type":"PropertyValueSpecification","valueRequired":true,"valueName":"search_term_string"}}],"inLanguage":"ro-RO"},{"@type":"Organization","@id":"https:\/\/pureprogress-logistics.com\/#organization","name":"PUREPROGRESS GmbH","url":"https:\/\/pureprogress-logistics.com\/","logo":{"@type":"ImageObject","inLanguage":"ro-RO","@id":"https:\/\/pureprogress-logistics.com\/#\/schema\/logo\/image\/","url":"https:\/\/ausfuhrbegleitdokument.com\/wp-content\/uploads\/2019\/10\/preloader-image.png","contentUrl":"https:\/\/ausfuhrbegleitdokument.com\/wp-content\/uploads\/2019\/10\/preloader-image.png","width":224,"height":31,"caption":"PUREPROGRESS GmbH"},"image":{"@id":"https:\/\/pureprogress-logistics.com\/#\/schema\/logo\/image\/"}}]}},"_links":{"self":[{"href":"https:\/\/pureprogress-logistics.com\/ro\/wp-json\/wp\/v2\/pages\/37489","targetHints":{"allow":["GET"]}}],"collection":[{"href":"https:\/\/pureprogress-logistics.com\/ro\/wp-json\/wp\/v2\/pages"}],"about":[{"href":"https:\/\/pureprogress-logistics.com\/ro\/wp-json\/wp\/v2\/types\/page"}],"author":[{"embeddable":true,"href":"https:\/\/pureprogress-logistics.com\/ro\/wp-json\/wp\/v2\/users\/1"}],"replies":[{"embeddable":true,"href":"https:\/\/pureprogress-logistics.com\/ro\/wp-json\/wp\/v2\/comments?post=37489"}],"version-history":[{"count":0,"href":"https:\/\/pureprogress-logistics.com\/ro\/wp-json\/wp\/v2\/pages\/37489\/revisions"}],"wp:attachment":[{"href":"https:\/\/pureprogress-logistics.com\/ro\/wp-json\/wp\/v2\/media?parent=37489"}],"curies":[{"name":"wp","href":"https:\/\/api.w.org\/{rel}","templated":true}]}}