{"id":37404,"date":"2019-12-18T19:56:00","date_gmt":"2019-12-18T19:56:00","guid":{"rendered":"https:\/\/pureprogress-logistics.com\/transport-maritim-catre-republica-ceha-colet-catre-republica-ceha\/"},"modified":"2024-10-03T13:59:08","modified_gmt":"2024-10-03T13:59:08","slug":"transport-maritim-catre-republica-ceha-colet-catre-republica-ceha","status":"publish","type":"page","link":"https:\/\/pureprogress-logistics.com\/ro\/transport-maritim-catre-republica-ceha-colet-catre-republica-ceha\/","title":{"rendered":"Transport maritim c\u0103tre Republica Ceh\u0103 \/ Colet c\u0103tre Republica Ceh\u0103"},"content":{"rendered":"\t\t<div data-elementor-type=\"wp-page\" data-elementor-id=\"37404\" class=\"elementor elementor-37404 elementor-7275\" data-elementor-post-type=\"page\">\n\t\t\t\t\t\t<section class=\"elementor-section elementor-top-section elementor-element elementor-element-1d96c61 elementor-section-boxed elementor-section-height-default elementor-section-height-default\" data-id=\"1d96c61\" data-element_type=\"section\" data-e-type=\"section\" data-settings=\"{&quot;jet_parallax_layout_list&quot;:[{&quot;jet_parallax_layout_image&quot;:{&quot;url&quot;:&quot;&quot;,&quot;id&quot;:&quot;&quot;,&quot;size&quot;:&quot;&quot;},&quot;_id&quot;:&quot;0529ea0&quot;,&quot;jet_parallax_layout_image_tablet&quot;:{&quot;url&quot;:&quot;&quot;,&quot;id&quot;:&quot;&quot;,&quot;size&quot;:&quot;&quot;},&quot;jet_parallax_layout_image_mobile&quot;:{&quot;url&quot;:&quot;&quot;,&quot;id&quot;:&quot;&quot;,&quot;size&quot;:&quot;&quot;},&quot;jet_parallax_layout_speed&quot;:{&quot;unit&quot;:&quot;%&quot;,&quot;size&quot;:50,&quot;sizes&quot;:[]},&quot;jet_parallax_layout_type&quot;:&quot;scroll&quot;,&quot;jet_parallax_layout_direction&quot;:&quot;1&quot;,&quot;jet_parallax_layout_fx_direction&quot;:null,&quot;jet_parallax_layout_z_index&quot;:&quot;&quot;,&quot;jet_parallax_layout_bg_x&quot;:50,&quot;jet_parallax_layout_bg_x_tablet&quot;:&quot;&quot;,&quot;jet_parallax_layout_bg_x_mobile&quot;:&quot;&quot;,&quot;jet_parallax_layout_bg_y&quot;:50,&quot;jet_parallax_layout_bg_y_tablet&quot;:&quot;&quot;,&quot;jet_parallax_layout_bg_y_mobile&quot;:&quot;&quot;,&quot;jet_parallax_layout_bg_size&quot;:&quot;auto&quot;,&quot;jet_parallax_layout_bg_size_tablet&quot;:&quot;&quot;,&quot;jet_parallax_layout_bg_size_mobile&quot;:&quot;&quot;,&quot;jet_parallax_layout_animation_prop&quot;:&quot;transform&quot;,&quot;jet_parallax_layout_on&quot;:[&quot;desktop&quot;,&quot;tablet&quot;]}]}\">\n\t\t\t\t\t\t<div class=\"elementor-container elementor-column-gap-default\">\n\t\t\t\t\t<div class=\"elementor-column elementor-col-100 elementor-top-column elementor-element elementor-element-00b4639\" data-id=\"00b4639\" data-element_type=\"column\" data-e-type=\"column\">\n\t\t\t<div class=\"elementor-widget-wrap elementor-element-populated\">\n\t\t\t\t\t\t<div class=\"elementor-element elementor-element-da01a08 elementor-hidden-tablet elementor-hidden-phone elementor-widget elementor-widget-image\" data-id=\"da01a08\" data-element_type=\"widget\" data-e-type=\"widget\" data-widget_type=\"image.default\">\n\t\t\t\t<div class=\"elementor-widget-container\">\n\t\t\t\t\t\t\t\t\t\t\t\t\t\t\t<img fetchpriority=\"high\" decoding=\"async\" width=\"1200\" height=\"279\" src=\"https:\/\/pureprogress-logistics.com\/wp-content\/uploads\/2019\/12\/versand-nach-tschechien-symbolbild-lkw.jpg\" class=\"attachment-full size-full wp-image-7349\" alt=\"Versand nach Tschechien (Symbolbild)\" srcset=\"https:\/\/pureprogress-logistics.com\/wp-content\/uploads\/2019\/12\/versand-nach-tschechien-symbolbild-lkw.jpg 1200w, https:\/\/pureprogress-logistics.com\/wp-content\/uploads\/2019\/12\/versand-nach-tschechien-symbolbild-lkw-300x70.jpg 300w, https:\/\/pureprogress-logistics.com\/wp-content\/uploads\/2019\/12\/versand-nach-tschechien-symbolbild-lkw-1024x238.jpg 1024w, https:\/\/pureprogress-logistics.com\/wp-content\/uploads\/2019\/12\/versand-nach-tschechien-symbolbild-lkw-768x179.jpg 768w, https:\/\/pureprogress-logistics.com\/wp-content\/uploads\/2019\/12\/versand-nach-tschechien-symbolbild-lkw-418x97.jpg 418w\" sizes=\"(max-width: 1200px) 100vw, 1200px\" \/>\t\t\t\t\t\t\t\t\t\t\t\t\t\t\t<\/div>\n\t\t\t\t<\/div>\n\t\t\t\t<div class=\"elementor-element elementor-element-92c32a3 elementor-hidden-desktop elementor-hidden-phone elementor-widget elementor-widget-image\" data-id=\"92c32a3\" data-element_type=\"widget\" data-e-type=\"widget\" data-widget_type=\"image.default\">\n\t\t\t\t<div class=\"elementor-widget-container\">\n\t\t\t\t\t\t\t\t\t\t\t\t\t\t\t<img decoding=\"async\" width=\"600\" height=\"140\" src=\"https:\/\/pureprogress-logistics.com\/wp-content\/uploads\/2019\/12\/versand-nach-tschechien-symbolbild-lkw_tablet.jpg\" class=\"attachment-full size-full wp-image-7348\" alt=\"Versand nach Tschechien (Symbolbild)\" srcset=\"https:\/\/pureprogress-logistics.com\/wp-content\/uploads\/2019\/12\/versand-nach-tschechien-symbolbild-lkw_tablet.jpg 600w, https:\/\/pureprogress-logistics.com\/wp-content\/uploads\/2019\/12\/versand-nach-tschechien-symbolbild-lkw_tablet-300x70.jpg 300w, https:\/\/pureprogress-logistics.com\/wp-content\/uploads\/2019\/12\/versand-nach-tschechien-symbolbild-lkw_tablet-418x98.jpg 418w\" sizes=\"(max-width: 600px) 100vw, 600px\" \/>\t\t\t\t\t\t\t\t\t\t\t\t\t\t\t<\/div>\n\t\t\t\t<\/div>\n\t\t\t\t<div class=\"elementor-element elementor-element-798feb3 elementor-hidden-desktop elementor-hidden-tablet elementor-widget elementor-widget-image\" data-id=\"798feb3\" data-element_type=\"widget\" data-e-type=\"widget\" data-widget_type=\"image.default\">\n\t\t\t\t<div class=\"elementor-widget-container\">\n\t\t\t\t\t\t\t\t\t\t\t\t\t\t\t<img decoding=\"async\" width=\"400\" height=\"93\" src=\"https:\/\/pureprogress-logistics.com\/wp-content\/uploads\/2019\/12\/versand-nach-tschechien-symbolbild-lkw_smartphone.jpg\" class=\"attachment-full size-full wp-image-7343\" alt=\"Versand nach Tschechien (Symbolbild)\" srcset=\"https:\/\/pureprogress-logistics.com\/wp-content\/uploads\/2019\/12\/versand-nach-tschechien-symbolbild-lkw_smartphone.jpg 400w, https:\/\/pureprogress-logistics.com\/wp-content\/uploads\/2019\/12\/versand-nach-tschechien-symbolbild-lkw_smartphone-300x70.jpg 300w\" sizes=\"(max-width: 400px) 100vw, 400px\" \/>\t\t\t\t\t\t\t\t\t\t\t\t\t\t\t<\/div>\n\t\t\t\t<\/div>\n\t\t\t\t<div class=\"elementor-element elementor-element-458ba71 elementor-widget elementor-widget-heading\" data-id=\"458ba71\" data-element_type=\"widget\" data-e-type=\"widget\" data-widget_type=\"heading.default\">\n\t\t\t\t<div class=\"elementor-widget-container\">\n\t\t\t\t\t<h1 class=\"elementor-heading-title elementor-size-default\"><strong><font size=\"5\">Transport maritim c\u0103tre Republica Ceh\u0103 \/ Colet c\u0103tre Republica Ceh\u0103<\/font><\/strong><\/h1>\t\t\t\t<\/div>\n\t\t\t\t<\/div>\n\t\t\t\t\t<\/div>\n\t\t<\/div>\n\t\t\t\t\t<\/div>\n\t\t<\/section>\n\t\t\t\t<section class=\"elementor-section elementor-top-section elementor-element elementor-element-240f918a elementor-section-boxed elementor-section-height-default elementor-section-height-default\" data-id=\"240f918a\" data-element_type=\"section\" data-e-type=\"section\" data-settings=\"{&quot;jet_parallax_layout_list&quot;:[{&quot;jet_parallax_layout_image&quot;:{&quot;url&quot;:&quot;&quot;,&quot;id&quot;:&quot;&quot;,&quot;size&quot;:&quot;&quot;},&quot;_id&quot;:&quot;2e18224&quot;,&quot;jet_parallax_layout_image_tablet&quot;:{&quot;url&quot;:&quot;&quot;,&quot;id&quot;:&quot;&quot;,&quot;size&quot;:&quot;&quot;},&quot;jet_parallax_layout_image_mobile&quot;:{&quot;url&quot;:&quot;&quot;,&quot;id&quot;:&quot;&quot;,&quot;size&quot;:&quot;&quot;},&quot;jet_parallax_layout_speed&quot;:{&quot;unit&quot;:&quot;%&quot;,&quot;size&quot;:50,&quot;sizes&quot;:[]},&quot;jet_parallax_layout_type&quot;:&quot;scroll&quot;,&quot;jet_parallax_layout_direction&quot;:&quot;1&quot;,&quot;jet_parallax_layout_fx_direction&quot;:null,&quot;jet_parallax_layout_z_index&quot;:&quot;&quot;,&quot;jet_parallax_layout_bg_x&quot;:50,&quot;jet_parallax_layout_bg_x_tablet&quot;:&quot;&quot;,&quot;jet_parallax_layout_bg_x_mobile&quot;:&quot;&quot;,&quot;jet_parallax_layout_bg_y&quot;:50,&quot;jet_parallax_layout_bg_y_tablet&quot;:&quot;&quot;,&quot;jet_parallax_layout_bg_y_mobile&quot;:&quot;&quot;,&quot;jet_parallax_layout_bg_size&quot;:&quot;auto&quot;,&quot;jet_parallax_layout_bg_size_tablet&quot;:&quot;&quot;,&quot;jet_parallax_layout_bg_size_mobile&quot;:&quot;&quot;,&quot;jet_parallax_layout_animation_prop&quot;:&quot;transform&quot;,&quot;jet_parallax_layout_on&quot;:[&quot;desktop&quot;,&quot;tablet&quot;]}]}\">\n\t\t\t\t\t\t<div class=\"elementor-container elementor-column-gap-default\">\n\t\t\t\t\t<div class=\"elementor-column elementor-col-100 elementor-top-column elementor-element elementor-element-71214c1d\" data-id=\"71214c1d\" data-element_type=\"column\" data-e-type=\"column\">\n\t\t\t<div class=\"elementor-widget-wrap elementor-element-populated\">\n\t\t\t\t\t\t<div class=\"elementor-element elementor-element-6135f847 elementor-widget elementor-widget-text-editor\" data-id=\"6135f847\" data-element_type=\"widget\" data-e-type=\"widget\" data-widget_type=\"text-editor.default\">\n\t\t\t\t<div class=\"elementor-widget-container\">\n\t\t\t\t\t\t\t\t\t<p><\/p>\n<p><\/p>\n<p><br> <br>Trebuie s\u0103 organiza\u021bi un transport c\u0103tre <a href=\"https:\/\/de.wikipedia.org\/wiki\/Tschechien\">Republica Ceh\u0103 <\/a>? V\u0103 putem ajuta \u00een acest sens \u0219i s\u0103 calcul\u0103m costurile de transport c\u0103tre Republica Ceh\u0103 pentru dvs., f\u0103r\u0103 nicio obliga\u021bie. <br> <br>V\u0103 putem sprijini dac\u0103 dori\u021bi s\u0103 trimite\u021bi mai multe colete \u00een Republica Ceh\u0103 sau doar unul singur.\n <br> <br> <br>Destina\u021biile populare pentru expedierile c\u0103tre Republica Ceh\u0103 sunt capitala Praga sau ora\u0219ele Brno (Br\u00fcnn) \u0219i Plzen (Pilsen), mari din punct de vedere industrial.\n <br><br><br>L\u0103sa\u021bi-ne s\u0103 v\u0103 planific\u0103m transportul \u0219i v\u0103 vom convinge de serviciile noastre prin serviciul nostru personal pentru clien\u021bi \u0219i timpii no\u0219tri de tranzit scur\u021bi. Planifica\u021bi un transport special c\u0103tre Republica Ceh\u0103?\n<br><br>V\u0103 putem sprijini \u0219i aici \u0219i putem discuta \u00eempreun\u0103 proiectul dumneavoastr\u0103.\n<br>Suna\u021bi un specialist \u00een transport din echipa noastr\u0103 sau trimite\u021bi-ne un e-mail folosind<a href=\"http:\/\/ausfuhrbegleitdokument.com\/kontakt\/\">formularul de contact<\/a>.    <\/p>\n<p><\/p>\n<p><\/p>\n<h2>Transport c\u0103tre Republica Ceh\u0103 cu asigurare de transport<\/h2>\n<p><\/p>\n<p><\/p>\n<p><br><br>Valoarea coletului dumneavoastr\u0103 c\u0103tre Republica Ceh\u0103 dep\u0103\u0219e\u0219te valoarea maxim\u0103 asigurabil\u0103 a unui furnizor obi\u0219nuit de servicii de colet\u0103rie?\nNicio problem\u0103!\n<br><br>Asigurarea noastr\u0103 special\u0103 face posibil\u0103 trimiterea de bunuri cu valoare mare asigurate \u00een Republica Ceh\u0103.\n <br>Acestea includ, de exemplu, \u021big\u0103ri \u0219i trabucuri, produse farmaceutice etc.   <\/p>\n<p><\/p>\n<p><\/p>\n<h2>Expediere prin agent de expedi\u021bie &#8211; Republica Ceh\u0103<\/h2>\n<p><\/p>\n<p><\/p>\n<p><br>Transportul de m\u0103rfuri din Germania \u00een Republica Ceh\u0103 este specialitatea noastr\u0103.\n<br><br>Cu toate acestea, pentru a v\u0103 putea oferi cel mai bun pre\u021b, avem nevoie \u00een prealabil de c\u00e2teva informa\u021bii despre transportul dumneavoastr\u0103.\n<br>V\u0103 rug\u0103m s\u0103 preg\u0103ti\u021bi urm\u0103toarele date \u0219i detalii:  <\/p>\n<p><\/p>\n<p><\/p>\n<ul>\n<li>Greutatea brut\u0103 \u0219i net\u0103 a lotului<\/li>\n<li>Num\u0103rul de pachete \u0219i tipul de pachete<\/li>\n<li>Dimensiunile ambalajelor<\/li>\n<li>Tipul \u0219i valoarea bunurilor<\/li>\n<li>Adresa de colectare \u0219i adresa de livrare<\/li>\n<li>Eventual date sau termene de livrare speciale<\/li>\n<li>Suplimentele necesare, cum ar fi ridicarea cozii, desc\u0103rcarea macaralei etc.<\/li>\n<\/ul>\n<p><\/p>\n<p><\/p>\n<p><br><br>Contacta\u021bi-ne prin <a href=\"mailto:info@ausfuhrbegleitdokument.com\">e-mail<\/a> \u0219i v\u0103 vom convinge de raportul nostru pre\u021b\/performan\u021b\u0103 cu o ofert\u0103 neangajant\u0103 la .<\/p>\n<p><\/p>\t\t\t\t\t\t\t\t<\/div>\n\t\t\t\t<\/div>\n\t\t\t\t\t<\/div>\n\t\t<\/div>\n\t\t\t\t\t<\/div>\n\t\t<\/section>\n\t\t\t\t<section class=\"elementor-section elementor-top-section elementor-element elementor-element-240f479 elementor-section-boxed elementor-section-height-default elementor-section-height-default\" data-id=\"240f479\" data-element_type=\"section\" data-e-type=\"section\" data-settings=\"{&quot;jet_parallax_layout_list&quot;:[{&quot;jet_parallax_layout_image&quot;:{&quot;url&quot;:&quot;&quot;,&quot;id&quot;:&quot;&quot;,&quot;size&quot;:&quot;&quot;},&quot;_id&quot;:&quot;8784675&quot;,&quot;jet_parallax_layout_image_tablet&quot;:{&quot;url&quot;:&quot;&quot;,&quot;id&quot;:&quot;&quot;,&quot;size&quot;:&quot;&quot;},&quot;jet_parallax_layout_image_mobile&quot;:{&quot;url&quot;:&quot;&quot;,&quot;id&quot;:&quot;&quot;,&quot;size&quot;:&quot;&quot;},&quot;jet_parallax_layout_speed&quot;:{&quot;unit&quot;:&quot;%&quot;,&quot;size&quot;:50,&quot;sizes&quot;:[]},&quot;jet_parallax_layout_type&quot;:&quot;scroll&quot;,&quot;jet_parallax_layout_direction&quot;:&quot;1&quot;,&quot;jet_parallax_layout_fx_direction&quot;:null,&quot;jet_parallax_layout_z_index&quot;:&quot;&quot;,&quot;jet_parallax_layout_bg_x&quot;:50,&quot;jet_parallax_layout_bg_x_tablet&quot;:&quot;&quot;,&quot;jet_parallax_layout_bg_x_mobile&quot;:&quot;&quot;,&quot;jet_parallax_layout_bg_y&quot;:50,&quot;jet_parallax_layout_bg_y_tablet&quot;:&quot;&quot;,&quot;jet_parallax_layout_bg_y_mobile&quot;:&quot;&quot;,&quot;jet_parallax_layout_bg_size&quot;:&quot;auto&quot;,&quot;jet_parallax_layout_bg_size_tablet&quot;:&quot;&quot;,&quot;jet_parallax_layout_bg_size_mobile&quot;:&quot;&quot;,&quot;jet_parallax_layout_animation_prop&quot;:&quot;transform&quot;,&quot;jet_parallax_layout_on&quot;:[&quot;desktop&quot;,&quot;tablet&quot;]}]}\">\n\t\t\t\t\t\t<div class=\"elementor-container elementor-column-gap-default\">\n\t\t\t\t\t<div class=\"elementor-column elementor-col-100 elementor-top-column elementor-element elementor-element-9140ebb\" data-id=\"9140ebb\" data-element_type=\"column\" data-e-type=\"column\">\n\t\t\t<div class=\"elementor-widget-wrap elementor-element-populated\">\n\t\t\t\t\t\t<div class=\"elementor-element elementor-element-2a80623 elementor-widget elementor-widget-text-editor\" data-id=\"2a80623\" data-element_type=\"widget\" data-e-type=\"widget\" data-widget_type=\"text-editor.default\">\n\t\t\t\t<div class=\"elementor-widget-container\">\n\t\t\t\t\t\t\t\t\t<p><iframe src=\"https:\/\/www.google.com\/maps\/embed?pb=!1m18!1m12!1m3!1d2638039.171827422!2d13.231968386037545!3d49.782113269742126!2m3!1f0!2f0!3f0!3m2!1i1024!2i768!4f13.1!3m3!1m2!1s0x470b948fd7dd8243%3A0xf8661c75d3db586f!2sTschechien!5e0!3m2!1sde!2sid!4v1576952567481!5m2!1sde!2sid\" width=\"600\" height=\"350\" frameborder=\"0\" style=\"border:0;\" allowfullscreen=\"\"><\/iframe><\/p>\n\t\t\t\t\t\t\t\t<\/div>\n\t\t\t\t<\/div>\n\t\t\t\t\t<\/div>\n\t\t<\/div>\n\t\t\t\t\t<\/div>\n\t\t<\/section>\n\t\t\t\t<\/div>\n\t\t","protected":false},"excerpt":{"rendered":"<p>Transport maritim c\u0103tre Republica Ceh\u0103 \/ Colet c\u0103tre Republica Ceh\u0103 Trebuie s\u0103 organiza\u021bi un transport c\u0103tre Republica Ceh\u0103 ? V\u0103 putem ajuta \u00een acest sens \u0219i s\u0103 calcul\u0103m costurile de transport c\u0103tre Republica Ceh\u0103, f\u0103r\u0103 nicio obliga\u021bie. V\u0103 putem sprijini dac\u0103 dori\u021bi s\u0103 trimite\u021bi mai multe colete \u00een Republica Ceh\u0103 sau doar unul singur. Destina\u021biile [&hellip;]<\/p>\n","protected":false},"author":1,"featured_media":0,"parent":0,"menu_order":0,"comment_status":"closed","ping_status":"closed","template":"","meta":{"_monsterinsights_skip_tracking":false,"_monsterinsights_sitenote_active":false,"_monsterinsights_sitenote_note":"","_monsterinsights_sitenote_category":0,"footnotes":""},"class_list":["post-37404","page","type-page","status-publish","hentry"],"yoast_head":"<!-- This site is optimized with the Yoast SEO plugin v27.2 - https:\/\/yoast.com\/product\/yoast-seo-wordpress\/ -->\n<title>Transport maritim c\u0103tre Republica Ceh\u0103 \/ Colet c\u0103tre Republica Ceh\u0103<\/title>\n<meta name=\"description\" content=\"Trimite\u021bi un colet \u00een Republica Ceh\u0103 - informa\u021bii succinte despre \u021bar\u0103 \u0219i ce date sunt necesare pentru expedierea c\u0103tre Republica Ceh\u0103.\" \/>\n<meta name=\"robots\" content=\"index, follow, max-snippet:-1, max-image-preview:large, max-video-preview:-1\" \/>\n<link rel=\"canonical\" href=\"https:\/\/pureprogress-logistics.com\/ro\/transport-maritim-catre-republica-ceha-colet-catre-republica-ceha\/\" \/>\n<meta property=\"og:locale\" content=\"ro_RO\" \/>\n<meta property=\"og:type\" content=\"article\" \/>\n<meta property=\"og:title\" content=\"Transport maritim c\u0103tre Republica Ceh\u0103 \/ Colet c\u0103tre Republica Ceh\u0103\" \/>\n<meta property=\"og:description\" content=\"Trimite\u021bi un colet \u00een Republica Ceh\u0103 - informa\u021bii succinte despre \u021bar\u0103 \u0219i ce date sunt necesare pentru expedierea c\u0103tre Republica Ceh\u0103.\" \/>\n<meta property=\"og:url\" content=\"https:\/\/pureprogress-logistics.com\/ro\/transport-maritim-catre-republica-ceha-colet-catre-republica-ceha\/\" \/>\n<meta property=\"og:site_name\" content=\"Spedition &amp; Zollagentur | PUREPROGRESS\" \/>\n<meta property=\"article:modified_time\" content=\"2024-10-03T13:59:08+00:00\" \/>\n<meta property=\"og:image\" content=\"https:\/\/pureprogress-logistics.com\/wp-content\/uploads\/2019\/12\/versand-nach-tschechien-symbolbild-lkw.jpg\" \/>\n<meta name=\"twitter:card\" content=\"summary_large_image\" \/>\n<meta name=\"twitter:label1\" content=\"Timp estimat pentru citire\" \/>\n\t<meta name=\"twitter:data1\" content=\"2 minute\" \/>\n<script type=\"application\/ld+json\" class=\"yoast-schema-graph\">{\"@context\":\"https:\/\/schema.org\",\"@graph\":[{\"@type\":\"WebPage\",\"@id\":\"https:\/\/pureprogress-logistics.com\/ro\/transport-maritim-catre-republica-ceha-colet-catre-republica-ceha\/\",\"url\":\"https:\/\/pureprogress-logistics.com\/ro\/transport-maritim-catre-republica-ceha-colet-catre-republica-ceha\/\",\"name\":\"Transport maritim c\u0103tre Republica Ceh\u0103 \/ Colet c\u0103tre Republica Ceh\u0103\",\"isPartOf\":{\"@id\":\"https:\/\/pureprogress-logistics.com\/#website\"},\"primaryImageOfPage\":{\"@id\":\"https:\/\/pureprogress-logistics.com\/ro\/transport-maritim-catre-republica-ceha-colet-catre-republica-ceha\/#primaryimage\"},\"image\":{\"@id\":\"https:\/\/pureprogress-logistics.com\/ro\/transport-maritim-catre-republica-ceha-colet-catre-republica-ceha\/#primaryimage\"},\"thumbnailUrl\":\"https:\/\/pureprogress-logistics.com\/wp-content\/uploads\/2019\/12\/versand-nach-tschechien-symbolbild-lkw.jpg\",\"datePublished\":\"2019-12-18T19:56:00+00:00\",\"dateModified\":\"2024-10-03T13:59:08+00:00\",\"description\":\"Trimite\u021bi un colet \u00een Republica Ceh\u0103 - informa\u021bii succinte despre \u021bar\u0103 \u0219i ce date sunt necesare pentru expedierea c\u0103tre Republica Ceh\u0103.\",\"breadcrumb\":{\"@id\":\"https:\/\/pureprogress-logistics.com\/ro\/transport-maritim-catre-republica-ceha-colet-catre-republica-ceha\/#breadcrumb\"},\"inLanguage\":\"ro-RO\",\"potentialAction\":[{\"@type\":\"ReadAction\",\"target\":[\"https:\/\/pureprogress-logistics.com\/ro\/transport-maritim-catre-republica-ceha-colet-catre-republica-ceha\/\"]}]},{\"@type\":\"ImageObject\",\"inLanguage\":\"ro-RO\",\"@id\":\"https:\/\/pureprogress-logistics.com\/ro\/transport-maritim-catre-republica-ceha-colet-catre-republica-ceha\/#primaryimage\",\"url\":\"https:\/\/pureprogress-logistics.com\/wp-content\/uploads\/2019\/12\/versand-nach-tschechien-symbolbild-lkw.jpg\",\"contentUrl\":\"https:\/\/pureprogress-logistics.com\/wp-content\/uploads\/2019\/12\/versand-nach-tschechien-symbolbild-lkw.jpg\"},{\"@type\":\"BreadcrumbList\",\"@id\":\"https:\/\/pureprogress-logistics.com\/ro\/transport-maritim-catre-republica-ceha-colet-catre-republica-ceha\/#breadcrumb\",\"itemListElement\":[{\"@type\":\"ListItem\",\"position\":1,\"name\":\"Startseite\",\"item\":\"https:\/\/pureprogress-logistics.com\/\"},{\"@type\":\"ListItem\",\"position\":2,\"name\":\"Transport maritim c\u0103tre Republica Ceh\u0103 \/ Colet c\u0103tre Republica Ceh\u0103\"}]},{\"@type\":\"WebSite\",\"@id\":\"https:\/\/pureprogress-logistics.com\/#website\",\"url\":\"https:\/\/pureprogress-logistics.com\/\",\"name\":\"Ausfuhrbegleitdokument.com - MRN \/ ABD Erstellung\",\"description\":\"\",\"publisher\":{\"@id\":\"https:\/\/pureprogress-logistics.com\/#organization\"},\"potentialAction\":[{\"@type\":\"SearchAction\",\"target\":{\"@type\":\"EntryPoint\",\"urlTemplate\":\"https:\/\/pureprogress-logistics.com\/?s={search_term_string}\"},\"query-input\":{\"@type\":\"PropertyValueSpecification\",\"valueRequired\":true,\"valueName\":\"search_term_string\"}}],\"inLanguage\":\"ro-RO\"},{\"@type\":\"Organization\",\"@id\":\"https:\/\/pureprogress-logistics.com\/#organization\",\"name\":\"PUREPROGRESS GmbH\",\"url\":\"https:\/\/pureprogress-logistics.com\/\",\"logo\":{\"@type\":\"ImageObject\",\"inLanguage\":\"ro-RO\",\"@id\":\"https:\/\/pureprogress-logistics.com\/#\/schema\/logo\/image\/\",\"url\":\"https:\/\/ausfuhrbegleitdokument.com\/wp-content\/uploads\/2019\/10\/preloader-image.png\",\"contentUrl\":\"https:\/\/ausfuhrbegleitdokument.com\/wp-content\/uploads\/2019\/10\/preloader-image.png\",\"width\":224,\"height\":31,\"caption\":\"PUREPROGRESS GmbH\"},\"image\":{\"@id\":\"https:\/\/pureprogress-logistics.com\/#\/schema\/logo\/image\/\"}}]}<\/script>\n<!-- \/ Yoast SEO plugin. -->","yoast_head_json":{"title":"Transport maritim c\u0103tre Republica Ceh\u0103 \/ Colet c\u0103tre Republica Ceh\u0103","description":"Trimite\u021bi un colet \u00een Republica Ceh\u0103 - informa\u021bii succinte despre \u021bar\u0103 \u0219i ce date sunt necesare pentru expedierea c\u0103tre Republica Ceh\u0103.","robots":{"index":"index","follow":"follow","max-snippet":"max-snippet:-1","max-image-preview":"max-image-preview:large","max-video-preview":"max-video-preview:-1"},"canonical":"https:\/\/pureprogress-logistics.com\/ro\/transport-maritim-catre-republica-ceha-colet-catre-republica-ceha\/","og_locale":"ro_RO","og_type":"article","og_title":"Transport maritim c\u0103tre Republica Ceh\u0103 \/ Colet c\u0103tre Republica Ceh\u0103","og_description":"Trimite\u021bi un colet \u00een Republica Ceh\u0103 - informa\u021bii succinte despre \u021bar\u0103 \u0219i ce date sunt necesare pentru expedierea c\u0103tre Republica Ceh\u0103.","og_url":"https:\/\/pureprogress-logistics.com\/ro\/transport-maritim-catre-republica-ceha-colet-catre-republica-ceha\/","og_site_name":"Spedition &amp; Zollagentur | PUREPROGRESS","article_modified_time":"2024-10-03T13:59:08+00:00","og_image":[{"url":"https:\/\/pureprogress-logistics.com\/wp-content\/uploads\/2019\/12\/versand-nach-tschechien-symbolbild-lkw.jpg","type":"","width":"","height":""}],"twitter_card":"summary_large_image","twitter_misc":{"Timp estimat pentru citire":"2 minute"},"schema":{"@context":"https:\/\/schema.org","@graph":[{"@type":"WebPage","@id":"https:\/\/pureprogress-logistics.com\/ro\/transport-maritim-catre-republica-ceha-colet-catre-republica-ceha\/","url":"https:\/\/pureprogress-logistics.com\/ro\/transport-maritim-catre-republica-ceha-colet-catre-republica-ceha\/","name":"Transport maritim c\u0103tre Republica Ceh\u0103 \/ Colet c\u0103tre Republica Ceh\u0103","isPartOf":{"@id":"https:\/\/pureprogress-logistics.com\/#website"},"primaryImageOfPage":{"@id":"https:\/\/pureprogress-logistics.com\/ro\/transport-maritim-catre-republica-ceha-colet-catre-republica-ceha\/#primaryimage"},"image":{"@id":"https:\/\/pureprogress-logistics.com\/ro\/transport-maritim-catre-republica-ceha-colet-catre-republica-ceha\/#primaryimage"},"thumbnailUrl":"https:\/\/pureprogress-logistics.com\/wp-content\/uploads\/2019\/12\/versand-nach-tschechien-symbolbild-lkw.jpg","datePublished":"2019-12-18T19:56:00+00:00","dateModified":"2024-10-03T13:59:08+00:00","description":"Trimite\u021bi un colet \u00een Republica Ceh\u0103 - informa\u021bii succinte despre \u021bar\u0103 \u0219i ce date sunt necesare pentru expedierea c\u0103tre Republica Ceh\u0103.","breadcrumb":{"@id":"https:\/\/pureprogress-logistics.com\/ro\/transport-maritim-catre-republica-ceha-colet-catre-republica-ceha\/#breadcrumb"},"inLanguage":"ro-RO","potentialAction":[{"@type":"ReadAction","target":["https:\/\/pureprogress-logistics.com\/ro\/transport-maritim-catre-republica-ceha-colet-catre-republica-ceha\/"]}]},{"@type":"ImageObject","inLanguage":"ro-RO","@id":"https:\/\/pureprogress-logistics.com\/ro\/transport-maritim-catre-republica-ceha-colet-catre-republica-ceha\/#primaryimage","url":"https:\/\/pureprogress-logistics.com\/wp-content\/uploads\/2019\/12\/versand-nach-tschechien-symbolbild-lkw.jpg","contentUrl":"https:\/\/pureprogress-logistics.com\/wp-content\/uploads\/2019\/12\/versand-nach-tschechien-symbolbild-lkw.jpg"},{"@type":"BreadcrumbList","@id":"https:\/\/pureprogress-logistics.com\/ro\/transport-maritim-catre-republica-ceha-colet-catre-republica-ceha\/#breadcrumb","itemListElement":[{"@type":"ListItem","position":1,"name":"Startseite","item":"https:\/\/pureprogress-logistics.com\/"},{"@type":"ListItem","position":2,"name":"Transport maritim c\u0103tre Republica Ceh\u0103 \/ Colet c\u0103tre Republica Ceh\u0103"}]},{"@type":"WebSite","@id":"https:\/\/pureprogress-logistics.com\/#website","url":"https:\/\/pureprogress-logistics.com\/","name":"Ausfuhrbegleitdokument.com - MRN \/ ABD Erstellung","description":"","publisher":{"@id":"https:\/\/pureprogress-logistics.com\/#organization"},"potentialAction":[{"@type":"SearchAction","target":{"@type":"EntryPoint","urlTemplate":"https:\/\/pureprogress-logistics.com\/?s={search_term_string}"},"query-input":{"@type":"PropertyValueSpecification","valueRequired":true,"valueName":"search_term_string"}}],"inLanguage":"ro-RO"},{"@type":"Organization","@id":"https:\/\/pureprogress-logistics.com\/#organization","name":"PUREPROGRESS GmbH","url":"https:\/\/pureprogress-logistics.com\/","logo":{"@type":"ImageObject","inLanguage":"ro-RO","@id":"https:\/\/pureprogress-logistics.com\/#\/schema\/logo\/image\/","url":"https:\/\/ausfuhrbegleitdokument.com\/wp-content\/uploads\/2019\/10\/preloader-image.png","contentUrl":"https:\/\/ausfuhrbegleitdokument.com\/wp-content\/uploads\/2019\/10\/preloader-image.png","width":224,"height":31,"caption":"PUREPROGRESS GmbH"},"image":{"@id":"https:\/\/pureprogress-logistics.com\/#\/schema\/logo\/image\/"}}]}},"_links":{"self":[{"href":"https:\/\/pureprogress-logistics.com\/ro\/wp-json\/wp\/v2\/pages\/37404","targetHints":{"allow":["GET"]}}],"collection":[{"href":"https:\/\/pureprogress-logistics.com\/ro\/wp-json\/wp\/v2\/pages"}],"about":[{"href":"https:\/\/pureprogress-logistics.com\/ro\/wp-json\/wp\/v2\/types\/page"}],"author":[{"embeddable":true,"href":"https:\/\/pureprogress-logistics.com\/ro\/wp-json\/wp\/v2\/users\/1"}],"replies":[{"embeddable":true,"href":"https:\/\/pureprogress-logistics.com\/ro\/wp-json\/wp\/v2\/comments?post=37404"}],"version-history":[{"count":0,"href":"https:\/\/pureprogress-logistics.com\/ro\/wp-json\/wp\/v2\/pages\/37404\/revisions"}],"wp:attachment":[{"href":"https:\/\/pureprogress-logistics.com\/ro\/wp-json\/wp\/v2\/media?parent=37404"}],"curies":[{"name":"wp","href":"https:\/\/api.w.org\/{rel}","templated":true}]}}