{"id":37392,"date":"2019-12-18T16:34:53","date_gmt":"2019-12-18T16:34:53","guid":{"rendered":"https:\/\/pureprogress-logistics.com\/transport-maritim-in-belgia-colet-in-belgia\/"},"modified":"2024-10-03T13:58:53","modified_gmt":"2024-10-03T13:58:53","slug":"transport-maritim-in-belgia-colet-in-belgia","status":"publish","type":"page","link":"https:\/\/pureprogress-logistics.com\/ro\/transport-maritim-in-belgia-colet-in-belgia\/","title":{"rendered":"Transport maritim \u00een Belgia \/ Colet \u00een Belgia"},"content":{"rendered":"\t\t<div data-elementor-type=\"wp-page\" data-elementor-id=\"37392\" class=\"elementor elementor-37392 elementor-7267\" data-elementor-post-type=\"page\">\n\t\t\t\t\t\t<section class=\"elementor-section elementor-top-section elementor-element elementor-element-120c6e1 elementor-section-boxed elementor-section-height-default elementor-section-height-default\" data-id=\"120c6e1\" data-element_type=\"section\" data-e-type=\"section\" data-settings=\"{&quot;jet_parallax_layout_list&quot;:[{&quot;jet_parallax_layout_image&quot;:{&quot;url&quot;:&quot;&quot;,&quot;id&quot;:&quot;&quot;,&quot;size&quot;:&quot;&quot;},&quot;_id&quot;:&quot;0529ea0&quot;,&quot;jet_parallax_layout_image_tablet&quot;:{&quot;url&quot;:&quot;&quot;,&quot;id&quot;:&quot;&quot;,&quot;size&quot;:&quot;&quot;},&quot;jet_parallax_layout_image_mobile&quot;:{&quot;url&quot;:&quot;&quot;,&quot;id&quot;:&quot;&quot;,&quot;size&quot;:&quot;&quot;},&quot;jet_parallax_layout_speed&quot;:{&quot;unit&quot;:&quot;%&quot;,&quot;size&quot;:50,&quot;sizes&quot;:[]},&quot;jet_parallax_layout_type&quot;:&quot;scroll&quot;,&quot;jet_parallax_layout_direction&quot;:&quot;1&quot;,&quot;jet_parallax_layout_fx_direction&quot;:null,&quot;jet_parallax_layout_z_index&quot;:&quot;&quot;,&quot;jet_parallax_layout_bg_x&quot;:50,&quot;jet_parallax_layout_bg_x_tablet&quot;:&quot;&quot;,&quot;jet_parallax_layout_bg_x_mobile&quot;:&quot;&quot;,&quot;jet_parallax_layout_bg_y&quot;:50,&quot;jet_parallax_layout_bg_y_tablet&quot;:&quot;&quot;,&quot;jet_parallax_layout_bg_y_mobile&quot;:&quot;&quot;,&quot;jet_parallax_layout_bg_size&quot;:&quot;auto&quot;,&quot;jet_parallax_layout_bg_size_tablet&quot;:&quot;&quot;,&quot;jet_parallax_layout_bg_size_mobile&quot;:&quot;&quot;,&quot;jet_parallax_layout_animation_prop&quot;:&quot;transform&quot;,&quot;jet_parallax_layout_on&quot;:[&quot;desktop&quot;,&quot;tablet&quot;]}]}\">\n\t\t\t\t\t\t<div class=\"elementor-container elementor-column-gap-default\">\n\t\t\t\t\t<div class=\"elementor-column elementor-col-100 elementor-top-column elementor-element elementor-element-f4ddf52\" data-id=\"f4ddf52\" data-element_type=\"column\" data-e-type=\"column\">\n\t\t\t<div class=\"elementor-widget-wrap elementor-element-populated\">\n\t\t\t\t\t\t<div class=\"elementor-element elementor-element-f7ba960 elementor-hidden-tablet elementor-hidden-phone elementor-widget elementor-widget-image\" data-id=\"f7ba960\" data-element_type=\"widget\" data-e-type=\"widget\" data-widget_type=\"image.default\">\n\t\t\t\t<div class=\"elementor-widget-container\">\n\t\t\t\t\t\t\t\t\t\t\t\t\t\t\t<img fetchpriority=\"high\" decoding=\"async\" width=\"1200\" height=\"279\" src=\"https:\/\/pureprogress-logistics.com\/wp-content\/uploads\/2019\/12\/versand-nach-belgien-symbolbild-lkw.jpg\" class=\"attachment-full size-full wp-image-7351\" alt=\"Versand nach Belgien (Symbolbild)\" srcset=\"https:\/\/pureprogress-logistics.com\/wp-content\/uploads\/2019\/12\/versand-nach-belgien-symbolbild-lkw.jpg 1200w, https:\/\/pureprogress-logistics.com\/wp-content\/uploads\/2019\/12\/versand-nach-belgien-symbolbild-lkw-300x70.jpg 300w, https:\/\/pureprogress-logistics.com\/wp-content\/uploads\/2019\/12\/versand-nach-belgien-symbolbild-lkw-1024x238.jpg 1024w, https:\/\/pureprogress-logistics.com\/wp-content\/uploads\/2019\/12\/versand-nach-belgien-symbolbild-lkw-768x179.jpg 768w, https:\/\/pureprogress-logistics.com\/wp-content\/uploads\/2019\/12\/versand-nach-belgien-symbolbild-lkw-418x97.jpg 418w\" sizes=\"(max-width: 1200px) 100vw, 1200px\" \/>\t\t\t\t\t\t\t\t\t\t\t\t\t\t\t<\/div>\n\t\t\t\t<\/div>\n\t\t\t\t<div class=\"elementor-element elementor-element-4a7f03b elementor-hidden-desktop elementor-hidden-phone elementor-widget elementor-widget-image\" data-id=\"4a7f03b\" data-element_type=\"widget\" data-e-type=\"widget\" data-widget_type=\"image.default\">\n\t\t\t\t<div class=\"elementor-widget-container\">\n\t\t\t\t\t\t\t\t\t\t\t\t\t\t\t<img decoding=\"async\" width=\"600\" height=\"140\" src=\"https:\/\/pureprogress-logistics.com\/wp-content\/uploads\/2019\/12\/versand-nach-belgien-symbolbild-lkw_tablet.jpg\" class=\"attachment-full size-full wp-image-7346\" alt=\"Versand nach Belgien (Symbolbild)\" srcset=\"https:\/\/pureprogress-logistics.com\/wp-content\/uploads\/2019\/12\/versand-nach-belgien-symbolbild-lkw_tablet.jpg 600w, https:\/\/pureprogress-logistics.com\/wp-content\/uploads\/2019\/12\/versand-nach-belgien-symbolbild-lkw_tablet-300x70.jpg 300w, https:\/\/pureprogress-logistics.com\/wp-content\/uploads\/2019\/12\/versand-nach-belgien-symbolbild-lkw_tablet-418x98.jpg 418w\" sizes=\"(max-width: 600px) 100vw, 600px\" \/>\t\t\t\t\t\t\t\t\t\t\t\t\t\t\t<\/div>\n\t\t\t\t<\/div>\n\t\t\t\t<div class=\"elementor-element elementor-element-896b9ed elementor-hidden-desktop elementor-hidden-tablet elementor-widget elementor-widget-image\" data-id=\"896b9ed\" data-element_type=\"widget\" data-e-type=\"widget\" data-widget_type=\"image.default\">\n\t\t\t\t<div class=\"elementor-widget-container\">\n\t\t\t\t\t\t\t\t\t\t\t\t\t\t\t<img decoding=\"async\" width=\"400\" height=\"93\" src=\"https:\/\/pureprogress-logistics.com\/wp-content\/uploads\/2019\/12\/versand-nach-belgien-symbolbild-lkw_smartphone.jpg\" class=\"attachment-full size-full wp-image-7345\" alt=\"Versand nach Belgien (Symbolbild)\" srcset=\"https:\/\/pureprogress-logistics.com\/wp-content\/uploads\/2019\/12\/versand-nach-belgien-symbolbild-lkw_smartphone.jpg 400w, https:\/\/pureprogress-logistics.com\/wp-content\/uploads\/2019\/12\/versand-nach-belgien-symbolbild-lkw_smartphone-300x70.jpg 300w\" sizes=\"(max-width: 400px) 100vw, 400px\" \/>\t\t\t\t\t\t\t\t\t\t\t\t\t\t\t<\/div>\n\t\t\t\t<\/div>\n\t\t\t\t\t<\/div>\n\t\t<\/div>\n\t\t\t\t\t<\/div>\n\t\t<\/section>\n\t\t\t\t<section class=\"elementor-section elementor-top-section elementor-element elementor-element-6cb1b61d elementor-section-boxed elementor-section-height-default elementor-section-height-default\" data-id=\"6cb1b61d\" data-element_type=\"section\" data-e-type=\"section\" data-settings=\"{&quot;jet_parallax_layout_list&quot;:[{&quot;jet_parallax_layout_image&quot;:{&quot;url&quot;:&quot;&quot;,&quot;id&quot;:&quot;&quot;,&quot;size&quot;:&quot;&quot;},&quot;_id&quot;:&quot;9fc5953&quot;,&quot;jet_parallax_layout_image_tablet&quot;:{&quot;url&quot;:&quot;&quot;,&quot;id&quot;:&quot;&quot;,&quot;size&quot;:&quot;&quot;},&quot;jet_parallax_layout_image_mobile&quot;:{&quot;url&quot;:&quot;&quot;,&quot;id&quot;:&quot;&quot;,&quot;size&quot;:&quot;&quot;},&quot;jet_parallax_layout_speed&quot;:{&quot;unit&quot;:&quot;%&quot;,&quot;size&quot;:50,&quot;sizes&quot;:[]},&quot;jet_parallax_layout_type&quot;:&quot;scroll&quot;,&quot;jet_parallax_layout_direction&quot;:&quot;1&quot;,&quot;jet_parallax_layout_fx_direction&quot;:null,&quot;jet_parallax_layout_z_index&quot;:&quot;&quot;,&quot;jet_parallax_layout_bg_x&quot;:50,&quot;jet_parallax_layout_bg_x_tablet&quot;:&quot;&quot;,&quot;jet_parallax_layout_bg_x_mobile&quot;:&quot;&quot;,&quot;jet_parallax_layout_bg_y&quot;:50,&quot;jet_parallax_layout_bg_y_tablet&quot;:&quot;&quot;,&quot;jet_parallax_layout_bg_y_mobile&quot;:&quot;&quot;,&quot;jet_parallax_layout_bg_size&quot;:&quot;auto&quot;,&quot;jet_parallax_layout_bg_size_tablet&quot;:&quot;&quot;,&quot;jet_parallax_layout_bg_size_mobile&quot;:&quot;&quot;,&quot;jet_parallax_layout_animation_prop&quot;:&quot;transform&quot;,&quot;jet_parallax_layout_on&quot;:[&quot;desktop&quot;,&quot;tablet&quot;]}]}\">\n\t\t\t\t\t\t<div class=\"elementor-container elementor-column-gap-default\">\n\t\t\t\t\t<div class=\"elementor-column elementor-col-100 elementor-top-column elementor-element elementor-element-8331488\" data-id=\"8331488\" data-element_type=\"column\" data-e-type=\"column\">\n\t\t\t<div class=\"elementor-widget-wrap elementor-element-populated\">\n\t\t\t\t\t\t<div class=\"elementor-element elementor-element-3e3c1c1 elementor-widget elementor-widget-heading\" data-id=\"3e3c1c1\" data-element_type=\"widget\" data-e-type=\"widget\" data-widget_type=\"heading.default\">\n\t\t\t\t<div class=\"elementor-widget-container\">\n\t\t\t\t\t<h1 class=\"elementor-heading-title elementor-size-default\"><strong><span style=\"font-size: x-large\">Transport maritim \u00een Belgia \/ Colet \u00een Belgia<\/span><\/strong><\/h1>\t\t\t\t<\/div>\n\t\t\t\t<\/div>\n\t\t\t\t<div class=\"elementor-element elementor-element-2ec5a979 elementor-widget elementor-widget-text-editor\" data-id=\"2ec5a979\" data-element_type=\"widget\" data-e-type=\"widget\" data-widget_type=\"text-editor.default\">\n\t\t\t\t<div class=\"elementor-widget-container\">\n\t\t\t\t\t\t\t\t\t<p>Planifica\u021bi un transport c\u0103tre <a href=\"https:\/\/de.wikipedia.org\/wiki\/Belgien\">Belgia<\/a>?<br \/>\n<br \/>Am fi bucuro\u0219i s\u0103 v\u0103 sprijinim la \u0219i s\u0103 v\u0103 oferim o ofert\u0103 neobligatorie pentru transportul dvs. c\u0103tre Belgia.<\/p>\n<p>Nu conteaz\u0103 dac\u0103 dori\u021bi s\u0103 trimite\u021bi un singur colet \u00een Belgia , de ex. la Bruxelles, sau un \u00eentreg palet la Ghent sau Bruges, de exemplu.<\/p>\n<p>Planific\u0103m transportul pentru dvs. c\u00e2t mai rapid posibil \u0219i v\u0103 garant\u0103m cea mai bun\u0103 calitate prin servicii personalizate pentru clien\u021bi \u0219i timpi de transport imbatabili. Ave\u021bi o livrare \u00een str\u0103in\u0103tate \u0219i dori\u021bi ca m\u0103rfurile s\u0103 fie livrate mai \u00eent\u00e2i \u00een portul Antwerp ?<\/p>\n<p>Cunoa\u0219tem particularit\u0103\u021bile terminalului belgian de containere din portul de m\u0103rfuri. Suna\u021bi un specialist sau scrie\u021bi-ne un e-mail la , direct la<a href=\"mailto:info@ausfuhrbegleitdokument.com\">info@ausfuhrbegleitdokument.com<\/a>    <\/p>\n<h2>Transport c\u0103tre Belgia cu asigurare de transport<\/h2>\n<p>Chiar dac\u0103 livrarea sau coletul dvs. c\u0103tre Belgia are o valoare deosebit de mare, v\u0103 putem ajuta.<\/p>\n<p>Asigurarea noastr\u0103 de transport acoper\u0103 valoarea expedierii dumneavoastr\u0103, precum \u0219i expedierile predispuse la furt, cum ar fi produsele din tutun, computerele \u0219i bunurile electronice scumpe. <\/p>\n<h2>Expediere prin agent de expedi\u021bie &#8211; Belgia<\/h2>\n<p>Vom fi bucuro\u0219i s\u0103 v\u0103 transport\u0103m m\u0103rfurile din Germania \u00een Belgia , dar avem nevoie de c\u00e2teva informa\u021bii despre transport de la dvs.<br \/>\n<br \/>V\u0103 rug\u0103m s\u0103 ave\u021bi aceste informa\u021bii preg\u0103tite pentru o comand\u0103 de transport: <\/p>\n<ul>\n<li>Greutatea lotului<\/li>\n<li>Dimensiunile ambalajelor<\/li>\n<li>Tipul \u0219i num\u0103rul de pachete<\/li>\n<li>Tipul de bunuri + valoarea bunurilor<\/li>\n<li>Adresa de preluare \u0219i livrare<\/li>\n<li>Datele de livrare pentru colectare \/ livrare, dac\u0103 este cazul<\/li>\n<li>Sunt necesare dot\u0103ri suplimentare, cum ar fi platform\u0103 de ridicare, stivuitor etc.<\/li>\n<\/ul>\n<p>Trimite\u021bi-ne un <a href=\"http:\/\/ausfuhrbegleitdokument.com\/kontakt\/\">e-mail<\/a> la \u0219i v\u0103 vom trimite o ofert\u0103 neangajant\u0103 c\u00e2t mai cur\u00e2nd posibil.<\/p>\n<\/p>\n<p>Dori\u021bi s\u0103 trimite\u021bi bunuri \u00eentr-o alt\u0103 \u021bar\u0103 dec\u00e2t Belgia? Citi\u021bi aici totul despre<a href=\"https:\/\/pureprogress-logistics.com\/versand-schweiz\/\">expedierea \u00een Elve\u021bia<\/a>, de exemplu<\/p>\n\t\t\t\t\t\t\t\t<\/div>\n\t\t\t\t<\/div>\n\t\t\t\t\t<\/div>\n\t\t<\/div>\n\t\t\t\t\t<\/div>\n\t\t<\/section>\n\t\t\t\t<section class=\"elementor-section elementor-top-section elementor-element elementor-element-01769af elementor-section-boxed elementor-section-height-default elementor-section-height-default\" data-id=\"01769af\" data-element_type=\"section\" data-e-type=\"section\" data-settings=\"{&quot;jet_parallax_layout_list&quot;:[{&quot;jet_parallax_layout_image&quot;:{&quot;url&quot;:&quot;&quot;,&quot;id&quot;:&quot;&quot;,&quot;size&quot;:&quot;&quot;},&quot;_id&quot;:&quot;3b5ed0b&quot;,&quot;jet_parallax_layout_image_tablet&quot;:{&quot;url&quot;:&quot;&quot;,&quot;id&quot;:&quot;&quot;,&quot;size&quot;:&quot;&quot;},&quot;jet_parallax_layout_image_mobile&quot;:{&quot;url&quot;:&quot;&quot;,&quot;id&quot;:&quot;&quot;,&quot;size&quot;:&quot;&quot;},&quot;jet_parallax_layout_speed&quot;:{&quot;unit&quot;:&quot;%&quot;,&quot;size&quot;:50,&quot;sizes&quot;:[]},&quot;jet_parallax_layout_type&quot;:&quot;scroll&quot;,&quot;jet_parallax_layout_direction&quot;:&quot;1&quot;,&quot;jet_parallax_layout_fx_direction&quot;:null,&quot;jet_parallax_layout_z_index&quot;:&quot;&quot;,&quot;jet_parallax_layout_bg_x&quot;:50,&quot;jet_parallax_layout_bg_x_tablet&quot;:&quot;&quot;,&quot;jet_parallax_layout_bg_x_mobile&quot;:&quot;&quot;,&quot;jet_parallax_layout_bg_y&quot;:50,&quot;jet_parallax_layout_bg_y_tablet&quot;:&quot;&quot;,&quot;jet_parallax_layout_bg_y_mobile&quot;:&quot;&quot;,&quot;jet_parallax_layout_bg_size&quot;:&quot;auto&quot;,&quot;jet_parallax_layout_bg_size_tablet&quot;:&quot;&quot;,&quot;jet_parallax_layout_bg_size_mobile&quot;:&quot;&quot;,&quot;jet_parallax_layout_animation_prop&quot;:&quot;transform&quot;,&quot;jet_parallax_layout_on&quot;:[&quot;desktop&quot;,&quot;tablet&quot;]}]}\">\n\t\t\t\t\t\t<div class=\"elementor-container elementor-column-gap-default\">\n\t\t\t\t\t<div class=\"elementor-column elementor-col-100 elementor-top-column elementor-element elementor-element-b4f6cf8\" data-id=\"b4f6cf8\" data-element_type=\"column\" data-e-type=\"column\">\n\t\t\t<div class=\"elementor-widget-wrap elementor-element-populated\">\n\t\t\t\t\t\t<div class=\"elementor-element elementor-element-15c9822 elementor-widget elementor-widget-text-editor\" data-id=\"15c9822\" data-element_type=\"widget\" data-e-type=\"widget\" data-widget_type=\"text-editor.default\">\n\t\t\t\t<div class=\"elementor-widget-container\">\n\t\t\t\t\t\t\t\t\t<p><iframe src=\"https:\/\/www.google.com\/maps\/embed?pb=!1m18!1m12!1m3!1d2598981.45517182!2d2.224425000104669!3d50.49569537408744!2m3!1f0!2f0!3f0!3m2!1i1024!2i768!4f13.1!3m3!1m2!1s0x47c17d64edf39797%3A0x47ebf2b439e60ff2!2sBelgien!5e0!3m2!1sde!2sid!4v1576952752310!5m2!1sde!2sid\" width=\"600\" height=\"350\" frameborder=\"0\" style=\"border:0;\" allowfullscreen=\"\"><\/iframe><\/p>\n\t\t\t\t\t\t\t\t<\/div>\n\t\t\t\t<\/div>\n\t\t\t\t\t<\/div>\n\t\t<\/div>\n\t\t\t\t\t<\/div>\n\t\t<\/section>\n\t\t\t\t<\/div>\n\t\t","protected":false},"excerpt":{"rendered":"<p>Transport maritim \u00een Belgia \/ Colet \u00een Belgia Planifica\u021bi un transport c\u0103tre Belgia? Am fi bucuro\u0219i s\u0103 v\u0103 sprijinim la \u0219i s\u0103 v\u0103 oferim o ofert\u0103 neobligatorie pentru transportul dvs. c\u0103tre Belgia. Nu conteaz\u0103 dac\u0103 dori\u021bi s\u0103 trimite\u021bi un singur colet \u00een Belgia , de ex. la Bruxelles, sau un \u00eentreg palet la Ghent sau [&hellip;]<\/p>\n","protected":false},"author":1,"featured_media":0,"parent":0,"menu_order":0,"comment_status":"closed","ping_status":"closed","template":"","meta":{"_monsterinsights_skip_tracking":false,"_monsterinsights_sitenote_active":false,"_monsterinsights_sitenote_note":"","_monsterinsights_sitenote_category":0,"footnotes":""},"class_list":["post-37392","page","type-page","status-publish","hentry"],"yoast_head":"<!-- This site is optimized with the Yoast SEO plugin v27.2 - https:\/\/yoast.com\/product\/yoast-seo-wordpress\/ -->\n<title>Transport maritim \u00een Belgia \/ Colet \u00een Belgia - Spedition Belgium<\/title>\n<meta name=\"description\" content=\"C\u0103uta\u021bi transport din Germania \u00een Belgia? Solicita\u021bi acum o ofert\u0103 de la specialist. Transport maritim c\u0103tre Belgia \u0219i transport maritim expres de colete.\" \/>\n<meta name=\"robots\" content=\"index, follow, max-snippet:-1, max-image-preview:large, max-video-preview:-1\" \/>\n<link rel=\"canonical\" href=\"https:\/\/pureprogress-logistics.com\/ro\/transport-maritim-in-belgia-colet-in-belgia\/\" \/>\n<meta property=\"og:locale\" content=\"ro_RO\" \/>\n<meta property=\"og:type\" content=\"article\" \/>\n<meta property=\"og:title\" content=\"Transport maritim \u00een Belgia \/ Colet \u00een Belgia - Spedition Belgium\" \/>\n<meta property=\"og:description\" content=\"C\u0103uta\u021bi transport din Germania \u00een Belgia? Solicita\u021bi acum o ofert\u0103 de la specialist. Transport maritim c\u0103tre Belgia \u0219i transport maritim expres de colete.\" \/>\n<meta property=\"og:url\" content=\"https:\/\/pureprogress-logistics.com\/ro\/transport-maritim-in-belgia-colet-in-belgia\/\" \/>\n<meta property=\"og:site_name\" content=\"Spedition &amp; Zollagentur | PUREPROGRESS\" \/>\n<meta property=\"article:modified_time\" content=\"2024-10-03T13:58:53+00:00\" \/>\n<meta property=\"og:image\" content=\"https:\/\/pureprogress-logistics.com\/wp-content\/uploads\/2019\/12\/versand-nach-belgien-symbolbild-lkw.jpg\" \/>\n<meta name=\"twitter:card\" content=\"summary_large_image\" \/>\n<meta name=\"twitter:label1\" content=\"Timp estimat pentru citire\" \/>\n\t<meta name=\"twitter:data1\" content=\"2 minute\" \/>\n<script type=\"application\/ld+json\" class=\"yoast-schema-graph\">{\"@context\":\"https:\/\/schema.org\",\"@graph\":[{\"@type\":\"WebPage\",\"@id\":\"https:\/\/pureprogress-logistics.com\/ro\/transport-maritim-in-belgia-colet-in-belgia\/\",\"url\":\"https:\/\/pureprogress-logistics.com\/ro\/transport-maritim-in-belgia-colet-in-belgia\/\",\"name\":\"Transport maritim \u00een Belgia \/ Colet \u00een Belgia - Spedition Belgium\",\"isPartOf\":{\"@id\":\"https:\/\/pureprogress-logistics.com\/#website\"},\"primaryImageOfPage\":{\"@id\":\"https:\/\/pureprogress-logistics.com\/ro\/transport-maritim-in-belgia-colet-in-belgia\/#primaryimage\"},\"image\":{\"@id\":\"https:\/\/pureprogress-logistics.com\/ro\/transport-maritim-in-belgia-colet-in-belgia\/#primaryimage\"},\"thumbnailUrl\":\"https:\/\/pureprogress-logistics.com\/wp-content\/uploads\/2019\/12\/versand-nach-belgien-symbolbild-lkw.jpg\",\"datePublished\":\"2019-12-18T16:34:53+00:00\",\"dateModified\":\"2024-10-03T13:58:53+00:00\",\"description\":\"C\u0103uta\u021bi transport din Germania \u00een Belgia? Solicita\u021bi acum o ofert\u0103 de la specialist. Transport maritim c\u0103tre Belgia \u0219i transport maritim expres de colete.\",\"breadcrumb\":{\"@id\":\"https:\/\/pureprogress-logistics.com\/ro\/transport-maritim-in-belgia-colet-in-belgia\/#breadcrumb\"},\"inLanguage\":\"ro-RO\",\"potentialAction\":[{\"@type\":\"ReadAction\",\"target\":[\"https:\/\/pureprogress-logistics.com\/ro\/transport-maritim-in-belgia-colet-in-belgia\/\"]}]},{\"@type\":\"ImageObject\",\"inLanguage\":\"ro-RO\",\"@id\":\"https:\/\/pureprogress-logistics.com\/ro\/transport-maritim-in-belgia-colet-in-belgia\/#primaryimage\",\"url\":\"https:\/\/pureprogress-logistics.com\/wp-content\/uploads\/2019\/12\/versand-nach-belgien-symbolbild-lkw.jpg\",\"contentUrl\":\"https:\/\/pureprogress-logistics.com\/wp-content\/uploads\/2019\/12\/versand-nach-belgien-symbolbild-lkw.jpg\"},{\"@type\":\"BreadcrumbList\",\"@id\":\"https:\/\/pureprogress-logistics.com\/ro\/transport-maritim-in-belgia-colet-in-belgia\/#breadcrumb\",\"itemListElement\":[{\"@type\":\"ListItem\",\"position\":1,\"name\":\"Startseite\",\"item\":\"https:\/\/pureprogress-logistics.com\/\"},{\"@type\":\"ListItem\",\"position\":2,\"name\":\"Transport maritim \u00een Belgia \/ Colet \u00een Belgia\"}]},{\"@type\":\"WebSite\",\"@id\":\"https:\/\/pureprogress-logistics.com\/#website\",\"url\":\"https:\/\/pureprogress-logistics.com\/\",\"name\":\"Ausfuhrbegleitdokument.com - MRN \/ ABD Erstellung\",\"description\":\"\",\"publisher\":{\"@id\":\"https:\/\/pureprogress-logistics.com\/#organization\"},\"potentialAction\":[{\"@type\":\"SearchAction\",\"target\":{\"@type\":\"EntryPoint\",\"urlTemplate\":\"https:\/\/pureprogress-logistics.com\/?s={search_term_string}\"},\"query-input\":{\"@type\":\"PropertyValueSpecification\",\"valueRequired\":true,\"valueName\":\"search_term_string\"}}],\"inLanguage\":\"ro-RO\"},{\"@type\":\"Organization\",\"@id\":\"https:\/\/pureprogress-logistics.com\/#organization\",\"name\":\"PUREPROGRESS GmbH\",\"url\":\"https:\/\/pureprogress-logistics.com\/\",\"logo\":{\"@type\":\"ImageObject\",\"inLanguage\":\"ro-RO\",\"@id\":\"https:\/\/pureprogress-logistics.com\/#\/schema\/logo\/image\/\",\"url\":\"https:\/\/ausfuhrbegleitdokument.com\/wp-content\/uploads\/2019\/10\/preloader-image.png\",\"contentUrl\":\"https:\/\/ausfuhrbegleitdokument.com\/wp-content\/uploads\/2019\/10\/preloader-image.png\",\"width\":224,\"height\":31,\"caption\":\"PUREPROGRESS GmbH\"},\"image\":{\"@id\":\"https:\/\/pureprogress-logistics.com\/#\/schema\/logo\/image\/\"}}]}<\/script>\n<!-- \/ Yoast SEO plugin. -->","yoast_head_json":{"title":"Transport maritim \u00een Belgia \/ Colet \u00een Belgia - Spedition Belgium","description":"C\u0103uta\u021bi transport din Germania \u00een Belgia? Solicita\u021bi acum o ofert\u0103 de la specialist. Transport maritim c\u0103tre Belgia \u0219i transport maritim expres de colete.","robots":{"index":"index","follow":"follow","max-snippet":"max-snippet:-1","max-image-preview":"max-image-preview:large","max-video-preview":"max-video-preview:-1"},"canonical":"https:\/\/pureprogress-logistics.com\/ro\/transport-maritim-in-belgia-colet-in-belgia\/","og_locale":"ro_RO","og_type":"article","og_title":"Transport maritim \u00een Belgia \/ Colet \u00een Belgia - Spedition Belgium","og_description":"C\u0103uta\u021bi transport din Germania \u00een Belgia? Solicita\u021bi acum o ofert\u0103 de la specialist. Transport maritim c\u0103tre Belgia \u0219i transport maritim expres de colete.","og_url":"https:\/\/pureprogress-logistics.com\/ro\/transport-maritim-in-belgia-colet-in-belgia\/","og_site_name":"Spedition &amp; Zollagentur | PUREPROGRESS","article_modified_time":"2024-10-03T13:58:53+00:00","og_image":[{"url":"https:\/\/pureprogress-logistics.com\/wp-content\/uploads\/2019\/12\/versand-nach-belgien-symbolbild-lkw.jpg","type":"","width":"","height":""}],"twitter_card":"summary_large_image","twitter_misc":{"Timp estimat pentru citire":"2 minute"},"schema":{"@context":"https:\/\/schema.org","@graph":[{"@type":"WebPage","@id":"https:\/\/pureprogress-logistics.com\/ro\/transport-maritim-in-belgia-colet-in-belgia\/","url":"https:\/\/pureprogress-logistics.com\/ro\/transport-maritim-in-belgia-colet-in-belgia\/","name":"Transport maritim \u00een Belgia \/ Colet \u00een Belgia - Spedition Belgium","isPartOf":{"@id":"https:\/\/pureprogress-logistics.com\/#website"},"primaryImageOfPage":{"@id":"https:\/\/pureprogress-logistics.com\/ro\/transport-maritim-in-belgia-colet-in-belgia\/#primaryimage"},"image":{"@id":"https:\/\/pureprogress-logistics.com\/ro\/transport-maritim-in-belgia-colet-in-belgia\/#primaryimage"},"thumbnailUrl":"https:\/\/pureprogress-logistics.com\/wp-content\/uploads\/2019\/12\/versand-nach-belgien-symbolbild-lkw.jpg","datePublished":"2019-12-18T16:34:53+00:00","dateModified":"2024-10-03T13:58:53+00:00","description":"C\u0103uta\u021bi transport din Germania \u00een Belgia? Solicita\u021bi acum o ofert\u0103 de la specialist. Transport maritim c\u0103tre Belgia \u0219i transport maritim expres de colete.","breadcrumb":{"@id":"https:\/\/pureprogress-logistics.com\/ro\/transport-maritim-in-belgia-colet-in-belgia\/#breadcrumb"},"inLanguage":"ro-RO","potentialAction":[{"@type":"ReadAction","target":["https:\/\/pureprogress-logistics.com\/ro\/transport-maritim-in-belgia-colet-in-belgia\/"]}]},{"@type":"ImageObject","inLanguage":"ro-RO","@id":"https:\/\/pureprogress-logistics.com\/ro\/transport-maritim-in-belgia-colet-in-belgia\/#primaryimage","url":"https:\/\/pureprogress-logistics.com\/wp-content\/uploads\/2019\/12\/versand-nach-belgien-symbolbild-lkw.jpg","contentUrl":"https:\/\/pureprogress-logistics.com\/wp-content\/uploads\/2019\/12\/versand-nach-belgien-symbolbild-lkw.jpg"},{"@type":"BreadcrumbList","@id":"https:\/\/pureprogress-logistics.com\/ro\/transport-maritim-in-belgia-colet-in-belgia\/#breadcrumb","itemListElement":[{"@type":"ListItem","position":1,"name":"Startseite","item":"https:\/\/pureprogress-logistics.com\/"},{"@type":"ListItem","position":2,"name":"Transport maritim \u00een Belgia \/ Colet \u00een Belgia"}]},{"@type":"WebSite","@id":"https:\/\/pureprogress-logistics.com\/#website","url":"https:\/\/pureprogress-logistics.com\/","name":"Ausfuhrbegleitdokument.com - MRN \/ ABD Erstellung","description":"","publisher":{"@id":"https:\/\/pureprogress-logistics.com\/#organization"},"potentialAction":[{"@type":"SearchAction","target":{"@type":"EntryPoint","urlTemplate":"https:\/\/pureprogress-logistics.com\/?s={search_term_string}"},"query-input":{"@type":"PropertyValueSpecification","valueRequired":true,"valueName":"search_term_string"}}],"inLanguage":"ro-RO"},{"@type":"Organization","@id":"https:\/\/pureprogress-logistics.com\/#organization","name":"PUREPROGRESS GmbH","url":"https:\/\/pureprogress-logistics.com\/","logo":{"@type":"ImageObject","inLanguage":"ro-RO","@id":"https:\/\/pureprogress-logistics.com\/#\/schema\/logo\/image\/","url":"https:\/\/ausfuhrbegleitdokument.com\/wp-content\/uploads\/2019\/10\/preloader-image.png","contentUrl":"https:\/\/ausfuhrbegleitdokument.com\/wp-content\/uploads\/2019\/10\/preloader-image.png","width":224,"height":31,"caption":"PUREPROGRESS GmbH"},"image":{"@id":"https:\/\/pureprogress-logistics.com\/#\/schema\/logo\/image\/"}}]}},"_links":{"self":[{"href":"https:\/\/pureprogress-logistics.com\/ro\/wp-json\/wp\/v2\/pages\/37392","targetHints":{"allow":["GET"]}}],"collection":[{"href":"https:\/\/pureprogress-logistics.com\/ro\/wp-json\/wp\/v2\/pages"}],"about":[{"href":"https:\/\/pureprogress-logistics.com\/ro\/wp-json\/wp\/v2\/types\/page"}],"author":[{"embeddable":true,"href":"https:\/\/pureprogress-logistics.com\/ro\/wp-json\/wp\/v2\/users\/1"}],"replies":[{"embeddable":true,"href":"https:\/\/pureprogress-logistics.com\/ro\/wp-json\/wp\/v2\/comments?post=37392"}],"version-history":[{"count":0,"href":"https:\/\/pureprogress-logistics.com\/ro\/wp-json\/wp\/v2\/pages\/37392\/revisions"}],"wp:attachment":[{"href":"https:\/\/pureprogress-logistics.com\/ro\/wp-json\/wp\/v2\/media?parent=37392"}],"curies":[{"name":"wp","href":"https:\/\/api.w.org\/{rel}","templated":true}]}}