{"id":37271,"date":"2021-03-07T23:28:53","date_gmt":"2021-03-07T23:28:53","guid":{"rendered":"https:\/\/pureprogress-logistics.com\/import-de-bunuri-elvetia-comerciala-si-privata\/"},"modified":"2024-10-03T13:50:46","modified_gmt":"2024-10-03T13:50:46","slug":"import-de-bunuri-elvetia-comerciala-si-privata","status":"publish","type":"page","link":"https:\/\/pureprogress-logistics.com\/ro\/import-de-bunuri-elvetia-comerciala-si-privata\/","title":{"rendered":"Import de bunuri Elve\u021bia comercial\u0103 \u0219i privat\u0103"},"content":{"rendered":"\t\t<div data-elementor-type=\"wp-page\" data-elementor-id=\"37271\" class=\"elementor elementor-37271 elementor-9596\" data-elementor-post-type=\"page\">\n\t\t\t\t\t\t<section class=\"elementor-section elementor-top-section elementor-element elementor-element-5abd5378 elementor-section-boxed elementor-section-height-default elementor-section-height-default\" data-id=\"5abd5378\" data-element_type=\"section\" data-e-type=\"section\" data-settings=\"{&quot;jet_parallax_layout_list&quot;:[{&quot;jet_parallax_layout_image&quot;:{&quot;url&quot;:&quot;&quot;,&quot;id&quot;:&quot;&quot;,&quot;size&quot;:&quot;&quot;},&quot;_id&quot;:&quot;d56588c&quot;,&quot;jet_parallax_layout_image_tablet&quot;:{&quot;url&quot;:&quot;&quot;,&quot;id&quot;:&quot;&quot;,&quot;size&quot;:&quot;&quot;},&quot;jet_parallax_layout_image_mobile&quot;:{&quot;url&quot;:&quot;&quot;,&quot;id&quot;:&quot;&quot;,&quot;size&quot;:&quot;&quot;},&quot;jet_parallax_layout_speed&quot;:{&quot;unit&quot;:&quot;%&quot;,&quot;size&quot;:50,&quot;sizes&quot;:[]},&quot;jet_parallax_layout_type&quot;:&quot;scroll&quot;,&quot;jet_parallax_layout_direction&quot;:&quot;1&quot;,&quot;jet_parallax_layout_fx_direction&quot;:null,&quot;jet_parallax_layout_z_index&quot;:&quot;&quot;,&quot;jet_parallax_layout_bg_x&quot;:50,&quot;jet_parallax_layout_bg_x_tablet&quot;:&quot;&quot;,&quot;jet_parallax_layout_bg_x_mobile&quot;:&quot;&quot;,&quot;jet_parallax_layout_bg_y&quot;:50,&quot;jet_parallax_layout_bg_y_tablet&quot;:&quot;&quot;,&quot;jet_parallax_layout_bg_y_mobile&quot;:&quot;&quot;,&quot;jet_parallax_layout_bg_size&quot;:&quot;auto&quot;,&quot;jet_parallax_layout_bg_size_tablet&quot;:&quot;&quot;,&quot;jet_parallax_layout_bg_size_mobile&quot;:&quot;&quot;,&quot;jet_parallax_layout_animation_prop&quot;:&quot;transform&quot;,&quot;jet_parallax_layout_on&quot;:[&quot;desktop&quot;,&quot;tablet&quot;]}]}\">\n\t\t\t\t\t\t<div class=\"elementor-container elementor-column-gap-default\">\n\t\t\t\t\t<div class=\"elementor-column elementor-col-100 elementor-top-column elementor-element elementor-element-1861f1ea\" data-id=\"1861f1ea\" data-element_type=\"column\" data-e-type=\"column\">\n\t\t\t<div class=\"elementor-widget-wrap elementor-element-populated\">\n\t\t\t\t\t\t<div class=\"elementor-element elementor-element-4375ea0a elementor-widget elementor-widget-text-editor\" data-id=\"4375ea0a\" data-element_type=\"widget\" data-e-type=\"widget\" data-widget_type=\"text-editor.default\">\n\t\t\t\t<div class=\"elementor-widget-container\">\n\t\t\t\t\t\t\t\t\t<p><\/p>\n<h1 class=\"wp-block-heading has-large-font-size\">Import de bunuri Elve\u021bia comercial\u0103 \u0219i privat\u0103<\/h1>\n<p><\/p>\n<p><\/p>\n<p><br><\/p>\n<p><\/p>\n<p><\/p>\n<h2 class=\"wp-block-heading\">ZAVV &#8211; Declara\u021bie vamal\u0103 pentru admitere temporar\u0103 (Elve\u021bia)<\/h2>\n<p><\/p>\n<p><\/p>\n<p>Dac\u0103 dori\u021bi doar s\u0103 importa\u021bi temporar m\u0103rfuri \u00een Elve\u021bia, trebuie utilizat\u0103 procedura ZAVV Elve\u021bia (declara\u021bie vamal\u0103 pentru admitere temporar\u0103).\n\u00cen trecut, aceasta era cunoscut\u0103 \u0219i sub denumirea de &#8222;procedura de liber\u0103 trecere elve\u021bian\u0103&#8221;.\nAcest termen este folosit uneori \u0219i \u00een prezent.\nPrin urmare, \u00een cazul importului temporar planificat de m\u0103rfuri, trebuie eliberat un &#8222;permis de liber\u0103 trecere elve\u021bian&#8221;.\n\u00cen acela\u0219i timp, \u00eens\u0103, trebuie creat un document vamal corespunz\u0103tor pe partea german\u0103, care declar\u0103 m\u0103rfurile pentru export temporar din Germania.\nMai jos pute\u021bi afla mai multe despre procedur\u0103 \u0219i costuri.     <\/p>\n<p><\/p>\n<p><\/p>\n<p>Chiar dac\u0103 nu sunte\u021bi \u00eenc\u0103 sigur dac\u0103 m\u0103rfurile vor fi v\u00e2ndute \u0219i dac\u0103 ini\u021bial m\u0103rfurile vor merge \u00een Elve\u021bia doar pentru o expozi\u021bie sau ceva similar, ne pute\u021bi solicita s\u0103 eliber\u0103m un permis de liber\u0103 trecere. Cu toate acestea, este important s\u0103 re\u021bine\u021bi c\u0103 m\u0103rfurile nu pot fi \u00een niciun caz modificate sau reparate \u00een Elve\u021bia; \u00een caz contrar, ar trebui utilizat\u0103 o procedur\u0103 diferit\u0103 (perfec\u021bionare activ\u0103 \u00een Elve\u021bia). Vom fi bucuro\u0219i s\u0103 v\u0103 sf\u0103tuim \u00een aceast\u0103 privin\u021b\u0103 prin telefon sau \u00een scris.<\/p>\n<p><\/p>\n<p><\/p>\n<p>Utiliz\u0103rile obi\u0219nuite pentru importul temporar de bunuri sunt<\/p>\n<p><\/p>\n<p><\/p>\n<ul><p><\/p>\n<li>Evenimente de t\u00e2rg<\/li>\n<p><\/p>\n<p><\/p>\n<li>Expozi\u021bii \/ demonstra\u021bii cu v\u00e2nz\u0103ri incerte<\/li>\n<p><\/p>\n<p><\/p>\n<li>Teste \u0219i \u00eencerc\u0103ri<\/li>\n<p><\/p>\n<p><\/p>\n<li>Echipament profesional<\/li>\n<p><\/p>\n<p><\/p>\n<li>Dresaj, educa\u021bie, p\u0103\u0219unatul cailor<\/li>\n<p><\/p><\/ul>\n<p><\/p>\n<p><\/p>\n<h3 class=\"wp-block-heading\">Deschidere  <\/h3>\n<p><\/p>\n<p><\/p>\n<p>Pentru ca ZAVV s\u0103 poat\u0103 fi creat, trebuie mai \u00eent\u00e2i s\u0103 se verifice dac\u0103 sunt \u00eendeplinite cerin\u021bele pentru aceasta.\nDac\u0103, de exemplu, se \u0219tie deja c\u0103 m\u0103rfurile urmeaz\u0103 s\u0103 r\u0103m\u00e2n\u0103 permanent \u00een Elve\u021bia, ZAVV nu are sens \u0219i, prin urmare, nu poate fi utilizat.\n\u00cen plus, trebuie s\u0103 fie disponibil\u0103 o list\u0103 precis\u0103 a m\u0103rfurilor care urmeaz\u0103 s\u0103 fie importate temporar, inclusiv unele detalii.\n<br>Urm\u0103toarele informa\u021bii privind m\u0103rfurile sunt importante:   <\/p>\n<p><\/p>\n<p><\/p>\n<ul><p><\/p>\n<li>Descrierea m\u0103rfurilor, dac\u0103 este cazul, inclusiv.\nNum\u0103rul tarifului vamal, dac\u0103 este cunoscut <\/li>\n<p><\/p>\n<p><\/p>\n<li>Valoarea bunurilor incl.\nSpecificarea monedei <\/li>\n<p><\/p>\n<p><\/p>\n<li>Greutatea m\u0103rfurilor incl.\n\u0219i excl.\nambalaj  <\/li>\n<p><\/p>\n<p><\/p>\n<li>Utilizarea preconizat\u0103 a bunurilor<\/li>\n<p><\/p>\n<p><\/p>\n<li>Expeditor \u00een str\u0103in\u0103tate<\/li>\n<p><\/p>\n<p><\/p>\n<li>Beneficiari \u00een Elve\u021bia<\/li>\n<p><\/p>\n<p><\/p>\n<li>Proprietarul bunurilor<\/li>\n<p><\/p>\n<p><\/p>\n<li>Este o afacere de \u00eenchiriere?<\/li>\n<p><\/p>\n<p><\/p>\n<li>C\u00e2t timp r\u0103m\u00e2n bunurile \u00een Elve\u021bia?<\/li>\n<p><\/p>\n<p><\/p>\n<li>Ce frontier\u0103 traverseaz\u0103 m\u0103rfurile pentru a ajunge \u00een Elve\u021bia?<\/li>\n<p><\/p>\n<p><\/p>\n<li>Ce frontier\u0103 traverseaz\u0103 m\u0103rfurile pentru a p\u0103r\u0103si Elve\u021bia?<\/li>\n<p><\/p>\n<p><\/p>\n<li>C\u00e2nd vor ajunge bunurile \u00een Elve\u021bia (data)?<\/li>\n<p><\/p>\n<p><\/p>\n<li><br>Cum este asigurat\u0103 identitatea m\u0103rfurilor, adic\u0103 cum poate biroul vamal s\u0103 verifice dac\u0103 exact aceste m\u0103rfuri p\u0103r\u0103sesc din nou Elve\u021bia, de exemplu prin intermediul numerelor de serie sau al fotografiilor produselor?<\/li>\n<p><\/p><\/ul>\n<p><\/p>\n<p><\/p>\n<p>\u00cen mod ideal, pute\u021bi preg\u0103ti\/compila toate aceste informa\u021bii \u00eentr-o list\u0103 \u00een avans, astfel \u00eenc\u00e2t s\u0103 putem preg\u0103ti v\u0103muirea pentru dvs. c\u00e2t mai repede posibil, f\u0103r\u0103 \u00eent\u00e2rzieri cauzate de \u00eentreb\u0103ri suplimentare.<\/p>\n<p><\/p>\n<p><\/p>\n<p>Pentru partea german\u0103, adic\u0103 pentru <a href=\"https:\/\/pureprogress-logistics.com\/ro\/\">documentul de \u00eenso\u021bire a exportului<\/a>, avem nevoie \u0219i de num\u0103rul EORI al expeditorului german \u0219i de o autoriza\u021bie vamal\u0103 completat\u0103.\nVom fi bucuro\u0219i s\u0103 v\u0103 trimitem formularul pentru autoriza\u021bia vamal\u0103 prin e-mail, la cerere.\nV\u0103 rug\u0103m s\u0103 preciza\u021bi c\u0103 m\u0103rfurile urmeaz\u0103 s\u0103 fie exportate doar temporar din UE.  <\/p>\n<p><\/p>\n<p><\/p>\n<p>V\u0103 rug\u0103m s\u0103 re\u021bine\u021bi c\u0103 biroul vamal elve\u021bian va dori s\u0103 vad\u0103 bunurile atunci c\u00e2nd le declara\u021bi pentru import \u0219i va trebui s\u0103 pl\u0103ti\u021bi un depozit de garan\u021bie \u00een numerar sau prin card la vama elve\u021bian\u0103 pentru a acoperi orice taxe de import care pot fi suportate.\nCu toate acestea, acest depozit v\u0103 va fi rambursat dup\u0103 reexportarea bunurilor din Elve\u021bia.\nDepozitul de garan\u021bie corespunde <strong>TVA-ului pe bunurile importate temporar<\/strong> + taxele vamale.\nDe regul\u0103, acesta se ridic\u0103 la 7,7% TVA din valoarea bunurilor, din costurile de transport \u0219i de v\u0103muire \u0219i din taxele vamale.\nTaxele vamale depind de tipul de m\u0103rfuri \u0219i de greutatea acestora.\nExist\u0103 rate diferite ale taxelor pentru aproape fiecare tip de marf\u0103.\nVom fi bucuro\u0219i s\u0103 calcul\u0103m pentru dvs. suma preconizat\u0103 a fi depozitat\u0103.      <\/p>\n<p><\/p>\n<p><\/p>\n<h3 class=\"wp-block-heading\">Concluzie<\/h3>\n<p><\/p>\n<p><\/p>\n<p>Bunurile trebuie reexportate din Elve\u021bia, astfel \u00eenc\u00e2t ZAVV s\u0103 fie completat corect \u0219i depozitul de garan\u021bie s\u0103 fie rambursat.\nPentru finalizare, trebuie, de asemenea, s\u0103 preg\u0103tim unele documente vamale, astfel \u00eenc\u00e2t totul s\u0103 fie declarat corect.\nDac\u0103 bunurile r\u0103m\u00e2n \u00een Elve\u021bia, trebuie s\u0103 le declar\u0103m definitiv, iar depozitul de garan\u021bie este re\u021binut pentru partea din bunuri care r\u0103m\u00e2ne \u00een Elve\u021bia.  <\/p>\n<p><\/p>\n<p><\/p>\n<p>Important: V\u0103 rug\u0103m s\u0103 re\u021bine\u021bi c\u0103 costurile de \u00eenchiriere pentru \u00eemprumutul de bunuri sau taxe\/compensa\u021bii similare trebuie impozitate cu 7,7% TVA elve\u021bian.\n\u00cen plus, tranzac\u021biile de \u00eenchiriere trebuie s\u0103 fie \u00eentotdeauna importate utiliz\u00e2nd procedura ZAVV.\nImportul temporar cu ajutorul unui carnet ATA nu este permis.  <\/p>\n<p><\/p>\n<p><\/p>\n<h3 class=\"wp-block-heading\">Extensie<\/h3>\n<p><\/p>\n<p><\/p>\n<p>\u00cen principiu, procedura ZAVV este limitat\u0103 la doi ani de c\u0103tre Administra\u021bia Federal\u0103 a V\u0103milor FCA.\nCu toate acestea, \u00een anumite condi\u021bii, ea poate fi prelungit\u0103 de trei ori, de fiecare dat\u0103 cu c\u00e2te un an.\nAcest lucru \u00eenseamn\u0103 c\u0103 pute\u021bi utiliza m\u0103rfurile f\u0103r\u0103 taxe vamale \u00een Elve\u021bia pentru un total de cinci ani, cu condi\u021bia respect\u0103rii tuturor termenelor \u0219i condi\u021biilor.\nPrelungirea permisului de liber\u0103 trecere \/ ZAVV este supus\u0103 unei taxe (de obicei \u00eentre 30 \u0219i 60 CHF).   <\/p>\n<p><\/p>\n<p><\/p>\n<h3 class=\"wp-block-heading\">Exemple practice de ZAVV Elve\u021bia<\/h3>\n<p><\/p>\n<p><\/p>\n<p>Acum c\u0103 \u0219ti\u021bi informa\u021biile de baz\u0103 pentru punerea \u00een aplicare a ZAVV, am dori s\u0103 v\u0103 prezent\u0103m c\u00e2teva exemple practice de la clien\u021bii no\u0219tri.\n\u00cen unele cazuri, importul temporar este \u00eenso\u021bit de condi\u021bii speciale \u0219i cerin\u021be legale. <\/p>\n<p><\/p>\n<p><\/p>\n<h4 class=\"wp-block-heading\">Lua\u021bi uneltele cu dvs. \u00een Elve\u021bia<\/h4>\n<p><\/p>\n<p><\/p>\n<p>Dac\u0103, \u00een calitate de \u00eentreprindere german\u0103, a\u021bi primit o comand\u0103 de la un client elve\u021bian pentru repara\u021bii\/montaj \u00een Elve\u021bia, trebuie s\u0103 acorda\u021bi aten\u021bie mai multor lucruri deodat\u0103.\n\u00cen primul r\u00e2nd, este vorba de permisul de munc\u0103, pe care este posibil s\u0103 trebuiasc\u0103 s\u0103 \u00eel solicita\u021bi (de la o anumit\u0103 perioad\u0103 de \u0219edere \u00een Elve\u021bia).\n\u00cen al doilea r\u00e2nd, \u00een unele cazuri, trebuie s\u0103 v\u0103 \u00eenregistra\u021bi \u0219i pentru TVA \u00een Elve\u021bia dac\u0103 cifra dvs. de afaceri anual\u0103 la nivel mondial dep\u0103\u0219e\u0219te 100 000 CHF.\nPentru aceasta, v\u0103 recomand\u0103m s\u0103 v\u0103 informa\u021bi \u00een prealabil \u0219i, dac\u0103 este necesar, s\u0103 lucra\u021bi cu un mandatar fiscal, cum ar fi <a href=\"http:\/\/www.k-partner.ch\/\">Keel + Partner<\/a>.   <\/p>\n<p><\/p>\n<p><\/p>\n<p>\u00cen plus, formularul ZAVV pentru echipamente profesionale \u0219i pentru unelte manuale noi trebuie completat de noi, \u00een calitate de agen\u021bie vamal\u0103.\n\u00cen ceea ce prive\u0219te Germania, trebuie creat un document de \u00eenso\u021bire a exportului cu o codificare special\u0103, astfel \u00eenc\u00e2t bunurile s\u0103 poat\u0103 fi returnate ulterior \u00een Germania f\u0103r\u0103 taxe vamale \u0219i TVA. <\/p>\n<p><\/p>\n<p><\/p>\n<p>Pentru anumite unelte (unelte de m\u00e2n\u0103 uzate, de obicei cu o valoare a bunurilor de p\u00e2n\u0103 la 1000 EUR) nu trebuie solicitat\u0103 ZAVV, de exemplu, \u00een conformitate cu Conven\u021bia de la Istanbul.\nConven\u021bia de la Istanbul.\nDeoarece, \u00een general, nu este necesar\u0103 o declara\u021bie de export german\u0103 pentru m\u0103rfurile cu o valoare mai mic\u0103 de 1000 EUR, birourile vamale accept\u0103, de obicei, o simpl\u0103 list\u0103 a uneltelor.\nAceasta trebuie apoi s\u0103 fie \u0219tampilat\u0103 de biroul vamal la exportul din Germania, la importul \u00een Elve\u021bia \u0219i la reexport \u0219i reimport.   <\/p>\n<p><\/p>\n<p><\/p>\n<p>Pentru m\u0103rfurile pentru care trebuie solicitat\u0103 o procedur\u0103 ZAVV, trebuie respectat\u0103 <a href=\"https:\/\/www.ezv.admin.ch\/dam\/ezv\/de\/dokumente\/verfahren-betrieb\/Aufgabenvollzug\/Dokumentation\/R-10%20Zollverfahren\/r-10-60_voruebergehende_verwendung.pdf.download.pdf\/R-10-60.pdf\">circulara R10-60<\/a> publicat\u0103 de biroul vamal.\nVom fi bucuro\u0219i s\u0103 v\u0103 ajut\u0103m cu cererea dumneavoastr\u0103. <\/p>\n<p><\/p>\n<p><\/p>\n<h4 class=\"wp-block-heading\"><\/h4>\n<p><\/p>\n<p><\/p>\n<h3 class=\"wp-block-heading\">Export ZAVV \/ Export permis de liber\u0103 trecere<\/h3>\n<p><\/p>\n<p><\/p>\n<p>Informa\u021biile \u0219i explica\u021biile de mai sus privind ZAVV se refer\u0103 la situa\u021bia \u00een care importa\u021bi temporar bunuri \u00een Elve\u021bia.\nCu toate acestea, este, desigur, posibil s\u0103 dori\u021bi s\u0103 exporta\u021bi temporar bunuri din Elve\u021bia, de exemplu \u00een Germania.\n\u00cen acest caz, trebuie s\u0103 se elibereze, de asemenea, un permis de liber\u0103 trecere, dar \u00eentr-o form\u0103 modificat\u0103.\n\u00cen acest caz, de exemplu, nu trebuie depus\u0103 nicio garan\u021bie la administra\u021bia vamal\u0103 elve\u021bian\u0103.\nDe asemenea, v\u0103 putem sprijini \u00een aceast\u0103 procedur\u0103 \u0219i putem preg\u0103ti toate documentele vamale necesare.    <\/p>\n<p><\/p>\t\t\t\t\t\t\t\t<\/div>\n\t\t\t\t<\/div>\n\t\t\t\t\t<\/div>\n\t\t<\/div>\n\t\t\t\t\t<\/div>\n\t\t<\/section>\n\t\t\t\t<\/div>\n\t\t","protected":false},"excerpt":{"rendered":"<p>Import de bunuri Elve\u021bia comercial\u0103 \u0219i privat\u0103 ZAVV &#8211; Declara\u021bie vamal\u0103 pentru admitere temporar\u0103 (Elve\u021bia) Dac\u0103 dori\u021bi doar s\u0103 importa\u021bi temporar m\u0103rfuri \u00een Elve\u021bia, trebuie utilizat\u0103 procedura ZAVV Elve\u021bia (declara\u021bie vamal\u0103 pentru admitere temporar\u0103). \u00cen trecut, aceasta era cunoscut\u0103 \u0219i sub denumirea de &#8222;procedura de liber\u0103 trecere elve\u021bian\u0103&#8221;. Acest termen este folosit uneori \u0219i \u00een [&hellip;]<\/p>\n","protected":false},"author":1,"featured_media":0,"parent":0,"menu_order":0,"comment_status":"closed","ping_status":"closed","template":"","meta":{"_monsterinsights_skip_tracking":false,"_monsterinsights_sitenote_active":false,"_monsterinsights_sitenote_note":"","_monsterinsights_sitenote_category":0,"footnotes":""},"class_list":["post-37271","page","type-page","status-publish","hentry"],"yoast_head":"<!-- This site is optimized with the Yoast SEO plugin v27.2 - https:\/\/yoast.com\/product\/yoast-seo-wordpress\/ -->\n<title>Import de bunuri Elve\u021bia comercial\u0103 \u0219i privat\u0103 - Explica\u021bii privind v\u0103muirea<\/title>\n<meta name=\"description\" content=\"Importul de m\u0103rfuri Elve\u021bia comercial\u0103 \/ privat\u0103 \/ ZAVV - informa\u021bii \u0219i declara\u021bii. Vom fi bucuro\u0219i s\u0103 preg\u0103tim documentele vamale pentru dumneavoastr\u0103.\" \/>\n<meta name=\"robots\" content=\"index, follow, max-snippet:-1, max-image-preview:large, max-video-preview:-1\" \/>\n<link rel=\"canonical\" href=\"https:\/\/pureprogress-logistics.com\/ro\/import-de-bunuri-elvetia-comerciala-si-privata\/\" \/>\n<meta property=\"og:locale\" content=\"ro_RO\" \/>\n<meta property=\"og:type\" content=\"article\" \/>\n<meta property=\"og:title\" content=\"Import de bunuri Elve\u021bia comercial\u0103 \u0219i privat\u0103 - Explica\u021bii privind v\u0103muirea\" \/>\n<meta property=\"og:description\" content=\"Importul de m\u0103rfuri Elve\u021bia comercial\u0103 \/ privat\u0103 \/ ZAVV - informa\u021bii \u0219i declara\u021bii. Vom fi bucuro\u0219i s\u0103 preg\u0103tim documentele vamale pentru dumneavoastr\u0103.\" \/>\n<meta property=\"og:url\" content=\"https:\/\/pureprogress-logistics.com\/ro\/import-de-bunuri-elvetia-comerciala-si-privata\/\" \/>\n<meta property=\"og:site_name\" content=\"Spedition &amp; Zollagentur | PUREPROGRESS\" \/>\n<meta property=\"article:modified_time\" content=\"2024-10-03T13:50:46+00:00\" \/>\n<meta name=\"twitter:card\" content=\"summary_large_image\" \/>\n<meta name=\"twitter:label1\" content=\"Timp estimat pentru citire\" \/>\n\t<meta name=\"twitter:data1\" content=\"7 minute\" \/>\n<script type=\"application\/ld+json\" class=\"yoast-schema-graph\">{\"@context\":\"https:\/\/schema.org\",\"@graph\":[{\"@type\":\"WebPage\",\"@id\":\"https:\/\/pureprogress-logistics.com\/ro\/import-de-bunuri-elvetia-comerciala-si-privata\/\",\"url\":\"https:\/\/pureprogress-logistics.com\/ro\/import-de-bunuri-elvetia-comerciala-si-privata\/\",\"name\":\"Import de bunuri Elve\u021bia comercial\u0103 \u0219i privat\u0103 - Explica\u021bii privind v\u0103muirea\",\"isPartOf\":{\"@id\":\"https:\/\/pureprogress-logistics.com\/#website\"},\"datePublished\":\"2021-03-07T23:28:53+00:00\",\"dateModified\":\"2024-10-03T13:50:46+00:00\",\"description\":\"Importul de m\u0103rfuri Elve\u021bia comercial\u0103 \/ privat\u0103 \/ ZAVV - informa\u021bii \u0219i declara\u021bii. Vom fi bucuro\u0219i s\u0103 preg\u0103tim documentele vamale pentru dumneavoastr\u0103.\",\"breadcrumb\":{\"@id\":\"https:\/\/pureprogress-logistics.com\/ro\/import-de-bunuri-elvetia-comerciala-si-privata\/#breadcrumb\"},\"inLanguage\":\"ro-RO\",\"potentialAction\":[{\"@type\":\"ReadAction\",\"target\":[\"https:\/\/pureprogress-logistics.com\/ro\/import-de-bunuri-elvetia-comerciala-si-privata\/\"]}]},{\"@type\":\"BreadcrumbList\",\"@id\":\"https:\/\/pureprogress-logistics.com\/ro\/import-de-bunuri-elvetia-comerciala-si-privata\/#breadcrumb\",\"itemListElement\":[{\"@type\":\"ListItem\",\"position\":1,\"name\":\"Startseite\",\"item\":\"https:\/\/pureprogress-logistics.com\/\"},{\"@type\":\"ListItem\",\"position\":2,\"name\":\"Import de bunuri Elve\u021bia comercial\u0103 \u0219i privat\u0103\"}]},{\"@type\":\"WebSite\",\"@id\":\"https:\/\/pureprogress-logistics.com\/#website\",\"url\":\"https:\/\/pureprogress-logistics.com\/\",\"name\":\"Ausfuhrbegleitdokument.com - MRN \/ ABD Erstellung\",\"description\":\"\",\"publisher\":{\"@id\":\"https:\/\/pureprogress-logistics.com\/#organization\"},\"potentialAction\":[{\"@type\":\"SearchAction\",\"target\":{\"@type\":\"EntryPoint\",\"urlTemplate\":\"https:\/\/pureprogress-logistics.com\/?s={search_term_string}\"},\"query-input\":{\"@type\":\"PropertyValueSpecification\",\"valueRequired\":true,\"valueName\":\"search_term_string\"}}],\"inLanguage\":\"ro-RO\"},{\"@type\":\"Organization\",\"@id\":\"https:\/\/pureprogress-logistics.com\/#organization\",\"name\":\"PUREPROGRESS GmbH\",\"url\":\"https:\/\/pureprogress-logistics.com\/\",\"logo\":{\"@type\":\"ImageObject\",\"inLanguage\":\"ro-RO\",\"@id\":\"https:\/\/pureprogress-logistics.com\/#\/schema\/logo\/image\/\",\"url\":\"https:\/\/ausfuhrbegleitdokument.com\/wp-content\/uploads\/2019\/10\/preloader-image.png\",\"contentUrl\":\"https:\/\/ausfuhrbegleitdokument.com\/wp-content\/uploads\/2019\/10\/preloader-image.png\",\"width\":224,\"height\":31,\"caption\":\"PUREPROGRESS GmbH\"},\"image\":{\"@id\":\"https:\/\/pureprogress-logistics.com\/#\/schema\/logo\/image\/\"}}]}<\/script>\n<!-- \/ Yoast SEO plugin. -->","yoast_head_json":{"title":"Import de bunuri Elve\u021bia comercial\u0103 \u0219i privat\u0103 - Explica\u021bii privind v\u0103muirea","description":"Importul de m\u0103rfuri Elve\u021bia comercial\u0103 \/ privat\u0103 \/ ZAVV - informa\u021bii \u0219i declara\u021bii. Vom fi bucuro\u0219i s\u0103 preg\u0103tim documentele vamale pentru dumneavoastr\u0103.","robots":{"index":"index","follow":"follow","max-snippet":"max-snippet:-1","max-image-preview":"max-image-preview:large","max-video-preview":"max-video-preview:-1"},"canonical":"https:\/\/pureprogress-logistics.com\/ro\/import-de-bunuri-elvetia-comerciala-si-privata\/","og_locale":"ro_RO","og_type":"article","og_title":"Import de bunuri Elve\u021bia comercial\u0103 \u0219i privat\u0103 - Explica\u021bii privind v\u0103muirea","og_description":"Importul de m\u0103rfuri Elve\u021bia comercial\u0103 \/ privat\u0103 \/ ZAVV - informa\u021bii \u0219i declara\u021bii. Vom fi bucuro\u0219i s\u0103 preg\u0103tim documentele vamale pentru dumneavoastr\u0103.","og_url":"https:\/\/pureprogress-logistics.com\/ro\/import-de-bunuri-elvetia-comerciala-si-privata\/","og_site_name":"Spedition &amp; Zollagentur | PUREPROGRESS","article_modified_time":"2024-10-03T13:50:46+00:00","twitter_card":"summary_large_image","twitter_misc":{"Timp estimat pentru citire":"7 minute"},"schema":{"@context":"https:\/\/schema.org","@graph":[{"@type":"WebPage","@id":"https:\/\/pureprogress-logistics.com\/ro\/import-de-bunuri-elvetia-comerciala-si-privata\/","url":"https:\/\/pureprogress-logistics.com\/ro\/import-de-bunuri-elvetia-comerciala-si-privata\/","name":"Import de bunuri Elve\u021bia comercial\u0103 \u0219i privat\u0103 - Explica\u021bii privind v\u0103muirea","isPartOf":{"@id":"https:\/\/pureprogress-logistics.com\/#website"},"datePublished":"2021-03-07T23:28:53+00:00","dateModified":"2024-10-03T13:50:46+00:00","description":"Importul de m\u0103rfuri Elve\u021bia comercial\u0103 \/ privat\u0103 \/ ZAVV - informa\u021bii \u0219i declara\u021bii. Vom fi bucuro\u0219i s\u0103 preg\u0103tim documentele vamale pentru dumneavoastr\u0103.","breadcrumb":{"@id":"https:\/\/pureprogress-logistics.com\/ro\/import-de-bunuri-elvetia-comerciala-si-privata\/#breadcrumb"},"inLanguage":"ro-RO","potentialAction":[{"@type":"ReadAction","target":["https:\/\/pureprogress-logistics.com\/ro\/import-de-bunuri-elvetia-comerciala-si-privata\/"]}]},{"@type":"BreadcrumbList","@id":"https:\/\/pureprogress-logistics.com\/ro\/import-de-bunuri-elvetia-comerciala-si-privata\/#breadcrumb","itemListElement":[{"@type":"ListItem","position":1,"name":"Startseite","item":"https:\/\/pureprogress-logistics.com\/"},{"@type":"ListItem","position":2,"name":"Import de bunuri Elve\u021bia comercial\u0103 \u0219i privat\u0103"}]},{"@type":"WebSite","@id":"https:\/\/pureprogress-logistics.com\/#website","url":"https:\/\/pureprogress-logistics.com\/","name":"Ausfuhrbegleitdokument.com - MRN \/ ABD Erstellung","description":"","publisher":{"@id":"https:\/\/pureprogress-logistics.com\/#organization"},"potentialAction":[{"@type":"SearchAction","target":{"@type":"EntryPoint","urlTemplate":"https:\/\/pureprogress-logistics.com\/?s={search_term_string}"},"query-input":{"@type":"PropertyValueSpecification","valueRequired":true,"valueName":"search_term_string"}}],"inLanguage":"ro-RO"},{"@type":"Organization","@id":"https:\/\/pureprogress-logistics.com\/#organization","name":"PUREPROGRESS GmbH","url":"https:\/\/pureprogress-logistics.com\/","logo":{"@type":"ImageObject","inLanguage":"ro-RO","@id":"https:\/\/pureprogress-logistics.com\/#\/schema\/logo\/image\/","url":"https:\/\/ausfuhrbegleitdokument.com\/wp-content\/uploads\/2019\/10\/preloader-image.png","contentUrl":"https:\/\/ausfuhrbegleitdokument.com\/wp-content\/uploads\/2019\/10\/preloader-image.png","width":224,"height":31,"caption":"PUREPROGRESS GmbH"},"image":{"@id":"https:\/\/pureprogress-logistics.com\/#\/schema\/logo\/image\/"}}]}},"_links":{"self":[{"href":"https:\/\/pureprogress-logistics.com\/ro\/wp-json\/wp\/v2\/pages\/37271","targetHints":{"allow":["GET"]}}],"collection":[{"href":"https:\/\/pureprogress-logistics.com\/ro\/wp-json\/wp\/v2\/pages"}],"about":[{"href":"https:\/\/pureprogress-logistics.com\/ro\/wp-json\/wp\/v2\/types\/page"}],"author":[{"embeddable":true,"href":"https:\/\/pureprogress-logistics.com\/ro\/wp-json\/wp\/v2\/users\/1"}],"replies":[{"embeddable":true,"href":"https:\/\/pureprogress-logistics.com\/ro\/wp-json\/wp\/v2\/comments?post=37271"}],"version-history":[{"count":0,"href":"https:\/\/pureprogress-logistics.com\/ro\/wp-json\/wp\/v2\/pages\/37271\/revisions"}],"wp:attachment":[{"href":"https:\/\/pureprogress-logistics.com\/ro\/wp-json\/wp\/v2\/media?parent=37271"}],"curies":[{"name":"wp","href":"https:\/\/api.w.org\/{rel}","templated":true}]}}