{"id":37162,"date":"2022-09-14T16:29:08","date_gmt":"2022-09-14T16:29:08","guid":{"rendered":"https:\/\/pureprogress-logistics.com\/formular-de-contact-2\/"},"modified":"2024-10-03T13:33:58","modified_gmt":"2024-10-03T13:33:58","slug":"formular-de-contact-2","status":"publish","type":"page","link":"https:\/\/pureprogress-logistics.com\/ro\/formular-de-contact-2\/","title":{"rendered":"formular de contact"},"content":{"rendered":"\t\t<div data-elementor-type=\"wp-page\" data-elementor-id=\"37162\" class=\"elementor elementor-37162 elementor-14568\" data-elementor-post-type=\"page\">\n\t\t\t\t\t\t<section class=\"elementor-section elementor-top-section elementor-element elementor-element-b09bbfb elementor-section-boxed elementor-section-height-default elementor-section-height-default\" data-id=\"b09bbfb\" data-element_type=\"section\" data-e-type=\"section\" data-settings=\"{&quot;jet_parallax_layout_list&quot;:[]}\">\n\t\t\t\t\t\t<div class=\"elementor-container elementor-column-gap-default\">\n\t\t\t\t\t<div class=\"elementor-column elementor-col-100 elementor-top-column elementor-element elementor-element-b8951b3\" data-id=\"b8951b3\" data-element_type=\"column\" data-e-type=\"column\">\n\t\t\t<div class=\"elementor-widget-wrap elementor-element-populated\">\n\t\t\t\t\t\t<div class=\"elementor-element elementor-element-dc6331c elementor-widget elementor-widget-pafe-multi-step-form\" data-id=\"dc6331c\" data-element_type=\"widget\" data-e-type=\"widget\" data-widget_type=\"pafe-multi-step-form.default\">\n\t\t\t\t<div class=\"elementor-widget-container\">\n\t\t\t\t\t\t\t\t<div class=\"pafe-multi-step-form\">\n\t\t\t\t<div class=\"pafe-multi-step-form__progressbar \">\n\t\t\t\t\t\t\t\t\t\t\t<div class=\"pafe-multi-step-form__progressbar-item active\">\n\t\t\t\t\t\t\t<div class=\"pafe-multi-step-form__progressbar-item-step-number\">\n\t\t\t\t\t\t\t\t<div class=\"pafe-multi-step-form__progressbar-item-step\">1<\/div>\n\t\t\t\t\t\t\t<\/div>\n\t\t\t\t\t\t\t<div class=\"pafe-multi-step-form__progressbar-item-title   \"><\/div>\n\t\t\t\t\t\t<\/div>\n\t\t\t\t\t\t\t\t\t\t\t<div class=\"pafe-multi-step-form__progressbar-item\">\n\t\t\t\t\t\t\t<div class=\"pafe-multi-step-form__progressbar-item-step-number\">\n\t\t\t\t\t\t\t\t<div class=\"pafe-multi-step-form__progressbar-item-step\">2<\/div>\n\t\t\t\t\t\t\t<\/div>\n\t\t\t\t\t\t\t<div class=\"pafe-multi-step-form__progressbar-item-title   \"><\/div>\n\t\t\t\t\t\t<\/div>\n\t\t\t\t\t\t\t\t\t<\/div>\n\t\t\t\t\t\t\t\t<div class=\"pafe-multi-step-form__content\">\n\t\t\t\t\t\t\t\t\t\t\t\t\t\t\t<div class=\"pafe-multi-step-form__content-item active\" data-pafe-form-builder-step-item-id=\"8864\">\n\t\t\t\t\t\t\t<div class=\"pafe-multi-step-form__content-item-shortcode\">\n\t\t\t\t\t\t\t\t\t\t<div data-elementor-type=\"section\" data-elementor-id=\"37956\" class=\"elementor elementor-37956 elementor-8864 elementor-8864\" data-elementor-post-type=\"elementor_library\">\n\t\t\t\t\t<section class=\"elementor-section elementor-top-section elementor-element elementor-element-bbdad35 elementor-section-boxed elementor-section-height-default elementor-section-height-default\" data-id=\"bbdad35\" data-element_type=\"section\" data-e-type=\"section\" data-settings=\"{&quot;jet_parallax_layout_list&quot;:[]}\">\n\t\t\t\t\t\t<div class=\"elementor-container elementor-column-gap-default\">\n\t\t\t\t\t<div class=\"elementor-column elementor-col-100 elementor-top-column elementor-element elementor-element-d332ca7\" data-id=\"d332ca7\" data-element_type=\"column\" data-e-type=\"column\">\n\t\t\t<div class=\"elementor-widget-wrap elementor-element-populated\">\n\t\t\t\t\t\t<div class=\"elementor-element elementor-element-cb6e7b9 elementor-widget elementor-widget-pafe-form-builder-field\" data-id=\"cb6e7b9\" data-element_type=\"widget\" data-e-type=\"widget\" data-widget_type=\"pafe-form-builder-field.default\">\n\t\t\t\t<div class=\"elementor-widget-container\">\n\t\t\t\t\t\t\t\r\n\t\t<div class=\"elementor-form-fields-wrapper elementor-labels-above pafe-form-builder-field\">\r\n\t\t\t<div class=\"elementor-field-type-html elementor-field-group elementor-column elementor-field-group-emailadresseh elementor-col-100\">\r\n\t\t\t\t<div data-pafe-form-builder-required><\/div><div class=\"pafe-field-container\"><div class=\"elementor-field elementor-size- \" data-pafe-form-builder-html data-pafe-form-builder-form-id=\"kontaktform\" id=\"form-field-emailadresseh\" name=\"form_fields[emailadresseh]\"><b>Ihre Email Adresse<\/b> <font color=\"red\">*<\/font><\/div><\/div>\t\t\t<\/div>\r\n\t\t<\/div>\r\n\t\t\t\t\t<\/div>\n\t\t\t\t<\/div>\n\t\t\t\t<div class=\"elementor-element elementor-element-b3083ed elementor-widget elementor-widget-pafe-form-builder-field\" data-id=\"b3083ed\" data-element_type=\"widget\" data-e-type=\"widget\" data-widget_type=\"pafe-form-builder-field.default\">\n\t\t\t\t<div class=\"elementor-widget-container\">\n\t\t\t\t\t\t\t\r\n\t\t<div class=\"elementor-form-fields-wrapper elementor-labels-above pafe-form-builder-field\">\r\n\t\t\t<div class=\"elementor-field-type-email elementor-field-group elementor-column elementor-field-group-emailadresse elementor-col-100 elementor-field-required elementor-mark-required\">\r\n\t\t\t\t<label style=\"display:none\" for=\"form-field-emailadresse\" class=\"elementor-field-label\">Adresa de e-mail<\/label><div data-pafe-form-builder-required><\/div><div class=\"pafe-field-container\"><input size=\"1\" class=\"elementor-field elementor-size- \" type=\"email\" name=\"form_fields[emailadresse]\" id=\"form-field-emailadresse\" autocomplete=\"on\" data-pafe-form-builder-default-value=\"\" required=\"required\" aria-required=\"true\" data-pafe-form-builder-form-id=\"kontaktform\"><\/div>\t\t\t<\/div>\r\n\t\t<\/div>\r\n\t\t\t\t\t<\/div>\n\t\t\t\t<\/div>\n\t\t\t\t<div class=\"elementor-element elementor-element-43ef6ef elementor-widget elementor-widget-pafe-form-builder-field\" data-id=\"43ef6ef\" data-element_type=\"widget\" data-e-type=\"widget\" data-widget_type=\"pafe-form-builder-field.default\">\n\t\t\t\t<div class=\"elementor-widget-container\">\n\t\t\t\t\t\t\t\r\n\t\t<div class=\"elementor-form-fields-wrapper elementor-labels-above pafe-form-builder-field\">\r\n\t\t\t<div class=\"elementor-field-type-honeypot elementor-field-group elementor-column elementor-field-group-telephone elementor-col-100\">\r\n\t\t\t\t<label style=\"display:none\" for=\"form-field-telephone\" class=\"elementor-field-label\" data-pafe-form-builder-honeypot>Num\u0103rul de telefon<\/label><div data-pafe-form-builder-required><\/div><div class=\"pafe-field-container\"><input size=\"1\" class=\"elementor-field elementor-size- \" type=\"honeypot\" name=\"form_fields[telephone]\" id=\"form-field-telephone\" autocomplete=\"on\" data-pafe-form-builder-default-value=\"\" value=\"\" data-pafe-form-builder-value=\"\" data-pafe-form-builder-form-id=\"kontaktform\" style=\"display:none !important;\"><\/div>\t\t\t<\/div>\r\n\t\t<\/div>\r\n\t\t\t\t\t<\/div>\n\t\t\t\t<\/div>\n\t\t\t\t<div class=\"elementor-element elementor-element-4b4aaca elementor-widget elementor-widget-pafe-form-builder-field\" data-id=\"4b4aaca\" data-element_type=\"widget\" data-e-type=\"widget\" data-widget_type=\"pafe-form-builder-field.default\">\n\t\t\t\t<div class=\"elementor-widget-container\">\n\t\t\t\t\t\t\t\r\n\t\t<div class=\"elementor-form-fields-wrapper elementor-labels-above pafe-form-builder-field\">\r\n\t\t\t<div class=\"elementor-field-type-html elementor-field-group elementor-column elementor-field-group-nachrichth elementor-col-100\">\r\n\t\t\t\t<div data-pafe-form-builder-required><\/div><div class=\"pafe-field-container\"><div class=\"elementor-field elementor-size- \" data-pafe-form-builder-html data-pafe-form-builder-form-id=\"kontaktform\" id=\"form-field-nachrichth\" name=\"form_fields[nachrichth]\"><b>Ihre Nachricht an uns<\/b> <font color=\"red\">*<\/font><\/div><\/div>\t\t\t<\/div>\r\n\t\t<\/div>\r\n\t\t\t\t\t<\/div>\n\t\t\t\t<\/div>\n\t\t\t\t<div class=\"elementor-element elementor-element-44250bb elementor-widget elementor-widget-pafe-form-builder-field\" data-id=\"44250bb\" data-element_type=\"widget\" data-e-type=\"widget\" data-widget_type=\"pafe-form-builder-field.default\">\n\t\t\t\t<div class=\"elementor-widget-container\">\n\t\t\t\t\t\t\t\r\n\t\t<div class=\"elementor-form-fields-wrapper elementor-labels-above pafe-form-builder-field\">\r\n\t\t\t<div class=\"elementor-field-type-textarea elementor-field-group elementor-column elementor-field-group-nachricht elementor-col-100 elementor-field-required elementor-mark-required\">\r\n\t\t\t\t<label style=\"display:none\" for=\"form-field-nachricht\" class=\"elementor-field-label\">Mesaj<\/label><div data-pafe-form-builder-required><\/div><div class=\"pafe-field-container\"><textarea class=\"elementor-field  elementor-size-\" name=\"form_fields[nachricht]\" id=\"form-field-nachricht\" rows=\"4\" required=\"required\" aria-required=\"true\" data-pafe-form-builder-default-value=\"\" data-pafe-form-builder-form-id=\"kontaktform\"><\/textarea><\/div>\t\t\t<\/div>\r\n\t\t<\/div>\r\n\t\t\t\t\t<\/div>\n\t\t\t\t<\/div>\n\t\t\t\t\t<\/div>\n\t\t<\/div>\n\t\t\t\t\t<\/div>\n\t\t<\/section>\n\t\t\t\t<\/div>\n\t\t\t\t\t\t\t\t\t<\/div>\n\t\t\t\t\t\t\t<div class=\"pafe-multi-step-form__content-item-buttons\">\n\t\t\t\t\t\t\t\t\t\t\t\t\t\t\t\t\t\t\t\t\t\t\t\t\t<div class=\"pafe-multi-step-form__content-item-button\">\n\t\t\t\t\t\t\t\t\t\t<button class=\"elementor-button pafe-form-builder-button elementor-size-sm\" role=\"button\" data-pafe-form-builder-required-text=\"Acest c\u00e2mp trebuie completat.\" data-pafe-form-builder-nav-form-id=\"kontaktform\" data-pafe-form-builder-nav=\"next\">\n\t\t\t\t\t\t\t\t\t\t\t<span class=\"elementor-button-content-wrapper\">\n\t\t\t\t\t\t\t\t\t\t\t\t<span class=\"elementor-button-text\">Urm\u0103torul<\/span>\n\t\t\t\t\t\t\t\t\t\t\t<\/span>\n\t\t\t\t\t\t\t\t\t\t<\/button>\n\t\t\t\t\t\t\t\t\t<\/div>\n\t\t\t\t\t\t\t\t\t\t\t\t\t\t\t\t\t\t\t\t\t\t\t\t\t\t\t\t\t\t\t<\/div>\n\n\t\t\t\t\t\t\t\n\t\t\t\t\t\t\t\t\t\t\t\t\t\t<div id=\"pafe-form-builder-trigger-success-kontaktform\" data-pafe-form-builder-trigger-success=\"kontaktform\" data-disable-clean-form=\"no\" style=\"display: none\"><\/div>\n\t\t\t\t\t\t\t<div id=\"pafe-form-builder-trigger-failed-kontaktform\" data-pafe-form-builder-trigger-failed=\"kontaktform\" style=\"display: none\"><\/div>\n\n\t\t\t\t\t\t\t\n\t\t\t\t\t\t<\/div>\n\t\t\t\t\t\t\t\t\t\t\t<div class=\"pafe-multi-step-form__content-item\" data-pafe-form-builder-step-item-id=\"8870\">\n\t\t\t\t\t\t\t<div class=\"pafe-multi-step-form__content-item-shortcode\">\n\t\t\t\t\t\t\t\t\t\t\t\t\t\t\t<\/div>\n\t\t\t\t\t\t\t<div class=\"pafe-multi-step-form__content-item-buttons\">\n\t\t\t\t\t\t\t\t\t\t\t\t\t\t\t\t\t<div class=\"pafe-multi-step-form__content-item-button\">\n\t\t\t\t\t\t\t\t\t\t<button class=\"elementor-button pafe-form-builder-button elementor-size-sm\" role=\"button\" data-pafe-form-builder-required-text=\"Acest c\u00e2mp trebuie completat.\" data-pafe-form-builder-nav-form-id=\"kontaktform\" data-pafe-form-builder-nav=\"prev\">\n\t\t\t\t\t\t\t\t\t\t\t<span class=\"elementor-button-content-wrapper\">\n\t\t\t\t\t\t\t\t\t\t\t\t<span class=\"elementor-button-text\">\u00cenapoi<\/span>\n\t\t\t\t\t\t\t\t\t\t\t<\/span>\n\t\t\t\t\t\t\t\t\t\t<\/button>\n\t\t\t\t\t\t\t\t\t<\/div>\n\t\t\t\t\t\t\t\t\t\t\t\t\t\t\t\t\t\t\t\t\t\t\t\t\t\t\t\t\t\t\t\t\t<input type=\"hidden\" name=\"post_id\" value=\"37162\" data-pafe-form-builder-hidden-form-id=\"kontaktform\"\/>\n\t\t\t\t\t\t\t\t\t<input type=\"hidden\" name=\"form_id\" value=\"dc6331c\" data-pafe-form-builder-hidden-form-id=\"kontaktform\"\/>\n\t\t\t\t\t\t\t\t\t<input type=\"hidden\" name=\"remote_ip\" value=\"216.73.216.25\" data-pafe-form-builder-hidden-form-id=\"kontaktform\"\/>\n\n\t\t\t\t\t\t\t\t\t\n\t\t\t\t\t\t\t\t\t\n\t\t\t\t\t\t\t\t\t\n\t\t\t\t\t\t\t\t\t\t\t\n\t\t\t\t\t\t\t\t\t<div class=\"pafe-multi-step-form__content-item-button\">\n\t\t\t\t\t\t\t\t\t\t<button class=\"elementor-button pafe-form-builder-button elementor-size-sm\" role=\"button\" data-pafe-form-builder-required-text=\"Acest c\u00e2mp trebuie completat.\" data-pafe-form-builder-nav-form-id=\"kontaktform\" data-pafe-form-builder-submit-form-id=\"kontaktform\" data-pafe-submit-keyboard=\"false\" data-pafe-submit-hide=\"true\">\n\t\t\t\t\t\t\t\t\t\t\t<span class=\"elementor-button-content-wrapper\">\n                                                <span class=\"elementor-button-text elementor-form-spinner\"><i class=\"fa fa-spinner fa-spin\"><\/i><\/span>\n\t\t\t\t\t\t\t\t\t\t\t\t<span class=\"elementor-button-text\">Absenden<\/span>\n\t\t\t\t\t\t\t\t\t\t\t<\/span>\n\t\t\t\t\t\t\t\t\t\t<\/button>\n\t\t\t\t\t\t\t\t\t<\/div>\n\t\t\t\t\t\t\t\t\t\t\t\t\t\t\t\t\t\t\t\t\t\t\t\t\t\t\t\t\t\t\t\t\t\t\t\t\t\t\t\t<\/div>\n\n\t\t\t\t\t\t\t\n\t\t\t\t\t\t\t\n\t\t\t\t\t\t\t\t\t\t\t\t\t\t\t\t\t\t\t\t\t\t\t\t\t\t\t\t\t\t\t\t\t\t\t\t\t\t\t\t<div class=\"pafe-form-builder-alert pafe-form-builder-alert--mail\">\n\t\t\t\t\t\t\t\t\t<div class=\"elementor-message elementor-message-success\" role=\"alert\" data-pafe-form-builder-message>Formularul a fost trimis cu succes.\nPute\u021bi \u00eenchide pagina acum. <\/div>\n\t\t\t\t\t\t\t\t\t<div class=\"elementor-message elementor-message-danger\" role=\"alert\">A ap\u0103rut o eroare, v\u0103 rug\u0103m s\u0103 re\u00eenc\u0103rca\u021bi site-ul nostru \u0219i s\u0103 \u00eencerca\u021bi din nou.<\/div>\n\t\t\t\t\t\t\t\t\t<!-- <div class=\"elementor-message elementor-help-inline\" role=\"alert\">Server error. Form not sent.<\/div> -->\n\t\t\t\t\t\t\t\t<\/div>\n\t\t\t\t\t\t\t\t\t\t\t\t\t\t<div id=\"pafe-form-builder-trigger-success-kontaktform\" data-pafe-form-builder-trigger-success=\"kontaktform\" data-disable-clean-form=\"no\" style=\"display: none\"><\/div>\n\t\t\t\t\t\t\t<div id=\"pafe-form-builder-trigger-failed-kontaktform\" data-pafe-form-builder-trigger-failed=\"kontaktform\" style=\"display: none\"><\/div>\n\n\t\t\t\t\t\t\t\n\t\t\t\t\t\t<\/div>\n\t\t\t\t\t\t\t\t\t<\/div>\n\t\t\t<\/div>\n\t\t\t\t\t\t<\/div>\n\t\t\t\t<\/div>\n\t\t\t\t\t<\/div>\n\t\t<\/div>\n\t\t\t\t\t<\/div>\n\t\t<\/section>\n\t\t\t\t<\/div>\n\t\t","protected":false},"excerpt":{"rendered":"<p>1 2 Ihre Email Adresse * E-Mail Adresse Telefon-Nummer Ihre Nachricht an uns * Nachricht Urm\u0103torul \u00cenapoi Absenden Formularul a fost trimis cu succes. Pute\u021bi \u00eenchide pagina acum. A ap\u0103rut o eroare, v\u0103 rug\u0103m s\u0103 re\u00eenc\u0103rca\u021bi site-ul nostru \u0219i s\u0103 \u00eencerca\u021bi din nou.<\/p>\n","protected":false},"author":1,"featured_media":0,"parent":0,"menu_order":0,"comment_status":"closed","ping_status":"closed","template":"","meta":{"_monsterinsights_skip_tracking":false,"_monsterinsights_sitenote_active":false,"_monsterinsights_sitenote_note":"","_monsterinsights_sitenote_category":0,"footnotes":""},"class_list":["post-37162","page","type-page","status-publish","hentry"],"yoast_head":"<!-- This site is optimized with the Yoast SEO plugin v27.2 - https:\/\/yoast.com\/product\/yoast-seo-wordpress\/ -->\n<title>formular de contact - Spedition &amp; Zollagentur | PUREPROGRESS<\/title>\n<meta name=\"description\" content=\"Formular de contact PureProgress - forwarding &amp; customs agency: Lua\u021bi leg\u0103tura cu noi \u0219i solicita\u021bi o ofert\u0103 f\u0103r\u0103 angajament.\" \/>\n<meta name=\"robots\" content=\"index, follow, max-snippet:-1, max-image-preview:large, max-video-preview:-1\" \/>\n<link rel=\"canonical\" href=\"https:\/\/pureprogress-logistics.com\/ro\/formular-de-contact-2\/\" \/>\n<meta property=\"og:locale\" content=\"ro_RO\" \/>\n<meta property=\"og:type\" content=\"article\" \/>\n<meta property=\"og:title\" content=\"formular de contact - Spedition &amp; Zollagentur | PUREPROGRESS\" \/>\n<meta property=\"og:description\" content=\"Formular de contact PureProgress - forwarding &amp; customs agency: Lua\u021bi leg\u0103tura cu noi \u0219i solicita\u021bi o ofert\u0103 f\u0103r\u0103 angajament.\" \/>\n<meta property=\"og:url\" content=\"https:\/\/pureprogress-logistics.com\/ro\/formular-de-contact-2\/\" \/>\n<meta property=\"og:site_name\" content=\"Spedition &amp; Zollagentur | PUREPROGRESS\" \/>\n<meta property=\"article:modified_time\" content=\"2024-10-03T13:33:58+00:00\" \/>\n<meta name=\"twitter:card\" content=\"summary_large_image\" \/>\n<script type=\"application\/ld+json\" class=\"yoast-schema-graph\">{\"@context\":\"https:\/\/schema.org\",\"@graph\":[{\"@type\":\"WebPage\",\"@id\":\"https:\/\/pureprogress-logistics.com\/ro\/formular-de-contact-2\/\",\"url\":\"https:\/\/pureprogress-logistics.com\/ro\/formular-de-contact-2\/\",\"name\":\"formular de contact - Spedition &amp; Zollagentur | PUREPROGRESS\",\"isPartOf\":{\"@id\":\"https:\/\/pureprogress-logistics.com\/#website\"},\"datePublished\":\"2022-09-14T16:29:08+00:00\",\"dateModified\":\"2024-10-03T13:33:58+00:00\",\"description\":\"Formular de contact PureProgress - forwarding & customs agency: Lua\u021bi leg\u0103tura cu noi \u0219i solicita\u021bi o ofert\u0103 f\u0103r\u0103 angajament.\",\"breadcrumb\":{\"@id\":\"https:\/\/pureprogress-logistics.com\/ro\/formular-de-contact-2\/#breadcrumb\"},\"inLanguage\":\"ro-RO\",\"potentialAction\":[{\"@type\":\"ReadAction\",\"target\":[\"https:\/\/pureprogress-logistics.com\/ro\/formular-de-contact-2\/\"]}]},{\"@type\":\"BreadcrumbList\",\"@id\":\"https:\/\/pureprogress-logistics.com\/ro\/formular-de-contact-2\/#breadcrumb\",\"itemListElement\":[{\"@type\":\"ListItem\",\"position\":1,\"name\":\"Startseite\",\"item\":\"https:\/\/pureprogress-logistics.com\/\"},{\"@type\":\"ListItem\",\"position\":2,\"name\":\"formular de contact\"}]},{\"@type\":\"WebSite\",\"@id\":\"https:\/\/pureprogress-logistics.com\/#website\",\"url\":\"https:\/\/pureprogress-logistics.com\/\",\"name\":\"Ausfuhrbegleitdokument.com - MRN \/ ABD Erstellung\",\"description\":\"\",\"publisher\":{\"@id\":\"https:\/\/pureprogress-logistics.com\/#organization\"},\"potentialAction\":[{\"@type\":\"SearchAction\",\"target\":{\"@type\":\"EntryPoint\",\"urlTemplate\":\"https:\/\/pureprogress-logistics.com\/?s={search_term_string}\"},\"query-input\":{\"@type\":\"PropertyValueSpecification\",\"valueRequired\":true,\"valueName\":\"search_term_string\"}}],\"inLanguage\":\"ro-RO\"},{\"@type\":\"Organization\",\"@id\":\"https:\/\/pureprogress-logistics.com\/#organization\",\"name\":\"PUREPROGRESS GmbH\",\"url\":\"https:\/\/pureprogress-logistics.com\/\",\"logo\":{\"@type\":\"ImageObject\",\"inLanguage\":\"ro-RO\",\"@id\":\"https:\/\/pureprogress-logistics.com\/#\/schema\/logo\/image\/\",\"url\":\"https:\/\/ausfuhrbegleitdokument.com\/wp-content\/uploads\/2019\/10\/preloader-image.png\",\"contentUrl\":\"https:\/\/ausfuhrbegleitdokument.com\/wp-content\/uploads\/2019\/10\/preloader-image.png\",\"width\":224,\"height\":31,\"caption\":\"PUREPROGRESS GmbH\"},\"image\":{\"@id\":\"https:\/\/pureprogress-logistics.com\/#\/schema\/logo\/image\/\"}}]}<\/script>\n<!-- \/ Yoast SEO plugin. -->","yoast_head_json":{"title":"formular de contact - Spedition &amp; Zollagentur | PUREPROGRESS","description":"Formular de contact PureProgress - forwarding & customs agency: Lua\u021bi leg\u0103tura cu noi \u0219i solicita\u021bi o ofert\u0103 f\u0103r\u0103 angajament.","robots":{"index":"index","follow":"follow","max-snippet":"max-snippet:-1","max-image-preview":"max-image-preview:large","max-video-preview":"max-video-preview:-1"},"canonical":"https:\/\/pureprogress-logistics.com\/ro\/formular-de-contact-2\/","og_locale":"ro_RO","og_type":"article","og_title":"formular de contact - Spedition &amp; Zollagentur | PUREPROGRESS","og_description":"Formular de contact PureProgress - forwarding & customs agency: Lua\u021bi leg\u0103tura cu noi \u0219i solicita\u021bi o ofert\u0103 f\u0103r\u0103 angajament.","og_url":"https:\/\/pureprogress-logistics.com\/ro\/formular-de-contact-2\/","og_site_name":"Spedition &amp; Zollagentur | PUREPROGRESS","article_modified_time":"2024-10-03T13:33:58+00:00","twitter_card":"summary_large_image","schema":{"@context":"https:\/\/schema.org","@graph":[{"@type":"WebPage","@id":"https:\/\/pureprogress-logistics.com\/ro\/formular-de-contact-2\/","url":"https:\/\/pureprogress-logistics.com\/ro\/formular-de-contact-2\/","name":"formular de contact - Spedition &amp; Zollagentur | PUREPROGRESS","isPartOf":{"@id":"https:\/\/pureprogress-logistics.com\/#website"},"datePublished":"2022-09-14T16:29:08+00:00","dateModified":"2024-10-03T13:33:58+00:00","description":"Formular de contact PureProgress - forwarding & customs agency: Lua\u021bi leg\u0103tura cu noi \u0219i solicita\u021bi o ofert\u0103 f\u0103r\u0103 angajament.","breadcrumb":{"@id":"https:\/\/pureprogress-logistics.com\/ro\/formular-de-contact-2\/#breadcrumb"},"inLanguage":"ro-RO","potentialAction":[{"@type":"ReadAction","target":["https:\/\/pureprogress-logistics.com\/ro\/formular-de-contact-2\/"]}]},{"@type":"BreadcrumbList","@id":"https:\/\/pureprogress-logistics.com\/ro\/formular-de-contact-2\/#breadcrumb","itemListElement":[{"@type":"ListItem","position":1,"name":"Startseite","item":"https:\/\/pureprogress-logistics.com\/"},{"@type":"ListItem","position":2,"name":"formular de contact"}]},{"@type":"WebSite","@id":"https:\/\/pureprogress-logistics.com\/#website","url":"https:\/\/pureprogress-logistics.com\/","name":"Ausfuhrbegleitdokument.com - MRN \/ ABD Erstellung","description":"","publisher":{"@id":"https:\/\/pureprogress-logistics.com\/#organization"},"potentialAction":[{"@type":"SearchAction","target":{"@type":"EntryPoint","urlTemplate":"https:\/\/pureprogress-logistics.com\/?s={search_term_string}"},"query-input":{"@type":"PropertyValueSpecification","valueRequired":true,"valueName":"search_term_string"}}],"inLanguage":"ro-RO"},{"@type":"Organization","@id":"https:\/\/pureprogress-logistics.com\/#organization","name":"PUREPROGRESS GmbH","url":"https:\/\/pureprogress-logistics.com\/","logo":{"@type":"ImageObject","inLanguage":"ro-RO","@id":"https:\/\/pureprogress-logistics.com\/#\/schema\/logo\/image\/","url":"https:\/\/ausfuhrbegleitdokument.com\/wp-content\/uploads\/2019\/10\/preloader-image.png","contentUrl":"https:\/\/ausfuhrbegleitdokument.com\/wp-content\/uploads\/2019\/10\/preloader-image.png","width":224,"height":31,"caption":"PUREPROGRESS GmbH"},"image":{"@id":"https:\/\/pureprogress-logistics.com\/#\/schema\/logo\/image\/"}}]}},"_links":{"self":[{"href":"https:\/\/pureprogress-logistics.com\/ro\/wp-json\/wp\/v2\/pages\/37162","targetHints":{"allow":["GET"]}}],"collection":[{"href":"https:\/\/pureprogress-logistics.com\/ro\/wp-json\/wp\/v2\/pages"}],"about":[{"href":"https:\/\/pureprogress-logistics.com\/ro\/wp-json\/wp\/v2\/types\/page"}],"author":[{"embeddable":true,"href":"https:\/\/pureprogress-logistics.com\/ro\/wp-json\/wp\/v2\/users\/1"}],"replies":[{"embeddable":true,"href":"https:\/\/pureprogress-logistics.com\/ro\/wp-json\/wp\/v2\/comments?post=37162"}],"version-history":[{"count":0,"href":"https:\/\/pureprogress-logistics.com\/ro\/wp-json\/wp\/v2\/pages\/37162\/revisions"}],"wp:attachment":[{"href":"https:\/\/pureprogress-logistics.com\/ro\/wp-json\/wp\/v2\/media?parent=37162"}],"curies":[{"name":"wp","href":"https:\/\/api.w.org\/{rel}","templated":true}]}}