{"id":66186,"date":"2026-01-14T12:14:35","date_gmt":"2026-01-14T11:14:35","guid":{"rendered":"https:\/\/pureprogress-logistics.com\/zapytanie-transportowe\/"},"modified":"2026-01-21T15:01:47","modified_gmt":"2026-01-21T14:01:47","slug":"zapytanie-transportowe","status":"publish","type":"page","link":"https:\/\/pureprogress-logistics.com\/pl\/zapytanie-transportowe\/","title":{"rendered":"Zapytanie Transportowe"},"content":{"rendered":"\t\t<div data-elementor-type=\"wp-page\" data-elementor-id=\"66186\" class=\"elementor elementor-66186 elementor-65971\" data-elementor-post-type=\"page\">\n\t\t\t\t<div class=\"elementor-element elementor-element-a500cf7 e-flex e-con-boxed e-con e-parent\" data-id=\"a500cf7\" data-element_type=\"container\" data-e-type=\"container\" data-settings=\"{&quot;jet_parallax_layout_list&quot;:[]}\">\n\t\t\t\t\t<div class=\"e-con-inner\">\n\t\t<div class=\"elementor-element elementor-element-215fa70 e-con-full e-flex e-con e-child\" data-id=\"215fa70\" data-element_type=\"container\" data-e-type=\"container\" data-settings=\"{&quot;jet_parallax_layout_list&quot;:[]}\">\n\t\t\t\t<div class=\"elementor-element elementor-element-c99d449 elementor-widget elementor-widget-heading\" data-id=\"c99d449\" data-element_type=\"widget\" data-e-type=\"widget\" data-settings=\"{&quot;_animation&quot;:&quot;none&quot;}\" data-widget_type=\"heading.default\">\n\t\t\t\t<div class=\"elementor-widget-container\">\n\t\t\t\t\t<h1 class=\"elementor-heading-title elementor-size-default\">Zapytanie Transportowe<\/h1>\t\t\t\t<\/div>\n\t\t\t\t<\/div>\n\t\t\t\t<div class=\"elementor-element elementor-element-f0b9763 elementor-widget-divider--separator-type-pattern elementor-widget-divider--view-line elementor-widget elementor-widget-divider\" data-id=\"f0b9763\" data-element_type=\"widget\" data-e-type=\"widget\" data-settings=\"{&quot;_animation&quot;:&quot;none&quot;}\" data-widget_type=\"divider.default\">\n\t\t\t\t<div class=\"elementor-widget-container\">\n\t\t\t\t\t\t\t<div class=\"elementor-divider\" style=\"--divider-pattern-url: url(&quot;data:image\/svg+xml,%3Csvg xmlns=&#039;http:\/\/www.w3.org\/2000\/svg&#039; preserveAspectRatio=&#039;none&#039; overflow=&#039;visible&#039; height=&#039;100%&#039; viewBox=&#039;0 0 24 24&#039; fill=&#039;black&#039; stroke=&#039;none&#039;%3E%3Cpolygon points=&#039;9.4,2 24,2 14.6,21.6 0,21.6&#039;\/%3E%3C\/svg%3E&quot;);\">\n\t\t\t<span class=\"elementor-divider-separator\">\n\t\t\t\t\t\t<\/span>\n\t\t<\/div>\n\t\t\t\t\t\t<\/div>\n\t\t\t\t<\/div>\n\t\t\t\t<div class=\"elementor-element elementor-element-6a168ea elementor-widget elementor-widget-heading\" data-id=\"6a168ea\" data-element_type=\"widget\" data-e-type=\"widget\" data-settings=\"{&quot;_animation&quot;:&quot;none&quot;}\" data-widget_type=\"heading.default\">\n\t\t\t\t<div class=\"elementor-widget-container\">\n\t\t\t\t\t<div class=\"elementor-heading-title elementor-size-default\"><i>Co powiniene\u015b wiedzie\u0107<\/i><\/div>\t\t\t\t<\/div>\n\t\t\t\t<\/div>\n\t\t\t\t<\/div>\n\t\t\t\t\t<\/div>\n\t\t\t\t<\/div>\n\t\t<div class=\"elementor-element elementor-element-699fe29 e-flex e-con-boxed e-con e-parent\" data-id=\"699fe29\" data-element_type=\"container\" data-e-type=\"container\" data-settings=\"{&quot;jet_parallax_layout_list&quot;:[]}\">\n\t\t\t\t\t<div class=\"e-con-inner\">\n\t\t\t\t<div class=\"elementor-element elementor-element-058b784 elementor-widget elementor-widget-spacer\" data-id=\"058b784\" data-element_type=\"widget\" data-e-type=\"widget\" data-widget_type=\"spacer.default\">\n\t\t\t\t<div class=\"elementor-widget-container\">\n\t\t\t\t\t\t\t<div class=\"elementor-spacer\">\n\t\t\t<div class=\"elementor-spacer-inner\"><\/div>\n\t\t<\/div>\n\t\t\t\t\t\t<\/div>\n\t\t\t\t<\/div>\n\t\t\t\t<div class=\"elementor-element elementor-element-969381f elementor-widget elementor-widget-text-editor\" data-id=\"969381f\" data-element_type=\"widget\" data-e-type=\"widget\" data-widget_type=\"text-editor.default\">\n\t\t\t\t<div class=\"elementor-widget-container\">\n\t\t\t\t\t\t\t\t\t<p><strong>Gotowy do wysy\u0142ki?<\/strong> Otrzymaj bezp\u0142atn\u0105 wycen\u0119 w kilka minut &#8211; lub zapytaj nas o cokolwiek!<\/p>\t\t\t\t\t\t\t\t<\/div>\n\t\t\t\t<\/div>\n\t\t\t\t\t<\/div>\n\t\t\t\t<\/div>\n\t\t<div class=\"elementor-element elementor-element-550cb73 e-grid e-con-boxed e-con e-parent\" data-id=\"550cb73\" data-element_type=\"container\" data-e-type=\"container\" data-settings=\"{&quot;jet_parallax_layout_list&quot;:[]}\">\n\t\t\t\t\t<div class=\"e-con-inner\">\n\t\t<div class=\"elementor-element elementor-element-26d17e5 e-con-full e-flex e-con e-child\" data-id=\"26d17e5\" data-element_type=\"container\" data-e-type=\"container\" data-settings=\"{&quot;jet_parallax_layout_list&quot;:[]}\">\n\t\t\t\t<div class=\"elementor-element elementor-element-196460d elementor-widget elementor-widget-image\" data-id=\"196460d\" data-element_type=\"widget\" data-e-type=\"widget\" data-widget_type=\"image.default\">\n\t\t\t\t<div class=\"elementor-widget-container\">\n\t\t\t\t\t\t\t\t\t\t\t\t\t\t\t\t<a href=\"https:\/\/pureprogress-logistics.com\/pl\/wyszukiwarka-produktow-transport-samochodowy\/\">\n\t\t\t\t\t\t\t<img fetchpriority=\"high\" decoding=\"async\" width=\"800\" height=\"600\" src=\"https:\/\/pureprogress-logistics.com\/wp-content\/uploads\/2025\/09\/20220307_114805-1024x768.jpg\" class=\"attachment-large size-large wp-image-59185\" alt=\"\" srcset=\"https:\/\/pureprogress-logistics.com\/wp-content\/uploads\/2025\/09\/20220307_114805-1024x768.jpg 1024w, https:\/\/pureprogress-logistics.com\/wp-content\/uploads\/2025\/09\/20220307_114805-300x225.jpg 300w, https:\/\/pureprogress-logistics.com\/wp-content\/uploads\/2025\/09\/20220307_114805-295x222.jpg 295w, https:\/\/pureprogress-logistics.com\/wp-content\/uploads\/2025\/09\/20220307_114805-768x576.jpg 768w, https:\/\/pureprogress-logistics.com\/wp-content\/uploads\/2025\/09\/20220307_114805-1536x1152.jpg 1536w, https:\/\/pureprogress-logistics.com\/wp-content\/uploads\/2025\/09\/20220307_114805-2048x1536.jpg 2048w\" sizes=\"(max-width: 800px) 100vw, 800px\" \/>\t\t\t\t\t\t\t\t<\/a>\n\t\t\t\t\t\t\t\t\t\t\t\t\t\t\t<\/div>\n\t\t\t\t<\/div>\n\t\t\t\t<\/div>\n\t\t<div class=\"elementor-element elementor-element-444134f e-con-full e-flex e-con e-child\" data-id=\"444134f\" data-element_type=\"container\" data-e-type=\"container\" data-settings=\"{&quot;jet_parallax_layout_list&quot;:[]}\">\n\t\t\t\t<div class=\"elementor-element elementor-element-9b87918 elementor-widget elementor-widget-image\" data-id=\"9b87918\" data-element_type=\"widget\" data-e-type=\"widget\" data-widget_type=\"image.default\">\n\t\t\t\t<div class=\"elementor-widget-container\">\n\t\t\t\t\t\t\t\t\t\t\t\t\t\t\t\t<a href=\"https:\/\/pureprogress-logistics.com\/pl\/wyszukiwarka-produktow-transport-motocykli\/\">\n\t\t\t\t\t\t\t<img decoding=\"async\" width=\"786\" height=\"431\" src=\"https:\/\/pureprogress-logistics.com\/wp-content\/uploads\/2025\/07\/motorcycle-shipping-pic.png\" class=\"attachment-large size-large wp-image-57589\" alt=\"Motorcycle Transportation\" srcset=\"https:\/\/pureprogress-logistics.com\/wp-content\/uploads\/2025\/07\/motorcycle-shipping-pic.png 786w, https:\/\/pureprogress-logistics.com\/wp-content\/uploads\/2025\/07\/motorcycle-shipping-pic-300x165.png 300w, https:\/\/pureprogress-logistics.com\/wp-content\/uploads\/2025\/07\/motorcycle-shipping-pic-768x421.png 768w\" sizes=\"(max-width: 786px) 100vw, 786px\" \/>\t\t\t\t\t\t\t\t<\/a>\n\t\t\t\t\t\t\t\t\t\t\t\t\t\t\t<\/div>\n\t\t\t\t<\/div>\n\t\t\t\t<\/div>\n\t\t<div class=\"elementor-element elementor-element-3d4f89c e-con-full e-flex e-con e-child\" data-id=\"3d4f89c\" data-element_type=\"container\" data-e-type=\"container\" data-settings=\"{&quot;jet_parallax_layout_list&quot;:[]}\">\n\t\t\t\t<div class=\"elementor-element elementor-element-e4099a8 elementor-widget elementor-widget-image\" data-id=\"e4099a8\" data-element_type=\"widget\" data-e-type=\"widget\" data-widget_type=\"image.default\">\n\t\t\t\t<div class=\"elementor-widget-container\">\n\t\t\t\t\t\t\t\t\t\t\t\t\t\t\t\t<a href=\"https:\/\/pureprogress-logistics.com\/pl\/wyszukiwarka-produktow-transport-przyczepa-lub-innym-pojazdem\/\">\n\t\t\t\t\t\t\t<img decoding=\"async\" width=\"800\" height=\"555\" src=\"https:\/\/pureprogress-logistics.com\/wp-content\/uploads\/2024\/11\/transport-manager.png\" class=\"attachment-large size-large wp-image-41586\" alt=\"Dispatcher and Transport Manager\" srcset=\"https:\/\/pureprogress-logistics.com\/wp-content\/uploads\/2024\/11\/transport-manager.png 1024w, https:\/\/pureprogress-logistics.com\/wp-content\/uploads\/2024\/11\/transport-manager-300x208.png 300w, https:\/\/pureprogress-logistics.com\/wp-content\/uploads\/2024\/11\/transport-manager-768x533.png 768w\" sizes=\"(max-width: 800px) 100vw, 800px\" \/>\t\t\t\t\t\t\t\t<\/a>\n\t\t\t\t\t\t\t\t\t\t\t\t\t\t\t<\/div>\n\t\t\t\t<\/div>\n\t\t\t\t<\/div>\n\t\t\t\t\t<\/div>\n\t\t\t\t<\/div>\n\t\t<div class=\"elementor-element elementor-element-f6411f6 e-grid e-con-boxed e-con e-parent\" data-id=\"f6411f6\" data-element_type=\"container\" data-e-type=\"container\" data-settings=\"{&quot;jet_parallax_layout_list&quot;:[]}\">\n\t\t\t\t\t<div class=\"e-con-inner\">\n\t\t\t\t<div class=\"elementor-element elementor-element-9a78f79 elementor-widget elementor-widget-text-editor\" data-id=\"9a78f79\" data-element_type=\"widget\" data-e-type=\"widget\" data-widget_type=\"text-editor.default\">\n\t\t\t\t<div class=\"elementor-widget-container\">\n\t\t\t\t\t\t\t\t\t<p><a href=\"https:\/\/pureprogress-logistics.com\/pl\/wyszukiwarka-produktow-transport-samochodowy\/\"><b>Transport Samochod\u00f3w<\/b><\/a><\/p>\t\t\t\t\t\t\t\t<\/div>\n\t\t\t\t<\/div>\n\t\t\t\t<div class=\"elementor-element elementor-element-88804ac elementor-widget elementor-widget-text-editor\" data-id=\"88804ac\" data-element_type=\"widget\" data-e-type=\"widget\" data-widget_type=\"text-editor.default\">\n\t\t\t\t<div class=\"elementor-widget-container\">\n\t\t\t\t\t\t\t\t\t<p><a href=\"https:\/\/pureprogress-logistics.com\/pl\/wyszukiwarka-produktow-transport-motocykli\/\"><b>Transport Motocykli<\/b><\/a><\/p>\t\t\t\t\t\t\t\t<\/div>\n\t\t\t\t<\/div>\n\t\t\t\t<div class=\"elementor-element elementor-element-01e7087 elementor-widget elementor-widget-text-editor\" data-id=\"01e7087\" data-element_type=\"widget\" data-e-type=\"widget\" data-widget_type=\"text-editor.default\">\n\t\t\t\t<div class=\"elementor-widget-container\">\n\t\t\t\t\t\t\t\t\t<p><a href=\"https:\/\/pureprogress-logistics.com\/pl\/wyszukiwarka-produktow-transport-przyczepa-lub-innym-pojazdem\/\"><b>Transport Przyczep<\/b><\/a><\/p>\t\t\t\t\t\t\t\t<\/div>\n\t\t\t\t<\/div>\n\t\t\t\t\t<\/div>\n\t\t\t\t<\/div>\n\t\t<div class=\"elementor-element elementor-element-64ec374 e-grid e-con-boxed e-con e-parent\" data-id=\"64ec374\" data-element_type=\"container\" data-e-type=\"container\" data-settings=\"{&quot;jet_parallax_layout_list&quot;:[]}\">\n\t\t\t\t\t<div class=\"e-con-inner\">\n\t\t<div class=\"elementor-element elementor-element-7a75c40 e-con-full e-flex e-con e-child\" data-id=\"7a75c40\" data-element_type=\"container\" data-e-type=\"container\" data-settings=\"{&quot;jet_parallax_layout_list&quot;:[]}\">\n\t\t\t\t<div class=\"elementor-element elementor-element-9346cf1 elementor-widget elementor-widget-image\" data-id=\"9346cf1\" data-element_type=\"widget\" data-e-type=\"widget\" data-widget_type=\"image.default\">\n\t\t\t\t<div class=\"elementor-widget-container\">\n\t\t\t\t\t\t\t\t\t\t\t\t\t\t\t\t<a href=\"https:\/\/pureprogress-logistics.com\/pl\/wyszukiwarka-produktow-transport-przyczepa-lub-innym-pojazdem\/\">\n\t\t\t\t\t\t\t<img loading=\"lazy\" decoding=\"async\" width=\"800\" height=\"800\" src=\"https:\/\/pureprogress-logistics.com\/wp-content\/uploads\/2024\/01\/MicrosoftTeams-image-1.jpg\" class=\"attachment-large size-large wp-image-28005\" alt=\"\" srcset=\"https:\/\/pureprogress-logistics.com\/wp-content\/uploads\/2024\/01\/MicrosoftTeams-image-1.jpg 1024w, https:\/\/pureprogress-logistics.com\/wp-content\/uploads\/2024\/01\/MicrosoftTeams-image-1-300x300.jpg 300w, https:\/\/pureprogress-logistics.com\/wp-content\/uploads\/2024\/01\/MicrosoftTeams-image-1-768x768.jpg 768w\" sizes=\"(max-width: 800px) 100vw, 800px\" \/>\t\t\t\t\t\t\t\t<\/a>\n\t\t\t\t\t\t\t\t\t\t\t\t\t\t\t<\/div>\n\t\t\t\t<\/div>\n\t\t\t\t<\/div>\n\t\t<div class=\"elementor-element elementor-element-57413d7 e-con-full e-flex e-con e-child\" data-id=\"57413d7\" data-element_type=\"container\" data-e-type=\"container\" data-settings=\"{&quot;jet_parallax_layout_list&quot;:[]}\">\n\t\t\t\t<\/div>\n\t\t<div class=\"elementor-element elementor-element-bef0120 e-con-full e-flex e-con e-child\" data-id=\"bef0120\" data-element_type=\"container\" data-e-type=\"container\" data-settings=\"{&quot;jet_parallax_layout_list&quot;:[]}\">\n\t\t\t\t<\/div>\n\t\t\t\t\t<\/div>\n\t\t\t\t<\/div>\n\t\t<div class=\"elementor-element elementor-element-be0014f e-grid e-con-boxed e-con e-parent\" data-id=\"be0014f\" data-element_type=\"container\" data-e-type=\"container\" data-settings=\"{&quot;jet_parallax_layout_list&quot;:[]}\">\n\t\t\t\t\t<div class=\"e-con-inner\">\n\t\t\t\t<div class=\"elementor-element elementor-element-6861308 elementor-widget elementor-widget-text-editor\" data-id=\"6861308\" data-element_type=\"widget\" data-e-type=\"widget\" data-widget_type=\"text-editor.default\">\n\t\t\t\t<div class=\"elementor-widget-container\">\n\t\t\t\t\t\t\t\t\t<p><a href=\"https:\/\/pureprogress-logistics.com\/pl\/wyszukiwarka-produktow-transport-przyczepa-lub-innym-pojazdem\/\"><b>Transport Kamper\u00f3w<\/b><\/a><\/p>\t\t\t\t\t\t\t\t<\/div>\n\t\t\t\t<\/div>\n\t\t\t\t\t<\/div>\n\t\t\t\t<\/div>\n\t\t\t\t<\/div>\n\t\t","protected":false},"excerpt":{"rendered":"<p>Zapytanie Transportowe Co powiniene\u015b wiedzie\u0107 Gotowy do wysy\u0142ki? Otrzymaj bezp\u0142atn\u0105 wycen\u0119 w kilka minut &#8211; lub zapytaj nas o cokolwiek! Transport Samochod\u00f3w Transport Motocykli Transport Przyczep Transport Kamper\u00f3w<\/p>\n","protected":false},"author":3,"featured_media":0,"parent":0,"menu_order":0,"comment_status":"closed","ping_status":"closed","template":"","meta":{"_monsterinsights_skip_tracking":false,"_monsterinsights_sitenote_active":false,"_monsterinsights_sitenote_note":"","_monsterinsights_sitenote_category":0,"footnotes":""},"class_list":["post-66186","page","type-page","status-publish","hentry"],"yoast_head":"<!-- This site is optimized with the Yoast SEO plugin v27.2 - https:\/\/yoast.com\/product\/yoast-seo-wordpress\/ -->\n<title>Zapytanie Transportowe - Agencja spedycyjna i celna | PUREPROGRESS<\/title>\n<meta name=\"description\" content=\"Popro\u015b o bezp\u0142atn\u0105 wycen\u0119 dla transportu pojazd\u00f3w, wysy\u0142ki frachtu lub odprawy celnej z PUREPROGRESS. Szybkie wsparcie logistyczne.\" \/>\n<meta name=\"robots\" content=\"index, follow, max-snippet:-1, max-image-preview:large, max-video-preview:-1\" \/>\n<link rel=\"canonical\" href=\"https:\/\/pureprogress-logistics.com\/pl\/zapytanie-transportowe\/\" \/>\n<meta property=\"og:locale\" content=\"pl_PL\" \/>\n<meta property=\"og:type\" content=\"article\" \/>\n<meta property=\"og:title\" content=\"Zapytanie Transportowe - Agencja spedycyjna i celna | PUREPROGRESS\" \/>\n<meta property=\"og:description\" content=\"Popro\u015b o bezp\u0142atn\u0105 wycen\u0119 dla transportu pojazd\u00f3w, wysy\u0142ki frachtu lub odprawy celnej z PUREPROGRESS. Szybkie wsparcie logistyczne.\" \/>\n<meta property=\"og:url\" content=\"https:\/\/pureprogress-logistics.com\/pl\/zapytanie-transportowe\/\" \/>\n<meta property=\"og:site_name\" content=\"Agencja spedycyjna i celna | PUREPROGRESS\" \/>\n<meta property=\"article:modified_time\" content=\"2026-01-21T14:01:47+00:00\" \/>\n<meta property=\"og:image\" content=\"https:\/\/pureprogress-logistics.com\/wp-content\/uploads\/2025\/09\/20220307_114805-scaled.jpg\" \/>\n\t<meta property=\"og:image:width\" content=\"2560\" \/>\n\t<meta property=\"og:image:height\" content=\"1920\" \/>\n\t<meta property=\"og:image:type\" content=\"image\/jpeg\" \/>\n<meta name=\"twitter:card\" content=\"summary_large_image\" \/>\n<script type=\"application\/ld+json\" class=\"yoast-schema-graph\">{\"@context\":\"https:\/\/schema.org\",\"@graph\":[{\"@type\":\"WebPage\",\"@id\":\"https:\/\/pureprogress-logistics.com\/pl\/zapytanie-transportowe\/\",\"url\":\"https:\/\/pureprogress-logistics.com\/pl\/zapytanie-transportowe\/\",\"name\":\"Zapytanie Transportowe - Agencja spedycyjna i celna | PUREPROGRESS\",\"isPartOf\":{\"@id\":\"https:\/\/pureprogress-logistics.com\/#website\"},\"primaryImageOfPage\":{\"@id\":\"https:\/\/pureprogress-logistics.com\/pl\/zapytanie-transportowe\/#primaryimage\"},\"image\":{\"@id\":\"https:\/\/pureprogress-logistics.com\/pl\/zapytanie-transportowe\/#primaryimage\"},\"thumbnailUrl\":\"https:\/\/pureprogress-logistics.com\/wp-content\/uploads\/2025\/09\/20220307_114805-1024x768.jpg\",\"datePublished\":\"2026-01-14T11:14:35+00:00\",\"dateModified\":\"2026-01-21T14:01:47+00:00\",\"description\":\"Popro\u015b o bezp\u0142atn\u0105 wycen\u0119 dla transportu pojazd\u00f3w, wysy\u0142ki frachtu lub odprawy celnej z PUREPROGRESS. Szybkie wsparcie logistyczne.\",\"breadcrumb\":{\"@id\":\"https:\/\/pureprogress-logistics.com\/pl\/zapytanie-transportowe\/#breadcrumb\"},\"inLanguage\":\"pl-PL\",\"potentialAction\":[{\"@type\":\"ReadAction\",\"target\":[\"https:\/\/pureprogress-logistics.com\/pl\/zapytanie-transportowe\/\"]}]},{\"@type\":\"ImageObject\",\"inLanguage\":\"pl-PL\",\"@id\":\"https:\/\/pureprogress-logistics.com\/pl\/zapytanie-transportowe\/#primaryimage\",\"url\":\"https:\/\/pureprogress-logistics.com\/wp-content\/uploads\/2025\/09\/20220307_114805-1024x768.jpg\",\"contentUrl\":\"https:\/\/pureprogress-logistics.com\/wp-content\/uploads\/2025\/09\/20220307_114805-1024x768.jpg\"},{\"@type\":\"BreadcrumbList\",\"@id\":\"https:\/\/pureprogress-logistics.com\/pl\/zapytanie-transportowe\/#breadcrumb\",\"itemListElement\":[{\"@type\":\"ListItem\",\"position\":1,\"name\":\"Startseite\",\"item\":\"https:\/\/pureprogress-logistics.com\/\"},{\"@type\":\"ListItem\",\"position\":2,\"name\":\"Zapytanie Transportowe\"}]},{\"@type\":\"WebSite\",\"@id\":\"https:\/\/pureprogress-logistics.com\/#website\",\"url\":\"https:\/\/pureprogress-logistics.com\/\",\"name\":\"Ausfuhrbegleitdokument.com - MRN \/ ABD Erstellung\",\"description\":\"\",\"publisher\":{\"@id\":\"https:\/\/pureprogress-logistics.com\/#organization\"},\"potentialAction\":[{\"@type\":\"SearchAction\",\"target\":{\"@type\":\"EntryPoint\",\"urlTemplate\":\"https:\/\/pureprogress-logistics.com\/?s={search_term_string}\"},\"query-input\":{\"@type\":\"PropertyValueSpecification\",\"valueRequired\":true,\"valueName\":\"search_term_string\"}}],\"inLanguage\":\"pl-PL\"},{\"@type\":\"Organization\",\"@id\":\"https:\/\/pureprogress-logistics.com\/#organization\",\"name\":\"PUREPROGRESS GmbH\",\"url\":\"https:\/\/pureprogress-logistics.com\/\",\"logo\":{\"@type\":\"ImageObject\",\"inLanguage\":\"pl-PL\",\"@id\":\"https:\/\/pureprogress-logistics.com\/#\/schema\/logo\/image\/\",\"url\":\"https:\/\/ausfuhrbegleitdokument.com\/wp-content\/uploads\/2019\/10\/preloader-image.png\",\"contentUrl\":\"https:\/\/ausfuhrbegleitdokument.com\/wp-content\/uploads\/2019\/10\/preloader-image.png\",\"width\":224,\"height\":31,\"caption\":\"PUREPROGRESS GmbH\"},\"image\":{\"@id\":\"https:\/\/pureprogress-logistics.com\/#\/schema\/logo\/image\/\"}}]}<\/script>\n<!-- \/ Yoast SEO plugin. -->","yoast_head_json":{"title":"Zapytanie Transportowe - Agencja spedycyjna i celna | PUREPROGRESS","description":"Popro\u015b o bezp\u0142atn\u0105 wycen\u0119 dla transportu pojazd\u00f3w, wysy\u0142ki frachtu lub odprawy celnej z PUREPROGRESS. Szybkie wsparcie logistyczne.","robots":{"index":"index","follow":"follow","max-snippet":"max-snippet:-1","max-image-preview":"max-image-preview:large","max-video-preview":"max-video-preview:-1"},"canonical":"https:\/\/pureprogress-logistics.com\/pl\/zapytanie-transportowe\/","og_locale":"pl_PL","og_type":"article","og_title":"Zapytanie Transportowe - Agencja spedycyjna i celna | PUREPROGRESS","og_description":"Popro\u015b o bezp\u0142atn\u0105 wycen\u0119 dla transportu pojazd\u00f3w, wysy\u0142ki frachtu lub odprawy celnej z PUREPROGRESS. Szybkie wsparcie logistyczne.","og_url":"https:\/\/pureprogress-logistics.com\/pl\/zapytanie-transportowe\/","og_site_name":"Agencja spedycyjna i celna | PUREPROGRESS","article_modified_time":"2026-01-21T14:01:47+00:00","og_image":[{"width":2560,"height":1920,"url":"https:\/\/pureprogress-logistics.com\/wp-content\/uploads\/2025\/09\/20220307_114805-scaled.jpg","type":"image\/jpeg"}],"twitter_card":"summary_large_image","schema":{"@context":"https:\/\/schema.org","@graph":[{"@type":"WebPage","@id":"https:\/\/pureprogress-logistics.com\/pl\/zapytanie-transportowe\/","url":"https:\/\/pureprogress-logistics.com\/pl\/zapytanie-transportowe\/","name":"Zapytanie Transportowe - Agencja spedycyjna i celna | PUREPROGRESS","isPartOf":{"@id":"https:\/\/pureprogress-logistics.com\/#website"},"primaryImageOfPage":{"@id":"https:\/\/pureprogress-logistics.com\/pl\/zapytanie-transportowe\/#primaryimage"},"image":{"@id":"https:\/\/pureprogress-logistics.com\/pl\/zapytanie-transportowe\/#primaryimage"},"thumbnailUrl":"https:\/\/pureprogress-logistics.com\/wp-content\/uploads\/2025\/09\/20220307_114805-1024x768.jpg","datePublished":"2026-01-14T11:14:35+00:00","dateModified":"2026-01-21T14:01:47+00:00","description":"Popro\u015b o bezp\u0142atn\u0105 wycen\u0119 dla transportu pojazd\u00f3w, wysy\u0142ki frachtu lub odprawy celnej z PUREPROGRESS. Szybkie wsparcie logistyczne.","breadcrumb":{"@id":"https:\/\/pureprogress-logistics.com\/pl\/zapytanie-transportowe\/#breadcrumb"},"inLanguage":"pl-PL","potentialAction":[{"@type":"ReadAction","target":["https:\/\/pureprogress-logistics.com\/pl\/zapytanie-transportowe\/"]}]},{"@type":"ImageObject","inLanguage":"pl-PL","@id":"https:\/\/pureprogress-logistics.com\/pl\/zapytanie-transportowe\/#primaryimage","url":"https:\/\/pureprogress-logistics.com\/wp-content\/uploads\/2025\/09\/20220307_114805-1024x768.jpg","contentUrl":"https:\/\/pureprogress-logistics.com\/wp-content\/uploads\/2025\/09\/20220307_114805-1024x768.jpg"},{"@type":"BreadcrumbList","@id":"https:\/\/pureprogress-logistics.com\/pl\/zapytanie-transportowe\/#breadcrumb","itemListElement":[{"@type":"ListItem","position":1,"name":"Startseite","item":"https:\/\/pureprogress-logistics.com\/"},{"@type":"ListItem","position":2,"name":"Zapytanie Transportowe"}]},{"@type":"WebSite","@id":"https:\/\/pureprogress-logistics.com\/#website","url":"https:\/\/pureprogress-logistics.com\/","name":"Ausfuhrbegleitdokument.com - MRN \/ ABD Erstellung","description":"","publisher":{"@id":"https:\/\/pureprogress-logistics.com\/#organization"},"potentialAction":[{"@type":"SearchAction","target":{"@type":"EntryPoint","urlTemplate":"https:\/\/pureprogress-logistics.com\/?s={search_term_string}"},"query-input":{"@type":"PropertyValueSpecification","valueRequired":true,"valueName":"search_term_string"}}],"inLanguage":"pl-PL"},{"@type":"Organization","@id":"https:\/\/pureprogress-logistics.com\/#organization","name":"PUREPROGRESS GmbH","url":"https:\/\/pureprogress-logistics.com\/","logo":{"@type":"ImageObject","inLanguage":"pl-PL","@id":"https:\/\/pureprogress-logistics.com\/#\/schema\/logo\/image\/","url":"https:\/\/ausfuhrbegleitdokument.com\/wp-content\/uploads\/2019\/10\/preloader-image.png","contentUrl":"https:\/\/ausfuhrbegleitdokument.com\/wp-content\/uploads\/2019\/10\/preloader-image.png","width":224,"height":31,"caption":"PUREPROGRESS GmbH"},"image":{"@id":"https:\/\/pureprogress-logistics.com\/#\/schema\/logo\/image\/"}}]}},"_links":{"self":[{"href":"https:\/\/pureprogress-logistics.com\/pl\/wp-json\/wp\/v2\/pages\/66186","targetHints":{"allow":["GET"]}}],"collection":[{"href":"https:\/\/pureprogress-logistics.com\/pl\/wp-json\/wp\/v2\/pages"}],"about":[{"href":"https:\/\/pureprogress-logistics.com\/pl\/wp-json\/wp\/v2\/types\/page"}],"author":[{"embeddable":true,"href":"https:\/\/pureprogress-logistics.com\/pl\/wp-json\/wp\/v2\/users\/3"}],"replies":[{"embeddable":true,"href":"https:\/\/pureprogress-logistics.com\/pl\/wp-json\/wp\/v2\/comments?post=66186"}],"version-history":[{"count":1,"href":"https:\/\/pureprogress-logistics.com\/pl\/wp-json\/wp\/v2\/pages\/66186\/revisions"}],"predecessor-version":[{"id":66188,"href":"https:\/\/pureprogress-logistics.com\/pl\/wp-json\/wp\/v2\/pages\/66186\/revisions\/66188"}],"wp:attachment":[{"href":"https:\/\/pureprogress-logistics.com\/pl\/wp-json\/wp\/v2\/media?parent=66186"}],"curies":[{"name":"wp","href":"https:\/\/api.w.org\/{rel}","templated":true}]}}