{"id":53409,"date":"2024-10-30T11:03:01","date_gmt":"2024-10-30T10:03:01","guid":{"rendered":"https:\/\/pureprogress-logistics.com\/specjalista-ds-obslugi-klienta-czechy\/"},"modified":"2025-11-25T15:33:20","modified_gmt":"2025-11-25T14:33:20","slug":"specjalista-ds-obslugi-klienta-czechy","status":"publish","type":"page","link":"https:\/\/pureprogress-logistics.com\/pl\/strona-kariery\/strona-kariery-w-republice-czeskiej\/specjalista-ds-obslugi-klienta-czechy\/","title":{"rendered":"Specjalista ds. obs\u0142ugi klienta Czechy"},"content":{"rendered":"\t\t<div data-elementor-type=\"wp-page\" data-elementor-id=\"53409\" class=\"elementor elementor-53409 elementor-40560\" data-elementor-post-type=\"page\">\n\t\t\t\t<div class=\"elementor-element elementor-element-076ecd8 e-flex e-con-boxed e-con e-parent\" data-id=\"076ecd8\" data-element_type=\"container\" data-e-type=\"container\" data-settings=\"{&quot;jet_parallax_layout_list&quot;:[]}\">\n\t\t\t\t\t<div class=\"e-con-inner\">\n\t\t<div class=\"elementor-element elementor-element-087524d e-con-full e-flex e-con e-child\" data-id=\"087524d\" data-element_type=\"container\" data-e-type=\"container\" data-settings=\"{&quot;jet_parallax_layout_list&quot;:[]}\">\n\t\t<div class=\"elementor-element elementor-element-d7ca4db e-con-full e-flex e-con e-child\" data-id=\"d7ca4db\" data-element_type=\"container\" data-e-type=\"container\" data-settings=\"{&quot;jet_parallax_layout_list&quot;:[]}\">\n\t\t\t\t<div class=\"elementor-element elementor-element-852cc6b elementor-widget elementor-widget-heading\" data-id=\"852cc6b\" data-element_type=\"widget\" data-e-type=\"widget\" data-widget_type=\"heading.default\">\n\t\t\t\t<div class=\"elementor-widget-container\">\n\t\t\t\t\t<h2 class=\"elementor-heading-title elementor-size-default\"><b><b>Specjalista ds. Obs\u0142ugi Klienta pos\u0142uguj\u0105cy si\u0119 j\u0119zykiem niemieckim (Czechy)<\/b><\/b><\/h2>\t\t\t\t<\/div>\n\t\t\t\t<\/div>\n\t\t\t\t<div class=\"elementor-element elementor-element-69b48c7 elementor-widget-divider--separator-type-pattern elementor-widget-divider--view-line elementor-widget elementor-widget-divider\" data-id=\"69b48c7\" data-element_type=\"widget\" data-e-type=\"widget\" data-widget_type=\"divider.default\">\n\t\t\t\t<div class=\"elementor-widget-container\">\n\t\t\t\t\t\t\t<div class=\"elementor-divider\" style=\"--divider-pattern-url: url(&quot;data:image\/svg+xml,%3Csvg xmlns=&#039;http:\/\/www.w3.org\/2000\/svg&#039; preserveAspectRatio=&#039;none&#039; overflow=&#039;visible&#039; height=&#039;100%&#039; viewBox=&#039;0 0 24 24&#039; fill=&#039;black&#039; stroke=&#039;none&#039;%3E%3Cpolygon points=&#039;9.4,2 24,2 14.6,21.6 0,21.6&#039;\/%3E%3C\/svg%3E&quot;);\">\n\t\t\t<span class=\"elementor-divider-separator\">\n\t\t\t\t\t\t<\/span>\n\t\t<\/div>\n\t\t\t\t\t\t<\/div>\n\t\t\t\t<\/div>\n\t\t\t\t<div class=\"elementor-element elementor-element-d59aa67 elementor-widget__width-initial elementor-widget elementor-widget-text-editor\" data-id=\"d59aa67\" data-element_type=\"widget\" data-e-type=\"widget\" data-widget_type=\"text-editor.default\">\n\t\t\t\t<div class=\"elementor-widget-container\">\n\t\t\t\t\t\t\t\t\t<p>O Nas: PUREPROGRESS to m\u0142oda i mi\u0119dzynarodowa firma logistyczna i broker celny z siedzib\u0105 w Szwajcarii. Szczycimy si\u0119 naszym innowacyjnym podej\u015bciem do logistyki, oferuj\u0105c kompleksowe rozwi\u0105zania dostosowane do r\u00f3\u017cnorodnych potrzeb naszych klient\u00f3w na ca\u0142ym \u015bwiecie. <\/p><p>Obecnie poszukujemy zmotywowanej i zorientowanej na szczeg\u00f3\u0142y osoby, kt\u00f3ra do\u0142\u0105czy do naszego zespo\u0142u jako<b> specjalista ds. obs\u0142ugi klienta<\/b>.<\/p>\t\t\t\t\t\t\t\t<\/div>\n\t\t\t\t<\/div>\n\t\t\t\t<\/div>\n\t\t\t\t<\/div>\n\t\t<div class=\"elementor-element elementor-element-742d1d9 e-con-full e-flex e-con e-child\" data-id=\"742d1d9\" data-element_type=\"container\" data-e-type=\"container\" data-settings=\"{&quot;jet_parallax_layout_list&quot;:[]}\">\n\t\t\t\t<div class=\"elementor-element elementor-element-dde832f elementor-align-center elementor-widget elementor-widget-button\" data-id=\"dde832f\" data-element_type=\"widget\" data-e-type=\"widget\" data-widget_type=\"button.default\">\n\t\t\t\t<div class=\"elementor-widget-container\">\n\t\t\t\t\t\t\t\t\t<div class=\"elementor-button-wrapper\">\n\t\t\t\t\t<a class=\"elementor-button elementor-button-link elementor-size-sm elementor-animation-grow\" href=\"mailto:info@pureprogress.ch%20%20\">\n\t\t\t\t\t\t<span class=\"elementor-button-content-wrapper\">\n\t\t\t\t\t\t\t\t\t<span class=\"elementor-button-text\">Aplikuj teraz<\/span>\n\t\t\t\t\t<\/span>\n\t\t\t\t\t<\/a>\n\t\t\t\t<\/div>\n\t\t\t\t\t\t\t\t<\/div>\n\t\t\t\t<\/div>\n\t\t\t\t<\/div>\n\t\t\t\t\t<\/div>\n\t\t\t\t<\/div>\n\t\t<div class=\"elementor-element elementor-element-c16a110 e-con-full e-flex e-con e-child\" data-id=\"c16a110\" data-element_type=\"container\" data-e-type=\"container\" data-settings=\"{&quot;jet_parallax_layout_list&quot;:[]}\">\n\t\t\t\t<div class=\"elementor-element elementor-element-8576200 elementor-widget elementor-widget-text-editor\" data-id=\"8576200\" data-element_type=\"widget\" data-e-type=\"widget\" data-widget_type=\"text-editor.default\">\n\t\t\t\t<div class=\"elementor-widget-container\">\n\t\t\t\t\t\t\t\t\t<p><strong>Specjalista ds. obs\u0142ugi klienta z j\u0119zykiem niemieckim<\/strong><\/p>\t\t\t\t\t\t\t\t<\/div>\n\t\t\t\t<\/div>\n\t\t\t\t<div class=\"elementor-element elementor-element-d9018f3 elementor-widget-divider--view-line elementor-widget elementor-widget-divider\" data-id=\"d9018f3\" data-element_type=\"widget\" data-e-type=\"widget\" data-widget_type=\"divider.default\">\n\t\t\t\t<div class=\"elementor-widget-container\">\n\t\t\t\t\t\t\t<div class=\"elementor-divider\">\n\t\t\t<span class=\"elementor-divider-separator\">\n\t\t\t\t\t\t<\/span>\n\t\t<\/div>\n\t\t\t\t\t\t<\/div>\n\t\t\t\t<\/div>\n\t\t\t\t<div class=\"elementor-element elementor-element-1947f08 elementor-icon-list--layout-inline elementor-list-item-link-full_width elementor-widget elementor-widget-icon-list\" data-id=\"1947f08\" data-element_type=\"widget\" data-e-type=\"widget\" data-widget_type=\"icon-list.default\">\n\t\t\t\t<div class=\"elementor-widget-container\">\n\t\t\t\t\t\t\t<ul class=\"elementor-icon-list-items elementor-inline-items\">\n\t\t\t\t\t\t\t<li class=\"elementor-icon-list-item elementor-inline-item\">\n\t\t\t\t\t\t\t\t\t\t\t<span class=\"elementor-icon-list-icon\">\n\t\t\t\t\t\t\t<i aria-hidden=\"true\" class=\"fas fa-map-marker-alt\"><\/i>\t\t\t\t\t\t<\/span>\n\t\t\t\t\t\t\t\t\t\t<span class=\"elementor-icon-list-text\">Praga, Republika Czeska<\/span>\n\t\t\t\t\t\t\t\t\t<\/li>\n\t\t\t\t\t\t\t\t<li class=\"elementor-icon-list-item elementor-inline-item\">\n\t\t\t\t\t\t\t\t\t\t\t<span class=\"elementor-icon-list-icon\">\n\t\t\t\t\t\t\t<i aria-hidden=\"true\" class=\"fas fa-building\"><\/i>\t\t\t\t\t\t<\/span>\n\t\t\t\t\t\t\t\t\t\t<span class=\"elementor-icon-list-text\">WFO<\/span>\n\t\t\t\t\t\t\t\t\t<\/li>\n\t\t\t\t\t\t\t\t<li class=\"elementor-icon-list-item elementor-inline-item\">\n\t\t\t\t\t\t\t\t\t\t\t<span class=\"elementor-icon-list-icon\">\n\t\t\t\t\t\t\t<i aria-hidden=\"true\" class=\"fas fa-briefcase\"><\/i>\t\t\t\t\t\t<\/span>\n\t\t\t\t\t\t\t\t\t\t<span class=\"elementor-icon-list-text\">Pe\u0142ny etat<\/span>\n\t\t\t\t\t\t\t\t\t<\/li>\n\t\t\t\t\t\t<\/ul>\n\t\t\t\t\t\t<\/div>\n\t\t\t\t<\/div>\n\t\t\t\t<div class=\"elementor-element elementor-element-7434a96 elementor-widget elementor-widget-text-editor\" data-id=\"7434a96\" data-element_type=\"widget\" data-e-type=\"widget\" data-widget_type=\"text-editor.default\">\n\t\t\t\t<div class=\"elementor-widget-container\">\n\t\t\t\t\t\t\t\t\t<p>Obowi\u0105zki :<\/p><ul><li>Odbieranie po\u0142\u0105cze\u0144 przychodz\u0105cych i konsultowanie si\u0119 z naszymi klientami.<\/li><li>Uzyskiwanie informacji i dokument\u00f3w od klient\u00f3w drog\u0105 telefoniczn\u0105 i mailow\u0105.<\/li><li>Wprowadzanie zam\u00f3wie\u0144 do oprogramowania do obs\u0142ugi klienta.<\/li><li>Wystawianie wycen \/ ofert cenowych dla naszych klient\u00f3w.<\/li><li>Pisanie i odpowiadanie na wiadomo\u015bci e-mail od klient\u00f3w.<\/li><li>Zapewnienie, \u017ce dokumenty otrzymane od klient\u00f3w s\u0105 kompletne i dok\u0142adne.<\/li><\/ul><div> <\/div><p>Minimalne kwalifikacje :<\/p><ul><li>Tytu\u0142 licencjata (dziedzina pokrewna).<\/li><li>Do\u015bwiadczenie na stanowisku agenta obs\u0142ugi klienta, pracownika ds. spedycji i us\u0142ug logistycznych lub w agencji celnej.<\/li><li>Bieg\u0142a znajomo\u015b\u0107 j\u0119zyka angielskiego.<\/li><li>Bieg\u0142a znajomo\u015b\u0107 j\u0119zyka niemieckiego.<\/li><li>Minimum 1 rok pracy w dziale obs\u0142ugi klienta.<\/li><li>Minimum 1 rok pracy w logistyce.<\/li><\/ul><div> <\/div><p>Pytanie(a) dotycz\u0105ce aplikacji:<\/p><ul><li>Jakie jest oczekiwane miesi\u0119czne wynagrodzenie brutto za t\u0119 prac\u0119?<\/li><\/ul><p>Godziny pracy :<\/p><ul><li>40 godzin\/tydzie\u0144<\/li><li>Od poniedzia\u0142ku do pi\u0105tku  <\/li><\/ul>\t\t\t\t\t\t\t\t<\/div>\n\t\t\t\t<\/div>\n\t\t\t\t<div class=\"elementor-element elementor-element-3c08aca elementor-widget elementor-widget-spacer\" data-id=\"3c08aca\" data-element_type=\"widget\" data-e-type=\"widget\" data-widget_type=\"spacer.default\">\n\t\t\t\t<div class=\"elementor-widget-container\">\n\t\t\t\t\t\t\t<div class=\"elementor-spacer\">\n\t\t\t<div class=\"elementor-spacer-inner\"><\/div>\n\t\t<\/div>\n\t\t\t\t\t\t<\/div>\n\t\t\t\t<\/div>\n\t\t\t\t<div class=\"elementor-element elementor-element-9eff4b9 elementor-shape-rounded elementor-grid-0 e-grid-align-center elementor-widget elementor-widget-social-icons\" data-id=\"9eff4b9\" data-element_type=\"widget\" data-e-type=\"widget\" data-widget_type=\"social-icons.default\">\n\t\t\t\t<div class=\"elementor-widget-container\">\n\t\t\t\t\t\t\t<div class=\"elementor-social-icons-wrapper elementor-grid\" role=\"list\">\n\t\t\t\t\t\t\t<span class=\"elementor-grid-item\" role=\"listitem\">\n\t\t\t\t\t<a class=\"elementor-icon elementor-social-icon elementor-social-icon-linkedin elementor-repeater-item-66561b1\" href=\"https:\/\/www.linkedin.com\/company\/pureprogress-gmbh\/\" target=\"_blank\">\n\t\t\t\t\t\t<span class=\"elementor-screen-only\">Linkedin<\/span>\n\t\t\t\t\t\t<i aria-hidden=\"true\" class=\"fab fa-linkedin\"><\/i>\t\t\t\t\t<\/a>\n\t\t\t\t<\/span>\n\t\t\t\t\t\t\t<span class=\"elementor-grid-item\" role=\"listitem\">\n\t\t\t\t\t<a class=\"elementor-icon elementor-social-icon elementor-social-icon-envelope elementor-repeater-item-74d563c\" href=\"mailto:info@pureprogress.ch%20%20\" target=\"_blank\">\n\t\t\t\t\t\t<span class=\"elementor-screen-only\">Envelope<\/span>\n\t\t\t\t\t\t<i aria-hidden=\"true\" class=\"fas fa-envelope\"><\/i>\t\t\t\t\t<\/a>\n\t\t\t\t<\/span>\n\t\t\t\t\t<\/div>\n\t\t\t\t\t\t<\/div>\n\t\t\t\t<\/div>\n\t\t\t\t<\/div>\n\t\t<div class=\"elementor-element elementor-element-18af463 e-flex e-con-boxed e-con e-parent\" data-id=\"18af463\" data-element_type=\"container\" data-e-type=\"container\" data-settings=\"{&quot;jet_parallax_layout_list&quot;:[]}\">\n\t\t\t\t\t<div class=\"e-con-inner\">\n\t\t<div class=\"elementor-element elementor-element-4b77790 e-con-full e-flex e-con e-child\" data-id=\"4b77790\" data-element_type=\"container\" data-e-type=\"container\" data-settings=\"{&quot;jet_parallax_layout_list&quot;:[]}\">\n\t\t\t\t<div class=\"elementor-element elementor-element-7957894 elementor-widget elementor-widget-spacer\" data-id=\"7957894\" data-element_type=\"widget\" data-e-type=\"widget\" data-widget_type=\"spacer.default\">\n\t\t\t\t<div class=\"elementor-widget-container\">\n\t\t\t\t\t\t\t<div class=\"elementor-spacer\">\n\t\t\t<div class=\"elementor-spacer-inner\"><\/div>\n\t\t<\/div>\n\t\t\t\t\t\t<\/div>\n\t\t\t\t<\/div>\n\t\t\t\t<\/div>\n\t\t\t\t\t<\/div>\n\t\t\t\t<\/div>\n\t\t\t\t<\/div>\n\t\t","protected":false},"excerpt":{"rendered":"<p>Specjalista ds. Obs\u0142ugi Klienta pos\u0142uguj\u0105cy si\u0119 j\u0119zykiem niemieckim (Czechy) O Nas: PUREPROGRESS to m\u0142oda i mi\u0119dzynarodowa firma logistyczna i broker celny z siedzib\u0105 w Szwajcarii. Szczycimy si\u0119 naszym innowacyjnym podej\u015bciem do logistyki, oferuj\u0105c kompleksowe rozwi\u0105zania dostosowane do r\u00f3\u017cnorodnych potrzeb naszych klient\u00f3w na ca\u0142ym \u015bwiecie. Obecnie poszukujemy zmotywowanej i zorientowanej na szczeg\u00f3\u0142y osoby, kt\u00f3ra do\u0142\u0105czy do [&hellip;]<\/p>\n","protected":false},"author":3,"featured_media":0,"parent":53427,"menu_order":0,"comment_status":"closed","ping_status":"closed","template":"","meta":{"_monsterinsights_skip_tracking":false,"_monsterinsights_sitenote_active":false,"_monsterinsights_sitenote_note":"","_monsterinsights_sitenote_category":0,"footnotes":""},"class_list":["post-53409","page","type-page","status-publish","hentry"],"yoast_head":"<!-- This site is optimized with the Yoast SEO plugin v27.2 - https:\/\/yoast.com\/product\/yoast-seo-wordpress\/ -->\n<title>Specjalista ds. obs\u0142ugi klienta - PUREPROGRESS Czechy<\/title>\n<meta name=\"description\" content=\"Aplikuj na stanowisko specjalisty ds. obs\u0142ugi klienta w PUREPROGRESS Czechy! Rozwijaj swoj\u0105 karier\u0119 w logistyce i odprawach celnych!\" \/>\n<meta name=\"robots\" content=\"index, follow, max-snippet:-1, max-image-preview:large, max-video-preview:-1\" \/>\n<link rel=\"canonical\" href=\"https:\/\/pureprogress-logistics.com\/pl\/strona-kariery\/strona-kariery-w-republice-czeskiej\/specjalista-ds-obslugi-klienta-czechy\/\" \/>\n<meta property=\"og:locale\" content=\"pl_PL\" \/>\n<meta property=\"og:type\" content=\"article\" \/>\n<meta property=\"og:title\" content=\"Specjalista ds. obs\u0142ugi klienta - PUREPROGRESS Czechy\" \/>\n<meta property=\"og:description\" content=\"Aplikuj na stanowisko specjalisty ds. obs\u0142ugi klienta w PUREPROGRESS Czechy! Rozwijaj swoj\u0105 karier\u0119 w logistyce i odprawach celnych!\" \/>\n<meta property=\"og:url\" content=\"https:\/\/pureprogress-logistics.com\/pl\/strona-kariery\/strona-kariery-w-republice-czeskiej\/specjalista-ds-obslugi-klienta-czechy\/\" \/>\n<meta property=\"og:site_name\" content=\"Agencja spedycyjna i celna | PUREPROGRESS\" \/>\n<meta property=\"article:modified_time\" content=\"2025-11-25T14:33:20+00:00\" \/>\n<meta name=\"twitter:card\" content=\"summary_large_image\" \/>\n<meta name=\"twitter:label1\" content=\"Szacowany czas czytania\" \/>\n\t<meta name=\"twitter:data1\" content=\"1 minuta\" \/>\n<script type=\"application\/ld+json\" class=\"yoast-schema-graph\">{\"@context\":\"https:\/\/schema.org\",\"@graph\":[{\"@type\":\"WebPage\",\"@id\":\"https:\/\/pureprogress-logistics.com\/pl\/strona-kariery\/strona-kariery-w-republice-czeskiej\/specjalista-ds-obslugi-klienta-czechy\/\",\"url\":\"https:\/\/pureprogress-logistics.com\/pl\/strona-kariery\/strona-kariery-w-republice-czeskiej\/specjalista-ds-obslugi-klienta-czechy\/\",\"name\":\"Specjalista ds. obs\u0142ugi klienta - PUREPROGRESS Czechy\",\"isPartOf\":{\"@id\":\"https:\/\/pureprogress-logistics.com\/#website\"},\"datePublished\":\"2024-10-30T10:03:01+00:00\",\"dateModified\":\"2025-11-25T14:33:20+00:00\",\"description\":\"Aplikuj na stanowisko specjalisty ds. obs\u0142ugi klienta w PUREPROGRESS Czechy! Rozwijaj swoj\u0105 karier\u0119 w logistyce i odprawach celnych!\",\"breadcrumb\":{\"@id\":\"https:\/\/pureprogress-logistics.com\/pl\/strona-kariery\/strona-kariery-w-republice-czeskiej\/specjalista-ds-obslugi-klienta-czechy\/#breadcrumb\"},\"inLanguage\":\"pl-PL\",\"potentialAction\":[{\"@type\":\"ReadAction\",\"target\":[\"https:\/\/pureprogress-logistics.com\/pl\/strona-kariery\/strona-kariery-w-republice-czeskiej\/specjalista-ds-obslugi-klienta-czechy\/\"]}]},{\"@type\":\"BreadcrumbList\",\"@id\":\"https:\/\/pureprogress-logistics.com\/pl\/strona-kariery\/strona-kariery-w-republice-czeskiej\/specjalista-ds-obslugi-klienta-czechy\/#breadcrumb\",\"itemListElement\":[{\"@type\":\"ListItem\",\"position\":1,\"name\":\"Startseite\",\"item\":\"https:\/\/pureprogress-logistics.com\/\"},{\"@type\":\"ListItem\",\"position\":2,\"name\":\"Strona kariery\",\"item\":\"https:\/\/pureprogress-logistics.com\/pl\/strona-kariery\/\"},{\"@type\":\"ListItem\",\"position\":3,\"name\":\"Strona Kariery Czechy\",\"item\":\"https:\/\/pureprogress-logistics.com\/pl\/strona-kariery\/strona-kariery-w-republice-czeskiej\/\"},{\"@type\":\"ListItem\",\"position\":4,\"name\":\"Specjalista ds. obs\u0142ugi klienta Czechy\"}]},{\"@type\":\"WebSite\",\"@id\":\"https:\/\/pureprogress-logistics.com\/#website\",\"url\":\"https:\/\/pureprogress-logistics.com\/\",\"name\":\"Ausfuhrbegleitdokument.com - MRN \/ ABD Erstellung\",\"description\":\"\",\"publisher\":{\"@id\":\"https:\/\/pureprogress-logistics.com\/#organization\"},\"potentialAction\":[{\"@type\":\"SearchAction\",\"target\":{\"@type\":\"EntryPoint\",\"urlTemplate\":\"https:\/\/pureprogress-logistics.com\/?s={search_term_string}\"},\"query-input\":{\"@type\":\"PropertyValueSpecification\",\"valueRequired\":true,\"valueName\":\"search_term_string\"}}],\"inLanguage\":\"pl-PL\"},{\"@type\":\"Organization\",\"@id\":\"https:\/\/pureprogress-logistics.com\/#organization\",\"name\":\"PUREPROGRESS GmbH\",\"url\":\"https:\/\/pureprogress-logistics.com\/\",\"logo\":{\"@type\":\"ImageObject\",\"inLanguage\":\"pl-PL\",\"@id\":\"https:\/\/pureprogress-logistics.com\/#\/schema\/logo\/image\/\",\"url\":\"https:\/\/ausfuhrbegleitdokument.com\/wp-content\/uploads\/2019\/10\/preloader-image.png\",\"contentUrl\":\"https:\/\/ausfuhrbegleitdokument.com\/wp-content\/uploads\/2019\/10\/preloader-image.png\",\"width\":224,\"height\":31,\"caption\":\"PUREPROGRESS GmbH\"},\"image\":{\"@id\":\"https:\/\/pureprogress-logistics.com\/#\/schema\/logo\/image\/\"}}]}<\/script>\n<!-- \/ Yoast SEO plugin. -->","yoast_head_json":{"title":"Specjalista ds. obs\u0142ugi klienta - PUREPROGRESS Czechy","description":"Aplikuj na stanowisko specjalisty ds. obs\u0142ugi klienta w PUREPROGRESS Czechy! Rozwijaj swoj\u0105 karier\u0119 w logistyce i odprawach celnych!","robots":{"index":"index","follow":"follow","max-snippet":"max-snippet:-1","max-image-preview":"max-image-preview:large","max-video-preview":"max-video-preview:-1"},"canonical":"https:\/\/pureprogress-logistics.com\/pl\/strona-kariery\/strona-kariery-w-republice-czeskiej\/specjalista-ds-obslugi-klienta-czechy\/","og_locale":"pl_PL","og_type":"article","og_title":"Specjalista ds. obs\u0142ugi klienta - PUREPROGRESS Czechy","og_description":"Aplikuj na stanowisko specjalisty ds. obs\u0142ugi klienta w PUREPROGRESS Czechy! Rozwijaj swoj\u0105 karier\u0119 w logistyce i odprawach celnych!","og_url":"https:\/\/pureprogress-logistics.com\/pl\/strona-kariery\/strona-kariery-w-republice-czeskiej\/specjalista-ds-obslugi-klienta-czechy\/","og_site_name":"Agencja spedycyjna i celna | PUREPROGRESS","article_modified_time":"2025-11-25T14:33:20+00:00","twitter_card":"summary_large_image","twitter_misc":{"Szacowany czas czytania":"1 minuta"},"schema":{"@context":"https:\/\/schema.org","@graph":[{"@type":"WebPage","@id":"https:\/\/pureprogress-logistics.com\/pl\/strona-kariery\/strona-kariery-w-republice-czeskiej\/specjalista-ds-obslugi-klienta-czechy\/","url":"https:\/\/pureprogress-logistics.com\/pl\/strona-kariery\/strona-kariery-w-republice-czeskiej\/specjalista-ds-obslugi-klienta-czechy\/","name":"Specjalista ds. obs\u0142ugi klienta - PUREPROGRESS Czechy","isPartOf":{"@id":"https:\/\/pureprogress-logistics.com\/#website"},"datePublished":"2024-10-30T10:03:01+00:00","dateModified":"2025-11-25T14:33:20+00:00","description":"Aplikuj na stanowisko specjalisty ds. obs\u0142ugi klienta w PUREPROGRESS Czechy! Rozwijaj swoj\u0105 karier\u0119 w logistyce i odprawach celnych!","breadcrumb":{"@id":"https:\/\/pureprogress-logistics.com\/pl\/strona-kariery\/strona-kariery-w-republice-czeskiej\/specjalista-ds-obslugi-klienta-czechy\/#breadcrumb"},"inLanguage":"pl-PL","potentialAction":[{"@type":"ReadAction","target":["https:\/\/pureprogress-logistics.com\/pl\/strona-kariery\/strona-kariery-w-republice-czeskiej\/specjalista-ds-obslugi-klienta-czechy\/"]}]},{"@type":"BreadcrumbList","@id":"https:\/\/pureprogress-logistics.com\/pl\/strona-kariery\/strona-kariery-w-republice-czeskiej\/specjalista-ds-obslugi-klienta-czechy\/#breadcrumb","itemListElement":[{"@type":"ListItem","position":1,"name":"Startseite","item":"https:\/\/pureprogress-logistics.com\/"},{"@type":"ListItem","position":2,"name":"Strona kariery","item":"https:\/\/pureprogress-logistics.com\/pl\/strona-kariery\/"},{"@type":"ListItem","position":3,"name":"Strona Kariery Czechy","item":"https:\/\/pureprogress-logistics.com\/pl\/strona-kariery\/strona-kariery-w-republice-czeskiej\/"},{"@type":"ListItem","position":4,"name":"Specjalista ds. obs\u0142ugi klienta Czechy"}]},{"@type":"WebSite","@id":"https:\/\/pureprogress-logistics.com\/#website","url":"https:\/\/pureprogress-logistics.com\/","name":"Ausfuhrbegleitdokument.com - MRN \/ ABD Erstellung","description":"","publisher":{"@id":"https:\/\/pureprogress-logistics.com\/#organization"},"potentialAction":[{"@type":"SearchAction","target":{"@type":"EntryPoint","urlTemplate":"https:\/\/pureprogress-logistics.com\/?s={search_term_string}"},"query-input":{"@type":"PropertyValueSpecification","valueRequired":true,"valueName":"search_term_string"}}],"inLanguage":"pl-PL"},{"@type":"Organization","@id":"https:\/\/pureprogress-logistics.com\/#organization","name":"PUREPROGRESS GmbH","url":"https:\/\/pureprogress-logistics.com\/","logo":{"@type":"ImageObject","inLanguage":"pl-PL","@id":"https:\/\/pureprogress-logistics.com\/#\/schema\/logo\/image\/","url":"https:\/\/ausfuhrbegleitdokument.com\/wp-content\/uploads\/2019\/10\/preloader-image.png","contentUrl":"https:\/\/ausfuhrbegleitdokument.com\/wp-content\/uploads\/2019\/10\/preloader-image.png","width":224,"height":31,"caption":"PUREPROGRESS GmbH"},"image":{"@id":"https:\/\/pureprogress-logistics.com\/#\/schema\/logo\/image\/"}}]}},"_links":{"self":[{"href":"https:\/\/pureprogress-logistics.com\/pl\/wp-json\/wp\/v2\/pages\/53409","targetHints":{"allow":["GET"]}}],"collection":[{"href":"https:\/\/pureprogress-logistics.com\/pl\/wp-json\/wp\/v2\/pages"}],"about":[{"href":"https:\/\/pureprogress-logistics.com\/pl\/wp-json\/wp\/v2\/types\/page"}],"author":[{"embeddable":true,"href":"https:\/\/pureprogress-logistics.com\/pl\/wp-json\/wp\/v2\/users\/3"}],"replies":[{"embeddable":true,"href":"https:\/\/pureprogress-logistics.com\/pl\/wp-json\/wp\/v2\/comments?post=53409"}],"version-history":[{"count":2,"href":"https:\/\/pureprogress-logistics.com\/pl\/wp-json\/wp\/v2\/pages\/53409\/revisions"}],"predecessor-version":[{"id":64458,"href":"https:\/\/pureprogress-logistics.com\/pl\/wp-json\/wp\/v2\/pages\/53409\/revisions\/64458"}],"up":[{"embeddable":true,"href":"https:\/\/pureprogress-logistics.com\/pl\/wp-json\/wp\/v2\/pages\/53427"}],"wp:attachment":[{"href":"https:\/\/pureprogress-logistics.com\/pl\/wp-json\/wp\/v2\/media?parent=53409"}],"curies":[{"name":"wp","href":"https:\/\/api.w.org\/{rel}","templated":true}]}}