{"id":50870,"date":"2025-02-11T09:20:44","date_gmt":"2025-02-11T08:20:44","guid":{"rendered":"https:\/\/pureprogress-logistics.com\/austria-strona-kariery\/"},"modified":"2025-11-13T11:37:00","modified_gmt":"2025-11-13T10:37:00","slug":"austria-strona-kariery","status":"publish","type":"page","link":"https:\/\/pureprogress-logistics.com\/pl\/strona-kariery\/austria-strona-kariery\/","title":{"rendered":"Strona Kariery Austria"},"content":{"rendered":"\t\t<div data-elementor-type=\"wp-page\" data-elementor-id=\"50870\" class=\"elementor elementor-50870 elementor-46532\" data-elementor-post-type=\"page\">\n\t\t\t\t<div class=\"elementor-element elementor-element-b1a86f0 e-flex e-con-boxed e-con e-parent\" data-id=\"b1a86f0\" data-element_type=\"container\" data-e-type=\"container\" data-settings=\"{&quot;jet_parallax_layout_list&quot;:[]}\">\n\t\t\t\t\t<div class=\"e-con-inner\">\n\t\t\t\t<div class=\"elementor-element elementor-element-7a22afa elementor-widget elementor-widget-spacer\" data-id=\"7a22afa\" data-element_type=\"widget\" data-e-type=\"widget\" data-widget_type=\"spacer.default\">\n\t\t\t\t<div class=\"elementor-widget-container\">\n\t\t\t\t\t\t\t<div class=\"elementor-spacer\">\n\t\t\t<div class=\"elementor-spacer-inner\"><\/div>\n\t\t<\/div>\n\t\t\t\t\t\t<\/div>\n\t\t\t\t<\/div>\n\t\t\t\t<div class=\"elementor-element elementor-element-ad339f4 elementor-widget elementor-widget-text-editor\" data-id=\"ad339f4\" data-element_type=\"widget\" data-e-type=\"widget\" data-widget_type=\"text-editor.default\">\n\t\t\t\t<div class=\"elementor-widget-container\">\n\t\t\t\t\t\t\t\t\t<p><em>Przepraszamy, obecnie nie mamy \u017cadnych dost\u0119pnych miejsc pracy w Austrii.<\/em><\/p>\t\t\t\t\t\t\t\t<\/div>\n\t\t\t\t<\/div>\n\t\t\t\t<div class=\"elementor-element elementor-element-bb1d295 elementor-widget elementor-widget-text-editor\" data-id=\"bb1d295\" data-element_type=\"widget\" data-e-type=\"widget\" data-widget_type=\"text-editor.default\">\n\t\t\t\t<div class=\"elementor-widget-container\">\n\t\t\t\t\t\t\t\t\t<p><a href=\"https:\/\/pureprogress-logistics.com\/pl\/strona-kariery\/\">\u2190 <span style=\"text-decoration: underline;\">Powr\u00f3t do przegl\u0105du kariery<\/span><\/a><\/p>\t\t\t\t\t\t\t\t<\/div>\n\t\t\t\t<\/div>\n\t\t\t\t\t<\/div>\n\t\t\t\t<\/div>\n\t\t\t\t<\/div>\n\t\t","protected":false},"excerpt":{"rendered":"<p>Przepraszamy, obecnie nie mamy \u017cadnych dost\u0119pnych miejsc pracy w Austrii. \u2190 Powr\u00f3t do przegl\u0105du kariery<\/p>\n","protected":false},"author":3,"featured_media":0,"parent":63885,"menu_order":0,"comment_status":"closed","ping_status":"closed","template":"","meta":{"_monsterinsights_skip_tracking":false,"_monsterinsights_sitenote_active":false,"_monsterinsights_sitenote_note":"","_monsterinsights_sitenote_category":0,"footnotes":""},"class_list":["post-50870","page","type-page","status-publish","hentry"],"yoast_head":"<!-- This site is optimized with the Yoast SEO plugin v27.2 - https:\/\/yoast.com\/product\/yoast-seo-wordpress\/ -->\n<title>Strona Kariery Austria - PUREPROGRESS GmbH<\/title>\n<meta name=\"description\" content=\"Do\u0142\u0105cz do PUREPROGRESS w Austrii i kszta\u0142tuj przysz\u0142o\u015b\u0107 logistyki. Poznaj kariery w transporcie, odprawie celnej i nie tylko ju\u017c dzi\u015b!\" \/>\n<meta name=\"robots\" content=\"index, follow, max-snippet:-1, max-image-preview:large, max-video-preview:-1\" \/>\n<link rel=\"canonical\" href=\"https:\/\/pureprogress-logistics.com\/pl\/strona-kariery\/austria-strona-kariery\/\" \/>\n<meta property=\"og:locale\" content=\"pl_PL\" \/>\n<meta property=\"og:type\" content=\"article\" \/>\n<meta property=\"og:title\" content=\"Strona Kariery Austria - PUREPROGRESS GmbH\" \/>\n<meta property=\"og:description\" content=\"Do\u0142\u0105cz do PUREPROGRESS w Austrii i kszta\u0142tuj przysz\u0142o\u015b\u0107 logistyki. Poznaj kariery w transporcie, odprawie celnej i nie tylko ju\u017c dzi\u015b!\" \/>\n<meta property=\"og:url\" content=\"https:\/\/pureprogress-logistics.com\/pl\/strona-kariery\/austria-strona-kariery\/\" \/>\n<meta property=\"og:site_name\" content=\"Agencja spedycyjna i celna | PUREPROGRESS\" \/>\n<meta property=\"article:modified_time\" content=\"2025-11-13T10:37:00+00:00\" \/>\n<meta name=\"twitter:card\" content=\"summary_large_image\" \/>\n<script type=\"application\/ld+json\" class=\"yoast-schema-graph\">{\"@context\":\"https:\/\/schema.org\",\"@graph\":[{\"@type\":\"WebPage\",\"@id\":\"https:\/\/pureprogress-logistics.com\/pl\/strona-kariery\/austria-strona-kariery\/\",\"url\":\"https:\/\/pureprogress-logistics.com\/pl\/strona-kariery\/austria-strona-kariery\/\",\"name\":\"Strona Kariery Austria - PUREPROGRESS GmbH\",\"isPartOf\":{\"@id\":\"https:\/\/pureprogress-logistics.com\/#website\"},\"datePublished\":\"2025-02-11T08:20:44+00:00\",\"dateModified\":\"2025-11-13T10:37:00+00:00\",\"description\":\"Do\u0142\u0105cz do PUREPROGRESS w Austrii i kszta\u0142tuj przysz\u0142o\u015b\u0107 logistyki. Poznaj kariery w transporcie, odprawie celnej i nie tylko ju\u017c dzi\u015b!\",\"breadcrumb\":{\"@id\":\"https:\/\/pureprogress-logistics.com\/pl\/strona-kariery\/austria-strona-kariery\/#breadcrumb\"},\"inLanguage\":\"pl-PL\",\"potentialAction\":[{\"@type\":\"ReadAction\",\"target\":[\"https:\/\/pureprogress-logistics.com\/pl\/strona-kariery\/austria-strona-kariery\/\"]}]},{\"@type\":\"BreadcrumbList\",\"@id\":\"https:\/\/pureprogress-logistics.com\/pl\/strona-kariery\/austria-strona-kariery\/#breadcrumb\",\"itemListElement\":[{\"@type\":\"ListItem\",\"position\":1,\"name\":\"Startseite\",\"item\":\"https:\/\/pureprogress-logistics.com\/\"},{\"@type\":\"ListItem\",\"position\":2,\"name\":\"Strona kariery\",\"item\":\"https:\/\/pureprogress-logistics.com\/pl\/strona-kariery\/\"},{\"@type\":\"ListItem\",\"position\":3,\"name\":\"Strona Kariery Austria\"}]},{\"@type\":\"WebSite\",\"@id\":\"https:\/\/pureprogress-logistics.com\/#website\",\"url\":\"https:\/\/pureprogress-logistics.com\/\",\"name\":\"Ausfuhrbegleitdokument.com - MRN \/ ABD Erstellung\",\"description\":\"\",\"publisher\":{\"@id\":\"https:\/\/pureprogress-logistics.com\/#organization\"},\"potentialAction\":[{\"@type\":\"SearchAction\",\"target\":{\"@type\":\"EntryPoint\",\"urlTemplate\":\"https:\/\/pureprogress-logistics.com\/?s={search_term_string}\"},\"query-input\":{\"@type\":\"PropertyValueSpecification\",\"valueRequired\":true,\"valueName\":\"search_term_string\"}}],\"inLanguage\":\"pl-PL\"},{\"@type\":\"Organization\",\"@id\":\"https:\/\/pureprogress-logistics.com\/#organization\",\"name\":\"PUREPROGRESS GmbH\",\"url\":\"https:\/\/pureprogress-logistics.com\/\",\"logo\":{\"@type\":\"ImageObject\",\"inLanguage\":\"pl-PL\",\"@id\":\"https:\/\/pureprogress-logistics.com\/#\/schema\/logo\/image\/\",\"url\":\"https:\/\/ausfuhrbegleitdokument.com\/wp-content\/uploads\/2019\/10\/preloader-image.png\",\"contentUrl\":\"https:\/\/ausfuhrbegleitdokument.com\/wp-content\/uploads\/2019\/10\/preloader-image.png\",\"width\":224,\"height\":31,\"caption\":\"PUREPROGRESS GmbH\"},\"image\":{\"@id\":\"https:\/\/pureprogress-logistics.com\/#\/schema\/logo\/image\/\"}}]}<\/script>\n<!-- \/ Yoast SEO plugin. -->","yoast_head_json":{"title":"Strona Kariery Austria - PUREPROGRESS GmbH","description":"Do\u0142\u0105cz do PUREPROGRESS w Austrii i kszta\u0142tuj przysz\u0142o\u015b\u0107 logistyki. Poznaj kariery w transporcie, odprawie celnej i nie tylko ju\u017c dzi\u015b!","robots":{"index":"index","follow":"follow","max-snippet":"max-snippet:-1","max-image-preview":"max-image-preview:large","max-video-preview":"max-video-preview:-1"},"canonical":"https:\/\/pureprogress-logistics.com\/pl\/strona-kariery\/austria-strona-kariery\/","og_locale":"pl_PL","og_type":"article","og_title":"Strona Kariery Austria - PUREPROGRESS GmbH","og_description":"Do\u0142\u0105cz do PUREPROGRESS w Austrii i kszta\u0142tuj przysz\u0142o\u015b\u0107 logistyki. Poznaj kariery w transporcie, odprawie celnej i nie tylko ju\u017c dzi\u015b!","og_url":"https:\/\/pureprogress-logistics.com\/pl\/strona-kariery\/austria-strona-kariery\/","og_site_name":"Agencja spedycyjna i celna | PUREPROGRESS","article_modified_time":"2025-11-13T10:37:00+00:00","twitter_card":"summary_large_image","schema":{"@context":"https:\/\/schema.org","@graph":[{"@type":"WebPage","@id":"https:\/\/pureprogress-logistics.com\/pl\/strona-kariery\/austria-strona-kariery\/","url":"https:\/\/pureprogress-logistics.com\/pl\/strona-kariery\/austria-strona-kariery\/","name":"Strona Kariery Austria - PUREPROGRESS GmbH","isPartOf":{"@id":"https:\/\/pureprogress-logistics.com\/#website"},"datePublished":"2025-02-11T08:20:44+00:00","dateModified":"2025-11-13T10:37:00+00:00","description":"Do\u0142\u0105cz do PUREPROGRESS w Austrii i kszta\u0142tuj przysz\u0142o\u015b\u0107 logistyki. Poznaj kariery w transporcie, odprawie celnej i nie tylko ju\u017c dzi\u015b!","breadcrumb":{"@id":"https:\/\/pureprogress-logistics.com\/pl\/strona-kariery\/austria-strona-kariery\/#breadcrumb"},"inLanguage":"pl-PL","potentialAction":[{"@type":"ReadAction","target":["https:\/\/pureprogress-logistics.com\/pl\/strona-kariery\/austria-strona-kariery\/"]}]},{"@type":"BreadcrumbList","@id":"https:\/\/pureprogress-logistics.com\/pl\/strona-kariery\/austria-strona-kariery\/#breadcrumb","itemListElement":[{"@type":"ListItem","position":1,"name":"Startseite","item":"https:\/\/pureprogress-logistics.com\/"},{"@type":"ListItem","position":2,"name":"Strona kariery","item":"https:\/\/pureprogress-logistics.com\/pl\/strona-kariery\/"},{"@type":"ListItem","position":3,"name":"Strona Kariery Austria"}]},{"@type":"WebSite","@id":"https:\/\/pureprogress-logistics.com\/#website","url":"https:\/\/pureprogress-logistics.com\/","name":"Ausfuhrbegleitdokument.com - MRN \/ ABD Erstellung","description":"","publisher":{"@id":"https:\/\/pureprogress-logistics.com\/#organization"},"potentialAction":[{"@type":"SearchAction","target":{"@type":"EntryPoint","urlTemplate":"https:\/\/pureprogress-logistics.com\/?s={search_term_string}"},"query-input":{"@type":"PropertyValueSpecification","valueRequired":true,"valueName":"search_term_string"}}],"inLanguage":"pl-PL"},{"@type":"Organization","@id":"https:\/\/pureprogress-logistics.com\/#organization","name":"PUREPROGRESS GmbH","url":"https:\/\/pureprogress-logistics.com\/","logo":{"@type":"ImageObject","inLanguage":"pl-PL","@id":"https:\/\/pureprogress-logistics.com\/#\/schema\/logo\/image\/","url":"https:\/\/ausfuhrbegleitdokument.com\/wp-content\/uploads\/2019\/10\/preloader-image.png","contentUrl":"https:\/\/ausfuhrbegleitdokument.com\/wp-content\/uploads\/2019\/10\/preloader-image.png","width":224,"height":31,"caption":"PUREPROGRESS GmbH"},"image":{"@id":"https:\/\/pureprogress-logistics.com\/#\/schema\/logo\/image\/"}}]}},"_links":{"self":[{"href":"https:\/\/pureprogress-logistics.com\/pl\/wp-json\/wp\/v2\/pages\/50870","targetHints":{"allow":["GET"]}}],"collection":[{"href":"https:\/\/pureprogress-logistics.com\/pl\/wp-json\/wp\/v2\/pages"}],"about":[{"href":"https:\/\/pureprogress-logistics.com\/pl\/wp-json\/wp\/v2\/types\/page"}],"author":[{"embeddable":true,"href":"https:\/\/pureprogress-logistics.com\/pl\/wp-json\/wp\/v2\/users\/3"}],"replies":[{"embeddable":true,"href":"https:\/\/pureprogress-logistics.com\/pl\/wp-json\/wp\/v2\/comments?post=50870"}],"version-history":[{"count":4,"href":"https:\/\/pureprogress-logistics.com\/pl\/wp-json\/wp\/v2\/pages\/50870\/revisions"}],"predecessor-version":[{"id":64088,"href":"https:\/\/pureprogress-logistics.com\/pl\/wp-json\/wp\/v2\/pages\/50870\/revisions\/64088"}],"up":[{"embeddable":true,"href":"https:\/\/pureprogress-logistics.com\/pl\/wp-json\/wp\/v2\/pages\/63885"}],"wp:attachment":[{"href":"https:\/\/pureprogress-logistics.com\/pl\/wp-json\/wp\/v2\/media?parent=50870"}],"curies":[{"name":"wp","href":"https:\/\/api.w.org\/{rel}","templated":true}]}}