{"id":28744,"date":"2021-03-07T23:28:53","date_gmt":"2021-03-07T23:28:53","guid":{"rendered":"https:\/\/pureprogress-logistics.com\/import-towarow-szwajcaria-komercyjna-i-prywatna\/"},"modified":"2024-03-06T19:00:48","modified_gmt":"2024-03-06T19:00:48","slug":"import-towarow-szwajcaria-komercyjna-i-prywatna","status":"publish","type":"page","link":"https:\/\/pureprogress-logistics.com\/pl\/import-towarow-szwajcaria-komercyjna-i-prywatna\/","title":{"rendered":"Import towar\u00f3w Szwajcaria komercyjna i prywatna"},"content":{"rendered":"\t\t<div data-elementor-type=\"wp-page\" data-elementor-id=\"28744\" class=\"elementor elementor-28744 elementor-9596\" data-elementor-post-type=\"page\">\n\t\t\t\t\t\t<section class=\"elementor-section elementor-top-section elementor-element elementor-element-5abd5378 elementor-section-boxed elementor-section-height-default elementor-section-height-default\" data-id=\"5abd5378\" data-element_type=\"section\" data-e-type=\"section\" data-settings=\"{&quot;jet_parallax_layout_list&quot;:[{&quot;jet_parallax_layout_image&quot;:{&quot;url&quot;:&quot;&quot;,&quot;id&quot;:&quot;&quot;,&quot;size&quot;:&quot;&quot;},&quot;_id&quot;:&quot;d56588c&quot;,&quot;jet_parallax_layout_image_tablet&quot;:{&quot;url&quot;:&quot;&quot;,&quot;id&quot;:&quot;&quot;,&quot;size&quot;:&quot;&quot;},&quot;jet_parallax_layout_image_mobile&quot;:{&quot;url&quot;:&quot;&quot;,&quot;id&quot;:&quot;&quot;,&quot;size&quot;:&quot;&quot;},&quot;jet_parallax_layout_speed&quot;:{&quot;unit&quot;:&quot;%&quot;,&quot;size&quot;:50,&quot;sizes&quot;:[]},&quot;jet_parallax_layout_type&quot;:&quot;scroll&quot;,&quot;jet_parallax_layout_direction&quot;:&quot;1&quot;,&quot;jet_parallax_layout_fx_direction&quot;:null,&quot;jet_parallax_layout_z_index&quot;:&quot;&quot;,&quot;jet_parallax_layout_bg_x&quot;:50,&quot;jet_parallax_layout_bg_x_tablet&quot;:&quot;&quot;,&quot;jet_parallax_layout_bg_x_mobile&quot;:&quot;&quot;,&quot;jet_parallax_layout_bg_y&quot;:50,&quot;jet_parallax_layout_bg_y_tablet&quot;:&quot;&quot;,&quot;jet_parallax_layout_bg_y_mobile&quot;:&quot;&quot;,&quot;jet_parallax_layout_bg_size&quot;:&quot;auto&quot;,&quot;jet_parallax_layout_bg_size_tablet&quot;:&quot;&quot;,&quot;jet_parallax_layout_bg_size_mobile&quot;:&quot;&quot;,&quot;jet_parallax_layout_animation_prop&quot;:&quot;transform&quot;,&quot;jet_parallax_layout_on&quot;:[&quot;desktop&quot;,&quot;tablet&quot;]}]}\">\n\t\t\t\t\t\t<div class=\"elementor-container elementor-column-gap-default\">\n\t\t\t\t\t<div class=\"elementor-column elementor-col-100 elementor-top-column elementor-element elementor-element-1861f1ea\" data-id=\"1861f1ea\" data-element_type=\"column\" data-e-type=\"column\">\n\t\t\t<div class=\"elementor-widget-wrap elementor-element-populated\">\n\t\t\t\t\t\t<div class=\"elementor-element elementor-element-4375ea0a elementor-widget elementor-widget-text-editor\" data-id=\"4375ea0a\" data-element_type=\"widget\" data-e-type=\"widget\" data-widget_type=\"text-editor.default\">\n\t\t\t\t<div class=\"elementor-widget-container\">\n\t\t\t\t\t\t\t\t\t<p><\/p>\n<h1 class=\"wp-block-heading has-large-font-size\">Import towar\u00f3w Szwajcaria komercyjna i prywatna<\/h1>\n<p><\/p>\n<p><\/p>\n<p><br><\/p>\n<p><\/p>\n<p><\/p>\n<h2 class=\"wp-block-heading\">ZAVV &#8211; zg\u0142oszenie celne do odprawy czasowej (Szwajcaria)<\/h2>\n<p><\/p>\n<p><\/p>\n<p>W przypadku zamiaru jedynie czasowego przywozu towar\u00f3w do Szwajcarii nale\u017cy skorzysta\u0107 z procedury ZAVV Switzerland (zg\u0142oszenie celne do odprawy czasowej). Kiedy\u015b nazywano to &#8222;szwajcarsk\u0105 procedur\u0105 darmowej przepustki&#8221;. Termin ten jest nadal czasami u\u017cywany. W przypadku planowanego czasowego importu towar\u00f3w nale\u017cy zatem wyda\u0107 &#8222;Free Pass Switzerland&#8221;. Jednocze\u015bnie jednak po stronie niemieckiej musi zosta\u0107 sporz\u0105dzony odpowiedni dokument celny, kt\u00f3ry deklaruje towary do czasowego wywozu z Niemiec. Poni\u017cej znajduje si\u0119 procedura i koszty zabiegu.<\/p>\n<p><\/p>\n<p><\/p>\n<p>Nawet je\u015bli nie masz jeszcze pewno\u015bci, czy towary zostan\u0105 sprzedane, a towary s\u0105 pocz\u0105tkowo wysy\u0142ane do Szwajcarii tylko na wystaw\u0119 lub podobne, mo\u017cesz poprosi\u0107 nas o wydanie bezp\u0142atnej przepustki. Nale\u017cy jednak pami\u0119ta\u0107, \u017ce towary nie mog\u0105 by\u0107 w \u017cadnym wypadku modyfikowane ani naprawiane w Szwajcarii, w przeciwnym razie konieczne b\u0119dzie zastosowanie innej procedury (uszlachetnianie czynne w Szwajcarii). Ch\u0119tnie udzielimy informacji na ten temat telefonicznie lub pisemnie.<\/p>\n<p><\/p>\n<p><\/p>\n<p>Typowe zastosowania czasowego importu towar\u00f3w to<\/p>\n<p><\/p>\n<p><\/p>\n<ul><p><\/p>\n<li>Wydarzenia targowe<\/li>\n<p><\/p>\n<p><\/p>\n<li>Wystawy \/ pokazy z niepewn\u0105 sprzeda\u017c\u0105<\/li>\n<p><\/p>\n<p><\/p>\n<li>Testy i pr\u00f3by<\/li>\n<p><\/p>\n<p><\/p>\n<li>Profesjonalny sprz\u0119t<\/li>\n<p><\/p>\n<p><\/p>\n<li>Szkolenie, edukacja, wypas koni<\/li>\n<p><\/p><\/ul>\n<p><\/p>\n<p><\/p>\n<h3 class=\"wp-block-heading\">Otwarcie <\/h3>\n<p><\/p>\n<p><\/p>\n<p>Aby utworzy\u0107 ZAVV, nale\u017cy najpierw sprawdzi\u0107, czy spe\u0142nione s\u0105 wymagania. Je\u015bli na przyk\u0142ad wiadomo ju\u017c, \u017ce towary maj\u0105 pozosta\u0107 w Szwajcarii na sta\u0142e, ZAVV nie ma sensu i dlatego nie mo\u017ce by\u0107 stosowany. Ponadto musi by\u0107 dost\u0119pna dok\u0142adna lista towar\u00f3w, kt\u00f3re maj\u0105 zosta\u0107 czasowo przywiezione, w tym niekt\u00f3rych szczeg\u00f3\u0142\u00f3w.<br>Wa\u017cne s\u0105 nast\u0119puj\u0105ce informacje o towarach:<\/p>\n<p><\/p>\n<p><\/p>\n<ul><p><\/p>\n<li>Opis towar\u00f3w, je\u015bli dotyczy, w tym Numer taryfy celnej, je\u015bli jest znany<\/li>\n<p><\/p>\n<p><\/p>\n<li>Warto\u015b\u0107 towar\u00f3w, w tym Specyfikacja waluty<\/li>\n<p><\/p>\n<p><\/p>\n<li>Waga towar\u00f3w \u0142\u0105cznie z. i wy\u0142. Opakowanie<\/li>\n<p><\/p>\n<p><\/p>\n<li>Przeznaczenie towar\u00f3w<\/li>\n<p><\/p>\n<p><\/p>\n<li>Nadawca za granic\u0105<\/li>\n<p><\/p>\n<p><\/p>\n<li>Odbiorcy w Szwajcarii<\/li>\n<p><\/p>\n<p><\/p>\n<li>W\u0142a\u015bciciel towar\u00f3w<\/li>\n<p><\/p>\n<p><\/p>\n<li>Czy jest to dzia\u0142alno\u015b\u0107 zwi\u0105zana z wynajmem?<\/li>\n<p><\/p>\n<p><\/p>\n<li>Jak d\u0142ugo towary pozostaj\u0105 w Szwajcarii?<\/li>\n<p><\/p>\n<p><\/p>\n<li>Kt\u00f3r\u0105 granic\u0119 przekraczaj\u0105 towary, aby dotrze\u0107 do Szwajcarii?<\/li>\n<p><\/p>\n<p><\/p>\n<li>Kt\u00f3r\u0105 granic\u0119 przekraczaj\u0105 towary, aby opu\u015bci\u0107 Szwajcari\u0119?<\/li>\n<p><\/p>\n<p><\/p>\n<li>Kiedy towary dotr\u0105 do Szwajcarii (data)?<\/li>\n<p><\/p>\n<p><\/p>\n<li>W jaki spos\u00f3b zapewniana jest to\u017csamo\u015b\u0107 towar\u00f3w, tj. w jaki spos\u00f3b urz\u0105d celny mo\u017ce<br>sprawdzi\u0107, czy dok\u0142adnie te towary ponownie opuszczaj\u0105 Szwajcari\u0119, np. za pomoc\u0105 numer\u00f3w seryjnych lub zdj\u0119\u0107 produkt\u00f3w<\/li>\n<p><\/p><\/ul>\n<p><\/p>\n<p><\/p>\n<p>Idealnie by\u0142oby, gdyby\u015b m\u00f3g\u0142 przygotowa\u0107\/skompletowa\u0107 wszystkie te informacje na li\u015bcie z wyprzedzeniem, aby\u015bmy mogli przygotowa\u0107 dla Ciebie odpraw\u0119 celn\u0105 tak szybko, jak to mo\u017cliwe, bez \u017cadnych op\u00f3\u017anie\u0144 wynikaj\u0105cych z dalszych zapyta\u0144.<\/p>\n<p><\/p>\n<p><\/p>\n<p>W przypadku cz\u0119\u015bci niemieckiej, tj. <a href=\"https:\/\/pureprogress-logistics.com\/pl\/\">eksportowego dokumentu towarzysz\u0105cego<\/a>, potrzebujemy r\u00f3wnie\u017c numeru EORI niemieckiego nadawcy i wype\u0142nionego zezwolenia celnego. Na \u017cyczenie prze\u015blemy poczt\u0105 elektroniczn\u0105 formularz upowa\u017cnienia do odprawy celnej. Nale\u017cy pami\u0119ta\u0107 o wskazaniu, \u017ce towary maj\u0105 by\u0107 tylko tymczasowo wywiezione z UE.<\/p>\n<p><\/p>\n<p><\/p>\n<p>Nale\u017cy pami\u0119ta\u0107, \u017ce szwajcarski urz\u0105d celny b\u0119dzie chcia\u0142 zobaczy\u0107 towary podczas zg\u0142aszania ich do importu i \u017ce b\u0119dziesz musia\u0142 wp\u0142aci\u0107 kaucj\u0119 w got\u00f3wce lub kart\u0105 do szwajcarskiego urz\u0119du celnego na poczet wszelkich nale\u017cno\u015bci celnych przywozowych, kt\u00f3re mog\u0105 zosta\u0107 poniesione. Zwrot koszt\u00f3w nast\u0105pi jednak po ponownym wywiezieniu towar\u00f3w ze Szwajcarii. Kaucja odpowiada kwocie podatku <strong>VAT od towar\u00f3w importowanych czasowo<\/strong> + c\u0142o. Zasadniczo wynosi on 7,7% VAT od warto\u015bci towar\u00f3w, koszt\u00f3w frachtu i odprawy celnej oraz op\u0142at celnych. Op\u0142aty celne zale\u017c\u0105 od rodzaju towar\u00f3w i ich wagi. Istniej\u0105 r\u00f3\u017cne stawki celne dla prawie ka\u017cdego rodzaju towar\u00f3w. Z przyjemno\u015bci\u0105 obliczymy dla Ciebie oczekiwan\u0105 kwot\u0119 do wp\u0142aty.<\/p>\n<p><\/p>\n<p><\/p>\n<h3 class=\"wp-block-heading\">Wnioski<\/h3>\n<p><\/p>\n<p><\/p>\n<p>Towary musz\u0105 zosta\u0107 ponownie wywiezione ze Szwajcarii, aby ZAVV zosta\u0142 prawid\u0142owo przetworzony, a kaucja zosta\u0142a zwr\u00f3cona. W celu finalizacji musimy r\u00f3wnie\u017c przygotowa\u0107 kilka dokument\u00f3w celnych, aby wszystko zosta\u0142o poprawnie zadeklarowane. Je\u015bli towary pozostan\u0105 w Szwajcarii, b\u0119dziemy musieli dokona\u0107 ich odprawy celnej, a kaucja zostanie zatrzymana za cz\u0119\u015b\u0107 towar\u00f3w, kt\u00f3ra pozostanie w Szwajcarii.<\/p>\n<p><\/p>\n<p><\/p>\n<p>Wa\u017cne: Nale\u017cy pami\u0119ta\u0107, \u017ce koszty wynajmu za wypo\u017cyczenie towar\u00f3w lub podobne op\u0142aty\/rekompensaty musz\u0105 by\u0107 opodatkowane 7,7% szwajcarskim podatkiem VAT. Ponadto transakcje najmu musz\u0105 by\u0107 zawsze importowane przy u\u017cyciu procedury ZAVV. Czasowy przyw\u00f3z za pomoc\u0105 karnetu ATA nie jest dozwolony.<\/p>\n<p><\/p>\n<p><\/p>\n<h3 class=\"wp-block-heading\">Rozszerzenie<\/h3>\n<p><\/p>\n<p><\/p>\n<p>Zasadniczo procedura ZAVV jest ograniczona do dw\u00f3ch lat przez Federaln\u0105 Administracj\u0119 Celn\u0105 FCA. Pod pewnymi warunkami mo\u017ce on jednak zosta\u0107 przed\u0142u\u017cony trzykrotnie, za ka\u017cdym razem o jeden rok. Mo\u017cna zatem korzysta\u0107 z towar\u00f3w bez c\u0142a w Szwajcarii przez okres pi\u0119ciu lat, pod warunkiem spe\u0142nienia wszystkich termin\u00f3w i wymog\u00f3w. Przed\u0142u\u017cenie bezp\u0142atnego biletu \/ ZAVV podlega op\u0142acie (zwykle od 30 do 60 CHF).<\/p>\n<p><\/p>\n<p><\/p>\n<h3 class=\"wp-block-heading\">Praktyczne przyk\u0142ady ZAVV Szwajcaria<\/h3>\n<p><\/p>\n<p><\/p>\n<p>Teraz, gdy znasz ju\u017c podstawowe informacje dotycz\u0105ce wdra\u017cania ZAVV, chcieliby\u015bmy pokaza\u0107 Ci kilka praktycznych przyk\u0142ad\u00f3w od naszych klient\u00f3w. W niekt\u00f3rych przypadkach z importem czasowym wi\u0105\u017c\u0105 si\u0119 specjalne warunki i wymogi prawne.<\/p>\n<p><\/p>\n<p><\/p>\n<h4 class=\"wp-block-heading\">Zabierz ze sob\u0105 narz\u0119dzia do Szwajcarii<\/h4>\n<p><\/p>\n<p><\/p>\n<p>Je\u015bli jako niemiecka firma otrzyma\u0142e\u015b zam\u00f3wienie od szwajcarskiego klienta na napraw\u0119\/monta\u017c w Szwajcarii, musisz zwr\u00f3ci\u0107 uwag\u0119 na kilka rzeczy jednocze\u015bnie. Po pierwsze, istnieje pozwolenie na prac\u0119, o kt\u00f3re by\u0107 mo\u017ce b\u0119dziesz musia\u0142 si\u0119 ubiega\u0107 (od okre\u015blonej d\u0142ugo\u015bci pobytu w Szwajcarii). Po drugie, w niekt\u00f3rych przypadkach nale\u017cy r\u00f3wnie\u017c zarejestrowa\u0107 si\u0119 jako podatnik VAT w Szwajcarii, je\u015bli roczny \u015bwiatowy obr\u00f3t przekracza 100 000 CHF. W tym celu zalecamy wcze\u015bniejsze zasi\u0119gni\u0119cie informacji i, w razie potrzeby, wsp\u00f3\u0142prac\u0119 z doradc\u0105 podatkowym, takim jak <a href=\"http:\/\/www.k-partner.ch\/\">Keel + Partner<\/a>.<\/p>\n<p><\/p>\n<p><\/p>\n<p>Ponadto formularz ZAVV dla profesjonalnego sprz\u0119tu i nowych narz\u0119dzi r\u0119cznych musi zosta\u0107 wype\u0142niony przez nas jako agencj\u0119 celn\u0105. Po stronie niemieckiej nale\u017cy w tym celu utworzy\u0107 eksportowy dokument towarzysz\u0105cy ze specjalnym kodowaniem, aby towary mog\u0142y zosta\u0107 p\u00f3\u017aniej zwr\u00f3cone do Niemiec bez c\u0142a i podatku VAT.<\/p>\n<p><\/p>\n<p><\/p>\n<p>W przypadku niekt\u00f3rych narz\u0119dzi (u\u017cywane narz\u0119dzia r\u0119czne, zwykle o warto\u015bci towar\u00f3w do 1000 EUR) nie trzeba ubiega\u0107 si\u0119 o ZAVV, np. zgodnie. Porozumienie stambulskie. Poniewa\u017c niemieckie zg\u0142oszenie wywozowe nie jest zazwyczaj wymagane w przypadku towar\u00f3w o warto\u015bci poni\u017cej 1000 EUR, urz\u0119dy celne zazwyczaj akceptuj\u0105 prost\u0105 list\u0119 narz\u0119dzi. Nast\u0119pnie musi zosta\u0107 ostemplowany przez urz\u0105d celny przy wywozie z Niemiec, przy przywozie do Szwajcarii oraz przy ponownym wywozie i ponownym przywozie.<\/p>\n<p><\/p>\n<p><\/p>\n<p>W przypadku towar\u00f3w, dla kt\u00f3rych nale\u017cy zastosowa\u0107 procedur\u0119 ZAVV, nale\u017cy przestrzega\u0107 <a href=\"https:\/\/www.ezv.admin.ch\/dam\/ezv\/de\/dokumente\/verfahren-betrieb\/Aufgabenvollzug\/Dokumentation\/R-10%20Zollverfahren\/r-10-60_voruebergehende_verwendung.pdf.download.pdf\/R-10-60.pdf\">ok\u00f3lnika R10-60<\/a> wydanego przez urz\u0105d celny. B\u0119dziemy szcz\u0119\u015bliwi mog\u0105c Ci w tym pom\u00f3c.<\/p>\n<p><\/p>\n<p><\/p>\n<h4 class=\"wp-block-heading\"><\/h4>\n<p><\/p>\n<p><\/p>\n<h3 class=\"wp-block-heading\">Eksportuj ZAVV \/ Eksportuj bezp\u0142atn\u0105 przepustk\u0119<\/h3>\n<p><\/p>\n<p><\/p>\n<p>Powy\u017csze informacje i wyja\u015bnienia dotycz\u0105ce ZAVV odnosz\u0105 si\u0119 do sytuacji tymczasowego importu towar\u00f3w do Szwajcarii. Oczywi\u015bcie mo\u017cesz r\u00f3wnie\u017c chcie\u0107 tymczasowo eksportowa\u0107 towary ze Szwajcarii, np. do Niemiec. Nast\u0119pnie nale\u017cy r\u00f3wnie\u017c utworzy\u0107 darmow\u0105 przepustk\u0119, ale w zmodyfikowanej formie. Przyk\u0142adowo, szwajcarska administracja celna nie wymaga z\u0142o\u017cenia depozytu zabezpieczaj\u0105cego. Mo\u017cemy r\u00f3wnie\u017c wesprze\u0107 Ci\u0119 w tym procesie i przygotowa\u0107 wszystkie niezb\u0119dne dokumenty celne.<\/p>\n<p><\/p>\t\t\t\t\t\t\t\t<\/div>\n\t\t\t\t<\/div>\n\t\t\t\t\t<\/div>\n\t\t<\/div>\n\t\t\t\t\t<\/div>\n\t\t<\/section>\n\t\t\t\t<\/div>\n\t\t","protected":false},"excerpt":{"rendered":"<p>Import towar\u00f3w Szwajcaria komercyjna i prywatna ZAVV &#8211; zg\u0142oszenie celne do odprawy czasowej (Szwajcaria) W przypadku zamiaru jedynie czasowego przywozu towar\u00f3w do Szwajcarii nale\u017cy skorzysta\u0107 z procedury ZAVV Switzerland (zg\u0142oszenie celne do odprawy czasowej). Kiedy\u015b nazywano to &#8222;szwajcarsk\u0105 procedur\u0105 darmowej przepustki&#8221;. Termin ten jest nadal czasami u\u017cywany. W przypadku planowanego czasowego importu towar\u00f3w nale\u017cy zatem [&hellip;]<\/p>\n","protected":false},"author":1,"featured_media":0,"parent":0,"menu_order":0,"comment_status":"closed","ping_status":"closed","template":"","meta":{"_monsterinsights_skip_tracking":false,"_monsterinsights_sitenote_active":false,"_monsterinsights_sitenote_note":"","_monsterinsights_sitenote_category":0,"footnotes":""},"class_list":["post-28744","page","type-page","status-publish","hentry"],"yoast_head":"<!-- This site is optimized with the Yoast SEO plugin v27.2 - https:\/\/yoast.com\/product\/yoast-seo-wordpress\/ -->\n<title>Import towar\u00f3w Szwajcaria komercyjna i prywatna - Wyja\u015bnienie odprawy celnej<\/title>\n<meta name=\"description\" content=\"Import towar\u00f3w Szwajcaria komercyjny \/ prywatny \/ ZAVV - Informacje i wyja\u015bnienia. Z przyjemno\u015bci\u0105 przygotujemy dla Ciebie dokumenty celne.\" \/>\n<meta name=\"robots\" content=\"index, follow, max-snippet:-1, max-image-preview:large, max-video-preview:-1\" \/>\n<link rel=\"canonical\" href=\"https:\/\/pureprogress-logistics.com\/pl\/import-towarow-szwajcaria-komercyjna-i-prywatna\/\" \/>\n<meta property=\"og:locale\" content=\"pl_PL\" \/>\n<meta property=\"og:type\" content=\"article\" \/>\n<meta property=\"og:title\" content=\"Import towar\u00f3w Szwajcaria komercyjna i prywatna - Wyja\u015bnienie odprawy celnej\" \/>\n<meta property=\"og:description\" content=\"Import towar\u00f3w Szwajcaria komercyjny \/ prywatny \/ ZAVV - Informacje i wyja\u015bnienia. Z przyjemno\u015bci\u0105 przygotujemy dla Ciebie dokumenty celne.\" \/>\n<meta property=\"og:url\" content=\"https:\/\/pureprogress-logistics.com\/pl\/import-towarow-szwajcaria-komercyjna-i-prywatna\/\" \/>\n<meta property=\"og:site_name\" content=\"Agencja spedycyjna i celna | PUREPROGRESS\" \/>\n<meta property=\"article:modified_time\" content=\"2024-03-06T19:00:48+00:00\" \/>\n<meta name=\"twitter:card\" content=\"summary_large_image\" \/>\n<meta name=\"twitter:label1\" content=\"Szacowany czas czytania\" \/>\n\t<meta name=\"twitter:data1\" content=\"6 minut\" \/>\n<script type=\"application\/ld+json\" class=\"yoast-schema-graph\">{\"@context\":\"https:\/\/schema.org\",\"@graph\":[{\"@type\":\"WebPage\",\"@id\":\"https:\/\/pureprogress-logistics.com\/pl\/import-towarow-szwajcaria-komercyjna-i-prywatna\/\",\"url\":\"https:\/\/pureprogress-logistics.com\/pl\/import-towarow-szwajcaria-komercyjna-i-prywatna\/\",\"name\":\"Import towar\u00f3w Szwajcaria komercyjna i prywatna - Wyja\u015bnienie odprawy celnej\",\"isPartOf\":{\"@id\":\"https:\/\/pureprogress-logistics.com\/#website\"},\"datePublished\":\"2021-03-07T23:28:53+00:00\",\"dateModified\":\"2024-03-06T19:00:48+00:00\",\"description\":\"Import towar\u00f3w Szwajcaria komercyjny \/ prywatny \/ ZAVV - Informacje i wyja\u015bnienia. Z przyjemno\u015bci\u0105 przygotujemy dla Ciebie dokumenty celne.\",\"breadcrumb\":{\"@id\":\"https:\/\/pureprogress-logistics.com\/pl\/import-towarow-szwajcaria-komercyjna-i-prywatna\/#breadcrumb\"},\"inLanguage\":\"pl-PL\",\"potentialAction\":[{\"@type\":\"ReadAction\",\"target\":[\"https:\/\/pureprogress-logistics.com\/pl\/import-towarow-szwajcaria-komercyjna-i-prywatna\/\"]}]},{\"@type\":\"BreadcrumbList\",\"@id\":\"https:\/\/pureprogress-logistics.com\/pl\/import-towarow-szwajcaria-komercyjna-i-prywatna\/#breadcrumb\",\"itemListElement\":[{\"@type\":\"ListItem\",\"position\":1,\"name\":\"Startseite\",\"item\":\"https:\/\/pureprogress-logistics.com\/\"},{\"@type\":\"ListItem\",\"position\":2,\"name\":\"Import towar\u00f3w Szwajcaria komercyjna i prywatna\"}]},{\"@type\":\"WebSite\",\"@id\":\"https:\/\/pureprogress-logistics.com\/#website\",\"url\":\"https:\/\/pureprogress-logistics.com\/\",\"name\":\"Ausfuhrbegleitdokument.com - MRN \/ ABD Erstellung\",\"description\":\"\",\"publisher\":{\"@id\":\"https:\/\/pureprogress-logistics.com\/#organization\"},\"potentialAction\":[{\"@type\":\"SearchAction\",\"target\":{\"@type\":\"EntryPoint\",\"urlTemplate\":\"https:\/\/pureprogress-logistics.com\/?s={search_term_string}\"},\"query-input\":{\"@type\":\"PropertyValueSpecification\",\"valueRequired\":true,\"valueName\":\"search_term_string\"}}],\"inLanguage\":\"pl-PL\"},{\"@type\":\"Organization\",\"@id\":\"https:\/\/pureprogress-logistics.com\/#organization\",\"name\":\"PUREPROGRESS GmbH\",\"url\":\"https:\/\/pureprogress-logistics.com\/\",\"logo\":{\"@type\":\"ImageObject\",\"inLanguage\":\"pl-PL\",\"@id\":\"https:\/\/pureprogress-logistics.com\/#\/schema\/logo\/image\/\",\"url\":\"https:\/\/ausfuhrbegleitdokument.com\/wp-content\/uploads\/2019\/10\/preloader-image.png\",\"contentUrl\":\"https:\/\/ausfuhrbegleitdokument.com\/wp-content\/uploads\/2019\/10\/preloader-image.png\",\"width\":224,\"height\":31,\"caption\":\"PUREPROGRESS GmbH\"},\"image\":{\"@id\":\"https:\/\/pureprogress-logistics.com\/#\/schema\/logo\/image\/\"}}]}<\/script>\n<!-- \/ Yoast SEO plugin. -->","yoast_head_json":{"title":"Import towar\u00f3w Szwajcaria komercyjna i prywatna - Wyja\u015bnienie odprawy celnej","description":"Import towar\u00f3w Szwajcaria komercyjny \/ prywatny \/ ZAVV - Informacje i wyja\u015bnienia. Z przyjemno\u015bci\u0105 przygotujemy dla Ciebie dokumenty celne.","robots":{"index":"index","follow":"follow","max-snippet":"max-snippet:-1","max-image-preview":"max-image-preview:large","max-video-preview":"max-video-preview:-1"},"canonical":"https:\/\/pureprogress-logistics.com\/pl\/import-towarow-szwajcaria-komercyjna-i-prywatna\/","og_locale":"pl_PL","og_type":"article","og_title":"Import towar\u00f3w Szwajcaria komercyjna i prywatna - Wyja\u015bnienie odprawy celnej","og_description":"Import towar\u00f3w Szwajcaria komercyjny \/ prywatny \/ ZAVV - Informacje i wyja\u015bnienia. Z przyjemno\u015bci\u0105 przygotujemy dla Ciebie dokumenty celne.","og_url":"https:\/\/pureprogress-logistics.com\/pl\/import-towarow-szwajcaria-komercyjna-i-prywatna\/","og_site_name":"Agencja spedycyjna i celna | PUREPROGRESS","article_modified_time":"2024-03-06T19:00:48+00:00","twitter_card":"summary_large_image","twitter_misc":{"Szacowany czas czytania":"6 minut"},"schema":{"@context":"https:\/\/schema.org","@graph":[{"@type":"WebPage","@id":"https:\/\/pureprogress-logistics.com\/pl\/import-towarow-szwajcaria-komercyjna-i-prywatna\/","url":"https:\/\/pureprogress-logistics.com\/pl\/import-towarow-szwajcaria-komercyjna-i-prywatna\/","name":"Import towar\u00f3w Szwajcaria komercyjna i prywatna - Wyja\u015bnienie odprawy celnej","isPartOf":{"@id":"https:\/\/pureprogress-logistics.com\/#website"},"datePublished":"2021-03-07T23:28:53+00:00","dateModified":"2024-03-06T19:00:48+00:00","description":"Import towar\u00f3w Szwajcaria komercyjny \/ prywatny \/ ZAVV - Informacje i wyja\u015bnienia. Z przyjemno\u015bci\u0105 przygotujemy dla Ciebie dokumenty celne.","breadcrumb":{"@id":"https:\/\/pureprogress-logistics.com\/pl\/import-towarow-szwajcaria-komercyjna-i-prywatna\/#breadcrumb"},"inLanguage":"pl-PL","potentialAction":[{"@type":"ReadAction","target":["https:\/\/pureprogress-logistics.com\/pl\/import-towarow-szwajcaria-komercyjna-i-prywatna\/"]}]},{"@type":"BreadcrumbList","@id":"https:\/\/pureprogress-logistics.com\/pl\/import-towarow-szwajcaria-komercyjna-i-prywatna\/#breadcrumb","itemListElement":[{"@type":"ListItem","position":1,"name":"Startseite","item":"https:\/\/pureprogress-logistics.com\/"},{"@type":"ListItem","position":2,"name":"Import towar\u00f3w Szwajcaria komercyjna i prywatna"}]},{"@type":"WebSite","@id":"https:\/\/pureprogress-logistics.com\/#website","url":"https:\/\/pureprogress-logistics.com\/","name":"Ausfuhrbegleitdokument.com - MRN \/ ABD Erstellung","description":"","publisher":{"@id":"https:\/\/pureprogress-logistics.com\/#organization"},"potentialAction":[{"@type":"SearchAction","target":{"@type":"EntryPoint","urlTemplate":"https:\/\/pureprogress-logistics.com\/?s={search_term_string}"},"query-input":{"@type":"PropertyValueSpecification","valueRequired":true,"valueName":"search_term_string"}}],"inLanguage":"pl-PL"},{"@type":"Organization","@id":"https:\/\/pureprogress-logistics.com\/#organization","name":"PUREPROGRESS GmbH","url":"https:\/\/pureprogress-logistics.com\/","logo":{"@type":"ImageObject","inLanguage":"pl-PL","@id":"https:\/\/pureprogress-logistics.com\/#\/schema\/logo\/image\/","url":"https:\/\/ausfuhrbegleitdokument.com\/wp-content\/uploads\/2019\/10\/preloader-image.png","contentUrl":"https:\/\/ausfuhrbegleitdokument.com\/wp-content\/uploads\/2019\/10\/preloader-image.png","width":224,"height":31,"caption":"PUREPROGRESS GmbH"},"image":{"@id":"https:\/\/pureprogress-logistics.com\/#\/schema\/logo\/image\/"}}]}},"_links":{"self":[{"href":"https:\/\/pureprogress-logistics.com\/pl\/wp-json\/wp\/v2\/pages\/28744","targetHints":{"allow":["GET"]}}],"collection":[{"href":"https:\/\/pureprogress-logistics.com\/pl\/wp-json\/wp\/v2\/pages"}],"about":[{"href":"https:\/\/pureprogress-logistics.com\/pl\/wp-json\/wp\/v2\/types\/page"}],"author":[{"embeddable":true,"href":"https:\/\/pureprogress-logistics.com\/pl\/wp-json\/wp\/v2\/users\/1"}],"replies":[{"embeddable":true,"href":"https:\/\/pureprogress-logistics.com\/pl\/wp-json\/wp\/v2\/comments?post=28744"}],"version-history":[{"count":0,"href":"https:\/\/pureprogress-logistics.com\/pl\/wp-json\/wp\/v2\/pages\/28744\/revisions"}],"wp:attachment":[{"href":"https:\/\/pureprogress-logistics.com\/pl\/wp-json\/wp\/v2\/media?parent=28744"}],"curies":[{"name":"wp","href":"https:\/\/api.w.org\/{rel}","templated":true}]}}