{"id":28693,"date":"2019-12-18T19:56:00","date_gmt":"2019-12-18T19:56:00","guid":{"rendered":"https:\/\/pureprogress-logistics.com\/wysylka-do-czech-paczka-do-czech\/"},"modified":"2024-03-06T18:14:45","modified_gmt":"2024-03-06T18:14:45","slug":"wysylka-do-czech-paczka-do-czech","status":"publish","type":"page","link":"https:\/\/pureprogress-logistics.com\/pl\/wysylka-do-czech-paczka-do-czech\/","title":{"rendered":"Wysy\u0142ka do Czech \/ Paczka do Czech"},"content":{"rendered":"\t\t<div data-elementor-type=\"wp-page\" data-elementor-id=\"28693\" class=\"elementor elementor-28693 elementor-7275\" data-elementor-post-type=\"page\">\n\t\t\t\t\t\t<section class=\"elementor-section elementor-top-section elementor-element elementor-element-1d96c61 elementor-section-boxed elementor-section-height-default elementor-section-height-default\" data-id=\"1d96c61\" data-element_type=\"section\" data-e-type=\"section\" data-settings=\"{&quot;jet_parallax_layout_list&quot;:[{&quot;jet_parallax_layout_image&quot;:{&quot;url&quot;:&quot;&quot;,&quot;id&quot;:&quot;&quot;,&quot;size&quot;:&quot;&quot;},&quot;_id&quot;:&quot;0529ea0&quot;,&quot;jet_parallax_layout_image_tablet&quot;:{&quot;url&quot;:&quot;&quot;,&quot;id&quot;:&quot;&quot;,&quot;size&quot;:&quot;&quot;},&quot;jet_parallax_layout_image_mobile&quot;:{&quot;url&quot;:&quot;&quot;,&quot;id&quot;:&quot;&quot;,&quot;size&quot;:&quot;&quot;},&quot;jet_parallax_layout_speed&quot;:{&quot;unit&quot;:&quot;%&quot;,&quot;size&quot;:50,&quot;sizes&quot;:[]},&quot;jet_parallax_layout_type&quot;:&quot;scroll&quot;,&quot;jet_parallax_layout_direction&quot;:&quot;1&quot;,&quot;jet_parallax_layout_fx_direction&quot;:null,&quot;jet_parallax_layout_z_index&quot;:&quot;&quot;,&quot;jet_parallax_layout_bg_x&quot;:50,&quot;jet_parallax_layout_bg_x_tablet&quot;:&quot;&quot;,&quot;jet_parallax_layout_bg_x_mobile&quot;:&quot;&quot;,&quot;jet_parallax_layout_bg_y&quot;:50,&quot;jet_parallax_layout_bg_y_tablet&quot;:&quot;&quot;,&quot;jet_parallax_layout_bg_y_mobile&quot;:&quot;&quot;,&quot;jet_parallax_layout_bg_size&quot;:&quot;auto&quot;,&quot;jet_parallax_layout_bg_size_tablet&quot;:&quot;&quot;,&quot;jet_parallax_layout_bg_size_mobile&quot;:&quot;&quot;,&quot;jet_parallax_layout_animation_prop&quot;:&quot;transform&quot;,&quot;jet_parallax_layout_on&quot;:[&quot;desktop&quot;,&quot;tablet&quot;]}]}\">\n\t\t\t\t\t\t<div class=\"elementor-container elementor-column-gap-default\">\n\t\t\t\t\t<div class=\"elementor-column elementor-col-100 elementor-top-column elementor-element elementor-element-00b4639\" data-id=\"00b4639\" data-element_type=\"column\" data-e-type=\"column\">\n\t\t\t<div class=\"elementor-widget-wrap elementor-element-populated\">\n\t\t\t\t\t\t<div class=\"elementor-element elementor-element-da01a08 elementor-hidden-tablet elementor-hidden-phone elementor-widget elementor-widget-image\" data-id=\"da01a08\" data-element_type=\"widget\" data-e-type=\"widget\" data-widget_type=\"image.default\">\n\t\t\t\t<div class=\"elementor-widget-container\">\n\t\t\t\t\t\t\t\t\t\t\t\t\t\t\t<img fetchpriority=\"high\" decoding=\"async\" width=\"1200\" height=\"279\" src=\"https:\/\/pureprogress-logistics.com\/wp-content\/uploads\/2019\/12\/versand-nach-tschechien-symbolbild-lkw.jpg\" class=\"attachment-full size-full wp-image-7349\" alt=\"Versand nach Tschechien (Symbolbild)\" srcset=\"https:\/\/pureprogress-logistics.com\/wp-content\/uploads\/2019\/12\/versand-nach-tschechien-symbolbild-lkw.jpg 1200w, https:\/\/pureprogress-logistics.com\/wp-content\/uploads\/2019\/12\/versand-nach-tschechien-symbolbild-lkw-300x70.jpg 300w, https:\/\/pureprogress-logistics.com\/wp-content\/uploads\/2019\/12\/versand-nach-tschechien-symbolbild-lkw-1024x238.jpg 1024w, https:\/\/pureprogress-logistics.com\/wp-content\/uploads\/2019\/12\/versand-nach-tschechien-symbolbild-lkw-768x179.jpg 768w, https:\/\/pureprogress-logistics.com\/wp-content\/uploads\/2019\/12\/versand-nach-tschechien-symbolbild-lkw-418x97.jpg 418w\" sizes=\"(max-width: 1200px) 100vw, 1200px\" \/>\t\t\t\t\t\t\t\t\t\t\t\t\t\t\t<\/div>\n\t\t\t\t<\/div>\n\t\t\t\t<div class=\"elementor-element elementor-element-92c32a3 elementor-hidden-desktop elementor-hidden-phone elementor-widget elementor-widget-image\" data-id=\"92c32a3\" data-element_type=\"widget\" data-e-type=\"widget\" data-widget_type=\"image.default\">\n\t\t\t\t<div class=\"elementor-widget-container\">\n\t\t\t\t\t\t\t\t\t\t\t\t\t\t\t<img decoding=\"async\" width=\"600\" height=\"140\" src=\"https:\/\/pureprogress-logistics.com\/wp-content\/uploads\/2019\/12\/versand-nach-tschechien-symbolbild-lkw_tablet.jpg\" class=\"attachment-full size-full wp-image-7348\" alt=\"Versand nach Tschechien (Symbolbild)\" srcset=\"https:\/\/pureprogress-logistics.com\/wp-content\/uploads\/2019\/12\/versand-nach-tschechien-symbolbild-lkw_tablet.jpg 600w, https:\/\/pureprogress-logistics.com\/wp-content\/uploads\/2019\/12\/versand-nach-tschechien-symbolbild-lkw_tablet-300x70.jpg 300w, https:\/\/pureprogress-logistics.com\/wp-content\/uploads\/2019\/12\/versand-nach-tschechien-symbolbild-lkw_tablet-418x98.jpg 418w\" sizes=\"(max-width: 600px) 100vw, 600px\" \/>\t\t\t\t\t\t\t\t\t\t\t\t\t\t\t<\/div>\n\t\t\t\t<\/div>\n\t\t\t\t<div class=\"elementor-element elementor-element-798feb3 elementor-hidden-desktop elementor-hidden-tablet elementor-widget elementor-widget-image\" data-id=\"798feb3\" data-element_type=\"widget\" data-e-type=\"widget\" data-widget_type=\"image.default\">\n\t\t\t\t<div class=\"elementor-widget-container\">\n\t\t\t\t\t\t\t\t\t\t\t\t\t\t\t<img decoding=\"async\" width=\"400\" height=\"93\" src=\"https:\/\/pureprogress-logistics.com\/wp-content\/uploads\/2019\/12\/versand-nach-tschechien-symbolbild-lkw_smartphone.jpg\" class=\"attachment-full size-full wp-image-7343\" alt=\"Versand nach Tschechien (Symbolbild)\" srcset=\"https:\/\/pureprogress-logistics.com\/wp-content\/uploads\/2019\/12\/versand-nach-tschechien-symbolbild-lkw_smartphone.jpg 400w, https:\/\/pureprogress-logistics.com\/wp-content\/uploads\/2019\/12\/versand-nach-tschechien-symbolbild-lkw_smartphone-300x70.jpg 300w\" sizes=\"(max-width: 400px) 100vw, 400px\" \/>\t\t\t\t\t\t\t\t\t\t\t\t\t\t\t<\/div>\n\t\t\t\t<\/div>\n\t\t\t\t<div class=\"elementor-element elementor-element-458ba71 elementor-widget elementor-widget-heading\" data-id=\"458ba71\" data-element_type=\"widget\" data-e-type=\"widget\" data-widget_type=\"heading.default\">\n\t\t\t\t<div class=\"elementor-widget-container\">\n\t\t\t\t\t<h1 class=\"elementor-heading-title elementor-size-default\"><strong><font size=\"5\">Wysy\u0142ka do Czech \/ Paczka do Czech<\/font><\/strong><\/h1>\t\t\t\t<\/div>\n\t\t\t\t<\/div>\n\t\t\t\t\t<\/div>\n\t\t<\/div>\n\t\t\t\t\t<\/div>\n\t\t<\/section>\n\t\t\t\t<section class=\"elementor-section elementor-top-section elementor-element elementor-element-240f918a elementor-section-boxed elementor-section-height-default elementor-section-height-default\" data-id=\"240f918a\" data-element_type=\"section\" data-e-type=\"section\" data-settings=\"{&quot;jet_parallax_layout_list&quot;:[{&quot;jet_parallax_layout_image&quot;:{&quot;url&quot;:&quot;&quot;,&quot;id&quot;:&quot;&quot;,&quot;size&quot;:&quot;&quot;},&quot;_id&quot;:&quot;2e18224&quot;,&quot;jet_parallax_layout_image_tablet&quot;:{&quot;url&quot;:&quot;&quot;,&quot;id&quot;:&quot;&quot;,&quot;size&quot;:&quot;&quot;},&quot;jet_parallax_layout_image_mobile&quot;:{&quot;url&quot;:&quot;&quot;,&quot;id&quot;:&quot;&quot;,&quot;size&quot;:&quot;&quot;},&quot;jet_parallax_layout_speed&quot;:{&quot;unit&quot;:&quot;%&quot;,&quot;size&quot;:50,&quot;sizes&quot;:[]},&quot;jet_parallax_layout_type&quot;:&quot;scroll&quot;,&quot;jet_parallax_layout_direction&quot;:&quot;1&quot;,&quot;jet_parallax_layout_fx_direction&quot;:null,&quot;jet_parallax_layout_z_index&quot;:&quot;&quot;,&quot;jet_parallax_layout_bg_x&quot;:50,&quot;jet_parallax_layout_bg_x_tablet&quot;:&quot;&quot;,&quot;jet_parallax_layout_bg_x_mobile&quot;:&quot;&quot;,&quot;jet_parallax_layout_bg_y&quot;:50,&quot;jet_parallax_layout_bg_y_tablet&quot;:&quot;&quot;,&quot;jet_parallax_layout_bg_y_mobile&quot;:&quot;&quot;,&quot;jet_parallax_layout_bg_size&quot;:&quot;auto&quot;,&quot;jet_parallax_layout_bg_size_tablet&quot;:&quot;&quot;,&quot;jet_parallax_layout_bg_size_mobile&quot;:&quot;&quot;,&quot;jet_parallax_layout_animation_prop&quot;:&quot;transform&quot;,&quot;jet_parallax_layout_on&quot;:[&quot;desktop&quot;,&quot;tablet&quot;]}]}\">\n\t\t\t\t\t\t<div class=\"elementor-container elementor-column-gap-default\">\n\t\t\t\t\t<div class=\"elementor-column elementor-col-100 elementor-top-column elementor-element elementor-element-71214c1d\" data-id=\"71214c1d\" data-element_type=\"column\" data-e-type=\"column\">\n\t\t\t<div class=\"elementor-widget-wrap elementor-element-populated\">\n\t\t\t\t\t\t<div class=\"elementor-element elementor-element-6135f847 elementor-widget elementor-widget-text-editor\" data-id=\"6135f847\" data-element_type=\"widget\" data-e-type=\"widget\" data-widget_type=\"text-editor.default\">\n\t\t\t\t<div class=\"elementor-widget-container\">\n\t\t\t\t\t\t\t\t\t<p><\/p>\n<p><\/p>\n<p>Potrzebujesz zorganizowa\u0107 transport do <a href=\"https:\/\/de.wikipedia.org\/wiki\/Tschechien\">Czech <\/a>?<br>Pomo\u017cemy Ci w tym i obliczymy koszty transportu dla  <br>wysy\u0142ka do Czech ca\u0142kowicie za darmo.  <br>Mo\u017cemy Ci w tym pom\u00f3c, je\u015bli masz kilka lub nawet  <br>chc\u0119 wys\u0142a\u0107 tylko jedn\u0105 paczk\u0119 do Czech. Popularny  <br>Punkty odbioru przesy\u0142ek do Czech znajduj\u0105 si\u0119 w stolicy kraju  <br>Praga lub do przemys\u0142owo wi\u0119kszych miast Brno (Br\u00fcnn) i  <br>Pilzno (Pilsen). Pozw\u00f3l nam zaplanowa\u0107 Tw\u00f3j transport i  <br>Zapewnimy wsparcie w postaci indywidualnej obs\u0142ugi klienta i<br>nasze kr\u00f3tkie warunki, aby przekona\u0107 Ci\u0119 do naszych us\u0142ug.<br>Planujesz specjalny transport do Czech? R\u00f3wnie\u017c<br>Mo\u017cemy Ci\u0119 w tym wesprze\u0107 i wsp\u00f3lnie pracowa\u0107 nad<br>Om\u00f3wienie projektu. Zadzwo\u0144 do specjalisty ds. transportu<br>z naszego zespo\u0142u lub napisz do nas za pomoc\u0105 <a href=\"http:\/\/ausfuhrbegleitdokument.com\/kontakt\/\">formularza kontaktowego<\/a>.<\/p>\n<p><\/p>\n<p><\/p>\n<h2>Transport do Czech z ubezpieczeniem transportowym<\/h2>\n<p><\/p>\n<p><\/p>\n<p>Warto\u015b\u0107 przesy\u0142ki do Republiki Czeskiej przekracza kwot\u0119<br>maksymalna ubezpieczalna warto\u015b\u0107 paczki zwyk\u0142ej<br>dostawca? \u017baden problem! Nasze specjalne ubezpieczenia<br>umo\u017cliwiaj\u0105 wysy\u0142anie drogich towar\u00f3w ubezpieczonych do<br>Czechy. Nale\u017c\u0105 do nich na przyk\u0142ad  <br>Papierosy i cygara, produkty farmaceutyczne itp.<\/p>\n<p><\/p>\n<p><\/p>\n<h2>Wysy\u0142ka przez spedytora &#8211; Republika Czeska<\/h2>\n<p><\/p>\n<p><\/p>\n<p>Transport towar\u00f3w z Niemiec do Czech jest<br>nasza specjalno\u015b\u0107. Aby zaoferowa\u0107 najlepsz\u0105 cen\u0119<br>Aby m\u00f3c to zrobi\u0107, potrzebujemy pewnych informacji o u\u017cytkowniku<br>Wy\u015blij z g\u00f3ry od siebie. Prosimy o przygotowanie nast\u0119puj\u0105cych danych<br>i informacje:<\/p>\n<p><\/p>\n<p><\/p>\n<ul>\n<li>Waga brutto i netto przesy\u0142ki<\/li>\n<li>Liczba i rodzaj pakiet\u00f3w<\/li>\n<li>Wymiary opakowa\u0144<\/li>\n<li>Rodzaj i warto\u015b\u0107 towar\u00f3w<\/li>\n<li>Adres odbioru i adres dostawy<\/li>\n<li>Mo\u017cliwe specjalne daty lub godziny dostawy<\/li>\n<li>Niezb\u0119dne dodatki, takie jak winda za\u0142adowcza, roz\u0142adunek d\u017awigiem itp.<\/li>\n<\/ul>\n<p><\/p>\n<p><\/p>\n<p>Skontaktuj si\u0119 z nami przez <a href=\"mailto:info@ausfuhrbegleitdokument.com\">e-mail<\/a>, a my skontaktujemy si\u0119 z Tob\u0105 w sprawie<br>oferta bez zobowi\u0105za\u0144 z naszego stosunku ceny do wydajno\u015bci<br>jest przekonuj\u0105cy.<\/p>\n<p><\/p>\t\t\t\t\t\t\t\t<\/div>\n\t\t\t\t<\/div>\n\t\t\t\t\t<\/div>\n\t\t<\/div>\n\t\t\t\t\t<\/div>\n\t\t<\/section>\n\t\t\t\t<section class=\"elementor-section elementor-top-section elementor-element elementor-element-240f479 elementor-section-boxed elementor-section-height-default elementor-section-height-default\" data-id=\"240f479\" data-element_type=\"section\" data-e-type=\"section\" data-settings=\"{&quot;jet_parallax_layout_list&quot;:[{&quot;jet_parallax_layout_image&quot;:{&quot;url&quot;:&quot;&quot;,&quot;id&quot;:&quot;&quot;,&quot;size&quot;:&quot;&quot;},&quot;_id&quot;:&quot;8784675&quot;,&quot;jet_parallax_layout_image_tablet&quot;:{&quot;url&quot;:&quot;&quot;,&quot;id&quot;:&quot;&quot;,&quot;size&quot;:&quot;&quot;},&quot;jet_parallax_layout_image_mobile&quot;:{&quot;url&quot;:&quot;&quot;,&quot;id&quot;:&quot;&quot;,&quot;size&quot;:&quot;&quot;},&quot;jet_parallax_layout_speed&quot;:{&quot;unit&quot;:&quot;%&quot;,&quot;size&quot;:50,&quot;sizes&quot;:[]},&quot;jet_parallax_layout_type&quot;:&quot;scroll&quot;,&quot;jet_parallax_layout_direction&quot;:&quot;1&quot;,&quot;jet_parallax_layout_fx_direction&quot;:null,&quot;jet_parallax_layout_z_index&quot;:&quot;&quot;,&quot;jet_parallax_layout_bg_x&quot;:50,&quot;jet_parallax_layout_bg_x_tablet&quot;:&quot;&quot;,&quot;jet_parallax_layout_bg_x_mobile&quot;:&quot;&quot;,&quot;jet_parallax_layout_bg_y&quot;:50,&quot;jet_parallax_layout_bg_y_tablet&quot;:&quot;&quot;,&quot;jet_parallax_layout_bg_y_mobile&quot;:&quot;&quot;,&quot;jet_parallax_layout_bg_size&quot;:&quot;auto&quot;,&quot;jet_parallax_layout_bg_size_tablet&quot;:&quot;&quot;,&quot;jet_parallax_layout_bg_size_mobile&quot;:&quot;&quot;,&quot;jet_parallax_layout_animation_prop&quot;:&quot;transform&quot;,&quot;jet_parallax_layout_on&quot;:[&quot;desktop&quot;,&quot;tablet&quot;]}]}\">\n\t\t\t\t\t\t<div class=\"elementor-container elementor-column-gap-default\">\n\t\t\t\t\t<div class=\"elementor-column elementor-col-100 elementor-top-column elementor-element elementor-element-9140ebb\" data-id=\"9140ebb\" data-element_type=\"column\" data-e-type=\"column\">\n\t\t\t<div class=\"elementor-widget-wrap elementor-element-populated\">\n\t\t\t\t\t\t<div class=\"elementor-element elementor-element-2a80623 elementor-widget elementor-widget-text-editor\" data-id=\"2a80623\" data-element_type=\"widget\" data-e-type=\"widget\" data-widget_type=\"text-editor.default\">\n\t\t\t\t<div class=\"elementor-widget-container\">\n\t\t\t\t\t\t\t\t\t<p><iframe src=\"https:\/\/www.google.com\/maps\/embed?pb=!1m18!1m12!1m3!1d2638039.171827422!2d13.231968386037545!3d49.782113269742126!2m3!1f0!2f0!3f0!3m2!1i1024!2i768!4f13.1!3m3!1m2!1s0x470b948fd7dd8243%3A0xf8661c75d3db586f!2sTschechien!5e0!3m2!1sde!2sid!4v1576952567481!5m2!1sde!2sid\" width=\"600\" height=\"350\" frameborder=\"0\" style=\"border:0;\" allowfullscreen=\"\"><\/iframe><\/p>\n\t\t\t\t\t\t\t\t<\/div>\n\t\t\t\t<\/div>\n\t\t\t\t\t<\/div>\n\t\t<\/div>\n\t\t\t\t\t<\/div>\n\t\t<\/section>\n\t\t\t\t<\/div>\n\t\t","protected":false},"excerpt":{"rendered":"<p>Wysy\u0142ka do Czech \/ Paczka do Czech Potrzebujesz zorganizowa\u0107 transport do Czech ?Pomo\u017cemy Ci w tym i obliczymy koszty transportu dla wysy\u0142ka do Czech ca\u0142kowicie za darmo. Mo\u017cemy Ci w tym pom\u00f3c, je\u015bli masz kilka lub nawet chc\u0119 wys\u0142a\u0107 tylko jedn\u0105 paczk\u0119 do Czech. Popularny Punkty odbioru przesy\u0142ek do Czech znajduj\u0105 si\u0119 w stolicy kraju [&hellip;]<\/p>\n","protected":false},"author":1,"featured_media":0,"parent":0,"menu_order":0,"comment_status":"closed","ping_status":"closed","template":"","meta":{"_monsterinsights_skip_tracking":false,"_monsterinsights_sitenote_active":false,"_monsterinsights_sitenote_note":"","_monsterinsights_sitenote_category":0,"footnotes":""},"class_list":["post-28693","page","type-page","status-publish","hentry"],"yoast_head":"<!-- This site is optimized with the Yoast SEO plugin v27.2 - https:\/\/yoast.com\/product\/yoast-seo-wordpress\/ -->\n<title>Wysy\u0142ka do Czech \/ Paczka do Czech<\/title>\n<meta name=\"description\" content=\"Wy\u015blij paczk\u0119 do Czech - kr\u00f3tkie informacje o kraju i danych wymaganych do wysy\u0142ki do Czech.\" \/>\n<meta name=\"robots\" content=\"index, follow, max-snippet:-1, max-image-preview:large, max-video-preview:-1\" \/>\n<link rel=\"canonical\" href=\"https:\/\/pureprogress-logistics.com\/pl\/wysylka-do-czech-paczka-do-czech\/\" \/>\n<meta property=\"og:locale\" content=\"pl_PL\" \/>\n<meta property=\"og:type\" content=\"article\" \/>\n<meta property=\"og:title\" content=\"Wysy\u0142ka do Czech \/ Paczka do Czech\" \/>\n<meta property=\"og:description\" content=\"Wy\u015blij paczk\u0119 do Czech - kr\u00f3tkie informacje o kraju i danych wymaganych do wysy\u0142ki do Czech.\" \/>\n<meta property=\"og:url\" content=\"https:\/\/pureprogress-logistics.com\/pl\/wysylka-do-czech-paczka-do-czech\/\" \/>\n<meta property=\"og:site_name\" content=\"Agencja spedycyjna i celna | PUREPROGRESS\" \/>\n<meta property=\"article:modified_time\" content=\"2024-03-06T18:14:45+00:00\" \/>\n<meta property=\"og:image\" content=\"https:\/\/pureprogress-logistics.com\/wp-content\/uploads\/2019\/12\/versand-nach-tschechien-symbolbild-lkw.jpg\" \/>\n<meta name=\"twitter:card\" content=\"summary_large_image\" \/>\n<meta name=\"twitter:label1\" content=\"Szacowany czas czytania\" \/>\n\t<meta name=\"twitter:data1\" content=\"2 minuty\" \/>\n<script type=\"application\/ld+json\" class=\"yoast-schema-graph\">{\"@context\":\"https:\/\/schema.org\",\"@graph\":[{\"@type\":\"WebPage\",\"@id\":\"https:\/\/pureprogress-logistics.com\/pl\/wysylka-do-czech-paczka-do-czech\/\",\"url\":\"https:\/\/pureprogress-logistics.com\/pl\/wysylka-do-czech-paczka-do-czech\/\",\"name\":\"Wysy\u0142ka do Czech \/ Paczka do Czech\",\"isPartOf\":{\"@id\":\"https:\/\/pureprogress-logistics.com\/#website\"},\"primaryImageOfPage\":{\"@id\":\"https:\/\/pureprogress-logistics.com\/pl\/wysylka-do-czech-paczka-do-czech\/#primaryimage\"},\"image\":{\"@id\":\"https:\/\/pureprogress-logistics.com\/pl\/wysylka-do-czech-paczka-do-czech\/#primaryimage\"},\"thumbnailUrl\":\"https:\/\/pureprogress-logistics.com\/wp-content\/uploads\/2019\/12\/versand-nach-tschechien-symbolbild-lkw.jpg\",\"datePublished\":\"2019-12-18T19:56:00+00:00\",\"dateModified\":\"2024-03-06T18:14:45+00:00\",\"description\":\"Wy\u015blij paczk\u0119 do Czech - kr\u00f3tkie informacje o kraju i danych wymaganych do wysy\u0142ki do Czech.\",\"breadcrumb\":{\"@id\":\"https:\/\/pureprogress-logistics.com\/pl\/wysylka-do-czech-paczka-do-czech\/#breadcrumb\"},\"inLanguage\":\"pl-PL\",\"potentialAction\":[{\"@type\":\"ReadAction\",\"target\":[\"https:\/\/pureprogress-logistics.com\/pl\/wysylka-do-czech-paczka-do-czech\/\"]}]},{\"@type\":\"ImageObject\",\"inLanguage\":\"pl-PL\",\"@id\":\"https:\/\/pureprogress-logistics.com\/pl\/wysylka-do-czech-paczka-do-czech\/#primaryimage\",\"url\":\"https:\/\/pureprogress-logistics.com\/wp-content\/uploads\/2019\/12\/versand-nach-tschechien-symbolbild-lkw.jpg\",\"contentUrl\":\"https:\/\/pureprogress-logistics.com\/wp-content\/uploads\/2019\/12\/versand-nach-tschechien-symbolbild-lkw.jpg\"},{\"@type\":\"BreadcrumbList\",\"@id\":\"https:\/\/pureprogress-logistics.com\/pl\/wysylka-do-czech-paczka-do-czech\/#breadcrumb\",\"itemListElement\":[{\"@type\":\"ListItem\",\"position\":1,\"name\":\"Startseite\",\"item\":\"https:\/\/pureprogress-logistics.com\/\"},{\"@type\":\"ListItem\",\"position\":2,\"name\":\"Wysy\u0142ka do Czech \/ Paczka do Czech\"}]},{\"@type\":\"WebSite\",\"@id\":\"https:\/\/pureprogress-logistics.com\/#website\",\"url\":\"https:\/\/pureprogress-logistics.com\/\",\"name\":\"Ausfuhrbegleitdokument.com - MRN \/ ABD Erstellung\",\"description\":\"\",\"publisher\":{\"@id\":\"https:\/\/pureprogress-logistics.com\/#organization\"},\"potentialAction\":[{\"@type\":\"SearchAction\",\"target\":{\"@type\":\"EntryPoint\",\"urlTemplate\":\"https:\/\/pureprogress-logistics.com\/?s={search_term_string}\"},\"query-input\":{\"@type\":\"PropertyValueSpecification\",\"valueRequired\":true,\"valueName\":\"search_term_string\"}}],\"inLanguage\":\"pl-PL\"},{\"@type\":\"Organization\",\"@id\":\"https:\/\/pureprogress-logistics.com\/#organization\",\"name\":\"PUREPROGRESS GmbH\",\"url\":\"https:\/\/pureprogress-logistics.com\/\",\"logo\":{\"@type\":\"ImageObject\",\"inLanguage\":\"pl-PL\",\"@id\":\"https:\/\/pureprogress-logistics.com\/#\/schema\/logo\/image\/\",\"url\":\"https:\/\/ausfuhrbegleitdokument.com\/wp-content\/uploads\/2019\/10\/preloader-image.png\",\"contentUrl\":\"https:\/\/ausfuhrbegleitdokument.com\/wp-content\/uploads\/2019\/10\/preloader-image.png\",\"width\":224,\"height\":31,\"caption\":\"PUREPROGRESS GmbH\"},\"image\":{\"@id\":\"https:\/\/pureprogress-logistics.com\/#\/schema\/logo\/image\/\"}}]}<\/script>\n<!-- \/ Yoast SEO plugin. -->","yoast_head_json":{"title":"Wysy\u0142ka do Czech \/ Paczka do Czech","description":"Wy\u015blij paczk\u0119 do Czech - kr\u00f3tkie informacje o kraju i danych wymaganych do wysy\u0142ki do Czech.","robots":{"index":"index","follow":"follow","max-snippet":"max-snippet:-1","max-image-preview":"max-image-preview:large","max-video-preview":"max-video-preview:-1"},"canonical":"https:\/\/pureprogress-logistics.com\/pl\/wysylka-do-czech-paczka-do-czech\/","og_locale":"pl_PL","og_type":"article","og_title":"Wysy\u0142ka do Czech \/ Paczka do Czech","og_description":"Wy\u015blij paczk\u0119 do Czech - kr\u00f3tkie informacje o kraju i danych wymaganych do wysy\u0142ki do Czech.","og_url":"https:\/\/pureprogress-logistics.com\/pl\/wysylka-do-czech-paczka-do-czech\/","og_site_name":"Agencja spedycyjna i celna | PUREPROGRESS","article_modified_time":"2024-03-06T18:14:45+00:00","og_image":[{"url":"https:\/\/pureprogress-logistics.com\/wp-content\/uploads\/2019\/12\/versand-nach-tschechien-symbolbild-lkw.jpg","type":"","width":"","height":""}],"twitter_card":"summary_large_image","twitter_misc":{"Szacowany czas czytania":"2 minuty"},"schema":{"@context":"https:\/\/schema.org","@graph":[{"@type":"WebPage","@id":"https:\/\/pureprogress-logistics.com\/pl\/wysylka-do-czech-paczka-do-czech\/","url":"https:\/\/pureprogress-logistics.com\/pl\/wysylka-do-czech-paczka-do-czech\/","name":"Wysy\u0142ka do Czech \/ Paczka do Czech","isPartOf":{"@id":"https:\/\/pureprogress-logistics.com\/#website"},"primaryImageOfPage":{"@id":"https:\/\/pureprogress-logistics.com\/pl\/wysylka-do-czech-paczka-do-czech\/#primaryimage"},"image":{"@id":"https:\/\/pureprogress-logistics.com\/pl\/wysylka-do-czech-paczka-do-czech\/#primaryimage"},"thumbnailUrl":"https:\/\/pureprogress-logistics.com\/wp-content\/uploads\/2019\/12\/versand-nach-tschechien-symbolbild-lkw.jpg","datePublished":"2019-12-18T19:56:00+00:00","dateModified":"2024-03-06T18:14:45+00:00","description":"Wy\u015blij paczk\u0119 do Czech - kr\u00f3tkie informacje o kraju i danych wymaganych do wysy\u0142ki do Czech.","breadcrumb":{"@id":"https:\/\/pureprogress-logistics.com\/pl\/wysylka-do-czech-paczka-do-czech\/#breadcrumb"},"inLanguage":"pl-PL","potentialAction":[{"@type":"ReadAction","target":["https:\/\/pureprogress-logistics.com\/pl\/wysylka-do-czech-paczka-do-czech\/"]}]},{"@type":"ImageObject","inLanguage":"pl-PL","@id":"https:\/\/pureprogress-logistics.com\/pl\/wysylka-do-czech-paczka-do-czech\/#primaryimage","url":"https:\/\/pureprogress-logistics.com\/wp-content\/uploads\/2019\/12\/versand-nach-tschechien-symbolbild-lkw.jpg","contentUrl":"https:\/\/pureprogress-logistics.com\/wp-content\/uploads\/2019\/12\/versand-nach-tschechien-symbolbild-lkw.jpg"},{"@type":"BreadcrumbList","@id":"https:\/\/pureprogress-logistics.com\/pl\/wysylka-do-czech-paczka-do-czech\/#breadcrumb","itemListElement":[{"@type":"ListItem","position":1,"name":"Startseite","item":"https:\/\/pureprogress-logistics.com\/"},{"@type":"ListItem","position":2,"name":"Wysy\u0142ka do Czech \/ Paczka do Czech"}]},{"@type":"WebSite","@id":"https:\/\/pureprogress-logistics.com\/#website","url":"https:\/\/pureprogress-logistics.com\/","name":"Ausfuhrbegleitdokument.com - MRN \/ ABD Erstellung","description":"","publisher":{"@id":"https:\/\/pureprogress-logistics.com\/#organization"},"potentialAction":[{"@type":"SearchAction","target":{"@type":"EntryPoint","urlTemplate":"https:\/\/pureprogress-logistics.com\/?s={search_term_string}"},"query-input":{"@type":"PropertyValueSpecification","valueRequired":true,"valueName":"search_term_string"}}],"inLanguage":"pl-PL"},{"@type":"Organization","@id":"https:\/\/pureprogress-logistics.com\/#organization","name":"PUREPROGRESS GmbH","url":"https:\/\/pureprogress-logistics.com\/","logo":{"@type":"ImageObject","inLanguage":"pl-PL","@id":"https:\/\/pureprogress-logistics.com\/#\/schema\/logo\/image\/","url":"https:\/\/ausfuhrbegleitdokument.com\/wp-content\/uploads\/2019\/10\/preloader-image.png","contentUrl":"https:\/\/ausfuhrbegleitdokument.com\/wp-content\/uploads\/2019\/10\/preloader-image.png","width":224,"height":31,"caption":"PUREPROGRESS GmbH"},"image":{"@id":"https:\/\/pureprogress-logistics.com\/#\/schema\/logo\/image\/"}}]}},"_links":{"self":[{"href":"https:\/\/pureprogress-logistics.com\/pl\/wp-json\/wp\/v2\/pages\/28693","targetHints":{"allow":["GET"]}}],"collection":[{"href":"https:\/\/pureprogress-logistics.com\/pl\/wp-json\/wp\/v2\/pages"}],"about":[{"href":"https:\/\/pureprogress-logistics.com\/pl\/wp-json\/wp\/v2\/types\/page"}],"author":[{"embeddable":true,"href":"https:\/\/pureprogress-logistics.com\/pl\/wp-json\/wp\/v2\/users\/1"}],"replies":[{"embeddable":true,"href":"https:\/\/pureprogress-logistics.com\/pl\/wp-json\/wp\/v2\/comments?post=28693"}],"version-history":[{"count":0,"href":"https:\/\/pureprogress-logistics.com\/pl\/wp-json\/wp\/v2\/pages\/28693\/revisions"}],"wp:attachment":[{"href":"https:\/\/pureprogress-logistics.com\/pl\/wp-json\/wp\/v2\/media?parent=28693"}],"curies":[{"name":"wp","href":"https:\/\/api.w.org\/{rel}","templated":true}]}}