{"id":28669,"date":"2019-12-18T20:30:49","date_gmt":"2019-12-18T20:30:49","guid":{"rendered":"https:\/\/pureprogress-logistics.com\/wysylka-do-holandii-paczka-do-holandii\/"},"modified":"2024-03-06T18:14:40","modified_gmt":"2024-03-06T18:14:40","slug":"wysylka-do-holandii-paczka-do-holandii","status":"publish","type":"page","link":"https:\/\/pureprogress-logistics.com\/pl\/wysylka-do-holandii-paczka-do-holandii\/","title":{"rendered":"Wysy\u0142ka do Holandii \/ Paczka do Holandii"},"content":{"rendered":"\t\t<div data-elementor-type=\"wp-page\" data-elementor-id=\"28669\" class=\"elementor elementor-28669 elementor-7283\" data-elementor-post-type=\"page\">\n\t\t\t\t\t\t<section class=\"elementor-section elementor-top-section elementor-element elementor-element-2bfc510 elementor-section-boxed elementor-section-height-default elementor-section-height-default\" data-id=\"2bfc510\" data-element_type=\"section\" data-e-type=\"section\" data-settings=\"{&quot;jet_parallax_layout_list&quot;:[{&quot;jet_parallax_layout_image&quot;:{&quot;url&quot;:&quot;&quot;,&quot;id&quot;:&quot;&quot;,&quot;size&quot;:&quot;&quot;},&quot;_id&quot;:&quot;0529ea0&quot;,&quot;jet_parallax_layout_image_tablet&quot;:{&quot;url&quot;:&quot;&quot;,&quot;id&quot;:&quot;&quot;,&quot;size&quot;:&quot;&quot;},&quot;jet_parallax_layout_image_mobile&quot;:{&quot;url&quot;:&quot;&quot;,&quot;id&quot;:&quot;&quot;,&quot;size&quot;:&quot;&quot;},&quot;jet_parallax_layout_speed&quot;:{&quot;unit&quot;:&quot;%&quot;,&quot;size&quot;:50,&quot;sizes&quot;:[]},&quot;jet_parallax_layout_type&quot;:&quot;scroll&quot;,&quot;jet_parallax_layout_direction&quot;:&quot;1&quot;,&quot;jet_parallax_layout_fx_direction&quot;:null,&quot;jet_parallax_layout_z_index&quot;:&quot;&quot;,&quot;jet_parallax_layout_bg_x&quot;:50,&quot;jet_parallax_layout_bg_x_tablet&quot;:&quot;&quot;,&quot;jet_parallax_layout_bg_x_mobile&quot;:&quot;&quot;,&quot;jet_parallax_layout_bg_y&quot;:50,&quot;jet_parallax_layout_bg_y_tablet&quot;:&quot;&quot;,&quot;jet_parallax_layout_bg_y_mobile&quot;:&quot;&quot;,&quot;jet_parallax_layout_bg_size&quot;:&quot;auto&quot;,&quot;jet_parallax_layout_bg_size_tablet&quot;:&quot;&quot;,&quot;jet_parallax_layout_bg_size_mobile&quot;:&quot;&quot;,&quot;jet_parallax_layout_animation_prop&quot;:&quot;transform&quot;,&quot;jet_parallax_layout_on&quot;:[&quot;desktop&quot;,&quot;tablet&quot;]}]}\">\n\t\t\t\t\t\t<div class=\"elementor-container elementor-column-gap-default\">\n\t\t\t\t\t<div class=\"elementor-column elementor-col-100 elementor-top-column elementor-element elementor-element-fad9df7\" data-id=\"fad9df7\" data-element_type=\"column\" data-e-type=\"column\">\n\t\t\t<div class=\"elementor-widget-wrap elementor-element-populated\">\n\t\t\t\t\t\t<div class=\"elementor-element elementor-element-4223149 elementor-hidden-tablet elementor-hidden-phone elementor-widget elementor-widget-image\" data-id=\"4223149\" data-element_type=\"widget\" data-e-type=\"widget\" data-widget_type=\"image.default\">\n\t\t\t\t<div class=\"elementor-widget-container\">\n\t\t\t\t\t\t\t\t\t\t\t\t\t\t\t<img fetchpriority=\"high\" decoding=\"async\" width=\"1200\" height=\"279\" src=\"https:\/\/pureprogress-logistics.com\/wp-content\/uploads\/2019\/12\/versand-nach-niederlande-symbolbild-lkw.jpg\" class=\"attachment-full size-full wp-image-7350\" alt=\"Versand nach Niederlande (Symbolbild)\" srcset=\"https:\/\/pureprogress-logistics.com\/wp-content\/uploads\/2019\/12\/versand-nach-niederlande-symbolbild-lkw.jpg 1200w, https:\/\/pureprogress-logistics.com\/wp-content\/uploads\/2019\/12\/versand-nach-niederlande-symbolbild-lkw-300x70.jpg 300w, https:\/\/pureprogress-logistics.com\/wp-content\/uploads\/2019\/12\/versand-nach-niederlande-symbolbild-lkw-1024x238.jpg 1024w, https:\/\/pureprogress-logistics.com\/wp-content\/uploads\/2019\/12\/versand-nach-niederlande-symbolbild-lkw-768x179.jpg 768w, https:\/\/pureprogress-logistics.com\/wp-content\/uploads\/2019\/12\/versand-nach-niederlande-symbolbild-lkw-418x97.jpg 418w\" sizes=\"(max-width: 1200px) 100vw, 1200px\" \/>\t\t\t\t\t\t\t\t\t\t\t\t\t\t\t<\/div>\n\t\t\t\t<\/div>\n\t\t\t\t<div class=\"elementor-element elementor-element-023d5fd elementor-hidden-desktop elementor-hidden-phone elementor-widget elementor-widget-image\" data-id=\"023d5fd\" data-element_type=\"widget\" data-e-type=\"widget\" data-widget_type=\"image.default\">\n\t\t\t\t<div class=\"elementor-widget-container\">\n\t\t\t\t\t\t\t\t\t\t\t\t\t\t\t<img decoding=\"async\" width=\"600\" height=\"140\" src=\"https:\/\/pureprogress-logistics.com\/wp-content\/uploads\/2019\/12\/versand-nach-niederlande-symbolbild-lkw_tablet.jpg\" class=\"attachment-full size-full wp-image-7347\" alt=\"Versand nach Niederlande (Symbolbild)\" srcset=\"https:\/\/pureprogress-logistics.com\/wp-content\/uploads\/2019\/12\/versand-nach-niederlande-symbolbild-lkw_tablet.jpg 600w, https:\/\/pureprogress-logistics.com\/wp-content\/uploads\/2019\/12\/versand-nach-niederlande-symbolbild-lkw_tablet-300x70.jpg 300w, https:\/\/pureprogress-logistics.com\/wp-content\/uploads\/2019\/12\/versand-nach-niederlande-symbolbild-lkw_tablet-418x98.jpg 418w\" sizes=\"(max-width: 600px) 100vw, 600px\" \/>\t\t\t\t\t\t\t\t\t\t\t\t\t\t\t<\/div>\n\t\t\t\t<\/div>\n\t\t\t\t<div class=\"elementor-element elementor-element-6bd3e81 elementor-hidden-desktop elementor-hidden-tablet elementor-widget elementor-widget-image\" data-id=\"6bd3e81\" data-element_type=\"widget\" data-e-type=\"widget\" data-widget_type=\"image.default\">\n\t\t\t\t<div class=\"elementor-widget-container\">\n\t\t\t\t\t\t\t\t\t\t\t\t\t\t\t<img decoding=\"async\" width=\"400\" height=\"93\" src=\"https:\/\/pureprogress-logistics.com\/wp-content\/uploads\/2019\/12\/versand-nach-niederlande-symbolbild-lkw_smartphone.jpg\" class=\"attachment-full size-full wp-image-7344\" alt=\"Versand nach Niederlande (Symbolbild)\" srcset=\"https:\/\/pureprogress-logistics.com\/wp-content\/uploads\/2019\/12\/versand-nach-niederlande-symbolbild-lkw_smartphone.jpg 400w, https:\/\/pureprogress-logistics.com\/wp-content\/uploads\/2019\/12\/versand-nach-niederlande-symbolbild-lkw_smartphone-300x70.jpg 300w\" sizes=\"(max-width: 400px) 100vw, 400px\" \/>\t\t\t\t\t\t\t\t\t\t\t\t\t\t\t<\/div>\n\t\t\t\t<\/div>\n\t\t\t\t\t<\/div>\n\t\t<\/div>\n\t\t\t\t\t<\/div>\n\t\t<\/section>\n\t\t\t\t<section class=\"elementor-section elementor-top-section elementor-element elementor-element-285231ff elementor-section-boxed elementor-section-height-default elementor-section-height-default\" data-id=\"285231ff\" data-element_type=\"section\" data-e-type=\"section\" data-settings=\"{&quot;jet_parallax_layout_list&quot;:[{&quot;jet_parallax_layout_image&quot;:{&quot;url&quot;:&quot;&quot;,&quot;id&quot;:&quot;&quot;,&quot;size&quot;:&quot;&quot;},&quot;_id&quot;:&quot;d480d73&quot;,&quot;jet_parallax_layout_image_tablet&quot;:{&quot;url&quot;:&quot;&quot;,&quot;id&quot;:&quot;&quot;,&quot;size&quot;:&quot;&quot;},&quot;jet_parallax_layout_image_mobile&quot;:{&quot;url&quot;:&quot;&quot;,&quot;id&quot;:&quot;&quot;,&quot;size&quot;:&quot;&quot;},&quot;jet_parallax_layout_speed&quot;:{&quot;unit&quot;:&quot;%&quot;,&quot;size&quot;:50,&quot;sizes&quot;:[]},&quot;jet_parallax_layout_type&quot;:&quot;scroll&quot;,&quot;jet_parallax_layout_direction&quot;:&quot;1&quot;,&quot;jet_parallax_layout_fx_direction&quot;:null,&quot;jet_parallax_layout_z_index&quot;:&quot;&quot;,&quot;jet_parallax_layout_bg_x&quot;:50,&quot;jet_parallax_layout_bg_x_tablet&quot;:&quot;&quot;,&quot;jet_parallax_layout_bg_x_mobile&quot;:&quot;&quot;,&quot;jet_parallax_layout_bg_y&quot;:50,&quot;jet_parallax_layout_bg_y_tablet&quot;:&quot;&quot;,&quot;jet_parallax_layout_bg_y_mobile&quot;:&quot;&quot;,&quot;jet_parallax_layout_bg_size&quot;:&quot;auto&quot;,&quot;jet_parallax_layout_bg_size_tablet&quot;:&quot;&quot;,&quot;jet_parallax_layout_bg_size_mobile&quot;:&quot;&quot;,&quot;jet_parallax_layout_animation_prop&quot;:&quot;transform&quot;,&quot;jet_parallax_layout_on&quot;:[&quot;desktop&quot;,&quot;tablet&quot;]}]}\">\n\t\t\t\t\t\t<div class=\"elementor-container elementor-column-gap-default\">\n\t\t\t\t\t<div class=\"elementor-column elementor-col-100 elementor-top-column elementor-element elementor-element-306e5800\" data-id=\"306e5800\" data-element_type=\"column\" data-e-type=\"column\">\n\t\t\t<div class=\"elementor-widget-wrap elementor-element-populated\">\n\t\t\t\t\t\t<div class=\"elementor-element elementor-element-d97282a elementor-widget elementor-widget-heading\" data-id=\"d97282a\" data-element_type=\"widget\" data-e-type=\"widget\" data-widget_type=\"heading.default\">\n\t\t\t\t<div class=\"elementor-widget-container\">\n\t\t\t\t\t<h1 class=\"elementor-heading-title elementor-size-default\"><strong><font size=\"5\">Wysy\u0142ka do Holandii \/ Paczka do Holandii<\/font><\/strong><\/h1>\t\t\t\t<\/div>\n\t\t\t\t<\/div>\n\t\t\t\t<div class=\"elementor-element elementor-element-12b96f54 elementor-widget elementor-widget-text-editor\" data-id=\"12b96f54\" data-element_type=\"widget\" data-e-type=\"widget\" data-widget_type=\"text-editor.default\">\n\t\t\t\t<div class=\"elementor-widget-container\">\n\t\t\t\t\t\t\t\t\t<p>Zostaniesz przetransportowany do <a href=\"https:\/\/de.wikipedia.org\/wiki\/Niederlande\">Holandii<\/a>?<br \/>Przedstawimy Ci niewi\u0105\u017c\u0105c\u0105 ofert\u0119 na<br \/>Wysy\u0142ka do Holandii i wszystkie powi\u0105zane<br \/>proces logistyczny. Je\u015bli chcesz wys\u0142a\u0107 tylko jedn\u0105 paczk\u0119 do Holandii  <br \/>czy ca\u0142\u0105 palet\u0119 na raz? Wiele dostaw<br \/>naszych klient\u00f3w udaje si\u0119 do Amsterdamu, stolicy<br \/>Holandia. Jednak w niekt\u00f3rych przypadkach cz\u0119\u015bciowe partie r\u00f3wnie\u017c trafiaj\u0105 do<br \/>wi\u0119ksze porty, takie jak Rotterdam, a nast\u0119pnie transportowane kontenerami do<br \/>do transportu za granic\u0119. Znamy formalno\u015bci<br \/>w holenderskich portach towarowych i ch\u0119tnie udziel\u0105 wsparcia.<br \/>Nasz zesp\u00f3\u0142 obs\u0142ugi klienta doradzi Ci osobi\u015bcie telefonicznie lub przez<br \/>e-mail. Dzi\u0119ki temu mo\u017cemy reagowa\u0107 konkretnie na Twoje potrzeby<br \/>a tak\u017ce wsp\u00f3lnie opanowa\u0107 specjalne transporty.<br \/>Czy mo\u017cemy do Ciebie oddzwoni\u0107 i om\u00f3wi\u0107 Tw\u00f3j indywidualny przypadek?<br \/>m\u00f3wi\u0107? Po prostu napisz do nas kr\u00f3tko o tym, czego potrzebujesz, a my<br \/>natychmiast si\u0119 z nami skontaktuje. Prosimy o przes\u0142anie danych kontaktowych  <br \/>poczt\u0105 elektroniczn\u0105 na adres: <a href=\"mailto:anfrage@pureprogress.ch\">anfrage@pureprogress.ch<\/a><\/p>\n<h2>Transport do Holandii z ubezpieczeniem<\/h2>\n<p>Wszystkie nasze przesy\u0142ki mog\u0105 by\u0107 opatrzone odpowiedni\u0105 etykiet\u0105  <br \/>ubezpieczenie. Mo\u017cemy r\u00f3wnie\u017c osi\u0105gn\u0105\u0107 wy\u017csze warto\u015bci<br \/>do 900 000 EUR lub 1 000 000 CHF. Czy to<br \/>specjalne towary przemys\u0142owe lub szczeg\u00f3lnie cenne<br \/>Towary? Daj nam zna\u0107, a my zajmiemy si\u0119 reszt\u0105.<\/p>\n<h2>Wysy\u0142ka przez spedytora &#8211; Holandia<\/h2>\n<p>Pe\u0142na obs\u0142uga logistyczna, w tym transport z<br \/>Niemcy do Holandii to jedno z naszych zada\u0144.<br \/>Potrzebujemy nast\u0119puj\u0105cych informacji i danych z wyprzedzeniem, aby wys\u0142a\u0107 ci<br \/>w celu przygotowania niewi\u0105\u017c\u0105cej oferty:<\/p>\n<ul>\n<li>Waga przesy\u0142ki (brutto + netto)<\/li>\n<li>Liczba i rodzaj pakiet\u00f3w<\/li>\n<li>Wymiary opakowania<\/li>\n<li>Rodzaj i warto\u015b\u0107 towar\u00f3w<\/li>\n<li>Nadawca i odbiorca<\/li>\n<li>Dane kontaktowe odbiorcy i nadawcy<\/li>\n<li>Godziny otwarcia w punkcie za\u0142adunku i roz\u0142adunku<\/li>\n<li>Wszelkie dodatki, kt\u00f3re nale\u017cy wzi\u0105\u0107 pod uwag\u0119 \/ specjalne \u017cyczenia<\/li>\n<\/ul>\n<p>Z przyjemno\u015bci\u0105 przekonamy Ci\u0119 o naszym doskona\u0142ym stosunku ceny do wydajno\u015bci.<br \/>wsp\u00f3\u0142czynnik wydajno\u015bci. Najlepszy spos\u00f3b na skontaktowanie si\u0119 z nami<br \/>poczt\u0105 <a href=\"mailto:anfrage@pureprogress.ch\">elektroniczn\u0105 <\/a>lub za po\u015brednictwem <a href=\"http:\/\/pureprogress-logistics.com\/kontakt\/\">formularza kontaktowego<\/a>.<\/p>\n\t\t\t\t\t\t\t\t<\/div>\n\t\t\t\t<\/div>\n\t\t\t\t\t<\/div>\n\t\t<\/div>\n\t\t\t\t\t<\/div>\n\t\t<\/section>\n\t\t\t\t<section class=\"elementor-section elementor-top-section elementor-element elementor-element-d7f82fb elementor-section-boxed elementor-section-height-default elementor-section-height-default\" data-id=\"d7f82fb\" data-element_type=\"section\" data-e-type=\"section\" data-settings=\"{&quot;jet_parallax_layout_list&quot;:[{&quot;jet_parallax_layout_image&quot;:{&quot;url&quot;:&quot;&quot;,&quot;id&quot;:&quot;&quot;,&quot;size&quot;:&quot;&quot;},&quot;_id&quot;:&quot;95b2f40&quot;,&quot;jet_parallax_layout_image_tablet&quot;:{&quot;url&quot;:&quot;&quot;,&quot;id&quot;:&quot;&quot;,&quot;size&quot;:&quot;&quot;},&quot;jet_parallax_layout_image_mobile&quot;:{&quot;url&quot;:&quot;&quot;,&quot;id&quot;:&quot;&quot;,&quot;size&quot;:&quot;&quot;},&quot;jet_parallax_layout_speed&quot;:{&quot;unit&quot;:&quot;%&quot;,&quot;size&quot;:50,&quot;sizes&quot;:[]},&quot;jet_parallax_layout_type&quot;:&quot;scroll&quot;,&quot;jet_parallax_layout_direction&quot;:&quot;1&quot;,&quot;jet_parallax_layout_fx_direction&quot;:null,&quot;jet_parallax_layout_z_index&quot;:&quot;&quot;,&quot;jet_parallax_layout_bg_x&quot;:50,&quot;jet_parallax_layout_bg_x_tablet&quot;:&quot;&quot;,&quot;jet_parallax_layout_bg_x_mobile&quot;:&quot;&quot;,&quot;jet_parallax_layout_bg_y&quot;:50,&quot;jet_parallax_layout_bg_y_tablet&quot;:&quot;&quot;,&quot;jet_parallax_layout_bg_y_mobile&quot;:&quot;&quot;,&quot;jet_parallax_layout_bg_size&quot;:&quot;auto&quot;,&quot;jet_parallax_layout_bg_size_tablet&quot;:&quot;&quot;,&quot;jet_parallax_layout_bg_size_mobile&quot;:&quot;&quot;,&quot;jet_parallax_layout_animation_prop&quot;:&quot;transform&quot;,&quot;jet_parallax_layout_on&quot;:[&quot;desktop&quot;,&quot;tablet&quot;]}]}\">\n\t\t\t\t\t\t<div class=\"elementor-container elementor-column-gap-default\">\n\t\t\t\t\t<div class=\"elementor-column elementor-col-100 elementor-top-column elementor-element elementor-element-26204a5\" data-id=\"26204a5\" data-element_type=\"column\" data-e-type=\"column\">\n\t\t\t<div class=\"elementor-widget-wrap elementor-element-populated\">\n\t\t\t\t\t\t<div class=\"elementor-element elementor-element-96a3797 elementor-widget elementor-widget-text-editor\" data-id=\"96a3797\" data-element_type=\"widget\" data-e-type=\"widget\" data-widget_type=\"text-editor.default\">\n\t\t\t\t<div class=\"elementor-widget-container\">\n\t\t\t\t\t\t\t\t\t<p><iframe src=\"https:\/\/www.google.com\/maps\/embed?pb=!1m18!1m12!1m3!1d2504543.0926766787!2d3.036606427526958!3d52.191728919896335!2m3!1f0!2f0!3f0!3m2!1i1024!2i768!4f13.1!3m3!1m2!1s0x47c609c3db87e4bb%3A0xb3a175ceffbd0a9f!2sNiederlande!5e0!3m2!1sde!2sid!4v1576952853047!5m2!1sde!2sid\" width=\"600\" height=\"350\" frameborder=\"0\" style=\"border:0;\" allowfullscreen=\"\"><\/iframe><\/p>\n\t\t\t\t\t\t\t\t<\/div>\n\t\t\t\t<\/div>\n\t\t\t\t\t<\/div>\n\t\t<\/div>\n\t\t\t\t\t<\/div>\n\t\t<\/section>\n\t\t\t\t<\/div>\n\t\t","protected":false},"excerpt":{"rendered":"<p>Wysy\u0142ka do Holandii \/ Paczka do Holandii Zostaniesz przetransportowany do Holandii?Przedstawimy Ci niewi\u0105\u017c\u0105c\u0105 ofert\u0119 naWysy\u0142ka do Holandii i wszystkie powi\u0105zaneproces logistyczny. Je\u015bli chcesz wys\u0142a\u0107 tylko jedn\u0105 paczk\u0119 do Holandii czy ca\u0142\u0105 palet\u0119 na raz? Wiele dostawnaszych klient\u00f3w udaje si\u0119 do Amsterdamu, stolicyHolandia. Jednak w niekt\u00f3rych przypadkach cz\u0119\u015bciowe partie r\u00f3wnie\u017c trafiaj\u0105 dowi\u0119ksze porty, takie jak Rotterdam, [&hellip;]<\/p>\n","protected":false},"author":1,"featured_media":0,"parent":0,"menu_order":0,"comment_status":"closed","ping_status":"closed","template":"","meta":{"_monsterinsights_skip_tracking":false,"_monsterinsights_sitenote_active":false,"_monsterinsights_sitenote_note":"","_monsterinsights_sitenote_category":0,"footnotes":""},"class_list":["post-28669","page","type-page","status-publish","hentry"],"yoast_head":"<!-- This site is optimized with the Yoast SEO plugin v27.2 - https:\/\/yoast.com\/product\/yoast-seo-wordpress\/ -->\n<title>Wysy\u0142ka do Holandii \/ Wy\u015blij paczk\u0119 do Holandii<\/title>\n<meta name=\"description\" content=\"Transport zam\u00f3wie\u0144 do Holandii - Zajmujemy si\u0119 wysy\u0142k\u0105 z Niemiec do Holandii, zar\u00f3wno paczek, jak i palet. Wi\u0119cej informacji mo\u017cna znale\u017a\u0107 tutaj.\" \/>\n<meta name=\"robots\" content=\"index, follow, max-snippet:-1, max-image-preview:large, max-video-preview:-1\" \/>\n<link rel=\"canonical\" href=\"https:\/\/pureprogress-logistics.com\/pl\/wysylka-do-holandii-paczka-do-holandii\/\" \/>\n<meta property=\"og:locale\" content=\"pl_PL\" \/>\n<meta property=\"og:type\" content=\"article\" \/>\n<meta property=\"og:title\" content=\"Wysy\u0142ka do Holandii \/ Wy\u015blij paczk\u0119 do Holandii\" \/>\n<meta property=\"og:description\" content=\"Transport zam\u00f3wie\u0144 do Holandii - Zajmujemy si\u0119 wysy\u0142k\u0105 z Niemiec do Holandii, zar\u00f3wno paczek, jak i palet. Wi\u0119cej informacji mo\u017cna znale\u017a\u0107 tutaj.\" \/>\n<meta property=\"og:url\" content=\"https:\/\/pureprogress-logistics.com\/pl\/wysylka-do-holandii-paczka-do-holandii\/\" \/>\n<meta property=\"og:site_name\" content=\"Agencja spedycyjna i celna | PUREPROGRESS\" \/>\n<meta property=\"article:modified_time\" content=\"2024-03-06T18:14:40+00:00\" \/>\n<meta property=\"og:image\" content=\"https:\/\/pureprogress-logistics.com\/wp-content\/uploads\/2019\/12\/versand-nach-niederlande-symbolbild-lkw.jpg\" \/>\n<meta name=\"twitter:card\" content=\"summary_large_image\" \/>\n<meta name=\"twitter:label1\" content=\"Szacowany czas czytania\" \/>\n\t<meta name=\"twitter:data1\" content=\"2 minuty\" \/>\n<script type=\"application\/ld+json\" class=\"yoast-schema-graph\">{\"@context\":\"https:\/\/schema.org\",\"@graph\":[{\"@type\":\"WebPage\",\"@id\":\"https:\/\/pureprogress-logistics.com\/pl\/wysylka-do-holandii-paczka-do-holandii\/\",\"url\":\"https:\/\/pureprogress-logistics.com\/pl\/wysylka-do-holandii-paczka-do-holandii\/\",\"name\":\"Wysy\u0142ka do Holandii \/ Wy\u015blij paczk\u0119 do Holandii\",\"isPartOf\":{\"@id\":\"https:\/\/pureprogress-logistics.com\/#website\"},\"primaryImageOfPage\":{\"@id\":\"https:\/\/pureprogress-logistics.com\/pl\/wysylka-do-holandii-paczka-do-holandii\/#primaryimage\"},\"image\":{\"@id\":\"https:\/\/pureprogress-logistics.com\/pl\/wysylka-do-holandii-paczka-do-holandii\/#primaryimage\"},\"thumbnailUrl\":\"https:\/\/pureprogress-logistics.com\/wp-content\/uploads\/2019\/12\/versand-nach-niederlande-symbolbild-lkw.jpg\",\"datePublished\":\"2019-12-18T20:30:49+00:00\",\"dateModified\":\"2024-03-06T18:14:40+00:00\",\"description\":\"Transport zam\u00f3wie\u0144 do Holandii - Zajmujemy si\u0119 wysy\u0142k\u0105 z Niemiec do Holandii, zar\u00f3wno paczek, jak i palet. Wi\u0119cej informacji mo\u017cna znale\u017a\u0107 tutaj.\",\"breadcrumb\":{\"@id\":\"https:\/\/pureprogress-logistics.com\/pl\/wysylka-do-holandii-paczka-do-holandii\/#breadcrumb\"},\"inLanguage\":\"pl-PL\",\"potentialAction\":[{\"@type\":\"ReadAction\",\"target\":[\"https:\/\/pureprogress-logistics.com\/pl\/wysylka-do-holandii-paczka-do-holandii\/\"]}]},{\"@type\":\"ImageObject\",\"inLanguage\":\"pl-PL\",\"@id\":\"https:\/\/pureprogress-logistics.com\/pl\/wysylka-do-holandii-paczka-do-holandii\/#primaryimage\",\"url\":\"https:\/\/pureprogress-logistics.com\/wp-content\/uploads\/2019\/12\/versand-nach-niederlande-symbolbild-lkw.jpg\",\"contentUrl\":\"https:\/\/pureprogress-logistics.com\/wp-content\/uploads\/2019\/12\/versand-nach-niederlande-symbolbild-lkw.jpg\"},{\"@type\":\"BreadcrumbList\",\"@id\":\"https:\/\/pureprogress-logistics.com\/pl\/wysylka-do-holandii-paczka-do-holandii\/#breadcrumb\",\"itemListElement\":[{\"@type\":\"ListItem\",\"position\":1,\"name\":\"Startseite\",\"item\":\"https:\/\/pureprogress-logistics.com\/\"},{\"@type\":\"ListItem\",\"position\":2,\"name\":\"Wysy\u0142ka do Holandii \/ Paczka do Holandii\"}]},{\"@type\":\"WebSite\",\"@id\":\"https:\/\/pureprogress-logistics.com\/#website\",\"url\":\"https:\/\/pureprogress-logistics.com\/\",\"name\":\"Ausfuhrbegleitdokument.com - MRN \/ ABD Erstellung\",\"description\":\"\",\"publisher\":{\"@id\":\"https:\/\/pureprogress-logistics.com\/#organization\"},\"potentialAction\":[{\"@type\":\"SearchAction\",\"target\":{\"@type\":\"EntryPoint\",\"urlTemplate\":\"https:\/\/pureprogress-logistics.com\/?s={search_term_string}\"},\"query-input\":{\"@type\":\"PropertyValueSpecification\",\"valueRequired\":true,\"valueName\":\"search_term_string\"}}],\"inLanguage\":\"pl-PL\"},{\"@type\":\"Organization\",\"@id\":\"https:\/\/pureprogress-logistics.com\/#organization\",\"name\":\"PUREPROGRESS GmbH\",\"url\":\"https:\/\/pureprogress-logistics.com\/\",\"logo\":{\"@type\":\"ImageObject\",\"inLanguage\":\"pl-PL\",\"@id\":\"https:\/\/pureprogress-logistics.com\/#\/schema\/logo\/image\/\",\"url\":\"https:\/\/ausfuhrbegleitdokument.com\/wp-content\/uploads\/2019\/10\/preloader-image.png\",\"contentUrl\":\"https:\/\/ausfuhrbegleitdokument.com\/wp-content\/uploads\/2019\/10\/preloader-image.png\",\"width\":224,\"height\":31,\"caption\":\"PUREPROGRESS GmbH\"},\"image\":{\"@id\":\"https:\/\/pureprogress-logistics.com\/#\/schema\/logo\/image\/\"}}]}<\/script>\n<!-- \/ Yoast SEO plugin. -->","yoast_head_json":{"title":"Wysy\u0142ka do Holandii \/ Wy\u015blij paczk\u0119 do Holandii","description":"Transport zam\u00f3wie\u0144 do Holandii - Zajmujemy si\u0119 wysy\u0142k\u0105 z Niemiec do Holandii, zar\u00f3wno paczek, jak i palet. Wi\u0119cej informacji mo\u017cna znale\u017a\u0107 tutaj.","robots":{"index":"index","follow":"follow","max-snippet":"max-snippet:-1","max-image-preview":"max-image-preview:large","max-video-preview":"max-video-preview:-1"},"canonical":"https:\/\/pureprogress-logistics.com\/pl\/wysylka-do-holandii-paczka-do-holandii\/","og_locale":"pl_PL","og_type":"article","og_title":"Wysy\u0142ka do Holandii \/ Wy\u015blij paczk\u0119 do Holandii","og_description":"Transport zam\u00f3wie\u0144 do Holandii - Zajmujemy si\u0119 wysy\u0142k\u0105 z Niemiec do Holandii, zar\u00f3wno paczek, jak i palet. Wi\u0119cej informacji mo\u017cna znale\u017a\u0107 tutaj.","og_url":"https:\/\/pureprogress-logistics.com\/pl\/wysylka-do-holandii-paczka-do-holandii\/","og_site_name":"Agencja spedycyjna i celna | PUREPROGRESS","article_modified_time":"2024-03-06T18:14:40+00:00","og_image":[{"url":"https:\/\/pureprogress-logistics.com\/wp-content\/uploads\/2019\/12\/versand-nach-niederlande-symbolbild-lkw.jpg","type":"","width":"","height":""}],"twitter_card":"summary_large_image","twitter_misc":{"Szacowany czas czytania":"2 minuty"},"schema":{"@context":"https:\/\/schema.org","@graph":[{"@type":"WebPage","@id":"https:\/\/pureprogress-logistics.com\/pl\/wysylka-do-holandii-paczka-do-holandii\/","url":"https:\/\/pureprogress-logistics.com\/pl\/wysylka-do-holandii-paczka-do-holandii\/","name":"Wysy\u0142ka do Holandii \/ Wy\u015blij paczk\u0119 do Holandii","isPartOf":{"@id":"https:\/\/pureprogress-logistics.com\/#website"},"primaryImageOfPage":{"@id":"https:\/\/pureprogress-logistics.com\/pl\/wysylka-do-holandii-paczka-do-holandii\/#primaryimage"},"image":{"@id":"https:\/\/pureprogress-logistics.com\/pl\/wysylka-do-holandii-paczka-do-holandii\/#primaryimage"},"thumbnailUrl":"https:\/\/pureprogress-logistics.com\/wp-content\/uploads\/2019\/12\/versand-nach-niederlande-symbolbild-lkw.jpg","datePublished":"2019-12-18T20:30:49+00:00","dateModified":"2024-03-06T18:14:40+00:00","description":"Transport zam\u00f3wie\u0144 do Holandii - Zajmujemy si\u0119 wysy\u0142k\u0105 z Niemiec do Holandii, zar\u00f3wno paczek, jak i palet. Wi\u0119cej informacji mo\u017cna znale\u017a\u0107 tutaj.","breadcrumb":{"@id":"https:\/\/pureprogress-logistics.com\/pl\/wysylka-do-holandii-paczka-do-holandii\/#breadcrumb"},"inLanguage":"pl-PL","potentialAction":[{"@type":"ReadAction","target":["https:\/\/pureprogress-logistics.com\/pl\/wysylka-do-holandii-paczka-do-holandii\/"]}]},{"@type":"ImageObject","inLanguage":"pl-PL","@id":"https:\/\/pureprogress-logistics.com\/pl\/wysylka-do-holandii-paczka-do-holandii\/#primaryimage","url":"https:\/\/pureprogress-logistics.com\/wp-content\/uploads\/2019\/12\/versand-nach-niederlande-symbolbild-lkw.jpg","contentUrl":"https:\/\/pureprogress-logistics.com\/wp-content\/uploads\/2019\/12\/versand-nach-niederlande-symbolbild-lkw.jpg"},{"@type":"BreadcrumbList","@id":"https:\/\/pureprogress-logistics.com\/pl\/wysylka-do-holandii-paczka-do-holandii\/#breadcrumb","itemListElement":[{"@type":"ListItem","position":1,"name":"Startseite","item":"https:\/\/pureprogress-logistics.com\/"},{"@type":"ListItem","position":2,"name":"Wysy\u0142ka do Holandii \/ Paczka do Holandii"}]},{"@type":"WebSite","@id":"https:\/\/pureprogress-logistics.com\/#website","url":"https:\/\/pureprogress-logistics.com\/","name":"Ausfuhrbegleitdokument.com - MRN \/ ABD Erstellung","description":"","publisher":{"@id":"https:\/\/pureprogress-logistics.com\/#organization"},"potentialAction":[{"@type":"SearchAction","target":{"@type":"EntryPoint","urlTemplate":"https:\/\/pureprogress-logistics.com\/?s={search_term_string}"},"query-input":{"@type":"PropertyValueSpecification","valueRequired":true,"valueName":"search_term_string"}}],"inLanguage":"pl-PL"},{"@type":"Organization","@id":"https:\/\/pureprogress-logistics.com\/#organization","name":"PUREPROGRESS GmbH","url":"https:\/\/pureprogress-logistics.com\/","logo":{"@type":"ImageObject","inLanguage":"pl-PL","@id":"https:\/\/pureprogress-logistics.com\/#\/schema\/logo\/image\/","url":"https:\/\/ausfuhrbegleitdokument.com\/wp-content\/uploads\/2019\/10\/preloader-image.png","contentUrl":"https:\/\/ausfuhrbegleitdokument.com\/wp-content\/uploads\/2019\/10\/preloader-image.png","width":224,"height":31,"caption":"PUREPROGRESS GmbH"},"image":{"@id":"https:\/\/pureprogress-logistics.com\/#\/schema\/logo\/image\/"}}]}},"_links":{"self":[{"href":"https:\/\/pureprogress-logistics.com\/pl\/wp-json\/wp\/v2\/pages\/28669","targetHints":{"allow":["GET"]}}],"collection":[{"href":"https:\/\/pureprogress-logistics.com\/pl\/wp-json\/wp\/v2\/pages"}],"about":[{"href":"https:\/\/pureprogress-logistics.com\/pl\/wp-json\/wp\/v2\/types\/page"}],"author":[{"embeddable":true,"href":"https:\/\/pureprogress-logistics.com\/pl\/wp-json\/wp\/v2\/users\/1"}],"replies":[{"embeddable":true,"href":"https:\/\/pureprogress-logistics.com\/pl\/wp-json\/wp\/v2\/comments?post=28669"}],"version-history":[{"count":0,"href":"https:\/\/pureprogress-logistics.com\/pl\/wp-json\/wp\/v2\/pages\/28669\/revisions"}],"wp:attachment":[{"href":"https:\/\/pureprogress-logistics.com\/pl\/wp-json\/wp\/v2\/media?parent=28669"}],"curies":[{"name":"wp","href":"https:\/\/api.w.org\/{rel}","templated":true}]}}