{"id":28609,"date":"2019-12-18T16:34:53","date_gmt":"2019-12-18T16:34:53","guid":{"rendered":"https:\/\/pureprogress-logistics.com\/wysylka-do-belgii-paczka-do-belgii\/"},"modified":"2024-03-06T18:14:31","modified_gmt":"2024-03-06T18:14:31","slug":"wysylka-do-belgii-paczka-do-belgii","status":"publish","type":"page","link":"https:\/\/pureprogress-logistics.com\/pl\/wysylka-do-belgii-paczka-do-belgii\/","title":{"rendered":"Wysy\u0142ka do Belgii \/ Paczka do Belgii"},"content":{"rendered":"\t\t<div data-elementor-type=\"wp-page\" data-elementor-id=\"28609\" class=\"elementor elementor-28609 elementor-7267\" data-elementor-post-type=\"page\">\n\t\t\t\t\t\t<section class=\"elementor-section elementor-top-section elementor-element elementor-element-120c6e1 elementor-section-boxed elementor-section-height-default elementor-section-height-default\" data-id=\"120c6e1\" data-element_type=\"section\" data-e-type=\"section\" data-settings=\"{&quot;jet_parallax_layout_list&quot;:[{&quot;jet_parallax_layout_image&quot;:{&quot;url&quot;:&quot;&quot;,&quot;id&quot;:&quot;&quot;,&quot;size&quot;:&quot;&quot;},&quot;_id&quot;:&quot;0529ea0&quot;,&quot;jet_parallax_layout_image_tablet&quot;:{&quot;url&quot;:&quot;&quot;,&quot;id&quot;:&quot;&quot;,&quot;size&quot;:&quot;&quot;},&quot;jet_parallax_layout_image_mobile&quot;:{&quot;url&quot;:&quot;&quot;,&quot;id&quot;:&quot;&quot;,&quot;size&quot;:&quot;&quot;},&quot;jet_parallax_layout_speed&quot;:{&quot;unit&quot;:&quot;%&quot;,&quot;size&quot;:50,&quot;sizes&quot;:[]},&quot;jet_parallax_layout_type&quot;:&quot;scroll&quot;,&quot;jet_parallax_layout_direction&quot;:&quot;1&quot;,&quot;jet_parallax_layout_fx_direction&quot;:null,&quot;jet_parallax_layout_z_index&quot;:&quot;&quot;,&quot;jet_parallax_layout_bg_x&quot;:50,&quot;jet_parallax_layout_bg_x_tablet&quot;:&quot;&quot;,&quot;jet_parallax_layout_bg_x_mobile&quot;:&quot;&quot;,&quot;jet_parallax_layout_bg_y&quot;:50,&quot;jet_parallax_layout_bg_y_tablet&quot;:&quot;&quot;,&quot;jet_parallax_layout_bg_y_mobile&quot;:&quot;&quot;,&quot;jet_parallax_layout_bg_size&quot;:&quot;auto&quot;,&quot;jet_parallax_layout_bg_size_tablet&quot;:&quot;&quot;,&quot;jet_parallax_layout_bg_size_mobile&quot;:&quot;&quot;,&quot;jet_parallax_layout_animation_prop&quot;:&quot;transform&quot;,&quot;jet_parallax_layout_on&quot;:[&quot;desktop&quot;,&quot;tablet&quot;]}]}\">\n\t\t\t\t\t\t<div class=\"elementor-container elementor-column-gap-default\">\n\t\t\t\t\t<div class=\"elementor-column elementor-col-100 elementor-top-column elementor-element elementor-element-f4ddf52\" data-id=\"f4ddf52\" data-element_type=\"column\" data-e-type=\"column\">\n\t\t\t<div class=\"elementor-widget-wrap elementor-element-populated\">\n\t\t\t\t\t\t<div class=\"elementor-element elementor-element-f7ba960 elementor-hidden-tablet elementor-hidden-phone elementor-widget elementor-widget-image\" data-id=\"f7ba960\" data-element_type=\"widget\" data-e-type=\"widget\" data-widget_type=\"image.default\">\n\t\t\t\t<div class=\"elementor-widget-container\">\n\t\t\t\t\t\t\t\t\t\t\t\t\t\t\t<img fetchpriority=\"high\" decoding=\"async\" width=\"1200\" height=\"279\" src=\"https:\/\/pureprogress-logistics.com\/wp-content\/uploads\/2019\/12\/versand-nach-belgien-symbolbild-lkw.jpg\" class=\"attachment-full size-full wp-image-7351\" alt=\"Versand nach Belgien (Symbolbild)\" srcset=\"https:\/\/pureprogress-logistics.com\/wp-content\/uploads\/2019\/12\/versand-nach-belgien-symbolbild-lkw.jpg 1200w, https:\/\/pureprogress-logistics.com\/wp-content\/uploads\/2019\/12\/versand-nach-belgien-symbolbild-lkw-300x70.jpg 300w, https:\/\/pureprogress-logistics.com\/wp-content\/uploads\/2019\/12\/versand-nach-belgien-symbolbild-lkw-1024x238.jpg 1024w, https:\/\/pureprogress-logistics.com\/wp-content\/uploads\/2019\/12\/versand-nach-belgien-symbolbild-lkw-768x179.jpg 768w, https:\/\/pureprogress-logistics.com\/wp-content\/uploads\/2019\/12\/versand-nach-belgien-symbolbild-lkw-418x97.jpg 418w\" sizes=\"(max-width: 1200px) 100vw, 1200px\" \/>\t\t\t\t\t\t\t\t\t\t\t\t\t\t\t<\/div>\n\t\t\t\t<\/div>\n\t\t\t\t<div class=\"elementor-element elementor-element-4a7f03b elementor-hidden-desktop elementor-hidden-phone elementor-widget elementor-widget-image\" data-id=\"4a7f03b\" data-element_type=\"widget\" data-e-type=\"widget\" data-widget_type=\"image.default\">\n\t\t\t\t<div class=\"elementor-widget-container\">\n\t\t\t\t\t\t\t\t\t\t\t\t\t\t\t<img decoding=\"async\" width=\"600\" height=\"140\" src=\"https:\/\/pureprogress-logistics.com\/wp-content\/uploads\/2019\/12\/versand-nach-belgien-symbolbild-lkw_tablet.jpg\" class=\"attachment-full size-full wp-image-7346\" alt=\"Versand nach Belgien (Symbolbild)\" srcset=\"https:\/\/pureprogress-logistics.com\/wp-content\/uploads\/2019\/12\/versand-nach-belgien-symbolbild-lkw_tablet.jpg 600w, https:\/\/pureprogress-logistics.com\/wp-content\/uploads\/2019\/12\/versand-nach-belgien-symbolbild-lkw_tablet-300x70.jpg 300w, https:\/\/pureprogress-logistics.com\/wp-content\/uploads\/2019\/12\/versand-nach-belgien-symbolbild-lkw_tablet-418x98.jpg 418w\" sizes=\"(max-width: 600px) 100vw, 600px\" \/>\t\t\t\t\t\t\t\t\t\t\t\t\t\t\t<\/div>\n\t\t\t\t<\/div>\n\t\t\t\t<div class=\"elementor-element elementor-element-896b9ed elementor-hidden-desktop elementor-hidden-tablet elementor-widget elementor-widget-image\" data-id=\"896b9ed\" data-element_type=\"widget\" data-e-type=\"widget\" data-widget_type=\"image.default\">\n\t\t\t\t<div class=\"elementor-widget-container\">\n\t\t\t\t\t\t\t\t\t\t\t\t\t\t\t<img decoding=\"async\" width=\"400\" height=\"93\" src=\"https:\/\/pureprogress-logistics.com\/wp-content\/uploads\/2019\/12\/versand-nach-belgien-symbolbild-lkw_smartphone.jpg\" class=\"attachment-full size-full wp-image-7345\" alt=\"Versand nach Belgien (Symbolbild)\" srcset=\"https:\/\/pureprogress-logistics.com\/wp-content\/uploads\/2019\/12\/versand-nach-belgien-symbolbild-lkw_smartphone.jpg 400w, https:\/\/pureprogress-logistics.com\/wp-content\/uploads\/2019\/12\/versand-nach-belgien-symbolbild-lkw_smartphone-300x70.jpg 300w\" sizes=\"(max-width: 400px) 100vw, 400px\" \/>\t\t\t\t\t\t\t\t\t\t\t\t\t\t\t<\/div>\n\t\t\t\t<\/div>\n\t\t\t\t\t<\/div>\n\t\t<\/div>\n\t\t\t\t\t<\/div>\n\t\t<\/section>\n\t\t\t\t<section class=\"elementor-section elementor-top-section elementor-element elementor-element-6cb1b61d elementor-section-boxed elementor-section-height-default elementor-section-height-default\" data-id=\"6cb1b61d\" data-element_type=\"section\" data-e-type=\"section\" data-settings=\"{&quot;jet_parallax_layout_list&quot;:[{&quot;jet_parallax_layout_image&quot;:{&quot;url&quot;:&quot;&quot;,&quot;id&quot;:&quot;&quot;,&quot;size&quot;:&quot;&quot;},&quot;_id&quot;:&quot;9fc5953&quot;,&quot;jet_parallax_layout_image_tablet&quot;:{&quot;url&quot;:&quot;&quot;,&quot;id&quot;:&quot;&quot;,&quot;size&quot;:&quot;&quot;},&quot;jet_parallax_layout_image_mobile&quot;:{&quot;url&quot;:&quot;&quot;,&quot;id&quot;:&quot;&quot;,&quot;size&quot;:&quot;&quot;},&quot;jet_parallax_layout_speed&quot;:{&quot;unit&quot;:&quot;%&quot;,&quot;size&quot;:50,&quot;sizes&quot;:[]},&quot;jet_parallax_layout_type&quot;:&quot;scroll&quot;,&quot;jet_parallax_layout_direction&quot;:&quot;1&quot;,&quot;jet_parallax_layout_fx_direction&quot;:null,&quot;jet_parallax_layout_z_index&quot;:&quot;&quot;,&quot;jet_parallax_layout_bg_x&quot;:50,&quot;jet_parallax_layout_bg_x_tablet&quot;:&quot;&quot;,&quot;jet_parallax_layout_bg_x_mobile&quot;:&quot;&quot;,&quot;jet_parallax_layout_bg_y&quot;:50,&quot;jet_parallax_layout_bg_y_tablet&quot;:&quot;&quot;,&quot;jet_parallax_layout_bg_y_mobile&quot;:&quot;&quot;,&quot;jet_parallax_layout_bg_size&quot;:&quot;auto&quot;,&quot;jet_parallax_layout_bg_size_tablet&quot;:&quot;&quot;,&quot;jet_parallax_layout_bg_size_mobile&quot;:&quot;&quot;,&quot;jet_parallax_layout_animation_prop&quot;:&quot;transform&quot;,&quot;jet_parallax_layout_on&quot;:[&quot;desktop&quot;,&quot;tablet&quot;]}]}\">\n\t\t\t\t\t\t<div class=\"elementor-container elementor-column-gap-default\">\n\t\t\t\t\t<div class=\"elementor-column elementor-col-100 elementor-top-column elementor-element elementor-element-8331488\" data-id=\"8331488\" data-element_type=\"column\" data-e-type=\"column\">\n\t\t\t<div class=\"elementor-widget-wrap elementor-element-populated\">\n\t\t\t\t\t\t<div class=\"elementor-element elementor-element-3e3c1c1 elementor-widget elementor-widget-heading\" data-id=\"3e3c1c1\" data-element_type=\"widget\" data-e-type=\"widget\" data-widget_type=\"heading.default\">\n\t\t\t\t<div class=\"elementor-widget-container\">\n\t\t\t\t\t<h1 class=\"elementor-heading-title elementor-size-default\"><strong><span style=\"font-size: x-large\">Wysy\u0142ka do Belgii \/ Paczka do Belgii<\/span><\/strong><\/h1>\t\t\t\t<\/div>\n\t\t\t\t<\/div>\n\t\t\t\t<div class=\"elementor-element elementor-element-2ec5a979 elementor-widget elementor-widget-text-editor\" data-id=\"2ec5a979\" data-element_type=\"widget\" data-e-type=\"widget\" data-widget_type=\"text-editor.default\">\n\t\t\t\t<div class=\"elementor-widget-container\">\n\t\t\t\t\t\t\t\t\t<p>Planujesz transport do <a href=\"https:\/\/de.wikipedia.org\/wiki\/Belgien\">Belgii<\/a>? Z przyjemno\u015bci\u0105 wspieramy<br \/>i przedstawimy niewi\u0105\u017c\u0105c\u0105 wycen\u0119 wysy\u0142ki do Belgii. W trakcie<br \/>Nie ma znaczenia, czy chcesz wys\u0142a\u0107 pojedyncz\u0105 paczk\u0119 do Belgia<br \/>np. do Brukseli lub ca\u0142ej palety, np. do<br \/>Gandawa lub Brugia. Planujemy transport tak szybko, jak to mo\u017cliwe<br \/>dla Ciebie i zagwarantowa\u0107 Ci najlepsz\u0105 jako\u015b\u0107 dzi\u0119ki osobistemu<br \/>Obs\u0142uga klienta i bezkonkurencyjny czas transportu.<br \/>Masz dostaw\u0119 zagraniczn\u0105 i chcia\u0142by\u015b otrzyma\u0107 towary<br \/>dostarczane do portu w Antwerpii? Znamy  <br \/>Cechy szczeg\u00f3lne belgijskiego terminalu kontenerowego w porcie towarowym.<br \/>Zadzwo\u0144 do specjalisty lub napisz do nas<br \/>napisz do nas bezpo\u015brednio na adres <a href=\"mailto:info@ausfuhrbegleitdokument.com\">info@ausfuhrbegleitdokument.com<\/a><\/p>\n<h2>Transport do Belgii z ubezpieczeniem frachtu<\/h2>\n<p>Nawet je\u015bli przesy\u0142ka lub paczka do Belgii zawiera<br \/>mo\u017cemy pom\u00f3c w przypadku towar\u00f3w o szczeg\u00f3lnie wysokiej warto\u015bci. Nasz<br \/>Ubezpieczenie transportowe obejmuje warto\u015b\u0107 przesy\u0142ki.<br \/>Przesy\u0142ki zagro\u017cone kradzie\u017c\u0105 s\u0105 r\u00f3wnie\u017c ubezpieczone,<br \/>takich jak wyroby tytoniowe, komputery i drogie towary elektroniczne.<\/p>\n<h2>Wysy\u0142ka przez spedytora &#8211; Belgia<\/h2>\n<p>Ch\u0119tnie wy\u015blemy Twoje towary z Niemiec do Belgii.<br \/>transportu, ale do tego potrzebujemy<br \/>Szczeg\u00f3\u0142y dotycz\u0105ce przesy\u0142ki od u\u017cytkownika. Prosimy o zatrzymanie ich dla<br \/>gotowe zlecenie transportowe:<\/p>\n<ul>\n<li>Waga przesy\u0142ki<\/li>\n<li>Wymiary opakowa\u0144<\/li>\n<li>Rodzaj i liczba pakiet\u00f3w<\/li>\n<li>Rodzaj towar\u00f3w + warto\u015b\u0107 towar\u00f3w<\/li>\n<li>Adres odbioru i dostawy<\/li>\n<li>Daty odbioru\/dostawy, je\u015bli dotyczy<\/li>\n<li>Wymagane wyposa\u017cenie dodatkowe, takie jak platforma podnosz\u0105ca, w\u00f3zek wid\u0142owy itp.<\/li>\n<\/ul>\n<p>Napisz do nas <a href=\"http:\/\/ausfuhrbegleitdokument.com\/kontakt\/\">e-mail<\/a>, a my dostarczymy Ci  <br \/>tak szybko, jak to mo\u017cliwe, z niewi\u0105\u017c\u0105c\u0105 ofert\u0105.<\/p>\n<\/p>\n<p>Chcesz wys\u0142a\u0107 towary do kraju innego ni\u017c Belgia?<br \/>Przeczytaj wszystko o <a href=\"https:\/\/pureprogress-logistics.com\/versand-schweiz\/\">wysy\u0142ce do Szwajcarii<\/a>, na przyk\u0142ad tutaj<\/p>\n\t\t\t\t\t\t\t\t<\/div>\n\t\t\t\t<\/div>\n\t\t\t\t\t<\/div>\n\t\t<\/div>\n\t\t\t\t\t<\/div>\n\t\t<\/section>\n\t\t\t\t<section class=\"elementor-section elementor-top-section elementor-element elementor-element-01769af elementor-section-boxed elementor-section-height-default elementor-section-height-default\" data-id=\"01769af\" data-element_type=\"section\" data-e-type=\"section\" data-settings=\"{&quot;jet_parallax_layout_list&quot;:[{&quot;jet_parallax_layout_image&quot;:{&quot;url&quot;:&quot;&quot;,&quot;id&quot;:&quot;&quot;,&quot;size&quot;:&quot;&quot;},&quot;_id&quot;:&quot;3b5ed0b&quot;,&quot;jet_parallax_layout_image_tablet&quot;:{&quot;url&quot;:&quot;&quot;,&quot;id&quot;:&quot;&quot;,&quot;size&quot;:&quot;&quot;},&quot;jet_parallax_layout_image_mobile&quot;:{&quot;url&quot;:&quot;&quot;,&quot;id&quot;:&quot;&quot;,&quot;size&quot;:&quot;&quot;},&quot;jet_parallax_layout_speed&quot;:{&quot;unit&quot;:&quot;%&quot;,&quot;size&quot;:50,&quot;sizes&quot;:[]},&quot;jet_parallax_layout_type&quot;:&quot;scroll&quot;,&quot;jet_parallax_layout_direction&quot;:&quot;1&quot;,&quot;jet_parallax_layout_fx_direction&quot;:null,&quot;jet_parallax_layout_z_index&quot;:&quot;&quot;,&quot;jet_parallax_layout_bg_x&quot;:50,&quot;jet_parallax_layout_bg_x_tablet&quot;:&quot;&quot;,&quot;jet_parallax_layout_bg_x_mobile&quot;:&quot;&quot;,&quot;jet_parallax_layout_bg_y&quot;:50,&quot;jet_parallax_layout_bg_y_tablet&quot;:&quot;&quot;,&quot;jet_parallax_layout_bg_y_mobile&quot;:&quot;&quot;,&quot;jet_parallax_layout_bg_size&quot;:&quot;auto&quot;,&quot;jet_parallax_layout_bg_size_tablet&quot;:&quot;&quot;,&quot;jet_parallax_layout_bg_size_mobile&quot;:&quot;&quot;,&quot;jet_parallax_layout_animation_prop&quot;:&quot;transform&quot;,&quot;jet_parallax_layout_on&quot;:[&quot;desktop&quot;,&quot;tablet&quot;]}]}\">\n\t\t\t\t\t\t<div class=\"elementor-container elementor-column-gap-default\">\n\t\t\t\t\t<div class=\"elementor-column elementor-col-100 elementor-top-column elementor-element elementor-element-b4f6cf8\" data-id=\"b4f6cf8\" data-element_type=\"column\" data-e-type=\"column\">\n\t\t\t<div class=\"elementor-widget-wrap elementor-element-populated\">\n\t\t\t\t\t\t<div class=\"elementor-element elementor-element-15c9822 elementor-widget elementor-widget-text-editor\" data-id=\"15c9822\" data-element_type=\"widget\" data-e-type=\"widget\" data-widget_type=\"text-editor.default\">\n\t\t\t\t<div class=\"elementor-widget-container\">\n\t\t\t\t\t\t\t\t\t<p><iframe src=\"https:\/\/www.google.com\/maps\/embed?pb=!1m18!1m12!1m3!1d2598981.45517182!2d2.224425000104669!3d50.49569537408744!2m3!1f0!2f0!3f0!3m2!1i1024!2i768!4f13.1!3m3!1m2!1s0x47c17d64edf39797%3A0x47ebf2b439e60ff2!2sBelgien!5e0!3m2!1sde!2sid!4v1576952752310!5m2!1sde!2sid\" width=\"600\" height=\"350\" frameborder=\"0\" style=\"border:0;\" allowfullscreen=\"\"><\/iframe><\/p>\n\t\t\t\t\t\t\t\t<\/div>\n\t\t\t\t<\/div>\n\t\t\t\t\t<\/div>\n\t\t<\/div>\n\t\t\t\t\t<\/div>\n\t\t<\/section>\n\t\t\t\t<\/div>\n\t\t","protected":false},"excerpt":{"rendered":"<p>Wysy\u0142ka do Belgii \/ Paczka do Belgii Planujesz transport do Belgii? Z przyjemno\u015bci\u0105 wspieramyi przedstawimy niewi\u0105\u017c\u0105c\u0105 wycen\u0119 wysy\u0142ki do Belgii. W trakcieNie ma znaczenia, czy chcesz wys\u0142a\u0107 pojedyncz\u0105 paczk\u0119 do Belgianp. do Brukseli lub ca\u0142ej palety, np. doGandawa lub Brugia. Planujemy transport tak szybko, jak to mo\u017cliwedla Ciebie i zagwarantowa\u0107 Ci najlepsz\u0105 jako\u015b\u0107 dzi\u0119ki osobistemuObs\u0142uga [&hellip;]<\/p>\n","protected":false},"author":1,"featured_media":0,"parent":0,"menu_order":0,"comment_status":"closed","ping_status":"closed","template":"","meta":{"_monsterinsights_skip_tracking":false,"_monsterinsights_sitenote_active":false,"_monsterinsights_sitenote_note":"","_monsterinsights_sitenote_category":0,"footnotes":""},"class_list":["post-28609","page","type-page","status-publish","hentry"],"yoast_head":"<!-- This site is optimized with the Yoast SEO plugin v27.2 - https:\/\/yoast.com\/product\/yoast-seo-wordpress\/ -->\n<title>Wysy\u0142ka do Belgii \/ Paczka do Belgii - Spedition Belgia<\/title>\n<meta name=\"description\" content=\"Szukasz transportu z Niemiec do Belgii? Popro\u015b o wycen\u0119 od specjalisty ju\u017c teraz. Wysy\u0142ka do Belgii i ekspresowa wysy\u0142ka paczek.\" \/>\n<meta name=\"robots\" content=\"index, follow, max-snippet:-1, max-image-preview:large, max-video-preview:-1\" \/>\n<link rel=\"canonical\" href=\"https:\/\/pureprogress-logistics.com\/pl\/wysylka-do-belgii-paczka-do-belgii\/\" \/>\n<meta property=\"og:locale\" content=\"pl_PL\" \/>\n<meta property=\"og:type\" content=\"article\" \/>\n<meta property=\"og:title\" content=\"Wysy\u0142ka do Belgii \/ Paczka do Belgii - Spedition Belgia\" \/>\n<meta property=\"og:description\" content=\"Szukasz transportu z Niemiec do Belgii? Popro\u015b o wycen\u0119 od specjalisty ju\u017c teraz. Wysy\u0142ka do Belgii i ekspresowa wysy\u0142ka paczek.\" \/>\n<meta property=\"og:url\" content=\"https:\/\/pureprogress-logistics.com\/pl\/wysylka-do-belgii-paczka-do-belgii\/\" \/>\n<meta property=\"og:site_name\" content=\"Agencja spedycyjna i celna | PUREPROGRESS\" \/>\n<meta property=\"article:modified_time\" content=\"2024-03-06T18:14:31+00:00\" \/>\n<meta property=\"og:image\" content=\"https:\/\/pureprogress-logistics.com\/wp-content\/uploads\/2019\/12\/versand-nach-belgien-symbolbild-lkw.jpg\" \/>\n<meta name=\"twitter:card\" content=\"summary_large_image\" \/>\n<meta name=\"twitter:label1\" content=\"Szacowany czas czytania\" \/>\n\t<meta name=\"twitter:data1\" content=\"1 minuta\" \/>\n<script type=\"application\/ld+json\" class=\"yoast-schema-graph\">{\"@context\":\"https:\/\/schema.org\",\"@graph\":[{\"@type\":\"WebPage\",\"@id\":\"https:\/\/pureprogress-logistics.com\/pl\/wysylka-do-belgii-paczka-do-belgii\/\",\"url\":\"https:\/\/pureprogress-logistics.com\/pl\/wysylka-do-belgii-paczka-do-belgii\/\",\"name\":\"Wysy\u0142ka do Belgii \/ Paczka do Belgii - Spedition Belgia\",\"isPartOf\":{\"@id\":\"https:\/\/pureprogress-logistics.com\/#website\"},\"primaryImageOfPage\":{\"@id\":\"https:\/\/pureprogress-logistics.com\/pl\/wysylka-do-belgii-paczka-do-belgii\/#primaryimage\"},\"image\":{\"@id\":\"https:\/\/pureprogress-logistics.com\/pl\/wysylka-do-belgii-paczka-do-belgii\/#primaryimage\"},\"thumbnailUrl\":\"https:\/\/pureprogress-logistics.com\/wp-content\/uploads\/2019\/12\/versand-nach-belgien-symbolbild-lkw.jpg\",\"datePublished\":\"2019-12-18T16:34:53+00:00\",\"dateModified\":\"2024-03-06T18:14:31+00:00\",\"description\":\"Szukasz transportu z Niemiec do Belgii? Popro\u015b o wycen\u0119 od specjalisty ju\u017c teraz. Wysy\u0142ka do Belgii i ekspresowa wysy\u0142ka paczek.\",\"breadcrumb\":{\"@id\":\"https:\/\/pureprogress-logistics.com\/pl\/wysylka-do-belgii-paczka-do-belgii\/#breadcrumb\"},\"inLanguage\":\"pl-PL\",\"potentialAction\":[{\"@type\":\"ReadAction\",\"target\":[\"https:\/\/pureprogress-logistics.com\/pl\/wysylka-do-belgii-paczka-do-belgii\/\"]}]},{\"@type\":\"ImageObject\",\"inLanguage\":\"pl-PL\",\"@id\":\"https:\/\/pureprogress-logistics.com\/pl\/wysylka-do-belgii-paczka-do-belgii\/#primaryimage\",\"url\":\"https:\/\/pureprogress-logistics.com\/wp-content\/uploads\/2019\/12\/versand-nach-belgien-symbolbild-lkw.jpg\",\"contentUrl\":\"https:\/\/pureprogress-logistics.com\/wp-content\/uploads\/2019\/12\/versand-nach-belgien-symbolbild-lkw.jpg\"},{\"@type\":\"BreadcrumbList\",\"@id\":\"https:\/\/pureprogress-logistics.com\/pl\/wysylka-do-belgii-paczka-do-belgii\/#breadcrumb\",\"itemListElement\":[{\"@type\":\"ListItem\",\"position\":1,\"name\":\"Startseite\",\"item\":\"https:\/\/pureprogress-logistics.com\/\"},{\"@type\":\"ListItem\",\"position\":2,\"name\":\"Wysy\u0142ka do Belgii \/ Paczka do Belgii\"}]},{\"@type\":\"WebSite\",\"@id\":\"https:\/\/pureprogress-logistics.com\/#website\",\"url\":\"https:\/\/pureprogress-logistics.com\/\",\"name\":\"Ausfuhrbegleitdokument.com - MRN \/ ABD Erstellung\",\"description\":\"\",\"publisher\":{\"@id\":\"https:\/\/pureprogress-logistics.com\/#organization\"},\"potentialAction\":[{\"@type\":\"SearchAction\",\"target\":{\"@type\":\"EntryPoint\",\"urlTemplate\":\"https:\/\/pureprogress-logistics.com\/?s={search_term_string}\"},\"query-input\":{\"@type\":\"PropertyValueSpecification\",\"valueRequired\":true,\"valueName\":\"search_term_string\"}}],\"inLanguage\":\"pl-PL\"},{\"@type\":\"Organization\",\"@id\":\"https:\/\/pureprogress-logistics.com\/#organization\",\"name\":\"PUREPROGRESS GmbH\",\"url\":\"https:\/\/pureprogress-logistics.com\/\",\"logo\":{\"@type\":\"ImageObject\",\"inLanguage\":\"pl-PL\",\"@id\":\"https:\/\/pureprogress-logistics.com\/#\/schema\/logo\/image\/\",\"url\":\"https:\/\/ausfuhrbegleitdokument.com\/wp-content\/uploads\/2019\/10\/preloader-image.png\",\"contentUrl\":\"https:\/\/ausfuhrbegleitdokument.com\/wp-content\/uploads\/2019\/10\/preloader-image.png\",\"width\":224,\"height\":31,\"caption\":\"PUREPROGRESS GmbH\"},\"image\":{\"@id\":\"https:\/\/pureprogress-logistics.com\/#\/schema\/logo\/image\/\"}}]}<\/script>\n<!-- \/ Yoast SEO plugin. -->","yoast_head_json":{"title":"Wysy\u0142ka do Belgii \/ Paczka do Belgii - Spedition Belgia","description":"Szukasz transportu z Niemiec do Belgii? Popro\u015b o wycen\u0119 od specjalisty ju\u017c teraz. Wysy\u0142ka do Belgii i ekspresowa wysy\u0142ka paczek.","robots":{"index":"index","follow":"follow","max-snippet":"max-snippet:-1","max-image-preview":"max-image-preview:large","max-video-preview":"max-video-preview:-1"},"canonical":"https:\/\/pureprogress-logistics.com\/pl\/wysylka-do-belgii-paczka-do-belgii\/","og_locale":"pl_PL","og_type":"article","og_title":"Wysy\u0142ka do Belgii \/ Paczka do Belgii - Spedition Belgia","og_description":"Szukasz transportu z Niemiec do Belgii? Popro\u015b o wycen\u0119 od specjalisty ju\u017c teraz. Wysy\u0142ka do Belgii i ekspresowa wysy\u0142ka paczek.","og_url":"https:\/\/pureprogress-logistics.com\/pl\/wysylka-do-belgii-paczka-do-belgii\/","og_site_name":"Agencja spedycyjna i celna | PUREPROGRESS","article_modified_time":"2024-03-06T18:14:31+00:00","og_image":[{"url":"https:\/\/pureprogress-logistics.com\/wp-content\/uploads\/2019\/12\/versand-nach-belgien-symbolbild-lkw.jpg","type":"","width":"","height":""}],"twitter_card":"summary_large_image","twitter_misc":{"Szacowany czas czytania":"1 minuta"},"schema":{"@context":"https:\/\/schema.org","@graph":[{"@type":"WebPage","@id":"https:\/\/pureprogress-logistics.com\/pl\/wysylka-do-belgii-paczka-do-belgii\/","url":"https:\/\/pureprogress-logistics.com\/pl\/wysylka-do-belgii-paczka-do-belgii\/","name":"Wysy\u0142ka do Belgii \/ Paczka do Belgii - Spedition Belgia","isPartOf":{"@id":"https:\/\/pureprogress-logistics.com\/#website"},"primaryImageOfPage":{"@id":"https:\/\/pureprogress-logistics.com\/pl\/wysylka-do-belgii-paczka-do-belgii\/#primaryimage"},"image":{"@id":"https:\/\/pureprogress-logistics.com\/pl\/wysylka-do-belgii-paczka-do-belgii\/#primaryimage"},"thumbnailUrl":"https:\/\/pureprogress-logistics.com\/wp-content\/uploads\/2019\/12\/versand-nach-belgien-symbolbild-lkw.jpg","datePublished":"2019-12-18T16:34:53+00:00","dateModified":"2024-03-06T18:14:31+00:00","description":"Szukasz transportu z Niemiec do Belgii? Popro\u015b o wycen\u0119 od specjalisty ju\u017c teraz. Wysy\u0142ka do Belgii i ekspresowa wysy\u0142ka paczek.","breadcrumb":{"@id":"https:\/\/pureprogress-logistics.com\/pl\/wysylka-do-belgii-paczka-do-belgii\/#breadcrumb"},"inLanguage":"pl-PL","potentialAction":[{"@type":"ReadAction","target":["https:\/\/pureprogress-logistics.com\/pl\/wysylka-do-belgii-paczka-do-belgii\/"]}]},{"@type":"ImageObject","inLanguage":"pl-PL","@id":"https:\/\/pureprogress-logistics.com\/pl\/wysylka-do-belgii-paczka-do-belgii\/#primaryimage","url":"https:\/\/pureprogress-logistics.com\/wp-content\/uploads\/2019\/12\/versand-nach-belgien-symbolbild-lkw.jpg","contentUrl":"https:\/\/pureprogress-logistics.com\/wp-content\/uploads\/2019\/12\/versand-nach-belgien-symbolbild-lkw.jpg"},{"@type":"BreadcrumbList","@id":"https:\/\/pureprogress-logistics.com\/pl\/wysylka-do-belgii-paczka-do-belgii\/#breadcrumb","itemListElement":[{"@type":"ListItem","position":1,"name":"Startseite","item":"https:\/\/pureprogress-logistics.com\/"},{"@type":"ListItem","position":2,"name":"Wysy\u0142ka do Belgii \/ Paczka do Belgii"}]},{"@type":"WebSite","@id":"https:\/\/pureprogress-logistics.com\/#website","url":"https:\/\/pureprogress-logistics.com\/","name":"Ausfuhrbegleitdokument.com - MRN \/ ABD Erstellung","description":"","publisher":{"@id":"https:\/\/pureprogress-logistics.com\/#organization"},"potentialAction":[{"@type":"SearchAction","target":{"@type":"EntryPoint","urlTemplate":"https:\/\/pureprogress-logistics.com\/?s={search_term_string}"},"query-input":{"@type":"PropertyValueSpecification","valueRequired":true,"valueName":"search_term_string"}}],"inLanguage":"pl-PL"},{"@type":"Organization","@id":"https:\/\/pureprogress-logistics.com\/#organization","name":"PUREPROGRESS GmbH","url":"https:\/\/pureprogress-logistics.com\/","logo":{"@type":"ImageObject","inLanguage":"pl-PL","@id":"https:\/\/pureprogress-logistics.com\/#\/schema\/logo\/image\/","url":"https:\/\/ausfuhrbegleitdokument.com\/wp-content\/uploads\/2019\/10\/preloader-image.png","contentUrl":"https:\/\/ausfuhrbegleitdokument.com\/wp-content\/uploads\/2019\/10\/preloader-image.png","width":224,"height":31,"caption":"PUREPROGRESS GmbH"},"image":{"@id":"https:\/\/pureprogress-logistics.com\/#\/schema\/logo\/image\/"}}]}},"_links":{"self":[{"href":"https:\/\/pureprogress-logistics.com\/pl\/wp-json\/wp\/v2\/pages\/28609","targetHints":{"allow":["GET"]}}],"collection":[{"href":"https:\/\/pureprogress-logistics.com\/pl\/wp-json\/wp\/v2\/pages"}],"about":[{"href":"https:\/\/pureprogress-logistics.com\/pl\/wp-json\/wp\/v2\/types\/page"}],"author":[{"embeddable":true,"href":"https:\/\/pureprogress-logistics.com\/pl\/wp-json\/wp\/v2\/users\/1"}],"replies":[{"embeddable":true,"href":"https:\/\/pureprogress-logistics.com\/pl\/wp-json\/wp\/v2\/comments?post=28609"}],"version-history":[{"count":0,"href":"https:\/\/pureprogress-logistics.com\/pl\/wp-json\/wp\/v2\/pages\/28609\/revisions"}],"wp:attachment":[{"href":"https:\/\/pureprogress-logistics.com\/pl\/wp-json\/wp\/v2\/media?parent=28609"}],"curies":[{"name":"wp","href":"https:\/\/api.w.org\/{rel}","templated":true}]}}