{"id":28518,"date":"2021-09-24T09:25:48","date_gmt":"2021-09-24T09:25:48","guid":{"rendered":"https:\/\/pureprogress-logistics.com\/staz-handlowy-w-odprawie-celnej\/"},"modified":"2024-03-06T18:03:14","modified_gmt":"2024-03-06T18:03:14","slug":"staz-handlowy-w-odprawie-celnej","status":"publish","type":"page","link":"https:\/\/pureprogress-logistics.com\/pl\/staz-handlowy-w-odprawie-celnej\/","title":{"rendered":"Sta\u017c handlowy w odprawie celnej"},"content":{"rendered":"\t\t<div data-elementor-type=\"wp-page\" data-elementor-id=\"28518\" class=\"elementor elementor-28518 elementor-4803\" data-elementor-post-type=\"page\">\n\t\t\t\t\t\t<section class=\"elementor-section elementor-top-section elementor-element elementor-element-e52858a elementor-section-boxed elementor-section-height-default elementor-section-height-default\" data-id=\"e52858a\" data-element_type=\"section\" data-e-type=\"section\" data-settings=\"{&quot;jet_parallax_layout_list&quot;:[{&quot;jet_parallax_layout_image&quot;:{&quot;url&quot;:&quot;&quot;,&quot;id&quot;:&quot;&quot;,&quot;size&quot;:&quot;&quot;},&quot;_id&quot;:&quot;05e984e&quot;,&quot;jet_parallax_layout_image_tablet&quot;:{&quot;url&quot;:&quot;&quot;,&quot;id&quot;:&quot;&quot;,&quot;size&quot;:&quot;&quot;},&quot;jet_parallax_layout_image_mobile&quot;:{&quot;url&quot;:&quot;&quot;,&quot;id&quot;:&quot;&quot;,&quot;size&quot;:&quot;&quot;},&quot;jet_parallax_layout_speed&quot;:{&quot;unit&quot;:&quot;%&quot;,&quot;size&quot;:50,&quot;sizes&quot;:[]},&quot;jet_parallax_layout_type&quot;:&quot;scroll&quot;,&quot;jet_parallax_layout_direction&quot;:&quot;1&quot;,&quot;jet_parallax_layout_fx_direction&quot;:null,&quot;jet_parallax_layout_z_index&quot;:&quot;&quot;,&quot;jet_parallax_layout_bg_x&quot;:50,&quot;jet_parallax_layout_bg_x_tablet&quot;:&quot;&quot;,&quot;jet_parallax_layout_bg_x_mobile&quot;:&quot;&quot;,&quot;jet_parallax_layout_bg_y&quot;:50,&quot;jet_parallax_layout_bg_y_tablet&quot;:&quot;&quot;,&quot;jet_parallax_layout_bg_y_mobile&quot;:&quot;&quot;,&quot;jet_parallax_layout_bg_size&quot;:&quot;auto&quot;,&quot;jet_parallax_layout_bg_size_tablet&quot;:&quot;&quot;,&quot;jet_parallax_layout_bg_size_mobile&quot;:&quot;&quot;,&quot;jet_parallax_layout_animation_prop&quot;:&quot;transform&quot;,&quot;jet_parallax_layout_on&quot;:[&quot;desktop&quot;,&quot;tablet&quot;]}]}\">\n\t\t\t\t\t\t<div class=\"elementor-container elementor-column-gap-default\">\n\t\t\t\t\t<div class=\"elementor-column elementor-col-100 elementor-top-column elementor-element elementor-element-c7a9b1f\" data-id=\"c7a9b1f\" data-element_type=\"column\" data-e-type=\"column\">\n\t\t\t<div class=\"elementor-widget-wrap elementor-element-populated\">\n\t\t\t\t\t\t<div class=\"elementor-element elementor-element-76899e4 elementor-widget elementor-widget-heading\" data-id=\"76899e4\" data-element_type=\"widget\" data-e-type=\"widget\" data-widget_type=\"heading.default\">\n\t\t\t\t<div class=\"elementor-widget-container\">\n\t\t\t\t\t<h1 class=\"elementor-heading-title elementor-size-default\"><font size=\"6\">Sta\u017c handlowy w odprawie celnej<\/font><\/h1>\t\t\t\t<\/div>\n\t\t\t\t<\/div>\n\t\t\t\t<div class=\"elementor-element elementor-element-1842354 elementor-widget elementor-widget-text-editor\" data-id=\"1842354\" data-element_type=\"widget\" data-e-type=\"widget\" data-widget_type=\"text-editor.default\">\n\t\t\t\t<div class=\"elementor-widget-container\">\n\t\t\t\t\t\t\t\t\t<div id=\"jobDescriptionText\" class=\"jobsearch-jobDescriptionText\">\n<p>Jeste\u015bmy m\u0142od\u0105 firm\u0105 logistyczn\u0105 z wewn\u0119trzn\u0105 odpraw\u0105 celn\u0105. Do naszego urz\u0119du celnego na granicy szwajcarsko-niemieckiej w Thayngen ko\u0142o Schaffhausen poszukujemy <b>sta\u017cysty do odprawy celnej (100%)<\/b> z perspektyw\u0105 p\u00f3\u017aniejszego sta\u0142ego zatrudnienia na stanowisku <b>deklaranta celnego<\/b>.<\/p>\n<p><b>Zostaniesz przeszkolony w zakresie nast\u0119puj\u0105cych zada\u0144:  <\/b><\/p>\n<p>&#8211; Samodzielna praca w obszarze odpraw celnych \/ logistyki, w szczeg\u00f3lno\u015bci:<\/p>\n<p>&#8211; Przetwarzanie odprawy celnej importowej \/ odprawy celnej eksportowej<\/p>\n<p>&#8211; Taryfa wed\u0142ug Tares<\/p>\n<p>&#8211; Regularne odbieranie po\u0142\u0105cze\u0144 telefonicznych<\/p>\n<p>&#8211; Regularne telefoniczne i pisemne doradztwo dla (nowych) klient\u00f3w w kwestiach celnych oraz przyjmowanie odpraw celnych i zlece\u0144 transportowych.<\/p>\n<p>&#8211; Regularne odpowiadanie na wiadomo\u015bci e-mail<\/p>\n<p>&#8211; Przyjmowanie klient\u00f3w na miejscu przy kasie<\/p>\n<p>&#8211; Przygotowanie dalszych dokument\u00f3w celnych (EUR.1, 13.20A itp.).<\/p>\n<p>&#8211; Korespondencja i wyja\u015bnienia z klientami, urz\u0119dami celnymi i partnerami<\/p>\n<p>&#8211; Dzia\u0142alno\u015b\u0107 administracyjna<\/p>\n<p><b>Co ze sob\u0105 zabra\u0107:  <\/b><\/p>\n<p>&#8211; Uko\u0144czone szkolenie handlowe (praktyka handlowa), najlepiej w zakresie odpraw celnych \/ logistyki \/ handlu hurtowego i zagranicznego<\/p>\n<p>&#8211; Og\u00f3lna wiedza na temat transportu i\/lub ce\u0142 jest dodatkowym atutem<\/p>\n<p>&#8211; Bardzo dobra znajomo\u015b\u0107 j\u0119zyka niemieckiego (w mowie i pi\u015bmie)<\/p>\n<p>&#8211; Przynajmniej podstawowa znajomo\u015b\u0107 j\u0119zyka angielskiego (ka\u017cdy inny j\u0119zyk b\u0119dzie dodatkowym atutem)<\/p>\n<p>&#8211; Idealna znajomo\u015b\u0107 po\u0142\u0105cze\u0144 oprogramowania ATLAS i\/lub e-dec<\/p>\n<p>&#8211; Dobre umiej\u0119tno\u015bci informatyczne (MS Word, Outlook, Excel)<\/p>\n<p>&#8211; Prawo jazdy korzystne ze wzgl\u0119du na lokalizacj\u0119<\/p>\n<p>&#8211; Przyjazna, pewna siebie, dbaj\u0105ca o jako\u015b\u0107 i odporna osobowo\u015b\u0107<\/p>\n<p>&#8211; Precyzyjny spos\u00f3b pracy<\/p>\n<p>&#8211; Ch\u0119\u0107 uczenia si\u0119 nowych rzeczy<\/p>\n<p>&#8211; Przedsi\u0119biorcze my\u015blenie<\/p>\n<p><b>Czego mo\u017cesz od nas oczekiwa\u0107:  <\/b><\/p>\n<p>&#8211; Nowoczesna firma z du\u017c\u0105 elastyczno\u015bci\u0105<\/p>\n<p>&#8211; Zr\u00f3\u017cnicowane zadania<\/p>\n<p>&#8211; Nowoczesne biuro, bezp\u0142atna kawa\/herbata\/woda\/miejsce parkingowe<\/p>\n<p>&#8211; Mo\u017cliwo\u015bci kariery + mo\u017cliwo\u015bci dalszego szkolenia<\/p>\n<p><b>Twoja droga z nami:  <\/b><\/p>\n<p>&#8211; 3-miesi\u0119czny sta\u017c z wynagrodzeniem 1&#8217;500.- CHF \/ miesi\u0105c<\/p>\n<p>&#8211; Kolejne sta\u0142e stanowisko z wynagrodzeniem 2 500 CHF\/miesi\u0105c (13 pensji) w 1. roku<\/p>\n<p>&#8211; Kolejne wynagrodzenie w wysoko\u015bci 3 500 CHF\/miesi\u0105c (13 pensji) w drugim roku<\/p>\n<p>&#8211; Kolejne wynagrodzenie w wysoko\u015bci 4 500 CHF miesi\u0119cznie (13 pensji) w 3. roku<\/p>\n<p>&#8211; Kolejne wynagrodzenie w wysoko\u015bci 5.000 CHF\/miesi\u0105c (13 pensji) w 4. roku (je\u015bli odpowiednie)<\/p>\n<p>&#8211; Kolejne wynagrodzenie w wysoko\u015bci 5 500 CHF \/ miesi\u0105c (13 pensji) w pi\u0105tym roku (je\u015bli jest odpowiednie)<\/p>\n<p>Je\u015bli jeste\u015b zainteresowany, czekamy na Twoje kompletne dokumenty aplikacyjne  <b>w tym. List motywacyjny<\/b>  poczt\u0105 elektroniczn\u0105 na adres <a href=\"mailto:info@pureprogress.ch\">info@pureprogress.ch<\/a> lub poczt\u0105 tradycyjn\u0105.<\/p>\n<p>Je\u015bli masz jakie\u015b pytania, nie wahaj si\u0119 ze mn\u0105 skontaktowa\u0107. Osoba kontaktowa:<br \/>PUREPROGRESS GmbH, Pan Alexander Haile, Zollstrasse 77, 8240 Thayngen, Szwajcaria<\/p>\n<p>Telefon <span class=\"jobsearch-JobDescription-phone-number\"><br \/>\n  <a href=\"tel:044-512-14-35\">+41 44 512 14 35<\/a><br \/>\n<\/span><\/p>\n<p>Rodzaj stanowiska: Pe\u0142ny etat, Sta\u017c, Sta\u0142e<\/p>\n<p>Wynagrodzenie: 1 500,00 CHF &#8211; 5 500,00 CHF miesi\u0119cznie<\/p>\n<p>Godziny pracy:<\/p>\n<ul>\n<li>8-godzinna zmiana<\/li>\n<li>Od poniedzia\u0142ku do pi\u0105tku<\/li>\n<\/ul>\n<p>Us\u0142ugi:<\/p>\n<ul>\n<li>Darmowe napoje<\/li>\n<li>Bezp\u0142atny parking<\/li>\n<\/ul>\n<p>\u015arodki w obliczu COVID-19:<br \/>Wszyscy klienci musz\u0105 nosi\u0107 maseczki, powierzchnie kontaktowe s\u0105 regularnie dezynfekowane, podejmowane s\u0105 dalsze dzia\u0142ania w zakresie czyszczenia i higieny.<\/p>\n<p>Do\u015bwiadczenie zawodowe:<\/p>\n<ul>\n<li>Odprawa celna: 1 rok (po\u017c\u0105dane)<\/li>\n<li>Logistyka: 1 rok (po\u017c\u0105dane)<\/li>\n<\/ul>\n<p>J\u0119zyk:<\/p>\n<ul>\n<li>J\u0119zyk niemiecki (po\u017c\u0105dany)<\/li>\n<li>J\u0119zyk angielski (po\u017c\u0105dany)<\/li>\n<\/ul>\n<\/div>\n\t\t\t\t\t\t\t\t<\/div>\n\t\t\t\t<\/div>\n\t\t\t\t\t<\/div>\n\t\t<\/div>\n\t\t\t\t\t<\/div>\n\t\t<\/section>\n\t\t\t\t<\/div>\n\t\t","protected":false},"excerpt":{"rendered":"<p>Sta\u017c handlowy w odprawie celnej Jeste\u015bmy m\u0142od\u0105 firm\u0105 logistyczn\u0105 z wewn\u0119trzn\u0105 odpraw\u0105 celn\u0105. Do naszego urz\u0119du celnego na granicy szwajcarsko-niemieckiej w Thayngen ko\u0142o Schaffhausen poszukujemy sta\u017cysty do odprawy celnej (100%) z perspektyw\u0105 p\u00f3\u017aniejszego sta\u0142ego zatrudnienia na stanowisku deklaranta celnego. Zostaniesz przeszkolony w zakresie nast\u0119puj\u0105cych zada\u0144: &#8211; Samodzielna praca w obszarze odpraw celnych \/ logistyki, w [&hellip;]<\/p>\n","protected":false},"author":1,"featured_media":0,"parent":0,"menu_order":0,"comment_status":"closed","ping_status":"closed","template":"","meta":{"_monsterinsights_skip_tracking":false,"_monsterinsights_sitenote_active":false,"_monsterinsights_sitenote_note":"","_monsterinsights_sitenote_category":0,"footnotes":""},"class_list":["post-28518","page","type-page","status-publish","hentry"],"yoast_head":"<!-- This site is optimized with the Yoast SEO plugin v27.2 - https:\/\/yoast.com\/product\/yoast-seo-wordpress\/ -->\n<title>Sta\u017c handlowy w odprawie celnej - Agencja spedycyjna i celna | PUREPROGRESS<\/title>\n<meta name=\"description\" content=\"PureProgress Customs Agency: Sta\u017c komercyjny w zakresie odpraw celnych z perspektyw\u0105 sta\u0142ego zatrudnienia na stanowisku zg\u0142aszaj\u0105cego celnego.\" \/>\n<meta name=\"robots\" content=\"index, follow, max-snippet:-1, max-image-preview:large, max-video-preview:-1\" \/>\n<link rel=\"canonical\" href=\"https:\/\/pureprogress-logistics.com\/pl\/staz-handlowy-w-odprawie-celnej\/\" \/>\n<meta property=\"og:locale\" content=\"pl_PL\" \/>\n<meta property=\"og:type\" content=\"article\" \/>\n<meta property=\"og:title\" content=\"Sta\u017c handlowy w odprawie celnej - Agencja spedycyjna i celna | PUREPROGRESS\" \/>\n<meta property=\"og:description\" content=\"PureProgress Customs Agency: Sta\u017c komercyjny w zakresie odpraw celnych z perspektyw\u0105 sta\u0142ego zatrudnienia na stanowisku zg\u0142aszaj\u0105cego celnego.\" \/>\n<meta property=\"og:url\" content=\"https:\/\/pureprogress-logistics.com\/pl\/staz-handlowy-w-odprawie-celnej\/\" \/>\n<meta property=\"og:site_name\" content=\"Agencja spedycyjna i celna | PUREPROGRESS\" \/>\n<meta property=\"article:modified_time\" content=\"2024-03-06T18:03:14+00:00\" \/>\n<meta name=\"twitter:card\" content=\"summary_large_image\" \/>\n<meta name=\"twitter:label1\" content=\"Szacowany czas czytania\" \/>\n\t<meta name=\"twitter:data1\" content=\"3 minuty\" \/>\n<script type=\"application\/ld+json\" class=\"yoast-schema-graph\">{\"@context\":\"https:\/\/schema.org\",\"@graph\":[{\"@type\":\"WebPage\",\"@id\":\"https:\/\/pureprogress-logistics.com\/pl\/staz-handlowy-w-odprawie-celnej\/\",\"url\":\"https:\/\/pureprogress-logistics.com\/pl\/staz-handlowy-w-odprawie-celnej\/\",\"name\":\"Sta\u017c handlowy w odprawie celnej - Agencja spedycyjna i celna | PUREPROGRESS\",\"isPartOf\":{\"@id\":\"https:\/\/pureprogress-logistics.com\/#website\"},\"datePublished\":\"2021-09-24T09:25:48+00:00\",\"dateModified\":\"2024-03-06T18:03:14+00:00\",\"description\":\"PureProgress Customs Agency: Sta\u017c komercyjny w zakresie odpraw celnych z perspektyw\u0105 sta\u0142ego zatrudnienia na stanowisku zg\u0142aszaj\u0105cego celnego.\",\"breadcrumb\":{\"@id\":\"https:\/\/pureprogress-logistics.com\/pl\/staz-handlowy-w-odprawie-celnej\/#breadcrumb\"},\"inLanguage\":\"pl-PL\",\"potentialAction\":[{\"@type\":\"ReadAction\",\"target\":[\"https:\/\/pureprogress-logistics.com\/pl\/staz-handlowy-w-odprawie-celnej\/\"]}]},{\"@type\":\"BreadcrumbList\",\"@id\":\"https:\/\/pureprogress-logistics.com\/pl\/staz-handlowy-w-odprawie-celnej\/#breadcrumb\",\"itemListElement\":[{\"@type\":\"ListItem\",\"position\":1,\"name\":\"Startseite\",\"item\":\"https:\/\/pureprogress-logistics.com\/\"},{\"@type\":\"ListItem\",\"position\":2,\"name\":\"Sta\u017c handlowy w odprawie celnej\"}]},{\"@type\":\"WebSite\",\"@id\":\"https:\/\/pureprogress-logistics.com\/#website\",\"url\":\"https:\/\/pureprogress-logistics.com\/\",\"name\":\"Ausfuhrbegleitdokument.com - MRN \/ ABD Erstellung\",\"description\":\"\",\"publisher\":{\"@id\":\"https:\/\/pureprogress-logistics.com\/#organization\"},\"potentialAction\":[{\"@type\":\"SearchAction\",\"target\":{\"@type\":\"EntryPoint\",\"urlTemplate\":\"https:\/\/pureprogress-logistics.com\/?s={search_term_string}\"},\"query-input\":{\"@type\":\"PropertyValueSpecification\",\"valueRequired\":true,\"valueName\":\"search_term_string\"}}],\"inLanguage\":\"pl-PL\"},{\"@type\":\"Organization\",\"@id\":\"https:\/\/pureprogress-logistics.com\/#organization\",\"name\":\"PUREPROGRESS GmbH\",\"url\":\"https:\/\/pureprogress-logistics.com\/\",\"logo\":{\"@type\":\"ImageObject\",\"inLanguage\":\"pl-PL\",\"@id\":\"https:\/\/pureprogress-logistics.com\/#\/schema\/logo\/image\/\",\"url\":\"https:\/\/ausfuhrbegleitdokument.com\/wp-content\/uploads\/2019\/10\/preloader-image.png\",\"contentUrl\":\"https:\/\/ausfuhrbegleitdokument.com\/wp-content\/uploads\/2019\/10\/preloader-image.png\",\"width\":224,\"height\":31,\"caption\":\"PUREPROGRESS GmbH\"},\"image\":{\"@id\":\"https:\/\/pureprogress-logistics.com\/#\/schema\/logo\/image\/\"}}]}<\/script>\n<!-- \/ Yoast SEO plugin. -->","yoast_head_json":{"title":"Sta\u017c handlowy w odprawie celnej - Agencja spedycyjna i celna | PUREPROGRESS","description":"PureProgress Customs Agency: Sta\u017c komercyjny w zakresie odpraw celnych z perspektyw\u0105 sta\u0142ego zatrudnienia na stanowisku zg\u0142aszaj\u0105cego celnego.","robots":{"index":"index","follow":"follow","max-snippet":"max-snippet:-1","max-image-preview":"max-image-preview:large","max-video-preview":"max-video-preview:-1"},"canonical":"https:\/\/pureprogress-logistics.com\/pl\/staz-handlowy-w-odprawie-celnej\/","og_locale":"pl_PL","og_type":"article","og_title":"Sta\u017c handlowy w odprawie celnej - Agencja spedycyjna i celna | PUREPROGRESS","og_description":"PureProgress Customs Agency: Sta\u017c komercyjny w zakresie odpraw celnych z perspektyw\u0105 sta\u0142ego zatrudnienia na stanowisku zg\u0142aszaj\u0105cego celnego.","og_url":"https:\/\/pureprogress-logistics.com\/pl\/staz-handlowy-w-odprawie-celnej\/","og_site_name":"Agencja spedycyjna i celna | PUREPROGRESS","article_modified_time":"2024-03-06T18:03:14+00:00","twitter_card":"summary_large_image","twitter_misc":{"Szacowany czas czytania":"3 minuty"},"schema":{"@context":"https:\/\/schema.org","@graph":[{"@type":"WebPage","@id":"https:\/\/pureprogress-logistics.com\/pl\/staz-handlowy-w-odprawie-celnej\/","url":"https:\/\/pureprogress-logistics.com\/pl\/staz-handlowy-w-odprawie-celnej\/","name":"Sta\u017c handlowy w odprawie celnej - Agencja spedycyjna i celna | PUREPROGRESS","isPartOf":{"@id":"https:\/\/pureprogress-logistics.com\/#website"},"datePublished":"2021-09-24T09:25:48+00:00","dateModified":"2024-03-06T18:03:14+00:00","description":"PureProgress Customs Agency: Sta\u017c komercyjny w zakresie odpraw celnych z perspektyw\u0105 sta\u0142ego zatrudnienia na stanowisku zg\u0142aszaj\u0105cego celnego.","breadcrumb":{"@id":"https:\/\/pureprogress-logistics.com\/pl\/staz-handlowy-w-odprawie-celnej\/#breadcrumb"},"inLanguage":"pl-PL","potentialAction":[{"@type":"ReadAction","target":["https:\/\/pureprogress-logistics.com\/pl\/staz-handlowy-w-odprawie-celnej\/"]}]},{"@type":"BreadcrumbList","@id":"https:\/\/pureprogress-logistics.com\/pl\/staz-handlowy-w-odprawie-celnej\/#breadcrumb","itemListElement":[{"@type":"ListItem","position":1,"name":"Startseite","item":"https:\/\/pureprogress-logistics.com\/"},{"@type":"ListItem","position":2,"name":"Sta\u017c handlowy w odprawie celnej"}]},{"@type":"WebSite","@id":"https:\/\/pureprogress-logistics.com\/#website","url":"https:\/\/pureprogress-logistics.com\/","name":"Ausfuhrbegleitdokument.com - MRN \/ ABD Erstellung","description":"","publisher":{"@id":"https:\/\/pureprogress-logistics.com\/#organization"},"potentialAction":[{"@type":"SearchAction","target":{"@type":"EntryPoint","urlTemplate":"https:\/\/pureprogress-logistics.com\/?s={search_term_string}"},"query-input":{"@type":"PropertyValueSpecification","valueRequired":true,"valueName":"search_term_string"}}],"inLanguage":"pl-PL"},{"@type":"Organization","@id":"https:\/\/pureprogress-logistics.com\/#organization","name":"PUREPROGRESS GmbH","url":"https:\/\/pureprogress-logistics.com\/","logo":{"@type":"ImageObject","inLanguage":"pl-PL","@id":"https:\/\/pureprogress-logistics.com\/#\/schema\/logo\/image\/","url":"https:\/\/ausfuhrbegleitdokument.com\/wp-content\/uploads\/2019\/10\/preloader-image.png","contentUrl":"https:\/\/ausfuhrbegleitdokument.com\/wp-content\/uploads\/2019\/10\/preloader-image.png","width":224,"height":31,"caption":"PUREPROGRESS GmbH"},"image":{"@id":"https:\/\/pureprogress-logistics.com\/#\/schema\/logo\/image\/"}}]}},"_links":{"self":[{"href":"https:\/\/pureprogress-logistics.com\/pl\/wp-json\/wp\/v2\/pages\/28518","targetHints":{"allow":["GET"]}}],"collection":[{"href":"https:\/\/pureprogress-logistics.com\/pl\/wp-json\/wp\/v2\/pages"}],"about":[{"href":"https:\/\/pureprogress-logistics.com\/pl\/wp-json\/wp\/v2\/types\/page"}],"author":[{"embeddable":true,"href":"https:\/\/pureprogress-logistics.com\/pl\/wp-json\/wp\/v2\/users\/1"}],"replies":[{"embeddable":true,"href":"https:\/\/pureprogress-logistics.com\/pl\/wp-json\/wp\/v2\/comments?post=28518"}],"version-history":[{"count":0,"href":"https:\/\/pureprogress-logistics.com\/pl\/wp-json\/wp\/v2\/pages\/28518\/revisions"}],"wp:attachment":[{"href":"https:\/\/pureprogress-logistics.com\/pl\/wp-json\/wp\/v2\/media?parent=28518"}],"curies":[{"name":"wp","href":"https:\/\/api.w.org\/{rel}","templated":true}]}}