{"id":28434,"date":"2021-10-27T13:20:29","date_gmt":"2021-10-27T13:20:29","guid":{"rendered":"https:\/\/pureprogress-logistics.com\/stanowisko-dyspozytora-m-k-40-100-lokalizacja-ramsen-szwajcaria\/"},"modified":"2024-03-06T17:01:22","modified_gmt":"2024-03-06T17:01:22","slug":"stanowisko-dyspozytora-m-k-40-100-lokalizacja-ramsen-szwajcaria","status":"publish","type":"page","link":"https:\/\/pureprogress-logistics.com\/pl\/stanowisko-dyspozytora-m-k-40-100-lokalizacja-ramsen-szwajcaria\/","title":{"rendered":"Stanowisko dyspozytora m\/k (40-100%), lokalizacja Ramsen, Szwajcaria"},"content":{"rendered":"\t\t<div data-elementor-type=\"wp-page\" data-elementor-id=\"28434\" class=\"elementor elementor-28434 elementor-4923\" data-elementor-post-type=\"page\">\n\t\t\t\t\t\t<section class=\"elementor-section elementor-top-section elementor-element elementor-element-588bc8c elementor-section-boxed elementor-section-height-default elementor-section-height-default\" data-id=\"588bc8c\" data-element_type=\"section\" data-e-type=\"section\" data-settings=\"{&quot;jet_parallax_layout_list&quot;:[{&quot;jet_parallax_layout_image&quot;:{&quot;url&quot;:&quot;&quot;,&quot;id&quot;:&quot;&quot;,&quot;size&quot;:&quot;&quot;},&quot;_id&quot;:&quot;69dbad6&quot;,&quot;jet_parallax_layout_image_tablet&quot;:{&quot;url&quot;:&quot;&quot;,&quot;id&quot;:&quot;&quot;,&quot;size&quot;:&quot;&quot;},&quot;jet_parallax_layout_image_mobile&quot;:{&quot;url&quot;:&quot;&quot;,&quot;id&quot;:&quot;&quot;,&quot;size&quot;:&quot;&quot;},&quot;jet_parallax_layout_speed&quot;:{&quot;unit&quot;:&quot;%&quot;,&quot;size&quot;:50,&quot;sizes&quot;:[]},&quot;jet_parallax_layout_type&quot;:&quot;scroll&quot;,&quot;jet_parallax_layout_direction&quot;:&quot;1&quot;,&quot;jet_parallax_layout_fx_direction&quot;:null,&quot;jet_parallax_layout_z_index&quot;:&quot;&quot;,&quot;jet_parallax_layout_bg_x&quot;:50,&quot;jet_parallax_layout_bg_x_tablet&quot;:&quot;&quot;,&quot;jet_parallax_layout_bg_x_mobile&quot;:&quot;&quot;,&quot;jet_parallax_layout_bg_y&quot;:50,&quot;jet_parallax_layout_bg_y_tablet&quot;:&quot;&quot;,&quot;jet_parallax_layout_bg_y_mobile&quot;:&quot;&quot;,&quot;jet_parallax_layout_bg_size&quot;:&quot;auto&quot;,&quot;jet_parallax_layout_bg_size_tablet&quot;:&quot;&quot;,&quot;jet_parallax_layout_bg_size_mobile&quot;:&quot;&quot;,&quot;jet_parallax_layout_animation_prop&quot;:&quot;transform&quot;,&quot;jet_parallax_layout_on&quot;:[&quot;desktop&quot;,&quot;tablet&quot;]}]}\">\n\t\t\t\t\t\t<div class=\"elementor-container elementor-column-gap-default\">\n\t\t\t\t\t<div class=\"elementor-column elementor-col-100 elementor-top-column elementor-element elementor-element-eed99d5\" data-id=\"eed99d5\" data-element_type=\"column\" data-e-type=\"column\">\n\t\t\t<div class=\"elementor-widget-wrap elementor-element-populated\">\n\t\t\t\t\t\t<div class=\"elementor-element elementor-element-7583c4c elementor-widget elementor-widget-heading\" data-id=\"7583c4c\" data-element_type=\"widget\" data-e-type=\"widget\" data-widget_type=\"heading.default\">\n\t\t\t\t<div class=\"elementor-widget-container\">\n\t\t\t\t\t<h1 class=\"elementor-heading-title elementor-size-xl\">Dyspozytor m\/k (40-100%), lokalizacja Ramsen, Szwajcaria<\/h1>\t\t\t\t<\/div>\n\t\t\t\t<\/div>\n\t\t\t\t<div class=\"elementor-element elementor-element-e9e0396 elementor-widget elementor-widget-text-editor\" data-id=\"e9e0396\" data-element_type=\"widget\" data-e-type=\"widget\" data-widget_type=\"text-editor.default\">\n\t\t\t\t<div class=\"elementor-widget-container\">\n\t\t\t\t\t\t\t\t\t<div id=\"jobDescriptionText\" class=\"jobsearch-jobDescriptionText\">\n<p>Jeste\u015bmy m\u0142od\u0105, mi\u0119dzynarodow\u0105 firm\u0105 logistyczn\u0105 z wewn\u0119trzn\u0105 odpraw\u0105 celn\u0105.<\/p>\n<p>Do naszego nowego biura na granicy w Ramsen poszukujemy dyspozytora (40-100%) ze skutkiem natychmiastowym.<\/p>\n<p>Na tym stanowisku b\u0119dziesz bezpo\u015bredni\u0105 osob\u0105 kontaktow\u0105 dla naszych nowych i obecnych klient\u00f3w z sektora transportowego: telefonicznie i mailowo. Jako ekspert w dziedzinie transportu poka\u017cesz naszym klientom, jakie opcje s\u0105 dost\u0119pne dla ich konkretnych potrzeb. Niezale\u017cnie od tego, czy chodzi o transport towar\u00f3w handlowych i pojazd\u00f3w drog\u0105 l\u0105dow\u0105, morsk\u0105 czy lotnicz\u0105. Obliczaj\u0105, ile miejsca wymaga przesy\u0142ka na \u015brodku transportu, przygotowuj\u0105 wyceny i dbaj\u0105 o organizacj\u0119, aby transport przebiega\u0142 sprawnie. B\u0119dziesz wsp\u00f3\u0142pracowa\u0107 z naszym dzia\u0142em przyjmowania zam\u00f3wie\u0144 oraz, w razie potrzeby, z dzia\u0142em celnym. Codziennie negocjujesz warunki transportu z naszymi przewo\u017anikami i monitorujesz ich terminow\u0105 realizacj\u0119.  <\/p>\n<p><b>Twoje zadania:  <\/b><\/p>\n<p>&#8211; Samodzielna praca w obszarze planowania \/ przygotowywania ofert<\/p>\n<p>&#8211; Regularne odbieranie po\u0142\u0105cze\u0144 telefonicznych<\/p>\n<p>&#8211; Telefoniczne i pisemne porady dla (nowych) klient\u00f3w dotycz\u0105ce zapyta\u0144 transportowych<\/p>\n<p>&#8211; Przyjmowanie zlece\u0144 transportowych<\/p>\n<p>&#8211; Regularne odpowiadanie na wiadomo\u015bci e-mail<\/p>\n<p>&#8211; W razie potrzeby przyjmowanie klient\u00f3w na miejscu<\/p>\n<p>&#8211; Przegl\u0105d, przygotowanie i realizacja zlece\u0144 transportowych<\/p>\n<p>&#8211; Korespondencja i wyja\u015bnienia z klientami, partnerami i wsp\u00f3\u0142pracownikami<\/p>\n<p>&#8211; Dzia\u0142alno\u015b\u0107 administracyjna<\/p>\n<p><b>Co ze sob\u0105 zabra\u0107:  <\/b><\/p>\n<p>&#8211; Idealnie uko\u0144czone szkolenie handlowe (praktyka handlowa), najlepiej w dziedzinie logistyki \/ handlu hurtowego i zagranicznego<\/p>\n<p>&#8211; Og\u00f3lna wiedza w dziedzinie transportu i ce\u0142<\/p>\n<p>&#8211; Bardzo dobra znajomo\u015b\u0107 j\u0119zyka niemieckiego (w mowie i pi\u015bmie)<\/p>\n<p>&#8211; Przynajmniej podstawowa znajomo\u015b\u0107 j\u0119zyka angielskiego (ka\u017cdy inny j\u0119zyk b\u0119dzie dodatkowym atutem)<\/p>\n<p>&#8211; Dobre umiej\u0119tno\u015bci informatyczne (Word, Outlook)<\/p>\n<p>&#8211; Przyjazna, pewna siebie, dbaj\u0105ca o jako\u015b\u0107 i odporna osobowo\u015b\u0107<\/p>\n<p><b>Czego mo\u017cesz od nas oczekiwa\u0107:  <\/b><\/p>\n<p>&#8211; Nowoczesna firma z du\u017c\u0105 elastyczno\u015bci\u0105<\/p>\n<p>&#8211; Zr\u00f3\u017cnicowane zadania<\/p>\n<p>&#8211; Nowoczesne biuro, bezp\u0142atna kawa\/herbata\/woda\/miejsce parkingowe<\/p>\n<p>&#8211; Mo\u017cliwo\u015bci kariery + mo\u017cliwo\u015bci dalszego szkolenia<\/p>\n<p>Je\u015bli jeste\u015b zainteresowany, czekamy na Twoje kompletne dokumenty aplikacyjne  <b>w tym. List motywacyjny<\/b>  poczt\u0105 elektroniczn\u0105 na adres <a href=\"mailto:info@pureprogress.ch\">info@pureprogress.ch<\/a> lub poczt\u0105 tradycyjn\u0105.<\/p>\n<p>Je\u015bli masz jakie\u015b pytania, nie wahaj si\u0119 ze mn\u0105 skontaktowa\u0107. Osoba kontaktowa:<br \/>PUREPROGRESS GmbH, Pan Alexander Haile, Zollstrasse 77, 8240 Thayngen, Szwajcaria<\/p>\n<p>Telefon <span class=\"jobsearch-JobDescription-phone-number\"><br \/>\n  <a href=\"tel:044-512-14-35\">+41 44 512 14 35<\/a><br \/>\n<\/span><\/p>\n<p>Godziny pracy: 40 tygodniowo<\/p>\n<p>Rodzaj stanowiska: pe\u0142ny etat, na sta\u0142e<\/p>\n<p>Godziny pracy:<\/p>\n<ul>\n<li>8-godzinna zmiana<\/li>\n<li>Brak weekend\u00f3w<\/li>\n<li>Od poniedzia\u0142ku do pi\u0105tku<\/li>\n<\/ul>\n<p>Us\u0142ugi:<\/p>\n<ul>\n<li>Darmowe napoje<\/li>\n<li>Bezp\u0142atny parking<\/li>\n<\/ul>\n<p>\u015arodki w obliczu COVID-19:<br \/>Czyszczenie i \u015brodki higieny<\/p>\n<p>Do\u015bwiadczenie zawodowe:<\/p>\n<ul>\n<li>Spedycja \/ Logistyka (og\u00f3lne): 1 rok (po\u017c\u0105dane)<\/li>\n<li>C\u0142a (og\u00f3lne): 1 rok (po\u017c\u0105dane)<\/li>\n<\/ul>\n<p>J\u0119zyk:<\/p>\n<ul>\n<li>J\u0119zyk angielski (po\u017c\u0105dany)<\/li>\n<li>Niemiecki (wymagany)<\/li>\n<\/ul>\n<p>Biuro domowe:<\/p>\n<ul>\n<li>Nie<\/li>\n<\/ul>\n<\/div>\n\t\t\t\t\t\t\t\t<\/div>\n\t\t\t\t<\/div>\n\t\t\t\t\t<\/div>\n\t\t<\/div>\n\t\t\t\t\t<\/div>\n\t\t<\/section>\n\t\t\t\t<\/div>\n\t\t","protected":false},"excerpt":{"rendered":"<p>Dyspozytor m\/k (40-100%), lokalizacja Ramsen, Szwajcaria Jeste\u015bmy m\u0142od\u0105, mi\u0119dzynarodow\u0105 firm\u0105 logistyczn\u0105 z wewn\u0119trzn\u0105 odpraw\u0105 celn\u0105. Do naszego nowego biura na granicy w Ramsen poszukujemy dyspozytora (40-100%) ze skutkiem natychmiastowym. Na tym stanowisku b\u0119dziesz bezpo\u015bredni\u0105 osob\u0105 kontaktow\u0105 dla naszych nowych i obecnych klient\u00f3w z sektora transportowego: telefonicznie i mailowo. Jako ekspert w dziedzinie transportu poka\u017cesz naszym [&hellip;]<\/p>\n","protected":false},"author":1,"featured_media":0,"parent":0,"menu_order":0,"comment_status":"closed","ping_status":"closed","template":"","meta":{"_monsterinsights_skip_tracking":false,"_monsterinsights_sitenote_active":false,"_monsterinsights_sitenote_note":"","_monsterinsights_sitenote_category":0,"footnotes":""},"class_list":["post-28434","page","type-page","status-publish","hentry"],"yoast_head":"<!-- This site is optimized with the Yoast SEO plugin v27.2 - https:\/\/yoast.com\/product\/yoast-seo-wordpress\/ -->\n<title>Stanowisko dyspozytora m\/k (40-100%), lokalizacja Ramsen, Szwajcaria - Agencja spedycyjna i celna | PUREPROGRESS<\/title>\n<meta name=\"description\" content=\"PureProgress oferta pracy Dyspozytor m\/f (40-100%), dla lokalizacji Ramsen Szwajcaria. Firma dzia\u0142aj\u0105ca na skal\u0119 mi\u0119dzynarodow\u0105.\" \/>\n<meta name=\"robots\" content=\"index, follow, max-snippet:-1, max-image-preview:large, max-video-preview:-1\" \/>\n<link rel=\"canonical\" href=\"https:\/\/pureprogress-logistics.com\/pl\/?page_id=28434\" \/>\n<meta property=\"og:locale\" content=\"pl_PL\" \/>\n<meta property=\"og:type\" content=\"article\" \/>\n<meta property=\"og:title\" content=\"Stanowisko dyspozytora m\/k (40-100%), lokalizacja Ramsen, Szwajcaria - Agencja spedycyjna i celna | PUREPROGRESS\" \/>\n<meta property=\"og:description\" content=\"PureProgress oferta pracy Dyspozytor m\/f (40-100%), dla lokalizacji Ramsen Szwajcaria. Firma dzia\u0142aj\u0105ca na skal\u0119 mi\u0119dzynarodow\u0105.\" \/>\n<meta property=\"og:url\" content=\"https:\/\/pureprogress-logistics.com\/pl\/?page_id=28434\" \/>\n<meta property=\"og:site_name\" content=\"Agencja spedycyjna i celna | PUREPROGRESS\" \/>\n<meta property=\"article:modified_time\" content=\"2024-03-06T17:01:22+00:00\" \/>\n<meta name=\"twitter:card\" content=\"summary_large_image\" \/>\n<meta name=\"twitter:label1\" content=\"Szacowany czas czytania\" \/>\n\t<meta name=\"twitter:data1\" content=\"2 minuty\" \/>\n<script type=\"application\/ld+json\" class=\"yoast-schema-graph\">{\"@context\":\"https:\/\/schema.org\",\"@graph\":[{\"@type\":\"WebPage\",\"@id\":\"https:\/\/pureprogress-logistics.com\/pl\/?page_id=28434\",\"url\":\"https:\/\/pureprogress-logistics.com\/pl\/?page_id=28434\",\"name\":\"Stanowisko dyspozytora m\/k (40-100%), lokalizacja Ramsen, Szwajcaria - Agencja spedycyjna i celna | PUREPROGRESS\",\"isPartOf\":{\"@id\":\"https:\/\/pureprogress-logistics.com\/#website\"},\"datePublished\":\"2021-10-27T13:20:29+00:00\",\"dateModified\":\"2024-03-06T17:01:22+00:00\",\"description\":\"PureProgress oferta pracy Dyspozytor m\/f (40-100%), dla lokalizacji Ramsen Szwajcaria. Firma dzia\u0142aj\u0105ca na skal\u0119 mi\u0119dzynarodow\u0105.\",\"breadcrumb\":{\"@id\":\"https:\/\/pureprogress-logistics.com\/pl\/?page_id=28434#breadcrumb\"},\"inLanguage\":\"pl-PL\",\"potentialAction\":[{\"@type\":\"ReadAction\",\"target\":[\"https:\/\/pureprogress-logistics.com\/pl\/?page_id=28434\"]}]},{\"@type\":\"BreadcrumbList\",\"@id\":\"https:\/\/pureprogress-logistics.com\/pl\/?page_id=28434#breadcrumb\",\"itemListElement\":[{\"@type\":\"ListItem\",\"position\":1,\"name\":\"Startseite\",\"item\":\"https:\/\/pureprogress-logistics.com\/\"},{\"@type\":\"ListItem\",\"position\":2,\"name\":\"Stanowisko dyspozytora m\/k (40-100%), lokalizacja Ramsen, Szwajcaria\"}]},{\"@type\":\"WebSite\",\"@id\":\"https:\/\/pureprogress-logistics.com\/#website\",\"url\":\"https:\/\/pureprogress-logistics.com\/\",\"name\":\"Ausfuhrbegleitdokument.com - MRN \/ ABD Erstellung\",\"description\":\"\",\"publisher\":{\"@id\":\"https:\/\/pureprogress-logistics.com\/#organization\"},\"potentialAction\":[{\"@type\":\"SearchAction\",\"target\":{\"@type\":\"EntryPoint\",\"urlTemplate\":\"https:\/\/pureprogress-logistics.com\/?s={search_term_string}\"},\"query-input\":{\"@type\":\"PropertyValueSpecification\",\"valueRequired\":true,\"valueName\":\"search_term_string\"}}],\"inLanguage\":\"pl-PL\"},{\"@type\":\"Organization\",\"@id\":\"https:\/\/pureprogress-logistics.com\/#organization\",\"name\":\"PUREPROGRESS GmbH\",\"url\":\"https:\/\/pureprogress-logistics.com\/\",\"logo\":{\"@type\":\"ImageObject\",\"inLanguage\":\"pl-PL\",\"@id\":\"https:\/\/pureprogress-logistics.com\/#\/schema\/logo\/image\/\",\"url\":\"https:\/\/ausfuhrbegleitdokument.com\/wp-content\/uploads\/2019\/10\/preloader-image.png\",\"contentUrl\":\"https:\/\/ausfuhrbegleitdokument.com\/wp-content\/uploads\/2019\/10\/preloader-image.png\",\"width\":224,\"height\":31,\"caption\":\"PUREPROGRESS GmbH\"},\"image\":{\"@id\":\"https:\/\/pureprogress-logistics.com\/#\/schema\/logo\/image\/\"}}]}<\/script>\n<!-- \/ Yoast SEO plugin. -->","yoast_head_json":{"title":"Stanowisko dyspozytora m\/k (40-100%), lokalizacja Ramsen, Szwajcaria - Agencja spedycyjna i celna | PUREPROGRESS","description":"PureProgress oferta pracy Dyspozytor m\/f (40-100%), dla lokalizacji Ramsen Szwajcaria. Firma dzia\u0142aj\u0105ca na skal\u0119 mi\u0119dzynarodow\u0105.","robots":{"index":"index","follow":"follow","max-snippet":"max-snippet:-1","max-image-preview":"max-image-preview:large","max-video-preview":"max-video-preview:-1"},"canonical":"https:\/\/pureprogress-logistics.com\/pl\/?page_id=28434","og_locale":"pl_PL","og_type":"article","og_title":"Stanowisko dyspozytora m\/k (40-100%), lokalizacja Ramsen, Szwajcaria - Agencja spedycyjna i celna | PUREPROGRESS","og_description":"PureProgress oferta pracy Dyspozytor m\/f (40-100%), dla lokalizacji Ramsen Szwajcaria. Firma dzia\u0142aj\u0105ca na skal\u0119 mi\u0119dzynarodow\u0105.","og_url":"https:\/\/pureprogress-logistics.com\/pl\/?page_id=28434","og_site_name":"Agencja spedycyjna i celna | PUREPROGRESS","article_modified_time":"2024-03-06T17:01:22+00:00","twitter_card":"summary_large_image","twitter_misc":{"Szacowany czas czytania":"2 minuty"},"schema":{"@context":"https:\/\/schema.org","@graph":[{"@type":"WebPage","@id":"https:\/\/pureprogress-logistics.com\/pl\/?page_id=28434","url":"https:\/\/pureprogress-logistics.com\/pl\/?page_id=28434","name":"Stanowisko dyspozytora m\/k (40-100%), lokalizacja Ramsen, Szwajcaria - Agencja spedycyjna i celna | PUREPROGRESS","isPartOf":{"@id":"https:\/\/pureprogress-logistics.com\/#website"},"datePublished":"2021-10-27T13:20:29+00:00","dateModified":"2024-03-06T17:01:22+00:00","description":"PureProgress oferta pracy Dyspozytor m\/f (40-100%), dla lokalizacji Ramsen Szwajcaria. Firma dzia\u0142aj\u0105ca na skal\u0119 mi\u0119dzynarodow\u0105.","breadcrumb":{"@id":"https:\/\/pureprogress-logistics.com\/pl\/?page_id=28434#breadcrumb"},"inLanguage":"pl-PL","potentialAction":[{"@type":"ReadAction","target":["https:\/\/pureprogress-logistics.com\/pl\/?page_id=28434"]}]},{"@type":"BreadcrumbList","@id":"https:\/\/pureprogress-logistics.com\/pl\/?page_id=28434#breadcrumb","itemListElement":[{"@type":"ListItem","position":1,"name":"Startseite","item":"https:\/\/pureprogress-logistics.com\/"},{"@type":"ListItem","position":2,"name":"Stanowisko dyspozytora m\/k (40-100%), lokalizacja Ramsen, Szwajcaria"}]},{"@type":"WebSite","@id":"https:\/\/pureprogress-logistics.com\/#website","url":"https:\/\/pureprogress-logistics.com\/","name":"Ausfuhrbegleitdokument.com - MRN \/ ABD Erstellung","description":"","publisher":{"@id":"https:\/\/pureprogress-logistics.com\/#organization"},"potentialAction":[{"@type":"SearchAction","target":{"@type":"EntryPoint","urlTemplate":"https:\/\/pureprogress-logistics.com\/?s={search_term_string}"},"query-input":{"@type":"PropertyValueSpecification","valueRequired":true,"valueName":"search_term_string"}}],"inLanguage":"pl-PL"},{"@type":"Organization","@id":"https:\/\/pureprogress-logistics.com\/#organization","name":"PUREPROGRESS GmbH","url":"https:\/\/pureprogress-logistics.com\/","logo":{"@type":"ImageObject","inLanguage":"pl-PL","@id":"https:\/\/pureprogress-logistics.com\/#\/schema\/logo\/image\/","url":"https:\/\/ausfuhrbegleitdokument.com\/wp-content\/uploads\/2019\/10\/preloader-image.png","contentUrl":"https:\/\/ausfuhrbegleitdokument.com\/wp-content\/uploads\/2019\/10\/preloader-image.png","width":224,"height":31,"caption":"PUREPROGRESS GmbH"},"image":{"@id":"https:\/\/pureprogress-logistics.com\/#\/schema\/logo\/image\/"}}]}},"_links":{"self":[{"href":"https:\/\/pureprogress-logistics.com\/pl\/wp-json\/wp\/v2\/pages\/28434","targetHints":{"allow":["GET"]}}],"collection":[{"href":"https:\/\/pureprogress-logistics.com\/pl\/wp-json\/wp\/v2\/pages"}],"about":[{"href":"https:\/\/pureprogress-logistics.com\/pl\/wp-json\/wp\/v2\/types\/page"}],"author":[{"embeddable":true,"href":"https:\/\/pureprogress-logistics.com\/pl\/wp-json\/wp\/v2\/users\/1"}],"replies":[{"embeddable":true,"href":"https:\/\/pureprogress-logistics.com\/pl\/wp-json\/wp\/v2\/comments?post=28434"}],"version-history":[{"count":0,"href":"https:\/\/pureprogress-logistics.com\/pl\/wp-json\/wp\/v2\/pages\/28434\/revisions"}],"wp:attachment":[{"href":"https:\/\/pureprogress-logistics.com\/pl\/wp-json\/wp\/v2\/media?parent=28434"}],"curies":[{"name":"wp","href":"https:\/\/api.w.org\/{rel}","templated":true}]}}