{"id":28286,"date":"2022-07-26T17:58:33","date_gmt":"2022-07-26T17:58:33","guid":{"rendered":"https:\/\/pureprogress-logistics.com\/szofer-kierowca-m-k-100-klasa-be-niezaleznie-od-lokalizacji\/"},"modified":"2024-03-06T15:51:05","modified_gmt":"2024-03-06T15:51:05","slug":"szofer-kierowca-m-k-100-klasa-be-niezaleznie-od-lokalizacji","status":"publish","type":"page","link":"https:\/\/pureprogress-logistics.com\/pl\/szofer-kierowca-m-k-100-klasa-be-niezaleznie-od-lokalizacji\/","title":{"rendered":"Szofer \/ Kierowca (m\/k, 100%) klasa BE, niezale\u017cnie od lokalizacji"},"content":{"rendered":"\t\t<div data-elementor-type=\"wp-page\" data-elementor-id=\"28286\" class=\"elementor elementor-28286 elementor-14562\" data-elementor-post-type=\"page\">\n\t\t\t\t\t\t<section class=\"elementor-section elementor-top-section elementor-element elementor-element-24a6d3e8 elementor-section-boxed elementor-section-height-default elementor-section-height-default\" data-id=\"24a6d3e8\" data-element_type=\"section\" data-e-type=\"section\" data-settings=\"{&quot;jet_parallax_layout_list&quot;:[]}\">\n\t\t\t\t\t\t<div class=\"elementor-container elementor-column-gap-default\">\n\t\t\t\t\t<div class=\"elementor-column elementor-col-100 elementor-top-column elementor-element elementor-element-6aff113\" data-id=\"6aff113\" data-element_type=\"column\" data-e-type=\"column\">\n\t\t\t<div class=\"elementor-widget-wrap elementor-element-populated\">\n\t\t\t\t\t\t<div class=\"elementor-element elementor-element-fcb8f40 elementor-widget elementor-widget-text-editor\" data-id=\"fcb8f40\" data-element_type=\"widget\" data-e-type=\"widget\" data-widget_type=\"text-editor.default\">\n\t\t\t\t<div class=\"elementor-widget-container\">\n\t\t\t\t\t\t\t\t\t<p><b><font size=\"6\">Szofer\/kierowca m\/k (100%), klasa BE, niezale\u017cnie od lokalizacji<\/p>\n<p><\/font><\/b><\/p>\n\t\t\t\t\t\t\t\t<\/div>\n\t\t\t\t<\/div>\n\t\t\t\t<div class=\"elementor-element elementor-element-6ef43113 elementor-widget elementor-widget-text-editor\" data-id=\"6ef43113\" data-element_type=\"widget\" data-e-type=\"widget\" data-widget_type=\"text-editor.default\">\n\t\t\t\t<div class=\"elementor-widget-container\">\n\t\t\t\t\t\t\t\t\t\n<p>Jeste\u015bmy m\u0142od\u0105, mi\u0119dzynarodow\u0105 firm\u0105 logistyczn\u0105. Specjalizujemy si\u0119 w szczeg\u00f3lno\u015bci w transporcie pojazd\u00f3w i samochod\u00f3w. Poszukujemy szofera \/ kierowcy (m\/k, 100%) klasy BE do rozszerzenia naszej floty pojazd\u00f3w ze skutkiem natychmiastowym.<\/p>\n\n<p><strong>Twoje zadania:<\/strong><\/p>\n\n<p>&#8211; Za\u0142adunek i roz\u0142adunek przyczepy do transportu samochod\u00f3w<\/p>\n\n<p>&#8211; Transport pojazd\u00f3w SUV-em z przyczep\u0105 do transportu samochod\u00f3w<\/p>\n\n<p>&#8211; Telefoniczne powiadomienie o przybyciu do siedziby klienta<\/p>\n\n<p>&#8211; Wype\u0142nianie konosament\u00f3w<\/p>\n<p>&#8211; Zabezpieczenie \u0142adunku<\/p>\n\n<p> <\/p>\n\n<p><strong>Co ze sob\u0105 zabra\u0107:<\/strong><\/p>\n\n<p>&#8211; Prawo jazdy kategorii B + BE<\/p>\n\n<p>&#8211; Przyjazna, dbaj\u0105ca o jako\u015b\u0107 i odporna osobowo\u015b\u0107<\/p>\n<p>&#8211; Mobilno\u015b\u0107 i gotowo\u015b\u0107 do nocowania w hotelu w niekt\u00f3rych przypadkach<\/p>\n\n<p><strong>Czego mo\u017cesz od nas oczekiwa\u0107:<\/strong><\/p>\n\n<p>&#8211; Nowoczesna firma z du\u017c\u0105 elastyczno\u015bci\u0105<\/p>\n\n<p>&#8211; Zr\u00f3\u017cnicowane trasy i misje<\/p>\n\n<p>Je\u015bli jeste\u015b zainteresowany, czekamy na Twoje kompletne dokumenty aplikacyjne  <strong>w tym. List motywacyjny<\/strong>  wraz z podaniem oczekiwa\u0144 dotycz\u0105cych wynagrodzenia, poczt\u0105 elektroniczn\u0105 na adres <a href=\"mailto:info@pureprogress.ch\">info@pureprogress.ch<\/a> lub poczt\u0105 tradycyjn\u0105.<\/p>\n\n<p>Je\u015bli masz jakie\u015b pytania, nie wahaj si\u0119 ze mn\u0105 skontaktowa\u0107. Osoba kontaktowa:<br>PUREPROGRESS GmbH, Pan Alexander Haile, Zollstrasse 77, 8240 Thayngen, Szwajcaria<\/p>\n\n<p>Telefon +41 44 512 14 35<\/p>\n\n<p>Godziny pracy: 40 tygodniowo<\/p>\n\n<p>Rodzaj stanowiska: W niepe\u0142nym lub pe\u0142nym wymiarze godzin, na sta\u0142e<\/p>\n\n<p>Godziny pracy:<\/p>\n\n<ul>\n<li>8-godzinna zmiana<\/li>\n<li>Brak weekend\u00f3w<\/li>\n<li>Od poniedzia\u0142ku do pi\u0105tku<\/li>\n<\/ul>\n\n<p>Us\u0142ugi:<\/p>\n\n<ul>\n<li>Bezp\u0142atny parking<\/li>\n<\/ul>\n\n<p> <\/p>\n\n<p>J\u0119zyk:<\/p>\n\n<ul>\n<li>J\u0119zyk angielski (po\u017c\u0105dany)<\/li>\n<\/ul>\n\n<p>Biuro domowe:<\/p>\n\n<ul>\n<li>Nie<\/li>\n<\/ul>\n\t\t\t\t\t\t\t\t<\/div>\n\t\t\t\t<\/div>\n\t\t\t\t\t<\/div>\n\t\t<\/div>\n\t\t\t\t\t<\/div>\n\t\t<\/section>\n\t\t\t\t<\/div>\n\t\t","protected":false},"excerpt":{"rendered":"<p>Szofer\/kierowca m\/k (100%), klasa BE, niezale\u017cnie od lokalizacji Jeste\u015bmy m\u0142od\u0105, mi\u0119dzynarodow\u0105 firm\u0105 logistyczn\u0105. Specjalizujemy si\u0119 w szczeg\u00f3lno\u015bci w transporcie pojazd\u00f3w i samochod\u00f3w. Poszukujemy szofera \/ kierowcy (m\/k, 100%) klasy BE do rozszerzenia naszej floty pojazd\u00f3w ze skutkiem natychmiastowym. Twoje zadania: &#8211; Za\u0142adunek i roz\u0142adunek przyczepy do transportu samochod\u00f3w &#8211; Transport pojazd\u00f3w SUV-em z przyczep\u0105 do [&hellip;]<\/p>\n","protected":false},"author":1,"featured_media":0,"parent":0,"menu_order":0,"comment_status":"closed","ping_status":"closed","template":"","meta":{"_monsterinsights_skip_tracking":false,"_monsterinsights_sitenote_active":false,"_monsterinsights_sitenote_note":"","_monsterinsights_sitenote_category":0,"footnotes":""},"class_list":["post-28286","page","type-page","status-publish","hentry"],"yoast_head":"<!-- This site is optimized with the Yoast SEO plugin v27.2 - https:\/\/yoast.com\/product\/yoast-seo-wordpress\/ -->\n<title>Szofer \/ Kierowca (m\/k, 100%) klasa BE, niezale\u017cnie od lokalizacji - Agencja spedycyjna i celna | PUREPROGRESS<\/title>\n<meta name=\"description\" content=\"PureProgress Zollagentur und Spedition poszukuje szofera \/ kierowcy m \/ f (100%), klasa BE, niezale\u017cnie od lokalizacji\" \/>\n<meta name=\"robots\" content=\"index, follow, max-snippet:-1, max-image-preview:large, max-video-preview:-1\" \/>\n<link rel=\"canonical\" href=\"https:\/\/pureprogress-logistics.com\/pl\/?page_id=28286\" \/>\n<meta property=\"og:locale\" content=\"pl_PL\" \/>\n<meta property=\"og:type\" content=\"article\" \/>\n<meta property=\"og:title\" content=\"Szofer \/ Kierowca (m\/k, 100%) klasa BE, niezale\u017cnie od lokalizacji - Agencja spedycyjna i celna | PUREPROGRESS\" \/>\n<meta property=\"og:description\" content=\"PureProgress Zollagentur und Spedition poszukuje szofera \/ kierowcy m \/ f (100%), klasa BE, niezale\u017cnie od lokalizacji\" \/>\n<meta property=\"og:url\" content=\"https:\/\/pureprogress-logistics.com\/pl\/?page_id=28286\" \/>\n<meta property=\"og:site_name\" content=\"Agencja spedycyjna i celna | PUREPROGRESS\" \/>\n<meta property=\"article:modified_time\" content=\"2024-03-06T15:51:05+00:00\" \/>\n<meta name=\"twitter:card\" content=\"summary_large_image\" \/>\n<meta name=\"twitter:label1\" content=\"Szacowany czas czytania\" \/>\n\t<meta name=\"twitter:data1\" content=\"1 minuta\" \/>\n<script type=\"application\/ld+json\" class=\"yoast-schema-graph\">{\"@context\":\"https:\/\/schema.org\",\"@graph\":[{\"@type\":\"WebPage\",\"@id\":\"https:\/\/pureprogress-logistics.com\/pl\/?page_id=28286\",\"url\":\"https:\/\/pureprogress-logistics.com\/pl\/?page_id=28286\",\"name\":\"Szofer \/ Kierowca (m\/k, 100%) klasa BE, niezale\u017cnie od lokalizacji - Agencja spedycyjna i celna | PUREPROGRESS\",\"isPartOf\":{\"@id\":\"https:\/\/pureprogress-logistics.com\/#website\"},\"datePublished\":\"2022-07-26T17:58:33+00:00\",\"dateModified\":\"2024-03-06T15:51:05+00:00\",\"description\":\"PureProgress Zollagentur und Spedition poszukuje szofera \/ kierowcy m \/ f (100%), klasa BE, niezale\u017cnie od lokalizacji\",\"breadcrumb\":{\"@id\":\"https:\/\/pureprogress-logistics.com\/pl\/?page_id=28286#breadcrumb\"},\"inLanguage\":\"pl-PL\",\"potentialAction\":[{\"@type\":\"ReadAction\",\"target\":[\"https:\/\/pureprogress-logistics.com\/pl\/?page_id=28286\"]}]},{\"@type\":\"BreadcrumbList\",\"@id\":\"https:\/\/pureprogress-logistics.com\/pl\/?page_id=28286#breadcrumb\",\"itemListElement\":[{\"@type\":\"ListItem\",\"position\":1,\"name\":\"Startseite\",\"item\":\"https:\/\/pureprogress-logistics.com\/\"},{\"@type\":\"ListItem\",\"position\":2,\"name\":\"Szofer \/ Kierowca (m\/k, 100%) klasa BE, niezale\u017cnie od lokalizacji\"}]},{\"@type\":\"WebSite\",\"@id\":\"https:\/\/pureprogress-logistics.com\/#website\",\"url\":\"https:\/\/pureprogress-logistics.com\/\",\"name\":\"Ausfuhrbegleitdokument.com - MRN \/ ABD Erstellung\",\"description\":\"\",\"publisher\":{\"@id\":\"https:\/\/pureprogress-logistics.com\/#organization\"},\"potentialAction\":[{\"@type\":\"SearchAction\",\"target\":{\"@type\":\"EntryPoint\",\"urlTemplate\":\"https:\/\/pureprogress-logistics.com\/?s={search_term_string}\"},\"query-input\":{\"@type\":\"PropertyValueSpecification\",\"valueRequired\":true,\"valueName\":\"search_term_string\"}}],\"inLanguage\":\"pl-PL\"},{\"@type\":\"Organization\",\"@id\":\"https:\/\/pureprogress-logistics.com\/#organization\",\"name\":\"PUREPROGRESS GmbH\",\"url\":\"https:\/\/pureprogress-logistics.com\/\",\"logo\":{\"@type\":\"ImageObject\",\"inLanguage\":\"pl-PL\",\"@id\":\"https:\/\/pureprogress-logistics.com\/#\/schema\/logo\/image\/\",\"url\":\"https:\/\/ausfuhrbegleitdokument.com\/wp-content\/uploads\/2019\/10\/preloader-image.png\",\"contentUrl\":\"https:\/\/ausfuhrbegleitdokument.com\/wp-content\/uploads\/2019\/10\/preloader-image.png\",\"width\":224,\"height\":31,\"caption\":\"PUREPROGRESS GmbH\"},\"image\":{\"@id\":\"https:\/\/pureprogress-logistics.com\/#\/schema\/logo\/image\/\"}}]}<\/script>\n<!-- \/ Yoast SEO plugin. -->","yoast_head_json":{"title":"Szofer \/ Kierowca (m\/k, 100%) klasa BE, niezale\u017cnie od lokalizacji - Agencja spedycyjna i celna | PUREPROGRESS","description":"PureProgress Zollagentur und Spedition poszukuje szofera \/ kierowcy m \/ f (100%), klasa BE, niezale\u017cnie od lokalizacji","robots":{"index":"index","follow":"follow","max-snippet":"max-snippet:-1","max-image-preview":"max-image-preview:large","max-video-preview":"max-video-preview:-1"},"canonical":"https:\/\/pureprogress-logistics.com\/pl\/?page_id=28286","og_locale":"pl_PL","og_type":"article","og_title":"Szofer \/ Kierowca (m\/k, 100%) klasa BE, niezale\u017cnie od lokalizacji - Agencja spedycyjna i celna | PUREPROGRESS","og_description":"PureProgress Zollagentur und Spedition poszukuje szofera \/ kierowcy m \/ f (100%), klasa BE, niezale\u017cnie od lokalizacji","og_url":"https:\/\/pureprogress-logistics.com\/pl\/?page_id=28286","og_site_name":"Agencja spedycyjna i celna | PUREPROGRESS","article_modified_time":"2024-03-06T15:51:05+00:00","twitter_card":"summary_large_image","twitter_misc":{"Szacowany czas czytania":"1 minuta"},"schema":{"@context":"https:\/\/schema.org","@graph":[{"@type":"WebPage","@id":"https:\/\/pureprogress-logistics.com\/pl\/?page_id=28286","url":"https:\/\/pureprogress-logistics.com\/pl\/?page_id=28286","name":"Szofer \/ Kierowca (m\/k, 100%) klasa BE, niezale\u017cnie od lokalizacji - Agencja spedycyjna i celna | PUREPROGRESS","isPartOf":{"@id":"https:\/\/pureprogress-logistics.com\/#website"},"datePublished":"2022-07-26T17:58:33+00:00","dateModified":"2024-03-06T15:51:05+00:00","description":"PureProgress Zollagentur und Spedition poszukuje szofera \/ kierowcy m \/ f (100%), klasa BE, niezale\u017cnie od lokalizacji","breadcrumb":{"@id":"https:\/\/pureprogress-logistics.com\/pl\/?page_id=28286#breadcrumb"},"inLanguage":"pl-PL","potentialAction":[{"@type":"ReadAction","target":["https:\/\/pureprogress-logistics.com\/pl\/?page_id=28286"]}]},{"@type":"BreadcrumbList","@id":"https:\/\/pureprogress-logistics.com\/pl\/?page_id=28286#breadcrumb","itemListElement":[{"@type":"ListItem","position":1,"name":"Startseite","item":"https:\/\/pureprogress-logistics.com\/"},{"@type":"ListItem","position":2,"name":"Szofer \/ Kierowca (m\/k, 100%) klasa BE, niezale\u017cnie od lokalizacji"}]},{"@type":"WebSite","@id":"https:\/\/pureprogress-logistics.com\/#website","url":"https:\/\/pureprogress-logistics.com\/","name":"Ausfuhrbegleitdokument.com - MRN \/ ABD Erstellung","description":"","publisher":{"@id":"https:\/\/pureprogress-logistics.com\/#organization"},"potentialAction":[{"@type":"SearchAction","target":{"@type":"EntryPoint","urlTemplate":"https:\/\/pureprogress-logistics.com\/?s={search_term_string}"},"query-input":{"@type":"PropertyValueSpecification","valueRequired":true,"valueName":"search_term_string"}}],"inLanguage":"pl-PL"},{"@type":"Organization","@id":"https:\/\/pureprogress-logistics.com\/#organization","name":"PUREPROGRESS GmbH","url":"https:\/\/pureprogress-logistics.com\/","logo":{"@type":"ImageObject","inLanguage":"pl-PL","@id":"https:\/\/pureprogress-logistics.com\/#\/schema\/logo\/image\/","url":"https:\/\/ausfuhrbegleitdokument.com\/wp-content\/uploads\/2019\/10\/preloader-image.png","contentUrl":"https:\/\/ausfuhrbegleitdokument.com\/wp-content\/uploads\/2019\/10\/preloader-image.png","width":224,"height":31,"caption":"PUREPROGRESS GmbH"},"image":{"@id":"https:\/\/pureprogress-logistics.com\/#\/schema\/logo\/image\/"}}]}},"_links":{"self":[{"href":"https:\/\/pureprogress-logistics.com\/pl\/wp-json\/wp\/v2\/pages\/28286","targetHints":{"allow":["GET"]}}],"collection":[{"href":"https:\/\/pureprogress-logistics.com\/pl\/wp-json\/wp\/v2\/pages"}],"about":[{"href":"https:\/\/pureprogress-logistics.com\/pl\/wp-json\/wp\/v2\/types\/page"}],"author":[{"embeddable":true,"href":"https:\/\/pureprogress-logistics.com\/pl\/wp-json\/wp\/v2\/users\/1"}],"replies":[{"embeddable":true,"href":"https:\/\/pureprogress-logistics.com\/pl\/wp-json\/wp\/v2\/comments?post=28286"}],"version-history":[{"count":0,"href":"https:\/\/pureprogress-logistics.com\/pl\/wp-json\/wp\/v2\/pages\/28286\/revisions"}],"wp:attachment":[{"href":"https:\/\/pureprogress-logistics.com\/pl\/wp-json\/wp\/v2\/media?parent=28286"}],"curies":[{"name":"wp","href":"https:\/\/api.w.org\/{rel}","templated":true}]}}