{"id":28198,"date":"2023-01-08T22:45:40","date_gmt":"2023-01-08T22:45:40","guid":{"rendered":"https:\/\/pureprogress-logistics.com\/stanowisko-ksiegowego-40-100-lokalizacja-wolfurt\/"},"modified":"2024-03-06T10:06:52","modified_gmt":"2024-03-06T10:06:52","slug":"stanowisko-ksiegowego-40-100-lokalizacja-wolfurt","status":"publish","type":"page","link":"https:\/\/pureprogress-logistics.com\/pl\/stanowisko-ksiegowego-40-100-lokalizacja-wolfurt\/","title":{"rendered":"Stanowisko ksi\u0119gowego (40-100%), lokalizacja Wolfurt"},"content":{"rendered":"\t\t<div data-elementor-type=\"wp-page\" data-elementor-id=\"28198\" class=\"elementor elementor-28198 elementor-14837\" data-elementor-post-type=\"page\">\n\t\t\t\t\t\t<section class=\"elementor-section elementor-top-section elementor-element elementor-element-40f1b8a elementor-section-boxed elementor-section-height-default elementor-section-height-default\" data-id=\"40f1b8a\" data-element_type=\"section\" data-e-type=\"section\" data-settings=\"{&quot;jet_parallax_layout_list&quot;:[{&quot;jet_parallax_layout_image&quot;:{&quot;url&quot;:&quot;&quot;,&quot;id&quot;:&quot;&quot;,&quot;size&quot;:&quot;&quot;},&quot;_id&quot;:&quot;69dbad6&quot;,&quot;jet_parallax_layout_image_tablet&quot;:{&quot;url&quot;:&quot;&quot;,&quot;id&quot;:&quot;&quot;,&quot;size&quot;:&quot;&quot;},&quot;jet_parallax_layout_image_mobile&quot;:{&quot;url&quot;:&quot;&quot;,&quot;id&quot;:&quot;&quot;,&quot;size&quot;:&quot;&quot;},&quot;jet_parallax_layout_speed&quot;:{&quot;unit&quot;:&quot;%&quot;,&quot;size&quot;:50,&quot;sizes&quot;:[]},&quot;jet_parallax_layout_type&quot;:&quot;scroll&quot;,&quot;jet_parallax_layout_direction&quot;:&quot;1&quot;,&quot;jet_parallax_layout_fx_direction&quot;:null,&quot;jet_parallax_layout_z_index&quot;:&quot;&quot;,&quot;jet_parallax_layout_bg_x&quot;:50,&quot;jet_parallax_layout_bg_x_tablet&quot;:&quot;&quot;,&quot;jet_parallax_layout_bg_x_mobile&quot;:&quot;&quot;,&quot;jet_parallax_layout_bg_y&quot;:50,&quot;jet_parallax_layout_bg_y_tablet&quot;:&quot;&quot;,&quot;jet_parallax_layout_bg_y_mobile&quot;:&quot;&quot;,&quot;jet_parallax_layout_bg_size&quot;:&quot;auto&quot;,&quot;jet_parallax_layout_bg_size_tablet&quot;:&quot;&quot;,&quot;jet_parallax_layout_bg_size_mobile&quot;:&quot;&quot;,&quot;jet_parallax_layout_animation_prop&quot;:&quot;transform&quot;,&quot;jet_parallax_layout_on&quot;:[&quot;desktop&quot;,&quot;tablet&quot;]}]}\">\n\t\t\t\t\t\t<div class=\"elementor-container elementor-column-gap-default\">\n\t\t\t\t\t<div class=\"elementor-column elementor-col-100 elementor-top-column elementor-element elementor-element-6128efd\" data-id=\"6128efd\" data-element_type=\"column\" data-e-type=\"column\">\n\t\t\t<div class=\"elementor-widget-wrap elementor-element-populated\">\n\t\t\t\t\t\t<div class=\"elementor-element elementor-element-14a0e63 elementor-widget elementor-widget-heading\" data-id=\"14a0e63\" data-element_type=\"widget\" data-e-type=\"widget\" data-widget_type=\"heading.default\">\n\t\t\t\t<div class=\"elementor-widget-container\">\n\t\t\t\t\t<h1 class=\"elementor-heading-title elementor-size-default\"><font size=\"5\">  Pracownik ksi\u0119gowo\u015bci (40-100%), lokalizacja Wolfurt, Austria<\/font><\/h1>\t\t\t\t<\/div>\n\t\t\t\t<\/div>\n\t\t\t\t<div class=\"elementor-element elementor-element-a077fd8 elementor-widget elementor-widget-text-editor\" data-id=\"a077fd8\" data-element_type=\"widget\" data-e-type=\"widget\" data-widget_type=\"text-editor.default\">\n\t\t\t\t<div class=\"elementor-widget-container\">\n\t\t\t\t\t\t\t\t\t<div>\n<p>Jeste\u015bmy m\u0142od\u0105, mi\u0119dzynarodow\u0105 firm\u0105 logistyczn\u0105 z wewn\u0119trzn\u0105 odpraw\u0105 celn\u0105. <br>Do naszego biura w Wolfurcie poszukujemy ksi\u0119gowego (40-100%) do natychmiastowego rozpocz\u0119cia pracy.<\/p>\n<div>\n<p>Na tym stanowisku b\u0119dziesz przede wszystkim odpowiedzialny za fakturowanie naszych zam\u00f3wie\u0144. B\u0119dziesz tworzy\u0107 faktury i noty kredytowe dla klient\u00f3w i partner\u00f3w, wyja\u015bnia\u0107 specjalne warunki wewn\u0119trznie przed wystawieniem faktury i przyjmowa\u0107 reklamacje dotycz\u0105ce faktur za po\u015brednictwem poczty elektronicznej i telefonu. U\u017cytkownik wysy\u0142a faktury i przypomnienia o p\u0142atno\u015bciach, a tak\u017ce przypomnienia poczt\u0105 lub e-mailem, wraz z odpowiednimi potwierdzeniami celnymi, je\u015bli ma to zastosowanie. B\u0119dziesz r\u00f3wnie\u017c sprawdza\u0107 legalno\u015b\u0107 obci\u0105\u017ce\u0144 naszego rachunku odroczenia p\u0142atno\u015bci celnych i wykonywa\u0107 og\u00f3lne zadania administracyjne. B\u0119dziesz tak\u017ce wprowadza\u0107 predefiniowane rekordy ksi\u0119gowania w naszym programie ksi\u0119gowym.<\/p>\n<p><b><br><\/b><\/p>\n<p><b>Twoje zadania:  <\/b><\/p>\n<p>&#8211; Samodzielne fakturowanie i ksi\u0119gowanie przesy\u0142ek w obszarze logistyki i odpraw celnych<\/p>\n<p>&#8211; Odbieranie po\u0142\u0105cze\u0144 telefonicznych i odpowiadanie na wiadomo\u015bci e-mail dotycz\u0105ce fakturowania<\/p>\n<p>&#8211; Tworzenie i wysy\u0142anie faktur, not kredytowych, przypomnie\u0144 o p\u0142atno\u015bciach i list\u00f3w monituj\u0105cych.<\/p>\n<p>&#8211; Sprawdzanie i uzgadnianie konta odrocze\u0144 celnych ZAZ<\/p>\n<p>&#8211; Korespondencja i wyja\u015bnienia z klientami i wsp\u00f3\u0142pracownikami<\/p>\n<p>&#8211; Dzia\u0142alno\u015b\u0107 administracyjna<\/p>\n<p><b><br><\/b><\/p>\n<p><b>Co ze sob\u0105 zabra\u0107:  <\/b><\/p>\n<p>&#8211; Idealnie uko\u0144czony sta\u017c handlowy (sta\u017c handlowy), najlepiej w dziedzinie finans\u00f3w \/ odprawy celnej \/ logistyki \/ handlu hurtowego i zagranicznego lub jako pracownik biurowy<\/p>\n<p>&#8211; Og\u00f3lna wiedza na temat transportu i ce\u0142 jest dodatkowym atutem<\/p>\n<p>&#8211; Dobra znajomo\u015b\u0107 j\u0119zyka niemieckiego (w mowie i pi\u015bmie)<\/p>\n<p>&#8211; Przynajmniej podstawowa znajomo\u015b\u0107 j\u0119zyka angielskiego (ka\u017cdy inny j\u0119zyk b\u0119dzie dodatkowym atutem)<\/p>\n<p>&#8211; Dobre umiej\u0119tno\u015bci informatyczne (Windows, Excel, Outlook)<\/p>\n<p>&#8211; Przyjazna osobowo\u015b\u0107 i dok\u0142adny spos\u00f3b pracy<\/p>\n<p><b><br><\/b><\/p>\n<p><b>Czego mo\u017cesz od nas oczekiwa\u0107:  <\/b><\/p>\n<p>&#8211; Nowoczesna firma z du\u017c\u0105 elastyczno\u015bci\u0105<\/p>\n<p>&#8211; Nowoczesne biuro, bezp\u0142atna kawa\/herbata\/woda\/miejsce parkingowe<\/p>\n<p>&#8211; Mo\u017cliwo\u015bci kariery + rotacja stanowisk<\/p>\n<p><br><\/p>\n<p>Zgodnie z uk\u0142adem zbiorowym pracy, stanowisko to obejmuje<br>\nminimalne miesi\u0119czne wynagrodzenie brutto w wysoko\u015bci 1 928,00 euro i jest wyp\u0142acane &#8211; w zale\u017cno\u015bci od<br>\nzgodnie z do\u015bwiadczeniem zawodowym i kwalifikacjami.  <\/p>\n<p>Je\u015bli jeste\u015b zainteresowany, czekamy na Twoje kompletne dokumenty aplikacyjne  <b>w tym. List motywacyjny<\/b>  oraz oczekiwania dotycz\u0105ce wynagrodzenia poczt\u0105 elektroniczn\u0105 na adres <a href=\"mailto:info@pureprogress.ch\">info@pureprogress.ch<\/a>.<br><\/p>\n<p>Je\u015bli masz jakie\u015b pytania, nie wahaj si\u0119 ze mn\u0105 skontaktowa\u0107. Osoba kontaktowa:<br>PUREPROGRESS GmbH, Pan Alexander Haile, Moskwa 314B, 8262 Ramsen, Szwajcaria<\/p>\n<p>Telefon +41 44 512 14 35<\/p>\n<\/div>\n<div>\n<p>Rodzaj stanowiska: niepe\u0142ny lub pe\u0142ny etat, obci\u0105\u017cenie prac\u0105: 40-100%, stanowisko sta\u0142e, czas nieokre\u015blony<\/p>\n<p>Godziny pracy: 16-40 tygodniowo<\/p>\n<\/div>\n<p>Godziny pracy:<\/p>\n<ul>\n<li>8-godzinna zmiana<\/li>\n<li>Brak weekend\u00f3w<\/li>\n<li>Od poniedzia\u0142ku do pi\u0105tku<\/li>\n<\/ul>\n<p><br><\/p>\n<p>Us\u0142ugi:<\/p>\n<ul>\n<li>Darmowe napoje<\/li>\n<li>Bezp\u0142atny parking<\/li>\n<\/ul>\n<p><br><\/p>\n<p>\u015arodki w obliczu COVID-19:<br>Czyszczenie i \u015brodki higieny<\/p>\n<p>Biuro domowe:<\/p>\n<ul>\n<li>Nie<\/li>\n<\/ul>\n<\/div>\t\t\t\t\t\t\t\t<\/div>\n\t\t\t\t<\/div>\n\t\t\t\t\t<\/div>\n\t\t<\/div>\n\t\t\t\t\t<\/div>\n\t\t<\/section>\n\t\t\t\t<\/div>\n\t\t","protected":false},"excerpt":{"rendered":"<p>Pracownik ksi\u0119gowo\u015bci (40-100%), lokalizacja Wolfurt, Austria Jeste\u015bmy m\u0142od\u0105, mi\u0119dzynarodow\u0105 firm\u0105 logistyczn\u0105 z wewn\u0119trzn\u0105 odpraw\u0105 celn\u0105. Do naszego biura w Wolfurcie poszukujemy ksi\u0119gowego (40-100%) do natychmiastowego rozpocz\u0119cia pracy. Na tym stanowisku b\u0119dziesz przede wszystkim odpowiedzialny za fakturowanie naszych zam\u00f3wie\u0144. B\u0119dziesz tworzy\u0107 faktury i noty kredytowe dla klient\u00f3w i partner\u00f3w, wyja\u015bnia\u0107 specjalne warunki wewn\u0119trznie przed wystawieniem faktury [&hellip;]<\/p>\n","protected":false},"author":1,"featured_media":0,"parent":0,"menu_order":0,"comment_status":"closed","ping_status":"closed","template":"","meta":{"_monsterinsights_skip_tracking":false,"_monsterinsights_sitenote_active":false,"_monsterinsights_sitenote_note":"","_monsterinsights_sitenote_category":0,"footnotes":""},"class_list":["post-28198","page","type-page","status-publish","hentry"],"yoast_head":"<!-- This site is optimized with the Yoast SEO plugin v27.2 - https:\/\/yoast.com\/product\/yoast-seo-wordpress\/ -->\n<title>Stanowisko ksi\u0119gowego (40-100%), lokalizacja Wolfurt<\/title>\n<meta name=\"description\" content=\"PureProgress Customs Agency and Forwarding Clerk Accounting (40-100%), lokalizacja Wolfurt, Austria\" \/>\n<meta name=\"robots\" content=\"index, follow, max-snippet:-1, max-image-preview:large, max-video-preview:-1\" \/>\n<link rel=\"canonical\" href=\"https:\/\/pureprogress-logistics.com\/pl\/?page_id=28198\" \/>\n<meta property=\"og:locale\" content=\"pl_PL\" \/>\n<meta property=\"og:type\" content=\"article\" \/>\n<meta property=\"og:title\" content=\"Stanowisko ksi\u0119gowego (40-100%), lokalizacja Wolfurt\" \/>\n<meta property=\"og:description\" content=\"PureProgress Customs Agency and Forwarding Clerk Accounting (40-100%), lokalizacja Wolfurt, Austria\" \/>\n<meta property=\"og:url\" content=\"https:\/\/pureprogress-logistics.com\/pl\/?page_id=28198\" \/>\n<meta property=\"og:site_name\" content=\"Agencja spedycyjna i celna | PUREPROGRESS\" \/>\n<meta property=\"article:modified_time\" content=\"2024-03-06T10:06:52+00:00\" \/>\n<meta name=\"twitter:card\" content=\"summary_large_image\" \/>\n<meta name=\"twitter:label1\" content=\"Szacowany czas czytania\" \/>\n\t<meta name=\"twitter:data1\" content=\"2 minuty\" \/>\n<script type=\"application\/ld+json\" class=\"yoast-schema-graph\">{\"@context\":\"https:\/\/schema.org\",\"@graph\":[{\"@type\":\"WebPage\",\"@id\":\"https:\/\/pureprogress-logistics.com\/pl\/?page_id=28198\",\"url\":\"https:\/\/pureprogress-logistics.com\/pl\/?page_id=28198\",\"name\":\"Stanowisko ksi\u0119gowego (40-100%), lokalizacja Wolfurt\",\"isPartOf\":{\"@id\":\"https:\/\/pureprogress-logistics.com\/#website\"},\"datePublished\":\"2023-01-08T22:45:40+00:00\",\"dateModified\":\"2024-03-06T10:06:52+00:00\",\"description\":\"PureProgress Customs Agency and Forwarding Clerk Accounting (40-100%), lokalizacja Wolfurt, Austria\",\"breadcrumb\":{\"@id\":\"https:\/\/pureprogress-logistics.com\/pl\/?page_id=28198#breadcrumb\"},\"inLanguage\":\"pl-PL\",\"potentialAction\":[{\"@type\":\"ReadAction\",\"target\":[\"https:\/\/pureprogress-logistics.com\/pl\/?page_id=28198\"]}]},{\"@type\":\"BreadcrumbList\",\"@id\":\"https:\/\/pureprogress-logistics.com\/pl\/?page_id=28198#breadcrumb\",\"itemListElement\":[{\"@type\":\"ListItem\",\"position\":1,\"name\":\"Startseite\",\"item\":\"https:\/\/pureprogress-logistics.com\/\"},{\"@type\":\"ListItem\",\"position\":2,\"name\":\"Stanowisko ksi\u0119gowego (40-100%), lokalizacja Wolfurt\"}]},{\"@type\":\"WebSite\",\"@id\":\"https:\/\/pureprogress-logistics.com\/#website\",\"url\":\"https:\/\/pureprogress-logistics.com\/\",\"name\":\"Ausfuhrbegleitdokument.com - MRN \/ ABD Erstellung\",\"description\":\"\",\"publisher\":{\"@id\":\"https:\/\/pureprogress-logistics.com\/#organization\"},\"potentialAction\":[{\"@type\":\"SearchAction\",\"target\":{\"@type\":\"EntryPoint\",\"urlTemplate\":\"https:\/\/pureprogress-logistics.com\/?s={search_term_string}\"},\"query-input\":{\"@type\":\"PropertyValueSpecification\",\"valueRequired\":true,\"valueName\":\"search_term_string\"}}],\"inLanguage\":\"pl-PL\"},{\"@type\":\"Organization\",\"@id\":\"https:\/\/pureprogress-logistics.com\/#organization\",\"name\":\"PUREPROGRESS GmbH\",\"url\":\"https:\/\/pureprogress-logistics.com\/\",\"logo\":{\"@type\":\"ImageObject\",\"inLanguage\":\"pl-PL\",\"@id\":\"https:\/\/pureprogress-logistics.com\/#\/schema\/logo\/image\/\",\"url\":\"https:\/\/ausfuhrbegleitdokument.com\/wp-content\/uploads\/2019\/10\/preloader-image.png\",\"contentUrl\":\"https:\/\/ausfuhrbegleitdokument.com\/wp-content\/uploads\/2019\/10\/preloader-image.png\",\"width\":224,\"height\":31,\"caption\":\"PUREPROGRESS GmbH\"},\"image\":{\"@id\":\"https:\/\/pureprogress-logistics.com\/#\/schema\/logo\/image\/\"}}]}<\/script>\n<!-- \/ Yoast SEO plugin. -->","yoast_head_json":{"title":"Stanowisko ksi\u0119gowego (40-100%), lokalizacja Wolfurt","description":"PureProgress Customs Agency and Forwarding Clerk Accounting (40-100%), lokalizacja Wolfurt, Austria","robots":{"index":"index","follow":"follow","max-snippet":"max-snippet:-1","max-image-preview":"max-image-preview:large","max-video-preview":"max-video-preview:-1"},"canonical":"https:\/\/pureprogress-logistics.com\/pl\/?page_id=28198","og_locale":"pl_PL","og_type":"article","og_title":"Stanowisko ksi\u0119gowego (40-100%), lokalizacja Wolfurt","og_description":"PureProgress Customs Agency and Forwarding Clerk Accounting (40-100%), lokalizacja Wolfurt, Austria","og_url":"https:\/\/pureprogress-logistics.com\/pl\/?page_id=28198","og_site_name":"Agencja spedycyjna i celna | PUREPROGRESS","article_modified_time":"2024-03-06T10:06:52+00:00","twitter_card":"summary_large_image","twitter_misc":{"Szacowany czas czytania":"2 minuty"},"schema":{"@context":"https:\/\/schema.org","@graph":[{"@type":"WebPage","@id":"https:\/\/pureprogress-logistics.com\/pl\/?page_id=28198","url":"https:\/\/pureprogress-logistics.com\/pl\/?page_id=28198","name":"Stanowisko ksi\u0119gowego (40-100%), lokalizacja Wolfurt","isPartOf":{"@id":"https:\/\/pureprogress-logistics.com\/#website"},"datePublished":"2023-01-08T22:45:40+00:00","dateModified":"2024-03-06T10:06:52+00:00","description":"PureProgress Customs Agency and Forwarding Clerk Accounting (40-100%), lokalizacja Wolfurt, Austria","breadcrumb":{"@id":"https:\/\/pureprogress-logistics.com\/pl\/?page_id=28198#breadcrumb"},"inLanguage":"pl-PL","potentialAction":[{"@type":"ReadAction","target":["https:\/\/pureprogress-logistics.com\/pl\/?page_id=28198"]}]},{"@type":"BreadcrumbList","@id":"https:\/\/pureprogress-logistics.com\/pl\/?page_id=28198#breadcrumb","itemListElement":[{"@type":"ListItem","position":1,"name":"Startseite","item":"https:\/\/pureprogress-logistics.com\/"},{"@type":"ListItem","position":2,"name":"Stanowisko ksi\u0119gowego (40-100%), lokalizacja Wolfurt"}]},{"@type":"WebSite","@id":"https:\/\/pureprogress-logistics.com\/#website","url":"https:\/\/pureprogress-logistics.com\/","name":"Ausfuhrbegleitdokument.com - MRN \/ ABD Erstellung","description":"","publisher":{"@id":"https:\/\/pureprogress-logistics.com\/#organization"},"potentialAction":[{"@type":"SearchAction","target":{"@type":"EntryPoint","urlTemplate":"https:\/\/pureprogress-logistics.com\/?s={search_term_string}"},"query-input":{"@type":"PropertyValueSpecification","valueRequired":true,"valueName":"search_term_string"}}],"inLanguage":"pl-PL"},{"@type":"Organization","@id":"https:\/\/pureprogress-logistics.com\/#organization","name":"PUREPROGRESS GmbH","url":"https:\/\/pureprogress-logistics.com\/","logo":{"@type":"ImageObject","inLanguage":"pl-PL","@id":"https:\/\/pureprogress-logistics.com\/#\/schema\/logo\/image\/","url":"https:\/\/ausfuhrbegleitdokument.com\/wp-content\/uploads\/2019\/10\/preloader-image.png","contentUrl":"https:\/\/ausfuhrbegleitdokument.com\/wp-content\/uploads\/2019\/10\/preloader-image.png","width":224,"height":31,"caption":"PUREPROGRESS GmbH"},"image":{"@id":"https:\/\/pureprogress-logistics.com\/#\/schema\/logo\/image\/"}}]}},"_links":{"self":[{"href":"https:\/\/pureprogress-logistics.com\/pl\/wp-json\/wp\/v2\/pages\/28198","targetHints":{"allow":["GET"]}}],"collection":[{"href":"https:\/\/pureprogress-logistics.com\/pl\/wp-json\/wp\/v2\/pages"}],"about":[{"href":"https:\/\/pureprogress-logistics.com\/pl\/wp-json\/wp\/v2\/types\/page"}],"author":[{"embeddable":true,"href":"https:\/\/pureprogress-logistics.com\/pl\/wp-json\/wp\/v2\/users\/1"}],"replies":[{"embeddable":true,"href":"https:\/\/pureprogress-logistics.com\/pl\/wp-json\/wp\/v2\/comments?post=28198"}],"version-history":[{"count":0,"href":"https:\/\/pureprogress-logistics.com\/pl\/wp-json\/wp\/v2\/pages\/28198\/revisions"}],"wp:attachment":[{"href":"https:\/\/pureprogress-logistics.com\/pl\/wp-json\/wp\/v2\/media?parent=28198"}],"curies":[{"name":"wp","href":"https:\/\/api.w.org\/{rel}","templated":true}]}}