{"id":28192,"date":"2023-01-08T23:02:16","date_gmt":"2023-01-08T23:02:16","guid":{"rendered":"https:\/\/pureprogress-logistics.com\/stanowisko-copywriter-digital-content-creator-m-f-20-100-lokalizacja-wolfurt-vorarlberg-austria\/"},"modified":"2024-03-06T10:06:52","modified_gmt":"2024-03-06T10:06:52","slug":"stanowisko-copywriter-digital-content-creator-m-f-20-100-lokalizacja-wolfurt-vorarlberg-austria","status":"publish","type":"page","link":"https:\/\/pureprogress-logistics.com\/pl\/stanowisko-copywriter-digital-content-creator-m-f-20-100-lokalizacja-wolfurt-vorarlberg-austria\/","title":{"rendered":"Stanowisko Copywriter \/ Digital Content Creator m\/f (20-100%), lokalizacja Wolfurt, Vorarlberg, Austria"},"content":{"rendered":"\t\t<div data-elementor-type=\"wp-page\" data-elementor-id=\"28192\" class=\"elementor elementor-28192 elementor-14849\" data-elementor-post-type=\"page\">\n\t\t\t\t\t\t<section class=\"elementor-section elementor-top-section elementor-element elementor-element-b345e06 elementor-section-boxed elementor-section-height-default elementor-section-height-default\" data-id=\"b345e06\" data-element_type=\"section\" data-e-type=\"section\" data-settings=\"{&quot;jet_parallax_layout_list&quot;:[{&quot;jet_parallax_layout_image&quot;:{&quot;url&quot;:&quot;&quot;,&quot;id&quot;:&quot;&quot;,&quot;size&quot;:&quot;&quot;},&quot;_id&quot;:&quot;69dbad6&quot;,&quot;jet_parallax_layout_image_tablet&quot;:{&quot;url&quot;:&quot;&quot;,&quot;id&quot;:&quot;&quot;,&quot;size&quot;:&quot;&quot;},&quot;jet_parallax_layout_image_mobile&quot;:{&quot;url&quot;:&quot;&quot;,&quot;id&quot;:&quot;&quot;,&quot;size&quot;:&quot;&quot;},&quot;jet_parallax_layout_speed&quot;:{&quot;unit&quot;:&quot;%&quot;,&quot;size&quot;:50,&quot;sizes&quot;:[]},&quot;jet_parallax_layout_type&quot;:&quot;scroll&quot;,&quot;jet_parallax_layout_direction&quot;:&quot;1&quot;,&quot;jet_parallax_layout_fx_direction&quot;:null,&quot;jet_parallax_layout_z_index&quot;:&quot;&quot;,&quot;jet_parallax_layout_bg_x&quot;:50,&quot;jet_parallax_layout_bg_x_tablet&quot;:&quot;&quot;,&quot;jet_parallax_layout_bg_x_mobile&quot;:&quot;&quot;,&quot;jet_parallax_layout_bg_y&quot;:50,&quot;jet_parallax_layout_bg_y_tablet&quot;:&quot;&quot;,&quot;jet_parallax_layout_bg_y_mobile&quot;:&quot;&quot;,&quot;jet_parallax_layout_bg_size&quot;:&quot;auto&quot;,&quot;jet_parallax_layout_bg_size_tablet&quot;:&quot;&quot;,&quot;jet_parallax_layout_bg_size_mobile&quot;:&quot;&quot;,&quot;jet_parallax_layout_animation_prop&quot;:&quot;transform&quot;,&quot;jet_parallax_layout_on&quot;:[&quot;desktop&quot;,&quot;tablet&quot;]}]}\">\n\t\t\t\t\t\t<div class=\"elementor-container elementor-column-gap-default\">\n\t\t\t\t\t<div class=\"elementor-column elementor-col-100 elementor-top-column elementor-element elementor-element-a033ea2\" data-id=\"a033ea2\" data-element_type=\"column\" data-e-type=\"column\">\n\t\t\t<div class=\"elementor-widget-wrap elementor-element-populated\">\n\t\t\t\t\t\t<div class=\"elementor-element elementor-element-fab89e6 elementor-widget elementor-widget-heading\" data-id=\"fab89e6\" data-element_type=\"widget\" data-e-type=\"widget\" data-widget_type=\"heading.default\">\n\t\t\t\t<div class=\"elementor-widget-container\">\n\t\t\t\t\t<h1 class=\"elementor-heading-title elementor-size-default\"><font size=\"5\">  Copywriter \/ Digital Content Creator m\/f (20-50%), lokalizacja Wolfurt, Vorarlberg, Austria<\/font><\/h1>\t\t\t\t<\/div>\n\t\t\t\t<\/div>\n\t\t\t\t<div class=\"elementor-element elementor-element-485dc0c elementor-widget elementor-widget-text-editor\" data-id=\"485dc0c\" data-element_type=\"widget\" data-e-type=\"widget\" data-widget_type=\"text-editor.default\">\n\t\t\t\t<div class=\"elementor-widget-container\">\n\t\t\t\t\t\t\t\t\t<div>\n<p>Jeste\u015bmy m\u0142od\u0105, mi\u0119dzynarodow\u0105 firm\u0105 logistyczn\u0105 z wewn\u0119trzn\u0105 odpraw\u0105 celn\u0105. <br>Poszukujemy Copywritera \/ Digital Content Creatora (20-50%) do naszego biura w Wolfurcie.<\/p>\n<div>\n<p>Na tym stanowisku b\u0119dziesz przede wszystkim odpowiedzialny za tworzenie tekst\u00f3w i tre\u015bci na nasz\u0105 stron\u0119 internetow\u0105. Po zapoznaniu si\u0119 z tematem b\u0119dziesz tworzy\u0107 specjalistyczne artyku\u0142y, strony docelowe, grafiki informacyjne i bia\u0142e ksi\u0119gi oraz wzbogaca\u0107 istniej\u0105ce tre\u015bci o nowe (zwykle predefiniowane) zdj\u0119cia, zdj\u0119cia stockowe i adaptacje. W ten spos\u00f3b zapewniasz zgodno\u015b\u0107 z okre\u015blonymi wytycznymi dotycz\u0105cymi jako\u015bci.<\/p>\n<p>Dbaj\u0105 o wizualny wygl\u0105d strony i pomagaj\u0105 w jej dalszym rozwoju i rozbudowie.  <\/p>\n<p>W przysz\u0142o\u015bci do zakresu obowi\u0105zk\u00f3w mo\u017ce zosta\u0107 dodane tworzenie i prowadzenie kont firmy w mediach spo\u0142eczno\u015bciowych, a tak\u017ce tworzenie kampanii newsletterowych oraz produkcja broszur i ulotek.<\/p>\n<p><b>&nbsp;<\/b><\/p>\n<p><b>Twoje zadania:  <\/b><\/p>\n<p>&#8211; Niezale\u017cne tworzenie wysokiej jako\u015bci, przyjaznych dla u\u017cytkownika tre\u015bci w obszarze logistyki i odprawy celnej<\/p>\n<p>&#8211; Ci\u0105g\u0142e sprawdzanie witryny pod k\u0105tem b\u0142\u0119d\u00f3w i ranking\u00f3w Google za pomoc\u0105 narz\u0119dzia pomocy.<\/p>\n<p>&#8211; Adaptacja \/ przygotowanie istniej\u0105cej zawarto\u015bci<\/p>\n<p><b>&nbsp;<\/b><\/p>\n<p><b>Co ze sob\u0105 zabra\u0107:  <\/b><\/p>\n<p>&#8211; Idealne wykszta\u0142cenie i\/lub do\u015bwiadczenie w dziedzinie medi\u00f3w spo\u0142eczno\u015bciowych, komunikacji, dziennikarstwa i PR.<\/p>\n<p>&#8211; Bardzo dobre umiej\u0119tno\u015bci komunikacyjne (dobra ekspresja i umiej\u0119tno\u015b\u0107 formu\u0142owania tekst\u00f3w drukowanych i internetowych)<\/p>\n<p>&#8211; Og\u00f3lna wiedza na temat transportu i ce\u0142 jest dodatkowym atutem<\/p>\n<p>&#8211; Do\u015bwiadczenie w optymalizacji SEO b\u0119dzie dodatkowym atutem<\/p>\n<p>&#8211; Doskona\u0142a znajomo\u015b\u0107 j\u0119zyka niemieckiego (w mowie i pi\u015bmie)<\/p>\n<p>&#8211; Przynajmniej podstawowa znajomo\u015b\u0107 j\u0119zyka angielskiego (ka\u017cdy inny j\u0119zyk b\u0119dzie dodatkowym atutem)<\/p>\n<p>&#8211; Dobre umiej\u0119tno\u015bci obs\u0142ugi komputera (Windows, Photoshop)<\/p>\n<p>&#8211; Ciesz si\u0119 pisaniem i kreatywnymi pomys\u0142ami<\/p>\n<p><b>&nbsp;<\/b><\/p>\n<p><b>Czego mo\u017cesz od nas oczekiwa\u0107:  <\/b><\/p>\n<p>&#8211; Nowoczesna firma z du\u017c\u0105 elastyczno\u015bci\u0105<\/p>\n<p>&#8211; Nowoczesne biuro, bezp\u0142atna kawa\/herbata\/woda\/miejsce parkingowe<\/p>\n<p><br><\/p>\n<p>  Minimalne miesi\u0119czne wynagrodzenie brutto na tym stanowisku wynosi 1 928,00 EUR (przy 100% obci\u0105\u017ceniu prac\u0105) zgodnie z uk\u0142adem zbiorowym pracy i b\u0119dzie odpowiednio wy\u017csze w zale\u017cno\u015bci od do\u015bwiadczenia zawodowego i kwalifikacji.  <\/p>\n<p><\/p>\n<p>Je\u015bli jeste\u015b zainteresowany, czekamy na Twoje kompletne dokumenty aplikacyjne  <b>w tym. List motywacyjny<\/b>  i oczekiwania dotycz\u0105ce wynagrodzenia poczt\u0105 elektroniczn\u0105 na adres <a href=\"mailto:info@pureprogress.ch\">info@pureprogress.ch<\/a>.  <br><\/p>\n<p>Je\u015bli masz jakie\u015b pytania, nie wahaj si\u0119 ze mn\u0105 skontaktowa\u0107. Osoba kontaktowa:<br>PUREPROGRESS GmbH, Pan Alexander Haile, Moskwa 314B, 8262 Ramsen, Szwajcaria<\/p>\n<p>Telefon +41 44 512 14 35<\/p>\n<\/div>\n<div>\n<p>Rodzaj stanowiska: p\u00f3\u0142 etatu, obci\u0105\u017cenie prac\u0105: 20-50%, stanowisko sta\u0142e, czas nieokre\u015blony<\/p>\n<p>Godziny pracy: 8-20 tygodniowo<\/p>\n<\/div>\n<p>Godziny pracy:<\/p>\n<ul>\n\n<li>Brak weekend\u00f3w<\/li>\n<li>Od poniedzia\u0142ku do pi\u0105tku<\/li>\n<\/ul>\n<p>Us\u0142ugi:<\/p>\n<ul>\n<li>Darmowe napoje<\/li>\n<li>Bezp\u0142atny parking<\/li>\n<\/ul>\n<p>\u015arodki w obliczu COVID-19:<br>Czyszczenie i \u015brodki higieny<\/p>\n<p>Biuro domowe:<\/p>\n<ul>\n<li>Nie<\/li>\n<\/ul>\n<\/div>\t\t\t\t\t\t\t\t<\/div>\n\t\t\t\t<\/div>\n\t\t\t\t\t<\/div>\n\t\t<\/div>\n\t\t\t\t\t<\/div>\n\t\t<\/section>\n\t\t\t\t<\/div>\n\t\t","protected":false},"excerpt":{"rendered":"<p>Copywriter \/ Digital Content Creator m\/f (20-50%), lokalizacja Wolfurt, Vorarlberg, Austria Jeste\u015bmy m\u0142od\u0105, mi\u0119dzynarodow\u0105 firm\u0105 logistyczn\u0105 z wewn\u0119trzn\u0105 odpraw\u0105 celn\u0105. Poszukujemy Copywritera \/ Digital Content Creatora (20-50%) do naszego biura w Wolfurcie. Na tym stanowisku b\u0119dziesz przede wszystkim odpowiedzialny za tworzenie tekst\u00f3w i tre\u015bci na nasz\u0105 stron\u0119 internetow\u0105. Po zapoznaniu si\u0119 z tematem b\u0119dziesz tworzy\u0107 [&hellip;]<\/p>\n","protected":false},"author":1,"featured_media":0,"parent":0,"menu_order":0,"comment_status":"closed","ping_status":"closed","template":"","meta":{"_monsterinsights_skip_tracking":false,"_monsterinsights_sitenote_active":false,"_monsterinsights_sitenote_note":"","_monsterinsights_sitenote_category":0,"footnotes":""},"class_list":["post-28192","page","type-page","status-publish","hentry"],"yoast_head":"<!-- This site is optimized with the Yoast SEO plugin v27.2 - https:\/\/yoast.com\/product\/yoast-seo-wordpress\/ -->\n<title>Stanowisko Copywriter \/ Digital Content Creator m\/f (20-100%), lokalizacja Wolfurt, Vorarlberg, Austria - Agencja spedycyjna i celna | PUREPROGRESS<\/title>\n<meta name=\"description\" content=\"Oferta pracy PurProgress GmbH Copywriter \/ Digital Content Creator m\/f (20-50%), lokalizacja Wolfurt, Vorarlberg, Austria\" \/>\n<meta name=\"robots\" content=\"index, follow, max-snippet:-1, max-image-preview:large, max-video-preview:-1\" \/>\n<link rel=\"canonical\" href=\"https:\/\/pureprogress-logistics.com\/pl\/?page_id=28192\" \/>\n<meta property=\"og:locale\" content=\"pl_PL\" \/>\n<meta property=\"og:type\" content=\"article\" \/>\n<meta property=\"og:title\" content=\"Stanowisko Copywriter \/ Digital Content Creator m\/f (20-100%), lokalizacja Wolfurt, Vorarlberg, Austria - Agencja spedycyjna i celna | PUREPROGRESS\" \/>\n<meta property=\"og:description\" content=\"Oferta pracy PurProgress GmbH Copywriter \/ Digital Content Creator m\/f (20-50%), lokalizacja Wolfurt, Vorarlberg, Austria\" \/>\n<meta property=\"og:url\" content=\"https:\/\/pureprogress-logistics.com\/pl\/?page_id=28192\" \/>\n<meta property=\"og:site_name\" content=\"Agencja spedycyjna i celna | PUREPROGRESS\" \/>\n<meta property=\"article:modified_time\" content=\"2024-03-06T10:06:52+00:00\" \/>\n<meta name=\"twitter:card\" content=\"summary_large_image\" \/>\n<meta name=\"twitter:label1\" content=\"Szacowany czas czytania\" \/>\n\t<meta name=\"twitter:data1\" content=\"2 minuty\" \/>\n<script type=\"application\/ld+json\" class=\"yoast-schema-graph\">{\"@context\":\"https:\/\/schema.org\",\"@graph\":[{\"@type\":\"WebPage\",\"@id\":\"https:\/\/pureprogress-logistics.com\/pl\/?page_id=28192\",\"url\":\"https:\/\/pureprogress-logistics.com\/pl\/?page_id=28192\",\"name\":\"Stanowisko Copywriter \/ Digital Content Creator m\/f (20-100%), lokalizacja Wolfurt, Vorarlberg, Austria - Agencja spedycyjna i celna | PUREPROGRESS\",\"isPartOf\":{\"@id\":\"https:\/\/pureprogress-logistics.com\/#website\"},\"datePublished\":\"2023-01-08T23:02:16+00:00\",\"dateModified\":\"2024-03-06T10:06:52+00:00\",\"description\":\"Oferta pracy PurProgress GmbH Copywriter \/ Digital Content Creator m\/f (20-50%), lokalizacja Wolfurt, Vorarlberg, Austria\",\"breadcrumb\":{\"@id\":\"https:\/\/pureprogress-logistics.com\/pl\/?page_id=28192#breadcrumb\"},\"inLanguage\":\"pl-PL\",\"potentialAction\":[{\"@type\":\"ReadAction\",\"target\":[\"https:\/\/pureprogress-logistics.com\/pl\/?page_id=28192\"]}]},{\"@type\":\"BreadcrumbList\",\"@id\":\"https:\/\/pureprogress-logistics.com\/pl\/?page_id=28192#breadcrumb\",\"itemListElement\":[{\"@type\":\"ListItem\",\"position\":1,\"name\":\"Startseite\",\"item\":\"https:\/\/pureprogress-logistics.com\/\"},{\"@type\":\"ListItem\",\"position\":2,\"name\":\"Stanowisko Copywriter \/ Digital Content Creator m\/f (20-100%), lokalizacja Wolfurt, Vorarlberg, Austria\"}]},{\"@type\":\"WebSite\",\"@id\":\"https:\/\/pureprogress-logistics.com\/#website\",\"url\":\"https:\/\/pureprogress-logistics.com\/\",\"name\":\"Ausfuhrbegleitdokument.com - MRN \/ ABD Erstellung\",\"description\":\"\",\"publisher\":{\"@id\":\"https:\/\/pureprogress-logistics.com\/#organization\"},\"potentialAction\":[{\"@type\":\"SearchAction\",\"target\":{\"@type\":\"EntryPoint\",\"urlTemplate\":\"https:\/\/pureprogress-logistics.com\/?s={search_term_string}\"},\"query-input\":{\"@type\":\"PropertyValueSpecification\",\"valueRequired\":true,\"valueName\":\"search_term_string\"}}],\"inLanguage\":\"pl-PL\"},{\"@type\":\"Organization\",\"@id\":\"https:\/\/pureprogress-logistics.com\/#organization\",\"name\":\"PUREPROGRESS GmbH\",\"url\":\"https:\/\/pureprogress-logistics.com\/\",\"logo\":{\"@type\":\"ImageObject\",\"inLanguage\":\"pl-PL\",\"@id\":\"https:\/\/pureprogress-logistics.com\/#\/schema\/logo\/image\/\",\"url\":\"https:\/\/ausfuhrbegleitdokument.com\/wp-content\/uploads\/2019\/10\/preloader-image.png\",\"contentUrl\":\"https:\/\/ausfuhrbegleitdokument.com\/wp-content\/uploads\/2019\/10\/preloader-image.png\",\"width\":224,\"height\":31,\"caption\":\"PUREPROGRESS GmbH\"},\"image\":{\"@id\":\"https:\/\/pureprogress-logistics.com\/#\/schema\/logo\/image\/\"}}]}<\/script>\n<!-- \/ Yoast SEO plugin. -->","yoast_head_json":{"title":"Stanowisko Copywriter \/ Digital Content Creator m\/f (20-100%), lokalizacja Wolfurt, Vorarlberg, Austria - Agencja spedycyjna i celna | PUREPROGRESS","description":"Oferta pracy PurProgress GmbH Copywriter \/ Digital Content Creator m\/f (20-50%), lokalizacja Wolfurt, Vorarlberg, Austria","robots":{"index":"index","follow":"follow","max-snippet":"max-snippet:-1","max-image-preview":"max-image-preview:large","max-video-preview":"max-video-preview:-1"},"canonical":"https:\/\/pureprogress-logistics.com\/pl\/?page_id=28192","og_locale":"pl_PL","og_type":"article","og_title":"Stanowisko Copywriter \/ Digital Content Creator m\/f (20-100%), lokalizacja Wolfurt, Vorarlberg, Austria - Agencja spedycyjna i celna | PUREPROGRESS","og_description":"Oferta pracy PurProgress GmbH Copywriter \/ Digital Content Creator m\/f (20-50%), lokalizacja Wolfurt, Vorarlberg, Austria","og_url":"https:\/\/pureprogress-logistics.com\/pl\/?page_id=28192","og_site_name":"Agencja spedycyjna i celna | PUREPROGRESS","article_modified_time":"2024-03-06T10:06:52+00:00","twitter_card":"summary_large_image","twitter_misc":{"Szacowany czas czytania":"2 minuty"},"schema":{"@context":"https:\/\/schema.org","@graph":[{"@type":"WebPage","@id":"https:\/\/pureprogress-logistics.com\/pl\/?page_id=28192","url":"https:\/\/pureprogress-logistics.com\/pl\/?page_id=28192","name":"Stanowisko Copywriter \/ Digital Content Creator m\/f (20-100%), lokalizacja Wolfurt, Vorarlberg, Austria - Agencja spedycyjna i celna | PUREPROGRESS","isPartOf":{"@id":"https:\/\/pureprogress-logistics.com\/#website"},"datePublished":"2023-01-08T23:02:16+00:00","dateModified":"2024-03-06T10:06:52+00:00","description":"Oferta pracy PurProgress GmbH Copywriter \/ Digital Content Creator m\/f (20-50%), lokalizacja Wolfurt, Vorarlberg, Austria","breadcrumb":{"@id":"https:\/\/pureprogress-logistics.com\/pl\/?page_id=28192#breadcrumb"},"inLanguage":"pl-PL","potentialAction":[{"@type":"ReadAction","target":["https:\/\/pureprogress-logistics.com\/pl\/?page_id=28192"]}]},{"@type":"BreadcrumbList","@id":"https:\/\/pureprogress-logistics.com\/pl\/?page_id=28192#breadcrumb","itemListElement":[{"@type":"ListItem","position":1,"name":"Startseite","item":"https:\/\/pureprogress-logistics.com\/"},{"@type":"ListItem","position":2,"name":"Stanowisko Copywriter \/ Digital Content Creator m\/f (20-100%), lokalizacja Wolfurt, Vorarlberg, Austria"}]},{"@type":"WebSite","@id":"https:\/\/pureprogress-logistics.com\/#website","url":"https:\/\/pureprogress-logistics.com\/","name":"Ausfuhrbegleitdokument.com - MRN \/ ABD Erstellung","description":"","publisher":{"@id":"https:\/\/pureprogress-logistics.com\/#organization"},"potentialAction":[{"@type":"SearchAction","target":{"@type":"EntryPoint","urlTemplate":"https:\/\/pureprogress-logistics.com\/?s={search_term_string}"},"query-input":{"@type":"PropertyValueSpecification","valueRequired":true,"valueName":"search_term_string"}}],"inLanguage":"pl-PL"},{"@type":"Organization","@id":"https:\/\/pureprogress-logistics.com\/#organization","name":"PUREPROGRESS GmbH","url":"https:\/\/pureprogress-logistics.com\/","logo":{"@type":"ImageObject","inLanguage":"pl-PL","@id":"https:\/\/pureprogress-logistics.com\/#\/schema\/logo\/image\/","url":"https:\/\/ausfuhrbegleitdokument.com\/wp-content\/uploads\/2019\/10\/preloader-image.png","contentUrl":"https:\/\/ausfuhrbegleitdokument.com\/wp-content\/uploads\/2019\/10\/preloader-image.png","width":224,"height":31,"caption":"PUREPROGRESS GmbH"},"image":{"@id":"https:\/\/pureprogress-logistics.com\/#\/schema\/logo\/image\/"}}]}},"_links":{"self":[{"href":"https:\/\/pureprogress-logistics.com\/pl\/wp-json\/wp\/v2\/pages\/28192","targetHints":{"allow":["GET"]}}],"collection":[{"href":"https:\/\/pureprogress-logistics.com\/pl\/wp-json\/wp\/v2\/pages"}],"about":[{"href":"https:\/\/pureprogress-logistics.com\/pl\/wp-json\/wp\/v2\/types\/page"}],"author":[{"embeddable":true,"href":"https:\/\/pureprogress-logistics.com\/pl\/wp-json\/wp\/v2\/users\/1"}],"replies":[{"embeddable":true,"href":"https:\/\/pureprogress-logistics.com\/pl\/wp-json\/wp\/v2\/comments?post=28192"}],"version-history":[{"count":0,"href":"https:\/\/pureprogress-logistics.com\/pl\/wp-json\/wp\/v2\/pages\/28192\/revisions"}],"wp:attachment":[{"href":"https:\/\/pureprogress-logistics.com\/pl\/wp-json\/wp\/v2\/media?parent=28192"}],"curies":[{"name":"wp","href":"https:\/\/api.w.org\/{rel}","templated":true}]}}