{"id":53320,"date":"2024-10-30T11:03:01","date_gmt":"2024-10-30T10:03:01","guid":{"rendered":"https:\/\/pureprogress-logistics.com\/specialiste-du-service-a-la-clientele-republique-tcheque\/"},"modified":"2025-11-25T15:35:06","modified_gmt":"2025-11-25T14:35:06","slug":"specialiste-du-service-a-la-clientele-republique-tcheque","status":"publish","type":"page","link":"https:\/\/pureprogress-logistics.com\/fr\/page-carriere\/page-carriere-en-republique-tcheque\/specialiste-du-service-a-la-clientele-republique-tcheque\/","title":{"rendered":"Sp\u00e9cialiste du service client R\u00e9publique tch\u00e8que"},"content":{"rendered":"\t\t<div data-elementor-type=\"wp-page\" data-elementor-id=\"53320\" class=\"elementor elementor-53320 elementor-40560\" data-elementor-post-type=\"page\">\n\t\t\t\t<div class=\"elementor-element elementor-element-076ecd8 e-flex e-con-boxed e-con e-parent\" data-id=\"076ecd8\" data-element_type=\"container\" data-e-type=\"container\" data-settings=\"{&quot;jet_parallax_layout_list&quot;:[]}\">\n\t\t\t\t\t<div class=\"e-con-inner\">\n\t\t<div class=\"elementor-element elementor-element-087524d e-con-full e-flex e-con e-child\" data-id=\"087524d\" data-element_type=\"container\" data-e-type=\"container\" data-settings=\"{&quot;jet_parallax_layout_list&quot;:[]}\">\n\t\t<div class=\"elementor-element elementor-element-d7ca4db e-con-full e-flex e-con e-child\" data-id=\"d7ca4db\" data-element_type=\"container\" data-e-type=\"container\" data-settings=\"{&quot;jet_parallax_layout_list&quot;:[]}\">\n\t\t\t\t<div class=\"elementor-element elementor-element-852cc6b elementor-widget elementor-widget-heading\" data-id=\"852cc6b\" data-element_type=\"widget\" data-e-type=\"widget\" data-widget_type=\"heading.default\">\n\t\t\t\t<div class=\"elementor-widget-container\">\n\t\t\t\t\t<h2 class=\"elementor-heading-title elementor-size-default\"><b>Sp\u00e9cialiste du service \u00e0 la client\u00e8le parlant allemand<\/b><br><b>(R\u00e9publique Tch\u00e8que)<\/b><\/h2>\t\t\t\t<\/div>\n\t\t\t\t<\/div>\n\t\t\t\t<div class=\"elementor-element elementor-element-69b48c7 elementor-widget-divider--separator-type-pattern elementor-widget-divider--view-line elementor-widget elementor-widget-divider\" data-id=\"69b48c7\" data-element_type=\"widget\" data-e-type=\"widget\" data-widget_type=\"divider.default\">\n\t\t\t\t<div class=\"elementor-widget-container\">\n\t\t\t\t\t\t\t<div class=\"elementor-divider\" style=\"--divider-pattern-url: url(&quot;data:image\/svg+xml,%3Csvg xmlns=&#039;http:\/\/www.w3.org\/2000\/svg&#039; preserveAspectRatio=&#039;none&#039; overflow=&#039;visible&#039; height=&#039;100%&#039; viewBox=&#039;0 0 24 24&#039; fill=&#039;black&#039; stroke=&#039;none&#039;%3E%3Cpolygon points=&#039;9.4,2 24,2 14.6,21.6 0,21.6&#039;\/%3E%3C\/svg%3E&quot;);\">\n\t\t\t<span class=\"elementor-divider-separator\">\n\t\t\t\t\t\t<\/span>\n\t\t<\/div>\n\t\t\t\t\t\t<\/div>\n\t\t\t\t<\/div>\n\t\t\t\t<div class=\"elementor-element elementor-element-d59aa67 elementor-widget__width-initial elementor-widget elementor-widget-text-editor\" data-id=\"d59aa67\" data-element_type=\"widget\" data-e-type=\"widget\" data-widget_type=\"text-editor.default\">\n\t\t\t\t<div class=\"elementor-widget-container\">\n\t\t\t\t\t\t\t\t\t<p><strong>\u00c0 propos de nous<\/strong> : PUREPROGRESS est une jeune entreprise internationale de logistique et de courtage en douane bas\u00e9e en Suisse. Nous sommes fiers de notre approche innovante de la logistique, offrant des solutions compl\u00e8tes pour r\u00e9pondre aux besoins divers de nos clients \u00e0 travers le monde. <\/p><p>Nous recherchons actuellement une personne motiv\u00e9e et attentive aux d\u00e9tails pour rejoindre notre \u00e9quipe en tant que Sp\u00e9cialiste du service client.<\/p>\t\t\t\t\t\t\t\t<\/div>\n\t\t\t\t<\/div>\n\t\t\t\t<\/div>\n\t\t\t\t<\/div>\n\t\t<div class=\"elementor-element elementor-element-742d1d9 e-con-full e-flex e-con e-child\" data-id=\"742d1d9\" data-element_type=\"container\" data-e-type=\"container\" data-settings=\"{&quot;jet_parallax_layout_list&quot;:[]}\">\n\t\t\t\t<div class=\"elementor-element elementor-element-dde832f elementor-align-center elementor-widget elementor-widget-button\" data-id=\"dde832f\" data-element_type=\"widget\" data-e-type=\"widget\" data-widget_type=\"button.default\">\n\t\t\t\t<div class=\"elementor-widget-container\">\n\t\t\t\t\t\t\t\t\t<div class=\"elementor-button-wrapper\">\n\t\t\t\t\t<a class=\"elementor-button elementor-button-link elementor-size-sm elementor-animation-grow\" href=\"mailto:info@pureprogress.ch%20%20\">\n\t\t\t\t\t\t<span class=\"elementor-button-content-wrapper\">\n\t\t\t\t\t\t\t\t\t<span class=\"elementor-button-text\">Postuler maintenant<\/span>\n\t\t\t\t\t<\/span>\n\t\t\t\t\t<\/a>\n\t\t\t\t<\/div>\n\t\t\t\t\t\t\t\t<\/div>\n\t\t\t\t<\/div>\n\t\t\t\t<\/div>\n\t\t\t\t\t<\/div>\n\t\t\t\t<\/div>\n\t\t<div class=\"elementor-element elementor-element-c16a110 e-con-full e-flex e-con e-child\" data-id=\"c16a110\" data-element_type=\"container\" data-e-type=\"container\" data-settings=\"{&quot;jet_parallax_layout_list&quot;:[]}\">\n\t\t\t\t<div class=\"elementor-element elementor-element-8576200 elementor-widget elementor-widget-text-editor\" data-id=\"8576200\" data-element_type=\"widget\" data-e-type=\"widget\" data-widget_type=\"text-editor.default\">\n\t\t\t\t<div class=\"elementor-widget-container\">\n\t\t\t\t\t\t\t\t\t<p><strong>Sp\u00e9cialiste du service client germanophone<\/strong><\/p>\t\t\t\t\t\t\t\t<\/div>\n\t\t\t\t<\/div>\n\t\t\t\t<div class=\"elementor-element elementor-element-d9018f3 elementor-widget-divider--view-line elementor-widget elementor-widget-divider\" data-id=\"d9018f3\" data-element_type=\"widget\" data-e-type=\"widget\" data-widget_type=\"divider.default\">\n\t\t\t\t<div class=\"elementor-widget-container\">\n\t\t\t\t\t\t\t<div class=\"elementor-divider\">\n\t\t\t<span class=\"elementor-divider-separator\">\n\t\t\t\t\t\t<\/span>\n\t\t<\/div>\n\t\t\t\t\t\t<\/div>\n\t\t\t\t<\/div>\n\t\t\t\t<div class=\"elementor-element elementor-element-1947f08 elementor-icon-list--layout-inline elementor-list-item-link-full_width elementor-widget elementor-widget-icon-list\" data-id=\"1947f08\" data-element_type=\"widget\" data-e-type=\"widget\" data-widget_type=\"icon-list.default\">\n\t\t\t\t<div class=\"elementor-widget-container\">\n\t\t\t\t\t\t\t<ul class=\"elementor-icon-list-items elementor-inline-items\">\n\t\t\t\t\t\t\t<li class=\"elementor-icon-list-item elementor-inline-item\">\n\t\t\t\t\t\t\t\t\t\t\t<span class=\"elementor-icon-list-icon\">\n\t\t\t\t\t\t\t<i aria-hidden=\"true\" class=\"fas fa-map-marker-alt\"><\/i>\t\t\t\t\t\t<\/span>\n\t\t\t\t\t\t\t\t\t\t<span class=\"elementor-icon-list-text\">Prague, R\u00e9publique tch\u00e8que<\/span>\n\t\t\t\t\t\t\t\t\t<\/li>\n\t\t\t\t\t\t\t\t<li class=\"elementor-icon-list-item elementor-inline-item\">\n\t\t\t\t\t\t\t\t\t\t\t<span class=\"elementor-icon-list-icon\">\n\t\t\t\t\t\t\t<i aria-hidden=\"true\" class=\"fas fa-building\"><\/i>\t\t\t\t\t\t<\/span>\n\t\t\t\t\t\t\t\t\t\t<span class=\"elementor-icon-list-text\">Travail au bureau<\/span>\n\t\t\t\t\t\t\t\t\t<\/li>\n\t\t\t\t\t\t\t\t<li class=\"elementor-icon-list-item elementor-inline-item\">\n\t\t\t\t\t\t\t\t\t\t\t<span class=\"elementor-icon-list-icon\">\n\t\t\t\t\t\t\t<i aria-hidden=\"true\" class=\"fas fa-briefcase\"><\/i>\t\t\t\t\t\t<\/span>\n\t\t\t\t\t\t\t\t\t\t<span class=\"elementor-icon-list-text\">Temps plein<\/span>\n\t\t\t\t\t\t\t\t\t<\/li>\n\t\t\t\t\t\t<\/ul>\n\t\t\t\t\t\t<\/div>\n\t\t\t\t<\/div>\n\t\t\t\t<div class=\"elementor-element elementor-element-7434a96 elementor-widget elementor-widget-text-editor\" data-id=\"7434a96\" data-element_type=\"widget\" data-e-type=\"widget\" data-widget_type=\"text-editor.default\">\n\t\t\t\t<div class=\"elementor-widget-container\">\n\t\t\t\t\t\t\t\t\t<p>Responsabilit\u00e9s :<\/p><ul><li>Recevoir les appels entrants et consulter nos clients.<\/li><li>Demander des informations et des documents aux clients par t\u00e9l\u00e9phone et par e-mail.<\/li><li>Saisir les commandes dans nos logiciels de service client.<\/li><li>\u00c9mettre des devis \/ offres de prix pour nos clients.<\/li><li>R\u00e9diger et r\u00e9pondre aux courriels des clients.<\/li><li>S&rsquo;assurer que les documents re\u00e7us des clients sont complets et exacts.<\/li><\/ul><div> <\/div><p>Qualifications minimales :<\/p><ul><li>Dipl\u00f4me de baccalaur\u00e9at (dans un domaine connexe).<\/li><li>Exp\u00e9rience pr\u00e9alable en tant qu&rsquo;agent du service client, commis en transit et services logistiques ou en courtage en douane.<\/li><li>Fluent en anglais.<\/li><li>Fluent en allemand.<\/li><li>Minimum 1 an d&rsquo;exp\u00e9rience en service client.<\/li><li>Minimum 1 an d&rsquo;exp\u00e9rience en logistique.<\/li><\/ul><div> <\/div><p>Question(s) de candidature :<\/p><ul><li>Quel est votre salaire brut mensuel attendu pour ce poste ?<\/li><\/ul><p>Heures de travail :<\/p><ul><li>40 heures\/semaine<\/li><li>Du lundi au vendredi  <\/li><\/ul>\t\t\t\t\t\t\t\t<\/div>\n\t\t\t\t<\/div>\n\t\t\t\t<div class=\"elementor-element elementor-element-3c08aca elementor-widget elementor-widget-spacer\" data-id=\"3c08aca\" data-element_type=\"widget\" data-e-type=\"widget\" data-widget_type=\"spacer.default\">\n\t\t\t\t<div class=\"elementor-widget-container\">\n\t\t\t\t\t\t\t<div class=\"elementor-spacer\">\n\t\t\t<div class=\"elementor-spacer-inner\"><\/div>\n\t\t<\/div>\n\t\t\t\t\t\t<\/div>\n\t\t\t\t<\/div>\n\t\t\t\t<div class=\"elementor-element elementor-element-9eff4b9 elementor-shape-rounded elementor-grid-0 e-grid-align-center elementor-widget elementor-widget-social-icons\" data-id=\"9eff4b9\" data-element_type=\"widget\" data-e-type=\"widget\" data-widget_type=\"social-icons.default\">\n\t\t\t\t<div class=\"elementor-widget-container\">\n\t\t\t\t\t\t\t<div class=\"elementor-social-icons-wrapper elementor-grid\" role=\"list\">\n\t\t\t\t\t\t\t<span class=\"elementor-grid-item\" role=\"listitem\">\n\t\t\t\t\t<a class=\"elementor-icon elementor-social-icon elementor-social-icon-linkedin elementor-repeater-item-66561b1\" href=\"https:\/\/www.linkedin.com\/company\/pureprogress-gmbh\/\" target=\"_blank\">\n\t\t\t\t\t\t<span class=\"elementor-screen-only\">Linkedin<\/span>\n\t\t\t\t\t\t<i aria-hidden=\"true\" class=\"fab fa-linkedin\"><\/i>\t\t\t\t\t<\/a>\n\t\t\t\t<\/span>\n\t\t\t\t\t\t\t<span class=\"elementor-grid-item\" role=\"listitem\">\n\t\t\t\t\t<a class=\"elementor-icon elementor-social-icon elementor-social-icon-envelope elementor-repeater-item-74d563c\" href=\"mailto:info@pureprogress.ch%20%20\" target=\"_blank\">\n\t\t\t\t\t\t<span class=\"elementor-screen-only\">Envelope<\/span>\n\t\t\t\t\t\t<i aria-hidden=\"true\" class=\"fas fa-envelope\"><\/i>\t\t\t\t\t<\/a>\n\t\t\t\t<\/span>\n\t\t\t\t\t<\/div>\n\t\t\t\t\t\t<\/div>\n\t\t\t\t<\/div>\n\t\t\t\t<\/div>\n\t\t<div class=\"elementor-element elementor-element-18af463 e-flex e-con-boxed e-con e-parent\" data-id=\"18af463\" data-element_type=\"container\" data-e-type=\"container\" data-settings=\"{&quot;jet_parallax_layout_list&quot;:[]}\">\n\t\t\t\t\t<div class=\"e-con-inner\">\n\t\t<div class=\"elementor-element elementor-element-4b77790 e-con-full e-flex e-con e-child\" data-id=\"4b77790\" data-element_type=\"container\" data-e-type=\"container\" data-settings=\"{&quot;jet_parallax_layout_list&quot;:[]}\">\n\t\t\t\t<div class=\"elementor-element elementor-element-7957894 elementor-widget elementor-widget-spacer\" data-id=\"7957894\" data-element_type=\"widget\" data-e-type=\"widget\" data-widget_type=\"spacer.default\">\n\t\t\t\t<div class=\"elementor-widget-container\">\n\t\t\t\t\t\t\t<div class=\"elementor-spacer\">\n\t\t\t<div class=\"elementor-spacer-inner\"><\/div>\n\t\t<\/div>\n\t\t\t\t\t\t<\/div>\n\t\t\t\t<\/div>\n\t\t\t\t<\/div>\n\t\t\t\t\t<\/div>\n\t\t\t\t<\/div>\n\t\t\t\t<\/div>\n\t\t","protected":false},"excerpt":{"rendered":"<p>Sp\u00e9cialiste du service \u00e0 la client\u00e8le parlant allemand(R\u00e9publique Tch\u00e8que) \u00c0 propos de nous : PUREPROGRESS est une jeune entreprise internationale de logistique et de courtage en douane bas\u00e9e en Suisse. Nous sommes fiers de notre approche innovante de la logistique, offrant des solutions compl\u00e8tes pour r\u00e9pondre aux besoins divers de nos clients \u00e0 travers le [&hellip;]<\/p>\n","protected":false},"author":3,"featured_media":0,"parent":53425,"menu_order":0,"comment_status":"closed","ping_status":"closed","template":"","meta":{"_monsterinsights_skip_tracking":false,"_monsterinsights_sitenote_active":false,"_monsterinsights_sitenote_note":"","_monsterinsights_sitenote_category":0,"footnotes":""},"class_list":["post-53320","page","type-page","status-publish","hentry"],"yoast_head":"<!-- This site is optimized with the Yoast SEO plugin v27.2 - https:\/\/yoast.com\/product\/yoast-seo-wordpress\/ -->\n<title>Sp\u00e9cialiste du service client\u00e8le - PUREPROGRESS R\u00e9publique tch\u00e8que<\/title>\n<meta name=\"description\" content=\"Postulez pour le poste de Sp\u00e9cialiste du service client chez PUREPROGRESS R\u00e9publique tch\u00e8que ! D\u00e9veloppez votre carri\u00e8re dans le domaine de la logistique et du d\u00e9douanement !\" \/>\n<meta name=\"robots\" content=\"index, follow, max-snippet:-1, max-image-preview:large, max-video-preview:-1\" \/>\n<link rel=\"canonical\" href=\"https:\/\/pureprogress-logistics.com\/fr\/page-carriere\/page-carriere-en-republique-tcheque\/specialiste-du-service-a-la-clientele-republique-tcheque\/\" \/>\n<meta property=\"og:locale\" content=\"fr_FR\" \/>\n<meta property=\"og:type\" content=\"article\" \/>\n<meta property=\"og:title\" content=\"Sp\u00e9cialiste du service client\u00e8le - PUREPROGRESS R\u00e9publique tch\u00e8que\" \/>\n<meta property=\"og:description\" content=\"Postulez pour le poste de Sp\u00e9cialiste du service client chez PUREPROGRESS R\u00e9publique tch\u00e8que ! D\u00e9veloppez votre carri\u00e8re dans le domaine de la logistique et du d\u00e9douanement !\" \/>\n<meta property=\"og:url\" content=\"https:\/\/pureprogress-logistics.com\/fr\/page-carriere\/page-carriere-en-republique-tcheque\/specialiste-du-service-a-la-clientele-republique-tcheque\/\" \/>\n<meta property=\"og:site_name\" content=\"Exp\u00e9dition &amp; agence en douane | PUREPROGRESS\" \/>\n<meta property=\"article:modified_time\" content=\"2025-11-25T14:35:06+00:00\" \/>\n<meta name=\"twitter:card\" content=\"summary_large_image\" \/>\n<meta name=\"twitter:label1\" content=\"Dur\u00e9e de lecture estim\u00e9e\" \/>\n\t<meta name=\"twitter:data1\" content=\"1 minute\" \/>\n<script type=\"application\/ld+json\" class=\"yoast-schema-graph\">{\"@context\":\"https:\/\/schema.org\",\"@graph\":[{\"@type\":\"WebPage\",\"@id\":\"https:\/\/pureprogress-logistics.com\/fr\/page-carriere\/page-carriere-en-republique-tcheque\/specialiste-du-service-a-la-clientele-republique-tcheque\/\",\"url\":\"https:\/\/pureprogress-logistics.com\/fr\/page-carriere\/page-carriere-en-republique-tcheque\/specialiste-du-service-a-la-clientele-republique-tcheque\/\",\"name\":\"Sp\u00e9cialiste du service client\u00e8le - PUREPROGRESS R\u00e9publique tch\u00e8que\",\"isPartOf\":{\"@id\":\"https:\/\/pureprogress-logistics.com\/#website\"},\"datePublished\":\"2024-10-30T10:03:01+00:00\",\"dateModified\":\"2025-11-25T14:35:06+00:00\",\"description\":\"Postulez pour le poste de Sp\u00e9cialiste du service client chez PUREPROGRESS R\u00e9publique tch\u00e8que ! D\u00e9veloppez votre carri\u00e8re dans le domaine de la logistique et du d\u00e9douanement !\",\"breadcrumb\":{\"@id\":\"https:\/\/pureprogress-logistics.com\/fr\/page-carriere\/page-carriere-en-republique-tcheque\/specialiste-du-service-a-la-clientele-republique-tcheque\/#breadcrumb\"},\"inLanguage\":\"fr-FR\",\"potentialAction\":[{\"@type\":\"ReadAction\",\"target\":[\"https:\/\/pureprogress-logistics.com\/fr\/page-carriere\/page-carriere-en-republique-tcheque\/specialiste-du-service-a-la-clientele-republique-tcheque\/\"]}]},{\"@type\":\"BreadcrumbList\",\"@id\":\"https:\/\/pureprogress-logistics.com\/fr\/page-carriere\/page-carriere-en-republique-tcheque\/specialiste-du-service-a-la-clientele-republique-tcheque\/#breadcrumb\",\"itemListElement\":[{\"@type\":\"ListItem\",\"position\":1,\"name\":\"Startseite\",\"item\":\"https:\/\/pureprogress-logistics.com\/\"},{\"@type\":\"ListItem\",\"position\":2,\"name\":\"Page Carri\u00e8re\",\"item\":\"https:\/\/pureprogress-logistics.com\/fr\/page-carriere\/\"},{\"@type\":\"ListItem\",\"position\":3,\"name\":\"Page Carri\u00e8re R\u00e9publique tch\u00e8que\",\"item\":\"https:\/\/pureprogress-logistics.com\/fr\/page-carriere\/page-carriere-en-republique-tcheque\/\"},{\"@type\":\"ListItem\",\"position\":4,\"name\":\"Sp\u00e9cialiste du service client R\u00e9publique tch\u00e8que\"}]},{\"@type\":\"WebSite\",\"@id\":\"https:\/\/pureprogress-logistics.com\/#website\",\"url\":\"https:\/\/pureprogress-logistics.com\/\",\"name\":\"Ausfuhrbegleitdokument.com - MRN \/ ABD Erstellung\",\"description\":\"\",\"publisher\":{\"@id\":\"https:\/\/pureprogress-logistics.com\/#organization\"},\"potentialAction\":[{\"@type\":\"SearchAction\",\"target\":{\"@type\":\"EntryPoint\",\"urlTemplate\":\"https:\/\/pureprogress-logistics.com\/?s={search_term_string}\"},\"query-input\":{\"@type\":\"PropertyValueSpecification\",\"valueRequired\":true,\"valueName\":\"search_term_string\"}}],\"inLanguage\":\"fr-FR\"},{\"@type\":\"Organization\",\"@id\":\"https:\/\/pureprogress-logistics.com\/#organization\",\"name\":\"PUREPROGRESS GmbH\",\"url\":\"https:\/\/pureprogress-logistics.com\/\",\"logo\":{\"@type\":\"ImageObject\",\"inLanguage\":\"fr-FR\",\"@id\":\"https:\/\/pureprogress-logistics.com\/#\/schema\/logo\/image\/\",\"url\":\"https:\/\/ausfuhrbegleitdokument.com\/wp-content\/uploads\/2019\/10\/preloader-image.png\",\"contentUrl\":\"https:\/\/ausfuhrbegleitdokument.com\/wp-content\/uploads\/2019\/10\/preloader-image.png\",\"width\":224,\"height\":31,\"caption\":\"PUREPROGRESS GmbH\"},\"image\":{\"@id\":\"https:\/\/pureprogress-logistics.com\/#\/schema\/logo\/image\/\"}}]}<\/script>\n<!-- \/ Yoast SEO plugin. -->","yoast_head_json":{"title":"Sp\u00e9cialiste du service client\u00e8le - PUREPROGRESS R\u00e9publique tch\u00e8que","description":"Postulez pour le poste de Sp\u00e9cialiste du service client chez PUREPROGRESS R\u00e9publique tch\u00e8que ! D\u00e9veloppez votre carri\u00e8re dans le domaine de la logistique et du d\u00e9douanement !","robots":{"index":"index","follow":"follow","max-snippet":"max-snippet:-1","max-image-preview":"max-image-preview:large","max-video-preview":"max-video-preview:-1"},"canonical":"https:\/\/pureprogress-logistics.com\/fr\/page-carriere\/page-carriere-en-republique-tcheque\/specialiste-du-service-a-la-clientele-republique-tcheque\/","og_locale":"fr_FR","og_type":"article","og_title":"Sp\u00e9cialiste du service client\u00e8le - PUREPROGRESS R\u00e9publique tch\u00e8que","og_description":"Postulez pour le poste de Sp\u00e9cialiste du service client chez PUREPROGRESS R\u00e9publique tch\u00e8que ! D\u00e9veloppez votre carri\u00e8re dans le domaine de la logistique et du d\u00e9douanement !","og_url":"https:\/\/pureprogress-logistics.com\/fr\/page-carriere\/page-carriere-en-republique-tcheque\/specialiste-du-service-a-la-clientele-republique-tcheque\/","og_site_name":"Exp\u00e9dition &amp; agence en douane | PUREPROGRESS","article_modified_time":"2025-11-25T14:35:06+00:00","twitter_card":"summary_large_image","twitter_misc":{"Dur\u00e9e de lecture estim\u00e9e":"1 minute"},"schema":{"@context":"https:\/\/schema.org","@graph":[{"@type":"WebPage","@id":"https:\/\/pureprogress-logistics.com\/fr\/page-carriere\/page-carriere-en-republique-tcheque\/specialiste-du-service-a-la-clientele-republique-tcheque\/","url":"https:\/\/pureprogress-logistics.com\/fr\/page-carriere\/page-carriere-en-republique-tcheque\/specialiste-du-service-a-la-clientele-republique-tcheque\/","name":"Sp\u00e9cialiste du service client\u00e8le - PUREPROGRESS R\u00e9publique tch\u00e8que","isPartOf":{"@id":"https:\/\/pureprogress-logistics.com\/#website"},"datePublished":"2024-10-30T10:03:01+00:00","dateModified":"2025-11-25T14:35:06+00:00","description":"Postulez pour le poste de Sp\u00e9cialiste du service client chez PUREPROGRESS R\u00e9publique tch\u00e8que ! D\u00e9veloppez votre carri\u00e8re dans le domaine de la logistique et du d\u00e9douanement !","breadcrumb":{"@id":"https:\/\/pureprogress-logistics.com\/fr\/page-carriere\/page-carriere-en-republique-tcheque\/specialiste-du-service-a-la-clientele-republique-tcheque\/#breadcrumb"},"inLanguage":"fr-FR","potentialAction":[{"@type":"ReadAction","target":["https:\/\/pureprogress-logistics.com\/fr\/page-carriere\/page-carriere-en-republique-tcheque\/specialiste-du-service-a-la-clientele-republique-tcheque\/"]}]},{"@type":"BreadcrumbList","@id":"https:\/\/pureprogress-logistics.com\/fr\/page-carriere\/page-carriere-en-republique-tcheque\/specialiste-du-service-a-la-clientele-republique-tcheque\/#breadcrumb","itemListElement":[{"@type":"ListItem","position":1,"name":"Startseite","item":"https:\/\/pureprogress-logistics.com\/"},{"@type":"ListItem","position":2,"name":"Page Carri\u00e8re","item":"https:\/\/pureprogress-logistics.com\/fr\/page-carriere\/"},{"@type":"ListItem","position":3,"name":"Page Carri\u00e8re R\u00e9publique tch\u00e8que","item":"https:\/\/pureprogress-logistics.com\/fr\/page-carriere\/page-carriere-en-republique-tcheque\/"},{"@type":"ListItem","position":4,"name":"Sp\u00e9cialiste du service client R\u00e9publique tch\u00e8que"}]},{"@type":"WebSite","@id":"https:\/\/pureprogress-logistics.com\/#website","url":"https:\/\/pureprogress-logistics.com\/","name":"Ausfuhrbegleitdokument.com - MRN \/ ABD Erstellung","description":"","publisher":{"@id":"https:\/\/pureprogress-logistics.com\/#organization"},"potentialAction":[{"@type":"SearchAction","target":{"@type":"EntryPoint","urlTemplate":"https:\/\/pureprogress-logistics.com\/?s={search_term_string}"},"query-input":{"@type":"PropertyValueSpecification","valueRequired":true,"valueName":"search_term_string"}}],"inLanguage":"fr-FR"},{"@type":"Organization","@id":"https:\/\/pureprogress-logistics.com\/#organization","name":"PUREPROGRESS GmbH","url":"https:\/\/pureprogress-logistics.com\/","logo":{"@type":"ImageObject","inLanguage":"fr-FR","@id":"https:\/\/pureprogress-logistics.com\/#\/schema\/logo\/image\/","url":"https:\/\/ausfuhrbegleitdokument.com\/wp-content\/uploads\/2019\/10\/preloader-image.png","contentUrl":"https:\/\/ausfuhrbegleitdokument.com\/wp-content\/uploads\/2019\/10\/preloader-image.png","width":224,"height":31,"caption":"PUREPROGRESS GmbH"},"image":{"@id":"https:\/\/pureprogress-logistics.com\/#\/schema\/logo\/image\/"}}]}},"_links":{"self":[{"href":"https:\/\/pureprogress-logistics.com\/fr\/wp-json\/wp\/v2\/pages\/53320","targetHints":{"allow":["GET"]}}],"collection":[{"href":"https:\/\/pureprogress-logistics.com\/fr\/wp-json\/wp\/v2\/pages"}],"about":[{"href":"https:\/\/pureprogress-logistics.com\/fr\/wp-json\/wp\/v2\/types\/page"}],"author":[{"embeddable":true,"href":"https:\/\/pureprogress-logistics.com\/fr\/wp-json\/wp\/v2\/users\/3"}],"replies":[{"embeddable":true,"href":"https:\/\/pureprogress-logistics.com\/fr\/wp-json\/wp\/v2\/comments?post=53320"}],"version-history":[{"count":4,"href":"https:\/\/pureprogress-logistics.com\/fr\/wp-json\/wp\/v2\/pages\/53320\/revisions"}],"predecessor-version":[{"id":64460,"href":"https:\/\/pureprogress-logistics.com\/fr\/wp-json\/wp\/v2\/pages\/53320\/revisions\/64460"}],"up":[{"embeddable":true,"href":"https:\/\/pureprogress-logistics.com\/fr\/wp-json\/wp\/v2\/pages\/53425"}],"wp:attachment":[{"href":"https:\/\/pureprogress-logistics.com\/fr\/wp-json\/wp\/v2\/media?parent=53320"}],"curies":[{"name":"wp","href":"https:\/\/api.w.org\/{rel}","templated":true}]}}