{"id":50872,"date":"2025-02-11T09:20:44","date_gmt":"2025-02-11T08:20:44","guid":{"rendered":"https:\/\/pureprogress-logistics.com\/page-carriere-en-autriche\/"},"modified":"2025-11-13T11:39:05","modified_gmt":"2025-11-13T10:39:05","slug":"page-carriere-en-autriche","status":"publish","type":"page","link":"https:\/\/pureprogress-logistics.com\/fr\/page-carriere\/page-carriere-en-autriche\/","title":{"rendered":"Page\u202fCarri\u00e8re Autriche"},"content":{"rendered":"\t\t<div data-elementor-type=\"wp-page\" data-elementor-id=\"50872\" class=\"elementor elementor-50872 elementor-46532\" data-elementor-post-type=\"page\">\n\t\t\t\t<div class=\"elementor-element elementor-element-b1a86f0 e-flex e-con-boxed e-con e-parent\" data-id=\"b1a86f0\" data-element_type=\"container\" data-e-type=\"container\" data-settings=\"{&quot;jet_parallax_layout_list&quot;:[]}\">\n\t\t\t\t\t<div class=\"e-con-inner\">\n\t\t\t\t<div class=\"elementor-element elementor-element-7a22afa elementor-widget elementor-widget-spacer\" data-id=\"7a22afa\" data-element_type=\"widget\" data-e-type=\"widget\" data-widget_type=\"spacer.default\">\n\t\t\t\t<div class=\"elementor-widget-container\">\n\t\t\t\t\t\t\t<div class=\"elementor-spacer\">\n\t\t\t<div class=\"elementor-spacer-inner\"><\/div>\n\t\t<\/div>\n\t\t\t\t\t\t<\/div>\n\t\t\t\t<\/div>\n\t\t\t\t<div class=\"elementor-element elementor-element-ad339f4 elementor-widget elementor-widget-text-editor\" data-id=\"ad339f4\" data-element_type=\"widget\" data-e-type=\"widget\" data-widget_type=\"text-editor.default\">\n\t\t\t\t<div class=\"elementor-widget-container\">\n\t\t\t\t\t\t\t\t\t<p><em>D\u00e9sol\u00e9, nous n&rsquo;avons actuellement aucun poste disponible en Autriche.<\/em><\/p>\t\t\t\t\t\t\t\t<\/div>\n\t\t\t\t<\/div>\n\t\t\t\t<div class=\"elementor-element elementor-element-bb1d295 elementor-widget elementor-widget-text-editor\" data-id=\"bb1d295\" data-element_type=\"widget\" data-e-type=\"widget\" data-widget_type=\"text-editor.default\">\n\t\t\t\t<div class=\"elementor-widget-container\">\n\t\t\t\t\t\t\t\t\t<p><a href=\"https:\/\/pureprogress-logistics.com\/fr\/page-carriere\/\">\u2190 <span style=\"text-decoration: underline;\">Retour \u00e0 l&rsquo;aper\u00e7u des carri\u00e8res<\/span><\/a><\/p>\t\t\t\t\t\t\t\t<\/div>\n\t\t\t\t<\/div>\n\t\t\t\t\t<\/div>\n\t\t\t\t<\/div>\n\t\t\t\t<\/div>\n\t\t","protected":false},"excerpt":{"rendered":"<p>D\u00e9sol\u00e9, nous n&rsquo;avons actuellement aucun poste disponible en Autriche. \u2190 Retour \u00e0 l&rsquo;aper\u00e7u des carri\u00e8res<\/p>\n","protected":false},"author":3,"featured_media":0,"parent":63861,"menu_order":0,"comment_status":"closed","ping_status":"closed","template":"","meta":{"_monsterinsights_skip_tracking":false,"_monsterinsights_sitenote_active":false,"_monsterinsights_sitenote_note":"","_monsterinsights_sitenote_category":0,"footnotes":""},"class_list":["post-50872","page","type-page","status-publish","hentry"],"yoast_head":"<!-- This site is optimized with the Yoast SEO plugin v27.2 - https:\/\/yoast.com\/product\/yoast-seo-wordpress\/ -->\n<title>Page\u202fCarri\u00e8re Autriche - PUREPROGRESS GmbH<\/title>\n<meta name=\"description\" content=\"Rejoignez PUREPROGRESS en Autriche et fa\u00e7onnez l&#039;avenir de la logistique. D\u00e9couvrez d\u00e8s aujourd&#039;hui les carri\u00e8res dans les domaines du transport, du d\u00e9douanement et autres !\" \/>\n<meta name=\"robots\" content=\"index, follow, max-snippet:-1, max-image-preview:large, max-video-preview:-1\" \/>\n<link rel=\"canonical\" href=\"https:\/\/pureprogress-logistics.com\/fr\/page-carriere\/page-carriere-en-autriche\/\" \/>\n<meta property=\"og:locale\" content=\"fr_FR\" \/>\n<meta property=\"og:type\" content=\"article\" \/>\n<meta property=\"og:title\" content=\"Page\u202fCarri\u00e8re Autriche - PUREPROGRESS GmbH\" \/>\n<meta property=\"og:description\" content=\"Rejoignez PUREPROGRESS en Autriche et fa\u00e7onnez l&#039;avenir de la logistique. D\u00e9couvrez d\u00e8s aujourd&#039;hui les carri\u00e8res dans les domaines du transport, du d\u00e9douanement et autres !\" \/>\n<meta property=\"og:url\" content=\"https:\/\/pureprogress-logistics.com\/fr\/page-carriere\/page-carriere-en-autriche\/\" \/>\n<meta property=\"og:site_name\" content=\"Exp\u00e9dition &amp; agence en douane | PUREPROGRESS\" \/>\n<meta property=\"article:modified_time\" content=\"2025-11-13T10:39:05+00:00\" \/>\n<meta name=\"twitter:card\" content=\"summary_large_image\" \/>\n<script type=\"application\/ld+json\" class=\"yoast-schema-graph\">{\"@context\":\"https:\/\/schema.org\",\"@graph\":[{\"@type\":\"WebPage\",\"@id\":\"https:\/\/pureprogress-logistics.com\/fr\/page-carriere\/page-carriere-en-autriche\/\",\"url\":\"https:\/\/pureprogress-logistics.com\/fr\/page-carriere\/page-carriere-en-autriche\/\",\"name\":\"Page\u202fCarri\u00e8re Autriche - PUREPROGRESS GmbH\",\"isPartOf\":{\"@id\":\"https:\/\/pureprogress-logistics.com\/#website\"},\"datePublished\":\"2025-02-11T08:20:44+00:00\",\"dateModified\":\"2025-11-13T10:39:05+00:00\",\"description\":\"Rejoignez PUREPROGRESS en Autriche et fa\u00e7onnez l'avenir de la logistique. D\u00e9couvrez d\u00e8s aujourd'hui les carri\u00e8res dans les domaines du transport, du d\u00e9douanement et autres !\",\"breadcrumb\":{\"@id\":\"https:\/\/pureprogress-logistics.com\/fr\/page-carriere\/page-carriere-en-autriche\/#breadcrumb\"},\"inLanguage\":\"fr-FR\",\"potentialAction\":[{\"@type\":\"ReadAction\",\"target\":[\"https:\/\/pureprogress-logistics.com\/fr\/page-carriere\/page-carriere-en-autriche\/\"]}]},{\"@type\":\"BreadcrumbList\",\"@id\":\"https:\/\/pureprogress-logistics.com\/fr\/page-carriere\/page-carriere-en-autriche\/#breadcrumb\",\"itemListElement\":[{\"@type\":\"ListItem\",\"position\":1,\"name\":\"Startseite\",\"item\":\"https:\/\/pureprogress-logistics.com\/\"},{\"@type\":\"ListItem\",\"position\":2,\"name\":\"Page Carri\u00e8re\",\"item\":\"https:\/\/pureprogress-logistics.com\/fr\/page-carriere\/\"},{\"@type\":\"ListItem\",\"position\":3,\"name\":\"Page\u202fCarri\u00e8re Autriche\"}]},{\"@type\":\"WebSite\",\"@id\":\"https:\/\/pureprogress-logistics.com\/#website\",\"url\":\"https:\/\/pureprogress-logistics.com\/\",\"name\":\"Ausfuhrbegleitdokument.com - MRN \/ ABD Erstellung\",\"description\":\"\",\"publisher\":{\"@id\":\"https:\/\/pureprogress-logistics.com\/#organization\"},\"potentialAction\":[{\"@type\":\"SearchAction\",\"target\":{\"@type\":\"EntryPoint\",\"urlTemplate\":\"https:\/\/pureprogress-logistics.com\/?s={search_term_string}\"},\"query-input\":{\"@type\":\"PropertyValueSpecification\",\"valueRequired\":true,\"valueName\":\"search_term_string\"}}],\"inLanguage\":\"fr-FR\"},{\"@type\":\"Organization\",\"@id\":\"https:\/\/pureprogress-logistics.com\/#organization\",\"name\":\"PUREPROGRESS GmbH\",\"url\":\"https:\/\/pureprogress-logistics.com\/\",\"logo\":{\"@type\":\"ImageObject\",\"inLanguage\":\"fr-FR\",\"@id\":\"https:\/\/pureprogress-logistics.com\/#\/schema\/logo\/image\/\",\"url\":\"https:\/\/ausfuhrbegleitdokument.com\/wp-content\/uploads\/2019\/10\/preloader-image.png\",\"contentUrl\":\"https:\/\/ausfuhrbegleitdokument.com\/wp-content\/uploads\/2019\/10\/preloader-image.png\",\"width\":224,\"height\":31,\"caption\":\"PUREPROGRESS GmbH\"},\"image\":{\"@id\":\"https:\/\/pureprogress-logistics.com\/#\/schema\/logo\/image\/\"}}]}<\/script>\n<!-- \/ Yoast SEO plugin. -->","yoast_head_json":{"title":"Page\u202fCarri\u00e8re Autriche - PUREPROGRESS GmbH","description":"Rejoignez PUREPROGRESS en Autriche et fa\u00e7onnez l'avenir de la logistique. D\u00e9couvrez d\u00e8s aujourd'hui les carri\u00e8res dans les domaines du transport, du d\u00e9douanement et autres !","robots":{"index":"index","follow":"follow","max-snippet":"max-snippet:-1","max-image-preview":"max-image-preview:large","max-video-preview":"max-video-preview:-1"},"canonical":"https:\/\/pureprogress-logistics.com\/fr\/page-carriere\/page-carriere-en-autriche\/","og_locale":"fr_FR","og_type":"article","og_title":"Page\u202fCarri\u00e8re Autriche - PUREPROGRESS GmbH","og_description":"Rejoignez PUREPROGRESS en Autriche et fa\u00e7onnez l'avenir de la logistique. D\u00e9couvrez d\u00e8s aujourd'hui les carri\u00e8res dans les domaines du transport, du d\u00e9douanement et autres !","og_url":"https:\/\/pureprogress-logistics.com\/fr\/page-carriere\/page-carriere-en-autriche\/","og_site_name":"Exp\u00e9dition &amp; agence en douane | PUREPROGRESS","article_modified_time":"2025-11-13T10:39:05+00:00","twitter_card":"summary_large_image","schema":{"@context":"https:\/\/schema.org","@graph":[{"@type":"WebPage","@id":"https:\/\/pureprogress-logistics.com\/fr\/page-carriere\/page-carriere-en-autriche\/","url":"https:\/\/pureprogress-logistics.com\/fr\/page-carriere\/page-carriere-en-autriche\/","name":"Page\u202fCarri\u00e8re Autriche - PUREPROGRESS GmbH","isPartOf":{"@id":"https:\/\/pureprogress-logistics.com\/#website"},"datePublished":"2025-02-11T08:20:44+00:00","dateModified":"2025-11-13T10:39:05+00:00","description":"Rejoignez PUREPROGRESS en Autriche et fa\u00e7onnez l'avenir de la logistique. D\u00e9couvrez d\u00e8s aujourd'hui les carri\u00e8res dans les domaines du transport, du d\u00e9douanement et autres !","breadcrumb":{"@id":"https:\/\/pureprogress-logistics.com\/fr\/page-carriere\/page-carriere-en-autriche\/#breadcrumb"},"inLanguage":"fr-FR","potentialAction":[{"@type":"ReadAction","target":["https:\/\/pureprogress-logistics.com\/fr\/page-carriere\/page-carriere-en-autriche\/"]}]},{"@type":"BreadcrumbList","@id":"https:\/\/pureprogress-logistics.com\/fr\/page-carriere\/page-carriere-en-autriche\/#breadcrumb","itemListElement":[{"@type":"ListItem","position":1,"name":"Startseite","item":"https:\/\/pureprogress-logistics.com\/"},{"@type":"ListItem","position":2,"name":"Page Carri\u00e8re","item":"https:\/\/pureprogress-logistics.com\/fr\/page-carriere\/"},{"@type":"ListItem","position":3,"name":"Page\u202fCarri\u00e8re Autriche"}]},{"@type":"WebSite","@id":"https:\/\/pureprogress-logistics.com\/#website","url":"https:\/\/pureprogress-logistics.com\/","name":"Ausfuhrbegleitdokument.com - MRN \/ ABD Erstellung","description":"","publisher":{"@id":"https:\/\/pureprogress-logistics.com\/#organization"},"potentialAction":[{"@type":"SearchAction","target":{"@type":"EntryPoint","urlTemplate":"https:\/\/pureprogress-logistics.com\/?s={search_term_string}"},"query-input":{"@type":"PropertyValueSpecification","valueRequired":true,"valueName":"search_term_string"}}],"inLanguage":"fr-FR"},{"@type":"Organization","@id":"https:\/\/pureprogress-logistics.com\/#organization","name":"PUREPROGRESS GmbH","url":"https:\/\/pureprogress-logistics.com\/","logo":{"@type":"ImageObject","inLanguage":"fr-FR","@id":"https:\/\/pureprogress-logistics.com\/#\/schema\/logo\/image\/","url":"https:\/\/ausfuhrbegleitdokument.com\/wp-content\/uploads\/2019\/10\/preloader-image.png","contentUrl":"https:\/\/ausfuhrbegleitdokument.com\/wp-content\/uploads\/2019\/10\/preloader-image.png","width":224,"height":31,"caption":"PUREPROGRESS GmbH"},"image":{"@id":"https:\/\/pureprogress-logistics.com\/#\/schema\/logo\/image\/"}}]}},"_links":{"self":[{"href":"https:\/\/pureprogress-logistics.com\/fr\/wp-json\/wp\/v2\/pages\/50872","targetHints":{"allow":["GET"]}}],"collection":[{"href":"https:\/\/pureprogress-logistics.com\/fr\/wp-json\/wp\/v2\/pages"}],"about":[{"href":"https:\/\/pureprogress-logistics.com\/fr\/wp-json\/wp\/v2\/types\/page"}],"author":[{"embeddable":true,"href":"https:\/\/pureprogress-logistics.com\/fr\/wp-json\/wp\/v2\/users\/3"}],"replies":[{"embeddable":true,"href":"https:\/\/pureprogress-logistics.com\/fr\/wp-json\/wp\/v2\/comments?post=50872"}],"version-history":[{"count":4,"href":"https:\/\/pureprogress-logistics.com\/fr\/wp-json\/wp\/v2\/pages\/50872\/revisions"}],"predecessor-version":[{"id":64090,"href":"https:\/\/pureprogress-logistics.com\/fr\/wp-json\/wp\/v2\/pages\/50872\/revisions\/64090"}],"up":[{"embeddable":true,"href":"https:\/\/pureprogress-logistics.com\/fr\/wp-json\/wp\/v2\/pages\/63861"}],"wp:attachment":[{"href":"https:\/\/pureprogress-logistics.com\/fr\/wp-json\/wp\/v2\/media?parent=50872"}],"curies":[{"name":"wp","href":"https:\/\/api.w.org\/{rel}","templated":true}]}}