{"id":27154,"date":"2021-03-07T23:28:53","date_gmt":"2021-03-07T23:28:53","guid":{"rendered":"https:\/\/pureprogress-logistics.com\/importation-de-marchandises-en-suisse-a-titre-commercial-et-prive\/"},"modified":"2024-03-03T07:42:30","modified_gmt":"2024-03-03T07:42:30","slug":"importation-de-marchandises-en-suisse-a-titre-commercial-et-prive","status":"publish","type":"page","link":"https:\/\/pureprogress-logistics.com\/fr\/importation-de-marchandises-en-suisse-a-titre-commercial-et-prive\/","title":{"rendered":"Importation de marchandises en Suisse \u00e0 titre commercial et priv\u00e9"},"content":{"rendered":"\t\t<div data-elementor-type=\"wp-page\" data-elementor-id=\"27154\" class=\"elementor elementor-27154 elementor-9596\" data-elementor-post-type=\"page\">\n\t\t\t\t\t\t<section class=\"elementor-section elementor-top-section elementor-element elementor-element-5abd5378 elementor-section-boxed elementor-section-height-default elementor-section-height-default\" data-id=\"5abd5378\" data-element_type=\"section\" data-e-type=\"section\" data-settings=\"{&quot;jet_parallax_layout_list&quot;:[{&quot;jet_parallax_layout_image&quot;:{&quot;url&quot;:&quot;&quot;,&quot;id&quot;:&quot;&quot;,&quot;size&quot;:&quot;&quot;},&quot;_id&quot;:&quot;d56588c&quot;,&quot;jet_parallax_layout_image_tablet&quot;:{&quot;url&quot;:&quot;&quot;,&quot;id&quot;:&quot;&quot;,&quot;size&quot;:&quot;&quot;},&quot;jet_parallax_layout_image_mobile&quot;:{&quot;url&quot;:&quot;&quot;,&quot;id&quot;:&quot;&quot;,&quot;size&quot;:&quot;&quot;},&quot;jet_parallax_layout_speed&quot;:{&quot;unit&quot;:&quot;%&quot;,&quot;size&quot;:50,&quot;sizes&quot;:[]},&quot;jet_parallax_layout_type&quot;:&quot;scroll&quot;,&quot;jet_parallax_layout_direction&quot;:&quot;1&quot;,&quot;jet_parallax_layout_fx_direction&quot;:null,&quot;jet_parallax_layout_z_index&quot;:&quot;&quot;,&quot;jet_parallax_layout_bg_x&quot;:50,&quot;jet_parallax_layout_bg_x_tablet&quot;:&quot;&quot;,&quot;jet_parallax_layout_bg_x_mobile&quot;:&quot;&quot;,&quot;jet_parallax_layout_bg_y&quot;:50,&quot;jet_parallax_layout_bg_y_tablet&quot;:&quot;&quot;,&quot;jet_parallax_layout_bg_y_mobile&quot;:&quot;&quot;,&quot;jet_parallax_layout_bg_size&quot;:&quot;auto&quot;,&quot;jet_parallax_layout_bg_size_tablet&quot;:&quot;&quot;,&quot;jet_parallax_layout_bg_size_mobile&quot;:&quot;&quot;,&quot;jet_parallax_layout_animation_prop&quot;:&quot;transform&quot;,&quot;jet_parallax_layout_on&quot;:[&quot;desktop&quot;,&quot;tablet&quot;]}]}\">\n\t\t\t\t\t\t<div class=\"elementor-container elementor-column-gap-default\">\n\t\t\t\t\t<div class=\"elementor-column elementor-col-100 elementor-top-column elementor-element elementor-element-1861f1ea\" data-id=\"1861f1ea\" data-element_type=\"column\" data-e-type=\"column\">\n\t\t\t<div class=\"elementor-widget-wrap elementor-element-populated\">\n\t\t\t\t\t\t<div class=\"elementor-element elementor-element-4375ea0a elementor-widget elementor-widget-text-editor\" data-id=\"4375ea0a\" data-element_type=\"widget\" data-e-type=\"widget\" data-widget_type=\"text-editor.default\">\n\t\t\t\t<div class=\"elementor-widget-container\">\n\t\t\t\t\t\t\t\t\t<p><\/p>\n<h1 class=\"wp-block-heading has-large-font-size\">Importation de marchandises en Suisse \u00e0 titre commercial et priv\u00e9<\/h1>\n<p><\/p>\n<p><\/p>\n<p><br><\/p>\n<p><\/p>\n<p><\/p>\n<h2 class=\"wp-block-heading\">DDAT &#8211; D\u00e9claration en douane pour l&rsquo;admission temporaire (Suisse)<\/h2>\n<p><\/p>\n<p><\/p>\n<p>Si vous souhaitez importer des marchandises en Suisse uniquement \u00e0 titre temporaire, la proc\u00e9dure de la DDAT Suisse (d\u00e9claration en douane pour l&rsquo;admission temporaire) doit \u00eatre appliqu\u00e9e. Autrefois, on l&rsquo;appelait aussi \u00ab\u00a0proc\u00e9dure de passeport libre suisse\u00a0\u00bb. Ce terme est encore partiellement utilis\u00e9 aujourd&rsquo;hui. En cas d&rsquo;importation temporaire de marchandises pr\u00e9vue, il faut donc d&rsquo;une part \u00e9tablir un \u00ab\u00a0passeport libre suisse\u00a0\u00bb. Mais en m\u00eame temps, il faut encore \u00e9tablir du c\u00f4t\u00e9 allemand un document douanier correspondant, qui d\u00e9clare les marchandises pour l&rsquo;exportation temporaire hors d&rsquo;Allemagne. Vous trouverez ci-dessous le d\u00e9roulement et les co\u00fbts de la proc\u00e9dure.<\/p>\n<p><\/p>\n<p><\/p>\n<p>M\u00eame si vous n&rsquo;\u00eates pas encore s\u00fbr qu&rsquo;une vente des marchandises aura lieu et que les marchandises ne seront d&rsquo;abord envoy\u00e9es en Suisse que pour une exposition ou autre, vous pouvez nous demander d&rsquo;\u00e9tablir un laissez-passer. Il est toutefois important de noter que les marchandises ne doivent en aucun cas \u00eatre modifi\u00e9es ou r\u00e9par\u00e9es en Suisse, sinon un autre r\u00e9gime (perfectionnement actif en Suisse) devrait \u00eatre appliqu\u00e9. Nous nous ferons un plaisir de vous conseiller \u00e0 ce sujet par t\u00e9l\u00e9phone ou par \u00e9crit.<\/p>\n<p><\/p>\n<p><\/p>\n<p>Les utilisations courantes de l&rsquo;importation temporaire de marchandises sont les suivantes<\/p>\n<p><\/p>\n<p><\/p>\n<ul><p><\/p>\n<li>Manifestations du salon<\/li>\n<p><\/p>\n<p><\/p>\n<li>Expositions \/ d\u00e9monstrations dont la vente est incertaine<\/li>\n<p><\/p>\n<p><\/p>\n<li>Tests et essais<\/li>\n<p><\/p>\n<p><\/p>\n<li>\u00c9quipement professionnel<\/li>\n<p><\/p>\n<p><\/p>\n<li>Entra\u00eenement, formation, mise au p\u00e2turage des chevaux<\/li>\n<p><\/p><\/ul>\n<p><\/p>\n<p><\/p>\n<h3 class=\"wp-block-heading\">Ouverture  <\/h3>\n<p><\/p>\n<p><\/p>\n<p>Pour que la DDT puisse \u00eatre \u00e9tablie, il faut d&rsquo;abord v\u00e9rifier si les conditions sont remplies. Si l&rsquo;on sait d\u00e9j\u00e0, par exemple, que des marchandises doivent rester durablement en Suisse, la DDAT n&rsquo;a pas de sens et ne peut donc pas \u00eatre appliqu\u00e9e. De plus, une liste pr\u00e9cise des marchandises \u00e0 importer temporairement doit \u00eatre disponible, y compris de quelques d\u00e9tails.<br>Il est tout d&rsquo;abord important de fournir les informations suivantes sur la marchandise :<\/p>\n<p><\/p>\n<p><\/p>\n<ul><p><\/p>\n<li>D\u00e9signation de la marchandise, le cas \u00e9ch\u00e9ant incl. Num\u00e9ro de tarif douanier si connu<\/li>\n<p><\/p>\n<p><\/p>\n<li>Valeur de la marchandise incl. Indication de la monnaie<\/li>\n<p><\/p>\n<p><\/p>\n<li>Poids de la marchandise, y compris et excl. Emballage<\/li>\n<p><\/p>\n<p><\/p>\n<li>Utilisation pr\u00e9vue de la marchandise<\/li>\n<p><\/p>\n<p><\/p>\n<li>Exp\u00e9diteur \u00e0 l&rsquo;\u00e9tranger<\/li>\n<p><\/p>\n<p><\/p>\n<li>Destinataires en Suisse<\/li>\n<p><\/p>\n<p><\/p>\n<li>Propri\u00e9taire du produit<\/li>\n<p><\/p>\n<p><\/p>\n<li>S&rsquo;agit-il d&rsquo;une location ?<\/li>\n<p><\/p>\n<p><\/p>\n<li>Combien de temps la marchandise reste-t-elle en Suisse ?<\/li>\n<p><\/p>\n<p><\/p>\n<li>Par quelle fronti\u00e8re la marchandise arrive-t-elle en Suisse ?<\/li>\n<p><\/p>\n<p><\/p>\n<li>Par quelle fronti\u00e8re la marchandise quitte-t-elle \u00e0 nouveau la Suisse ?<\/li>\n<p><\/p>\n<p><\/p>\n<li>Quand la marchandise arrive-t-elle en Suisse (date) ?<\/li>\n<p><\/p>\n<p><\/p>\n<li>Comment l&rsquo;identification de la marchandise est-elle assur\u00e9e, c&rsquo;est-\u00e0-dire comment le bureau de douane peut-il<br>contr\u00f4ler si cette marchandise quitte \u00e0 nouveau la Suisse, par exemple \u00e0 l&rsquo;aide de num\u00e9ros de s\u00e9rie ou de photos des produits<\/li>\n<p><\/p><\/ul>\n<p><\/p>\n<p><\/p>\n<p>Dans l&rsquo;id\u00e9al, vous pouvez pr\u00e9parer\/r\u00e9unir toutes ces informations dans une liste \u00e0 l&rsquo;avance, afin que nous puissions pr\u00e9parer le d\u00e9douanement pour vous le plus rapidement possible, sans retard d\u00fb \u00e0 des demandes de pr\u00e9cisions suppl\u00e9mentaires.<\/p>\n<p><\/p>\n<p><\/p>\n<p>Pour la partie allemande, c&rsquo;est-\u00e0-dire pour le <a href=\"https:\/\/pureprogress-logistics.com\/fr\/\">document d&rsquo;accompagnement export<\/a>, nous avons encore besoin du num\u00e9ro EORI de l&rsquo;exp\u00e9diteur allemand ainsi que d&rsquo;une procuration douani\u00e8re d\u00fbment remplie. Sur demande, nous vous ferons volontiers parvenir par e-mail le formulaire de procuration de d\u00e9douanement. Veuillez imp\u00e9rativement indiquer que les marchandises ne seront export\u00e9es que temporairement hors de l&rsquo;UE.<\/p>\n<p><\/p>\n<p><\/p>\n<p>Veuillez noter que le bureau de douane suisse souhaite voir les marchandises lors de la d\u00e9claration d&rsquo;importation et que vous devez d\u00e9poser une garantie en esp\u00e8ces ou par carte aupr\u00e8s de la douane suisse pour les droits d&rsquo;importation qui pourraient \u00eatre dus. Ces frais vous seront toutefois rembours\u00e9s une fois que les marchandises auront \u00e9t\u00e9 r\u00e9export\u00e9es de Suisse. La garantie correspond \u00e0 la <strong>TVA sur les biens import\u00e9s temporairement<\/strong> + les droits de douane. Elle s&rsquo;\u00e9l\u00e8ve en g\u00e9n\u00e9ral \u00e0 7,7% de TVA sur la valeur des marchandises, sur les frais de transport et de d\u00e9douanement ainsi que sur les droits de douane. Les droits de douane d\u00e9pendent du type de marchandise et de son poids. Il existe diff\u00e9rents taux de droits de douane pour presque chaque type de marchandise. Nous pouvons volontiers calculer pour vous le montant probable \u00e0 d\u00e9poser.<\/p>\n<p><\/p>\n<p><\/p>\n<h3 class=\"wp-block-heading\">Conclusion<\/h3>\n<p><\/p>\n<p><\/p>\n<p>Pour que la DDAT soit r\u00e9gl\u00e9e en bonne et due forme et que la garantie d\u00e9pos\u00e9e soit rembours\u00e9e, les marchandises doivent \u00eatre r\u00e9export\u00e9es hors de Suisse. Pour la cl\u00f4ture, nous devons \u00e9galement \u00e9tablir certains documents douaniers afin que tout soit correctement d\u00e9clar\u00e9. Si la marchandise reste en Suisse, nous devons la d\u00e9douaner d\u00e9finitivement et la garantie est retenue pour la partie de la marchandise qui reste en Suisse.<\/p>\n<p><\/p>\n<p><\/p>\n<p>Important : veuillez noter que les frais de location pour le pr\u00eat de la marchandise ou les r\u00e9mun\u00e9rations\/indemnit\u00e9s similaires sont soumis \u00e0 une TVA suisse de 7,7%. De plus, pour les op\u00e9rations de location, il faut toujours effectuer une importation avec la proc\u00e9dure ZAVV. L&rsquo;importation temporaire au moyen d&rsquo;un carnet ATA n&rsquo;est pas autoris\u00e9e.<\/p>\n<p><\/p>\n<p><\/p>\n<h3 class=\"wp-block-heading\">Prolongation<\/h3>\n<p><\/p>\n<p><\/p>\n<p>En principe, la proc\u00e9dure de DDAT est limit\u00e9e \u00e0 deux ans par l&rsquo;Administration f\u00e9d\u00e9rale des douanes (AFD). Sous certaines conditions, la prolongation est toutefois possible trois fois pour une dur\u00e9e d&rsquo;un an. Vous pouvez donc utiliser les marchandises en Suisse sans les d\u00e9douaner pendant cinq ans au total, pour autant que tous les d\u00e9lais et conditions soient respect\u00e9s. La prolongation du Freipass \/ ZAVV est payante (en g\u00e9n\u00e9ral entre 30.- et 60.- CHF).<\/p>\n<p><\/p>\n<p><\/p>\n<h3 class=\"wp-block-heading\">Exemples pratiques sur la ZAVV Suisse<\/h3>\n<p><\/p>\n<p><\/p>\n<p>Maintenant que vous connaissez les informations de base pour la mise en \u0153uvre de la DDT, nous aimerions vous montrer quelques exemples pratiques de nos clients. Dans ce cas, des conditions sp\u00e9ciales et des exigences l\u00e9gales sont parfois li\u00e9es \u00e0 l&rsquo;importation temporaire.<\/p>\n<p><\/p>\n<p><\/p>\n<h4 class=\"wp-block-heading\">Emporter des outils en Suisse<\/h4>\n<p><\/p>\n<p><\/p>\n<p>Si, en tant qu&rsquo;entreprise allemande, vous avez re\u00e7u d&rsquo;un client suisse une commande pour une r\u00e9paration\/un montage en Suisse, vous devez faire attention \u00e0 plusieurs choses. D&rsquo;une part, il y a le permis de travail, que vous devrez peut-\u00eatre demander (\u00e0 partir d&rsquo;une certaine dur\u00e9e de s\u00e9jour en Suisse). D&rsquo;autre part, dans certains cas, vous devez \u00e9galement vous enregistrer \u00e0 la TVA en Suisse si votre chiffre d&rsquo;affaires annuel mondial est sup\u00e9rieur \u00e0 100 000 CHF. Pour ce faire, nous vous recommandons de vous renseigner au pr\u00e9alable et, le cas \u00e9ch\u00e9ant, de collaborer ensuite avec un fiduciaire fiscal, comme par exemple la <a href=\"http:\/\/www.k-partner.ch\/\">soci\u00e9t\u00e9 Keel + Partner<\/a>.<\/p>\n<p><\/p>\n<p><\/p>\n<p>En outre, le formulaire ZAVV pour l&rsquo;\u00e9quipement professionnel et pour les nouveaux outils \u00e0 main doit \u00eatre rempli pour vous par nos soins en tant qu&rsquo;agence en douane. Du c\u00f4t\u00e9 allemand, un document d&rsquo;accompagnement \u00e0 l&rsquo;exportation doit \u00eatre \u00e9tabli \u00e0 cet effet, avec une codification sp\u00e9ciale, de sorte que la marchandise puisse \u00eatre renvoy\u00e9e ult\u00e9rieurement en Allemagne en franchise de droits de douane et de TVA.<\/p>\n<p><\/p>\n<p><\/p>\n<p>Pour certains outils (outils \u00e0 main d&rsquo;occasion, en g\u00e9n\u00e9ral jusqu&rsquo;\u00e0 une valeur de 1000 EUR), il n&rsquo;est pas n\u00e9cessaire de demander une DDAT, notamment en vertu de l&rsquo;art. Convention d&rsquo;Istanbul. Comme il n&rsquo;est g\u00e9n\u00e9ralement pas n\u00e9cessaire d&rsquo;\u00e9tablir une d\u00e9claration d&rsquo;exportation allemande pour les marchandises d&rsquo;une valeur inf\u00e9rieure \u00e0 1000 EUR, les bureaux de douane l&rsquo;acceptent g\u00e9n\u00e9ralement avec une simple liste de l&rsquo;outil. Celle-ci doit ensuite \u00eatre tamponn\u00e9e par le bureau de douane lors de l&rsquo;exportation d&rsquo;Allemagne, de l&rsquo;importation en Suisse et de la r\u00e9exportation et r\u00e9importation.<\/p>\n<p><\/p>\n<p><\/p>\n<p>Pour savoir pour quelles marchandises une proc\u00e9dure de DDAT doit \u00eatre demand\u00e9e, il convient de se r\u00e9f\u00e9rer \u00e0 la <a href=\"https:\/\/www.ezv.admin.ch\/dam\/ezv\/de\/dokumente\/verfahren-betrieb\/Aufgabenvollzug\/Dokumentation\/R-10%20Zollverfahren\/r-10-60_voruebergehende_verwendung.pdf.download.pdf\/R-10-60.pdf\">circulaire R10-60<\/a> valid\u00e9e par le bureau de douane. Nous pouvons volontiers vous adresser une demande \u00e0 cet effet.<\/p>\n<p><\/p>\n<p><\/p>\n<h4 class=\"wp-block-heading\"><\/h4>\n<p><\/p>\n<p><\/p>\n<h3 class=\"wp-block-heading\">Exportation ZAVV \/ Exportation libre-passage<\/h3>\n<p><\/p>\n<p><\/p>\n<p>Les informations et d\u00e9clarations relatives \u00e0 la DDAT mentionn\u00e9es ci-dessus concernent la situation dans laquelle vous importez temporairement des marchandises en Suisse. Mais il se peut aussi que vous souhaitiez exporter temporairement des marchandises hors de Suisse, par exemple vers l&rsquo;Allemagne. Dans ce cas, un passeport libre doit \u00e9galement \u00eatre \u00e9tabli, mais sous une forme modifi\u00e9e. Par exemple, il n&rsquo;est pas n\u00e9cessaire ici de d\u00e9poser une garantie aupr\u00e8s de l&rsquo;administration des douanes suisses. Nous pouvons \u00e9galement vous assister dans cette proc\u00e9dure et \u00e9tablir tous les documents douaniers n\u00e9cessaires.<\/p>\n<p><\/p>\t\t\t\t\t\t\t\t<\/div>\n\t\t\t\t<\/div>\n\t\t\t\t\t<\/div>\n\t\t<\/div>\n\t\t\t\t\t<\/div>\n\t\t<\/section>\n\t\t\t\t<\/div>\n\t\t","protected":false},"excerpt":{"rendered":"<p>Importation de marchandises en Suisse \u00e0 titre commercial et priv\u00e9 DDAT &#8211; D\u00e9claration en douane pour l&rsquo;admission temporaire (Suisse) Si vous souhaitez importer des marchandises en Suisse uniquement \u00e0 titre temporaire, la proc\u00e9dure de la DDAT Suisse (d\u00e9claration en douane pour l&rsquo;admission temporaire) doit \u00eatre appliqu\u00e9e. Autrefois, on l&rsquo;appelait aussi \u00ab\u00a0proc\u00e9dure de passeport libre suisse\u00a0\u00bb. [&hellip;]<\/p>\n","protected":false},"author":1,"featured_media":0,"parent":0,"menu_order":0,"comment_status":"closed","ping_status":"closed","template":"","meta":{"_monsterinsights_skip_tracking":false,"_monsterinsights_sitenote_active":false,"_monsterinsights_sitenote_note":"","_monsterinsights_sitenote_category":0,"footnotes":""},"class_list":["post-27154","page","type-page","status-publish","hentry"],"yoast_head":"<!-- This site is optimized with the Yoast SEO plugin v27.2 - https:\/\/yoast.com\/product\/yoast-seo-wordpress\/ -->\n<title>Importation de marchandises en Suisse \u00e0 titre commercial et priv\u00e9 - D\u00e9douanement expliqu\u00e9<\/title>\n<meta name=\"description\" content=\"Importation de marchandises en Suisse \u00e0 titre commercial \/ priv\u00e9 \/ DDAT - informations et explications. Nous nous chargeons volontiers de l&#039;\u00e9tablissement des documents douaniers pour vous.\" \/>\n<meta name=\"robots\" content=\"index, follow, max-snippet:-1, max-image-preview:large, max-video-preview:-1\" \/>\n<link rel=\"canonical\" href=\"https:\/\/pureprogress-logistics.com\/fr\/importation-de-marchandises-en-suisse-a-titre-commercial-et-prive\/\" \/>\n<meta property=\"og:locale\" content=\"fr_FR\" \/>\n<meta property=\"og:type\" content=\"article\" \/>\n<meta property=\"og:title\" content=\"Importation de marchandises en Suisse \u00e0 titre commercial et priv\u00e9 - D\u00e9douanement expliqu\u00e9\" \/>\n<meta property=\"og:description\" content=\"Importation de marchandises en Suisse \u00e0 titre commercial \/ priv\u00e9 \/ DDAT - informations et explications. Nous nous chargeons volontiers de l&#039;\u00e9tablissement des documents douaniers pour vous.\" \/>\n<meta property=\"og:url\" content=\"https:\/\/pureprogress-logistics.com\/fr\/importation-de-marchandises-en-suisse-a-titre-commercial-et-prive\/\" \/>\n<meta property=\"og:site_name\" content=\"Exp\u00e9dition &amp; agence en douane | PUREPROGRESS\" \/>\n<meta property=\"article:modified_time\" content=\"2024-03-03T07:42:30+00:00\" \/>\n<meta name=\"twitter:card\" content=\"summary_large_image\" \/>\n<meta name=\"twitter:label1\" content=\"Dur\u00e9e de lecture estim\u00e9e\" \/>\n\t<meta name=\"twitter:data1\" content=\"7 minutes\" \/>\n<script type=\"application\/ld+json\" class=\"yoast-schema-graph\">{\"@context\":\"https:\/\/schema.org\",\"@graph\":[{\"@type\":\"WebPage\",\"@id\":\"https:\/\/pureprogress-logistics.com\/fr\/importation-de-marchandises-en-suisse-a-titre-commercial-et-prive\/\",\"url\":\"https:\/\/pureprogress-logistics.com\/fr\/importation-de-marchandises-en-suisse-a-titre-commercial-et-prive\/\",\"name\":\"Importation de marchandises en Suisse \u00e0 titre commercial et priv\u00e9 - D\u00e9douanement expliqu\u00e9\",\"isPartOf\":{\"@id\":\"https:\/\/pureprogress-logistics.com\/#website\"},\"datePublished\":\"2021-03-07T23:28:53+00:00\",\"dateModified\":\"2024-03-03T07:42:30+00:00\",\"description\":\"Importation de marchandises en Suisse \u00e0 titre commercial \/ priv\u00e9 \/ DDAT - informations et explications. Nous nous chargeons volontiers de l'\u00e9tablissement des documents douaniers pour vous.\",\"breadcrumb\":{\"@id\":\"https:\/\/pureprogress-logistics.com\/fr\/importation-de-marchandises-en-suisse-a-titre-commercial-et-prive\/#breadcrumb\"},\"inLanguage\":\"fr-FR\",\"potentialAction\":[{\"@type\":\"ReadAction\",\"target\":[\"https:\/\/pureprogress-logistics.com\/fr\/importation-de-marchandises-en-suisse-a-titre-commercial-et-prive\/\"]}]},{\"@type\":\"BreadcrumbList\",\"@id\":\"https:\/\/pureprogress-logistics.com\/fr\/importation-de-marchandises-en-suisse-a-titre-commercial-et-prive\/#breadcrumb\",\"itemListElement\":[{\"@type\":\"ListItem\",\"position\":1,\"name\":\"Startseite\",\"item\":\"https:\/\/pureprogress-logistics.com\/\"},{\"@type\":\"ListItem\",\"position\":2,\"name\":\"Importation de marchandises en Suisse \u00e0 titre commercial et priv\u00e9\"}]},{\"@type\":\"WebSite\",\"@id\":\"https:\/\/pureprogress-logistics.com\/#website\",\"url\":\"https:\/\/pureprogress-logistics.com\/\",\"name\":\"Ausfuhrbegleitdokument.com - MRN \/ ABD Erstellung\",\"description\":\"\",\"publisher\":{\"@id\":\"https:\/\/pureprogress-logistics.com\/#organization\"},\"potentialAction\":[{\"@type\":\"SearchAction\",\"target\":{\"@type\":\"EntryPoint\",\"urlTemplate\":\"https:\/\/pureprogress-logistics.com\/?s={search_term_string}\"},\"query-input\":{\"@type\":\"PropertyValueSpecification\",\"valueRequired\":true,\"valueName\":\"search_term_string\"}}],\"inLanguage\":\"fr-FR\"},{\"@type\":\"Organization\",\"@id\":\"https:\/\/pureprogress-logistics.com\/#organization\",\"name\":\"PUREPROGRESS GmbH\",\"url\":\"https:\/\/pureprogress-logistics.com\/\",\"logo\":{\"@type\":\"ImageObject\",\"inLanguage\":\"fr-FR\",\"@id\":\"https:\/\/pureprogress-logistics.com\/#\/schema\/logo\/image\/\",\"url\":\"https:\/\/ausfuhrbegleitdokument.com\/wp-content\/uploads\/2019\/10\/preloader-image.png\",\"contentUrl\":\"https:\/\/ausfuhrbegleitdokument.com\/wp-content\/uploads\/2019\/10\/preloader-image.png\",\"width\":224,\"height\":31,\"caption\":\"PUREPROGRESS GmbH\"},\"image\":{\"@id\":\"https:\/\/pureprogress-logistics.com\/#\/schema\/logo\/image\/\"}}]}<\/script>\n<!-- \/ Yoast SEO plugin. -->","yoast_head_json":{"title":"Importation de marchandises en Suisse \u00e0 titre commercial et priv\u00e9 - D\u00e9douanement expliqu\u00e9","description":"Importation de marchandises en Suisse \u00e0 titre commercial \/ priv\u00e9 \/ DDAT - informations et explications. Nous nous chargeons volontiers de l'\u00e9tablissement des documents douaniers pour vous.","robots":{"index":"index","follow":"follow","max-snippet":"max-snippet:-1","max-image-preview":"max-image-preview:large","max-video-preview":"max-video-preview:-1"},"canonical":"https:\/\/pureprogress-logistics.com\/fr\/importation-de-marchandises-en-suisse-a-titre-commercial-et-prive\/","og_locale":"fr_FR","og_type":"article","og_title":"Importation de marchandises en Suisse \u00e0 titre commercial et priv\u00e9 - D\u00e9douanement expliqu\u00e9","og_description":"Importation de marchandises en Suisse \u00e0 titre commercial \/ priv\u00e9 \/ DDAT - informations et explications. Nous nous chargeons volontiers de l'\u00e9tablissement des documents douaniers pour vous.","og_url":"https:\/\/pureprogress-logistics.com\/fr\/importation-de-marchandises-en-suisse-a-titre-commercial-et-prive\/","og_site_name":"Exp\u00e9dition &amp; agence en douane | PUREPROGRESS","article_modified_time":"2024-03-03T07:42:30+00:00","twitter_card":"summary_large_image","twitter_misc":{"Dur\u00e9e de lecture estim\u00e9e":"7 minutes"},"schema":{"@context":"https:\/\/schema.org","@graph":[{"@type":"WebPage","@id":"https:\/\/pureprogress-logistics.com\/fr\/importation-de-marchandises-en-suisse-a-titre-commercial-et-prive\/","url":"https:\/\/pureprogress-logistics.com\/fr\/importation-de-marchandises-en-suisse-a-titre-commercial-et-prive\/","name":"Importation de marchandises en Suisse \u00e0 titre commercial et priv\u00e9 - D\u00e9douanement expliqu\u00e9","isPartOf":{"@id":"https:\/\/pureprogress-logistics.com\/#website"},"datePublished":"2021-03-07T23:28:53+00:00","dateModified":"2024-03-03T07:42:30+00:00","description":"Importation de marchandises en Suisse \u00e0 titre commercial \/ priv\u00e9 \/ DDAT - informations et explications. Nous nous chargeons volontiers de l'\u00e9tablissement des documents douaniers pour vous.","breadcrumb":{"@id":"https:\/\/pureprogress-logistics.com\/fr\/importation-de-marchandises-en-suisse-a-titre-commercial-et-prive\/#breadcrumb"},"inLanguage":"fr-FR","potentialAction":[{"@type":"ReadAction","target":["https:\/\/pureprogress-logistics.com\/fr\/importation-de-marchandises-en-suisse-a-titre-commercial-et-prive\/"]}]},{"@type":"BreadcrumbList","@id":"https:\/\/pureprogress-logistics.com\/fr\/importation-de-marchandises-en-suisse-a-titre-commercial-et-prive\/#breadcrumb","itemListElement":[{"@type":"ListItem","position":1,"name":"Startseite","item":"https:\/\/pureprogress-logistics.com\/"},{"@type":"ListItem","position":2,"name":"Importation de marchandises en Suisse \u00e0 titre commercial et priv\u00e9"}]},{"@type":"WebSite","@id":"https:\/\/pureprogress-logistics.com\/#website","url":"https:\/\/pureprogress-logistics.com\/","name":"Ausfuhrbegleitdokument.com - MRN \/ ABD Erstellung","description":"","publisher":{"@id":"https:\/\/pureprogress-logistics.com\/#organization"},"potentialAction":[{"@type":"SearchAction","target":{"@type":"EntryPoint","urlTemplate":"https:\/\/pureprogress-logistics.com\/?s={search_term_string}"},"query-input":{"@type":"PropertyValueSpecification","valueRequired":true,"valueName":"search_term_string"}}],"inLanguage":"fr-FR"},{"@type":"Organization","@id":"https:\/\/pureprogress-logistics.com\/#organization","name":"PUREPROGRESS GmbH","url":"https:\/\/pureprogress-logistics.com\/","logo":{"@type":"ImageObject","inLanguage":"fr-FR","@id":"https:\/\/pureprogress-logistics.com\/#\/schema\/logo\/image\/","url":"https:\/\/ausfuhrbegleitdokument.com\/wp-content\/uploads\/2019\/10\/preloader-image.png","contentUrl":"https:\/\/ausfuhrbegleitdokument.com\/wp-content\/uploads\/2019\/10\/preloader-image.png","width":224,"height":31,"caption":"PUREPROGRESS GmbH"},"image":{"@id":"https:\/\/pureprogress-logistics.com\/#\/schema\/logo\/image\/"}}]}},"_links":{"self":[{"href":"https:\/\/pureprogress-logistics.com\/fr\/wp-json\/wp\/v2\/pages\/27154","targetHints":{"allow":["GET"]}}],"collection":[{"href":"https:\/\/pureprogress-logistics.com\/fr\/wp-json\/wp\/v2\/pages"}],"about":[{"href":"https:\/\/pureprogress-logistics.com\/fr\/wp-json\/wp\/v2\/types\/page"}],"author":[{"embeddable":true,"href":"https:\/\/pureprogress-logistics.com\/fr\/wp-json\/wp\/v2\/users\/1"}],"replies":[{"embeddable":true,"href":"https:\/\/pureprogress-logistics.com\/fr\/wp-json\/wp\/v2\/comments?post=27154"}],"version-history":[{"count":0,"href":"https:\/\/pureprogress-logistics.com\/fr\/wp-json\/wp\/v2\/pages\/27154\/revisions"}],"wp:attachment":[{"href":"https:\/\/pureprogress-logistics.com\/fr\/wp-json\/wp\/v2\/media?parent=27154"}],"curies":[{"name":"wp","href":"https:\/\/api.w.org\/{rel}","templated":true}]}}