{"id":27063,"date":"2019-12-18T19:56:00","date_gmt":"2019-12-18T19:56:00","guid":{"rendered":"https:\/\/pureprogress-logistics.com\/expedition-vers-la-republique-tcheque-colis-vers-la-republique-tcheque\/"},"modified":"2024-03-03T07:42:32","modified_gmt":"2024-03-03T07:42:32","slug":"expedition-vers-la-republique-tcheque-colis-vers-la-republique-tcheque","status":"publish","type":"page","link":"https:\/\/pureprogress-logistics.com\/fr\/expedition-vers-la-republique-tcheque-colis-vers-la-republique-tcheque\/","title":{"rendered":"Exp\u00e9dition vers la R\u00e9publique tch\u00e8que \/ Colis vers la R\u00e9publique tch\u00e8que"},"content":{"rendered":"\t\t<div data-elementor-type=\"wp-page\" data-elementor-id=\"27063\" class=\"elementor elementor-27063 elementor-7275\" data-elementor-post-type=\"page\">\n\t\t\t\t\t\t<section class=\"elementor-section elementor-top-section elementor-element elementor-element-1d96c61 elementor-section-boxed elementor-section-height-default elementor-section-height-default\" data-id=\"1d96c61\" data-element_type=\"section\" data-e-type=\"section\" data-settings=\"{&quot;jet_parallax_layout_list&quot;:[{&quot;jet_parallax_layout_image&quot;:{&quot;url&quot;:&quot;&quot;,&quot;id&quot;:&quot;&quot;,&quot;size&quot;:&quot;&quot;},&quot;_id&quot;:&quot;0529ea0&quot;,&quot;jet_parallax_layout_image_tablet&quot;:{&quot;url&quot;:&quot;&quot;,&quot;id&quot;:&quot;&quot;,&quot;size&quot;:&quot;&quot;},&quot;jet_parallax_layout_image_mobile&quot;:{&quot;url&quot;:&quot;&quot;,&quot;id&quot;:&quot;&quot;,&quot;size&quot;:&quot;&quot;},&quot;jet_parallax_layout_speed&quot;:{&quot;unit&quot;:&quot;%&quot;,&quot;size&quot;:50,&quot;sizes&quot;:[]},&quot;jet_parallax_layout_type&quot;:&quot;scroll&quot;,&quot;jet_parallax_layout_direction&quot;:&quot;1&quot;,&quot;jet_parallax_layout_fx_direction&quot;:null,&quot;jet_parallax_layout_z_index&quot;:&quot;&quot;,&quot;jet_parallax_layout_bg_x&quot;:50,&quot;jet_parallax_layout_bg_x_tablet&quot;:&quot;&quot;,&quot;jet_parallax_layout_bg_x_mobile&quot;:&quot;&quot;,&quot;jet_parallax_layout_bg_y&quot;:50,&quot;jet_parallax_layout_bg_y_tablet&quot;:&quot;&quot;,&quot;jet_parallax_layout_bg_y_mobile&quot;:&quot;&quot;,&quot;jet_parallax_layout_bg_size&quot;:&quot;auto&quot;,&quot;jet_parallax_layout_bg_size_tablet&quot;:&quot;&quot;,&quot;jet_parallax_layout_bg_size_mobile&quot;:&quot;&quot;,&quot;jet_parallax_layout_animation_prop&quot;:&quot;transform&quot;,&quot;jet_parallax_layout_on&quot;:[&quot;desktop&quot;,&quot;tablet&quot;]}]}\">\n\t\t\t\t\t\t<div class=\"elementor-container elementor-column-gap-default\">\n\t\t\t\t\t<div class=\"elementor-column elementor-col-100 elementor-top-column elementor-element elementor-element-00b4639\" data-id=\"00b4639\" data-element_type=\"column\" data-e-type=\"column\">\n\t\t\t<div class=\"elementor-widget-wrap elementor-element-populated\">\n\t\t\t\t\t\t<div class=\"elementor-element elementor-element-da01a08 elementor-hidden-tablet elementor-hidden-phone elementor-widget elementor-widget-image\" data-id=\"da01a08\" data-element_type=\"widget\" data-e-type=\"widget\" data-widget_type=\"image.default\">\n\t\t\t\t<div class=\"elementor-widget-container\">\n\t\t\t\t\t\t\t\t\t\t\t\t\t\t\t<img fetchpriority=\"high\" decoding=\"async\" width=\"1200\" height=\"279\" src=\"https:\/\/pureprogress-logistics.com\/wp-content\/uploads\/2019\/12\/versand-nach-tschechien-symbolbild-lkw.jpg\" class=\"attachment-full size-full wp-image-10868\" alt=\"\" srcset=\"https:\/\/pureprogress-logistics.com\/wp-content\/uploads\/2019\/12\/versand-nach-tschechien-symbolbild-lkw.jpg 1200w, https:\/\/pureprogress-logistics.com\/wp-content\/uploads\/2019\/12\/versand-nach-tschechien-symbolbild-lkw-300x70.jpg 300w, https:\/\/pureprogress-logistics.com\/wp-content\/uploads\/2019\/12\/versand-nach-tschechien-symbolbild-lkw-1024x238.jpg 1024w, https:\/\/pureprogress-logistics.com\/wp-content\/uploads\/2019\/12\/versand-nach-tschechien-symbolbild-lkw-768x179.jpg 768w, https:\/\/pureprogress-logistics.com\/wp-content\/uploads\/2019\/12\/versand-nach-tschechien-symbolbild-lkw-418x97.jpg 418w\" sizes=\"(max-width: 1200px) 100vw, 1200px\" \/>\t\t\t\t\t\t\t\t\t\t\t\t\t\t\t<\/div>\n\t\t\t\t<\/div>\n\t\t\t\t<div class=\"elementor-element elementor-element-92c32a3 elementor-hidden-desktop elementor-hidden-phone elementor-widget elementor-widget-image\" data-id=\"92c32a3\" data-element_type=\"widget\" data-e-type=\"widget\" data-widget_type=\"image.default\">\n\t\t\t\t<div class=\"elementor-widget-container\">\n\t\t\t\t\t\t\t\t\t\t\t\t\t\t\t<img decoding=\"async\" width=\"600\" height=\"140\" src=\"https:\/\/pureprogress-logistics.com\/wp-content\/uploads\/2019\/12\/versand-nach-tschechien-symbolbild-lkw_tablet.jpg\" class=\"attachment-full size-full wp-image-10865\" alt=\"\" srcset=\"https:\/\/pureprogress-logistics.com\/wp-content\/uploads\/2019\/12\/versand-nach-tschechien-symbolbild-lkw_tablet.jpg 600w, https:\/\/pureprogress-logistics.com\/wp-content\/uploads\/2019\/12\/versand-nach-tschechien-symbolbild-lkw_tablet-300x70.jpg 300w, https:\/\/pureprogress-logistics.com\/wp-content\/uploads\/2019\/12\/versand-nach-tschechien-symbolbild-lkw_tablet-418x98.jpg 418w\" sizes=\"(max-width: 600px) 100vw, 600px\" \/>\t\t\t\t\t\t\t\t\t\t\t\t\t\t\t<\/div>\n\t\t\t\t<\/div>\n\t\t\t\t<div class=\"elementor-element elementor-element-798feb3 elementor-hidden-desktop elementor-hidden-tablet elementor-widget elementor-widget-image\" data-id=\"798feb3\" data-element_type=\"widget\" data-e-type=\"widget\" data-widget_type=\"image.default\">\n\t\t\t\t<div class=\"elementor-widget-container\">\n\t\t\t\t\t\t\t\t\t\t\t\t\t\t\t<img decoding=\"async\" width=\"400\" height=\"93\" src=\"https:\/\/pureprogress-logistics.com\/wp-content\/uploads\/2019\/12\/versand-nach-tschechien-symbolbild-lkw_smartphone.jpg\" class=\"attachment-full size-full wp-image-10850\" alt=\"\" srcset=\"https:\/\/pureprogress-logistics.com\/wp-content\/uploads\/2019\/12\/versand-nach-tschechien-symbolbild-lkw_smartphone.jpg 400w, https:\/\/pureprogress-logistics.com\/wp-content\/uploads\/2019\/12\/versand-nach-tschechien-symbolbild-lkw_smartphone-300x70.jpg 300w\" sizes=\"(max-width: 400px) 100vw, 400px\" \/>\t\t\t\t\t\t\t\t\t\t\t\t\t\t\t<\/div>\n\t\t\t\t<\/div>\n\t\t\t\t<div class=\"elementor-element elementor-element-458ba71 elementor-widget elementor-widget-heading\" data-id=\"458ba71\" data-element_type=\"widget\" data-e-type=\"widget\" data-widget_type=\"heading.default\">\n\t\t\t\t<div class=\"elementor-widget-container\">\n\t\t\t\t\t<h1 class=\"elementor-heading-title elementor-size-default\"><strong><font size=\"5\">Exp\u00e9dition vers la R\u00e9publique tch\u00e8que \/ Colis vers la R\u00e9publique tch\u00e8que<\/font><\/strong><\/h1>\t\t\t\t<\/div>\n\t\t\t\t<\/div>\n\t\t\t\t\t<\/div>\n\t\t<\/div>\n\t\t\t\t\t<\/div>\n\t\t<\/section>\n\t\t\t\t<section class=\"elementor-section elementor-top-section elementor-element elementor-element-240f918a elementor-section-boxed elementor-section-height-default elementor-section-height-default\" data-id=\"240f918a\" data-element_type=\"section\" data-e-type=\"section\" data-settings=\"{&quot;jet_parallax_layout_list&quot;:[{&quot;jet_parallax_layout_image&quot;:{&quot;url&quot;:&quot;&quot;,&quot;id&quot;:&quot;&quot;,&quot;size&quot;:&quot;&quot;},&quot;_id&quot;:&quot;2e18224&quot;,&quot;jet_parallax_layout_image_tablet&quot;:{&quot;url&quot;:&quot;&quot;,&quot;id&quot;:&quot;&quot;,&quot;size&quot;:&quot;&quot;},&quot;jet_parallax_layout_image_mobile&quot;:{&quot;url&quot;:&quot;&quot;,&quot;id&quot;:&quot;&quot;,&quot;size&quot;:&quot;&quot;},&quot;jet_parallax_layout_speed&quot;:{&quot;unit&quot;:&quot;%&quot;,&quot;size&quot;:50,&quot;sizes&quot;:[]},&quot;jet_parallax_layout_type&quot;:&quot;scroll&quot;,&quot;jet_parallax_layout_direction&quot;:&quot;1&quot;,&quot;jet_parallax_layout_fx_direction&quot;:null,&quot;jet_parallax_layout_z_index&quot;:&quot;&quot;,&quot;jet_parallax_layout_bg_x&quot;:50,&quot;jet_parallax_layout_bg_x_tablet&quot;:&quot;&quot;,&quot;jet_parallax_layout_bg_x_mobile&quot;:&quot;&quot;,&quot;jet_parallax_layout_bg_y&quot;:50,&quot;jet_parallax_layout_bg_y_tablet&quot;:&quot;&quot;,&quot;jet_parallax_layout_bg_y_mobile&quot;:&quot;&quot;,&quot;jet_parallax_layout_bg_size&quot;:&quot;auto&quot;,&quot;jet_parallax_layout_bg_size_tablet&quot;:&quot;&quot;,&quot;jet_parallax_layout_bg_size_mobile&quot;:&quot;&quot;,&quot;jet_parallax_layout_animation_prop&quot;:&quot;transform&quot;,&quot;jet_parallax_layout_on&quot;:[&quot;desktop&quot;,&quot;tablet&quot;]}]}\">\n\t\t\t\t\t\t<div class=\"elementor-container elementor-column-gap-default\">\n\t\t\t\t\t<div class=\"elementor-column elementor-col-100 elementor-top-column elementor-element elementor-element-71214c1d\" data-id=\"71214c1d\" data-element_type=\"column\" data-e-type=\"column\">\n\t\t\t<div class=\"elementor-widget-wrap elementor-element-populated\">\n\t\t\t\t\t\t<div class=\"elementor-element elementor-element-6135f847 elementor-widget elementor-widget-text-editor\" data-id=\"6135f847\" data-element_type=\"widget\" data-e-type=\"widget\" data-widget_type=\"text-editor.default\">\n\t\t\t\t<div class=\"elementor-widget-container\">\n\t\t\t\t\t\t\t\t\t<p><\/p>\n<p><\/p>\n<p>Vous devez organiser un transport vers la <a href=\"https:\/\/de.wikipedia.org\/wiki\/Tschechien\">R\u00e9publique tch\u00e8que <\/a>?<br>Nous vous aidons \u00e0 le faire et calculons les frais de transport pour  <br>l&rsquo;exp\u00e9dition vers la R\u00e9publique tch\u00e8que pour vous, sans aucun engagement.  <br>Nous pouvons vous aider si vous avez plusieurs ou plusieurs  <br>souhaitez envoyer un seul colis en R\u00e9publique tch\u00e8que. Populaire  <br>Les lieux de r\u00e9ception pour les envois vers la R\u00e9publique tch\u00e8que sont dans la capitale  <br>Prague ou vers les villes industriellement plus importantes de Brno et de  <br>Plzen (Plze ?). Laissez-nous organiser votre transport et  <br>nous vous fournirons un service client\u00e8le personnalis\u00e9 et<br>nos courtes dur\u00e9es pour vous convaincre de nos prestations.<br>Vous pr\u00e9voyez un transport sp\u00e9cial vers la R\u00e9publique tch\u00e8que ? Aussi<br>nous pouvons vous aider \u00e0 r\u00e9aliser votre projet.<br>Discuter du projet. Appelez un sp\u00e9cialiste du transport<br>de notre \u00e9quipe ou envoyez-nous un e-mail via le <a href=\"http:\/\/ausfuhrbegleitdokument.com\/kontakt\/\">formulaire de contact<\/a>.<\/p>\n<p><\/p>\n<p><\/p>\n<h2>Transport vers la R\u00e9publique tch\u00e8que avec assurance transport<\/h2>\n<p><\/p>\n<p><\/p>\n<p>La valeur de votre colis \u00e0 destination de la R\u00e9publique tch\u00e8que est sup\u00e9rieure au montant de la facture.<br>valeur maximale assurable d&rsquo;un colis de service r\u00e9gulier.<br>de l&rsquo;artiste ? Pas de probl\u00e8me ! Nos assurances sp\u00e9ciales<br>permettent d&rsquo;exp\u00e9dier des marchandises de prix \u00e9lev\u00e9 de mani\u00e8re assur\u00e9e vers les pays de destination.<br>R\u00e9publique tch\u00e8que. Il s&rsquo;agit par exemple de  <br>Cigarettes et cigares, produits pharmaceutiques, etc.<\/p>\n<p><\/p>\n<p><\/p>\n<h2>Exp\u00e9dition par transporteur &#8211; R\u00e9publique tch\u00e8que<\/h2>\n<p><\/p>\n<p><\/p>\n<p>Transporter des marchandises d&rsquo;Allemagne en R\u00e9publique tch\u00e8que est<br>notre sp\u00e9cialit\u00e9. Pour vous offrir notre meilleur prix<br>Nous avons toutefois besoin de quelques informations sur votre<br>Envoi pr\u00e9alable de votre part. Veuillez pr\u00e9parer les donn\u00e9es suivantes<br>et des informations :<\/p>\n<p><\/p>\n<p><\/p>\n<ul>\n<li>Poids brut et net de l&rsquo;envoi<\/li>\n<li>Nombre de colis et nature des colis<\/li>\n<li>Dimensions des colis<\/li>\n<li>Type et valeur des marchandises<\/li>\n<li>Adresse d&rsquo;enl\u00e8vement et adresse de livraison<\/li>\n<li>\u00e9ventuellement des dates de livraison ou des heures de livraison sp\u00e9ciales<\/li>\n<li>les options n\u00e9cessaires comme le hayon \u00e9l\u00e9vateur, le d\u00e9chargement par grue, etc.<\/li>\n<\/ul>\n<p><\/p>\n<p><\/p>\n<p>Contactez-nous par <a href=\"mailto:info@ausfuhrbegleitdokument.com\">e-mail<\/a> et nous vous enverrons un<br>de notre offre de prix et de prestations, sans engagement de votre part.<br>rapport convaincant.<\/p>\n<p><\/p>\t\t\t\t\t\t\t\t<\/div>\n\t\t\t\t<\/div>\n\t\t\t\t\t<\/div>\n\t\t<\/div>\n\t\t\t\t\t<\/div>\n\t\t<\/section>\n\t\t\t\t<section class=\"elementor-section elementor-top-section elementor-element elementor-element-240f479 elementor-section-boxed elementor-section-height-default elementor-section-height-default\" data-id=\"240f479\" data-element_type=\"section\" data-e-type=\"section\" data-settings=\"{&quot;jet_parallax_layout_list&quot;:[{&quot;jet_parallax_layout_image&quot;:{&quot;url&quot;:&quot;&quot;,&quot;id&quot;:&quot;&quot;,&quot;size&quot;:&quot;&quot;},&quot;_id&quot;:&quot;8784675&quot;,&quot;jet_parallax_layout_image_tablet&quot;:{&quot;url&quot;:&quot;&quot;,&quot;id&quot;:&quot;&quot;,&quot;size&quot;:&quot;&quot;},&quot;jet_parallax_layout_image_mobile&quot;:{&quot;url&quot;:&quot;&quot;,&quot;id&quot;:&quot;&quot;,&quot;size&quot;:&quot;&quot;},&quot;jet_parallax_layout_speed&quot;:{&quot;unit&quot;:&quot;%&quot;,&quot;size&quot;:50,&quot;sizes&quot;:[]},&quot;jet_parallax_layout_type&quot;:&quot;scroll&quot;,&quot;jet_parallax_layout_direction&quot;:&quot;1&quot;,&quot;jet_parallax_layout_fx_direction&quot;:null,&quot;jet_parallax_layout_z_index&quot;:&quot;&quot;,&quot;jet_parallax_layout_bg_x&quot;:50,&quot;jet_parallax_layout_bg_x_tablet&quot;:&quot;&quot;,&quot;jet_parallax_layout_bg_x_mobile&quot;:&quot;&quot;,&quot;jet_parallax_layout_bg_y&quot;:50,&quot;jet_parallax_layout_bg_y_tablet&quot;:&quot;&quot;,&quot;jet_parallax_layout_bg_y_mobile&quot;:&quot;&quot;,&quot;jet_parallax_layout_bg_size&quot;:&quot;auto&quot;,&quot;jet_parallax_layout_bg_size_tablet&quot;:&quot;&quot;,&quot;jet_parallax_layout_bg_size_mobile&quot;:&quot;&quot;,&quot;jet_parallax_layout_animation_prop&quot;:&quot;transform&quot;,&quot;jet_parallax_layout_on&quot;:[&quot;desktop&quot;,&quot;tablet&quot;]}]}\">\n\t\t\t\t\t\t<div class=\"elementor-container elementor-column-gap-default\">\n\t\t\t\t\t<div class=\"elementor-column elementor-col-100 elementor-top-column elementor-element elementor-element-9140ebb\" data-id=\"9140ebb\" data-element_type=\"column\" data-e-type=\"column\">\n\t\t\t<div class=\"elementor-widget-wrap elementor-element-populated\">\n\t\t\t\t\t\t<div class=\"elementor-element elementor-element-2a80623 elementor-widget elementor-widget-text-editor\" data-id=\"2a80623\" data-element_type=\"widget\" data-e-type=\"widget\" data-widget_type=\"text-editor.default\">\n\t\t\t\t<div class=\"elementor-widget-container\">\n\t\t\t\t\t\t\t\t\t<p><iframe src=\"https:\/\/www.google.com\/maps\/embed?pb=!1m18!1m12!1m3!1d2638039.171827422!2d13.231968386037545!3d49.782113269742126!2m3!1f0!2f0!3f0!3m2!1i1024!2i768!4f13.1!3m3!1m2!1s0x470b948fd7dd8243%3A0xf8661c75d3db586f!2sTschechien!5e0!3m2!1sde!2sid!4v1576952567481!5m2!1sde!2sid\" width=\"600\" height=\"350\" frameborder=\"0\" style=\"border:0;\" allowfullscreen=\"\"><\/iframe><\/p>\n\t\t\t\t\t\t\t\t<\/div>\n\t\t\t\t<\/div>\n\t\t\t\t\t<\/div>\n\t\t<\/div>\n\t\t\t\t\t<\/div>\n\t\t<\/section>\n\t\t\t\t<\/div>\n\t\t","protected":false},"excerpt":{"rendered":"<p>Exp\u00e9dition vers la R\u00e9publique tch\u00e8que \/ Colis vers la R\u00e9publique tch\u00e8que Vous devez organiser un transport vers la R\u00e9publique tch\u00e8que ?Nous vous aidons \u00e0 le faire et calculons les frais de transport pour l&rsquo;exp\u00e9dition vers la R\u00e9publique tch\u00e8que pour vous, sans aucun engagement. Nous pouvons vous aider si vous avez plusieurs ou plusieurs souhaitez envoyer [&hellip;]<\/p>\n","protected":false},"author":1,"featured_media":0,"parent":0,"menu_order":0,"comment_status":"closed","ping_status":"closed","template":"","meta":{"_monsterinsights_skip_tracking":false,"_monsterinsights_sitenote_active":false,"_monsterinsights_sitenote_note":"","_monsterinsights_sitenote_category":0,"footnotes":""},"class_list":["post-27063","page","type-page","status-publish","hentry"],"yoast_head":"<!-- This site is optimized with the Yoast SEO plugin v27.2 - https:\/\/yoast.com\/product\/yoast-seo-wordpress\/ -->\n<title>Exp\u00e9dition vers la R\u00e9publique tch\u00e8que \/ Colis vers la R\u00e9publique tch\u00e8que<\/title>\n<meta name=\"description\" content=\"Envoyer un colis en R\u00e9publique tch\u00e8que - Br\u00e8ves informations sur le pays et les donn\u00e9es n\u00e9cessaires pour l&#039;envoi en R\u00e9publique tch\u00e8que.\" \/>\n<meta name=\"robots\" content=\"index, follow, max-snippet:-1, max-image-preview:large, max-video-preview:-1\" \/>\n<link rel=\"canonical\" href=\"https:\/\/pureprogress-logistics.com\/fr\/expedition-vers-la-republique-tcheque-colis-vers-la-republique-tcheque\/\" \/>\n<meta property=\"og:locale\" content=\"fr_FR\" \/>\n<meta property=\"og:type\" content=\"article\" \/>\n<meta property=\"og:title\" content=\"Exp\u00e9dition vers la R\u00e9publique tch\u00e8que \/ Colis vers la R\u00e9publique tch\u00e8que\" \/>\n<meta property=\"og:description\" content=\"Envoyer un colis en R\u00e9publique tch\u00e8que - Br\u00e8ves informations sur le pays et les donn\u00e9es n\u00e9cessaires pour l&#039;envoi en R\u00e9publique tch\u00e8que.\" \/>\n<meta property=\"og:url\" content=\"https:\/\/pureprogress-logistics.com\/fr\/expedition-vers-la-republique-tcheque-colis-vers-la-republique-tcheque\/\" \/>\n<meta property=\"og:site_name\" content=\"Exp\u00e9dition &amp; agence en douane | PUREPROGRESS\" \/>\n<meta property=\"article:modified_time\" content=\"2024-03-03T07:42:32+00:00\" \/>\n<meta property=\"og:image\" content=\"https:\/\/pureprogress-logistics.com\/wp-content\/uploads\/2019\/12\/versand-nach-tschechien-symbolbild-lkw.jpg\" \/>\n<meta name=\"twitter:card\" content=\"summary_large_image\" \/>\n<meta name=\"twitter:label1\" content=\"Dur\u00e9e de lecture estim\u00e9e\" \/>\n\t<meta name=\"twitter:data1\" content=\"2 minutes\" \/>\n<script type=\"application\/ld+json\" class=\"yoast-schema-graph\">{\"@context\":\"https:\/\/schema.org\",\"@graph\":[{\"@type\":\"WebPage\",\"@id\":\"https:\/\/pureprogress-logistics.com\/fr\/expedition-vers-la-republique-tcheque-colis-vers-la-republique-tcheque\/\",\"url\":\"https:\/\/pureprogress-logistics.com\/fr\/expedition-vers-la-republique-tcheque-colis-vers-la-republique-tcheque\/\",\"name\":\"Exp\u00e9dition vers la R\u00e9publique tch\u00e8que \/ Colis vers la R\u00e9publique tch\u00e8que\",\"isPartOf\":{\"@id\":\"https:\/\/pureprogress-logistics.com\/#website\"},\"primaryImageOfPage\":{\"@id\":\"https:\/\/pureprogress-logistics.com\/fr\/expedition-vers-la-republique-tcheque-colis-vers-la-republique-tcheque\/#primaryimage\"},\"image\":{\"@id\":\"https:\/\/pureprogress-logistics.com\/fr\/expedition-vers-la-republique-tcheque-colis-vers-la-republique-tcheque\/#primaryimage\"},\"thumbnailUrl\":\"https:\/\/pureprogress-logistics.com\/wp-content\/uploads\/2019\/12\/versand-nach-tschechien-symbolbild-lkw.jpg\",\"datePublished\":\"2019-12-18T19:56:00+00:00\",\"dateModified\":\"2024-03-03T07:42:32+00:00\",\"description\":\"Envoyer un colis en R\u00e9publique tch\u00e8que - Br\u00e8ves informations sur le pays et les donn\u00e9es n\u00e9cessaires pour l'envoi en R\u00e9publique tch\u00e8que.\",\"breadcrumb\":{\"@id\":\"https:\/\/pureprogress-logistics.com\/fr\/expedition-vers-la-republique-tcheque-colis-vers-la-republique-tcheque\/#breadcrumb\"},\"inLanguage\":\"fr-FR\",\"potentialAction\":[{\"@type\":\"ReadAction\",\"target\":[\"https:\/\/pureprogress-logistics.com\/fr\/expedition-vers-la-republique-tcheque-colis-vers-la-republique-tcheque\/\"]}]},{\"@type\":\"ImageObject\",\"inLanguage\":\"fr-FR\",\"@id\":\"https:\/\/pureprogress-logistics.com\/fr\/expedition-vers-la-republique-tcheque-colis-vers-la-republique-tcheque\/#primaryimage\",\"url\":\"https:\/\/pureprogress-logistics.com\/wp-content\/uploads\/2019\/12\/versand-nach-tschechien-symbolbild-lkw.jpg\",\"contentUrl\":\"https:\/\/pureprogress-logistics.com\/wp-content\/uploads\/2019\/12\/versand-nach-tschechien-symbolbild-lkw.jpg\"},{\"@type\":\"BreadcrumbList\",\"@id\":\"https:\/\/pureprogress-logistics.com\/fr\/expedition-vers-la-republique-tcheque-colis-vers-la-republique-tcheque\/#breadcrumb\",\"itemListElement\":[{\"@type\":\"ListItem\",\"position\":1,\"name\":\"Startseite\",\"item\":\"https:\/\/pureprogress-logistics.com\/\"},{\"@type\":\"ListItem\",\"position\":2,\"name\":\"Exp\u00e9dition vers la R\u00e9publique tch\u00e8que \/ Colis vers la R\u00e9publique tch\u00e8que\"}]},{\"@type\":\"WebSite\",\"@id\":\"https:\/\/pureprogress-logistics.com\/#website\",\"url\":\"https:\/\/pureprogress-logistics.com\/\",\"name\":\"Ausfuhrbegleitdokument.com - MRN \/ ABD Erstellung\",\"description\":\"\",\"publisher\":{\"@id\":\"https:\/\/pureprogress-logistics.com\/#organization\"},\"potentialAction\":[{\"@type\":\"SearchAction\",\"target\":{\"@type\":\"EntryPoint\",\"urlTemplate\":\"https:\/\/pureprogress-logistics.com\/?s={search_term_string}\"},\"query-input\":{\"@type\":\"PropertyValueSpecification\",\"valueRequired\":true,\"valueName\":\"search_term_string\"}}],\"inLanguage\":\"fr-FR\"},{\"@type\":\"Organization\",\"@id\":\"https:\/\/pureprogress-logistics.com\/#organization\",\"name\":\"PUREPROGRESS GmbH\",\"url\":\"https:\/\/pureprogress-logistics.com\/\",\"logo\":{\"@type\":\"ImageObject\",\"inLanguage\":\"fr-FR\",\"@id\":\"https:\/\/pureprogress-logistics.com\/#\/schema\/logo\/image\/\",\"url\":\"https:\/\/ausfuhrbegleitdokument.com\/wp-content\/uploads\/2019\/10\/preloader-image.png\",\"contentUrl\":\"https:\/\/ausfuhrbegleitdokument.com\/wp-content\/uploads\/2019\/10\/preloader-image.png\",\"width\":224,\"height\":31,\"caption\":\"PUREPROGRESS GmbH\"},\"image\":{\"@id\":\"https:\/\/pureprogress-logistics.com\/#\/schema\/logo\/image\/\"}}]}<\/script>\n<!-- \/ Yoast SEO plugin. -->","yoast_head_json":{"title":"Exp\u00e9dition vers la R\u00e9publique tch\u00e8que \/ Colis vers la R\u00e9publique tch\u00e8que","description":"Envoyer un colis en R\u00e9publique tch\u00e8que - Br\u00e8ves informations sur le pays et les donn\u00e9es n\u00e9cessaires pour l'envoi en R\u00e9publique tch\u00e8que.","robots":{"index":"index","follow":"follow","max-snippet":"max-snippet:-1","max-image-preview":"max-image-preview:large","max-video-preview":"max-video-preview:-1"},"canonical":"https:\/\/pureprogress-logistics.com\/fr\/expedition-vers-la-republique-tcheque-colis-vers-la-republique-tcheque\/","og_locale":"fr_FR","og_type":"article","og_title":"Exp\u00e9dition vers la R\u00e9publique tch\u00e8que \/ Colis vers la R\u00e9publique tch\u00e8que","og_description":"Envoyer un colis en R\u00e9publique tch\u00e8que - Br\u00e8ves informations sur le pays et les donn\u00e9es n\u00e9cessaires pour l'envoi en R\u00e9publique tch\u00e8que.","og_url":"https:\/\/pureprogress-logistics.com\/fr\/expedition-vers-la-republique-tcheque-colis-vers-la-republique-tcheque\/","og_site_name":"Exp\u00e9dition &amp; agence en douane | PUREPROGRESS","article_modified_time":"2024-03-03T07:42:32+00:00","og_image":[{"url":"https:\/\/pureprogress-logistics.com\/wp-content\/uploads\/2019\/12\/versand-nach-tschechien-symbolbild-lkw.jpg","type":"","width":"","height":""}],"twitter_card":"summary_large_image","twitter_misc":{"Dur\u00e9e de lecture estim\u00e9e":"2 minutes"},"schema":{"@context":"https:\/\/schema.org","@graph":[{"@type":"WebPage","@id":"https:\/\/pureprogress-logistics.com\/fr\/expedition-vers-la-republique-tcheque-colis-vers-la-republique-tcheque\/","url":"https:\/\/pureprogress-logistics.com\/fr\/expedition-vers-la-republique-tcheque-colis-vers-la-republique-tcheque\/","name":"Exp\u00e9dition vers la R\u00e9publique tch\u00e8que \/ Colis vers la R\u00e9publique tch\u00e8que","isPartOf":{"@id":"https:\/\/pureprogress-logistics.com\/#website"},"primaryImageOfPage":{"@id":"https:\/\/pureprogress-logistics.com\/fr\/expedition-vers-la-republique-tcheque-colis-vers-la-republique-tcheque\/#primaryimage"},"image":{"@id":"https:\/\/pureprogress-logistics.com\/fr\/expedition-vers-la-republique-tcheque-colis-vers-la-republique-tcheque\/#primaryimage"},"thumbnailUrl":"https:\/\/pureprogress-logistics.com\/wp-content\/uploads\/2019\/12\/versand-nach-tschechien-symbolbild-lkw.jpg","datePublished":"2019-12-18T19:56:00+00:00","dateModified":"2024-03-03T07:42:32+00:00","description":"Envoyer un colis en R\u00e9publique tch\u00e8que - Br\u00e8ves informations sur le pays et les donn\u00e9es n\u00e9cessaires pour l'envoi en R\u00e9publique tch\u00e8que.","breadcrumb":{"@id":"https:\/\/pureprogress-logistics.com\/fr\/expedition-vers-la-republique-tcheque-colis-vers-la-republique-tcheque\/#breadcrumb"},"inLanguage":"fr-FR","potentialAction":[{"@type":"ReadAction","target":["https:\/\/pureprogress-logistics.com\/fr\/expedition-vers-la-republique-tcheque-colis-vers-la-republique-tcheque\/"]}]},{"@type":"ImageObject","inLanguage":"fr-FR","@id":"https:\/\/pureprogress-logistics.com\/fr\/expedition-vers-la-republique-tcheque-colis-vers-la-republique-tcheque\/#primaryimage","url":"https:\/\/pureprogress-logistics.com\/wp-content\/uploads\/2019\/12\/versand-nach-tschechien-symbolbild-lkw.jpg","contentUrl":"https:\/\/pureprogress-logistics.com\/wp-content\/uploads\/2019\/12\/versand-nach-tschechien-symbolbild-lkw.jpg"},{"@type":"BreadcrumbList","@id":"https:\/\/pureprogress-logistics.com\/fr\/expedition-vers-la-republique-tcheque-colis-vers-la-republique-tcheque\/#breadcrumb","itemListElement":[{"@type":"ListItem","position":1,"name":"Startseite","item":"https:\/\/pureprogress-logistics.com\/"},{"@type":"ListItem","position":2,"name":"Exp\u00e9dition vers la R\u00e9publique tch\u00e8que \/ Colis vers la R\u00e9publique tch\u00e8que"}]},{"@type":"WebSite","@id":"https:\/\/pureprogress-logistics.com\/#website","url":"https:\/\/pureprogress-logistics.com\/","name":"Ausfuhrbegleitdokument.com - MRN \/ ABD Erstellung","description":"","publisher":{"@id":"https:\/\/pureprogress-logistics.com\/#organization"},"potentialAction":[{"@type":"SearchAction","target":{"@type":"EntryPoint","urlTemplate":"https:\/\/pureprogress-logistics.com\/?s={search_term_string}"},"query-input":{"@type":"PropertyValueSpecification","valueRequired":true,"valueName":"search_term_string"}}],"inLanguage":"fr-FR"},{"@type":"Organization","@id":"https:\/\/pureprogress-logistics.com\/#organization","name":"PUREPROGRESS GmbH","url":"https:\/\/pureprogress-logistics.com\/","logo":{"@type":"ImageObject","inLanguage":"fr-FR","@id":"https:\/\/pureprogress-logistics.com\/#\/schema\/logo\/image\/","url":"https:\/\/ausfuhrbegleitdokument.com\/wp-content\/uploads\/2019\/10\/preloader-image.png","contentUrl":"https:\/\/ausfuhrbegleitdokument.com\/wp-content\/uploads\/2019\/10\/preloader-image.png","width":224,"height":31,"caption":"PUREPROGRESS GmbH"},"image":{"@id":"https:\/\/pureprogress-logistics.com\/#\/schema\/logo\/image\/"}}]}},"_links":{"self":[{"href":"https:\/\/pureprogress-logistics.com\/fr\/wp-json\/wp\/v2\/pages\/27063","targetHints":{"allow":["GET"]}}],"collection":[{"href":"https:\/\/pureprogress-logistics.com\/fr\/wp-json\/wp\/v2\/pages"}],"about":[{"href":"https:\/\/pureprogress-logistics.com\/fr\/wp-json\/wp\/v2\/types\/page"}],"author":[{"embeddable":true,"href":"https:\/\/pureprogress-logistics.com\/fr\/wp-json\/wp\/v2\/users\/1"}],"replies":[{"embeddable":true,"href":"https:\/\/pureprogress-logistics.com\/fr\/wp-json\/wp\/v2\/comments?post=27063"}],"version-history":[{"count":0,"href":"https:\/\/pureprogress-logistics.com\/fr\/wp-json\/wp\/v2\/pages\/27063\/revisions"}],"wp:attachment":[{"href":"https:\/\/pureprogress-logistics.com\/fr\/wp-json\/wp\/v2\/media?parent=27063"}],"curies":[{"name":"wp","href":"https:\/\/api.w.org\/{rel}","templated":true}]}}