{"id":27010,"date":"2019-12-18T16:34:53","date_gmt":"2019-12-18T16:34:53","guid":{"rendered":"https:\/\/pureprogress-logistics.com\/expedition-vers-la-belgique-colis-vers-la-belgique\/"},"modified":"2024-03-03T07:42:29","modified_gmt":"2024-03-03T07:42:29","slug":"expedition-vers-la-belgique-colis-vers-la-belgique","status":"publish","type":"page","link":"https:\/\/pureprogress-logistics.com\/fr\/expedition-vers-la-belgique-colis-vers-la-belgique\/","title":{"rendered":"Exp\u00e9dition vers la Belgique \/ Colis vers la Belgique"},"content":{"rendered":"\t\t<div data-elementor-type=\"wp-page\" data-elementor-id=\"27010\" class=\"elementor elementor-27010 elementor-7267\" data-elementor-post-type=\"page\">\n\t\t\t\t\t\t<section class=\"elementor-section elementor-top-section elementor-element elementor-element-120c6e1 elementor-section-boxed elementor-section-height-default elementor-section-height-default\" data-id=\"120c6e1\" data-element_type=\"section\" data-e-type=\"section\" data-settings=\"{&quot;jet_parallax_layout_list&quot;:[{&quot;jet_parallax_layout_image&quot;:{&quot;url&quot;:&quot;&quot;,&quot;id&quot;:&quot;&quot;,&quot;size&quot;:&quot;&quot;},&quot;_id&quot;:&quot;0529ea0&quot;,&quot;jet_parallax_layout_image_tablet&quot;:{&quot;url&quot;:&quot;&quot;,&quot;id&quot;:&quot;&quot;,&quot;size&quot;:&quot;&quot;},&quot;jet_parallax_layout_image_mobile&quot;:{&quot;url&quot;:&quot;&quot;,&quot;id&quot;:&quot;&quot;,&quot;size&quot;:&quot;&quot;},&quot;jet_parallax_layout_speed&quot;:{&quot;unit&quot;:&quot;%&quot;,&quot;size&quot;:50,&quot;sizes&quot;:[]},&quot;jet_parallax_layout_type&quot;:&quot;scroll&quot;,&quot;jet_parallax_layout_direction&quot;:&quot;1&quot;,&quot;jet_parallax_layout_fx_direction&quot;:null,&quot;jet_parallax_layout_z_index&quot;:&quot;&quot;,&quot;jet_parallax_layout_bg_x&quot;:50,&quot;jet_parallax_layout_bg_x_tablet&quot;:&quot;&quot;,&quot;jet_parallax_layout_bg_x_mobile&quot;:&quot;&quot;,&quot;jet_parallax_layout_bg_y&quot;:50,&quot;jet_parallax_layout_bg_y_tablet&quot;:&quot;&quot;,&quot;jet_parallax_layout_bg_y_mobile&quot;:&quot;&quot;,&quot;jet_parallax_layout_bg_size&quot;:&quot;auto&quot;,&quot;jet_parallax_layout_bg_size_tablet&quot;:&quot;&quot;,&quot;jet_parallax_layout_bg_size_mobile&quot;:&quot;&quot;,&quot;jet_parallax_layout_animation_prop&quot;:&quot;transform&quot;,&quot;jet_parallax_layout_on&quot;:[&quot;desktop&quot;,&quot;tablet&quot;]}]}\">\n\t\t\t\t\t\t<div class=\"elementor-container elementor-column-gap-default\">\n\t\t\t\t\t<div class=\"elementor-column elementor-col-100 elementor-top-column elementor-element elementor-element-f4ddf52\" data-id=\"f4ddf52\" data-element_type=\"column\" data-e-type=\"column\">\n\t\t\t<div class=\"elementor-widget-wrap elementor-element-populated\">\n\t\t\t\t\t\t<div class=\"elementor-element elementor-element-f7ba960 elementor-hidden-tablet elementor-hidden-phone elementor-widget elementor-widget-image\" data-id=\"f7ba960\" data-element_type=\"widget\" data-e-type=\"widget\" data-widget_type=\"image.default\">\n\t\t\t\t<div class=\"elementor-widget-container\">\n\t\t\t\t\t\t\t\t\t\t\t\t\t\t\t<img fetchpriority=\"high\" decoding=\"async\" width=\"1200\" height=\"279\" src=\"https:\/\/pureprogress-logistics.com\/wp-content\/uploads\/2019\/12\/versand-nach-belgien-symbolbild-lkw.jpg\" class=\"attachment-full size-full wp-image-10874\" alt=\"\" srcset=\"https:\/\/pureprogress-logistics.com\/wp-content\/uploads\/2019\/12\/versand-nach-belgien-symbolbild-lkw.jpg 1200w, https:\/\/pureprogress-logistics.com\/wp-content\/uploads\/2019\/12\/versand-nach-belgien-symbolbild-lkw-300x70.jpg 300w, https:\/\/pureprogress-logistics.com\/wp-content\/uploads\/2019\/12\/versand-nach-belgien-symbolbild-lkw-1024x238.jpg 1024w, https:\/\/pureprogress-logistics.com\/wp-content\/uploads\/2019\/12\/versand-nach-belgien-symbolbild-lkw-768x179.jpg 768w, https:\/\/pureprogress-logistics.com\/wp-content\/uploads\/2019\/12\/versand-nach-belgien-symbolbild-lkw-418x97.jpg 418w\" sizes=\"(max-width: 1200px) 100vw, 1200px\" \/>\t\t\t\t\t\t\t\t\t\t\t\t\t\t\t<\/div>\n\t\t\t\t<\/div>\n\t\t\t\t<div class=\"elementor-element elementor-element-4a7f03b elementor-hidden-desktop elementor-hidden-phone elementor-widget elementor-widget-image\" data-id=\"4a7f03b\" data-element_type=\"widget\" data-e-type=\"widget\" data-widget_type=\"image.default\">\n\t\t\t\t<div class=\"elementor-widget-container\">\n\t\t\t\t\t\t\t\t\t\t\t\t\t\t\t<img decoding=\"async\" width=\"600\" height=\"140\" src=\"https:\/\/pureprogress-logistics.com\/wp-content\/uploads\/2019\/12\/versand-nach-belgien-symbolbild-lkw_tablet.jpg\" class=\"attachment-full size-full wp-image-10859\" alt=\"\" srcset=\"https:\/\/pureprogress-logistics.com\/wp-content\/uploads\/2019\/12\/versand-nach-belgien-symbolbild-lkw_tablet.jpg 600w, https:\/\/pureprogress-logistics.com\/wp-content\/uploads\/2019\/12\/versand-nach-belgien-symbolbild-lkw_tablet-300x70.jpg 300w, https:\/\/pureprogress-logistics.com\/wp-content\/uploads\/2019\/12\/versand-nach-belgien-symbolbild-lkw_tablet-418x98.jpg 418w\" sizes=\"(max-width: 600px) 100vw, 600px\" \/>\t\t\t\t\t\t\t\t\t\t\t\t\t\t\t<\/div>\n\t\t\t\t<\/div>\n\t\t\t\t<div class=\"elementor-element elementor-element-896b9ed elementor-hidden-desktop elementor-hidden-tablet elementor-widget elementor-widget-image\" data-id=\"896b9ed\" data-element_type=\"widget\" data-e-type=\"widget\" data-widget_type=\"image.default\">\n\t\t\t\t<div class=\"elementor-widget-container\">\n\t\t\t\t\t\t\t\t\t\t\t\t\t\t\t<img decoding=\"async\" width=\"400\" height=\"93\" src=\"https:\/\/pureprogress-logistics.com\/wp-content\/uploads\/2019\/12\/versand-nach-belgien-symbolbild-lkw_smartphone.jpg\" class=\"attachment-full size-full wp-image-10856\" alt=\"\" srcset=\"https:\/\/pureprogress-logistics.com\/wp-content\/uploads\/2019\/12\/versand-nach-belgien-symbolbild-lkw_smartphone.jpg 400w, https:\/\/pureprogress-logistics.com\/wp-content\/uploads\/2019\/12\/versand-nach-belgien-symbolbild-lkw_smartphone-300x70.jpg 300w\" sizes=\"(max-width: 400px) 100vw, 400px\" \/>\t\t\t\t\t\t\t\t\t\t\t\t\t\t\t<\/div>\n\t\t\t\t<\/div>\n\t\t\t\t\t<\/div>\n\t\t<\/div>\n\t\t\t\t\t<\/div>\n\t\t<\/section>\n\t\t\t\t<section class=\"elementor-section elementor-top-section elementor-element elementor-element-6cb1b61d elementor-section-boxed elementor-section-height-default elementor-section-height-default\" data-id=\"6cb1b61d\" data-element_type=\"section\" data-e-type=\"section\" data-settings=\"{&quot;jet_parallax_layout_list&quot;:[{&quot;jet_parallax_layout_image&quot;:{&quot;url&quot;:&quot;&quot;,&quot;id&quot;:&quot;&quot;,&quot;size&quot;:&quot;&quot;},&quot;_id&quot;:&quot;9fc5953&quot;,&quot;jet_parallax_layout_image_tablet&quot;:{&quot;url&quot;:&quot;&quot;,&quot;id&quot;:&quot;&quot;,&quot;size&quot;:&quot;&quot;},&quot;jet_parallax_layout_image_mobile&quot;:{&quot;url&quot;:&quot;&quot;,&quot;id&quot;:&quot;&quot;,&quot;size&quot;:&quot;&quot;},&quot;jet_parallax_layout_speed&quot;:{&quot;unit&quot;:&quot;%&quot;,&quot;size&quot;:50,&quot;sizes&quot;:[]},&quot;jet_parallax_layout_type&quot;:&quot;scroll&quot;,&quot;jet_parallax_layout_direction&quot;:&quot;1&quot;,&quot;jet_parallax_layout_fx_direction&quot;:null,&quot;jet_parallax_layout_z_index&quot;:&quot;&quot;,&quot;jet_parallax_layout_bg_x&quot;:50,&quot;jet_parallax_layout_bg_x_tablet&quot;:&quot;&quot;,&quot;jet_parallax_layout_bg_x_mobile&quot;:&quot;&quot;,&quot;jet_parallax_layout_bg_y&quot;:50,&quot;jet_parallax_layout_bg_y_tablet&quot;:&quot;&quot;,&quot;jet_parallax_layout_bg_y_mobile&quot;:&quot;&quot;,&quot;jet_parallax_layout_bg_size&quot;:&quot;auto&quot;,&quot;jet_parallax_layout_bg_size_tablet&quot;:&quot;&quot;,&quot;jet_parallax_layout_bg_size_mobile&quot;:&quot;&quot;,&quot;jet_parallax_layout_animation_prop&quot;:&quot;transform&quot;,&quot;jet_parallax_layout_on&quot;:[&quot;desktop&quot;,&quot;tablet&quot;]}]}\">\n\t\t\t\t\t\t<div class=\"elementor-container elementor-column-gap-default\">\n\t\t\t\t\t<div class=\"elementor-column elementor-col-100 elementor-top-column elementor-element elementor-element-8331488\" data-id=\"8331488\" data-element_type=\"column\" data-e-type=\"column\">\n\t\t\t<div class=\"elementor-widget-wrap elementor-element-populated\">\n\t\t\t\t\t\t<div class=\"elementor-element elementor-element-3e3c1c1 elementor-widget elementor-widget-heading\" data-id=\"3e3c1c1\" data-element_type=\"widget\" data-e-type=\"widget\" data-widget_type=\"heading.default\">\n\t\t\t\t<div class=\"elementor-widget-container\">\n\t\t\t\t\t<h1 class=\"elementor-heading-title elementor-size-default\"><strong><span style=\"font-size: x-large\">Exp\u00e9dition vers la Belgique \/ Colis vers la Belgique<\/span><\/strong><\/h1>\t\t\t\t<\/div>\n\t\t\t\t<\/div>\n\t\t\t\t<div class=\"elementor-element elementor-element-2ec5a979 elementor-widget elementor-widget-text-editor\" data-id=\"2ec5a979\" data-element_type=\"widget\" data-e-type=\"widget\" data-widget_type=\"text-editor.default\">\n\t\t\t\t<div class=\"elementor-widget-container\">\n\t\t\t\t\t\t\t\t\t<p>Vous pr\u00e9voyez un transport vers <a href=\"https:\/\/de.wikipedia.org\/wiki\/Belgien\">la Belgique<\/a>? Nous sommes heureux de soutenir<br \/>vous et \u00e9tablissons un devis sans engagement pour votre exp\u00e9dition vers la Belgique. Pour ce faire,<br \/>peu importe si vous souhaitez envoyer un seul colis en Belgique<br \/>ou une palette compl\u00e8te, par exemple \u00e0 Bruxelles.<br \/>Gand ou Bruges. Nous planifions le transport le plus rapidement possible<br \/>Nous nous engageons pour vous et vous garantissons la meilleure qualit\u00e9 gr\u00e2ce \u00e0 un service personnalis\u00e9.<br \/>Un service client et des d\u00e9lais de transport imbattables.<br \/>Vous avez une livraison \u00e0 l&rsquo;\u00e9tranger et vous souhaitez tout d&rsquo;abord<br \/>se faire livrer au port d&rsquo;Anvers ? Nous connaissons les  <br \/>Particularit\u00e9s du terminal \u00e0 conteneurs belge du port de marchandises.<br \/>T\u00e9l\u00e9phonez \u00e0 un sp\u00e9cialiste ou \u00e9crivez<br \/>nous envoyer un e-mail, directement \u00e0 <a href=\"mailto:info@ausfuhrbegleitdokument.com\">info@ausfuhrbegleitdokument.com<\/a><\/p>\n<h2>Transport vers la Belgique avec assurance fret<\/h2>\n<p>M\u00eame si votre livraison ou votre colis vers la Belgique contient un<br \/>a une valeur particuli\u00e8rement \u00e9lev\u00e9e, nous pouvons vous aider. Notre site<br \/>L&rsquo;assurance transport couvre la valeur des marchandises de votre envoi.<br \/>Dans ce cadre, les envois susceptibles d&rsquo;\u00eatre vol\u00e9s sont \u00e9galement assur\u00e9s,<br \/>comme le tabac, les ordinateurs et les produits \u00e9lectroniques haut de gamme.<\/p>\n<h2>Exp\u00e9dition par transporteur &#8211; Belgique<\/h2>\n<p>Nous nous ferons un plaisir de transporter votre marchandise de l&rsquo;Allemagne vers la Belgique.<br \/>Nous avons besoin pour cela de quelques<br \/>Informations sur l&rsquo;envoi de votre part. Veuillez les garder pour<br \/>un ordre de transport :<\/p>\n<ul>\n<li>Poids de l&rsquo;envoi<\/li>\n<li>Dimensions des colis<\/li>\n<li>Type et nombre de colis<\/li>\n<li>Type de marchandise + valeur de la marchandise<\/li>\n<li>Adresse de retrait et de livraison<\/li>\n<li>le cas \u00e9ch\u00e9ant, les dates de livraison lors de l&rsquo;enl\u00e8vement \/ de la livraison<\/li>\n<li>Extras n\u00e9cessaires tels que plate-forme \u00e9l\u00e9vatrice, chariot \u00e9l\u00e9vateur, etc.<\/li>\n<\/ul>\n<p>Envoyez-nous un <a href=\"http:\/\/ausfuhrbegleitdokument.com\/kontakt\/\">e-mail<\/a> et nous vous \u00e9tablirons  <br \/>rapidement une offre sans engagement de votre part.<\/p>\n<\/p>\n<p>Vous souhaitez exp\u00e9dier des marchandises dans un autre pays que la Belgique ?<br \/>Lisez ici par exemple tout sur l&rsquo;<a href=\"https:\/\/pureprogress-logistics.com\/fr\/envoi-en-suisse\/\">envoi en Suisse<\/a><\/p>\n\t\t\t\t\t\t\t\t<\/div>\n\t\t\t\t<\/div>\n\t\t\t\t\t<\/div>\n\t\t<\/div>\n\t\t\t\t\t<\/div>\n\t\t<\/section>\n\t\t\t\t<section class=\"elementor-section elementor-top-section elementor-element elementor-element-01769af elementor-section-boxed elementor-section-height-default elementor-section-height-default\" data-id=\"01769af\" data-element_type=\"section\" data-e-type=\"section\" data-settings=\"{&quot;jet_parallax_layout_list&quot;:[{&quot;jet_parallax_layout_image&quot;:{&quot;url&quot;:&quot;&quot;,&quot;id&quot;:&quot;&quot;,&quot;size&quot;:&quot;&quot;},&quot;_id&quot;:&quot;3b5ed0b&quot;,&quot;jet_parallax_layout_image_tablet&quot;:{&quot;url&quot;:&quot;&quot;,&quot;id&quot;:&quot;&quot;,&quot;size&quot;:&quot;&quot;},&quot;jet_parallax_layout_image_mobile&quot;:{&quot;url&quot;:&quot;&quot;,&quot;id&quot;:&quot;&quot;,&quot;size&quot;:&quot;&quot;},&quot;jet_parallax_layout_speed&quot;:{&quot;unit&quot;:&quot;%&quot;,&quot;size&quot;:50,&quot;sizes&quot;:[]},&quot;jet_parallax_layout_type&quot;:&quot;scroll&quot;,&quot;jet_parallax_layout_direction&quot;:&quot;1&quot;,&quot;jet_parallax_layout_fx_direction&quot;:null,&quot;jet_parallax_layout_z_index&quot;:&quot;&quot;,&quot;jet_parallax_layout_bg_x&quot;:50,&quot;jet_parallax_layout_bg_x_tablet&quot;:&quot;&quot;,&quot;jet_parallax_layout_bg_x_mobile&quot;:&quot;&quot;,&quot;jet_parallax_layout_bg_y&quot;:50,&quot;jet_parallax_layout_bg_y_tablet&quot;:&quot;&quot;,&quot;jet_parallax_layout_bg_y_mobile&quot;:&quot;&quot;,&quot;jet_parallax_layout_bg_size&quot;:&quot;auto&quot;,&quot;jet_parallax_layout_bg_size_tablet&quot;:&quot;&quot;,&quot;jet_parallax_layout_bg_size_mobile&quot;:&quot;&quot;,&quot;jet_parallax_layout_animation_prop&quot;:&quot;transform&quot;,&quot;jet_parallax_layout_on&quot;:[&quot;desktop&quot;,&quot;tablet&quot;]}]}\">\n\t\t\t\t\t\t<div class=\"elementor-container elementor-column-gap-default\">\n\t\t\t\t\t<div class=\"elementor-column elementor-col-100 elementor-top-column elementor-element elementor-element-b4f6cf8\" data-id=\"b4f6cf8\" data-element_type=\"column\" data-e-type=\"column\">\n\t\t\t<div class=\"elementor-widget-wrap elementor-element-populated\">\n\t\t\t\t\t\t<div class=\"elementor-element elementor-element-15c9822 elementor-widget elementor-widget-text-editor\" data-id=\"15c9822\" data-element_type=\"widget\" data-e-type=\"widget\" data-widget_type=\"text-editor.default\">\n\t\t\t\t<div class=\"elementor-widget-container\">\n\t\t\t\t\t\t\t\t\t<p><iframe src=\"https:\/\/www.google.com\/maps\/embed?pb=!1m18!1m12!1m3!1d2598981.45517182!2d2.224425000104669!3d50.49569537408744!2m3!1f0!2f0!3f0!3m2!1i1024!2i768!4f13.1!3m3!1m2!1s0x47c17d64edf39797%3A0x47ebf2b439e60ff2!2sBelgien!5e0!3m2!1sde!2sid!4v1576952752310!5m2!1sde!2sid\" width=\"600\" height=\"350\" frameborder=\"0\" style=\"border:0;\" allowfullscreen=\"\"><\/iframe><\/p>\n\t\t\t\t\t\t\t\t<\/div>\n\t\t\t\t<\/div>\n\t\t\t\t\t<\/div>\n\t\t<\/div>\n\t\t\t\t\t<\/div>\n\t\t<\/section>\n\t\t\t\t<\/div>\n\t\t","protected":false},"excerpt":{"rendered":"<p>Exp\u00e9dition vers la Belgique \/ Colis vers la Belgique Vous pr\u00e9voyez un transport vers la Belgique? Nous sommes heureux de soutenirvous et \u00e9tablissons un devis sans engagement pour votre exp\u00e9dition vers la Belgique. Pour ce faire,peu importe si vous souhaitez envoyer un seul colis en Belgiqueou une palette compl\u00e8te, par exemple \u00e0 Bruxelles.Gand ou Bruges. [&hellip;]<\/p>\n","protected":false},"author":1,"featured_media":0,"parent":0,"menu_order":0,"comment_status":"closed","ping_status":"closed","template":"","meta":{"_monsterinsights_skip_tracking":false,"_monsterinsights_sitenote_active":false,"_monsterinsights_sitenote_note":"","_monsterinsights_sitenote_category":0,"footnotes":""},"class_list":["post-27010","page","type-page","status-publish","hentry"],"yoast_head":"<!-- This site is optimized with the Yoast SEO plugin v27.2 - https:\/\/yoast.com\/product\/yoast-seo-wordpress\/ -->\n<title>Exp\u00e9dition vers la Belgique \/ Colis vers la Belgique - Exp\u00e9dition Belgique<\/title>\n<meta name=\"description\" content=\"Vous cherchez un transport de l&#039;Allemagne vers la Belgique ? Demandez d\u00e8s maintenant votre offre au sp\u00e9cialiste. Exp\u00e9dition vers la Belgique et envoi de colis express.\" \/>\n<meta name=\"robots\" content=\"index, follow, max-snippet:-1, max-image-preview:large, max-video-preview:-1\" \/>\n<link rel=\"canonical\" href=\"https:\/\/pureprogress-logistics.com\/fr\/expedition-vers-la-belgique-colis-vers-la-belgique\/\" \/>\n<meta property=\"og:locale\" content=\"fr_FR\" \/>\n<meta property=\"og:type\" content=\"article\" \/>\n<meta property=\"og:title\" content=\"Exp\u00e9dition vers la Belgique \/ Colis vers la Belgique - Exp\u00e9dition Belgique\" \/>\n<meta property=\"og:description\" content=\"Vous cherchez un transport de l&#039;Allemagne vers la Belgique ? Demandez d\u00e8s maintenant votre offre au sp\u00e9cialiste. Exp\u00e9dition vers la Belgique et envoi de colis express.\" \/>\n<meta property=\"og:url\" content=\"https:\/\/pureprogress-logistics.com\/fr\/expedition-vers-la-belgique-colis-vers-la-belgique\/\" \/>\n<meta property=\"og:site_name\" content=\"Exp\u00e9dition &amp; agence en douane | PUREPROGRESS\" \/>\n<meta property=\"article:modified_time\" content=\"2024-03-03T07:42:29+00:00\" \/>\n<meta property=\"og:image\" content=\"https:\/\/pureprogress-logistics.com\/wp-content\/uploads\/2019\/12\/versand-nach-belgien-symbolbild-lkw.jpg\" \/>\n<meta name=\"twitter:card\" content=\"summary_large_image\" \/>\n<meta name=\"twitter:label1\" content=\"Dur\u00e9e de lecture estim\u00e9e\" \/>\n\t<meta name=\"twitter:data1\" content=\"2 minutes\" \/>\n<script type=\"application\/ld+json\" class=\"yoast-schema-graph\">{\"@context\":\"https:\/\/schema.org\",\"@graph\":[{\"@type\":\"WebPage\",\"@id\":\"https:\/\/pureprogress-logistics.com\/fr\/expedition-vers-la-belgique-colis-vers-la-belgique\/\",\"url\":\"https:\/\/pureprogress-logistics.com\/fr\/expedition-vers-la-belgique-colis-vers-la-belgique\/\",\"name\":\"Exp\u00e9dition vers la Belgique \/ Colis vers la Belgique - Exp\u00e9dition Belgique\",\"isPartOf\":{\"@id\":\"https:\/\/pureprogress-logistics.com\/#website\"},\"primaryImageOfPage\":{\"@id\":\"https:\/\/pureprogress-logistics.com\/fr\/expedition-vers-la-belgique-colis-vers-la-belgique\/#primaryimage\"},\"image\":{\"@id\":\"https:\/\/pureprogress-logistics.com\/fr\/expedition-vers-la-belgique-colis-vers-la-belgique\/#primaryimage\"},\"thumbnailUrl\":\"https:\/\/pureprogress-logistics.com\/wp-content\/uploads\/2019\/12\/versand-nach-belgien-symbolbild-lkw.jpg\",\"datePublished\":\"2019-12-18T16:34:53+00:00\",\"dateModified\":\"2024-03-03T07:42:29+00:00\",\"description\":\"Vous cherchez un transport de l'Allemagne vers la Belgique ? Demandez d\u00e8s maintenant votre offre au sp\u00e9cialiste. Exp\u00e9dition vers la Belgique et envoi de colis express.\",\"breadcrumb\":{\"@id\":\"https:\/\/pureprogress-logistics.com\/fr\/expedition-vers-la-belgique-colis-vers-la-belgique\/#breadcrumb\"},\"inLanguage\":\"fr-FR\",\"potentialAction\":[{\"@type\":\"ReadAction\",\"target\":[\"https:\/\/pureprogress-logistics.com\/fr\/expedition-vers-la-belgique-colis-vers-la-belgique\/\"]}]},{\"@type\":\"ImageObject\",\"inLanguage\":\"fr-FR\",\"@id\":\"https:\/\/pureprogress-logistics.com\/fr\/expedition-vers-la-belgique-colis-vers-la-belgique\/#primaryimage\",\"url\":\"https:\/\/pureprogress-logistics.com\/wp-content\/uploads\/2019\/12\/versand-nach-belgien-symbolbild-lkw.jpg\",\"contentUrl\":\"https:\/\/pureprogress-logistics.com\/wp-content\/uploads\/2019\/12\/versand-nach-belgien-symbolbild-lkw.jpg\"},{\"@type\":\"BreadcrumbList\",\"@id\":\"https:\/\/pureprogress-logistics.com\/fr\/expedition-vers-la-belgique-colis-vers-la-belgique\/#breadcrumb\",\"itemListElement\":[{\"@type\":\"ListItem\",\"position\":1,\"name\":\"Startseite\",\"item\":\"https:\/\/pureprogress-logistics.com\/\"},{\"@type\":\"ListItem\",\"position\":2,\"name\":\"Exp\u00e9dition vers la Belgique \/ Colis vers la Belgique\"}]},{\"@type\":\"WebSite\",\"@id\":\"https:\/\/pureprogress-logistics.com\/#website\",\"url\":\"https:\/\/pureprogress-logistics.com\/\",\"name\":\"Ausfuhrbegleitdokument.com - MRN \/ ABD Erstellung\",\"description\":\"\",\"publisher\":{\"@id\":\"https:\/\/pureprogress-logistics.com\/#organization\"},\"potentialAction\":[{\"@type\":\"SearchAction\",\"target\":{\"@type\":\"EntryPoint\",\"urlTemplate\":\"https:\/\/pureprogress-logistics.com\/?s={search_term_string}\"},\"query-input\":{\"@type\":\"PropertyValueSpecification\",\"valueRequired\":true,\"valueName\":\"search_term_string\"}}],\"inLanguage\":\"fr-FR\"},{\"@type\":\"Organization\",\"@id\":\"https:\/\/pureprogress-logistics.com\/#organization\",\"name\":\"PUREPROGRESS GmbH\",\"url\":\"https:\/\/pureprogress-logistics.com\/\",\"logo\":{\"@type\":\"ImageObject\",\"inLanguage\":\"fr-FR\",\"@id\":\"https:\/\/pureprogress-logistics.com\/#\/schema\/logo\/image\/\",\"url\":\"https:\/\/ausfuhrbegleitdokument.com\/wp-content\/uploads\/2019\/10\/preloader-image.png\",\"contentUrl\":\"https:\/\/ausfuhrbegleitdokument.com\/wp-content\/uploads\/2019\/10\/preloader-image.png\",\"width\":224,\"height\":31,\"caption\":\"PUREPROGRESS GmbH\"},\"image\":{\"@id\":\"https:\/\/pureprogress-logistics.com\/#\/schema\/logo\/image\/\"}}]}<\/script>\n<!-- \/ Yoast SEO plugin. -->","yoast_head_json":{"title":"Exp\u00e9dition vers la Belgique \/ Colis vers la Belgique - Exp\u00e9dition Belgique","description":"Vous cherchez un transport de l'Allemagne vers la Belgique ? Demandez d\u00e8s maintenant votre offre au sp\u00e9cialiste. Exp\u00e9dition vers la Belgique et envoi de colis express.","robots":{"index":"index","follow":"follow","max-snippet":"max-snippet:-1","max-image-preview":"max-image-preview:large","max-video-preview":"max-video-preview:-1"},"canonical":"https:\/\/pureprogress-logistics.com\/fr\/expedition-vers-la-belgique-colis-vers-la-belgique\/","og_locale":"fr_FR","og_type":"article","og_title":"Exp\u00e9dition vers la Belgique \/ Colis vers la Belgique - Exp\u00e9dition Belgique","og_description":"Vous cherchez un transport de l'Allemagne vers la Belgique ? Demandez d\u00e8s maintenant votre offre au sp\u00e9cialiste. Exp\u00e9dition vers la Belgique et envoi de colis express.","og_url":"https:\/\/pureprogress-logistics.com\/fr\/expedition-vers-la-belgique-colis-vers-la-belgique\/","og_site_name":"Exp\u00e9dition &amp; agence en douane | PUREPROGRESS","article_modified_time":"2024-03-03T07:42:29+00:00","og_image":[{"url":"https:\/\/pureprogress-logistics.com\/wp-content\/uploads\/2019\/12\/versand-nach-belgien-symbolbild-lkw.jpg","type":"","width":"","height":""}],"twitter_card":"summary_large_image","twitter_misc":{"Dur\u00e9e de lecture estim\u00e9e":"2 minutes"},"schema":{"@context":"https:\/\/schema.org","@graph":[{"@type":"WebPage","@id":"https:\/\/pureprogress-logistics.com\/fr\/expedition-vers-la-belgique-colis-vers-la-belgique\/","url":"https:\/\/pureprogress-logistics.com\/fr\/expedition-vers-la-belgique-colis-vers-la-belgique\/","name":"Exp\u00e9dition vers la Belgique \/ Colis vers la Belgique - Exp\u00e9dition Belgique","isPartOf":{"@id":"https:\/\/pureprogress-logistics.com\/#website"},"primaryImageOfPage":{"@id":"https:\/\/pureprogress-logistics.com\/fr\/expedition-vers-la-belgique-colis-vers-la-belgique\/#primaryimage"},"image":{"@id":"https:\/\/pureprogress-logistics.com\/fr\/expedition-vers-la-belgique-colis-vers-la-belgique\/#primaryimage"},"thumbnailUrl":"https:\/\/pureprogress-logistics.com\/wp-content\/uploads\/2019\/12\/versand-nach-belgien-symbolbild-lkw.jpg","datePublished":"2019-12-18T16:34:53+00:00","dateModified":"2024-03-03T07:42:29+00:00","description":"Vous cherchez un transport de l'Allemagne vers la Belgique ? Demandez d\u00e8s maintenant votre offre au sp\u00e9cialiste. Exp\u00e9dition vers la Belgique et envoi de colis express.","breadcrumb":{"@id":"https:\/\/pureprogress-logistics.com\/fr\/expedition-vers-la-belgique-colis-vers-la-belgique\/#breadcrumb"},"inLanguage":"fr-FR","potentialAction":[{"@type":"ReadAction","target":["https:\/\/pureprogress-logistics.com\/fr\/expedition-vers-la-belgique-colis-vers-la-belgique\/"]}]},{"@type":"ImageObject","inLanguage":"fr-FR","@id":"https:\/\/pureprogress-logistics.com\/fr\/expedition-vers-la-belgique-colis-vers-la-belgique\/#primaryimage","url":"https:\/\/pureprogress-logistics.com\/wp-content\/uploads\/2019\/12\/versand-nach-belgien-symbolbild-lkw.jpg","contentUrl":"https:\/\/pureprogress-logistics.com\/wp-content\/uploads\/2019\/12\/versand-nach-belgien-symbolbild-lkw.jpg"},{"@type":"BreadcrumbList","@id":"https:\/\/pureprogress-logistics.com\/fr\/expedition-vers-la-belgique-colis-vers-la-belgique\/#breadcrumb","itemListElement":[{"@type":"ListItem","position":1,"name":"Startseite","item":"https:\/\/pureprogress-logistics.com\/"},{"@type":"ListItem","position":2,"name":"Exp\u00e9dition vers la Belgique \/ Colis vers la Belgique"}]},{"@type":"WebSite","@id":"https:\/\/pureprogress-logistics.com\/#website","url":"https:\/\/pureprogress-logistics.com\/","name":"Ausfuhrbegleitdokument.com - MRN \/ ABD Erstellung","description":"","publisher":{"@id":"https:\/\/pureprogress-logistics.com\/#organization"},"potentialAction":[{"@type":"SearchAction","target":{"@type":"EntryPoint","urlTemplate":"https:\/\/pureprogress-logistics.com\/?s={search_term_string}"},"query-input":{"@type":"PropertyValueSpecification","valueRequired":true,"valueName":"search_term_string"}}],"inLanguage":"fr-FR"},{"@type":"Organization","@id":"https:\/\/pureprogress-logistics.com\/#organization","name":"PUREPROGRESS GmbH","url":"https:\/\/pureprogress-logistics.com\/","logo":{"@type":"ImageObject","inLanguage":"fr-FR","@id":"https:\/\/pureprogress-logistics.com\/#\/schema\/logo\/image\/","url":"https:\/\/ausfuhrbegleitdokument.com\/wp-content\/uploads\/2019\/10\/preloader-image.png","contentUrl":"https:\/\/ausfuhrbegleitdokument.com\/wp-content\/uploads\/2019\/10\/preloader-image.png","width":224,"height":31,"caption":"PUREPROGRESS GmbH"},"image":{"@id":"https:\/\/pureprogress-logistics.com\/#\/schema\/logo\/image\/"}}]}},"_links":{"self":[{"href":"https:\/\/pureprogress-logistics.com\/fr\/wp-json\/wp\/v2\/pages\/27010","targetHints":{"allow":["GET"]}}],"collection":[{"href":"https:\/\/pureprogress-logistics.com\/fr\/wp-json\/wp\/v2\/pages"}],"about":[{"href":"https:\/\/pureprogress-logistics.com\/fr\/wp-json\/wp\/v2\/types\/page"}],"author":[{"embeddable":true,"href":"https:\/\/pureprogress-logistics.com\/fr\/wp-json\/wp\/v2\/users\/1"}],"replies":[{"embeddable":true,"href":"https:\/\/pureprogress-logistics.com\/fr\/wp-json\/wp\/v2\/comments?post=27010"}],"version-history":[{"count":0,"href":"https:\/\/pureprogress-logistics.com\/fr\/wp-json\/wp\/v2\/pages\/27010\/revisions"}],"wp:attachment":[{"href":"https:\/\/pureprogress-logistics.com\/fr\/wp-json\/wp\/v2\/media?parent=27010"}],"curies":[{"name":"wp","href":"https:\/\/api.w.org\/{rel}","templated":true}]}}