{"id":26989,"date":"2019-12-18T20:30:49","date_gmt":"2019-12-18T20:30:49","guid":{"rendered":"https:\/\/pureprogress-logistics.com\/expedition-vers-pays-bas-colis-vers-pays-bas\/"},"modified":"2024-03-03T07:42:29","modified_gmt":"2024-03-03T07:42:29","slug":"expedition-vers-pays-bas-colis-vers-pays-bas","status":"publish","type":"page","link":"https:\/\/pureprogress-logistics.com\/fr\/expedition-vers-pays-bas-colis-vers-pays-bas\/","title":{"rendered":"Exp\u00e9dition vers Pays-Bas \/ Colis vers Pays-Bas"},"content":{"rendered":"\t\t<div data-elementor-type=\"wp-page\" data-elementor-id=\"26989\" class=\"elementor elementor-26989 elementor-7283\" data-elementor-post-type=\"page\">\n\t\t\t\t\t\t<section class=\"elementor-section elementor-top-section elementor-element elementor-element-2bfc510 elementor-section-boxed elementor-section-height-default elementor-section-height-default\" data-id=\"2bfc510\" data-element_type=\"section\" data-e-type=\"section\" data-settings=\"{&quot;jet_parallax_layout_list&quot;:[{&quot;jet_parallax_layout_image&quot;:{&quot;url&quot;:&quot;&quot;,&quot;id&quot;:&quot;&quot;,&quot;size&quot;:&quot;&quot;},&quot;_id&quot;:&quot;0529ea0&quot;,&quot;jet_parallax_layout_image_tablet&quot;:{&quot;url&quot;:&quot;&quot;,&quot;id&quot;:&quot;&quot;,&quot;size&quot;:&quot;&quot;},&quot;jet_parallax_layout_image_mobile&quot;:{&quot;url&quot;:&quot;&quot;,&quot;id&quot;:&quot;&quot;,&quot;size&quot;:&quot;&quot;},&quot;jet_parallax_layout_speed&quot;:{&quot;unit&quot;:&quot;%&quot;,&quot;size&quot;:50,&quot;sizes&quot;:[]},&quot;jet_parallax_layout_type&quot;:&quot;scroll&quot;,&quot;jet_parallax_layout_direction&quot;:&quot;1&quot;,&quot;jet_parallax_layout_fx_direction&quot;:null,&quot;jet_parallax_layout_z_index&quot;:&quot;&quot;,&quot;jet_parallax_layout_bg_x&quot;:50,&quot;jet_parallax_layout_bg_x_tablet&quot;:&quot;&quot;,&quot;jet_parallax_layout_bg_x_mobile&quot;:&quot;&quot;,&quot;jet_parallax_layout_bg_y&quot;:50,&quot;jet_parallax_layout_bg_y_tablet&quot;:&quot;&quot;,&quot;jet_parallax_layout_bg_y_mobile&quot;:&quot;&quot;,&quot;jet_parallax_layout_bg_size&quot;:&quot;auto&quot;,&quot;jet_parallax_layout_bg_size_tablet&quot;:&quot;&quot;,&quot;jet_parallax_layout_bg_size_mobile&quot;:&quot;&quot;,&quot;jet_parallax_layout_animation_prop&quot;:&quot;transform&quot;,&quot;jet_parallax_layout_on&quot;:[&quot;desktop&quot;,&quot;tablet&quot;]}]}\">\n\t\t\t\t\t\t<div class=\"elementor-container elementor-column-gap-default\">\n\t\t\t\t\t<div class=\"elementor-column elementor-col-100 elementor-top-column elementor-element elementor-element-fad9df7\" data-id=\"fad9df7\" data-element_type=\"column\" data-e-type=\"column\">\n\t\t\t<div class=\"elementor-widget-wrap elementor-element-populated\">\n\t\t\t\t\t\t<div class=\"elementor-element elementor-element-4223149 elementor-hidden-tablet elementor-hidden-phone elementor-widget elementor-widget-image\" data-id=\"4223149\" data-element_type=\"widget\" data-e-type=\"widget\" data-widget_type=\"image.default\">\n\t\t\t\t<div class=\"elementor-widget-container\">\n\t\t\t\t\t\t\t\t\t\t\t\t\t\t\t<img fetchpriority=\"high\" decoding=\"async\" width=\"1200\" height=\"279\" src=\"https:\/\/pureprogress-logistics.com\/wp-content\/uploads\/2019\/12\/versand-nach-niederlande-symbolbild-lkw.jpg\" class=\"attachment-full size-full wp-image-10871\" alt=\"\" srcset=\"https:\/\/pureprogress-logistics.com\/wp-content\/uploads\/2019\/12\/versand-nach-niederlande-symbolbild-lkw.jpg 1200w, https:\/\/pureprogress-logistics.com\/wp-content\/uploads\/2019\/12\/versand-nach-niederlande-symbolbild-lkw-300x70.jpg 300w, https:\/\/pureprogress-logistics.com\/wp-content\/uploads\/2019\/12\/versand-nach-niederlande-symbolbild-lkw-1024x238.jpg 1024w, https:\/\/pureprogress-logistics.com\/wp-content\/uploads\/2019\/12\/versand-nach-niederlande-symbolbild-lkw-768x179.jpg 768w, https:\/\/pureprogress-logistics.com\/wp-content\/uploads\/2019\/12\/versand-nach-niederlande-symbolbild-lkw-418x97.jpg 418w\" sizes=\"(max-width: 1200px) 100vw, 1200px\" \/>\t\t\t\t\t\t\t\t\t\t\t\t\t\t\t<\/div>\n\t\t\t\t<\/div>\n\t\t\t\t<div class=\"elementor-element elementor-element-023d5fd elementor-hidden-desktop elementor-hidden-phone elementor-widget elementor-widget-image\" data-id=\"023d5fd\" data-element_type=\"widget\" data-e-type=\"widget\" data-widget_type=\"image.default\">\n\t\t\t\t<div class=\"elementor-widget-container\">\n\t\t\t\t\t\t\t\t\t\t\t\t\t\t\t<img decoding=\"async\" width=\"600\" height=\"140\" src=\"https:\/\/pureprogress-logistics.com\/wp-content\/uploads\/2019\/12\/versand-nach-niederlande-symbolbild-lkw_tablet.jpg\" class=\"attachment-full size-full wp-image-10862\" alt=\"\" srcset=\"https:\/\/pureprogress-logistics.com\/wp-content\/uploads\/2019\/12\/versand-nach-niederlande-symbolbild-lkw_tablet.jpg 600w, https:\/\/pureprogress-logistics.com\/wp-content\/uploads\/2019\/12\/versand-nach-niederlande-symbolbild-lkw_tablet-300x70.jpg 300w, https:\/\/pureprogress-logistics.com\/wp-content\/uploads\/2019\/12\/versand-nach-niederlande-symbolbild-lkw_tablet-418x98.jpg 418w\" sizes=\"(max-width: 600px) 100vw, 600px\" \/>\t\t\t\t\t\t\t\t\t\t\t\t\t\t\t<\/div>\n\t\t\t\t<\/div>\n\t\t\t\t<div class=\"elementor-element elementor-element-6bd3e81 elementor-hidden-desktop elementor-hidden-tablet elementor-widget elementor-widget-image\" data-id=\"6bd3e81\" data-element_type=\"widget\" data-e-type=\"widget\" data-widget_type=\"image.default\">\n\t\t\t\t<div class=\"elementor-widget-container\">\n\t\t\t\t\t\t\t\t\t\t\t\t\t\t\t<img decoding=\"async\" width=\"400\" height=\"93\" src=\"https:\/\/pureprogress-logistics.com\/wp-content\/uploads\/2019\/12\/versand-nach-niederlande-symbolbild-lkw_smartphone.jpg\" class=\"attachment-full size-full wp-image-10853\" alt=\"\" srcset=\"https:\/\/pureprogress-logistics.com\/wp-content\/uploads\/2019\/12\/versand-nach-niederlande-symbolbild-lkw_smartphone.jpg 400w, https:\/\/pureprogress-logistics.com\/wp-content\/uploads\/2019\/12\/versand-nach-niederlande-symbolbild-lkw_smartphone-300x70.jpg 300w\" sizes=\"(max-width: 400px) 100vw, 400px\" \/>\t\t\t\t\t\t\t\t\t\t\t\t\t\t\t<\/div>\n\t\t\t\t<\/div>\n\t\t\t\t\t<\/div>\n\t\t<\/div>\n\t\t\t\t\t<\/div>\n\t\t<\/section>\n\t\t\t\t<section class=\"elementor-section elementor-top-section elementor-element elementor-element-285231ff elementor-section-boxed elementor-section-height-default elementor-section-height-default\" data-id=\"285231ff\" data-element_type=\"section\" data-e-type=\"section\" data-settings=\"{&quot;jet_parallax_layout_list&quot;:[{&quot;jet_parallax_layout_image&quot;:{&quot;url&quot;:&quot;&quot;,&quot;id&quot;:&quot;&quot;,&quot;size&quot;:&quot;&quot;},&quot;_id&quot;:&quot;d480d73&quot;,&quot;jet_parallax_layout_image_tablet&quot;:{&quot;url&quot;:&quot;&quot;,&quot;id&quot;:&quot;&quot;,&quot;size&quot;:&quot;&quot;},&quot;jet_parallax_layout_image_mobile&quot;:{&quot;url&quot;:&quot;&quot;,&quot;id&quot;:&quot;&quot;,&quot;size&quot;:&quot;&quot;},&quot;jet_parallax_layout_speed&quot;:{&quot;unit&quot;:&quot;%&quot;,&quot;size&quot;:50,&quot;sizes&quot;:[]},&quot;jet_parallax_layout_type&quot;:&quot;scroll&quot;,&quot;jet_parallax_layout_direction&quot;:&quot;1&quot;,&quot;jet_parallax_layout_fx_direction&quot;:null,&quot;jet_parallax_layout_z_index&quot;:&quot;&quot;,&quot;jet_parallax_layout_bg_x&quot;:50,&quot;jet_parallax_layout_bg_x_tablet&quot;:&quot;&quot;,&quot;jet_parallax_layout_bg_x_mobile&quot;:&quot;&quot;,&quot;jet_parallax_layout_bg_y&quot;:50,&quot;jet_parallax_layout_bg_y_tablet&quot;:&quot;&quot;,&quot;jet_parallax_layout_bg_y_mobile&quot;:&quot;&quot;,&quot;jet_parallax_layout_bg_size&quot;:&quot;auto&quot;,&quot;jet_parallax_layout_bg_size_tablet&quot;:&quot;&quot;,&quot;jet_parallax_layout_bg_size_mobile&quot;:&quot;&quot;,&quot;jet_parallax_layout_animation_prop&quot;:&quot;transform&quot;,&quot;jet_parallax_layout_on&quot;:[&quot;desktop&quot;,&quot;tablet&quot;]}]}\">\n\t\t\t\t\t\t<div class=\"elementor-container elementor-column-gap-default\">\n\t\t\t\t\t<div class=\"elementor-column elementor-col-100 elementor-top-column elementor-element elementor-element-306e5800\" data-id=\"306e5800\" data-element_type=\"column\" data-e-type=\"column\">\n\t\t\t<div class=\"elementor-widget-wrap elementor-element-populated\">\n\t\t\t\t\t\t<div class=\"elementor-element elementor-element-d97282a elementor-widget elementor-widget-heading\" data-id=\"d97282a\" data-element_type=\"widget\" data-e-type=\"widget\" data-widget_type=\"heading.default\">\n\t\t\t\t<div class=\"elementor-widget-container\">\n\t\t\t\t\t<h1 class=\"elementor-heading-title elementor-size-default\"><strong><font size=\"5\">Exp\u00e9dition vers Pays-Bas \/ Colis vers Pays-Bas<\/font><\/strong><\/h1>\t\t\t\t<\/div>\n\t\t\t\t<\/div>\n\t\t\t\t<div class=\"elementor-element elementor-element-12b96f54 elementor-widget elementor-widget-text-editor\" data-id=\"12b96f54\" data-element_type=\"widget\" data-e-type=\"widget\" data-widget_type=\"text-editor.default\">\n\t\t\t\t<div class=\"elementor-widget-container\">\n\t\t\t\t\t\t\t\t\t<p>Vous devez vous rendre aux <a href=\"https:\/\/de.wikipedia.org\/wiki\/Niederlande\">Pays-Bas<\/a>?<br \/>Chez nous, vous recevez une offre sans engagement pour le<br \/>l&rsquo;exp\u00e9dition vers les Pays-Bas et l&rsquo;ensemble des<br \/>processus logistique. Vous souhaitez envoyer un seul colis aux Pays-Bas  <br \/>ou toute une palette ? Beaucoup de livraisons<br \/>de nos clients vont \u00e0 Amsterdam dans la capitale de la<br \/>Pays-Bas. Mais parfois, des lots partiels vont aux<br \/>ports plus importants comme Rotterdam, pour \u00eatre ensuite achemin\u00e9s par conteneurs vers<br \/>\u00eatre transport\u00e9 outre-mer. Nous connaissons les formalit\u00e9s<br \/>dans les ports de fret n\u00e9erlandais et vous assisterons volontiers.<br \/>Notre service client\u00e8le vous conseille personnellement par t\u00e9l\u00e9phone ou par<br \/>Courrier \u00e9lectronique. Nous pouvons ainsi r\u00e9pondre concr\u00e8tement \u00e0 vos besoins.<br \/>et de ma\u00eetriser ensemble les transports sp\u00e9ciaux.<br \/>Pouvons-nous vous rappeler pour vous parler de votre cas particulier ?<br \/>parler ? Il vous suffit de nous \u00e9crire bri\u00e8vement pour que nous puissions vous r\u00e9pondre.<br \/>nous contacterons imm\u00e9diatement. Pour cela, envoyez-nous vos coordonn\u00e9es  <br \/>par e-mail \u00e0 : <a href=\"mailto:anfrage@pureprogress.ch\">anfrage@pureprogress.ch<\/a><\/p>\n<h2>Transport vers les Pays-Bas avec assurance<\/h2>\n<p>Tous nos envois sont accompagn\u00e9s, sur demande, d&rsquo;une  <br \/>d&rsquo;assurance. Nous pouvons \u00e9galement atteindre des valeurs plus \u00e9lev\u00e9es<br \/>assurer jusqu&rsquo;\u00e0 900.000 EUR ou 1.000.000 CHF. S&rsquo;agit-il<br \/>des biens industriels sp\u00e9ciaux ou des biens de grande valeur<br \/>De la marchandise ? Faites-le nous savoir et nous nous occuperons du reste.<\/p>\n<h2>Exp\u00e9dition par transporteur &#8211; Pays-Bas<\/h2>\n<p>La gestion compl\u00e8te de la logistique, y compris le transport de<br \/>Allemagne vers les Pays-Bas fait partie de nos t\u00e2ches.<br \/>Au pr\u00e9alable, nous avons besoin des informations et donn\u00e9es suivantes afin de pouvoir vous envoyer un<br \/>pour vous, sans engagement de votre part :<\/p>\n<ul>\n<li>Poids de l&rsquo;envoi (brut + net)<\/li>\n<li>Nombre et type de colis<\/li>\n<li>Dimensions du colis<\/li>\n<li>Type et valeur des marchandises<\/li>\n<li>Exp\u00e9diteur et destinataire<\/li>\n<li>Coordonn\u00e9es du destinataire et de l&rsquo;exp\u00e9diteur<\/li>\n<li>Heures d&rsquo;ouverture au point de chargement et de d\u00e9chargement<\/li>\n<li>les \u00e9ventuels suppl\u00e9ments \u00e0 prendre en compte \/ demandes sp\u00e9ciales<\/li>\n<\/ul>\n<p>Nous nous ferons un plaisir de vous convaincre de notre excellent rapport qualit\u00e9\/prix.<br \/>rapport qualit\u00e9-prix. Le mieux est de nous contacter<br \/>tout de suite par <a href=\"mailto:anfrage@pureprogress.ch\">mail <\/a>ou via le <a href=\"http:\/\/pureprogress-logistics.com\/kontakt\/\">formulaire de contact<\/a>.<\/p>\n\t\t\t\t\t\t\t\t<\/div>\n\t\t\t\t<\/div>\n\t\t\t\t\t<\/div>\n\t\t<\/div>\n\t\t\t\t\t<\/div>\n\t\t<\/section>\n\t\t\t\t<section class=\"elementor-section elementor-top-section elementor-element elementor-element-d7f82fb elementor-section-boxed elementor-section-height-default elementor-section-height-default\" data-id=\"d7f82fb\" data-element_type=\"section\" data-e-type=\"section\" data-settings=\"{&quot;jet_parallax_layout_list&quot;:[{&quot;jet_parallax_layout_image&quot;:{&quot;url&quot;:&quot;&quot;,&quot;id&quot;:&quot;&quot;,&quot;size&quot;:&quot;&quot;},&quot;_id&quot;:&quot;95b2f40&quot;,&quot;jet_parallax_layout_image_tablet&quot;:{&quot;url&quot;:&quot;&quot;,&quot;id&quot;:&quot;&quot;,&quot;size&quot;:&quot;&quot;},&quot;jet_parallax_layout_image_mobile&quot;:{&quot;url&quot;:&quot;&quot;,&quot;id&quot;:&quot;&quot;,&quot;size&quot;:&quot;&quot;},&quot;jet_parallax_layout_speed&quot;:{&quot;unit&quot;:&quot;%&quot;,&quot;size&quot;:50,&quot;sizes&quot;:[]},&quot;jet_parallax_layout_type&quot;:&quot;scroll&quot;,&quot;jet_parallax_layout_direction&quot;:&quot;1&quot;,&quot;jet_parallax_layout_fx_direction&quot;:null,&quot;jet_parallax_layout_z_index&quot;:&quot;&quot;,&quot;jet_parallax_layout_bg_x&quot;:50,&quot;jet_parallax_layout_bg_x_tablet&quot;:&quot;&quot;,&quot;jet_parallax_layout_bg_x_mobile&quot;:&quot;&quot;,&quot;jet_parallax_layout_bg_y&quot;:50,&quot;jet_parallax_layout_bg_y_tablet&quot;:&quot;&quot;,&quot;jet_parallax_layout_bg_y_mobile&quot;:&quot;&quot;,&quot;jet_parallax_layout_bg_size&quot;:&quot;auto&quot;,&quot;jet_parallax_layout_bg_size_tablet&quot;:&quot;&quot;,&quot;jet_parallax_layout_bg_size_mobile&quot;:&quot;&quot;,&quot;jet_parallax_layout_animation_prop&quot;:&quot;transform&quot;,&quot;jet_parallax_layout_on&quot;:[&quot;desktop&quot;,&quot;tablet&quot;]}]}\">\n\t\t\t\t\t\t<div class=\"elementor-container elementor-column-gap-default\">\n\t\t\t\t\t<div class=\"elementor-column elementor-col-100 elementor-top-column elementor-element elementor-element-26204a5\" data-id=\"26204a5\" data-element_type=\"column\" data-e-type=\"column\">\n\t\t\t<div class=\"elementor-widget-wrap elementor-element-populated\">\n\t\t\t\t\t\t<div class=\"elementor-element elementor-element-96a3797 elementor-widget elementor-widget-text-editor\" data-id=\"96a3797\" data-element_type=\"widget\" data-e-type=\"widget\" data-widget_type=\"text-editor.default\">\n\t\t\t\t<div class=\"elementor-widget-container\">\n\t\t\t\t\t\t\t\t\t<p><iframe src=\"https:\/\/www.google.com\/maps\/embed?pb=!1m18!1m12!1m3!1d2504543.0926766787!2d3.036606427526958!3d52.191728919896335!2m3!1f0!2f0!3f0!3m2!1i1024!2i768!4f13.1!3m3!1m2!1s0x47c609c3db87e4bb%3A0xb3a175ceffbd0a9f!2sNiederlande!5e0!3m2!1sde!2sid!4v1576952853047!5m2!1sde!2sid\" width=\"600\" height=\"350\" frameborder=\"0\" style=\"border:0;\" allowfullscreen=\"\"><\/iframe><\/p>\n\t\t\t\t\t\t\t\t<\/div>\n\t\t\t\t<\/div>\n\t\t\t\t\t<\/div>\n\t\t<\/div>\n\t\t\t\t\t<\/div>\n\t\t<\/section>\n\t\t\t\t<\/div>\n\t\t","protected":false},"excerpt":{"rendered":"<p>Exp\u00e9dition vers Pays-Bas \/ Colis vers Pays-Bas Vous devez vous rendre aux Pays-Bas?Chez nous, vous recevez une offre sans engagement pour lel&rsquo;exp\u00e9dition vers les Pays-Bas et l&rsquo;ensemble desprocessus logistique. Vous souhaitez envoyer un seul colis aux Pays-Bas ou toute une palette ? Beaucoup de livraisonsde nos clients vont \u00e0 Amsterdam dans la capitale de laPays-Bas. [&hellip;]<\/p>\n","protected":false},"author":1,"featured_media":0,"parent":0,"menu_order":0,"comment_status":"closed","ping_status":"closed","template":"","meta":{"_monsterinsights_skip_tracking":false,"_monsterinsights_sitenote_active":false,"_monsterinsights_sitenote_note":"","_monsterinsights_sitenote_category":0,"footnotes":""},"class_list":["post-26989","page","type-page","status-publish","hentry"],"yoast_head":"<!-- This site is optimized with the Yoast SEO plugin v27.2 - https:\/\/yoast.com\/product\/yoast-seo-wordpress\/ -->\n<title>Envoyer aux Pays-Bas \/ Envoyer un colis aux Pays-Bas<\/title>\n<meta name=\"description\" content=\"Commander un transport vers les Pays-Bas - Nous nous chargeons de l&#039;exp\u00e9dition de l&#039;Allemagne vers les Pays-Bas, qu&#039;il s&#039;agisse d&#039;un colis ou d&#039;une palette. S&#039;informer ici.\" \/>\n<meta name=\"robots\" content=\"index, follow, max-snippet:-1, max-image-preview:large, max-video-preview:-1\" \/>\n<link rel=\"canonical\" href=\"https:\/\/pureprogress-logistics.com\/fr\/expedition-vers-pays-bas-colis-vers-pays-bas\/\" \/>\n<meta property=\"og:locale\" content=\"fr_FR\" \/>\n<meta property=\"og:type\" content=\"article\" \/>\n<meta property=\"og:title\" content=\"Envoyer aux Pays-Bas \/ Envoyer un colis aux Pays-Bas\" \/>\n<meta property=\"og:description\" content=\"Commander un transport vers les Pays-Bas - Nous nous chargeons de l&#039;exp\u00e9dition de l&#039;Allemagne vers les Pays-Bas, qu&#039;il s&#039;agisse d&#039;un colis ou d&#039;une palette. S&#039;informer ici.\" \/>\n<meta property=\"og:url\" content=\"https:\/\/pureprogress-logistics.com\/fr\/expedition-vers-pays-bas-colis-vers-pays-bas\/\" \/>\n<meta property=\"og:site_name\" content=\"Exp\u00e9dition &amp; agence en douane | PUREPROGRESS\" \/>\n<meta property=\"article:modified_time\" content=\"2024-03-03T07:42:29+00:00\" \/>\n<meta property=\"og:image\" content=\"https:\/\/pureprogress-logistics.com\/wp-content\/uploads\/2019\/12\/versand-nach-niederlande-symbolbild-lkw.jpg\" \/>\n<meta name=\"twitter:card\" content=\"summary_large_image\" \/>\n<meta name=\"twitter:label1\" content=\"Dur\u00e9e de lecture estim\u00e9e\" \/>\n\t<meta name=\"twitter:data1\" content=\"2 minutes\" \/>\n<script type=\"application\/ld+json\" class=\"yoast-schema-graph\">{\"@context\":\"https:\/\/schema.org\",\"@graph\":[{\"@type\":\"WebPage\",\"@id\":\"https:\/\/pureprogress-logistics.com\/fr\/expedition-vers-pays-bas-colis-vers-pays-bas\/\",\"url\":\"https:\/\/pureprogress-logistics.com\/fr\/expedition-vers-pays-bas-colis-vers-pays-bas\/\",\"name\":\"Envoyer aux Pays-Bas \/ Envoyer un colis aux Pays-Bas\",\"isPartOf\":{\"@id\":\"https:\/\/pureprogress-logistics.com\/#website\"},\"primaryImageOfPage\":{\"@id\":\"https:\/\/pureprogress-logistics.com\/fr\/expedition-vers-pays-bas-colis-vers-pays-bas\/#primaryimage\"},\"image\":{\"@id\":\"https:\/\/pureprogress-logistics.com\/fr\/expedition-vers-pays-bas-colis-vers-pays-bas\/#primaryimage\"},\"thumbnailUrl\":\"https:\/\/pureprogress-logistics.com\/wp-content\/uploads\/2019\/12\/versand-nach-niederlande-symbolbild-lkw.jpg\",\"datePublished\":\"2019-12-18T20:30:49+00:00\",\"dateModified\":\"2024-03-03T07:42:29+00:00\",\"description\":\"Commander un transport vers les Pays-Bas - Nous nous chargeons de l'exp\u00e9dition de l'Allemagne vers les Pays-Bas, qu'il s'agisse d'un colis ou d'une palette. S'informer ici.\",\"breadcrumb\":{\"@id\":\"https:\/\/pureprogress-logistics.com\/fr\/expedition-vers-pays-bas-colis-vers-pays-bas\/#breadcrumb\"},\"inLanguage\":\"fr-FR\",\"potentialAction\":[{\"@type\":\"ReadAction\",\"target\":[\"https:\/\/pureprogress-logistics.com\/fr\/expedition-vers-pays-bas-colis-vers-pays-bas\/\"]}]},{\"@type\":\"ImageObject\",\"inLanguage\":\"fr-FR\",\"@id\":\"https:\/\/pureprogress-logistics.com\/fr\/expedition-vers-pays-bas-colis-vers-pays-bas\/#primaryimage\",\"url\":\"https:\/\/pureprogress-logistics.com\/wp-content\/uploads\/2019\/12\/versand-nach-niederlande-symbolbild-lkw.jpg\",\"contentUrl\":\"https:\/\/pureprogress-logistics.com\/wp-content\/uploads\/2019\/12\/versand-nach-niederlande-symbolbild-lkw.jpg\"},{\"@type\":\"BreadcrumbList\",\"@id\":\"https:\/\/pureprogress-logistics.com\/fr\/expedition-vers-pays-bas-colis-vers-pays-bas\/#breadcrumb\",\"itemListElement\":[{\"@type\":\"ListItem\",\"position\":1,\"name\":\"Startseite\",\"item\":\"https:\/\/pureprogress-logistics.com\/\"},{\"@type\":\"ListItem\",\"position\":2,\"name\":\"Exp\u00e9dition vers Pays-Bas \/ Colis vers Pays-Bas\"}]},{\"@type\":\"WebSite\",\"@id\":\"https:\/\/pureprogress-logistics.com\/#website\",\"url\":\"https:\/\/pureprogress-logistics.com\/\",\"name\":\"Ausfuhrbegleitdokument.com - MRN \/ ABD Erstellung\",\"description\":\"\",\"publisher\":{\"@id\":\"https:\/\/pureprogress-logistics.com\/#organization\"},\"potentialAction\":[{\"@type\":\"SearchAction\",\"target\":{\"@type\":\"EntryPoint\",\"urlTemplate\":\"https:\/\/pureprogress-logistics.com\/?s={search_term_string}\"},\"query-input\":{\"@type\":\"PropertyValueSpecification\",\"valueRequired\":true,\"valueName\":\"search_term_string\"}}],\"inLanguage\":\"fr-FR\"},{\"@type\":\"Organization\",\"@id\":\"https:\/\/pureprogress-logistics.com\/#organization\",\"name\":\"PUREPROGRESS GmbH\",\"url\":\"https:\/\/pureprogress-logistics.com\/\",\"logo\":{\"@type\":\"ImageObject\",\"inLanguage\":\"fr-FR\",\"@id\":\"https:\/\/pureprogress-logistics.com\/#\/schema\/logo\/image\/\",\"url\":\"https:\/\/ausfuhrbegleitdokument.com\/wp-content\/uploads\/2019\/10\/preloader-image.png\",\"contentUrl\":\"https:\/\/ausfuhrbegleitdokument.com\/wp-content\/uploads\/2019\/10\/preloader-image.png\",\"width\":224,\"height\":31,\"caption\":\"PUREPROGRESS GmbH\"},\"image\":{\"@id\":\"https:\/\/pureprogress-logistics.com\/#\/schema\/logo\/image\/\"}}]}<\/script>\n<!-- \/ Yoast SEO plugin. -->","yoast_head_json":{"title":"Envoyer aux Pays-Bas \/ Envoyer un colis aux Pays-Bas","description":"Commander un transport vers les Pays-Bas - Nous nous chargeons de l'exp\u00e9dition de l'Allemagne vers les Pays-Bas, qu'il s'agisse d'un colis ou d'une palette. S'informer ici.","robots":{"index":"index","follow":"follow","max-snippet":"max-snippet:-1","max-image-preview":"max-image-preview:large","max-video-preview":"max-video-preview:-1"},"canonical":"https:\/\/pureprogress-logistics.com\/fr\/expedition-vers-pays-bas-colis-vers-pays-bas\/","og_locale":"fr_FR","og_type":"article","og_title":"Envoyer aux Pays-Bas \/ Envoyer un colis aux Pays-Bas","og_description":"Commander un transport vers les Pays-Bas - Nous nous chargeons de l'exp\u00e9dition de l'Allemagne vers les Pays-Bas, qu'il s'agisse d'un colis ou d'une palette. S'informer ici.","og_url":"https:\/\/pureprogress-logistics.com\/fr\/expedition-vers-pays-bas-colis-vers-pays-bas\/","og_site_name":"Exp\u00e9dition &amp; agence en douane | PUREPROGRESS","article_modified_time":"2024-03-03T07:42:29+00:00","og_image":[{"url":"https:\/\/pureprogress-logistics.com\/wp-content\/uploads\/2019\/12\/versand-nach-niederlande-symbolbild-lkw.jpg","type":"","width":"","height":""}],"twitter_card":"summary_large_image","twitter_misc":{"Dur\u00e9e de lecture estim\u00e9e":"2 minutes"},"schema":{"@context":"https:\/\/schema.org","@graph":[{"@type":"WebPage","@id":"https:\/\/pureprogress-logistics.com\/fr\/expedition-vers-pays-bas-colis-vers-pays-bas\/","url":"https:\/\/pureprogress-logistics.com\/fr\/expedition-vers-pays-bas-colis-vers-pays-bas\/","name":"Envoyer aux Pays-Bas \/ Envoyer un colis aux Pays-Bas","isPartOf":{"@id":"https:\/\/pureprogress-logistics.com\/#website"},"primaryImageOfPage":{"@id":"https:\/\/pureprogress-logistics.com\/fr\/expedition-vers-pays-bas-colis-vers-pays-bas\/#primaryimage"},"image":{"@id":"https:\/\/pureprogress-logistics.com\/fr\/expedition-vers-pays-bas-colis-vers-pays-bas\/#primaryimage"},"thumbnailUrl":"https:\/\/pureprogress-logistics.com\/wp-content\/uploads\/2019\/12\/versand-nach-niederlande-symbolbild-lkw.jpg","datePublished":"2019-12-18T20:30:49+00:00","dateModified":"2024-03-03T07:42:29+00:00","description":"Commander un transport vers les Pays-Bas - Nous nous chargeons de l'exp\u00e9dition de l'Allemagne vers les Pays-Bas, qu'il s'agisse d'un colis ou d'une palette. S'informer ici.","breadcrumb":{"@id":"https:\/\/pureprogress-logistics.com\/fr\/expedition-vers-pays-bas-colis-vers-pays-bas\/#breadcrumb"},"inLanguage":"fr-FR","potentialAction":[{"@type":"ReadAction","target":["https:\/\/pureprogress-logistics.com\/fr\/expedition-vers-pays-bas-colis-vers-pays-bas\/"]}]},{"@type":"ImageObject","inLanguage":"fr-FR","@id":"https:\/\/pureprogress-logistics.com\/fr\/expedition-vers-pays-bas-colis-vers-pays-bas\/#primaryimage","url":"https:\/\/pureprogress-logistics.com\/wp-content\/uploads\/2019\/12\/versand-nach-niederlande-symbolbild-lkw.jpg","contentUrl":"https:\/\/pureprogress-logistics.com\/wp-content\/uploads\/2019\/12\/versand-nach-niederlande-symbolbild-lkw.jpg"},{"@type":"BreadcrumbList","@id":"https:\/\/pureprogress-logistics.com\/fr\/expedition-vers-pays-bas-colis-vers-pays-bas\/#breadcrumb","itemListElement":[{"@type":"ListItem","position":1,"name":"Startseite","item":"https:\/\/pureprogress-logistics.com\/"},{"@type":"ListItem","position":2,"name":"Exp\u00e9dition vers Pays-Bas \/ Colis vers Pays-Bas"}]},{"@type":"WebSite","@id":"https:\/\/pureprogress-logistics.com\/#website","url":"https:\/\/pureprogress-logistics.com\/","name":"Ausfuhrbegleitdokument.com - MRN \/ ABD Erstellung","description":"","publisher":{"@id":"https:\/\/pureprogress-logistics.com\/#organization"},"potentialAction":[{"@type":"SearchAction","target":{"@type":"EntryPoint","urlTemplate":"https:\/\/pureprogress-logistics.com\/?s={search_term_string}"},"query-input":{"@type":"PropertyValueSpecification","valueRequired":true,"valueName":"search_term_string"}}],"inLanguage":"fr-FR"},{"@type":"Organization","@id":"https:\/\/pureprogress-logistics.com\/#organization","name":"PUREPROGRESS GmbH","url":"https:\/\/pureprogress-logistics.com\/","logo":{"@type":"ImageObject","inLanguage":"fr-FR","@id":"https:\/\/pureprogress-logistics.com\/#\/schema\/logo\/image\/","url":"https:\/\/ausfuhrbegleitdokument.com\/wp-content\/uploads\/2019\/10\/preloader-image.png","contentUrl":"https:\/\/ausfuhrbegleitdokument.com\/wp-content\/uploads\/2019\/10\/preloader-image.png","width":224,"height":31,"caption":"PUREPROGRESS GmbH"},"image":{"@id":"https:\/\/pureprogress-logistics.com\/#\/schema\/logo\/image\/"}}]}},"_links":{"self":[{"href":"https:\/\/pureprogress-logistics.com\/fr\/wp-json\/wp\/v2\/pages\/26989","targetHints":{"allow":["GET"]}}],"collection":[{"href":"https:\/\/pureprogress-logistics.com\/fr\/wp-json\/wp\/v2\/pages"}],"about":[{"href":"https:\/\/pureprogress-logistics.com\/fr\/wp-json\/wp\/v2\/types\/page"}],"author":[{"embeddable":true,"href":"https:\/\/pureprogress-logistics.com\/fr\/wp-json\/wp\/v2\/users\/1"}],"replies":[{"embeddable":true,"href":"https:\/\/pureprogress-logistics.com\/fr\/wp-json\/wp\/v2\/comments?post=26989"}],"version-history":[{"count":0,"href":"https:\/\/pureprogress-logistics.com\/fr\/wp-json\/wp\/v2\/pages\/26989\/revisions"}],"wp:attachment":[{"href":"https:\/\/pureprogress-logistics.com\/fr\/wp-json\/wp\/v2\/media?parent=26989"}],"curies":[{"name":"wp","href":"https:\/\/api.w.org\/{rel}","templated":true}]}}