{"id":26651,"date":"2022-07-26T17:58:33","date_gmt":"2022-07-26T17:58:33","guid":{"rendered":"https:\/\/pureprogress-logistics.com\/chauffeur-h-f-100-classe-be-independant-du-lieu-de-travail\/"},"modified":"2024-02-28T19:22:39","modified_gmt":"2024-02-28T19:22:39","slug":"chauffeur-h-f-100-classe-be-independant-du-lieu-de-travail","status":"publish","type":"page","link":"https:\/\/pureprogress-logistics.com\/fr\/chauffeur-h-f-100-classe-be-independant-du-lieu-de-travail\/","title":{"rendered":"Chauffeur (h\/f, 100%) classe BE, ind\u00e9pendant du lieu de travail"},"content":{"rendered":"\t\t<div data-elementor-type=\"wp-page\" data-elementor-id=\"26651\" class=\"elementor elementor-26651 elementor-14562\" data-elementor-post-type=\"page\">\n\t\t\t\t\t\t<section class=\"elementor-section elementor-top-section elementor-element elementor-element-24a6d3e8 elementor-section-boxed elementor-section-height-default elementor-section-height-default\" data-id=\"24a6d3e8\" data-element_type=\"section\" data-e-type=\"section\" data-settings=\"{&quot;jet_parallax_layout_list&quot;:[]}\">\n\t\t\t\t\t\t<div class=\"elementor-container elementor-column-gap-default\">\n\t\t\t\t\t<div class=\"elementor-column elementor-col-100 elementor-top-column elementor-element elementor-element-6aff113\" data-id=\"6aff113\" data-element_type=\"column\" data-e-type=\"column\">\n\t\t\t<div class=\"elementor-widget-wrap elementor-element-populated\">\n\t\t\t\t\t\t<div class=\"elementor-element elementor-element-fcb8f40 elementor-widget elementor-widget-text-editor\" data-id=\"fcb8f40\" data-element_type=\"widget\" data-e-type=\"widget\" data-widget_type=\"text-editor.default\">\n\t\t\t\t<div class=\"elementor-widget-container\">\n\t\t\t\t\t\t\t\t\t<p><b><font size=\"6\">Chauffeur \/ Chauffeuse h\/f (100%), classe BE, ind\u00e9pendant(e) du lieu de travail<\/p>\n<p><\/font><\/b><\/p>\n\t\t\t\t\t\t\t\t<\/div>\n\t\t\t\t<\/div>\n\t\t\t\t<div class=\"elementor-element elementor-element-6ef43113 elementor-widget elementor-widget-text-editor\" data-id=\"6ef43113\" data-element_type=\"widget\" data-e-type=\"widget\" data-widget_type=\"text-editor.default\">\n\t\t\t\t<div class=\"elementor-widget-container\">\n\t\t\t\t\t\t\t\t\t\n<p>Nous sommes une jeune entreprise de logistique active au niveau international. Nous nous sommes notamment sp\u00e9cialis\u00e9s dans le transport de v\u00e9hicules et de voitures. Afin d&rsquo;\u00e9largir notre parc de v\u00e9hicules, nous recherchons imm\u00e9diatement un chauffeur \/ conducteur (m\/f, 100%) classe BE.<\/p>\n\n<p><strong>Vos t\u00e2ches :<\/strong><\/p>\n\n<p>&#8211; Chargement et d\u00e9chargement de la remorque de transport de voitures<\/p>\n\n<p>&#8211; Transport de v\u00e9hicules par SUV avec remorque de transport de voitures<\/p>\n\n<p>&#8211; Annonce par t\u00e9l\u00e9phone de l&rsquo;arriv\u00e9e chez les clients<\/p>\n\n<p>&#8211; Remplir les lettres de voiture<\/p>\n<p>&#8211; S\u00e9curisation du chargement<\/p>\n\n<p> <\/p>\n\n<p><strong>Ce que vous apportez<\/strong><\/p>\n\n<p>&#8211; Un permis de conduire de cat\u00e9gorie B + BE<\/p>\n\n<p>&#8211; Une personnalit\u00e9 aimable, consciente de la qualit\u00e9 et capable de travailler sous pression<\/p>\n<p>&#8211; Mobilit\u00e9 et volont\u00e9 de passer une partie de la nuit \u00e0 l&rsquo;h\u00f4tel<\/p>\n\n<p><strong>Ce qui vous attend chez nous<\/strong><\/p>\n\n<p>&#8211; Une entreprise moderne avec beaucoup de flexibilit\u00e9<\/p>\n\n<p>&#8211; Des parcours et des missions vari\u00e9s<\/p>\n\n<p>Si vous \u00eates int\u00e9ress\u00e9(e), nous nous r\u00e9jouissons de recevoir votre dossier de candidature complet.  <strong>incl. Lettre de motivation<\/strong>  et en indiquant vos pr\u00e9tentions salariales, par e-mail \u00e0 <a href=\"mailto:info@pureprogress.ch\">info@pureprogress.ch<\/a> ou par courrier.<\/p>\n\n<p>Si vous avez des questions, n&rsquo;h\u00e9sitez pas \u00e0 me contacter. personne de contact :<br>PUREPROGRESS GmbH, Monsieur Alexander Haile, Zollstrasse 77, 8240 Thayngen, Suisse<\/p>\n\n<p>T\u00e9l\u00e9phone <a href=\"tel:044-512-14-35\">+41 44 512 14 35<\/a><\/p>\n\n<p>Heures de travail : 40 par semaine<\/p>\n\n<p>Type de poste : temps partiel ou plein, dur\u00e9e ind\u00e9termin\u00e9e<\/p>\n\n<p>les horaires de travail :<\/p>\n\n<ul>\n<li>Poste de 8 heures<\/li>\n<li>Pas de week-end<\/li>\n<li>du lundi au vendredi<\/li>\n<\/ul>\n\n<p>Prestations :<\/p>\n\n<ul>\n<li>Parking gratuit<\/li>\n<\/ul>\n\n<p> <\/p>\n\n<p>Langue :<\/p>\n\n<ul>\n<li>anglais (souhaitable)<\/li>\n<\/ul>\n\n<p>Bureau \u00e0 domicile :<\/p>\n\n<ul>\n<li>Non<\/li>\n<\/ul>\n\t\t\t\t\t\t\t\t<\/div>\n\t\t\t\t<\/div>\n\t\t\t\t\t<\/div>\n\t\t<\/div>\n\t\t\t\t\t<\/div>\n\t\t<\/section>\n\t\t\t\t<\/div>\n\t\t","protected":false},"excerpt":{"rendered":"<p>Chauffeur \/ Chauffeuse h\/f (100%), classe BE, ind\u00e9pendant(e) du lieu de travail Nous sommes une jeune entreprise de logistique active au niveau international. Nous nous sommes notamment sp\u00e9cialis\u00e9s dans le transport de v\u00e9hicules et de voitures. Afin d&rsquo;\u00e9largir notre parc de v\u00e9hicules, nous recherchons imm\u00e9diatement un chauffeur \/ conducteur (m\/f, 100%) classe BE. Vos t\u00e2ches [&hellip;]<\/p>\n","protected":false},"author":1,"featured_media":0,"parent":0,"menu_order":0,"comment_status":"closed","ping_status":"closed","template":"","meta":{"_monsterinsights_skip_tracking":false,"_monsterinsights_sitenote_active":false,"_monsterinsights_sitenote_note":"","_monsterinsights_sitenote_category":0,"footnotes":""},"class_list":["post-26651","page","type-page","status-publish","hentry"],"yoast_head":"<!-- This site is optimized with the Yoast SEO plugin v27.2 - https:\/\/yoast.com\/product\/yoast-seo-wordpress\/ -->\n<title>Chauffeur (h\/f, 100%) classe BE, ind\u00e9pendant du lieu de travail %%page% - %%nom du site<\/title>\n<meta name=\"description\" content=\"PureProgress Agence en Douane et Exp\u00e9dition cherche chauffeur \/ conducteur m \/ f (100%), classe BE, ind\u00e9pendant du site\" \/>\n<meta name=\"robots\" content=\"index, follow, max-snippet:-1, max-image-preview:large, max-video-preview:-1\" \/>\n<link rel=\"canonical\" href=\"https:\/\/pureprogress-logistics.com\/fr\/chauffeur-h-f-100-classe-be-independant-du-lieu-de-travail\/\" \/>\n<meta property=\"og:locale\" content=\"fr_FR\" \/>\n<meta property=\"og:type\" content=\"article\" \/>\n<meta property=\"og:title\" content=\"Chauffeur (h\/f, 100%) classe BE, ind\u00e9pendant du lieu de travail %%page% - %%nom du site\" \/>\n<meta property=\"og:description\" content=\"PureProgress Agence en Douane et Exp\u00e9dition cherche chauffeur \/ conducteur m \/ f (100%), classe BE, ind\u00e9pendant du site\" \/>\n<meta property=\"og:url\" content=\"https:\/\/pureprogress-logistics.com\/fr\/chauffeur-h-f-100-classe-be-independant-du-lieu-de-travail\/\" \/>\n<meta property=\"og:site_name\" content=\"Exp\u00e9dition &amp; agence en douane | PUREPROGRESS\" \/>\n<meta property=\"article:modified_time\" content=\"2024-02-28T19:22:39+00:00\" \/>\n<meta name=\"twitter:card\" content=\"summary_large_image\" \/>\n<meta name=\"twitter:label1\" content=\"Dur\u00e9e de lecture estim\u00e9e\" \/>\n\t<meta name=\"twitter:data1\" content=\"1 minute\" \/>\n<script type=\"application\/ld+json\" class=\"yoast-schema-graph\">{\"@context\":\"https:\/\/schema.org\",\"@graph\":[{\"@type\":\"WebPage\",\"@id\":\"https:\/\/pureprogress-logistics.com\/fr\/chauffeur-h-f-100-classe-be-independant-du-lieu-de-travail\/\",\"url\":\"https:\/\/pureprogress-logistics.com\/fr\/chauffeur-h-f-100-classe-be-independant-du-lieu-de-travail\/\",\"name\":\"Chauffeur (h\/f, 100%) classe BE, ind\u00e9pendant du lieu de travail %%page% - %%nom du site\",\"isPartOf\":{\"@id\":\"https:\/\/pureprogress-logistics.com\/#website\"},\"datePublished\":\"2022-07-26T17:58:33+00:00\",\"dateModified\":\"2024-02-28T19:22:39+00:00\",\"description\":\"PureProgress Agence en Douane et Exp\u00e9dition cherche chauffeur \/ conducteur m \/ f (100%), classe BE, ind\u00e9pendant du site\",\"breadcrumb\":{\"@id\":\"https:\/\/pureprogress-logistics.com\/fr\/chauffeur-h-f-100-classe-be-independant-du-lieu-de-travail\/#breadcrumb\"},\"inLanguage\":\"fr-FR\",\"potentialAction\":[{\"@type\":\"ReadAction\",\"target\":[\"https:\/\/pureprogress-logistics.com\/fr\/chauffeur-h-f-100-classe-be-independant-du-lieu-de-travail\/\"]}]},{\"@type\":\"BreadcrumbList\",\"@id\":\"https:\/\/pureprogress-logistics.com\/fr\/chauffeur-h-f-100-classe-be-independant-du-lieu-de-travail\/#breadcrumb\",\"itemListElement\":[{\"@type\":\"ListItem\",\"position\":1,\"name\":\"Startseite\",\"item\":\"https:\/\/pureprogress-logistics.com\/\"},{\"@type\":\"ListItem\",\"position\":2,\"name\":\"Chauffeur (h\/f, 100%) classe BE, ind\u00e9pendant du lieu de travail\"}]},{\"@type\":\"WebSite\",\"@id\":\"https:\/\/pureprogress-logistics.com\/#website\",\"url\":\"https:\/\/pureprogress-logistics.com\/\",\"name\":\"Ausfuhrbegleitdokument.com - MRN \/ ABD Erstellung\",\"description\":\"\",\"publisher\":{\"@id\":\"https:\/\/pureprogress-logistics.com\/#organization\"},\"potentialAction\":[{\"@type\":\"SearchAction\",\"target\":{\"@type\":\"EntryPoint\",\"urlTemplate\":\"https:\/\/pureprogress-logistics.com\/?s={search_term_string}\"},\"query-input\":{\"@type\":\"PropertyValueSpecification\",\"valueRequired\":true,\"valueName\":\"search_term_string\"}}],\"inLanguage\":\"fr-FR\"},{\"@type\":\"Organization\",\"@id\":\"https:\/\/pureprogress-logistics.com\/#organization\",\"name\":\"PUREPROGRESS GmbH\",\"url\":\"https:\/\/pureprogress-logistics.com\/\",\"logo\":{\"@type\":\"ImageObject\",\"inLanguage\":\"fr-FR\",\"@id\":\"https:\/\/pureprogress-logistics.com\/#\/schema\/logo\/image\/\",\"url\":\"https:\/\/ausfuhrbegleitdokument.com\/wp-content\/uploads\/2019\/10\/preloader-image.png\",\"contentUrl\":\"https:\/\/ausfuhrbegleitdokument.com\/wp-content\/uploads\/2019\/10\/preloader-image.png\",\"width\":224,\"height\":31,\"caption\":\"PUREPROGRESS GmbH\"},\"image\":{\"@id\":\"https:\/\/pureprogress-logistics.com\/#\/schema\/logo\/image\/\"}}]}<\/script>\n<!-- \/ Yoast SEO plugin. -->","yoast_head_json":{"title":"Chauffeur (h\/f, 100%) classe BE, ind\u00e9pendant du lieu de travail %%page% - %%nom du site","description":"PureProgress Agence en Douane et Exp\u00e9dition cherche chauffeur \/ conducteur m \/ f (100%), classe BE, ind\u00e9pendant du site","robots":{"index":"index","follow":"follow","max-snippet":"max-snippet:-1","max-image-preview":"max-image-preview:large","max-video-preview":"max-video-preview:-1"},"canonical":"https:\/\/pureprogress-logistics.com\/fr\/chauffeur-h-f-100-classe-be-independant-du-lieu-de-travail\/","og_locale":"fr_FR","og_type":"article","og_title":"Chauffeur (h\/f, 100%) classe BE, ind\u00e9pendant du lieu de travail %%page% - %%nom du site","og_description":"PureProgress Agence en Douane et Exp\u00e9dition cherche chauffeur \/ conducteur m \/ f (100%), classe BE, ind\u00e9pendant du site","og_url":"https:\/\/pureprogress-logistics.com\/fr\/chauffeur-h-f-100-classe-be-independant-du-lieu-de-travail\/","og_site_name":"Exp\u00e9dition &amp; agence en douane | PUREPROGRESS","article_modified_time":"2024-02-28T19:22:39+00:00","twitter_card":"summary_large_image","twitter_misc":{"Dur\u00e9e de lecture estim\u00e9e":"1 minute"},"schema":{"@context":"https:\/\/schema.org","@graph":[{"@type":"WebPage","@id":"https:\/\/pureprogress-logistics.com\/fr\/chauffeur-h-f-100-classe-be-independant-du-lieu-de-travail\/","url":"https:\/\/pureprogress-logistics.com\/fr\/chauffeur-h-f-100-classe-be-independant-du-lieu-de-travail\/","name":"Chauffeur (h\/f, 100%) classe BE, ind\u00e9pendant du lieu de travail %%page% - %%nom du site","isPartOf":{"@id":"https:\/\/pureprogress-logistics.com\/#website"},"datePublished":"2022-07-26T17:58:33+00:00","dateModified":"2024-02-28T19:22:39+00:00","description":"PureProgress Agence en Douane et Exp\u00e9dition cherche chauffeur \/ conducteur m \/ f (100%), classe BE, ind\u00e9pendant du site","breadcrumb":{"@id":"https:\/\/pureprogress-logistics.com\/fr\/chauffeur-h-f-100-classe-be-independant-du-lieu-de-travail\/#breadcrumb"},"inLanguage":"fr-FR","potentialAction":[{"@type":"ReadAction","target":["https:\/\/pureprogress-logistics.com\/fr\/chauffeur-h-f-100-classe-be-independant-du-lieu-de-travail\/"]}]},{"@type":"BreadcrumbList","@id":"https:\/\/pureprogress-logistics.com\/fr\/chauffeur-h-f-100-classe-be-independant-du-lieu-de-travail\/#breadcrumb","itemListElement":[{"@type":"ListItem","position":1,"name":"Startseite","item":"https:\/\/pureprogress-logistics.com\/"},{"@type":"ListItem","position":2,"name":"Chauffeur (h\/f, 100%) classe BE, ind\u00e9pendant du lieu de travail"}]},{"@type":"WebSite","@id":"https:\/\/pureprogress-logistics.com\/#website","url":"https:\/\/pureprogress-logistics.com\/","name":"Ausfuhrbegleitdokument.com - MRN \/ ABD Erstellung","description":"","publisher":{"@id":"https:\/\/pureprogress-logistics.com\/#organization"},"potentialAction":[{"@type":"SearchAction","target":{"@type":"EntryPoint","urlTemplate":"https:\/\/pureprogress-logistics.com\/?s={search_term_string}"},"query-input":{"@type":"PropertyValueSpecification","valueRequired":true,"valueName":"search_term_string"}}],"inLanguage":"fr-FR"},{"@type":"Organization","@id":"https:\/\/pureprogress-logistics.com\/#organization","name":"PUREPROGRESS GmbH","url":"https:\/\/pureprogress-logistics.com\/","logo":{"@type":"ImageObject","inLanguage":"fr-FR","@id":"https:\/\/pureprogress-logistics.com\/#\/schema\/logo\/image\/","url":"https:\/\/ausfuhrbegleitdokument.com\/wp-content\/uploads\/2019\/10\/preloader-image.png","contentUrl":"https:\/\/ausfuhrbegleitdokument.com\/wp-content\/uploads\/2019\/10\/preloader-image.png","width":224,"height":31,"caption":"PUREPROGRESS GmbH"},"image":{"@id":"https:\/\/pureprogress-logistics.com\/#\/schema\/logo\/image\/"}}]}},"_links":{"self":[{"href":"https:\/\/pureprogress-logistics.com\/fr\/wp-json\/wp\/v2\/pages\/26651","targetHints":{"allow":["GET"]}}],"collection":[{"href":"https:\/\/pureprogress-logistics.com\/fr\/wp-json\/wp\/v2\/pages"}],"about":[{"href":"https:\/\/pureprogress-logistics.com\/fr\/wp-json\/wp\/v2\/types\/page"}],"author":[{"embeddable":true,"href":"https:\/\/pureprogress-logistics.com\/fr\/wp-json\/wp\/v2\/users\/1"}],"replies":[{"embeddable":true,"href":"https:\/\/pureprogress-logistics.com\/fr\/wp-json\/wp\/v2\/comments?post=26651"}],"version-history":[{"count":0,"href":"https:\/\/pureprogress-logistics.com\/fr\/wp-json\/wp\/v2\/pages\/26651\/revisions"}],"wp:attachment":[{"href":"https:\/\/pureprogress-logistics.com\/fr\/wp-json\/wp\/v2\/media?parent=26651"}],"curies":[{"name":"wp","href":"https:\/\/api.w.org\/{rel}","templated":true}]}}