{"id":26087,"date":"2021-08-16T17:14:40","date_gmt":"2021-08-16T17:14:40","guid":{"rendered":"https:\/\/pureprogress-logistics.com\/recherche-de-produits-dedouanement\/"},"modified":"2024-03-06T16:50:05","modified_gmt":"2024-03-06T16:50:05","slug":"recherche-de-produits-dedouanement","status":"publish","type":"page","link":"https:\/\/pureprogress-logistics.com\/fr\/recherche-de-produits-dedouanement\/","title":{"rendered":"Recherche de produits : d\u00e9douanement"},"content":{"rendered":"\t\t<div data-elementor-type=\"wp-page\" data-elementor-id=\"26087\" class=\"elementor elementor-26087 elementor-4214\" data-elementor-post-type=\"page\">\n\t\t\t\t\t\t<section class=\"elementor-section elementor-top-section elementor-element elementor-element-4f2c80c elementor-section-boxed elementor-section-height-default elementor-section-height-default\" data-id=\"4f2c80c\" data-element_type=\"section\" data-e-type=\"section\" data-settings=\"{&quot;jet_parallax_layout_list&quot;:[{&quot;jet_parallax_layout_image&quot;:{&quot;url&quot;:&quot;&quot;,&quot;id&quot;:&quot;&quot;,&quot;size&quot;:&quot;&quot;},&quot;_id&quot;:&quot;d401351&quot;,&quot;jet_parallax_layout_image_tablet&quot;:{&quot;url&quot;:&quot;&quot;,&quot;id&quot;:&quot;&quot;,&quot;size&quot;:&quot;&quot;},&quot;jet_parallax_layout_image_mobile&quot;:{&quot;url&quot;:&quot;&quot;,&quot;id&quot;:&quot;&quot;,&quot;size&quot;:&quot;&quot;},&quot;jet_parallax_layout_speed&quot;:{&quot;unit&quot;:&quot;%&quot;,&quot;size&quot;:50,&quot;sizes&quot;:[]},&quot;jet_parallax_layout_type&quot;:&quot;scroll&quot;,&quot;jet_parallax_layout_direction&quot;:&quot;1&quot;,&quot;jet_parallax_layout_fx_direction&quot;:null,&quot;jet_parallax_layout_z_index&quot;:&quot;&quot;,&quot;jet_parallax_layout_bg_x&quot;:50,&quot;jet_parallax_layout_bg_x_tablet&quot;:&quot;&quot;,&quot;jet_parallax_layout_bg_x_mobile&quot;:&quot;&quot;,&quot;jet_parallax_layout_bg_y&quot;:50,&quot;jet_parallax_layout_bg_y_tablet&quot;:&quot;&quot;,&quot;jet_parallax_layout_bg_y_mobile&quot;:&quot;&quot;,&quot;jet_parallax_layout_bg_size&quot;:&quot;auto&quot;,&quot;jet_parallax_layout_bg_size_tablet&quot;:&quot;&quot;,&quot;jet_parallax_layout_bg_size_mobile&quot;:&quot;&quot;,&quot;jet_parallax_layout_animation_prop&quot;:&quot;transform&quot;,&quot;jet_parallax_layout_on&quot;:[&quot;desktop&quot;,&quot;tablet&quot;]}]}\">\n\t\t\t\t\t\t<div class=\"elementor-container elementor-column-gap-default\">\n\t\t\t\t\t<div class=\"elementor-column elementor-col-100 elementor-top-column elementor-element elementor-element-7b88b3d\" data-id=\"7b88b3d\" data-element_type=\"column\" data-e-type=\"column\">\n\t\t\t<div class=\"elementor-widget-wrap elementor-element-populated\">\n\t\t\t\t\t\t<div class=\"elementor-element elementor-element-91075d3 elementor-widget elementor-widget-heading\" data-id=\"91075d3\" data-element_type=\"widget\" data-e-type=\"widget\" data-widget_type=\"heading.default\">\n\t\t\t\t<div class=\"elementor-widget-container\">\n\t\t\t\t\t<h1 class=\"elementor-heading-title elementor-size-default\">Demande de documents douaniers<\/h1>\t\t\t\t<\/div>\n\t\t\t\t<\/div>\n\t\t\t\t<div class=\"elementor-element elementor-element-0dbbeab elementor-widget elementor-widget-text-editor\" data-id=\"0dbbeab\" data-element_type=\"widget\" data-e-type=\"widget\" data-widget_type=\"text-editor.default\">\n\t\t\t\t<div class=\"elementor-widget-container\">\n\t\t\t\t\t\t\t\t\t<p><strong>Placez ici votre commande ou envoyez une demande sans engagement  <br \/><\/strong><\/p>\n\t\t\t\t\t\t\t\t<\/div>\n\t\t\t\t<\/div>\n\t\t\t\t<div class=\"elementor-element elementor-element-295d365 elementor-widget elementor-widget-text-editor\" data-id=\"295d365\" data-element_type=\"widget\" data-e-type=\"widget\" data-widget_type=\"text-editor.default\">\n\t\t\t\t<div class=\"elementor-widget-container\">\n\t\t\t\t\t\t\t\t\t<p style=\"text-align: center;\"><strong>De quel service avez-vous besoin ?<\/strong><\/p>\n\t\t\t\t\t\t\t\t<\/div>\n\t\t\t\t<\/div>\n\t\t\t\t\t<\/div>\n\t\t<\/div>\n\t\t\t\t\t<\/div>\n\t\t<\/section>\n\t\t\t\t<section class=\"elementor-section elementor-top-section elementor-element elementor-element-830f924 elementor-section-boxed elementor-section-height-default elementor-section-height-default\" data-id=\"830f924\" data-element_type=\"section\" data-e-type=\"section\" data-settings=\"{&quot;jet_parallax_layout_list&quot;:[{&quot;jet_parallax_layout_image&quot;:{&quot;url&quot;:&quot;&quot;,&quot;id&quot;:&quot;&quot;,&quot;size&quot;:&quot;&quot;},&quot;_id&quot;:&quot;fad78bb&quot;,&quot;jet_parallax_layout_image_tablet&quot;:{&quot;url&quot;:&quot;&quot;,&quot;id&quot;:&quot;&quot;,&quot;size&quot;:&quot;&quot;},&quot;jet_parallax_layout_image_mobile&quot;:{&quot;url&quot;:&quot;&quot;,&quot;id&quot;:&quot;&quot;,&quot;size&quot;:&quot;&quot;},&quot;jet_parallax_layout_speed&quot;:{&quot;unit&quot;:&quot;%&quot;,&quot;size&quot;:50,&quot;sizes&quot;:[]},&quot;jet_parallax_layout_type&quot;:&quot;scroll&quot;,&quot;jet_parallax_layout_direction&quot;:&quot;1&quot;,&quot;jet_parallax_layout_fx_direction&quot;:null,&quot;jet_parallax_layout_z_index&quot;:&quot;&quot;,&quot;jet_parallax_layout_bg_x&quot;:50,&quot;jet_parallax_layout_bg_x_tablet&quot;:&quot;&quot;,&quot;jet_parallax_layout_bg_x_mobile&quot;:&quot;&quot;,&quot;jet_parallax_layout_bg_y&quot;:50,&quot;jet_parallax_layout_bg_y_tablet&quot;:&quot;&quot;,&quot;jet_parallax_layout_bg_y_mobile&quot;:&quot;&quot;,&quot;jet_parallax_layout_bg_size&quot;:&quot;auto&quot;,&quot;jet_parallax_layout_bg_size_tablet&quot;:&quot;&quot;,&quot;jet_parallax_layout_bg_size_mobile&quot;:&quot;&quot;,&quot;jet_parallax_layout_animation_prop&quot;:&quot;transform&quot;,&quot;jet_parallax_layout_on&quot;:[&quot;desktop&quot;,&quot;tablet&quot;]}]}\">\n\t\t\t\t\t\t<div class=\"elementor-container elementor-column-gap-default\">\n\t\t\t\t\t<div class=\"elementor-column elementor-col-25 elementor-top-column elementor-element elementor-element-e170ffb\" data-id=\"e170ffb\" data-element_type=\"column\" data-e-type=\"column\">\n\t\t\t<div class=\"elementor-widget-wrap elementor-element-populated\">\n\t\t\t\t\t\t<div class=\"elementor-element elementor-element-0361102 elementor-widget elementor-widget-image\" data-id=\"0361102\" data-element_type=\"widget\" data-e-type=\"widget\" data-widget_type=\"image.default\">\n\t\t\t\t<div class=\"elementor-widget-container\">\n\t\t\t\t\t\t\t\t\t\t\t\t\t\t\t\t<a href=\"https:\/\/pureprogress-logistics.com\/fr\/recherche-de-produits-dedouanement-de-vehicules\/\">\n\t\t\t\t\t\t\t<img decoding=\"async\" width=\"264\" height=\"177\" src=\"https:\/\/pureprogress-logistics.com\/wp-content\/uploads\/2023\/10\/Fahrzeugverzollung.jpg\" class=\"attachment-medium_large size-medium_large wp-image-22316\" alt=\"PureProgress Zollagentur Fahrzeugverzollung\" \/>\t\t\t\t\t\t\t\t<\/a>\n\t\t\t\t\t\t\t\t\t\t\t\t\t\t\t<\/div>\n\t\t\t\t<\/div>\n\t\t\t\t<div class=\"elementor-element elementor-element-fd618c2 elementor-widget elementor-widget-text-editor\" data-id=\"fd618c2\" data-element_type=\"widget\" data-e-type=\"widget\" data-widget_type=\"text-editor.default\">\n\t\t\t\t<div class=\"elementor-widget-container\">\n\t\t\t\t\t\t\t\t\t<p><strong><a href=\"https:\/\/pureprogress-logistics.com\/fr\/recherche-de-produits-dedouanement-de-vehicules\/\">D\u00e9douanement de v\u00e9hicules<\/a><\/strong><\/p>\n\t\t\t\t\t\t\t\t<\/div>\n\t\t\t\t<\/div>\n\t\t\t\t\t<\/div>\n\t\t<\/div>\n\t\t\t\t<div class=\"elementor-column elementor-col-25 elementor-top-column elementor-element elementor-element-dd04cbf\" data-id=\"dd04cbf\" data-element_type=\"column\" data-e-type=\"column\">\n\t\t\t<div class=\"elementor-widget-wrap elementor-element-populated\">\n\t\t\t\t\t\t<div class=\"elementor-element elementor-element-c5ce5e1 elementor-widget elementor-widget-image\" data-id=\"c5ce5e1\" data-element_type=\"widget\" data-e-type=\"widget\" data-widget_type=\"image.default\">\n\t\t\t\t<div class=\"elementor-widget-container\">\n\t\t\t\t\t\t\t\t\t\t\t\t\t\t\t\t<a href=\"https:\/\/pureprogress-logistics.com\/fr\/recherche-de-produits-dedouanement-de-marchandises\/\">\n\t\t\t\t\t\t\t<img decoding=\"async\" width=\"264\" height=\"177\" src=\"https:\/\/pureprogress-logistics.com\/wp-content\/uploads\/2023\/10\/Warenverzollung.jpg\" class=\"attachment-large size-large wp-image-22320\" alt=\"PureProgress Zollagentur Warenverzollung\" \/>\t\t\t\t\t\t\t\t<\/a>\n\t\t\t\t\t\t\t\t\t\t\t\t\t\t\t<\/div>\n\t\t\t\t<\/div>\n\t\t\t\t<div class=\"elementor-element elementor-element-e394ad2 elementor-widget elementor-widget-text-editor\" data-id=\"e394ad2\" data-element_type=\"widget\" data-e-type=\"widget\" data-widget_type=\"text-editor.default\">\n\t\t\t\t<div class=\"elementor-widget-container\">\n\t\t\t\t\t\t\t\t\t<p><strong><a href=\"https:\/\/pureprogress-logistics.com\/fr\/recherche-de-produits-dedouanement-de-marchandises\/\">D\u00e9douanement des marchandises<\/a><\/strong><\/p>\n\t\t\t\t\t\t\t\t<\/div>\n\t\t\t\t<\/div>\n\t\t\t\t\t<\/div>\n\t\t<\/div>\n\t\t\t\t<div class=\"elementor-column elementor-col-25 elementor-top-column elementor-element elementor-element-e55779e\" data-id=\"e55779e\" data-element_type=\"column\" data-e-type=\"column\">\n\t\t\t<div class=\"elementor-widget-wrap elementor-element-populated\">\n\t\t\t\t\t\t<div class=\"elementor-element elementor-element-54d1bae elementor-widget elementor-widget-image\" data-id=\"54d1bae\" data-element_type=\"widget\" data-e-type=\"widget\" data-widget_type=\"image.default\">\n\t\t\t\t<div class=\"elementor-widget-container\">\n\t\t\t\t\t\t\t\t\t\t\t\t\t\t\t\t<a href=\"https:\/\/pureprogress-logistics.com\/fr\/recherche-de-produits-dedouanement-des-animaux\/\">\n\t\t\t\t\t\t\t<img decoding=\"async\" width=\"264\" height=\"177\" src=\"https:\/\/pureprogress-logistics.com\/wp-content\/uploads\/2023\/10\/Tierverzollung.jpg\" class=\"attachment-large size-large wp-image-22328\" alt=\"PureProgress Zollagentur Tierverzollung\" \/>\t\t\t\t\t\t\t\t<\/a>\n\t\t\t\t\t\t\t\t\t\t\t\t\t\t\t<\/div>\n\t\t\t\t<\/div>\n\t\t\t\t<div class=\"elementor-element elementor-element-5c02532 elementor-widget elementor-widget-text-editor\" data-id=\"5c02532\" data-element_type=\"widget\" data-e-type=\"widget\" data-widget_type=\"text-editor.default\">\n\t\t\t\t<div class=\"elementor-widget-container\">\n\t\t\t\t\t\t\t\t\t<p><a href=\"https:\/\/pureprogress-logistics.com\/fr\/recherche-de-produits-dedouanement-des-animaux\/\"><strong>D\u00e9douanement des animaux<\/strong><\/a><\/p>\n\t\t\t\t\t\t\t\t<\/div>\n\t\t\t\t<\/div>\n\t\t\t\t\t<\/div>\n\t\t<\/div>\n\t\t\t\t<div class=\"elementor-column elementor-col-25 elementor-top-column elementor-element elementor-element-77024f2\" data-id=\"77024f2\" data-element_type=\"column\" data-e-type=\"column\">\n\t\t\t<div class=\"elementor-widget-wrap elementor-element-populated\">\n\t\t\t\t\t\t<div class=\"elementor-element elementor-element-6b49ddd elementor-widget elementor-widget-image\" data-id=\"6b49ddd\" data-element_type=\"widget\" data-e-type=\"widget\" data-widget_type=\"image.default\">\n\t\t\t\t<div class=\"elementor-widget-container\">\n\t\t\t\t\t\t\t\t\t\t\t\t\t\t\t\t<a href=\"#\">\n\t\t\t\t\t\t\t<img loading=\"lazy\" decoding=\"async\" width=\"264\" height=\"177\" src=\"https:\/\/pureprogress-logistics.com\/wp-content\/uploads\/2023\/10\/Uebersiedlungsgut.jpg\" class=\"attachment-large size-large wp-image-22332\" alt=\"PureProgress Zollagentur Tierverzollung\" \/>\t\t\t\t\t\t\t\t<\/a>\n\t\t\t\t\t\t\t\t\t\t\t\t\t\t\t<\/div>\n\t\t\t\t<\/div>\n\t\t\t\t<div class=\"elementor-element elementor-element-478494d elementor-widget elementor-widget-text-editor\" data-id=\"478494d\" data-element_type=\"widget\" data-e-type=\"widget\" data-widget_type=\"text-editor.default\">\n\t\t\t\t<div class=\"elementor-widget-container\">\n\t\t\t\t\t\t\t\t\t<p>Biens personnels<\/p>\n\t\t\t\t\t\t\t\t<\/div>\n\t\t\t\t<\/div>\n\t\t\t\t\t<\/div>\n\t\t<\/div>\n\t\t\t\t\t<\/div>\n\t\t<\/section>\n\t\t\t\t<\/div>\n\t\t","protected":false},"excerpt":{"rendered":"<p>Demande de documents douaniers Placez ici votre commande ou envoyez une demande sans engagement De quel service avez-vous besoin ? D\u00e9douanement de v\u00e9hicules D\u00e9douanement des marchandises D\u00e9douanement des animaux Biens personnels<\/p>\n","protected":false},"author":1,"featured_media":0,"parent":0,"menu_order":0,"comment_status":"closed","ping_status":"closed","template":"","meta":{"_monsterinsights_skip_tracking":false,"_monsterinsights_sitenote_active":false,"_monsterinsights_sitenote_note":"","_monsterinsights_sitenote_category":0,"footnotes":""},"class_list":["post-26087","page","type-page","status-publish","hentry"],"yoast_head":"<!-- This site is optimized with the Yoast SEO plugin v27.2 - https:\/\/yoast.com\/product\/yoast-seo-wordpress\/ -->\n<title>Demande de d\u00e9douanement - Exp\u00e9dition &amp; agence en douane | PUREPROGRESS<\/title>\n<meta name=\"description\" content=\"Demande agence en douane PureProgress cr\u00e9ez une demande aupr\u00e8s de l&#039;agence en douane et de l&#039;exp\u00e9dition PureProgress.\" \/>\n<meta name=\"robots\" content=\"index, follow, max-snippet:-1, max-image-preview:large, max-video-preview:-1\" \/>\n<link rel=\"canonical\" href=\"https:\/\/pureprogress-logistics.com\/fr\/recherche-de-produits-dedouanement\/\" \/>\n<meta property=\"og:locale\" content=\"fr_FR\" \/>\n<meta property=\"og:type\" content=\"article\" \/>\n<meta property=\"og:title\" content=\"Demande de d\u00e9douanement - Exp\u00e9dition &amp; agence en douane | PUREPROGRESS\" \/>\n<meta property=\"og:description\" content=\"Demande agence en douane PureProgress cr\u00e9ez une demande aupr\u00e8s de l&#039;agence en douane et de l&#039;exp\u00e9dition PureProgress.\" \/>\n<meta property=\"og:url\" content=\"https:\/\/pureprogress-logistics.com\/fr\/recherche-de-produits-dedouanement\/\" \/>\n<meta property=\"og:site_name\" content=\"Exp\u00e9dition &amp; agence en douane | PUREPROGRESS\" \/>\n<meta property=\"article:modified_time\" content=\"2024-03-06T16:50:05+00:00\" \/>\n<meta property=\"og:image\" content=\"https:\/\/pureprogress-logistics.com\/wp-content\/uploads\/2023\/10\/Fahrzeugverzollung.jpg\" \/>\n<meta name=\"twitter:card\" content=\"summary_large_image\" \/>\n<meta name=\"twitter:label1\" content=\"Dur\u00e9e de lecture estim\u00e9e\" \/>\n\t<meta name=\"twitter:data1\" content=\"1 minute\" \/>\n<script type=\"application\/ld+json\" class=\"yoast-schema-graph\">{\"@context\":\"https:\/\/schema.org\",\"@graph\":[{\"@type\":\"WebPage\",\"@id\":\"https:\/\/pureprogress-logistics.com\/fr\/recherche-de-produits-dedouanement\/\",\"url\":\"https:\/\/pureprogress-logistics.com\/fr\/recherche-de-produits-dedouanement\/\",\"name\":\"Demande de d\u00e9douanement - Exp\u00e9dition &amp; agence en douane | PUREPROGRESS\",\"isPartOf\":{\"@id\":\"https:\/\/pureprogress-logistics.com\/#website\"},\"primaryImageOfPage\":{\"@id\":\"https:\/\/pureprogress-logistics.com\/fr\/recherche-de-produits-dedouanement\/#primaryimage\"},\"image\":{\"@id\":\"https:\/\/pureprogress-logistics.com\/fr\/recherche-de-produits-dedouanement\/#primaryimage\"},\"thumbnailUrl\":\"https:\/\/pureprogress-logistics.com\/wp-content\/uploads\/2023\/10\/Fahrzeugverzollung.jpg\",\"datePublished\":\"2021-08-16T17:14:40+00:00\",\"dateModified\":\"2024-03-06T16:50:05+00:00\",\"description\":\"Demande agence en douane PureProgress cr\u00e9ez une demande aupr\u00e8s de l'agence en douane et de l'exp\u00e9dition PureProgress.\",\"breadcrumb\":{\"@id\":\"https:\/\/pureprogress-logistics.com\/fr\/recherche-de-produits-dedouanement\/#breadcrumb\"},\"inLanguage\":\"fr-FR\",\"potentialAction\":[{\"@type\":\"ReadAction\",\"target\":[\"https:\/\/pureprogress-logistics.com\/fr\/recherche-de-produits-dedouanement\/\"]}]},{\"@type\":\"ImageObject\",\"inLanguage\":\"fr-FR\",\"@id\":\"https:\/\/pureprogress-logistics.com\/fr\/recherche-de-produits-dedouanement\/#primaryimage\",\"url\":\"https:\/\/pureprogress-logistics.com\/wp-content\/uploads\/2023\/10\/Fahrzeugverzollung.jpg\",\"contentUrl\":\"https:\/\/pureprogress-logistics.com\/wp-content\/uploads\/2023\/10\/Fahrzeugverzollung.jpg\"},{\"@type\":\"BreadcrumbList\",\"@id\":\"https:\/\/pureprogress-logistics.com\/fr\/recherche-de-produits-dedouanement\/#breadcrumb\",\"itemListElement\":[{\"@type\":\"ListItem\",\"position\":1,\"name\":\"Startseite\",\"item\":\"https:\/\/pureprogress-logistics.com\/\"},{\"@type\":\"ListItem\",\"position\":2,\"name\":\"Recherche de produits : d\u00e9douanement\"}]},{\"@type\":\"WebSite\",\"@id\":\"https:\/\/pureprogress-logistics.com\/#website\",\"url\":\"https:\/\/pureprogress-logistics.com\/\",\"name\":\"Ausfuhrbegleitdokument.com - MRN \/ ABD Erstellung\",\"description\":\"\",\"publisher\":{\"@id\":\"https:\/\/pureprogress-logistics.com\/#organization\"},\"potentialAction\":[{\"@type\":\"SearchAction\",\"target\":{\"@type\":\"EntryPoint\",\"urlTemplate\":\"https:\/\/pureprogress-logistics.com\/?s={search_term_string}\"},\"query-input\":{\"@type\":\"PropertyValueSpecification\",\"valueRequired\":true,\"valueName\":\"search_term_string\"}}],\"inLanguage\":\"fr-FR\"},{\"@type\":\"Organization\",\"@id\":\"https:\/\/pureprogress-logistics.com\/#organization\",\"name\":\"PUREPROGRESS GmbH\",\"url\":\"https:\/\/pureprogress-logistics.com\/\",\"logo\":{\"@type\":\"ImageObject\",\"inLanguage\":\"fr-FR\",\"@id\":\"https:\/\/pureprogress-logistics.com\/#\/schema\/logo\/image\/\",\"url\":\"https:\/\/ausfuhrbegleitdokument.com\/wp-content\/uploads\/2019\/10\/preloader-image.png\",\"contentUrl\":\"https:\/\/ausfuhrbegleitdokument.com\/wp-content\/uploads\/2019\/10\/preloader-image.png\",\"width\":224,\"height\":31,\"caption\":\"PUREPROGRESS GmbH\"},\"image\":{\"@id\":\"https:\/\/pureprogress-logistics.com\/#\/schema\/logo\/image\/\"}}]}<\/script>\n<!-- \/ Yoast SEO plugin. -->","yoast_head_json":{"title":"Demande de d\u00e9douanement - Exp\u00e9dition &amp; agence en douane | PUREPROGRESS","description":"Demande agence en douane PureProgress cr\u00e9ez une demande aupr\u00e8s de l'agence en douane et de l'exp\u00e9dition PureProgress.","robots":{"index":"index","follow":"follow","max-snippet":"max-snippet:-1","max-image-preview":"max-image-preview:large","max-video-preview":"max-video-preview:-1"},"canonical":"https:\/\/pureprogress-logistics.com\/fr\/recherche-de-produits-dedouanement\/","og_locale":"fr_FR","og_type":"article","og_title":"Demande de d\u00e9douanement - Exp\u00e9dition &amp; agence en douane | PUREPROGRESS","og_description":"Demande agence en douane PureProgress cr\u00e9ez une demande aupr\u00e8s de l'agence en douane et de l'exp\u00e9dition PureProgress.","og_url":"https:\/\/pureprogress-logistics.com\/fr\/recherche-de-produits-dedouanement\/","og_site_name":"Exp\u00e9dition &amp; agence en douane | PUREPROGRESS","article_modified_time":"2024-03-06T16:50:05+00:00","og_image":[{"url":"https:\/\/pureprogress-logistics.com\/wp-content\/uploads\/2023\/10\/Fahrzeugverzollung.jpg","type":"","width":"","height":""}],"twitter_card":"summary_large_image","twitter_misc":{"Dur\u00e9e de lecture estim\u00e9e":"1 minute"},"schema":{"@context":"https:\/\/schema.org","@graph":[{"@type":"WebPage","@id":"https:\/\/pureprogress-logistics.com\/fr\/recherche-de-produits-dedouanement\/","url":"https:\/\/pureprogress-logistics.com\/fr\/recherche-de-produits-dedouanement\/","name":"Demande de d\u00e9douanement - Exp\u00e9dition &amp; agence en douane | PUREPROGRESS","isPartOf":{"@id":"https:\/\/pureprogress-logistics.com\/#website"},"primaryImageOfPage":{"@id":"https:\/\/pureprogress-logistics.com\/fr\/recherche-de-produits-dedouanement\/#primaryimage"},"image":{"@id":"https:\/\/pureprogress-logistics.com\/fr\/recherche-de-produits-dedouanement\/#primaryimage"},"thumbnailUrl":"https:\/\/pureprogress-logistics.com\/wp-content\/uploads\/2023\/10\/Fahrzeugverzollung.jpg","datePublished":"2021-08-16T17:14:40+00:00","dateModified":"2024-03-06T16:50:05+00:00","description":"Demande agence en douane PureProgress cr\u00e9ez une demande aupr\u00e8s de l'agence en douane et de l'exp\u00e9dition PureProgress.","breadcrumb":{"@id":"https:\/\/pureprogress-logistics.com\/fr\/recherche-de-produits-dedouanement\/#breadcrumb"},"inLanguage":"fr-FR","potentialAction":[{"@type":"ReadAction","target":["https:\/\/pureprogress-logistics.com\/fr\/recherche-de-produits-dedouanement\/"]}]},{"@type":"ImageObject","inLanguage":"fr-FR","@id":"https:\/\/pureprogress-logistics.com\/fr\/recherche-de-produits-dedouanement\/#primaryimage","url":"https:\/\/pureprogress-logistics.com\/wp-content\/uploads\/2023\/10\/Fahrzeugverzollung.jpg","contentUrl":"https:\/\/pureprogress-logistics.com\/wp-content\/uploads\/2023\/10\/Fahrzeugverzollung.jpg"},{"@type":"BreadcrumbList","@id":"https:\/\/pureprogress-logistics.com\/fr\/recherche-de-produits-dedouanement\/#breadcrumb","itemListElement":[{"@type":"ListItem","position":1,"name":"Startseite","item":"https:\/\/pureprogress-logistics.com\/"},{"@type":"ListItem","position":2,"name":"Recherche de produits : d\u00e9douanement"}]},{"@type":"WebSite","@id":"https:\/\/pureprogress-logistics.com\/#website","url":"https:\/\/pureprogress-logistics.com\/","name":"Ausfuhrbegleitdokument.com - MRN \/ ABD Erstellung","description":"","publisher":{"@id":"https:\/\/pureprogress-logistics.com\/#organization"},"potentialAction":[{"@type":"SearchAction","target":{"@type":"EntryPoint","urlTemplate":"https:\/\/pureprogress-logistics.com\/?s={search_term_string}"},"query-input":{"@type":"PropertyValueSpecification","valueRequired":true,"valueName":"search_term_string"}}],"inLanguage":"fr-FR"},{"@type":"Organization","@id":"https:\/\/pureprogress-logistics.com\/#organization","name":"PUREPROGRESS GmbH","url":"https:\/\/pureprogress-logistics.com\/","logo":{"@type":"ImageObject","inLanguage":"fr-FR","@id":"https:\/\/pureprogress-logistics.com\/#\/schema\/logo\/image\/","url":"https:\/\/ausfuhrbegleitdokument.com\/wp-content\/uploads\/2019\/10\/preloader-image.png","contentUrl":"https:\/\/ausfuhrbegleitdokument.com\/wp-content\/uploads\/2019\/10\/preloader-image.png","width":224,"height":31,"caption":"PUREPROGRESS GmbH"},"image":{"@id":"https:\/\/pureprogress-logistics.com\/#\/schema\/logo\/image\/"}}]}},"_links":{"self":[{"href":"https:\/\/pureprogress-logistics.com\/fr\/wp-json\/wp\/v2\/pages\/26087","targetHints":{"allow":["GET"]}}],"collection":[{"href":"https:\/\/pureprogress-logistics.com\/fr\/wp-json\/wp\/v2\/pages"}],"about":[{"href":"https:\/\/pureprogress-logistics.com\/fr\/wp-json\/wp\/v2\/types\/page"}],"author":[{"embeddable":true,"href":"https:\/\/pureprogress-logistics.com\/fr\/wp-json\/wp\/v2\/users\/1"}],"replies":[{"embeddable":true,"href":"https:\/\/pureprogress-logistics.com\/fr\/wp-json\/wp\/v2\/comments?post=26087"}],"version-history":[{"count":0,"href":"https:\/\/pureprogress-logistics.com\/fr\/wp-json\/wp\/v2\/pages\/26087\/revisions"}],"wp:attachment":[{"href":"https:\/\/pureprogress-logistics.com\/fr\/wp-json\/wp\/v2\/media?parent=26087"}],"curies":[{"name":"wp","href":"https:\/\/api.w.org\/{rel}","templated":true}]}}