{"id":53561,"date":"2025-02-11T09:20:44","date_gmt":"2025-02-11T08:20:44","guid":{"rendered":"https:\/\/pureprogress-logistics.com\/kariera-v-rakousku\/"},"modified":"2026-04-22T09:40:41","modified_gmt":"2026-04-22T08:40:41","slug":"kariera-v-rakousku","status":"publish","type":"page","link":"https:\/\/pureprogress-logistics.com\/cs\/karierni-stranka\/kariera-v-rakousku\/","title":{"rendered":"Str\u00e1nka kari\u00e9ry Rakousko"},"content":{"rendered":"\t\t<div data-elementor-type=\"wp-page\" data-elementor-id=\"53561\" class=\"elementor elementor-53561 elementor-46532\" data-elementor-post-type=\"page\">\n\t\t\t\t<div class=\"elementor-element elementor-element-b1a86f0 e-flex e-con-boxed e-con e-parent\" data-id=\"b1a86f0\" data-element_type=\"container\" data-e-type=\"container\" data-settings=\"{&quot;jet_parallax_layout_list&quot;:[]}\">\n\t\t\t\t\t<div class=\"e-con-inner\">\n\t\t\t\t<div class=\"elementor-element elementor-element-7a22afa elementor-widget elementor-widget-spacer\" data-id=\"7a22afa\" data-element_type=\"widget\" data-e-type=\"widget\" data-widget_type=\"spacer.default\">\n\t\t\t\t<div class=\"elementor-widget-container\">\n\t\t\t\t\t\t\t<div class=\"elementor-spacer\">\n\t\t\t<div class=\"elementor-spacer-inner\"><\/div>\n\t\t<\/div>\n\t\t\t\t\t\t<\/div>\n\t\t\t\t<\/div>\n\t\t\t\t<div class=\"elementor-element elementor-element-ad339f4 elementor-widget elementor-widget-text-editor\" data-id=\"ad339f4\" data-element_type=\"widget\" data-e-type=\"widget\" data-widget_type=\"text-editor.default\">\n\t\t\t\t<div class=\"elementor-widget-container\">\n\t\t\t\t\t\t\t\t\t<p><em>Omlouv\u00e1me se, v sou\u010dasn\u00e9 dob\u011b nem\u00e1me \u017e\u00e1dn\u00e9 voln\u00e9 pracovn\u00ed pozice v Rakousku.<\/em><\/p>\t\t\t\t\t\t\t\t<\/div>\n\t\t\t\t<\/div>\n\t\t\t\t<div class=\"elementor-element elementor-element-bb1d295 elementor-widget elementor-widget-text-editor\" data-id=\"bb1d295\" data-element_type=\"widget\" data-e-type=\"widget\" data-widget_type=\"text-editor.default\">\n\t\t\t\t<div class=\"elementor-widget-container\">\n\t\t\t\t\t\t\t\t\t<p><a href=\"https:\/\/pureprogress-logistics.com\/cs\/stranka-kariery\/\">\u2190 <span style=\"text-decoration: underline;\">Zp\u011bt na p\u0159ehled kari\u00e9ry<\/span><\/a><\/p>\t\t\t\t\t\t\t\t<\/div>\n\t\t\t\t<\/div>\n\t\t\t\t\t<\/div>\n\t\t\t\t<\/div>\n\t\t\t\t<\/div>\n\t\t","protected":false},"excerpt":{"rendered":"<p>Omlouv\u00e1me se, v sou\u010dasn\u00e9 dob\u011b nem\u00e1me \u017e\u00e1dn\u00e9 voln\u00e9 pracovn\u00ed pozice v Rakousku. \u2190 Zp\u011bt na p\u0159ehled kari\u00e9ry<\/p>\n","protected":false},"author":3,"featured_media":0,"parent":63915,"menu_order":0,"comment_status":"closed","ping_status":"closed","template":"","meta":{"_monsterinsights_skip_tracking":false,"_monsterinsights_sitenote_active":false,"_monsterinsights_sitenote_note":"","_monsterinsights_sitenote_category":0,"footnotes":""},"class_list":["post-53561","page","type-page","status-publish","hentry"],"yoast_head":"<!-- This site is optimized with the Yoast SEO plugin v27.2 - https:\/\/yoast.com\/product\/yoast-seo-wordpress\/ -->\n<title>Str\u00e1nka kari\u00e9ry Rakousko - PUREPROGRESS GmbH<\/title>\n<meta name=\"description\" content=\"P\u0159ipojte se k PUREPROGRESS v Rakousku a utv\u00e1\u0159ejte budoucnost logistiky. Prozkoumejte kari\u00e9ru v oblasti dopravy, celn\u00edho odbaven\u00ed a dal\u0161\u00edch obor\u016f je\u0161t\u011b dnes!\" \/>\n<meta name=\"robots\" content=\"index, follow, max-snippet:-1, max-image-preview:large, max-video-preview:-1\" \/>\n<link rel=\"canonical\" href=\"https:\/\/pureprogress-logistics.com\/cs\/karierni-stranka\/kariera-v-rakousku\/\" \/>\n<meta property=\"og:locale\" content=\"cs_CZ\" \/>\n<meta property=\"og:type\" content=\"article\" \/>\n<meta property=\"og:title\" content=\"Str\u00e1nka kari\u00e9ry Rakousko - PUREPROGRESS GmbH\" \/>\n<meta property=\"og:description\" content=\"P\u0159ipojte se k PUREPROGRESS v Rakousku a utv\u00e1\u0159ejte budoucnost logistiky. Prozkoumejte kari\u00e9ru v oblasti dopravy, celn\u00edho odbaven\u00ed a dal\u0161\u00edch obor\u016f je\u0161t\u011b dnes!\" \/>\n<meta property=\"og:url\" content=\"https:\/\/pureprogress-logistics.com\/cs\/karierni-stranka\/kariera-v-rakousku\/\" \/>\n<meta property=\"og:site_name\" content=\"Spedi\u010dn\u00ed a celn\u00ed agentura | PUREPROGRESS\" \/>\n<meta property=\"article:modified_time\" content=\"2026-04-22T08:40:41+00:00\" \/>\n<meta name=\"twitter:card\" content=\"summary_large_image\" \/>\n<script type=\"application\/ld+json\" class=\"yoast-schema-graph\">{\"@context\":\"https:\/\/schema.org\",\"@graph\":[{\"@type\":\"WebPage\",\"@id\":\"https:\/\/pureprogress-logistics.com\/cs\/karierni-stranka\/kariera-v-rakousku\/\",\"url\":\"https:\/\/pureprogress-logistics.com\/cs\/karierni-stranka\/kariera-v-rakousku\/\",\"name\":\"Str\u00e1nka kari\u00e9ry Rakousko - PUREPROGRESS GmbH\",\"isPartOf\":{\"@id\":\"https:\/\/pureprogress-logistics.com\/#website\"},\"datePublished\":\"2025-02-11T08:20:44+00:00\",\"dateModified\":\"2026-04-22T08:40:41+00:00\",\"description\":\"P\u0159ipojte se k PUREPROGRESS v Rakousku a utv\u00e1\u0159ejte budoucnost logistiky. Prozkoumejte kari\u00e9ru v oblasti dopravy, celn\u00edho odbaven\u00ed a dal\u0161\u00edch obor\u016f je\u0161t\u011b dnes!\",\"breadcrumb\":{\"@id\":\"https:\/\/pureprogress-logistics.com\/cs\/karierni-stranka\/kariera-v-rakousku\/#breadcrumb\"},\"inLanguage\":\"cs\",\"potentialAction\":[{\"@type\":\"ReadAction\",\"target\":[\"https:\/\/pureprogress-logistics.com\/cs\/karierni-stranka\/kariera-v-rakousku\/\"]}]},{\"@type\":\"BreadcrumbList\",\"@id\":\"https:\/\/pureprogress-logistics.com\/cs\/karierni-stranka\/kariera-v-rakousku\/#breadcrumb\",\"itemListElement\":[{\"@type\":\"ListItem\",\"position\":1,\"name\":\"Startseite\",\"item\":\"https:\/\/pureprogress-logistics.com\/\"},{\"@type\":\"ListItem\",\"position\":2,\"name\":\"Kari\u00e9rn\u00ed Str\u00e1nka\",\"item\":\"https:\/\/pureprogress-logistics.com\/cs\/karierni-stranka\/\"},{\"@type\":\"ListItem\",\"position\":3,\"name\":\"Str\u00e1nka kari\u00e9ry Rakousko\"}]},{\"@type\":\"WebSite\",\"@id\":\"https:\/\/pureprogress-logistics.com\/#website\",\"url\":\"https:\/\/pureprogress-logistics.com\/\",\"name\":\"Ausfuhrbegleitdokument.com - MRN \/ ABD Erstellung\",\"description\":\"\",\"publisher\":{\"@id\":\"https:\/\/pureprogress-logistics.com\/#organization\"},\"potentialAction\":[{\"@type\":\"SearchAction\",\"target\":{\"@type\":\"EntryPoint\",\"urlTemplate\":\"https:\/\/pureprogress-logistics.com\/?s={search_term_string}\"},\"query-input\":{\"@type\":\"PropertyValueSpecification\",\"valueRequired\":true,\"valueName\":\"search_term_string\"}}],\"inLanguage\":\"cs\"},{\"@type\":\"Organization\",\"@id\":\"https:\/\/pureprogress-logistics.com\/#organization\",\"name\":\"PUREPROGRESS GmbH\",\"url\":\"https:\/\/pureprogress-logistics.com\/\",\"logo\":{\"@type\":\"ImageObject\",\"inLanguage\":\"cs\",\"@id\":\"https:\/\/pureprogress-logistics.com\/#\/schema\/logo\/image\/\",\"url\":\"https:\/\/ausfuhrbegleitdokument.com\/wp-content\/uploads\/2019\/10\/preloader-image.png\",\"contentUrl\":\"https:\/\/ausfuhrbegleitdokument.com\/wp-content\/uploads\/2019\/10\/preloader-image.png\",\"width\":224,\"height\":31,\"caption\":\"PUREPROGRESS GmbH\"},\"image\":{\"@id\":\"https:\/\/pureprogress-logistics.com\/#\/schema\/logo\/image\/\"}}]}<\/script>\n<!-- \/ Yoast SEO plugin. -->","yoast_head_json":{"title":"Str\u00e1nka kari\u00e9ry Rakousko - PUREPROGRESS GmbH","description":"P\u0159ipojte se k PUREPROGRESS v Rakousku a utv\u00e1\u0159ejte budoucnost logistiky. Prozkoumejte kari\u00e9ru v oblasti dopravy, celn\u00edho odbaven\u00ed a dal\u0161\u00edch obor\u016f je\u0161t\u011b dnes!","robots":{"index":"index","follow":"follow","max-snippet":"max-snippet:-1","max-image-preview":"max-image-preview:large","max-video-preview":"max-video-preview:-1"},"canonical":"https:\/\/pureprogress-logistics.com\/cs\/karierni-stranka\/kariera-v-rakousku\/","og_locale":"cs_CZ","og_type":"article","og_title":"Str\u00e1nka kari\u00e9ry Rakousko - PUREPROGRESS GmbH","og_description":"P\u0159ipojte se k PUREPROGRESS v Rakousku a utv\u00e1\u0159ejte budoucnost logistiky. Prozkoumejte kari\u00e9ru v oblasti dopravy, celn\u00edho odbaven\u00ed a dal\u0161\u00edch obor\u016f je\u0161t\u011b dnes!","og_url":"https:\/\/pureprogress-logistics.com\/cs\/karierni-stranka\/kariera-v-rakousku\/","og_site_name":"Spedi\u010dn\u00ed a celn\u00ed agentura | PUREPROGRESS","article_modified_time":"2026-04-22T08:40:41+00:00","twitter_card":"summary_large_image","schema":{"@context":"https:\/\/schema.org","@graph":[{"@type":"WebPage","@id":"https:\/\/pureprogress-logistics.com\/cs\/karierni-stranka\/kariera-v-rakousku\/","url":"https:\/\/pureprogress-logistics.com\/cs\/karierni-stranka\/kariera-v-rakousku\/","name":"Str\u00e1nka kari\u00e9ry Rakousko - PUREPROGRESS GmbH","isPartOf":{"@id":"https:\/\/pureprogress-logistics.com\/#website"},"datePublished":"2025-02-11T08:20:44+00:00","dateModified":"2026-04-22T08:40:41+00:00","description":"P\u0159ipojte se k PUREPROGRESS v Rakousku a utv\u00e1\u0159ejte budoucnost logistiky. Prozkoumejte kari\u00e9ru v oblasti dopravy, celn\u00edho odbaven\u00ed a dal\u0161\u00edch obor\u016f je\u0161t\u011b dnes!","breadcrumb":{"@id":"https:\/\/pureprogress-logistics.com\/cs\/karierni-stranka\/kariera-v-rakousku\/#breadcrumb"},"inLanguage":"cs","potentialAction":[{"@type":"ReadAction","target":["https:\/\/pureprogress-logistics.com\/cs\/karierni-stranka\/kariera-v-rakousku\/"]}]},{"@type":"BreadcrumbList","@id":"https:\/\/pureprogress-logistics.com\/cs\/karierni-stranka\/kariera-v-rakousku\/#breadcrumb","itemListElement":[{"@type":"ListItem","position":1,"name":"Startseite","item":"https:\/\/pureprogress-logistics.com\/"},{"@type":"ListItem","position":2,"name":"Kari\u00e9rn\u00ed Str\u00e1nka","item":"https:\/\/pureprogress-logistics.com\/cs\/karierni-stranka\/"},{"@type":"ListItem","position":3,"name":"Str\u00e1nka kari\u00e9ry Rakousko"}]},{"@type":"WebSite","@id":"https:\/\/pureprogress-logistics.com\/#website","url":"https:\/\/pureprogress-logistics.com\/","name":"Ausfuhrbegleitdokument.com - MRN \/ ABD Erstellung","description":"","publisher":{"@id":"https:\/\/pureprogress-logistics.com\/#organization"},"potentialAction":[{"@type":"SearchAction","target":{"@type":"EntryPoint","urlTemplate":"https:\/\/pureprogress-logistics.com\/?s={search_term_string}"},"query-input":{"@type":"PropertyValueSpecification","valueRequired":true,"valueName":"search_term_string"}}],"inLanguage":"cs"},{"@type":"Organization","@id":"https:\/\/pureprogress-logistics.com\/#organization","name":"PUREPROGRESS GmbH","url":"https:\/\/pureprogress-logistics.com\/","logo":{"@type":"ImageObject","inLanguage":"cs","@id":"https:\/\/pureprogress-logistics.com\/#\/schema\/logo\/image\/","url":"https:\/\/ausfuhrbegleitdokument.com\/wp-content\/uploads\/2019\/10\/preloader-image.png","contentUrl":"https:\/\/ausfuhrbegleitdokument.com\/wp-content\/uploads\/2019\/10\/preloader-image.png","width":224,"height":31,"caption":"PUREPROGRESS GmbH"},"image":{"@id":"https:\/\/pureprogress-logistics.com\/#\/schema\/logo\/image\/"}}]}},"_links":{"self":[{"href":"https:\/\/pureprogress-logistics.com\/cs\/wp-json\/wp\/v2\/pages\/53561","targetHints":{"allow":["GET"]}}],"collection":[{"href":"https:\/\/pureprogress-logistics.com\/cs\/wp-json\/wp\/v2\/pages"}],"about":[{"href":"https:\/\/pureprogress-logistics.com\/cs\/wp-json\/wp\/v2\/types\/page"}],"author":[{"embeddable":true,"href":"https:\/\/pureprogress-logistics.com\/cs\/wp-json\/wp\/v2\/users\/3"}],"replies":[{"embeddable":true,"href":"https:\/\/pureprogress-logistics.com\/cs\/wp-json\/wp\/v2\/comments?post=53561"}],"version-history":[{"count":3,"href":"https:\/\/pureprogress-logistics.com\/cs\/wp-json\/wp\/v2\/pages\/53561\/revisions"}],"predecessor-version":[{"id":64094,"href":"https:\/\/pureprogress-logistics.com\/cs\/wp-json\/wp\/v2\/pages\/53561\/revisions\/64094"}],"up":[{"embeddable":true,"href":"https:\/\/pureprogress-logistics.com\/cs\/wp-json\/wp\/v2\/pages\/63915"}],"wp:attachment":[{"href":"https:\/\/pureprogress-logistics.com\/cs\/wp-json\/wp\/v2\/media?parent=53561"}],"curies":[{"name":"wp","href":"https:\/\/api.w.org\/{rel}","templated":true}]}}