{"id":53340,"date":"2024-10-30T11:03:01","date_gmt":"2024-10-30T10:03:01","guid":{"rendered":"https:\/\/pureprogress-logistics.com\/specialista-zakaznickeho-servisu-ceska-republika\/"},"modified":"2025-11-25T15:35:19","modified_gmt":"2025-11-25T14:35:19","slug":"specialista-zakaznickeho-servisu-ceska-republika","status":"publish","type":"page","link":"https:\/\/pureprogress-logistics.com\/cs\/stranka-kariery\/kariera-v-ceske-republice\/specialista-zakaznickeho-servisu-ceska-republika\/","title":{"rendered":"Specialista z\u00e1kaznick\u00e9 podpory \u010cesk\u00e1 republika"},"content":{"rendered":"\t\t<div data-elementor-type=\"wp-page\" data-elementor-id=\"53340\" class=\"elementor elementor-53340 elementor-40560\" data-elementor-post-type=\"page\">\n\t\t\t\t<div class=\"elementor-element elementor-element-076ecd8 e-flex e-con-boxed e-con e-parent\" data-id=\"076ecd8\" data-element_type=\"container\" data-e-type=\"container\" data-settings=\"{&quot;jet_parallax_layout_list&quot;:[]}\">\n\t\t\t\t\t<div class=\"e-con-inner\">\n\t\t<div class=\"elementor-element elementor-element-087524d e-con-full e-flex e-con e-child\" data-id=\"087524d\" data-element_type=\"container\" data-e-type=\"container\" data-settings=\"{&quot;jet_parallax_layout_list&quot;:[]}\">\n\t\t<div class=\"elementor-element elementor-element-d7ca4db e-con-full e-flex e-con e-child\" data-id=\"d7ca4db\" data-element_type=\"container\" data-e-type=\"container\" data-settings=\"{&quot;jet_parallax_layout_list&quot;:[]}\">\n\t\t\t\t<div class=\"elementor-element elementor-element-852cc6b elementor-widget elementor-widget-heading\" data-id=\"852cc6b\" data-element_type=\"widget\" data-e-type=\"widget\" data-widget_type=\"heading.default\">\n\t\t\t\t<div class=\"elementor-widget-container\">\n\t\t\t\t\t<h2 class=\"elementor-heading-title elementor-size-default\"><b>N\u011bmecky mluv\u00edc\u00ed specialista z\u00e1kaznick\u00e9 podpory<br>(\u010cesk\u00e1 republika)<\/b><\/h2>\t\t\t\t<\/div>\n\t\t\t\t<\/div>\n\t\t\t\t<div class=\"elementor-element elementor-element-69b48c7 elementor-widget-divider--separator-type-pattern elementor-widget-divider--view-line elementor-widget elementor-widget-divider\" data-id=\"69b48c7\" data-element_type=\"widget\" data-e-type=\"widget\" data-widget_type=\"divider.default\">\n\t\t\t\t<div class=\"elementor-widget-container\">\n\t\t\t\t\t\t\t<div class=\"elementor-divider\" style=\"--divider-pattern-url: url(&quot;data:image\/svg+xml,%3Csvg xmlns=&#039;http:\/\/www.w3.org\/2000\/svg&#039; preserveAspectRatio=&#039;none&#039; overflow=&#039;visible&#039; height=&#039;100%&#039; viewBox=&#039;0 0 24 24&#039; fill=&#039;black&#039; stroke=&#039;none&#039;%3E%3Cpolygon points=&#039;9.4,2 24,2 14.6,21.6 0,21.6&#039;\/%3E%3C\/svg%3E&quot;);\">\n\t\t\t<span class=\"elementor-divider-separator\">\n\t\t\t\t\t\t<\/span>\n\t\t<\/div>\n\t\t\t\t\t\t<\/div>\n\t\t\t\t<\/div>\n\t\t\t\t<div class=\"elementor-element elementor-element-d59aa67 elementor-widget__width-initial elementor-widget elementor-widget-text-editor\" data-id=\"d59aa67\" data-element_type=\"widget\" data-e-type=\"widget\" data-widget_type=\"text-editor.default\">\n\t\t\t\t<div class=\"elementor-widget-container\">\n\t\t\t\t\t\t\t\t\t<p>O n\u00e1s: PUREPROGRESS je mlad\u00e1 a mezin\u00e1rodn\u00ed logistick\u00e1 spole\u010dnost a celn\u00ed zprost\u0159edkovatel se s\u00eddlem ve \u0160v\u00fdcarsku. Jsme hrd\u00ed na n\u00e1\u0161 inovativn\u00ed p\u0159\u00edstup k logistice a nab\u00edz\u00edme komplexn\u00ed \u0159e\u0161en\u00ed, kter\u00e1 spl\u0148uj\u00ed rozmanit\u00e9 pot\u0159eby na\u0161ich klient\u016f po cel\u00e9m sv\u011bt\u011b. <\/p><p>V sou\u010dasnosti hled\u00e1me motivovan\u00e9ho a detailn\u011b orientovan\u00e9ho jednotlivce, kter\u00fd se p\u0159ipoj\u00ed k na\u0161emu t\u00fdmu jako specialista z\u00e1kaznick\u00e9 podpory.<\/p>\t\t\t\t\t\t\t\t<\/div>\n\t\t\t\t<\/div>\n\t\t\t\t<\/div>\n\t\t\t\t<\/div>\n\t\t<div class=\"elementor-element elementor-element-742d1d9 e-con-full e-flex e-con e-child\" data-id=\"742d1d9\" data-element_type=\"container\" data-e-type=\"container\" data-settings=\"{&quot;jet_parallax_layout_list&quot;:[]}\">\n\t\t\t\t<div class=\"elementor-element elementor-element-dde832f elementor-align-center elementor-widget elementor-widget-button\" data-id=\"dde832f\" data-element_type=\"widget\" data-e-type=\"widget\" data-widget_type=\"button.default\">\n\t\t\t\t<div class=\"elementor-widget-container\">\n\t\t\t\t\t\t\t\t\t<div class=\"elementor-button-wrapper\">\n\t\t\t\t\t<a class=\"elementor-button elementor-button-link elementor-size-sm elementor-animation-grow\" href=\"mailto:info@pureprogress.ch%20%20\">\n\t\t\t\t\t\t<span class=\"elementor-button-content-wrapper\">\n\t\t\t\t\t\t\t\t\t<span class=\"elementor-button-text\">Po\u017e\u00e1dat nyn\u00ed<\/span>\n\t\t\t\t\t<\/span>\n\t\t\t\t\t<\/a>\n\t\t\t\t<\/div>\n\t\t\t\t\t\t\t\t<\/div>\n\t\t\t\t<\/div>\n\t\t\t\t<\/div>\n\t\t\t\t\t<\/div>\n\t\t\t\t<\/div>\n\t\t<div class=\"elementor-element elementor-element-c16a110 e-con-full e-flex e-con e-child\" data-id=\"c16a110\" data-element_type=\"container\" data-e-type=\"container\" data-settings=\"{&quot;jet_parallax_layout_list&quot;:[]}\">\n\t\t\t\t<div class=\"elementor-element elementor-element-8576200 elementor-widget elementor-widget-text-editor\" data-id=\"8576200\" data-element_type=\"widget\" data-e-type=\"widget\" data-widget_type=\"text-editor.default\">\n\t\t\t\t<div class=\"elementor-widget-container\">\n\t\t\t\t\t\t\t\t\t<p><strong>N\u011bmecky mluv\u00edc\u00ed specialista z\u00e1kaznick\u00e9 podpory<\/strong><\/p>\t\t\t\t\t\t\t\t<\/div>\n\t\t\t\t<\/div>\n\t\t\t\t<div class=\"elementor-element elementor-element-d9018f3 elementor-widget-divider--view-line elementor-widget elementor-widget-divider\" data-id=\"d9018f3\" data-element_type=\"widget\" data-e-type=\"widget\" data-widget_type=\"divider.default\">\n\t\t\t\t<div class=\"elementor-widget-container\">\n\t\t\t\t\t\t\t<div class=\"elementor-divider\">\n\t\t\t<span class=\"elementor-divider-separator\">\n\t\t\t\t\t\t<\/span>\n\t\t<\/div>\n\t\t\t\t\t\t<\/div>\n\t\t\t\t<\/div>\n\t\t\t\t<div class=\"elementor-element elementor-element-1947f08 elementor-icon-list--layout-inline elementor-list-item-link-full_width elementor-widget elementor-widget-icon-list\" data-id=\"1947f08\" data-element_type=\"widget\" data-e-type=\"widget\" data-widget_type=\"icon-list.default\">\n\t\t\t\t<div class=\"elementor-widget-container\">\n\t\t\t\t\t\t\t<ul class=\"elementor-icon-list-items elementor-inline-items\">\n\t\t\t\t\t\t\t<li class=\"elementor-icon-list-item elementor-inline-item\">\n\t\t\t\t\t\t\t\t\t\t\t<span class=\"elementor-icon-list-icon\">\n\t\t\t\t\t\t\t<i aria-hidden=\"true\" class=\"fas fa-map-marker-alt\"><\/i>\t\t\t\t\t\t<\/span>\n\t\t\t\t\t\t\t\t\t\t<span class=\"elementor-icon-list-text\">Praha, \u010cesk\u00e1 republika<\/span>\n\t\t\t\t\t\t\t\t\t<\/li>\n\t\t\t\t\t\t\t\t<li class=\"elementor-icon-list-item elementor-inline-item\">\n\t\t\t\t\t\t\t\t\t\t\t<span class=\"elementor-icon-list-icon\">\n\t\t\t\t\t\t\t<i aria-hidden=\"true\" class=\"fas fa-building\"><\/i>\t\t\t\t\t\t<\/span>\n\t\t\t\t\t\t\t\t\t\t<span class=\"elementor-icon-list-text\">Pr\u00e1ce z kancel\u00e1\u0159e<\/span>\n\t\t\t\t\t\t\t\t\t<\/li>\n\t\t\t\t\t\t\t\t<li class=\"elementor-icon-list-item elementor-inline-item\">\n\t\t\t\t\t\t\t\t\t\t\t<span class=\"elementor-icon-list-icon\">\n\t\t\t\t\t\t\t<i aria-hidden=\"true\" class=\"fas fa-briefcase\"><\/i>\t\t\t\t\t\t<\/span>\n\t\t\t\t\t\t\t\t\t\t<span class=\"elementor-icon-list-text\">Pln\u00fd \u00favazek<\/span>\n\t\t\t\t\t\t\t\t\t<\/li>\n\t\t\t\t\t\t<\/ul>\n\t\t\t\t\t\t<\/div>\n\t\t\t\t<\/div>\n\t\t\t\t<div class=\"elementor-element elementor-element-7434a96 elementor-widget elementor-widget-text-editor\" data-id=\"7434a96\" data-element_type=\"widget\" data-e-type=\"widget\" data-widget_type=\"text-editor.default\">\n\t\t\t\t<div class=\"elementor-widget-container\">\n\t\t\t\t\t\t\t\t\t<p>Odpov\u011bdnosti :<\/p><ul><li>P\u0159ij\u00edm\u00e1n\u00ed p\u0159\u00edchoz\u00edch hovor\u016f a konzultace s klienty.<\/li><li>Telefonick\u00e9 a e-mailov\u00e9 vy\u017e\u00e1d\u00e1n\u00ed informac\u00ed a dokument\u016f od klient\u016f.<\/li><li>Zad\u00e1v\u00e1n\u00ed objedn\u00e1vek do na\u0161ich softwarov\u00fdch program\u016f pro obsluhu z\u00e1kazn\u00edk\u016f.<\/li><li>Vystavov\u00e1n\u00ed cenov\u00fdch nab\u00eddek pro na\u0161e klienty.<\/li><li>Psan\u00ed a odpov\u00edd\u00e1n\u00ed na e-maily od klient\u016f.<\/li><li>Zaji\u0161t\u011bn\u00ed \u00faplnosti a p\u0159esnosti dokument\u016f p\u0159ijat\u00fdch od klient\u016f.<\/li><\/ul><div> <\/div><p>Minim\u00e1ln\u00ed kvalifikace :<\/p><ul><li>Bakal\u00e1\u0159sk\u00fd titul (p\u0159\u00edbuzn\u00fd obor).<\/li><li>P\u0159edchoz\u00ed zku\u0161enosti jako pracovn\u00edk z\u00e1kaznick\u00e9ho servisu, pracovn\u00edk v oblasti spedi\u010dn\u00edch a logistick\u00fdch slu\u017eeb nebo v oblasti celn\u00edho zprost\u0159edkov\u00e1n\u00ed.<\/li><li>Plynul\u00e1 angli\u010dtina.<\/li><li>Plynul\u00e1 n\u011bm\u010dina.<\/li><li>Minim\u00e1ln\u011b 1 rok v z\u00e1kaznick\u00e9m servisu.<\/li><li>Minim\u00e1ln\u011b 1 rok v logistice.<\/li><\/ul><div> <\/div><p>Aplika\u010dn\u00ed ot\u00e1zka (ot\u00e1zky):<\/p><ul><li>Jak\u00fd je v\u00e1\u0161 o\u010dek\u00e1van\u00fd hrub\u00fd m\u011bs\u00ed\u010dn\u00ed plat za tuto pr\u00e1ci?<\/li><\/ul><p>Pracovn\u00ed doba :<\/p><ul><li>40 hodin t\u00fddn\u011b<\/li><li>Pond\u011bl\u00ed &#8211; p\u00e1tek  <\/li><\/ul>\t\t\t\t\t\t\t\t<\/div>\n\t\t\t\t<\/div>\n\t\t\t\t<div class=\"elementor-element elementor-element-3c08aca elementor-widget elementor-widget-spacer\" data-id=\"3c08aca\" data-element_type=\"widget\" data-e-type=\"widget\" data-widget_type=\"spacer.default\">\n\t\t\t\t<div class=\"elementor-widget-container\">\n\t\t\t\t\t\t\t<div class=\"elementor-spacer\">\n\t\t\t<div class=\"elementor-spacer-inner\"><\/div>\n\t\t<\/div>\n\t\t\t\t\t\t<\/div>\n\t\t\t\t<\/div>\n\t\t\t\t<div class=\"elementor-element elementor-element-9eff4b9 elementor-shape-rounded elementor-grid-0 e-grid-align-center elementor-widget elementor-widget-social-icons\" data-id=\"9eff4b9\" data-element_type=\"widget\" data-e-type=\"widget\" data-widget_type=\"social-icons.default\">\n\t\t\t\t<div class=\"elementor-widget-container\">\n\t\t\t\t\t\t\t<div class=\"elementor-social-icons-wrapper elementor-grid\" role=\"list\">\n\t\t\t\t\t\t\t<span class=\"elementor-grid-item\" role=\"listitem\">\n\t\t\t\t\t<a class=\"elementor-icon elementor-social-icon elementor-social-icon-linkedin elementor-repeater-item-66561b1\" href=\"https:\/\/www.linkedin.com\/company\/pureprogress-gmbh\/\" target=\"_blank\">\n\t\t\t\t\t\t<span class=\"elementor-screen-only\">Linkedin<\/span>\n\t\t\t\t\t\t<i aria-hidden=\"true\" class=\"fab fa-linkedin\"><\/i>\t\t\t\t\t<\/a>\n\t\t\t\t<\/span>\n\t\t\t\t\t\t\t<span class=\"elementor-grid-item\" role=\"listitem\">\n\t\t\t\t\t<a class=\"elementor-icon elementor-social-icon elementor-social-icon-envelope elementor-repeater-item-74d563c\" href=\"mailto:info@pureprogress.ch%20%20\" target=\"_blank\">\n\t\t\t\t\t\t<span class=\"elementor-screen-only\">Envelope<\/span>\n\t\t\t\t\t\t<i aria-hidden=\"true\" class=\"fas fa-envelope\"><\/i>\t\t\t\t\t<\/a>\n\t\t\t\t<\/span>\n\t\t\t\t\t<\/div>\n\t\t\t\t\t\t<\/div>\n\t\t\t\t<\/div>\n\t\t\t\t<\/div>\n\t\t<div class=\"elementor-element elementor-element-18af463 e-flex e-con-boxed e-con e-parent\" data-id=\"18af463\" data-element_type=\"container\" data-e-type=\"container\" data-settings=\"{&quot;jet_parallax_layout_list&quot;:[]}\">\n\t\t\t\t\t<div class=\"e-con-inner\">\n\t\t<div class=\"elementor-element elementor-element-4b77790 e-con-full e-flex e-con e-child\" data-id=\"4b77790\" data-element_type=\"container\" data-e-type=\"container\" data-settings=\"{&quot;jet_parallax_layout_list&quot;:[]}\">\n\t\t\t\t<div class=\"elementor-element elementor-element-7957894 elementor-widget elementor-widget-spacer\" data-id=\"7957894\" data-element_type=\"widget\" data-e-type=\"widget\" data-widget_type=\"spacer.default\">\n\t\t\t\t<div class=\"elementor-widget-container\">\n\t\t\t\t\t\t\t<div class=\"elementor-spacer\">\n\t\t\t<div class=\"elementor-spacer-inner\"><\/div>\n\t\t<\/div>\n\t\t\t\t\t\t<\/div>\n\t\t\t\t<\/div>\n\t\t\t\t<\/div>\n\t\t\t\t\t<\/div>\n\t\t\t\t<\/div>\n\t\t\t\t<\/div>\n\t\t","protected":false},"excerpt":{"rendered":"<p>N\u011bmecky mluv\u00edc\u00ed specialista z\u00e1kaznick\u00e9 podpory(\u010cesk\u00e1 republika) O n\u00e1s: PUREPROGRESS je mlad\u00e1 a mezin\u00e1rodn\u00ed logistick\u00e1 spole\u010dnost a celn\u00ed zprost\u0159edkovatel se s\u00eddlem ve \u0160v\u00fdcarsku. Jsme hrd\u00ed na n\u00e1\u0161 inovativn\u00ed p\u0159\u00edstup k logistice a nab\u00edz\u00edme komplexn\u00ed \u0159e\u0161en\u00ed, kter\u00e1 spl\u0148uj\u00ed rozmanit\u00e9 pot\u0159eby na\u0161ich klient\u016f po cel\u00e9m sv\u011bt\u011b. V sou\u010dasnosti hled\u00e1me motivovan\u00e9ho a detailn\u011b orientovan\u00e9ho jednotlivce, kter\u00fd se p\u0159ipoj\u00ed k [&hellip;]<\/p>\n","protected":false},"author":3,"featured_media":0,"parent":53441,"menu_order":0,"comment_status":"closed","ping_status":"closed","template":"","meta":{"_monsterinsights_skip_tracking":false,"_monsterinsights_sitenote_active":false,"_monsterinsights_sitenote_note":"","_monsterinsights_sitenote_category":0,"footnotes":""},"class_list":["post-53340","page","type-page","status-publish","hentry"],"yoast_head":"<!-- This site is optimized with the Yoast SEO plugin v27.2 - https:\/\/yoast.com\/product\/yoast-seo-wordpress\/ -->\n<title>Specialista z\u00e1kaznick\u00e9ho servisu - PUREPROGRESS \u010cesk\u00e1 republika<\/title>\n<meta name=\"description\" content=\"P\u0159ihlaste se na pozici Specialista z\u00e1kaznick\u00e9ho servisu ve spole\u010dnosti PUREPROGRESS \u010cesk\u00e1 republika! Rozv\u00edjejte svou kari\u00e9ru v oblasti logistiky a celn\u00edho odbaven\u00ed!\" \/>\n<meta name=\"robots\" content=\"index, follow, max-snippet:-1, max-image-preview:large, max-video-preview:-1\" \/>\n<link rel=\"canonical\" href=\"https:\/\/pureprogress-logistics.com\/cs\/stranka-kariery\/kariera-v-ceske-republice\/specialista-zakaznickeho-servisu-ceska-republika\/\" \/>\n<meta property=\"og:locale\" content=\"cs_CZ\" \/>\n<meta property=\"og:type\" content=\"article\" \/>\n<meta property=\"og:title\" content=\"Specialista z\u00e1kaznick\u00e9ho servisu - PUREPROGRESS \u010cesk\u00e1 republika\" \/>\n<meta property=\"og:description\" content=\"P\u0159ihlaste se na pozici Specialista z\u00e1kaznick\u00e9ho servisu ve spole\u010dnosti PUREPROGRESS \u010cesk\u00e1 republika! Rozv\u00edjejte svou kari\u00e9ru v oblasti logistiky a celn\u00edho odbaven\u00ed!\" \/>\n<meta property=\"og:url\" content=\"https:\/\/pureprogress-logistics.com\/cs\/stranka-kariery\/kariera-v-ceske-republice\/specialista-zakaznickeho-servisu-ceska-republika\/\" \/>\n<meta property=\"og:site_name\" content=\"Spedi\u010dn\u00ed a celn\u00ed agentura | PUREPROGRESS\" \/>\n<meta property=\"article:modified_time\" content=\"2025-11-25T14:35:19+00:00\" \/>\n<meta name=\"twitter:card\" content=\"summary_large_image\" \/>\n<meta name=\"twitter:label1\" content=\"Odhadovan\u00e1 doba \u010dten\u00ed\" \/>\n\t<meta name=\"twitter:data1\" content=\"1 minuta\" \/>\n<script type=\"application\/ld+json\" class=\"yoast-schema-graph\">{\"@context\":\"https:\/\/schema.org\",\"@graph\":[{\"@type\":\"WebPage\",\"@id\":\"https:\/\/pureprogress-logistics.com\/cs\/stranka-kariery\/kariera-v-ceske-republice\/specialista-zakaznickeho-servisu-ceska-republika\/\",\"url\":\"https:\/\/pureprogress-logistics.com\/cs\/stranka-kariery\/kariera-v-ceske-republice\/specialista-zakaznickeho-servisu-ceska-republika\/\",\"name\":\"Specialista z\u00e1kaznick\u00e9ho servisu - PUREPROGRESS \u010cesk\u00e1 republika\",\"isPartOf\":{\"@id\":\"https:\/\/pureprogress-logistics.com\/#website\"},\"datePublished\":\"2024-10-30T10:03:01+00:00\",\"dateModified\":\"2025-11-25T14:35:19+00:00\",\"description\":\"P\u0159ihlaste se na pozici Specialista z\u00e1kaznick\u00e9ho servisu ve spole\u010dnosti PUREPROGRESS \u010cesk\u00e1 republika! Rozv\u00edjejte svou kari\u00e9ru v oblasti logistiky a celn\u00edho odbaven\u00ed!\",\"breadcrumb\":{\"@id\":\"https:\/\/pureprogress-logistics.com\/cs\/stranka-kariery\/kariera-v-ceske-republice\/specialista-zakaznickeho-servisu-ceska-republika\/#breadcrumb\"},\"inLanguage\":\"cs\",\"potentialAction\":[{\"@type\":\"ReadAction\",\"target\":[\"https:\/\/pureprogress-logistics.com\/cs\/stranka-kariery\/kariera-v-ceske-republice\/specialista-zakaznickeho-servisu-ceska-republika\/\"]}]},{\"@type\":\"BreadcrumbList\",\"@id\":\"https:\/\/pureprogress-logistics.com\/cs\/stranka-kariery\/kariera-v-ceske-republice\/specialista-zakaznickeho-servisu-ceska-republika\/#breadcrumb\",\"itemListElement\":[{\"@type\":\"ListItem\",\"position\":1,\"name\":\"Startseite\",\"item\":\"https:\/\/pureprogress-logistics.com\/\"},{\"@type\":\"ListItem\",\"position\":2,\"name\":\"Str\u00e1nka kari\u00e9ry\",\"item\":\"https:\/\/pureprogress-logistics.com\/cs\/stranka-kariery\/\"},{\"@type\":\"ListItem\",\"position\":3,\"name\":\"Str\u00e1nka kari\u00e9ry \u010cesk\u00e1 republika\",\"item\":\"https:\/\/pureprogress-logistics.com\/cs\/stranka-kariery\/kariera-v-ceske-republice\/\"},{\"@type\":\"ListItem\",\"position\":4,\"name\":\"Specialista z\u00e1kaznick\u00e9 podpory \u010cesk\u00e1 republika\"}]},{\"@type\":\"WebSite\",\"@id\":\"https:\/\/pureprogress-logistics.com\/#website\",\"url\":\"https:\/\/pureprogress-logistics.com\/\",\"name\":\"Ausfuhrbegleitdokument.com - MRN \/ ABD Erstellung\",\"description\":\"\",\"publisher\":{\"@id\":\"https:\/\/pureprogress-logistics.com\/#organization\"},\"potentialAction\":[{\"@type\":\"SearchAction\",\"target\":{\"@type\":\"EntryPoint\",\"urlTemplate\":\"https:\/\/pureprogress-logistics.com\/?s={search_term_string}\"},\"query-input\":{\"@type\":\"PropertyValueSpecification\",\"valueRequired\":true,\"valueName\":\"search_term_string\"}}],\"inLanguage\":\"cs\"},{\"@type\":\"Organization\",\"@id\":\"https:\/\/pureprogress-logistics.com\/#organization\",\"name\":\"PUREPROGRESS GmbH\",\"url\":\"https:\/\/pureprogress-logistics.com\/\",\"logo\":{\"@type\":\"ImageObject\",\"inLanguage\":\"cs\",\"@id\":\"https:\/\/pureprogress-logistics.com\/#\/schema\/logo\/image\/\",\"url\":\"https:\/\/ausfuhrbegleitdokument.com\/wp-content\/uploads\/2019\/10\/preloader-image.png\",\"contentUrl\":\"https:\/\/ausfuhrbegleitdokument.com\/wp-content\/uploads\/2019\/10\/preloader-image.png\",\"width\":224,\"height\":31,\"caption\":\"PUREPROGRESS GmbH\"},\"image\":{\"@id\":\"https:\/\/pureprogress-logistics.com\/#\/schema\/logo\/image\/\"}}]}<\/script>\n<!-- \/ Yoast SEO plugin. -->","yoast_head_json":{"title":"Specialista z\u00e1kaznick\u00e9ho servisu - PUREPROGRESS \u010cesk\u00e1 republika","description":"P\u0159ihlaste se na pozici Specialista z\u00e1kaznick\u00e9ho servisu ve spole\u010dnosti PUREPROGRESS \u010cesk\u00e1 republika! Rozv\u00edjejte svou kari\u00e9ru v oblasti logistiky a celn\u00edho odbaven\u00ed!","robots":{"index":"index","follow":"follow","max-snippet":"max-snippet:-1","max-image-preview":"max-image-preview:large","max-video-preview":"max-video-preview:-1"},"canonical":"https:\/\/pureprogress-logistics.com\/cs\/stranka-kariery\/kariera-v-ceske-republice\/specialista-zakaznickeho-servisu-ceska-republika\/","og_locale":"cs_CZ","og_type":"article","og_title":"Specialista z\u00e1kaznick\u00e9ho servisu - PUREPROGRESS \u010cesk\u00e1 republika","og_description":"P\u0159ihlaste se na pozici Specialista z\u00e1kaznick\u00e9ho servisu ve spole\u010dnosti PUREPROGRESS \u010cesk\u00e1 republika! Rozv\u00edjejte svou kari\u00e9ru v oblasti logistiky a celn\u00edho odbaven\u00ed!","og_url":"https:\/\/pureprogress-logistics.com\/cs\/stranka-kariery\/kariera-v-ceske-republice\/specialista-zakaznickeho-servisu-ceska-republika\/","og_site_name":"Spedi\u010dn\u00ed a celn\u00ed agentura | PUREPROGRESS","article_modified_time":"2025-11-25T14:35:19+00:00","twitter_card":"summary_large_image","twitter_misc":{"Odhadovan\u00e1 doba \u010dten\u00ed":"1 minuta"},"schema":{"@context":"https:\/\/schema.org","@graph":[{"@type":"WebPage","@id":"https:\/\/pureprogress-logistics.com\/cs\/stranka-kariery\/kariera-v-ceske-republice\/specialista-zakaznickeho-servisu-ceska-republika\/","url":"https:\/\/pureprogress-logistics.com\/cs\/stranka-kariery\/kariera-v-ceske-republice\/specialista-zakaznickeho-servisu-ceska-republika\/","name":"Specialista z\u00e1kaznick\u00e9ho servisu - PUREPROGRESS \u010cesk\u00e1 republika","isPartOf":{"@id":"https:\/\/pureprogress-logistics.com\/#website"},"datePublished":"2024-10-30T10:03:01+00:00","dateModified":"2025-11-25T14:35:19+00:00","description":"P\u0159ihlaste se na pozici Specialista z\u00e1kaznick\u00e9ho servisu ve spole\u010dnosti PUREPROGRESS \u010cesk\u00e1 republika! Rozv\u00edjejte svou kari\u00e9ru v oblasti logistiky a celn\u00edho odbaven\u00ed!","breadcrumb":{"@id":"https:\/\/pureprogress-logistics.com\/cs\/stranka-kariery\/kariera-v-ceske-republice\/specialista-zakaznickeho-servisu-ceska-republika\/#breadcrumb"},"inLanguage":"cs","potentialAction":[{"@type":"ReadAction","target":["https:\/\/pureprogress-logistics.com\/cs\/stranka-kariery\/kariera-v-ceske-republice\/specialista-zakaznickeho-servisu-ceska-republika\/"]}]},{"@type":"BreadcrumbList","@id":"https:\/\/pureprogress-logistics.com\/cs\/stranka-kariery\/kariera-v-ceske-republice\/specialista-zakaznickeho-servisu-ceska-republika\/#breadcrumb","itemListElement":[{"@type":"ListItem","position":1,"name":"Startseite","item":"https:\/\/pureprogress-logistics.com\/"},{"@type":"ListItem","position":2,"name":"Str\u00e1nka kari\u00e9ry","item":"https:\/\/pureprogress-logistics.com\/cs\/stranka-kariery\/"},{"@type":"ListItem","position":3,"name":"Str\u00e1nka kari\u00e9ry \u010cesk\u00e1 republika","item":"https:\/\/pureprogress-logistics.com\/cs\/stranka-kariery\/kariera-v-ceske-republice\/"},{"@type":"ListItem","position":4,"name":"Specialista z\u00e1kaznick\u00e9 podpory \u010cesk\u00e1 republika"}]},{"@type":"WebSite","@id":"https:\/\/pureprogress-logistics.com\/#website","url":"https:\/\/pureprogress-logistics.com\/","name":"Ausfuhrbegleitdokument.com - MRN \/ ABD Erstellung","description":"","publisher":{"@id":"https:\/\/pureprogress-logistics.com\/#organization"},"potentialAction":[{"@type":"SearchAction","target":{"@type":"EntryPoint","urlTemplate":"https:\/\/pureprogress-logistics.com\/?s={search_term_string}"},"query-input":{"@type":"PropertyValueSpecification","valueRequired":true,"valueName":"search_term_string"}}],"inLanguage":"cs"},{"@type":"Organization","@id":"https:\/\/pureprogress-logistics.com\/#organization","name":"PUREPROGRESS GmbH","url":"https:\/\/pureprogress-logistics.com\/","logo":{"@type":"ImageObject","inLanguage":"cs","@id":"https:\/\/pureprogress-logistics.com\/#\/schema\/logo\/image\/","url":"https:\/\/ausfuhrbegleitdokument.com\/wp-content\/uploads\/2019\/10\/preloader-image.png","contentUrl":"https:\/\/ausfuhrbegleitdokument.com\/wp-content\/uploads\/2019\/10\/preloader-image.png","width":224,"height":31,"caption":"PUREPROGRESS GmbH"},"image":{"@id":"https:\/\/pureprogress-logistics.com\/#\/schema\/logo\/image\/"}}]}},"_links":{"self":[{"href":"https:\/\/pureprogress-logistics.com\/cs\/wp-json\/wp\/v2\/pages\/53340","targetHints":{"allow":["GET"]}}],"collection":[{"href":"https:\/\/pureprogress-logistics.com\/cs\/wp-json\/wp\/v2\/pages"}],"about":[{"href":"https:\/\/pureprogress-logistics.com\/cs\/wp-json\/wp\/v2\/types\/page"}],"author":[{"embeddable":true,"href":"https:\/\/pureprogress-logistics.com\/cs\/wp-json\/wp\/v2\/users\/3"}],"replies":[{"embeddable":true,"href":"https:\/\/pureprogress-logistics.com\/cs\/wp-json\/wp\/v2\/comments?post=53340"}],"version-history":[{"count":4,"href":"https:\/\/pureprogress-logistics.com\/cs\/wp-json\/wp\/v2\/pages\/53340\/revisions"}],"predecessor-version":[{"id":64461,"href":"https:\/\/pureprogress-logistics.com\/cs\/wp-json\/wp\/v2\/pages\/53340\/revisions\/64461"}],"up":[{"embeddable":true,"href":"https:\/\/pureprogress-logistics.com\/cs\/wp-json\/wp\/v2\/pages\/53441"}],"wp:attachment":[{"href":"https:\/\/pureprogress-logistics.com\/cs\/wp-json\/wp\/v2\/media?parent=53340"}],"curies":[{"name":"wp","href":"https:\/\/api.w.org\/{rel}","templated":true}]}}