{"id":31958,"date":"2021-03-07T23:28:53","date_gmt":"2021-03-07T23:28:53","guid":{"rendered":"https:\/\/pureprogress-logistics.com\/dovoz-zbozi-svycarsko-obchodni-a-soukrome\/"},"modified":"2024-06-06T06:07:58","modified_gmt":"2024-06-06T06:07:58","slug":"dovoz-zbozi-svycarsko-obchodni-a-soukrome","status":"publish","type":"page","link":"https:\/\/pureprogress-logistics.com\/cs\/dovoz-zbozi-svycarsko-obchodni-a-soukrome\/","title":{"rendered":"Dovoz zbo\u017e\u00ed \u0160v\u00fdcarsko obchodn\u00ed a soukrom\u00e9"},"content":{"rendered":"\t\t<div data-elementor-type=\"wp-page\" data-elementor-id=\"31958\" class=\"elementor elementor-31958 elementor-9596\" data-elementor-post-type=\"page\">\n\t\t\t\t\t\t<section class=\"elementor-section elementor-top-section elementor-element elementor-element-5abd5378 elementor-section-boxed elementor-section-height-default elementor-section-height-default\" data-id=\"5abd5378\" data-element_type=\"section\" data-e-type=\"section\" data-settings=\"{&quot;jet_parallax_layout_list&quot;:[{&quot;jet_parallax_layout_image&quot;:{&quot;url&quot;:&quot;&quot;,&quot;id&quot;:&quot;&quot;,&quot;size&quot;:&quot;&quot;},&quot;_id&quot;:&quot;d56588c&quot;,&quot;jet_parallax_layout_image_tablet&quot;:{&quot;url&quot;:&quot;&quot;,&quot;id&quot;:&quot;&quot;,&quot;size&quot;:&quot;&quot;},&quot;jet_parallax_layout_image_mobile&quot;:{&quot;url&quot;:&quot;&quot;,&quot;id&quot;:&quot;&quot;,&quot;size&quot;:&quot;&quot;},&quot;jet_parallax_layout_speed&quot;:{&quot;unit&quot;:&quot;%&quot;,&quot;size&quot;:50,&quot;sizes&quot;:[]},&quot;jet_parallax_layout_type&quot;:&quot;scroll&quot;,&quot;jet_parallax_layout_direction&quot;:&quot;1&quot;,&quot;jet_parallax_layout_fx_direction&quot;:null,&quot;jet_parallax_layout_z_index&quot;:&quot;&quot;,&quot;jet_parallax_layout_bg_x&quot;:50,&quot;jet_parallax_layout_bg_x_tablet&quot;:&quot;&quot;,&quot;jet_parallax_layout_bg_x_mobile&quot;:&quot;&quot;,&quot;jet_parallax_layout_bg_y&quot;:50,&quot;jet_parallax_layout_bg_y_tablet&quot;:&quot;&quot;,&quot;jet_parallax_layout_bg_y_mobile&quot;:&quot;&quot;,&quot;jet_parallax_layout_bg_size&quot;:&quot;auto&quot;,&quot;jet_parallax_layout_bg_size_tablet&quot;:&quot;&quot;,&quot;jet_parallax_layout_bg_size_mobile&quot;:&quot;&quot;,&quot;jet_parallax_layout_animation_prop&quot;:&quot;transform&quot;,&quot;jet_parallax_layout_on&quot;:[&quot;desktop&quot;,&quot;tablet&quot;]}]}\">\n\t\t\t\t\t\t<div class=\"elementor-container elementor-column-gap-default\">\n\t\t\t\t\t<div class=\"elementor-column elementor-col-100 elementor-top-column elementor-element elementor-element-1861f1ea\" data-id=\"1861f1ea\" data-element_type=\"column\" data-e-type=\"column\">\n\t\t\t<div class=\"elementor-widget-wrap elementor-element-populated\">\n\t\t\t\t\t\t<div class=\"elementor-element elementor-element-4375ea0a elementor-widget elementor-widget-text-editor\" data-id=\"4375ea0a\" data-element_type=\"widget\" data-e-type=\"widget\" data-widget_type=\"text-editor.default\">\n\t\t\t\t<div class=\"elementor-widget-container\">\n\t\t\t\t\t\t\t\t\t<p><\/p>\n<h1 class=\"wp-block-heading has-large-font-size\">Dovoz zbo\u017e\u00ed \u0160v\u00fdcarsko obchodn\u00ed a soukrom\u00e9<\/h1>\n<p><\/p>\n<p><\/p>\n<p><br><\/p>\n<p><\/p>\n<p><\/p>\n<h2 class=\"wp-block-heading\">ZAVV &#8211; Celn\u00ed prohl\u00e1\u0161en\u00ed pro do\u010dasn\u00e9 pou\u017eit\u00ed (\u0160v\u00fdcarsko)<\/h2>\n<p><\/p>\n<p><\/p>\n<p>Pokud chcete do \u0160v\u00fdcarska dov\u00e9zt zbo\u017e\u00ed pouze do\u010dasn\u011b, je t\u0159eba pou\u017e\u00edt re\u017eim ZAVV \u0160v\u00fdcarsko (celn\u00ed prohl\u00e1\u0161en\u00ed pro do\u010dasn\u00e9 pou\u017eit\u00ed). D\u0159\u00edve se tomu \u0159\u00edkalo &#8222;\u0161v\u00fdcarsk\u00fd postup voln\u00e9ho pr\u016fchodu&#8220;. Tento term\u00edn se n\u011bkdy pou\u017e\u00edv\u00e1 dodnes. V p\u0159\u00edpad\u011b pl\u00e1novan\u00e9ho do\u010dasn\u00e9ho dovozu zbo\u017e\u00ed je proto nutn\u00e9 vystavit &#8222;Free Pass Switzerland&#8220;. Sou\u010dasn\u011b v\u0161ak mus\u00ed b\u00fdt na n\u011bmeck\u00e9 stran\u011b vystaven odpov\u00eddaj\u00edc\u00ed celn\u00ed doklad, kter\u00fd deklaruje zbo\u017e\u00ed pro do\u010dasn\u00fd v\u00fdvoz z N\u011bmecka. N\u00ed\u017ee naleznete postup a n\u00e1klady na tento z\u00e1krok.<\/p>\n<p><\/p>\n<p><\/p>\n<p>I v p\u0159\u00edpad\u011b, \u017ee si je\u0161t\u011b nejste jisti, zda se zbo\u017e\u00ed bude prod\u00e1vat, a zbo\u017e\u00ed zpo\u010d\u00e1tku putuje do \u0160v\u00fdcarska pouze na v\u00fdstavu nebo podobn\u011b, m\u016f\u017eete si od n\u00e1s nechat vystavit bezplatnou propustku. Je v\u0161ak d\u016fle\u017eit\u00e9 si uv\u011bdomit, \u017ee zbo\u017e\u00ed nesm\u00ed b\u00fdt v \u017e\u00e1dn\u00e9m p\u0159\u00edpad\u011b ve \u0160v\u00fdcarsku upravov\u00e1no nebo opravov\u00e1no, jinak by musel b\u00fdt pou\u017eit jin\u00fd postup (aktivn\u00ed zu\u0161lech\u0165ovac\u00ed styk ve \u0160v\u00fdcarsku). V tomto ohledu v\u00e1m r\u00e1di porad\u00edme telefonicky nebo p\u00edsemn\u011b.<\/p>\n<p><\/p>\n<p><\/p>\n<p>Do\u010dasn\u00fd dovoz zbo\u017e\u00ed se b\u011b\u017en\u011b pou\u017e\u00edv\u00e1 k t\u011bmto \u00fa\u010del\u016fm<\/p>\n<p><\/p>\n<p><\/p>\n<ul><p><\/p>\n<li>Veletr\u017en\u00ed akce<\/li>\n<p><\/p>\n<p><\/p>\n<li>V\u00fdstavy \/ p\u0159edv\u00e1d\u011bc\u00ed akce s nejist\u00fdm prodejem<\/li>\n<p><\/p>\n<p><\/p>\n<li>Testy a zkou\u0161ky<\/li>\n<p><\/p>\n<p><\/p>\n<li>Profesion\u00e1ln\u00ed vybaven\u00ed<\/li>\n<p><\/p>\n<p><\/p>\n<li>V\u00fdcvik, vzd\u011bl\u00e1v\u00e1n\u00ed, pastva kon\u00ed<\/li>\n<p><\/p><\/ul>\n<p><\/p>\n<p><\/p>\n<h3 class=\"wp-block-heading\">Otev\u0159en\u00ed <\/h3>\n<p><\/p>\n<p><\/p>\n<p>Aby mohl b\u00fdt ZAVV vytvo\u0159en, je t\u0159eba nejprve zkontrolovat, zda jsou pro to spln\u011bny po\u017eadavky. Pokud je nap\u0159\u00edklad ji\u017e zn\u00e1mo, \u017ee zbo\u017e\u00ed m\u00e1 z\u016fstat ve \u0160v\u00fdcarsku trvale, nem\u00e1 ZAVV smysl, a nelze jej proto pou\u017e\u00edt. Krom\u011b toho mus\u00ed b\u00fdt k dispozici p\u0159esn\u00fd seznam zbo\u017e\u00ed, kter\u00e9 m\u00e1 b\u00fdt do\u010dasn\u011b dovezeno, v\u010detn\u011b n\u011bkter\u00fdch detail\u016f.<br>D\u016fle\u017eit\u00e9 jsou n\u00e1sleduj\u00edc\u00ed informace o zbo\u017e\u00ed:<\/p>\n<p><\/p>\n<p><\/p>\n<ul><p><\/p>\n<li>Popis zbo\u017e\u00ed, p\u0159\u00edpadn\u011b v\u010d. \u010c\u00edslo celn\u00edho sazebn\u00edku, je-li zn\u00e1mo<\/li>\n<p><\/p>\n<p><\/p>\n<li>Hodnota zbo\u017e\u00ed v\u010d. Specifikace m\u011bny<\/li>\n<p><\/p>\n<p><\/p>\n<li>Hmotnost zbo\u017e\u00ed v\u010d. a s v\u00fdjimkou. Balen\u00ed<\/li>\n<p><\/p>\n<p><\/p>\n<li>Zam\u00fd\u0161len\u00e9 pou\u017eit\u00ed zbo\u017e\u00ed<\/li>\n<p><\/p>\n<p><\/p>\n<li>Odes\u00edlatel v zahrani\u010d\u00ed<\/li>\n<p><\/p>\n<p><\/p>\n<li>P\u0159\u00edjemci ve \u0160v\u00fdcarsku<\/li>\n<p><\/p>\n<p><\/p>\n<li>Vlastn\u00edk zbo\u017e\u00ed<\/li>\n<p><\/p>\n<p><\/p>\n<li>Jedn\u00e1 se o pron\u00e1jem?<\/li>\n<p><\/p>\n<p><\/p>\n<li>Jak dlouho z\u016fstane zbo\u017e\u00ed ve \u0160v\u00fdcarsku?<\/li>\n<p><\/p>\n<p><\/p>\n<li>P\u0159es kterou hranici se zbo\u017e\u00ed dostane do \u0160v\u00fdcarska?<\/li>\n<p><\/p>\n<p><\/p>\n<li>Kterou hranici p\u0159ekra\u010duje zbo\u017e\u00ed, aby opustilo \u0160v\u00fdcarsko?<\/li>\n<p><\/p>\n<p><\/p>\n<li>Kdy zbo\u017e\u00ed doraz\u00ed do \u0160v\u00fdcarska (datum)?<\/li>\n<p><\/p>\n<p><\/p>\n<li>Jak je zaji\u0161t\u011bna toto\u017enost zbo\u017e\u00ed, tj. jak m\u016f\u017ee celn\u00ed \u00fa\u0159ad zjistit, zda je zbo\u017e\u00ed v po\u0159\u00e1dku?<br>zkontrolovat, zda p\u0159esn\u011b toto zbo\u017e\u00ed op\u011bt opou\u0161t\u00ed \u0160v\u00fdcarsko, nap\u0159. pomoc\u00ed s\u00e9riov\u00fdch \u010d\u00edsel nebo fotografi\u00ed v\u00fdrobk\u016f.<\/li>\n<p><\/p><\/ul>\n<p><\/p>\n<p><\/p>\n<p>V ide\u00e1ln\u00edm p\u0159\u00edpad\u011b si m\u016f\u017eete v\u0161echny tyto informace p\u0159ipravit\/sepsat do seznamu p\u0159edem, abychom pro v\u00e1s mohli celn\u00ed odbaven\u00ed p\u0159ipravit co nejrychleji a bez zdr\u017een\u00ed v d\u016fsledku dal\u0161\u00edch dotaz\u016f.<\/p>\n<p><\/p>\n<p><\/p>\n<p>Pro n\u011bmeckou \u010d\u00e1st, tj. pro <a href=\"https:\/\/pureprogress-logistics.com\/cs\/\">v\u00fdvozn\u00ed pr\u016fvodn\u00ed doklad<\/a>, pot\u0159ebujeme tak\u00e9 \u010d\u00edslo EORI n\u011bmeck\u00e9ho odes\u00edlatele a vypln\u011bn\u00e9 celn\u00ed povolen\u00ed. Formul\u00e1\u0159 pro povolen\u00ed k celn\u00edmu odbaven\u00ed v\u00e1m r\u00e1di za\u0161leme e-mailem na vy\u017e\u00e1d\u00e1n\u00ed. Nezapome\u0148te uv\u00e9st, \u017ee zbo\u017e\u00ed m\u00e1 b\u00fdt z EU vyvezeno pouze do\u010dasn\u011b.<\/p>\n<p><\/p>\n<p><\/p>\n<p>Vezm\u011bte pros\u00edm na v\u011bdom\u00ed, \u017ee \u0161v\u00fdcarsk\u00fd celn\u00ed \u00fa\u0159ad bude cht\u00edt vid\u011bt zbo\u017e\u00ed p\u0159i jeho deklarov\u00e1n\u00ed k dovozu a \u017ee budete muset \u0161v\u00fdcarsk\u00e9mu celn\u00edmu \u00fa\u0159adu zaplatit kauci v hotovosti nebo kartou za p\u0159\u00edpadn\u00e9 dovozn\u00ed clo. Po zp\u011btn\u00e9m v\u00fdvozu zbo\u017e\u00ed ze \u0160v\u00fdcarska v\u00e1m v\u0161ak budou pen\u00edze vr\u00e1ceny. V\u00fd\u0161e kauce odpov\u00edd\u00e1 <strong>DPH z do\u010dasn\u011b dovezen\u00e9ho zbo\u017e\u00ed<\/strong> + clo. Obecn\u011b \u010din\u00ed 7,7 % DPH z hodnoty zbo\u017e\u00ed, n\u00e1klad\u016f na dopravu a celn\u00ed odbaven\u00ed a cla. Clo z\u00e1vis\u00ed na druhu zbo\u017e\u00ed a jeho hmotnosti. T\u00e9m\u011b\u0159 pro ka\u017ed\u00fd druh zbo\u017e\u00ed existuj\u00ed r\u016fzn\u00e9 celn\u00ed sazby. R\u00e1di v\u00e1m vypo\u010d\u00edt\u00e1me p\u0159edpokl\u00e1danou \u010d\u00e1stku, kterou je t\u0159eba vlo\u017eit.<\/p>\n<p><\/p>\n<p><\/p>\n<h3 class=\"wp-block-heading\">Z\u00e1v\u011br<\/h3>\n<p><\/p>\n<p><\/p>\n<p>Zbo\u017e\u00ed mus\u00ed b\u00fdt ze \u0160v\u00fdcarska zp\u011btn\u011b vyvezeno, aby bylo \u0159\u00e1dn\u011b zpracov\u00e1no ZAVV a vr\u00e1cena kauce. Pro finalizaci mus\u00edme tak\u00e9 p\u0159ipravit n\u011bkter\u00e9 celn\u00ed dokumenty, aby bylo v\u0161e spr\u00e1vn\u011b deklarov\u00e1no. Pokud zbo\u017e\u00ed z\u016fstane ve \u0160v\u00fdcarsku, budeme ho muset procl\u00edt a z\u00e1loha bude zadr\u017eena za \u010d\u00e1st zbo\u017e\u00ed, kter\u00e1 z\u016fstane ve \u0160v\u00fdcarsku.<\/p>\n<p><\/p>\n<p><\/p>\n<p>D\u016fle\u017eit\u00e9: Vezm\u011bte pros\u00edm na v\u011bdom\u00ed, \u017ee n\u00e1klady na n\u00e1jemn\u00e9 za zap\u016fj\u010den\u00ed zbo\u017e\u00ed nebo podobn\u00e9 poplatky\/kompenzace mus\u00ed b\u00fdt zdan\u011bny 7,7% \u0161v\u00fdcarskou DPH. Krom\u011b toho mus\u00ed b\u00fdt n\u00e1jemn\u00ed transakce v\u017edy importov\u00e1ny postupem ZAVV. Do\u010dasn\u00fd dovoz prost\u0159ednictv\u00edm karnetu ATA nen\u00ed povolen.<\/p>\n<p><\/p>\n<p><\/p>\n<h3 class=\"wp-block-heading\">Prodlou\u017een\u00ed<\/h3>\n<p><\/p>\n<p><\/p>\n<p>Feder\u00e1ln\u00ed celn\u00ed spr\u00e1va FCA v z\u00e1sad\u011b omezuje \u0159\u00edzen\u00ed ZAVV na dva roky. Za ur\u010dit\u00fdch podm\u00ednek v\u0161ak m\u016f\u017ee b\u00fdt prodlou\u017eena t\u0159ikr\u00e1t, v\u017edy o jeden rok. Zbo\u017e\u00ed tedy m\u016f\u017eete ve \u0160v\u00fdcarsku pou\u017e\u00edvat bezceln\u011b po dobu celkem p\u011bti let, pokud jsou spln\u011bny v\u0161echny lh\u016fty a po\u017eadavky. Prodlou\u017een\u00ed bezplatn\u00e9ho pr\u016fkazu \/ ZAVV je zpoplatn\u011bno (obvykle 30 a\u017e 60 CHF).<\/p>\n<p><\/p>\n<p><\/p>\n<h3 class=\"wp-block-heading\">Praktick\u00e9 p\u0159\u00edklady ZAVV \u0160v\u00fdcarsko<\/h3>\n<p><\/p>\n<p><\/p>\n<p>Nyn\u00ed, kdy\u017e zn\u00e1te z\u00e1kladn\u00ed informace o implementaci ZAVV, bychom v\u00e1m r\u00e1di uk\u00e1zali n\u011bkolik praktick\u00fdch p\u0159\u00edklad\u016f od na\u0161ich z\u00e1kazn\u00edk\u016f. V n\u011bkter\u00fdch p\u0159\u00edpadech jsou s do\u010dasn\u00fdm dovozem spojeny zvl\u00e1\u0161tn\u00ed podm\u00ednky a pr\u00e1vn\u00ed po\u017eadavky.<\/p>\n<p><\/p>\n<p><\/p>\n<h4 class=\"wp-block-heading\">Vezm\u011bte si s sebou do \u0160v\u00fdcarska n\u00e1\u0159ad\u00ed<\/h4>\n<p><\/p>\n<p><\/p>\n<p>Pokud jste jako n\u011bmeck\u00e1 spole\u010dnost obdr\u017eeli od \u0161v\u00fdcarsk\u00e9ho z\u00e1kazn\u00edka objedn\u00e1vku na opravu\/mont\u00e1\u017e ve \u0160v\u00fdcarsku, mus\u00edte v\u011bnovat pozornost hned n\u011bkolika v\u011bcem. Nejprve je t\u0159eba po\u017e\u00e1dat o pracovn\u00ed povolen\u00ed (od ur\u010dit\u00e9 d\u00e9lky pobytu ve \u0160v\u00fdcarsku). Za druh\u00e9, v n\u011bkter\u00fdch p\u0159\u00edpadech se mus\u00edte registrovat k DPH ve \u0160v\u00fdcarsku, pokud v\u00e1\u0161 ro\u010dn\u00ed celosv\u011btov\u00fd obrat p\u0159es\u00e1hne 100 000 CHF. Za t\u00edmto \u00fa\u010delem doporu\u010dujeme, abyste se p\u0159edem informovali a v p\u0159\u00edpad\u011b pot\u0159eby spolupracovali s da\u0148ov\u00fdm spr\u00e1vcem, nap\u0159\u00edklad se <a href=\"http:\/\/www.k-partner.ch\/\">spole\u010dnost\u00ed Keel + Partner<\/a>.<\/p>\n<p><\/p>\n<p><\/p>\n<p>Krom\u011b toho pro v\u00e1s mus\u00edme jako celn\u00ed \u00fa\u0159ad vyplnit formul\u00e1\u0159 ZAVV pro profesion\u00e1ln\u00ed vybaven\u00ed a nov\u00e9 ru\u010dn\u00ed n\u00e1\u0159ad\u00ed. Na n\u011bmeck\u00e9 stran\u011b mus\u00ed b\u00fdt pro tento \u00fa\u010del vystaven v\u00fdvozn\u00ed pr\u016fvodn\u00ed doklad se zvl\u00e1\u0161tn\u00edm k\u00f3dov\u00e1n\u00edm, aby se zbo\u017e\u00ed mohlo pozd\u011bji vr\u00e1tit do N\u011bmecka bez cla a DPH.<\/p>\n<p><\/p>\n<p><\/p>\n<p>U n\u011bkter\u00fdch n\u00e1stroj\u016f (pou\u017eit\u00e9 ru\u010dn\u00ed n\u00e1\u0159ad\u00ed, obvykle do hodnoty zbo\u017e\u00ed 1000 EUR) nen\u00ed t\u0159eba \u017e\u00e1dat o ZAVV, nap\u0159. podle \u010dl. Istanbulsk\u00e1 dohoda. Vzhledem k tomu, \u017ee n\u011bmeck\u00e9 v\u00fdvozn\u00ed prohl\u00e1\u0161en\u00ed se zpravidla nevy\u017eaduje u zbo\u017e\u00ed v hodnot\u011b ni\u017e\u0161\u00ed ne\u017e 1 000 EUR, celn\u00ed \u00fa\u0159ady obvykle akceptuj\u00ed jednoduch\u00fd seznam n\u00e1stroj\u016f. To mus\u00ed b\u00fdt n\u00e1sledn\u011b oraz\u00edtkov\u00e1no celn\u00edm \u00fa\u0159adem p\u0159i v\u00fdvozu z N\u011bmecka, p\u0159i dovozu do \u0160v\u00fdcarska a p\u0159i zp\u011btn\u00e9m v\u00fdvozu a zp\u011btn\u00e9m dovozu.<\/p>\n<p><\/p>\n<p><\/p>\n<p>Pro kter\u00e9 zbo\u017e\u00ed je t\u0159eba pou\u017e\u00edt re\u017eim ZAVV, je t\u0159eba se \u0159\u00eddit <a href=\"https:\/\/www.ezv.admin.ch\/dam\/ezv\/de\/dokumente\/verfahren-betrieb\/Aufgabenvollzug\/Dokumentation\/R-10%20Zollverfahren\/r-10-60_voruebergehende_verwendung.pdf.download.pdf\/R-10-60.pdf\">ob\u011b\u017en\u00edkem R10-60<\/a> vydan\u00fdm celn\u00edm \u00fa\u0159adem. R\u00e1di v\u00e1m s t\u00edm pom\u016f\u017eeme.<\/p>\n<p><\/p>\n<p><\/p>\n<h4 class=\"wp-block-heading\"><\/h4>\n<p><\/p>\n<p><\/p>\n<h3 class=\"wp-block-heading\">V\u00fdvoz ZAVV \/ V\u00fdvozn\u00ed voln\u00fd pr\u016fkaz<\/h3>\n<p><\/p>\n<p><\/p>\n<p>V\u00fd\u0161e uveden\u00e9 informace a vysv\u011btlivky k ZAVV se t\u00fdkaj\u00ed situace, kdy do\u010dasn\u011b dov\u00e1\u017e\u00edte zbo\u017e\u00ed do \u0160v\u00fdcarska. Samoz\u0159ejm\u011b m\u016f\u017eete tak\u00e9 cht\u00edt do\u010dasn\u011b vyv\u00e1\u017eet zbo\u017e\u00ed ze \u0160v\u00fdcarska, nap\u0159. do N\u011bmecka. Pot\u00e9 mus\u00ed b\u00fdt vytvo\u0159en tak\u00e9 voln\u00fd pr\u016fkaz, ale v upraven\u00e9 podob\u011b. Nap\u0159\u00edklad u \u0161v\u00fdcarsk\u00e9 celn\u00ed spr\u00e1vy nen\u00ed vy\u017eadov\u00e1na \u017e\u00e1dn\u00e1 kauce. V tomto procesu v\u00e1m m\u016f\u017eeme tak\u00e9 pomoci a p\u0159ipravit v\u0161echny pot\u0159ebn\u00e9 celn\u00ed dokumenty.<\/p>\n<p><\/p>\t\t\t\t\t\t\t\t<\/div>\n\t\t\t\t<\/div>\n\t\t\t\t\t<\/div>\n\t\t<\/div>\n\t\t\t\t\t<\/div>\n\t\t<\/section>\n\t\t\t\t<\/div>\n\t\t","protected":false},"excerpt":{"rendered":"<p>Dovoz zbo\u017e\u00ed \u0160v\u00fdcarsko obchodn\u00ed a soukrom\u00e9 ZAVV &#8211; Celn\u00ed prohl\u00e1\u0161en\u00ed pro do\u010dasn\u00e9 pou\u017eit\u00ed (\u0160v\u00fdcarsko) Pokud chcete do \u0160v\u00fdcarska dov\u00e9zt zbo\u017e\u00ed pouze do\u010dasn\u011b, je t\u0159eba pou\u017e\u00edt re\u017eim ZAVV \u0160v\u00fdcarsko (celn\u00ed prohl\u00e1\u0161en\u00ed pro do\u010dasn\u00e9 pou\u017eit\u00ed). D\u0159\u00edve se tomu \u0159\u00edkalo &#8222;\u0161v\u00fdcarsk\u00fd postup voln\u00e9ho pr\u016fchodu&#8220;. Tento term\u00edn se n\u011bkdy pou\u017e\u00edv\u00e1 dodnes. V p\u0159\u00edpad\u011b pl\u00e1novan\u00e9ho do\u010dasn\u00e9ho dovozu zbo\u017e\u00ed je proto [&hellip;]<\/p>\n","protected":false},"author":1,"featured_media":0,"parent":0,"menu_order":0,"comment_status":"closed","ping_status":"closed","template":"","meta":{"_monsterinsights_skip_tracking":false,"_monsterinsights_sitenote_active":false,"_monsterinsights_sitenote_note":"","_monsterinsights_sitenote_category":0,"footnotes":""},"class_list":["post-31958","page","type-page","status-publish","hentry"],"yoast_head":"<!-- This site is optimized with the Yoast SEO plugin v27.2 - https:\/\/yoast.com\/product\/yoast-seo-wordpress\/ -->\n<title>Dovoz zbo\u017e\u00ed \u0160v\u00fdcarsko obchodn\u00ed a soukrom\u00e9 - Vysv\u011btlen\u00ed celn\u00edho \u0159\u00edzen\u00ed<\/title>\n<meta name=\"description\" content=\"Dovoz zbo\u017e\u00ed \u0160v\u00fdcarsko obchodn\u00ed \/ soukrom\u00e9 \/ ZAVV - Informace a vysv\u011btlen\u00ed. R\u00e1di pro v\u00e1s p\u0159iprav\u00edme celn\u00ed dokumenty.\" \/>\n<meta name=\"robots\" content=\"index, follow, max-snippet:-1, max-image-preview:large, max-video-preview:-1\" \/>\n<link rel=\"canonical\" href=\"https:\/\/pureprogress-logistics.com\/cs\/dovoz-zbozi-svycarsko-obchodni-a-soukrome\/\" \/>\n<meta property=\"og:locale\" content=\"cs_CZ\" \/>\n<meta property=\"og:type\" content=\"article\" \/>\n<meta property=\"og:title\" content=\"Dovoz zbo\u017e\u00ed \u0160v\u00fdcarsko obchodn\u00ed a soukrom\u00e9 - Vysv\u011btlen\u00ed celn\u00edho \u0159\u00edzen\u00ed\" \/>\n<meta property=\"og:description\" content=\"Dovoz zbo\u017e\u00ed \u0160v\u00fdcarsko obchodn\u00ed \/ soukrom\u00e9 \/ ZAVV - Informace a vysv\u011btlen\u00ed. R\u00e1di pro v\u00e1s p\u0159iprav\u00edme celn\u00ed dokumenty.\" \/>\n<meta property=\"og:url\" content=\"https:\/\/pureprogress-logistics.com\/cs\/dovoz-zbozi-svycarsko-obchodni-a-soukrome\/\" \/>\n<meta property=\"og:site_name\" content=\"Spedi\u010dn\u00ed a celn\u00ed agentura | PUREPROGRESS\" \/>\n<meta property=\"article:modified_time\" content=\"2024-06-06T06:07:58+00:00\" \/>\n<meta name=\"twitter:card\" content=\"summary_large_image\" \/>\n<meta name=\"twitter:label1\" content=\"Odhadovan\u00e1 doba \u010dten\u00ed\" \/>\n\t<meta name=\"twitter:data1\" content=\"7 minut\" \/>\n<script type=\"application\/ld+json\" class=\"yoast-schema-graph\">{\"@context\":\"https:\/\/schema.org\",\"@graph\":[{\"@type\":\"WebPage\",\"@id\":\"https:\/\/pureprogress-logistics.com\/cs\/dovoz-zbozi-svycarsko-obchodni-a-soukrome\/\",\"url\":\"https:\/\/pureprogress-logistics.com\/cs\/dovoz-zbozi-svycarsko-obchodni-a-soukrome\/\",\"name\":\"Dovoz zbo\u017e\u00ed \u0160v\u00fdcarsko obchodn\u00ed a soukrom\u00e9 - Vysv\u011btlen\u00ed celn\u00edho \u0159\u00edzen\u00ed\",\"isPartOf\":{\"@id\":\"https:\/\/pureprogress-logistics.com\/#website\"},\"datePublished\":\"2021-03-07T23:28:53+00:00\",\"dateModified\":\"2024-06-06T06:07:58+00:00\",\"description\":\"Dovoz zbo\u017e\u00ed \u0160v\u00fdcarsko obchodn\u00ed \/ soukrom\u00e9 \/ ZAVV - Informace a vysv\u011btlen\u00ed. R\u00e1di pro v\u00e1s p\u0159iprav\u00edme celn\u00ed dokumenty.\",\"breadcrumb\":{\"@id\":\"https:\/\/pureprogress-logistics.com\/cs\/dovoz-zbozi-svycarsko-obchodni-a-soukrome\/#breadcrumb\"},\"inLanguage\":\"cs\",\"potentialAction\":[{\"@type\":\"ReadAction\",\"target\":[\"https:\/\/pureprogress-logistics.com\/cs\/dovoz-zbozi-svycarsko-obchodni-a-soukrome\/\"]}]},{\"@type\":\"BreadcrumbList\",\"@id\":\"https:\/\/pureprogress-logistics.com\/cs\/dovoz-zbozi-svycarsko-obchodni-a-soukrome\/#breadcrumb\",\"itemListElement\":[{\"@type\":\"ListItem\",\"position\":1,\"name\":\"Startseite\",\"item\":\"https:\/\/pureprogress-logistics.com\/\"},{\"@type\":\"ListItem\",\"position\":2,\"name\":\"Dovoz zbo\u017e\u00ed \u0160v\u00fdcarsko obchodn\u00ed a soukrom\u00e9\"}]},{\"@type\":\"WebSite\",\"@id\":\"https:\/\/pureprogress-logistics.com\/#website\",\"url\":\"https:\/\/pureprogress-logistics.com\/\",\"name\":\"Ausfuhrbegleitdokument.com - MRN \/ ABD Erstellung\",\"description\":\"\",\"publisher\":{\"@id\":\"https:\/\/pureprogress-logistics.com\/#organization\"},\"potentialAction\":[{\"@type\":\"SearchAction\",\"target\":{\"@type\":\"EntryPoint\",\"urlTemplate\":\"https:\/\/pureprogress-logistics.com\/?s={search_term_string}\"},\"query-input\":{\"@type\":\"PropertyValueSpecification\",\"valueRequired\":true,\"valueName\":\"search_term_string\"}}],\"inLanguage\":\"cs\"},{\"@type\":\"Organization\",\"@id\":\"https:\/\/pureprogress-logistics.com\/#organization\",\"name\":\"PUREPROGRESS GmbH\",\"url\":\"https:\/\/pureprogress-logistics.com\/\",\"logo\":{\"@type\":\"ImageObject\",\"inLanguage\":\"cs\",\"@id\":\"https:\/\/pureprogress-logistics.com\/#\/schema\/logo\/image\/\",\"url\":\"https:\/\/ausfuhrbegleitdokument.com\/wp-content\/uploads\/2019\/10\/preloader-image.png\",\"contentUrl\":\"https:\/\/ausfuhrbegleitdokument.com\/wp-content\/uploads\/2019\/10\/preloader-image.png\",\"width\":224,\"height\":31,\"caption\":\"PUREPROGRESS GmbH\"},\"image\":{\"@id\":\"https:\/\/pureprogress-logistics.com\/#\/schema\/logo\/image\/\"}}]}<\/script>\n<!-- \/ Yoast SEO plugin. -->","yoast_head_json":{"title":"Dovoz zbo\u017e\u00ed \u0160v\u00fdcarsko obchodn\u00ed a soukrom\u00e9 - Vysv\u011btlen\u00ed celn\u00edho \u0159\u00edzen\u00ed","description":"Dovoz zbo\u017e\u00ed \u0160v\u00fdcarsko obchodn\u00ed \/ soukrom\u00e9 \/ ZAVV - Informace a vysv\u011btlen\u00ed. R\u00e1di pro v\u00e1s p\u0159iprav\u00edme celn\u00ed dokumenty.","robots":{"index":"index","follow":"follow","max-snippet":"max-snippet:-1","max-image-preview":"max-image-preview:large","max-video-preview":"max-video-preview:-1"},"canonical":"https:\/\/pureprogress-logistics.com\/cs\/dovoz-zbozi-svycarsko-obchodni-a-soukrome\/","og_locale":"cs_CZ","og_type":"article","og_title":"Dovoz zbo\u017e\u00ed \u0160v\u00fdcarsko obchodn\u00ed a soukrom\u00e9 - Vysv\u011btlen\u00ed celn\u00edho \u0159\u00edzen\u00ed","og_description":"Dovoz zbo\u017e\u00ed \u0160v\u00fdcarsko obchodn\u00ed \/ soukrom\u00e9 \/ ZAVV - Informace a vysv\u011btlen\u00ed. R\u00e1di pro v\u00e1s p\u0159iprav\u00edme celn\u00ed dokumenty.","og_url":"https:\/\/pureprogress-logistics.com\/cs\/dovoz-zbozi-svycarsko-obchodni-a-soukrome\/","og_site_name":"Spedi\u010dn\u00ed a celn\u00ed agentura | PUREPROGRESS","article_modified_time":"2024-06-06T06:07:58+00:00","twitter_card":"summary_large_image","twitter_misc":{"Odhadovan\u00e1 doba \u010dten\u00ed":"7 minut"},"schema":{"@context":"https:\/\/schema.org","@graph":[{"@type":"WebPage","@id":"https:\/\/pureprogress-logistics.com\/cs\/dovoz-zbozi-svycarsko-obchodni-a-soukrome\/","url":"https:\/\/pureprogress-logistics.com\/cs\/dovoz-zbozi-svycarsko-obchodni-a-soukrome\/","name":"Dovoz zbo\u017e\u00ed \u0160v\u00fdcarsko obchodn\u00ed a soukrom\u00e9 - Vysv\u011btlen\u00ed celn\u00edho \u0159\u00edzen\u00ed","isPartOf":{"@id":"https:\/\/pureprogress-logistics.com\/#website"},"datePublished":"2021-03-07T23:28:53+00:00","dateModified":"2024-06-06T06:07:58+00:00","description":"Dovoz zbo\u017e\u00ed \u0160v\u00fdcarsko obchodn\u00ed \/ soukrom\u00e9 \/ ZAVV - Informace a vysv\u011btlen\u00ed. R\u00e1di pro v\u00e1s p\u0159iprav\u00edme celn\u00ed dokumenty.","breadcrumb":{"@id":"https:\/\/pureprogress-logistics.com\/cs\/dovoz-zbozi-svycarsko-obchodni-a-soukrome\/#breadcrumb"},"inLanguage":"cs","potentialAction":[{"@type":"ReadAction","target":["https:\/\/pureprogress-logistics.com\/cs\/dovoz-zbozi-svycarsko-obchodni-a-soukrome\/"]}]},{"@type":"BreadcrumbList","@id":"https:\/\/pureprogress-logistics.com\/cs\/dovoz-zbozi-svycarsko-obchodni-a-soukrome\/#breadcrumb","itemListElement":[{"@type":"ListItem","position":1,"name":"Startseite","item":"https:\/\/pureprogress-logistics.com\/"},{"@type":"ListItem","position":2,"name":"Dovoz zbo\u017e\u00ed \u0160v\u00fdcarsko obchodn\u00ed a soukrom\u00e9"}]},{"@type":"WebSite","@id":"https:\/\/pureprogress-logistics.com\/#website","url":"https:\/\/pureprogress-logistics.com\/","name":"Ausfuhrbegleitdokument.com - MRN \/ ABD Erstellung","description":"","publisher":{"@id":"https:\/\/pureprogress-logistics.com\/#organization"},"potentialAction":[{"@type":"SearchAction","target":{"@type":"EntryPoint","urlTemplate":"https:\/\/pureprogress-logistics.com\/?s={search_term_string}"},"query-input":{"@type":"PropertyValueSpecification","valueRequired":true,"valueName":"search_term_string"}}],"inLanguage":"cs"},{"@type":"Organization","@id":"https:\/\/pureprogress-logistics.com\/#organization","name":"PUREPROGRESS GmbH","url":"https:\/\/pureprogress-logistics.com\/","logo":{"@type":"ImageObject","inLanguage":"cs","@id":"https:\/\/pureprogress-logistics.com\/#\/schema\/logo\/image\/","url":"https:\/\/ausfuhrbegleitdokument.com\/wp-content\/uploads\/2019\/10\/preloader-image.png","contentUrl":"https:\/\/ausfuhrbegleitdokument.com\/wp-content\/uploads\/2019\/10\/preloader-image.png","width":224,"height":31,"caption":"PUREPROGRESS GmbH"},"image":{"@id":"https:\/\/pureprogress-logistics.com\/#\/schema\/logo\/image\/"}}]}},"_links":{"self":[{"href":"https:\/\/pureprogress-logistics.com\/cs\/wp-json\/wp\/v2\/pages\/31958","targetHints":{"allow":["GET"]}}],"collection":[{"href":"https:\/\/pureprogress-logistics.com\/cs\/wp-json\/wp\/v2\/pages"}],"about":[{"href":"https:\/\/pureprogress-logistics.com\/cs\/wp-json\/wp\/v2\/types\/page"}],"author":[{"embeddable":true,"href":"https:\/\/pureprogress-logistics.com\/cs\/wp-json\/wp\/v2\/users\/1"}],"replies":[{"embeddable":true,"href":"https:\/\/pureprogress-logistics.com\/cs\/wp-json\/wp\/v2\/comments?post=31958"}],"version-history":[{"count":0,"href":"https:\/\/pureprogress-logistics.com\/cs\/wp-json\/wp\/v2\/pages\/31958\/revisions"}],"wp:attachment":[{"href":"https:\/\/pureprogress-logistics.com\/cs\/wp-json\/wp\/v2\/media?parent=31958"}],"curies":[{"name":"wp","href":"https:\/\/api.w.org\/{rel}","templated":true}]}}