{"id":31952,"date":"2019-12-18T20:30:49","date_gmt":"2019-12-18T20:30:49","guid":{"rendered":"https:\/\/pureprogress-logistics.com\/doprava-do-nizozemska-balik-do-nizozemska\/"},"modified":"2024-06-06T06:07:43","modified_gmt":"2024-06-06T06:07:43","slug":"doprava-do-nizozemska-balik-do-nizozemska","status":"publish","type":"page","link":"https:\/\/pureprogress-logistics.com\/cs\/doprava-do-nizozemska-balik-do-nizozemska\/","title":{"rendered":"Doprava do Nizozemska \/ Bal\u00edk do Nizozemska"},"content":{"rendered":"\t\t<div data-elementor-type=\"wp-page\" data-elementor-id=\"31952\" class=\"elementor elementor-31952 elementor-7283\" data-elementor-post-type=\"page\">\n\t\t\t\t\t\t<section class=\"elementor-section elementor-top-section elementor-element elementor-element-2bfc510 elementor-section-boxed elementor-section-height-default elementor-section-height-default\" data-id=\"2bfc510\" data-element_type=\"section\" data-e-type=\"section\" data-settings=\"{&quot;jet_parallax_layout_list&quot;:[{&quot;jet_parallax_layout_image&quot;:{&quot;url&quot;:&quot;&quot;,&quot;id&quot;:&quot;&quot;,&quot;size&quot;:&quot;&quot;},&quot;_id&quot;:&quot;0529ea0&quot;,&quot;jet_parallax_layout_image_tablet&quot;:{&quot;url&quot;:&quot;&quot;,&quot;id&quot;:&quot;&quot;,&quot;size&quot;:&quot;&quot;},&quot;jet_parallax_layout_image_mobile&quot;:{&quot;url&quot;:&quot;&quot;,&quot;id&quot;:&quot;&quot;,&quot;size&quot;:&quot;&quot;},&quot;jet_parallax_layout_speed&quot;:{&quot;unit&quot;:&quot;%&quot;,&quot;size&quot;:50,&quot;sizes&quot;:[]},&quot;jet_parallax_layout_type&quot;:&quot;scroll&quot;,&quot;jet_parallax_layout_direction&quot;:&quot;1&quot;,&quot;jet_parallax_layout_fx_direction&quot;:null,&quot;jet_parallax_layout_z_index&quot;:&quot;&quot;,&quot;jet_parallax_layout_bg_x&quot;:50,&quot;jet_parallax_layout_bg_x_tablet&quot;:&quot;&quot;,&quot;jet_parallax_layout_bg_x_mobile&quot;:&quot;&quot;,&quot;jet_parallax_layout_bg_y&quot;:50,&quot;jet_parallax_layout_bg_y_tablet&quot;:&quot;&quot;,&quot;jet_parallax_layout_bg_y_mobile&quot;:&quot;&quot;,&quot;jet_parallax_layout_bg_size&quot;:&quot;auto&quot;,&quot;jet_parallax_layout_bg_size_tablet&quot;:&quot;&quot;,&quot;jet_parallax_layout_bg_size_mobile&quot;:&quot;&quot;,&quot;jet_parallax_layout_animation_prop&quot;:&quot;transform&quot;,&quot;jet_parallax_layout_on&quot;:[&quot;desktop&quot;,&quot;tablet&quot;]}]}\">\n\t\t\t\t\t\t<div class=\"elementor-container elementor-column-gap-default\">\n\t\t\t\t\t<div class=\"elementor-column elementor-col-100 elementor-top-column elementor-element elementor-element-fad9df7\" data-id=\"fad9df7\" data-element_type=\"column\" data-e-type=\"column\">\n\t\t\t<div class=\"elementor-widget-wrap elementor-element-populated\">\n\t\t\t\t\t\t<div class=\"elementor-element elementor-element-4223149 elementor-hidden-tablet elementor-hidden-phone elementor-widget elementor-widget-image\" data-id=\"4223149\" data-element_type=\"widget\" data-e-type=\"widget\" data-widget_type=\"image.default\">\n\t\t\t\t<div class=\"elementor-widget-container\">\n\t\t\t\t\t\t\t\t\t\t\t\t\t\t\t<img fetchpriority=\"high\" decoding=\"async\" width=\"1200\" height=\"279\" src=\"https:\/\/pureprogress-logistics.com\/wp-content\/uploads\/2019\/12\/versand-nach-niederlande-symbolbild-lkw.jpg\" class=\"attachment-full size-full wp-image-10869\" alt=\"\" srcset=\"https:\/\/pureprogress-logistics.com\/wp-content\/uploads\/2019\/12\/versand-nach-niederlande-symbolbild-lkw.jpg 1200w, https:\/\/pureprogress-logistics.com\/wp-content\/uploads\/2019\/12\/versand-nach-niederlande-symbolbild-lkw-300x70.jpg 300w, https:\/\/pureprogress-logistics.com\/wp-content\/uploads\/2019\/12\/versand-nach-niederlande-symbolbild-lkw-1024x238.jpg 1024w, https:\/\/pureprogress-logistics.com\/wp-content\/uploads\/2019\/12\/versand-nach-niederlande-symbolbild-lkw-768x179.jpg 768w, https:\/\/pureprogress-logistics.com\/wp-content\/uploads\/2019\/12\/versand-nach-niederlande-symbolbild-lkw-418x97.jpg 418w\" sizes=\"(max-width: 1200px) 100vw, 1200px\" \/>\t\t\t\t\t\t\t\t\t\t\t\t\t\t\t<\/div>\n\t\t\t\t<\/div>\n\t\t\t\t<div class=\"elementor-element elementor-element-023d5fd elementor-hidden-desktop elementor-hidden-phone elementor-widget elementor-widget-image\" data-id=\"023d5fd\" data-element_type=\"widget\" data-e-type=\"widget\" data-widget_type=\"image.default\">\n\t\t\t\t<div class=\"elementor-widget-container\">\n\t\t\t\t\t\t\t\t\t\t\t\t\t\t\t<img decoding=\"async\" width=\"600\" height=\"140\" src=\"https:\/\/pureprogress-logistics.com\/wp-content\/uploads\/2019\/12\/versand-nach-niederlande-symbolbild-lkw_tablet.jpg\" class=\"attachment-full size-full wp-image-10860\" alt=\"\" srcset=\"https:\/\/pureprogress-logistics.com\/wp-content\/uploads\/2019\/12\/versand-nach-niederlande-symbolbild-lkw_tablet.jpg 600w, https:\/\/pureprogress-logistics.com\/wp-content\/uploads\/2019\/12\/versand-nach-niederlande-symbolbild-lkw_tablet-300x70.jpg 300w, https:\/\/pureprogress-logistics.com\/wp-content\/uploads\/2019\/12\/versand-nach-niederlande-symbolbild-lkw_tablet-418x98.jpg 418w\" sizes=\"(max-width: 600px) 100vw, 600px\" \/>\t\t\t\t\t\t\t\t\t\t\t\t\t\t\t<\/div>\n\t\t\t\t<\/div>\n\t\t\t\t<div class=\"elementor-element elementor-element-6bd3e81 elementor-hidden-desktop elementor-hidden-tablet elementor-widget elementor-widget-image\" data-id=\"6bd3e81\" data-element_type=\"widget\" data-e-type=\"widget\" data-widget_type=\"image.default\">\n\t\t\t\t<div class=\"elementor-widget-container\">\n\t\t\t\t\t\t\t\t\t\t\t\t\t\t\t<img decoding=\"async\" width=\"400\" height=\"93\" src=\"https:\/\/pureprogress-logistics.com\/wp-content\/uploads\/2019\/12\/versand-nach-niederlande-symbolbild-lkw_smartphone.jpg\" class=\"attachment-full size-full wp-image-10851\" alt=\"\" srcset=\"https:\/\/pureprogress-logistics.com\/wp-content\/uploads\/2019\/12\/versand-nach-niederlande-symbolbild-lkw_smartphone.jpg 400w, https:\/\/pureprogress-logistics.com\/wp-content\/uploads\/2019\/12\/versand-nach-niederlande-symbolbild-lkw_smartphone-300x70.jpg 300w\" sizes=\"(max-width: 400px) 100vw, 400px\" \/>\t\t\t\t\t\t\t\t\t\t\t\t\t\t\t<\/div>\n\t\t\t\t<\/div>\n\t\t\t\t\t<\/div>\n\t\t<\/div>\n\t\t\t\t\t<\/div>\n\t\t<\/section>\n\t\t\t\t<section class=\"elementor-section elementor-top-section elementor-element elementor-element-285231ff elementor-section-boxed elementor-section-height-default elementor-section-height-default\" data-id=\"285231ff\" data-element_type=\"section\" data-e-type=\"section\" data-settings=\"{&quot;jet_parallax_layout_list&quot;:[{&quot;jet_parallax_layout_image&quot;:{&quot;url&quot;:&quot;&quot;,&quot;id&quot;:&quot;&quot;,&quot;size&quot;:&quot;&quot;},&quot;_id&quot;:&quot;d480d73&quot;,&quot;jet_parallax_layout_image_tablet&quot;:{&quot;url&quot;:&quot;&quot;,&quot;id&quot;:&quot;&quot;,&quot;size&quot;:&quot;&quot;},&quot;jet_parallax_layout_image_mobile&quot;:{&quot;url&quot;:&quot;&quot;,&quot;id&quot;:&quot;&quot;,&quot;size&quot;:&quot;&quot;},&quot;jet_parallax_layout_speed&quot;:{&quot;unit&quot;:&quot;%&quot;,&quot;size&quot;:50,&quot;sizes&quot;:[]},&quot;jet_parallax_layout_type&quot;:&quot;scroll&quot;,&quot;jet_parallax_layout_direction&quot;:&quot;1&quot;,&quot;jet_parallax_layout_fx_direction&quot;:null,&quot;jet_parallax_layout_z_index&quot;:&quot;&quot;,&quot;jet_parallax_layout_bg_x&quot;:50,&quot;jet_parallax_layout_bg_x_tablet&quot;:&quot;&quot;,&quot;jet_parallax_layout_bg_x_mobile&quot;:&quot;&quot;,&quot;jet_parallax_layout_bg_y&quot;:50,&quot;jet_parallax_layout_bg_y_tablet&quot;:&quot;&quot;,&quot;jet_parallax_layout_bg_y_mobile&quot;:&quot;&quot;,&quot;jet_parallax_layout_bg_size&quot;:&quot;auto&quot;,&quot;jet_parallax_layout_bg_size_tablet&quot;:&quot;&quot;,&quot;jet_parallax_layout_bg_size_mobile&quot;:&quot;&quot;,&quot;jet_parallax_layout_animation_prop&quot;:&quot;transform&quot;,&quot;jet_parallax_layout_on&quot;:[&quot;desktop&quot;,&quot;tablet&quot;]}]}\">\n\t\t\t\t\t\t<div class=\"elementor-container elementor-column-gap-default\">\n\t\t\t\t\t<div class=\"elementor-column elementor-col-100 elementor-top-column elementor-element elementor-element-306e5800\" data-id=\"306e5800\" data-element_type=\"column\" data-e-type=\"column\">\n\t\t\t<div class=\"elementor-widget-wrap elementor-element-populated\">\n\t\t\t\t\t\t<div class=\"elementor-element elementor-element-d97282a elementor-widget elementor-widget-heading\" data-id=\"d97282a\" data-element_type=\"widget\" data-e-type=\"widget\" data-widget_type=\"heading.default\">\n\t\t\t\t<div class=\"elementor-widget-container\">\n\t\t\t\t\t<h1 class=\"elementor-heading-title elementor-size-default\"><strong><font size=\"5\">Doprava do Nizozemska \/ Bal\u00edk do Nizozemska<\/font><\/strong><\/h1>\t\t\t\t<\/div>\n\t\t\t\t<\/div>\n\t\t\t\t<div class=\"elementor-element elementor-element-12b96f54 elementor-widget elementor-widget-text-editor\" data-id=\"12b96f54\" data-element_type=\"widget\" data-e-type=\"widget\" data-widget_type=\"text-editor.default\">\n\t\t\t\t<div class=\"elementor-widget-container\">\n\t\t\t\t\t\t\t\t\t<p>Chyst\u00e1te se na p\u0159evoz do <a href=\"https:\/\/de.wikipedia.org\/wiki\/Niederlande\">Nizozemska<\/a>?<br \/>Poskytneme v\u00e1m nez\u00e1vaznou nab\u00eddku na.<br \/>Doprava do Nizozemska a v\u0161echny souvisej\u00edc\u00ed<br \/>logistick\u00fd proces. Pokud chcete do Nizozemska poslat pouze jednu z\u00e1silku.  <br \/>nebo celou paletu najednou? Mnoho dod\u00e1vek<br \/>na\u0161ich z\u00e1kazn\u00edk\u016f jezd\u00ed do Amsterdamu, hlavn\u00edho m\u011bsta Evropsk\u00e9 unie.<br \/>Nizozemsko. V n\u011bkter\u00fdch p\u0159\u00edpadech se v\u0161ak d\u00edl\u010d\u00ed d\u00e1vky dost\u00e1vaj\u00ed tak\u00e9 do<br \/>v\u011bt\u0161\u00edch p\u0159\u00edstav\u016f, jako je Rotterdam, a pot\u00e9 p\u0159epraveny kontejnerem do<br \/>k p\u0159eprav\u011b do z\u00e1mo\u0159\u00ed. Zn\u00e1me formality<br \/>v nizozemsk\u00fdch n\u00e1kladn\u00edch p\u0159\u00edstavech a r\u00e1di v\u00e1s podpo\u0159\u00ed.<br \/>N\u00e1\u0161 t\u00fdm z\u00e1kaznick\u00e9ho servisu v\u00e1m porad\u00ed osobn\u011b telefonicky nebo prost\u0159ednictv\u00edm<br \/>e-mail. To n\u00e1m umo\u017e\u0148uje reagovat na va\u0161e pot\u0159eby<br \/>a tak\u00e9 spole\u010dn\u011b zvl\u00e1dnout speci\u00e1ln\u00ed p\u0159epravu.<br \/>M\u016f\u017eeme v\u00e1m zavolat zp\u011bt a probrat v\u00e1\u0161 individu\u00e1ln\u00ed p\u0159\u00edpad?<br \/>mluvit? Sta\u010d\u00ed n\u00e1m stru\u010dn\u011b napsat, co pot\u0159ebujete, a my v\u00e1m porad\u00edme.<br \/>n\u00e1s bude neprodlen\u011b kontaktovat. Za\u0161lete n\u00e1m pros\u00edm sv\u00e9 kontaktn\u00ed \u00fadaje  <br \/>e-mailem na adresu: <a href=\"mailto:anfrage@pureprogress.ch\">anfrage@pureprogress.ch<\/a><\/p>\n<h2>Doprava do Nizozemska s poji\u0161t\u011bn\u00edm<\/h2>\n<p>V\u0161echny na\u0161e z\u00e1silky lze ozna\u010dit odpov\u00eddaj\u00edc\u00edm \u0161t\u00edtkem.  <br \/>poji\u0161t\u011bn\u00ed. M\u016f\u017eeme tak\u00e9 dos\u00e1hnout vy\u0161\u0161\u00edch hodnot<br \/>a\u017e do v\u00fd\u0161e 900 000 EUR nebo 1 000 000 CHF. Je to<br \/>speci\u00e1ln\u00ed pr\u016fmyslov\u00e9 zbo\u017e\u00ed nebo zvl\u00e1\u0161t\u011b cenn\u00e9<br \/>Zbo\u017e\u00ed? Dejte n\u00e1m v\u011bd\u011bt a my se postar\u00e1me o v\u0161e ostatn\u00ed.<\/p>\n<h2>P\u0159eprava prost\u0159ednictv\u00edm spedice &#8211; Nizozemsko<\/h2>\n<p>Kompletn\u00ed logistick\u00e9 zpracov\u00e1n\u00ed v\u010detn\u011b p\u0159epravy z<br \/>N\u011bmecko do Nizozemska je jedn\u00edm z na\u0161ich \u00fakol\u016f.<br \/>Abychom v\u00e1m mohli zaslat n\u00e1sleduj\u00edc\u00ed informace a \u00fadaje, pot\u0159ebujeme p\u0159edem.<br \/>p\u0159ipravit pro v\u00e1s nez\u00e1vaznou nab\u00eddku:<\/p>\n<ul>\n<li>Hmotnost z\u00e1silky (brutto + netto)<\/li>\n<li>Po\u010det a typ bal\u00ed\u010dk\u016f<\/li>\n<li>Rozm\u011bry balen\u00ed<\/li>\n<li>Typ a hodnota zbo\u017e\u00ed<\/li>\n<li>Odes\u00edlatel a p\u0159\u00edjemce<\/li>\n<li>Kontaktn\u00ed \u00fadaje p\u0159\u00edjemce a odes\u00edlatele<\/li>\n<li>Otev\u00edrac\u00ed doba m\u00edsta nakl\u00e1dky a vykl\u00e1dky<\/li>\n<li>P\u0159\u00edpadn\u00e9 dal\u0161\u00ed po\u017eadavky, kter\u00e9 je t\u0159eba zv\u00e1\u017eit \/ speci\u00e1ln\u00ed po\u017eadavky<\/li>\n<\/ul>\n<p>R\u00e1di v\u00e1s p\u0159esv\u011bd\u010d\u00edme o na\u0161em vynikaj\u00edc\u00edm pom\u011bru cena\/v\u00fdkon.<br \/>pom\u011br v\u00fdkonnosti. Nejlep\u0161\u00ed zp\u016fsob, jak n\u00e1s kontaktovat<br \/><a href=\"mailto:anfrage@pureprogress.ch\">e-mailem <\/a>nebo prost\u0159ednictv\u00edm <a href=\"http:\/\/pureprogress-logistics.com\/kontakt\/\">kontaktn\u00edho formul\u00e1\u0159e<\/a>.<\/p>\n\t\t\t\t\t\t\t\t<\/div>\n\t\t\t\t<\/div>\n\t\t\t\t\t<\/div>\n\t\t<\/div>\n\t\t\t\t\t<\/div>\n\t\t<\/section>\n\t\t\t\t<section class=\"elementor-section elementor-top-section elementor-element elementor-element-d7f82fb elementor-section-boxed elementor-section-height-default elementor-section-height-default\" data-id=\"d7f82fb\" data-element_type=\"section\" data-e-type=\"section\" data-settings=\"{&quot;jet_parallax_layout_list&quot;:[{&quot;jet_parallax_layout_image&quot;:{&quot;url&quot;:&quot;&quot;,&quot;id&quot;:&quot;&quot;,&quot;size&quot;:&quot;&quot;},&quot;_id&quot;:&quot;95b2f40&quot;,&quot;jet_parallax_layout_image_tablet&quot;:{&quot;url&quot;:&quot;&quot;,&quot;id&quot;:&quot;&quot;,&quot;size&quot;:&quot;&quot;},&quot;jet_parallax_layout_image_mobile&quot;:{&quot;url&quot;:&quot;&quot;,&quot;id&quot;:&quot;&quot;,&quot;size&quot;:&quot;&quot;},&quot;jet_parallax_layout_speed&quot;:{&quot;unit&quot;:&quot;%&quot;,&quot;size&quot;:50,&quot;sizes&quot;:[]},&quot;jet_parallax_layout_type&quot;:&quot;scroll&quot;,&quot;jet_parallax_layout_direction&quot;:&quot;1&quot;,&quot;jet_parallax_layout_fx_direction&quot;:null,&quot;jet_parallax_layout_z_index&quot;:&quot;&quot;,&quot;jet_parallax_layout_bg_x&quot;:50,&quot;jet_parallax_layout_bg_x_tablet&quot;:&quot;&quot;,&quot;jet_parallax_layout_bg_x_mobile&quot;:&quot;&quot;,&quot;jet_parallax_layout_bg_y&quot;:50,&quot;jet_parallax_layout_bg_y_tablet&quot;:&quot;&quot;,&quot;jet_parallax_layout_bg_y_mobile&quot;:&quot;&quot;,&quot;jet_parallax_layout_bg_size&quot;:&quot;auto&quot;,&quot;jet_parallax_layout_bg_size_tablet&quot;:&quot;&quot;,&quot;jet_parallax_layout_bg_size_mobile&quot;:&quot;&quot;,&quot;jet_parallax_layout_animation_prop&quot;:&quot;transform&quot;,&quot;jet_parallax_layout_on&quot;:[&quot;desktop&quot;,&quot;tablet&quot;]}]}\">\n\t\t\t\t\t\t<div class=\"elementor-container elementor-column-gap-default\">\n\t\t\t\t\t<div class=\"elementor-column elementor-col-100 elementor-top-column elementor-element elementor-element-26204a5\" data-id=\"26204a5\" data-element_type=\"column\" data-e-type=\"column\">\n\t\t\t<div class=\"elementor-widget-wrap elementor-element-populated\">\n\t\t\t\t\t\t<div class=\"elementor-element elementor-element-96a3797 elementor-widget elementor-widget-text-editor\" data-id=\"96a3797\" data-element_type=\"widget\" data-e-type=\"widget\" data-widget_type=\"text-editor.default\">\n\t\t\t\t<div class=\"elementor-widget-container\">\n\t\t\t\t\t\t\t\t\t<p><iframe src=\"https:\/\/www.google.com\/maps\/embed?pb=!1m18!1m12!1m3!1d2504543.0926766787!2d3.036606427526958!3d52.191728919896335!2m3!1f0!2f0!3f0!3m2!1i1024!2i768!4f13.1!3m3!1m2!1s0x47c609c3db87e4bb%3A0xb3a175ceffbd0a9f!2sNiederlande!5e0!3m2!1sde!2sid!4v1576952853047!5m2!1sde!2sid\" width=\"600\" height=\"350\" frameborder=\"0\" style=\"border:0;\" allowfullscreen=\"\"><\/iframe><\/p>\n\t\t\t\t\t\t\t\t<\/div>\n\t\t\t\t<\/div>\n\t\t\t\t\t<\/div>\n\t\t<\/div>\n\t\t\t\t\t<\/div>\n\t\t<\/section>\n\t\t\t\t<\/div>\n\t\t","protected":false},"excerpt":{"rendered":"<p>Doprava do Nizozemska \/ Bal\u00edk do Nizozemska Chyst\u00e1te se na p\u0159evoz do Nizozemska?Poskytneme v\u00e1m nez\u00e1vaznou nab\u00eddku na.Doprava do Nizozemska a v\u0161echny souvisej\u00edc\u00edlogistick\u00fd proces. Pokud chcete do Nizozemska poslat pouze jednu z\u00e1silku. nebo celou paletu najednou? Mnoho dod\u00e1vekna\u0161ich z\u00e1kazn\u00edk\u016f jezd\u00ed do Amsterdamu, hlavn\u00edho m\u011bsta Evropsk\u00e9 unie.Nizozemsko. V n\u011bkter\u00fdch p\u0159\u00edpadech se v\u0161ak d\u00edl\u010d\u00ed d\u00e1vky dost\u00e1vaj\u00ed tak\u00e9 dov\u011bt\u0161\u00edch [&hellip;]<\/p>\n","protected":false},"author":1,"featured_media":0,"parent":0,"menu_order":0,"comment_status":"closed","ping_status":"closed","template":"","meta":{"_monsterinsights_skip_tracking":false,"_monsterinsights_sitenote_active":false,"_monsterinsights_sitenote_note":"","_monsterinsights_sitenote_category":0,"footnotes":""},"class_list":["post-31952","page","type-page","status-publish","hentry"],"yoast_head":"<!-- This site is optimized with the Yoast SEO plugin v27.2 - https:\/\/yoast.com\/product\/yoast-seo-wordpress\/ -->\n<title>P\u0159eprava do Nizozemska \/ Odesl\u00e1n\u00ed bal\u00edku do Nizozemska<\/title>\n<meta name=\"description\" content=\"P\u0159eprava objedn\u00e1vek do Nizozemska - Zaji\u0161\u0165ujeme p\u0159epravu z N\u011bmecka do Nizozemska, a\u0165 u\u017e v bal\u00edku nebo na palet\u011b. V\u00edce informac\u00ed najdete zde.\" \/>\n<meta name=\"robots\" content=\"index, follow, max-snippet:-1, max-image-preview:large, max-video-preview:-1\" \/>\n<link rel=\"canonical\" href=\"https:\/\/pureprogress-logistics.com\/cs\/doprava-do-nizozemska-balik-do-nizozemska\/\" \/>\n<meta property=\"og:locale\" content=\"cs_CZ\" \/>\n<meta property=\"og:type\" content=\"article\" \/>\n<meta property=\"og:title\" content=\"P\u0159eprava do Nizozemska \/ Odesl\u00e1n\u00ed bal\u00edku do Nizozemska\" \/>\n<meta property=\"og:description\" content=\"P\u0159eprava objedn\u00e1vek do Nizozemska - Zaji\u0161\u0165ujeme p\u0159epravu z N\u011bmecka do Nizozemska, a\u0165 u\u017e v bal\u00edku nebo na palet\u011b. V\u00edce informac\u00ed najdete zde.\" \/>\n<meta property=\"og:url\" content=\"https:\/\/pureprogress-logistics.com\/cs\/doprava-do-nizozemska-balik-do-nizozemska\/\" \/>\n<meta property=\"og:site_name\" content=\"Spedi\u010dn\u00ed a celn\u00ed agentura | PUREPROGRESS\" \/>\n<meta property=\"article:modified_time\" content=\"2024-06-06T06:07:43+00:00\" \/>\n<meta property=\"og:image\" content=\"https:\/\/pureprogress-logistics.com\/wp-content\/uploads\/2019\/12\/versand-nach-niederlande-symbolbild-lkw.jpg\" \/>\n<meta name=\"twitter:card\" content=\"summary_large_image\" \/>\n<meta name=\"twitter:label1\" content=\"Odhadovan\u00e1 doba \u010dten\u00ed\" \/>\n\t<meta name=\"twitter:data1\" content=\"2 minuty\" \/>\n<script type=\"application\/ld+json\" class=\"yoast-schema-graph\">{\"@context\":\"https:\/\/schema.org\",\"@graph\":[{\"@type\":\"WebPage\",\"@id\":\"https:\/\/pureprogress-logistics.com\/cs\/doprava-do-nizozemska-balik-do-nizozemska\/\",\"url\":\"https:\/\/pureprogress-logistics.com\/cs\/doprava-do-nizozemska-balik-do-nizozemska\/\",\"name\":\"P\u0159eprava do Nizozemska \/ Odesl\u00e1n\u00ed bal\u00edku do Nizozemska\",\"isPartOf\":{\"@id\":\"https:\/\/pureprogress-logistics.com\/#website\"},\"primaryImageOfPage\":{\"@id\":\"https:\/\/pureprogress-logistics.com\/cs\/doprava-do-nizozemska-balik-do-nizozemska\/#primaryimage\"},\"image\":{\"@id\":\"https:\/\/pureprogress-logistics.com\/cs\/doprava-do-nizozemska-balik-do-nizozemska\/#primaryimage\"},\"thumbnailUrl\":\"https:\/\/pureprogress-logistics.com\/wp-content\/uploads\/2019\/12\/versand-nach-niederlande-symbolbild-lkw.jpg\",\"datePublished\":\"2019-12-18T20:30:49+00:00\",\"dateModified\":\"2024-06-06T06:07:43+00:00\",\"description\":\"P\u0159eprava objedn\u00e1vek do Nizozemska - Zaji\u0161\u0165ujeme p\u0159epravu z N\u011bmecka do Nizozemska, a\u0165 u\u017e v bal\u00edku nebo na palet\u011b. V\u00edce informac\u00ed najdete zde.\",\"breadcrumb\":{\"@id\":\"https:\/\/pureprogress-logistics.com\/cs\/doprava-do-nizozemska-balik-do-nizozemska\/#breadcrumb\"},\"inLanguage\":\"cs\",\"potentialAction\":[{\"@type\":\"ReadAction\",\"target\":[\"https:\/\/pureprogress-logistics.com\/cs\/doprava-do-nizozemska-balik-do-nizozemska\/\"]}]},{\"@type\":\"ImageObject\",\"inLanguage\":\"cs\",\"@id\":\"https:\/\/pureprogress-logistics.com\/cs\/doprava-do-nizozemska-balik-do-nizozemska\/#primaryimage\",\"url\":\"https:\/\/pureprogress-logistics.com\/wp-content\/uploads\/2019\/12\/versand-nach-niederlande-symbolbild-lkw.jpg\",\"contentUrl\":\"https:\/\/pureprogress-logistics.com\/wp-content\/uploads\/2019\/12\/versand-nach-niederlande-symbolbild-lkw.jpg\"},{\"@type\":\"BreadcrumbList\",\"@id\":\"https:\/\/pureprogress-logistics.com\/cs\/doprava-do-nizozemska-balik-do-nizozemska\/#breadcrumb\",\"itemListElement\":[{\"@type\":\"ListItem\",\"position\":1,\"name\":\"Startseite\",\"item\":\"https:\/\/pureprogress-logistics.com\/\"},{\"@type\":\"ListItem\",\"position\":2,\"name\":\"Doprava do Nizozemska \/ Bal\u00edk do Nizozemska\"}]},{\"@type\":\"WebSite\",\"@id\":\"https:\/\/pureprogress-logistics.com\/#website\",\"url\":\"https:\/\/pureprogress-logistics.com\/\",\"name\":\"Ausfuhrbegleitdokument.com - MRN \/ ABD Erstellung\",\"description\":\"\",\"publisher\":{\"@id\":\"https:\/\/pureprogress-logistics.com\/#organization\"},\"potentialAction\":[{\"@type\":\"SearchAction\",\"target\":{\"@type\":\"EntryPoint\",\"urlTemplate\":\"https:\/\/pureprogress-logistics.com\/?s={search_term_string}\"},\"query-input\":{\"@type\":\"PropertyValueSpecification\",\"valueRequired\":true,\"valueName\":\"search_term_string\"}}],\"inLanguage\":\"cs\"},{\"@type\":\"Organization\",\"@id\":\"https:\/\/pureprogress-logistics.com\/#organization\",\"name\":\"PUREPROGRESS GmbH\",\"url\":\"https:\/\/pureprogress-logistics.com\/\",\"logo\":{\"@type\":\"ImageObject\",\"inLanguage\":\"cs\",\"@id\":\"https:\/\/pureprogress-logistics.com\/#\/schema\/logo\/image\/\",\"url\":\"https:\/\/ausfuhrbegleitdokument.com\/wp-content\/uploads\/2019\/10\/preloader-image.png\",\"contentUrl\":\"https:\/\/ausfuhrbegleitdokument.com\/wp-content\/uploads\/2019\/10\/preloader-image.png\",\"width\":224,\"height\":31,\"caption\":\"PUREPROGRESS GmbH\"},\"image\":{\"@id\":\"https:\/\/pureprogress-logistics.com\/#\/schema\/logo\/image\/\"}}]}<\/script>\n<!-- \/ Yoast SEO plugin. -->","yoast_head_json":{"title":"P\u0159eprava do Nizozemska \/ Odesl\u00e1n\u00ed bal\u00edku do Nizozemska","description":"P\u0159eprava objedn\u00e1vek do Nizozemska - Zaji\u0161\u0165ujeme p\u0159epravu z N\u011bmecka do Nizozemska, a\u0165 u\u017e v bal\u00edku nebo na palet\u011b. V\u00edce informac\u00ed najdete zde.","robots":{"index":"index","follow":"follow","max-snippet":"max-snippet:-1","max-image-preview":"max-image-preview:large","max-video-preview":"max-video-preview:-1"},"canonical":"https:\/\/pureprogress-logistics.com\/cs\/doprava-do-nizozemska-balik-do-nizozemska\/","og_locale":"cs_CZ","og_type":"article","og_title":"P\u0159eprava do Nizozemska \/ Odesl\u00e1n\u00ed bal\u00edku do Nizozemska","og_description":"P\u0159eprava objedn\u00e1vek do Nizozemska - Zaji\u0161\u0165ujeme p\u0159epravu z N\u011bmecka do Nizozemska, a\u0165 u\u017e v bal\u00edku nebo na palet\u011b. V\u00edce informac\u00ed najdete zde.","og_url":"https:\/\/pureprogress-logistics.com\/cs\/doprava-do-nizozemska-balik-do-nizozemska\/","og_site_name":"Spedi\u010dn\u00ed a celn\u00ed agentura | PUREPROGRESS","article_modified_time":"2024-06-06T06:07:43+00:00","og_image":[{"url":"https:\/\/pureprogress-logistics.com\/wp-content\/uploads\/2019\/12\/versand-nach-niederlande-symbolbild-lkw.jpg","type":"","width":"","height":""}],"twitter_card":"summary_large_image","twitter_misc":{"Odhadovan\u00e1 doba \u010dten\u00ed":"2 minuty"},"schema":{"@context":"https:\/\/schema.org","@graph":[{"@type":"WebPage","@id":"https:\/\/pureprogress-logistics.com\/cs\/doprava-do-nizozemska-balik-do-nizozemska\/","url":"https:\/\/pureprogress-logistics.com\/cs\/doprava-do-nizozemska-balik-do-nizozemska\/","name":"P\u0159eprava do Nizozemska \/ Odesl\u00e1n\u00ed bal\u00edku do Nizozemska","isPartOf":{"@id":"https:\/\/pureprogress-logistics.com\/#website"},"primaryImageOfPage":{"@id":"https:\/\/pureprogress-logistics.com\/cs\/doprava-do-nizozemska-balik-do-nizozemska\/#primaryimage"},"image":{"@id":"https:\/\/pureprogress-logistics.com\/cs\/doprava-do-nizozemska-balik-do-nizozemska\/#primaryimage"},"thumbnailUrl":"https:\/\/pureprogress-logistics.com\/wp-content\/uploads\/2019\/12\/versand-nach-niederlande-symbolbild-lkw.jpg","datePublished":"2019-12-18T20:30:49+00:00","dateModified":"2024-06-06T06:07:43+00:00","description":"P\u0159eprava objedn\u00e1vek do Nizozemska - Zaji\u0161\u0165ujeme p\u0159epravu z N\u011bmecka do Nizozemska, a\u0165 u\u017e v bal\u00edku nebo na palet\u011b. V\u00edce informac\u00ed najdete zde.","breadcrumb":{"@id":"https:\/\/pureprogress-logistics.com\/cs\/doprava-do-nizozemska-balik-do-nizozemska\/#breadcrumb"},"inLanguage":"cs","potentialAction":[{"@type":"ReadAction","target":["https:\/\/pureprogress-logistics.com\/cs\/doprava-do-nizozemska-balik-do-nizozemska\/"]}]},{"@type":"ImageObject","inLanguage":"cs","@id":"https:\/\/pureprogress-logistics.com\/cs\/doprava-do-nizozemska-balik-do-nizozemska\/#primaryimage","url":"https:\/\/pureprogress-logistics.com\/wp-content\/uploads\/2019\/12\/versand-nach-niederlande-symbolbild-lkw.jpg","contentUrl":"https:\/\/pureprogress-logistics.com\/wp-content\/uploads\/2019\/12\/versand-nach-niederlande-symbolbild-lkw.jpg"},{"@type":"BreadcrumbList","@id":"https:\/\/pureprogress-logistics.com\/cs\/doprava-do-nizozemska-balik-do-nizozemska\/#breadcrumb","itemListElement":[{"@type":"ListItem","position":1,"name":"Startseite","item":"https:\/\/pureprogress-logistics.com\/"},{"@type":"ListItem","position":2,"name":"Doprava do Nizozemska \/ Bal\u00edk do Nizozemska"}]},{"@type":"WebSite","@id":"https:\/\/pureprogress-logistics.com\/#website","url":"https:\/\/pureprogress-logistics.com\/","name":"Ausfuhrbegleitdokument.com - MRN \/ ABD Erstellung","description":"","publisher":{"@id":"https:\/\/pureprogress-logistics.com\/#organization"},"potentialAction":[{"@type":"SearchAction","target":{"@type":"EntryPoint","urlTemplate":"https:\/\/pureprogress-logistics.com\/?s={search_term_string}"},"query-input":{"@type":"PropertyValueSpecification","valueRequired":true,"valueName":"search_term_string"}}],"inLanguage":"cs"},{"@type":"Organization","@id":"https:\/\/pureprogress-logistics.com\/#organization","name":"PUREPROGRESS GmbH","url":"https:\/\/pureprogress-logistics.com\/","logo":{"@type":"ImageObject","inLanguage":"cs","@id":"https:\/\/pureprogress-logistics.com\/#\/schema\/logo\/image\/","url":"https:\/\/ausfuhrbegleitdokument.com\/wp-content\/uploads\/2019\/10\/preloader-image.png","contentUrl":"https:\/\/ausfuhrbegleitdokument.com\/wp-content\/uploads\/2019\/10\/preloader-image.png","width":224,"height":31,"caption":"PUREPROGRESS GmbH"},"image":{"@id":"https:\/\/pureprogress-logistics.com\/#\/schema\/logo\/image\/"}}]}},"_links":{"self":[{"href":"https:\/\/pureprogress-logistics.com\/cs\/wp-json\/wp\/v2\/pages\/31952","targetHints":{"allow":["GET"]}}],"collection":[{"href":"https:\/\/pureprogress-logistics.com\/cs\/wp-json\/wp\/v2\/pages"}],"about":[{"href":"https:\/\/pureprogress-logistics.com\/cs\/wp-json\/wp\/v2\/types\/page"}],"author":[{"embeddable":true,"href":"https:\/\/pureprogress-logistics.com\/cs\/wp-json\/wp\/v2\/users\/1"}],"replies":[{"embeddable":true,"href":"https:\/\/pureprogress-logistics.com\/cs\/wp-json\/wp\/v2\/comments?post=31952"}],"version-history":[{"count":0,"href":"https:\/\/pureprogress-logistics.com\/cs\/wp-json\/wp\/v2\/pages\/31952\/revisions"}],"wp:attachment":[{"href":"https:\/\/pureprogress-logistics.com\/cs\/wp-json\/wp\/v2\/media?parent=31952"}],"curies":[{"name":"wp","href":"https:\/\/api.w.org\/{rel}","templated":true}]}}