{"id":31945,"date":"2019-12-18T16:34:53","date_gmt":"2019-12-18T16:34:53","guid":{"rendered":"https:\/\/pureprogress-logistics.com\/doprava-do-belgie-balik-do-belgie\/"},"modified":"2024-06-06T06:07:42","modified_gmt":"2024-06-06T06:07:42","slug":"doprava-do-belgie-balik-do-belgie","status":"publish","type":"page","link":"https:\/\/pureprogress-logistics.com\/cs\/doprava-do-belgie-balik-do-belgie\/","title":{"rendered":"Doprava do Belgie \/ Bal\u00edk do Belgie"},"content":{"rendered":"\t\t<div data-elementor-type=\"wp-page\" data-elementor-id=\"31945\" class=\"elementor elementor-31945 elementor-7267\" data-elementor-post-type=\"page\">\n\t\t\t\t\t\t<section class=\"elementor-section elementor-top-section elementor-element elementor-element-120c6e1 elementor-section-boxed elementor-section-height-default elementor-section-height-default\" data-id=\"120c6e1\" data-element_type=\"section\" data-e-type=\"section\" data-settings=\"{&quot;jet_parallax_layout_list&quot;:[{&quot;jet_parallax_layout_image&quot;:{&quot;url&quot;:&quot;&quot;,&quot;id&quot;:&quot;&quot;,&quot;size&quot;:&quot;&quot;},&quot;_id&quot;:&quot;0529ea0&quot;,&quot;jet_parallax_layout_image_tablet&quot;:{&quot;url&quot;:&quot;&quot;,&quot;id&quot;:&quot;&quot;,&quot;size&quot;:&quot;&quot;},&quot;jet_parallax_layout_image_mobile&quot;:{&quot;url&quot;:&quot;&quot;,&quot;id&quot;:&quot;&quot;,&quot;size&quot;:&quot;&quot;},&quot;jet_parallax_layout_speed&quot;:{&quot;unit&quot;:&quot;%&quot;,&quot;size&quot;:50,&quot;sizes&quot;:[]},&quot;jet_parallax_layout_type&quot;:&quot;scroll&quot;,&quot;jet_parallax_layout_direction&quot;:&quot;1&quot;,&quot;jet_parallax_layout_fx_direction&quot;:null,&quot;jet_parallax_layout_z_index&quot;:&quot;&quot;,&quot;jet_parallax_layout_bg_x&quot;:50,&quot;jet_parallax_layout_bg_x_tablet&quot;:&quot;&quot;,&quot;jet_parallax_layout_bg_x_mobile&quot;:&quot;&quot;,&quot;jet_parallax_layout_bg_y&quot;:50,&quot;jet_parallax_layout_bg_y_tablet&quot;:&quot;&quot;,&quot;jet_parallax_layout_bg_y_mobile&quot;:&quot;&quot;,&quot;jet_parallax_layout_bg_size&quot;:&quot;auto&quot;,&quot;jet_parallax_layout_bg_size_tablet&quot;:&quot;&quot;,&quot;jet_parallax_layout_bg_size_mobile&quot;:&quot;&quot;,&quot;jet_parallax_layout_animation_prop&quot;:&quot;transform&quot;,&quot;jet_parallax_layout_on&quot;:[&quot;desktop&quot;,&quot;tablet&quot;]}]}\">\n\t\t\t\t\t\t<div class=\"elementor-container elementor-column-gap-default\">\n\t\t\t\t\t<div class=\"elementor-column elementor-col-100 elementor-top-column elementor-element elementor-element-f4ddf52\" data-id=\"f4ddf52\" data-element_type=\"column\" data-e-type=\"column\">\n\t\t\t<div class=\"elementor-widget-wrap elementor-element-populated\">\n\t\t\t\t\t\t<div class=\"elementor-element elementor-element-f7ba960 elementor-hidden-tablet elementor-hidden-phone elementor-widget elementor-widget-image\" data-id=\"f7ba960\" data-element_type=\"widget\" data-e-type=\"widget\" data-widget_type=\"image.default\">\n\t\t\t\t<div class=\"elementor-widget-container\">\n\t\t\t\t\t\t\t\t\t\t\t\t\t\t\t<img fetchpriority=\"high\" decoding=\"async\" width=\"1200\" height=\"279\" src=\"https:\/\/pureprogress-logistics.com\/wp-content\/uploads\/2019\/12\/versand-nach-belgien-symbolbild-lkw.jpg\" class=\"attachment-full size-full wp-image-10872\" alt=\"\" srcset=\"https:\/\/pureprogress-logistics.com\/wp-content\/uploads\/2019\/12\/versand-nach-belgien-symbolbild-lkw.jpg 1200w, https:\/\/pureprogress-logistics.com\/wp-content\/uploads\/2019\/12\/versand-nach-belgien-symbolbild-lkw-300x70.jpg 300w, https:\/\/pureprogress-logistics.com\/wp-content\/uploads\/2019\/12\/versand-nach-belgien-symbolbild-lkw-1024x238.jpg 1024w, https:\/\/pureprogress-logistics.com\/wp-content\/uploads\/2019\/12\/versand-nach-belgien-symbolbild-lkw-768x179.jpg 768w, https:\/\/pureprogress-logistics.com\/wp-content\/uploads\/2019\/12\/versand-nach-belgien-symbolbild-lkw-418x97.jpg 418w\" sizes=\"(max-width: 1200px) 100vw, 1200px\" \/>\t\t\t\t\t\t\t\t\t\t\t\t\t\t\t<\/div>\n\t\t\t\t<\/div>\n\t\t\t\t<div class=\"elementor-element elementor-element-4a7f03b elementor-hidden-desktop elementor-hidden-phone elementor-widget elementor-widget-image\" data-id=\"4a7f03b\" data-element_type=\"widget\" data-e-type=\"widget\" data-widget_type=\"image.default\">\n\t\t\t\t<div class=\"elementor-widget-container\">\n\t\t\t\t\t\t\t\t\t\t\t\t\t\t\t<img decoding=\"async\" width=\"600\" height=\"140\" src=\"https:\/\/pureprogress-logistics.com\/wp-content\/uploads\/2019\/12\/versand-nach-belgien-symbolbild-lkw_tablet.jpg\" class=\"attachment-full size-full wp-image-10857\" alt=\"\" srcset=\"https:\/\/pureprogress-logistics.com\/wp-content\/uploads\/2019\/12\/versand-nach-belgien-symbolbild-lkw_tablet.jpg 600w, https:\/\/pureprogress-logistics.com\/wp-content\/uploads\/2019\/12\/versand-nach-belgien-symbolbild-lkw_tablet-300x70.jpg 300w, https:\/\/pureprogress-logistics.com\/wp-content\/uploads\/2019\/12\/versand-nach-belgien-symbolbild-lkw_tablet-418x98.jpg 418w\" sizes=\"(max-width: 600px) 100vw, 600px\" \/>\t\t\t\t\t\t\t\t\t\t\t\t\t\t\t<\/div>\n\t\t\t\t<\/div>\n\t\t\t\t<div class=\"elementor-element elementor-element-896b9ed elementor-hidden-desktop elementor-hidden-tablet elementor-widget elementor-widget-image\" data-id=\"896b9ed\" data-element_type=\"widget\" data-e-type=\"widget\" data-widget_type=\"image.default\">\n\t\t\t\t<div class=\"elementor-widget-container\">\n\t\t\t\t\t\t\t\t\t\t\t\t\t\t\t<img decoding=\"async\" width=\"400\" height=\"93\" src=\"https:\/\/pureprogress-logistics.com\/wp-content\/uploads\/2019\/12\/versand-nach-belgien-symbolbild-lkw_smartphone.jpg\" class=\"attachment-full size-full wp-image-10854\" alt=\"\" srcset=\"https:\/\/pureprogress-logistics.com\/wp-content\/uploads\/2019\/12\/versand-nach-belgien-symbolbild-lkw_smartphone.jpg 400w, https:\/\/pureprogress-logistics.com\/wp-content\/uploads\/2019\/12\/versand-nach-belgien-symbolbild-lkw_smartphone-300x70.jpg 300w\" sizes=\"(max-width: 400px) 100vw, 400px\" \/>\t\t\t\t\t\t\t\t\t\t\t\t\t\t\t<\/div>\n\t\t\t\t<\/div>\n\t\t\t\t\t<\/div>\n\t\t<\/div>\n\t\t\t\t\t<\/div>\n\t\t<\/section>\n\t\t\t\t<section class=\"elementor-section elementor-top-section elementor-element elementor-element-6cb1b61d elementor-section-boxed elementor-section-height-default elementor-section-height-default\" data-id=\"6cb1b61d\" data-element_type=\"section\" data-e-type=\"section\" data-settings=\"{&quot;jet_parallax_layout_list&quot;:[{&quot;jet_parallax_layout_image&quot;:{&quot;url&quot;:&quot;&quot;,&quot;id&quot;:&quot;&quot;,&quot;size&quot;:&quot;&quot;},&quot;_id&quot;:&quot;9fc5953&quot;,&quot;jet_parallax_layout_image_tablet&quot;:{&quot;url&quot;:&quot;&quot;,&quot;id&quot;:&quot;&quot;,&quot;size&quot;:&quot;&quot;},&quot;jet_parallax_layout_image_mobile&quot;:{&quot;url&quot;:&quot;&quot;,&quot;id&quot;:&quot;&quot;,&quot;size&quot;:&quot;&quot;},&quot;jet_parallax_layout_speed&quot;:{&quot;unit&quot;:&quot;%&quot;,&quot;size&quot;:50,&quot;sizes&quot;:[]},&quot;jet_parallax_layout_type&quot;:&quot;scroll&quot;,&quot;jet_parallax_layout_direction&quot;:&quot;1&quot;,&quot;jet_parallax_layout_fx_direction&quot;:null,&quot;jet_parallax_layout_z_index&quot;:&quot;&quot;,&quot;jet_parallax_layout_bg_x&quot;:50,&quot;jet_parallax_layout_bg_x_tablet&quot;:&quot;&quot;,&quot;jet_parallax_layout_bg_x_mobile&quot;:&quot;&quot;,&quot;jet_parallax_layout_bg_y&quot;:50,&quot;jet_parallax_layout_bg_y_tablet&quot;:&quot;&quot;,&quot;jet_parallax_layout_bg_y_mobile&quot;:&quot;&quot;,&quot;jet_parallax_layout_bg_size&quot;:&quot;auto&quot;,&quot;jet_parallax_layout_bg_size_tablet&quot;:&quot;&quot;,&quot;jet_parallax_layout_bg_size_mobile&quot;:&quot;&quot;,&quot;jet_parallax_layout_animation_prop&quot;:&quot;transform&quot;,&quot;jet_parallax_layout_on&quot;:[&quot;desktop&quot;,&quot;tablet&quot;]}]}\">\n\t\t\t\t\t\t<div class=\"elementor-container elementor-column-gap-default\">\n\t\t\t\t\t<div class=\"elementor-column elementor-col-100 elementor-top-column elementor-element elementor-element-8331488\" data-id=\"8331488\" data-element_type=\"column\" data-e-type=\"column\">\n\t\t\t<div class=\"elementor-widget-wrap elementor-element-populated\">\n\t\t\t\t\t\t<div class=\"elementor-element elementor-element-3e3c1c1 elementor-widget elementor-widget-heading\" data-id=\"3e3c1c1\" data-element_type=\"widget\" data-e-type=\"widget\" data-widget_type=\"heading.default\">\n\t\t\t\t<div class=\"elementor-widget-container\">\n\t\t\t\t\t<h1 class=\"elementor-heading-title elementor-size-default\"><strong><span style=\"font-size: x-large\">Doprava do Belgie \/ Bal\u00edk do Belgie<\/span><\/strong><\/h1>\t\t\t\t<\/div>\n\t\t\t\t<\/div>\n\t\t\t\t<div class=\"elementor-element elementor-element-2ec5a979 elementor-widget elementor-widget-text-editor\" data-id=\"2ec5a979\" data-element_type=\"widget\" data-e-type=\"widget\" data-widget_type=\"text-editor.default\">\n\t\t\t\t<div class=\"elementor-widget-container\">\n\t\t\t\t\t\t\t\t\t<p>Pl\u00e1nujete p\u0159epravu do <a href=\"https:\/\/de.wikipedia.org\/wiki\/Belgien\">Belgie<\/a>? R\u00e1di podpo\u0159\u00edme<br \/>a poskytneme v\u00e1m nez\u00e1vaznou cenovou nab\u00eddku na p\u0159epravu do Belgie. V pr\u016fb\u011bhu<br \/>nez\u00e1le\u017e\u00ed na tom, zda chcete poslat jeden bal\u00edk do Belgie.<br \/>nap\u0159. do Bruselu nebo na celou paletu, nap\u0159. do<br \/>Gent nebo Bruggy. P\u0159epravu pl\u00e1nujeme co nejrychleji<br \/>a zaru\u010dit v\u00e1m nejlep\u0161\u00ed kvalitu d\u00edky osobn\u00edmu p\u0159\u00edstupu.<br \/>Z\u00e1kaznick\u00fd servis a bezkonkuren\u010dn\u00ed doba p\u0159epravy.<br \/>M\u00e1te z\u00e1silku ze zahrani\u010d\u00ed a chcete, aby v\u00e1m bylo zbo\u017e\u00ed doru\u010deno.<br \/>doru\u010den do p\u0159\u00edstavu v Antverp\u00e1ch? V\u00edme, \u017ee  <br \/>Zvl\u00e1\u0161tnosti belgick\u00e9ho kontejnerov\u00e9ho termin\u00e1lu v n\u00e1kladn\u00edm p\u0159\u00edstavu.<br \/>Zavolejte specialistovi nebo n\u00e1m napi\u0161te<br \/>n\u00e1m e-mail p\u0159\u00edmo na adresu <a href=\"mailto:info@ausfuhrbegleitdokument.com\">info@ausfuhrbegleitdokument.com<\/a><\/p>\n<h2>P\u0159eprava do Belgie s poji\u0161t\u011bn\u00edm n\u00e1kladu<\/h2>\n<p>I kdy\u017e va\u0161e z\u00e1silka nebo bal\u00edk do Belgie obsahuje<br \/>obzvl\u00e1\u0161t\u011b vysok\u00e9 hodnoty zbo\u017e\u00ed, m\u016f\u017eeme v\u00e1m pomoci. Na\u0161e<br \/>Poji\u0161t\u011bn\u00ed p\u0159epravy kryje hodnotu va\u0161\u00ed z\u00e1silky.<br \/>Poji\u0161t\u011bny jsou tak\u00e9 z\u00e1silky, u nich\u017e hroz\u00ed riziko kr\u00e1de\u017ee,<br \/>jako jsou tab\u00e1kov\u00e9 v\u00fdrobky, po\u010d\u00edta\u010de a drah\u00e9 elektronick\u00e9 zbo\u017e\u00ed.<\/p>\n<h2>P\u0159eprava prost\u0159ednictv\u00edm spedice &#8211; Belgie<\/h2>\n<p>R\u00e1di v\u00e1m zbo\u017e\u00ed z N\u011bmecka do Belgie za\u0161leme.<br \/>dopravu, ale k tomu pot\u0159ebujeme n\u011bjak\u00e9<br \/>Podrobnosti o z\u00e1silce od v\u00e1s. Podr\u017ete je pros\u00edm pro<br \/>p\u0159ipraven p\u0159\u00edkaz k p\u0159eprav\u011b:<\/p>\n<ul>\n<li>Hmotnost z\u00e1silky<\/li>\n<li>Rozm\u011bry balen\u00ed<\/li>\n<li>Typ a po\u010det balen\u00ed<\/li>\n<li>Typ zbo\u017e\u00ed + hodnota zbo\u017e\u00ed<\/li>\n<li>Adresa vyzvednut\u00ed a doru\u010den\u00ed<\/li>\n<li>P\u0159\u00edpadn\u00e9 term\u00edny svozu\/doru\u010den\u00ed<\/li>\n<li>Po\u017eadovan\u00e9 dopl\u0148ky, jako je zvedac\u00ed plo\u0161ina, vysokozdvi\u017en\u00fd voz\u00edk atd.<\/li>\n<\/ul>\n<p>Napi\u0161te n\u00e1m <a href=\"http:\/\/ausfuhrbegleitdokument.com\/kontakt\/\">e-mail<\/a> a my v\u00e1m poskytneme  <br \/>co nejrychleji nez\u00e1vaznou nab\u00eddku.<\/p>\n<\/p>\n<p>Chcete poslat zbo\u017e\u00ed do jin\u00e9 zem\u011b ne\u017e do Belgie?<br \/>V\u0161e o <a href=\"https:\/\/pureprogress-logistics.com\/cs\/preprava-do-svycarska\/\">p\u0159eprav\u011b do \u0160v\u00fdcarska<\/a> si m\u016f\u017eete p\u0159e\u010d\u00edst nap\u0159\u00edklad zde.<\/p>\n\t\t\t\t\t\t\t\t<\/div>\n\t\t\t\t<\/div>\n\t\t\t\t\t<\/div>\n\t\t<\/div>\n\t\t\t\t\t<\/div>\n\t\t<\/section>\n\t\t\t\t<section class=\"elementor-section elementor-top-section elementor-element elementor-element-01769af elementor-section-boxed elementor-section-height-default elementor-section-height-default\" data-id=\"01769af\" data-element_type=\"section\" data-e-type=\"section\" data-settings=\"{&quot;jet_parallax_layout_list&quot;:[{&quot;jet_parallax_layout_image&quot;:{&quot;url&quot;:&quot;&quot;,&quot;id&quot;:&quot;&quot;,&quot;size&quot;:&quot;&quot;},&quot;_id&quot;:&quot;3b5ed0b&quot;,&quot;jet_parallax_layout_image_tablet&quot;:{&quot;url&quot;:&quot;&quot;,&quot;id&quot;:&quot;&quot;,&quot;size&quot;:&quot;&quot;},&quot;jet_parallax_layout_image_mobile&quot;:{&quot;url&quot;:&quot;&quot;,&quot;id&quot;:&quot;&quot;,&quot;size&quot;:&quot;&quot;},&quot;jet_parallax_layout_speed&quot;:{&quot;unit&quot;:&quot;%&quot;,&quot;size&quot;:50,&quot;sizes&quot;:[]},&quot;jet_parallax_layout_type&quot;:&quot;scroll&quot;,&quot;jet_parallax_layout_direction&quot;:&quot;1&quot;,&quot;jet_parallax_layout_fx_direction&quot;:null,&quot;jet_parallax_layout_z_index&quot;:&quot;&quot;,&quot;jet_parallax_layout_bg_x&quot;:50,&quot;jet_parallax_layout_bg_x_tablet&quot;:&quot;&quot;,&quot;jet_parallax_layout_bg_x_mobile&quot;:&quot;&quot;,&quot;jet_parallax_layout_bg_y&quot;:50,&quot;jet_parallax_layout_bg_y_tablet&quot;:&quot;&quot;,&quot;jet_parallax_layout_bg_y_mobile&quot;:&quot;&quot;,&quot;jet_parallax_layout_bg_size&quot;:&quot;auto&quot;,&quot;jet_parallax_layout_bg_size_tablet&quot;:&quot;&quot;,&quot;jet_parallax_layout_bg_size_mobile&quot;:&quot;&quot;,&quot;jet_parallax_layout_animation_prop&quot;:&quot;transform&quot;,&quot;jet_parallax_layout_on&quot;:[&quot;desktop&quot;,&quot;tablet&quot;]}]}\">\n\t\t\t\t\t\t<div class=\"elementor-container elementor-column-gap-default\">\n\t\t\t\t\t<div class=\"elementor-column elementor-col-100 elementor-top-column elementor-element elementor-element-b4f6cf8\" data-id=\"b4f6cf8\" data-element_type=\"column\" data-e-type=\"column\">\n\t\t\t<div class=\"elementor-widget-wrap elementor-element-populated\">\n\t\t\t\t\t\t<div class=\"elementor-element elementor-element-15c9822 elementor-widget elementor-widget-text-editor\" data-id=\"15c9822\" data-element_type=\"widget\" data-e-type=\"widget\" data-widget_type=\"text-editor.default\">\n\t\t\t\t<div class=\"elementor-widget-container\">\n\t\t\t\t\t\t\t\t\t<p><iframe src=\"https:\/\/www.google.com\/maps\/embed?pb=!1m18!1m12!1m3!1d2598981.45517182!2d2.224425000104669!3d50.49569537408744!2m3!1f0!2f0!3f0!3m2!1i1024!2i768!4f13.1!3m3!1m2!1s0x47c17d64edf39797%3A0x47ebf2b439e60ff2!2sBelgien!5e0!3m2!1sde!2sid!4v1576952752310!5m2!1sde!2sid\" width=\"600\" height=\"350\" frameborder=\"0\" style=\"border:0;\" allowfullscreen=\"\"><\/iframe><\/p>\n\t\t\t\t\t\t\t\t<\/div>\n\t\t\t\t<\/div>\n\t\t\t\t\t<\/div>\n\t\t<\/div>\n\t\t\t\t\t<\/div>\n\t\t<\/section>\n\t\t\t\t<\/div>\n\t\t","protected":false},"excerpt":{"rendered":"<p>Doprava do Belgie \/ Bal\u00edk do Belgie Pl\u00e1nujete p\u0159epravu do Belgie? R\u00e1di podpo\u0159\u00edmea poskytneme v\u00e1m nez\u00e1vaznou cenovou nab\u00eddku na p\u0159epravu do Belgie. V pr\u016fb\u011bhunez\u00e1le\u017e\u00ed na tom, zda chcete poslat jeden bal\u00edk do Belgie.nap\u0159. do Bruselu nebo na celou paletu, nap\u0159. doGent nebo Bruggy. P\u0159epravu pl\u00e1nujeme co nejrychlejia zaru\u010dit v\u00e1m nejlep\u0161\u00ed kvalitu d\u00edky osobn\u00edmu p\u0159\u00edstupu.Z\u00e1kaznick\u00fd servis [&hellip;]<\/p>\n","protected":false},"author":1,"featured_media":0,"parent":0,"menu_order":0,"comment_status":"closed","ping_status":"closed","template":"","meta":{"_monsterinsights_skip_tracking":false,"_monsterinsights_sitenote_active":false,"_monsterinsights_sitenote_note":"","_monsterinsights_sitenote_category":0,"footnotes":""},"class_list":["post-31945","page","type-page","status-publish","hentry"],"yoast_head":"<!-- This site is optimized with the Yoast SEO plugin v27.2 - https:\/\/yoast.com\/product\/yoast-seo-wordpress\/ -->\n<title>Doprava do Belgie \/ Bal\u00edk do Belgie - Spedition Belgium<\/title>\n<meta name=\"description\" content=\"Hled\u00e1te p\u0159epravu z N\u011bmecka do Belgie? Vy\u017e\u00e1dejte si nyn\u00ed nab\u00eddku od specialisty. Doprava do Belgie a expresn\u00ed doru\u010dov\u00e1n\u00ed bal\u00edk\u016f.\" \/>\n<meta name=\"robots\" content=\"index, follow, max-snippet:-1, max-image-preview:large, max-video-preview:-1\" \/>\n<link rel=\"canonical\" href=\"https:\/\/pureprogress-logistics.com\/cs\/doprava-do-belgie-balik-do-belgie\/\" \/>\n<meta property=\"og:locale\" content=\"cs_CZ\" \/>\n<meta property=\"og:type\" content=\"article\" \/>\n<meta property=\"og:title\" content=\"Doprava do Belgie \/ Bal\u00edk do Belgie - Spedition Belgium\" \/>\n<meta property=\"og:description\" content=\"Hled\u00e1te p\u0159epravu z N\u011bmecka do Belgie? Vy\u017e\u00e1dejte si nyn\u00ed nab\u00eddku od specialisty. Doprava do Belgie a expresn\u00ed doru\u010dov\u00e1n\u00ed bal\u00edk\u016f.\" \/>\n<meta property=\"og:url\" content=\"https:\/\/pureprogress-logistics.com\/cs\/doprava-do-belgie-balik-do-belgie\/\" \/>\n<meta property=\"og:site_name\" content=\"Spedi\u010dn\u00ed a celn\u00ed agentura | PUREPROGRESS\" \/>\n<meta property=\"article:modified_time\" content=\"2024-06-06T06:07:42+00:00\" \/>\n<meta property=\"og:image\" content=\"https:\/\/pureprogress-logistics.com\/wp-content\/uploads\/2019\/12\/versand-nach-belgien-symbolbild-lkw.jpg\" \/>\n<meta name=\"twitter:card\" content=\"summary_large_image\" \/>\n<meta name=\"twitter:label1\" content=\"Odhadovan\u00e1 doba \u010dten\u00ed\" \/>\n\t<meta name=\"twitter:data1\" content=\"2 minuty\" \/>\n<script type=\"application\/ld+json\" class=\"yoast-schema-graph\">{\"@context\":\"https:\/\/schema.org\",\"@graph\":[{\"@type\":\"WebPage\",\"@id\":\"https:\/\/pureprogress-logistics.com\/cs\/doprava-do-belgie-balik-do-belgie\/\",\"url\":\"https:\/\/pureprogress-logistics.com\/cs\/doprava-do-belgie-balik-do-belgie\/\",\"name\":\"Doprava do Belgie \/ Bal\u00edk do Belgie - Spedition Belgium\",\"isPartOf\":{\"@id\":\"https:\/\/pureprogress-logistics.com\/#website\"},\"primaryImageOfPage\":{\"@id\":\"https:\/\/pureprogress-logistics.com\/cs\/doprava-do-belgie-balik-do-belgie\/#primaryimage\"},\"image\":{\"@id\":\"https:\/\/pureprogress-logistics.com\/cs\/doprava-do-belgie-balik-do-belgie\/#primaryimage\"},\"thumbnailUrl\":\"https:\/\/pureprogress-logistics.com\/wp-content\/uploads\/2019\/12\/versand-nach-belgien-symbolbild-lkw.jpg\",\"datePublished\":\"2019-12-18T16:34:53+00:00\",\"dateModified\":\"2024-06-06T06:07:42+00:00\",\"description\":\"Hled\u00e1te p\u0159epravu z N\u011bmecka do Belgie? Vy\u017e\u00e1dejte si nyn\u00ed nab\u00eddku od specialisty. Doprava do Belgie a expresn\u00ed doru\u010dov\u00e1n\u00ed bal\u00edk\u016f.\",\"breadcrumb\":{\"@id\":\"https:\/\/pureprogress-logistics.com\/cs\/doprava-do-belgie-balik-do-belgie\/#breadcrumb\"},\"inLanguage\":\"cs\",\"potentialAction\":[{\"@type\":\"ReadAction\",\"target\":[\"https:\/\/pureprogress-logistics.com\/cs\/doprava-do-belgie-balik-do-belgie\/\"]}]},{\"@type\":\"ImageObject\",\"inLanguage\":\"cs\",\"@id\":\"https:\/\/pureprogress-logistics.com\/cs\/doprava-do-belgie-balik-do-belgie\/#primaryimage\",\"url\":\"https:\/\/pureprogress-logistics.com\/wp-content\/uploads\/2019\/12\/versand-nach-belgien-symbolbild-lkw.jpg\",\"contentUrl\":\"https:\/\/pureprogress-logistics.com\/wp-content\/uploads\/2019\/12\/versand-nach-belgien-symbolbild-lkw.jpg\"},{\"@type\":\"BreadcrumbList\",\"@id\":\"https:\/\/pureprogress-logistics.com\/cs\/doprava-do-belgie-balik-do-belgie\/#breadcrumb\",\"itemListElement\":[{\"@type\":\"ListItem\",\"position\":1,\"name\":\"Startseite\",\"item\":\"https:\/\/pureprogress-logistics.com\/\"},{\"@type\":\"ListItem\",\"position\":2,\"name\":\"Doprava do Belgie \/ Bal\u00edk do Belgie\"}]},{\"@type\":\"WebSite\",\"@id\":\"https:\/\/pureprogress-logistics.com\/#website\",\"url\":\"https:\/\/pureprogress-logistics.com\/\",\"name\":\"Ausfuhrbegleitdokument.com - MRN \/ ABD Erstellung\",\"description\":\"\",\"publisher\":{\"@id\":\"https:\/\/pureprogress-logistics.com\/#organization\"},\"potentialAction\":[{\"@type\":\"SearchAction\",\"target\":{\"@type\":\"EntryPoint\",\"urlTemplate\":\"https:\/\/pureprogress-logistics.com\/?s={search_term_string}\"},\"query-input\":{\"@type\":\"PropertyValueSpecification\",\"valueRequired\":true,\"valueName\":\"search_term_string\"}}],\"inLanguage\":\"cs\"},{\"@type\":\"Organization\",\"@id\":\"https:\/\/pureprogress-logistics.com\/#organization\",\"name\":\"PUREPROGRESS GmbH\",\"url\":\"https:\/\/pureprogress-logistics.com\/\",\"logo\":{\"@type\":\"ImageObject\",\"inLanguage\":\"cs\",\"@id\":\"https:\/\/pureprogress-logistics.com\/#\/schema\/logo\/image\/\",\"url\":\"https:\/\/ausfuhrbegleitdokument.com\/wp-content\/uploads\/2019\/10\/preloader-image.png\",\"contentUrl\":\"https:\/\/ausfuhrbegleitdokument.com\/wp-content\/uploads\/2019\/10\/preloader-image.png\",\"width\":224,\"height\":31,\"caption\":\"PUREPROGRESS GmbH\"},\"image\":{\"@id\":\"https:\/\/pureprogress-logistics.com\/#\/schema\/logo\/image\/\"}}]}<\/script>\n<!-- \/ Yoast SEO plugin. -->","yoast_head_json":{"title":"Doprava do Belgie \/ Bal\u00edk do Belgie - Spedition Belgium","description":"Hled\u00e1te p\u0159epravu z N\u011bmecka do Belgie? Vy\u017e\u00e1dejte si nyn\u00ed nab\u00eddku od specialisty. Doprava do Belgie a expresn\u00ed doru\u010dov\u00e1n\u00ed bal\u00edk\u016f.","robots":{"index":"index","follow":"follow","max-snippet":"max-snippet:-1","max-image-preview":"max-image-preview:large","max-video-preview":"max-video-preview:-1"},"canonical":"https:\/\/pureprogress-logistics.com\/cs\/doprava-do-belgie-balik-do-belgie\/","og_locale":"cs_CZ","og_type":"article","og_title":"Doprava do Belgie \/ Bal\u00edk do Belgie - Spedition Belgium","og_description":"Hled\u00e1te p\u0159epravu z N\u011bmecka do Belgie? Vy\u017e\u00e1dejte si nyn\u00ed nab\u00eddku od specialisty. Doprava do Belgie a expresn\u00ed doru\u010dov\u00e1n\u00ed bal\u00edk\u016f.","og_url":"https:\/\/pureprogress-logistics.com\/cs\/doprava-do-belgie-balik-do-belgie\/","og_site_name":"Spedi\u010dn\u00ed a celn\u00ed agentura | PUREPROGRESS","article_modified_time":"2024-06-06T06:07:42+00:00","og_image":[{"url":"https:\/\/pureprogress-logistics.com\/wp-content\/uploads\/2019\/12\/versand-nach-belgien-symbolbild-lkw.jpg","type":"","width":"","height":""}],"twitter_card":"summary_large_image","twitter_misc":{"Odhadovan\u00e1 doba \u010dten\u00ed":"2 minuty"},"schema":{"@context":"https:\/\/schema.org","@graph":[{"@type":"WebPage","@id":"https:\/\/pureprogress-logistics.com\/cs\/doprava-do-belgie-balik-do-belgie\/","url":"https:\/\/pureprogress-logistics.com\/cs\/doprava-do-belgie-balik-do-belgie\/","name":"Doprava do Belgie \/ Bal\u00edk do Belgie - Spedition Belgium","isPartOf":{"@id":"https:\/\/pureprogress-logistics.com\/#website"},"primaryImageOfPage":{"@id":"https:\/\/pureprogress-logistics.com\/cs\/doprava-do-belgie-balik-do-belgie\/#primaryimage"},"image":{"@id":"https:\/\/pureprogress-logistics.com\/cs\/doprava-do-belgie-balik-do-belgie\/#primaryimage"},"thumbnailUrl":"https:\/\/pureprogress-logistics.com\/wp-content\/uploads\/2019\/12\/versand-nach-belgien-symbolbild-lkw.jpg","datePublished":"2019-12-18T16:34:53+00:00","dateModified":"2024-06-06T06:07:42+00:00","description":"Hled\u00e1te p\u0159epravu z N\u011bmecka do Belgie? Vy\u017e\u00e1dejte si nyn\u00ed nab\u00eddku od specialisty. Doprava do Belgie a expresn\u00ed doru\u010dov\u00e1n\u00ed bal\u00edk\u016f.","breadcrumb":{"@id":"https:\/\/pureprogress-logistics.com\/cs\/doprava-do-belgie-balik-do-belgie\/#breadcrumb"},"inLanguage":"cs","potentialAction":[{"@type":"ReadAction","target":["https:\/\/pureprogress-logistics.com\/cs\/doprava-do-belgie-balik-do-belgie\/"]}]},{"@type":"ImageObject","inLanguage":"cs","@id":"https:\/\/pureprogress-logistics.com\/cs\/doprava-do-belgie-balik-do-belgie\/#primaryimage","url":"https:\/\/pureprogress-logistics.com\/wp-content\/uploads\/2019\/12\/versand-nach-belgien-symbolbild-lkw.jpg","contentUrl":"https:\/\/pureprogress-logistics.com\/wp-content\/uploads\/2019\/12\/versand-nach-belgien-symbolbild-lkw.jpg"},{"@type":"BreadcrumbList","@id":"https:\/\/pureprogress-logistics.com\/cs\/doprava-do-belgie-balik-do-belgie\/#breadcrumb","itemListElement":[{"@type":"ListItem","position":1,"name":"Startseite","item":"https:\/\/pureprogress-logistics.com\/"},{"@type":"ListItem","position":2,"name":"Doprava do Belgie \/ Bal\u00edk do Belgie"}]},{"@type":"WebSite","@id":"https:\/\/pureprogress-logistics.com\/#website","url":"https:\/\/pureprogress-logistics.com\/","name":"Ausfuhrbegleitdokument.com - MRN \/ ABD Erstellung","description":"","publisher":{"@id":"https:\/\/pureprogress-logistics.com\/#organization"},"potentialAction":[{"@type":"SearchAction","target":{"@type":"EntryPoint","urlTemplate":"https:\/\/pureprogress-logistics.com\/?s={search_term_string}"},"query-input":{"@type":"PropertyValueSpecification","valueRequired":true,"valueName":"search_term_string"}}],"inLanguage":"cs"},{"@type":"Organization","@id":"https:\/\/pureprogress-logistics.com\/#organization","name":"PUREPROGRESS GmbH","url":"https:\/\/pureprogress-logistics.com\/","logo":{"@type":"ImageObject","inLanguage":"cs","@id":"https:\/\/pureprogress-logistics.com\/#\/schema\/logo\/image\/","url":"https:\/\/ausfuhrbegleitdokument.com\/wp-content\/uploads\/2019\/10\/preloader-image.png","contentUrl":"https:\/\/ausfuhrbegleitdokument.com\/wp-content\/uploads\/2019\/10\/preloader-image.png","width":224,"height":31,"caption":"PUREPROGRESS GmbH"},"image":{"@id":"https:\/\/pureprogress-logistics.com\/#\/schema\/logo\/image\/"}}]}},"_links":{"self":[{"href":"https:\/\/pureprogress-logistics.com\/cs\/wp-json\/wp\/v2\/pages\/31945","targetHints":{"allow":["GET"]}}],"collection":[{"href":"https:\/\/pureprogress-logistics.com\/cs\/wp-json\/wp\/v2\/pages"}],"about":[{"href":"https:\/\/pureprogress-logistics.com\/cs\/wp-json\/wp\/v2\/types\/page"}],"author":[{"embeddable":true,"href":"https:\/\/pureprogress-logistics.com\/cs\/wp-json\/wp\/v2\/users\/1"}],"replies":[{"embeddable":true,"href":"https:\/\/pureprogress-logistics.com\/cs\/wp-json\/wp\/v2\/comments?post=31945"}],"version-history":[{"count":0,"href":"https:\/\/pureprogress-logistics.com\/cs\/wp-json\/wp\/v2\/pages\/31945\/revisions"}],"wp:attachment":[{"href":"https:\/\/pureprogress-logistics.com\/cs\/wp-json\/wp\/v2\/media?parent=31945"}],"curies":[{"name":"wp","href":"https:\/\/api.w.org\/{rel}","templated":true}]}}